{"id":15338,"date":"2018-11-09T10:12:46","date_gmt":"2018-11-09T16:12:46","guid":{"rendered":"https:\/\/accesolatino.org\/?page_id=15338"},"modified":"2025-10-16T09:51:24","modified_gmt":"2025-10-16T15:51:24","slug":"consejos-para-el-cuidado-y-desarrollo-de-tu-bebe","status":"publish","type":"page","link":"https:\/\/accesolatino.org\/en\/salud\/consejos-para-el-cuidado-y-desarrollo-de-tu-bebe\/","title":{"rendered":"Consejos para el cuidado y desarrollo de tu beb\u00e9"},"content":{"rendered":"<div data-elementor-type=\"wp-post\" data-elementor-id=\"15338\" class=\"elementor elementor-15338\">\n\t\t\t\t\t\t<section class=\"elementor-section elementor-top-section elementor-element elementor-element-eb29158 elementor-section-full_width elementor-section-height-min-height elementor-section-items-stretch elementor-section-height-default wpr-particle-no wpr-jarallax-no wpr-parallax-no wpr-sticky-section-no wpr-equal-height-no\" data-id=\"eb29158\" data-element_type=\"section\" data-e-type=\"section\" data-settings=\"{&quot;background_background&quot;:&quot;classic&quot;}\">\n\t\t\t\t\t\t<div class=\"elementor-container elementor-column-gap-no\">\n\t\t\t\t\t<div class=\"elementor-column elementor-col-100 elementor-top-column elementor-element elementor-element-f23f746\" data-id=\"f23f746\" data-element_type=\"column\" data-e-type=\"column\">\n\t\t\t<div class=\"elementor-widget-wrap elementor-element-populated\">\n\t\t\t\t\t\t<div class=\"elementor-element elementor-element-e87079e elementor--h-position-center elementor--v-position-middle elementor-widget elementor-widget-slides\" data-id=\"e87079e\" data-element_type=\"widget\" data-e-type=\"widget\" data-settings=\"{&quot;navigation&quot;:&quot;none&quot;,&quot;infinite&quot;:&quot;yes&quot;,&quot;transition&quot;:&quot;slide&quot;,&quot;transition_speed&quot;:500}\" data-widget_type=\"slides.default\">\n\t\t\t\t<div class=\"elementor-widget-container\">\n\t\t\t\t\t\t\t<div class=\"elementor-swiper\">\n\t\t\t<div class=\"elementor-slides-wrapper elementor-main-swiper swiper-container\" dir=\"ltr\" data-animation=\"\">\n\t\t\t\t<div class=\"swiper-wrapper elementor-slides\">\n\t\t\t\t\t\t\t\t\t\t<div class=\"elementor-repeater-item-d983a28 swiper-slide\"><div class=\"swiper-slide-bg\"><\/div><div class=\"swiper-slide-inner\" ><div class=\"swiper-slide-contents\"><div class=\"elementor-slide-heading\">Health<\/div><\/div><\/div><\/div>\t\t\t\t<\/div>\n\t\t\t\t\t\t\t<\/div>\n\t\t<\/div>\n\t\t\t\t\t\t<\/div>\n\t\t\t\t<\/div>\n\t\t\t\t\t<\/div>\n\t\t<\/div>\n\t\t\t\t\t<\/div>\n\t\t<\/section>\n\t\t\t\t<section class=\"elementor-section elementor-top-section elementor-element elementor-element-bd8b7ab elementor-section-stretched elementor-section-boxed elementor-section-height-default elementor-section-height-default wpr-particle-no wpr-jarallax-no wpr-parallax-no wpr-sticky-section-no wpr-equal-height-no\" data-id=\"bd8b7ab\" data-element_type=\"section\" data-e-type=\"section\" data-settings=\"{&quot;stretch_section&quot;:&quot;section-stretched&quot;,&quot;background_background&quot;:&quot;classic&quot;}\">\n\t\t\t\t\t\t<div class=\"elementor-container elementor-column-gap-default\">\n\t\t\t\t\t<div class=\"elementor-column elementor-col-100 elementor-top-column elementor-element elementor-element-ac4b9d4\" data-id=\"ac4b9d4\" data-element_type=\"column\" data-e-type=\"column\">\n\t\t\t<div class=\"elementor-widget-wrap elementor-element-populated\">\n\t\t\t\t\t\t<div class=\"elementor-element elementor-element-ccee17b elementor-widget elementor-widget-heading\" data-id=\"ccee17b\" data-element_type=\"widget\" data-e-type=\"widget\" data-widget_type=\"heading.default\">\n\t\t\t\t<div class=\"elementor-widget-container\">\n\t\t\t\t\t<h3 class=\"elementor-heading-title elementor-size-default\">Receive tips for your baby's care and development<\/h3>\t\t\t\t<\/div>\n\t\t\t\t<\/div>\n\t\t\t\t<div class=\"elementor-element elementor-element-2715808 elementor-widget elementor-widget-text-editor\" data-id=\"2715808\" data-element_type=\"widget\" data-e-type=\"widget\" data-widget_type=\"text-editor.default\">\n\t\t\t\t<div class=\"elementor-widget-container\">\n\t\t\t\t\t\t\t\t\t<p>Fundaci\u00f3n Carlos Slim desarroll\u00f3 un programa dirigido a padres de familia que deseen fortalecer sus competencias como adultos responsables de la crianza y educaci\u00f3n de sus hijos a trav\u00e9s de orientaci\u00f3n, capacitaci\u00f3n y acompa\u00f1amiento. Esta informaci\u00f3n la encontrar\u00e1s en nuestra tarjeta de <a href=\"http:\/\/educacioninicial.mx\/guia-practica-para-el-desarrollo-de-tu-hijo-al\/\"><strong>\u201cEducaci\u00f3n inicial\u201d<\/strong><\/a> que se encuentra en la secci\u00f3n de <a href=\"https:\/\/accesolatino.org\/en\/salud\/\"><strong>\u201cSalud\u201d<\/strong><\/a>.<\/p><p>En herramienta encontrar\u00e1s una gu\u00eda pr\u00e1ctica para el desarrollo de tu beb\u00e9, donde encontrar\u00e1s informaci\u00f3n y consejos en los temas de salud, nutrici\u00f3n, dentici\u00f3n, masajes, primeros auxilios, higiene, v\u00ednculo afectivo; as\u00ed como una serie de actividades f\u00e1ciles de realizar, que te permitir\u00e1n estimularlo y darle seguimiento integral a su desarrollo.<\/p>\t\t\t\t\t\t\t\t<\/div>\n\t\t\t\t<\/div>\n\t\t\t\t<div class=\"elementor-element elementor-element-ee78e00 elementor-widget elementor-widget-spacer\" data-id=\"ee78e00\" data-element_type=\"widget\" data-e-type=\"widget\" data-widget_type=\"spacer.default\">\n\t\t\t\t<div class=\"elementor-widget-container\">\n\t\t\t\t\t\t\t<div class=\"elementor-spacer\">\n\t\t\t<div class=\"elementor-spacer-inner\"><\/div>\n\t\t<\/div>\n\t\t\t\t\t\t<\/div>\n\t\t\t\t<\/div>\n\t\t\t\t\t<\/div>\n\t\t<\/div>\n\t\t\t\t\t<\/div>\n\t\t<\/section>\n\t\t\t\t<\/div>","protected":false},"excerpt":{"rendered":"<p>Salud Recibe consejos para el cuidado y desarrollo de tu beb\u00e9 Fundaci\u00f3n Carlos Slim desarroll\u00f3 un programa dirigido a padres de familia que deseen fortalecer sus competencias como adultos responsables de la crianza y educaci\u00f3n de sus hijos a trav\u00e9s de orientaci\u00f3n, capacitaci\u00f3n y acompa\u00f1amiento. Esta informaci\u00f3n la encontrar\u00e1s en nuestra tarjeta de \u201cEducaci\u00f3n inicial\u201d que se encuentra en la secci\u00f3n de \u201cSalud\u201d. En herramienta encontrar\u00e1s una gu\u00eda pr\u00e1ctica para el desarrollo de tu beb\u00e9, donde encontrar\u00e1s informaci\u00f3n y consejos en los temas de salud, nutrici\u00f3n, dentici\u00f3n, masajes, primeros auxilios, higiene, v\u00ednculo afectivo; as\u00ed como una serie de actividades f\u00e1ciles de realizar, que te permitir\u00e1n estimularlo y darle seguimiento integral a su desarrollo.<\/p>","protected":false},"author":4,"featured_media":15339,"parent":4668,"menu_order":0,"comment_status":"closed","ping_status":"closed","template":"elementor_header_footer","meta":{"_uf_show_specific_survey":0,"_uf_disable_surveys":false,"footnotes":""},"class_list":["post-15338","page","type-page","status-publish","has-post-thumbnail"],"aioseo_notices":[],"yoast_head":"<!-- This site is optimized with the Yoast SEO plugin v27.4 - https:\/\/yoast.com\/product\/yoast-seo-wordpress\/ -->\n<title>Recibe consejos para el cuidado y desarrollo de tu beb\u00e9<\/title>\n<meta name=\"description\" content=\"Conoce tus derechos y lo que Estados Unidos tiene para ofrecer a los migrantes en materia de Salud - Acceso Latino\" \/>\n<meta name=\"robots\" content=\"index, follow, max-snippet:-1, max-image-preview:large, max-video-preview:-1\" \/>\n<link rel=\"canonical\" href=\"https:\/\/accesolatino.org\/en\/salud\/consejos-para-el-cuidado-y-desarrollo-de-tu-bebe\/\" \/>\n<meta property=\"og:locale\" content=\"en_US\" \/>\n<meta property=\"og:type\" content=\"article\" \/>\n<meta property=\"og:title\" content=\"Acceso Latino | Consejos para el cuidado y desarrollo de tu beb\u00e9\" \/>\n<meta property=\"og:description\" content=\"Conoce todo lo que Estados Unidos tiene para ofrecer a los migrantes en materia de Salud\" \/>\n<meta property=\"og:url\" content=\"https:\/\/accesolatino.org\/en\/salud\/consejos-para-el-cuidado-y-desarrollo-de-tu-bebe\/\" \/>\n<meta property=\"og:site_name\" content=\"Acceso Latino\" \/>\n<meta property=\"article:publisher\" content=\"https:\/\/www.facebook.com\/AccesoLatinoOrg\" \/>\n<meta property=\"article:modified_time\" content=\"2025-10-16T15:51:24+00:00\" \/>\n<meta property=\"og:image\" content=\"https:\/\/accesolatino.org\/wp-content\/uploads\/2018\/11\/Recibe-consejos-para-el-cuidado-y-desarrollo-de-tu-bebe.jpg\" \/>\n\t<meta property=\"og:image:width\" content=\"600\" \/>\n\t<meta property=\"og:image:height\" content=\"338\" \/>\n\t<meta property=\"og:image:type\" content=\"image\/jpeg\" \/>\n<meta name=\"twitter:card\" content=\"summary_large_image\" \/>\n<meta name=\"twitter:title\" content=\"Acceso Latino | Consejos para el cuidado y desarrollo de tu beb\u00e9\" \/>\n<meta name=\"twitter:description\" content=\"Conoce todo lo que Estados Unidos tiene para ofrecer a los migrantes en materia de Salud\" \/>\n<meta name=\"twitter:image\" content=\"https:\/\/accesolatino.org\/wp-content\/uploads\/2018\/11\/Recibe-consejos-para-el-cuidado-y-desarrollo-de-tu-bebe.jpg\" \/>\n<meta name=\"twitter:site\" content=\"@FAccLatino\" \/>\n<meta name=\"twitter:label1\" content=\"Est. reading time\" \/>\n\t<meta name=\"twitter:data1\" content=\"1 minute\" \/>\n<script type=\"application\/ld+json\" class=\"yoast-schema-graph\">{\"@context\":\"https:\\\/\\\/schema.org\",\"@graph\":[{\"@type\":\"WebPage\",\"@id\":\"https:\\\/\\\/accesolatino.org\\\/salud\\\/consejos-para-el-cuidado-y-desarrollo-de-tu-bebe\\\/\",\"url\":\"https:\\\/\\\/accesolatino.org\\\/salud\\\/consejos-para-el-cuidado-y-desarrollo-de-tu-bebe\\\/\",\"name\":\"Recibe consejos para el cuidado y desarrollo de tu beb\u00e9\",\"isPartOf\":{\"@id\":\"https:\\\/\\\/accesolatino.org\\\/#website\"},\"primaryImageOfPage\":{\"@id\":\"https:\\\/\\\/accesolatino.org\\\/salud\\\/consejos-para-el-cuidado-y-desarrollo-de-tu-bebe\\\/#primaryimage\"},\"image\":{\"@id\":\"https:\\\/\\\/accesolatino.org\\\/salud\\\/consejos-para-el-cuidado-y-desarrollo-de-tu-bebe\\\/#primaryimage\"},\"thumbnailUrl\":\"https:\\\/\\\/accesolatino.org\\\/wp-content\\\/uploads\\\/2018\\\/11\\\/Recibe-consejos-para-el-cuidado-y-desarrollo-de-tu-bebe.jpg\",\"datePublished\":\"2018-11-09T16:12:46+00:00\",\"dateModified\":\"2025-10-16T15:51:24+00:00\",\"description\":\"Conoce tus derechos y lo que Estados Unidos tiene para ofrecer a los migrantes en materia de Salud - Acceso Latino\",\"breadcrumb\":{\"@id\":\"https:\\\/\\\/accesolatino.org\\\/salud\\\/consejos-para-el-cuidado-y-desarrollo-de-tu-bebe\\\/#breadcrumb\"},\"inLanguage\":\"en-US\",\"potentialAction\":[{\"@type\":\"ReadAction\",\"target\":[\"https:\\\/\\\/accesolatino.org\\\/salud\\\/consejos-para-el-cuidado-y-desarrollo-de-tu-bebe\\\/\"]}]},{\"@type\":\"ImageObject\",\"inLanguage\":\"en-US\",\"@id\":\"https:\\\/\\\/accesolatino.org\\\/salud\\\/consejos-para-el-cuidado-y-desarrollo-de-tu-bebe\\\/#primaryimage\",\"url\":\"https:\\\/\\\/accesolatino.org\\\/wp-content\\\/uploads\\\/2018\\\/11\\\/Recibe-consejos-para-el-cuidado-y-desarrollo-de-tu-bebe.jpg\",\"contentUrl\":\"https:\\\/\\\/accesolatino.org\\\/wp-content\\\/uploads\\\/2018\\\/11\\\/Recibe-consejos-para-el-cuidado-y-desarrollo-de-tu-bebe.jpg\",\"width\":600,\"height\":338,\"caption\":\"padres de familia\"},{\"@type\":\"BreadcrumbList\",\"@id\":\"https:\\\/\\\/accesolatino.org\\\/salud\\\/consejos-para-el-cuidado-y-desarrollo-de-tu-bebe\\\/#breadcrumb\",\"itemListElement\":[{\"@type\":\"ListItem\",\"position\":1,\"name\":\"Portada\",\"item\":\"https:\\\/\\\/accesolatino.org\\\/\"},{\"@type\":\"ListItem\",\"position\":2,\"name\":\"Salud\",\"item\":\"https:\\\/\\\/accesolatino.org\\\/salud\\\/\"},{\"@type\":\"ListItem\",\"position\":3,\"name\":\"Consejos para el cuidado y desarrollo de tu beb\u00e9\"}]},{\"@type\":\"WebSite\",\"@id\":\"https:\\\/\\\/accesolatino.org\\\/#website\",\"url\":\"https:\\\/\\\/accesolatino.org\\\/\",\"name\":\"Acceso Latino | Fundaci\u00f3n Carlos Slim\",\"description\":\"Fundaci\u00f3n Carlos Slim\",\"publisher\":{\"@id\":\"https:\\\/\\\/accesolatino.org\\\/#organization\"},\"potentialAction\":[{\"@type\":\"SearchAction\",\"target\":{\"@type\":\"EntryPoint\",\"urlTemplate\":\"https:\\\/\\\/accesolatino.org\\\/?s={search_term_string}\"},\"query-input\":{\"@type\":\"PropertyValueSpecification\",\"valueRequired\":true,\"valueName\":\"search_term_string\"}}],\"inLanguage\":\"en-US\"},{\"@type\":\"Organization\",\"@id\":\"https:\\\/\\\/accesolatino.org\\\/#organization\",\"name\":\"Acceso Latino | Fundaci\u00f3n Carlos Slim\",\"url\":\"https:\\\/\\\/accesolatino.org\\\/\",\"logo\":{\"@type\":\"ImageObject\",\"inLanguage\":\"en-US\",\"@id\":\"https:\\\/\\\/accesolatino.org\\\/#\\\/schema\\\/logo\\\/image\\\/\",\"url\":\"https:\\\/\\\/accesolatino.org\\\/wp-content\\\/uploads\\\/2021\\\/02\\\/logo-footer-acceso-latino.png\",\"contentUrl\":\"https:\\\/\\\/accesolatino.org\\\/wp-content\\\/uploads\\\/2021\\\/02\\\/logo-footer-acceso-latino.png\",\"width\":240,\"height\":40,\"caption\":\"Acceso Latino | Fundaci\u00f3n Carlos Slim\"},\"image\":{\"@id\":\"https:\\\/\\\/accesolatino.org\\\/#\\\/schema\\\/logo\\\/image\\\/\"},\"sameAs\":[\"https:\\\/\\\/www.facebook.com\\\/AccesoLatinoOrg\",\"https:\\\/\\\/x.com\\\/FAccLatino\"]}]}<\/script>\n<!-- \/ Yoast SEO plugin. -->","yoast_head_json":{"title":"Receive tips for your baby's care and development","description":"Conoce tus derechos y lo que Estados Unidos tiene para ofrecer a los migrantes en materia de Salud - Acceso Latino","robots":{"index":"index","follow":"follow","max-snippet":"max-snippet:-1","max-image-preview":"max-image-preview:large","max-video-preview":"max-video-preview:-1"},"canonical":"https:\/\/accesolatino.org\/en\/salud\/consejos-para-el-cuidado-y-desarrollo-de-tu-bebe\/","og_locale":"en_US","og_type":"article","og_title":"Acceso Latino | Consejos para el cuidado y desarrollo de tu beb\u00e9","og_description":"Conoce todo lo que Estados Unidos tiene para ofrecer a los migrantes en materia de Salud","og_url":"https:\/\/accesolatino.org\/en\/salud\/consejos-para-el-cuidado-y-desarrollo-de-tu-bebe\/","og_site_name":"Acceso Latino","article_publisher":"https:\/\/www.facebook.com\/AccesoLatinoOrg","article_modified_time":"2025-10-16T15:51:24+00:00","og_image":[{"width":600,"height":338,"url":"https:\/\/accesolatino.org\/wp-content\/uploads\/2018\/11\/Recibe-consejos-para-el-cuidado-y-desarrollo-de-tu-bebe.jpg","type":"image\/jpeg"}],"twitter_card":"summary_large_image","twitter_title":"Acceso Latino | Consejos para el cuidado y desarrollo de tu beb\u00e9","twitter_description":"Conoce todo lo que Estados Unidos tiene para ofrecer a los migrantes en materia de Salud","twitter_image":"https:\/\/accesolatino.org\/wp-content\/uploads\/2018\/11\/Recibe-consejos-para-el-cuidado-y-desarrollo-de-tu-bebe.jpg","twitter_site":"@FAccLatino","twitter_misc":{"Est. reading time":"1 minute"},"schema":{"@context":"https:\/\/schema.org","@graph":[{"@type":"WebPage","@id":"https:\/\/accesolatino.org\/salud\/consejos-para-el-cuidado-y-desarrollo-de-tu-bebe\/","url":"https:\/\/accesolatino.org\/salud\/consejos-para-el-cuidado-y-desarrollo-de-tu-bebe\/","name":"Receive tips for your baby's care and development","isPartOf":{"@id":"https:\/\/accesolatino.org\/#website"},"primaryImageOfPage":{"@id":"https:\/\/accesolatino.org\/salud\/consejos-para-el-cuidado-y-desarrollo-de-tu-bebe\/#primaryimage"},"image":{"@id":"https:\/\/accesolatino.org\/salud\/consejos-para-el-cuidado-y-desarrollo-de-tu-bebe\/#primaryimage"},"thumbnailUrl":"https:\/\/accesolatino.org\/wp-content\/uploads\/2018\/11\/Recibe-consejos-para-el-cuidado-y-desarrollo-de-tu-bebe.jpg","datePublished":"2018-11-09T16:12:46+00:00","dateModified":"2025-10-16T15:51:24+00:00","description":"Conoce tus derechos y lo que Estados Unidos tiene para ofrecer a los migrantes en materia de Salud - Acceso Latino","breadcrumb":{"@id":"https:\/\/accesolatino.org\/salud\/consejos-para-el-cuidado-y-desarrollo-de-tu-bebe\/#breadcrumb"},"inLanguage":"en-US","potentialAction":[{"@type":"ReadAction","target":["https:\/\/accesolatino.org\/salud\/consejos-para-el-cuidado-y-desarrollo-de-tu-bebe\/"]}]},{"@type":"ImageObject","inLanguage":"en-US","@id":"https:\/\/accesolatino.org\/salud\/consejos-para-el-cuidado-y-desarrollo-de-tu-bebe\/#primaryimage","url":"https:\/\/accesolatino.org\/wp-content\/uploads\/2018\/11\/Recibe-consejos-para-el-cuidado-y-desarrollo-de-tu-bebe.jpg","contentUrl":"https:\/\/accesolatino.org\/wp-content\/uploads\/2018\/11\/Recibe-consejos-para-el-cuidado-y-desarrollo-de-tu-bebe.jpg","width":600,"height":338,"caption":"padres de familia"},{"@type":"BreadcrumbList","@id":"https:\/\/accesolatino.org\/salud\/consejos-para-el-cuidado-y-desarrollo-de-tu-bebe\/#breadcrumb","itemListElement":[{"@type":"ListItem","position":1,"name":"Portada","item":"https:\/\/accesolatino.org\/"},{"@type":"ListItem","position":2,"name":"Salud","item":"https:\/\/accesolatino.org\/salud\/"},{"@type":"ListItem","position":3,"name":"Consejos para el cuidado y desarrollo de tu beb\u00e9"}]},{"@type":"WebSite","@id":"https:\/\/accesolatino.org\/#website","url":"https:\/\/accesolatino.org\/","name":"Acceso Latino | Fundaci\u00f3n Carlos Slim","description":"Fundaci\u00f3n Carlos Slim","publisher":{"@id":"https:\/\/accesolatino.org\/#organization"},"potentialAction":[{"@type":"SearchAction","target":{"@type":"EntryPoint","urlTemplate":"https:\/\/accesolatino.org\/?s={search_term_string}"},"query-input":{"@type":"PropertyValueSpecification","valueRequired":true,"valueName":"search_term_string"}}],"inLanguage":"en-US"},{"@type":"Organization","@id":"https:\/\/accesolatino.org\/#organization","name":"Acceso Latino | Fundaci\u00f3n Carlos Slim","url":"https:\/\/accesolatino.org\/","logo":{"@type":"ImageObject","inLanguage":"en-US","@id":"https:\/\/accesolatino.org\/#\/schema\/logo\/image\/","url":"https:\/\/accesolatino.org\/wp-content\/uploads\/2021\/02\/logo-footer-acceso-latino.png","contentUrl":"https:\/\/accesolatino.org\/wp-content\/uploads\/2021\/02\/logo-footer-acceso-latino.png","width":240,"height":40,"caption":"Acceso Latino | Fundaci\u00f3n Carlos Slim"},"image":{"@id":"https:\/\/accesolatino.org\/#\/schema\/logo\/image\/"},"sameAs":["https:\/\/www.facebook.com\/AccesoLatinoOrg","https:\/\/x.com\/FAccLatino"]}]}},"_links":{"self":[{"href":"https:\/\/accesolatino.org\/en\/wp-json\/wp\/v2\/pages\/15338","targetHints":{"allow":["GET"]}}],"collection":[{"href":"https:\/\/accesolatino.org\/en\/wp-json\/wp\/v2\/pages"}],"about":[{"href":"https:\/\/accesolatino.org\/en\/wp-json\/wp\/v2\/types\/page"}],"author":[{"embeddable":true,"href":"https:\/\/accesolatino.org\/en\/wp-json\/wp\/v2\/users\/4"}],"replies":[{"embeddable":true,"href":"https:\/\/accesolatino.org\/en\/wp-json\/wp\/v2\/comments?post=15338"}],"version-history":[{"count":1,"href":"https:\/\/accesolatino.org\/en\/wp-json\/wp\/v2\/pages\/15338\/revisions"}],"predecessor-version":[{"id":64022,"href":"https:\/\/accesolatino.org\/en\/wp-json\/wp\/v2\/pages\/15338\/revisions\/64022"}],"up":[{"embeddable":true,"href":"https:\/\/accesolatino.org\/en\/wp-json\/wp\/v2\/pages\/4668"}],"wp:featuredmedia":[{"embeddable":true,"href":"https:\/\/accesolatino.org\/en\/wp-json\/wp\/v2\/media\/15339"}],"wp:attachment":[{"href":"https:\/\/accesolatino.org\/en\/wp-json\/wp\/v2\/media?parent=15338"}],"curies":[{"name":"wp","href":"https:\/\/api.w.org\/{rel}","templated":true}]}}