{"id":5241,"date":"2018-04-16T17:52:42","date_gmt":"2018-04-16T17:52:42","guid":{"rendered":"http:\/\/accesolatino.org\/?page_id=5241"},"modified":"2025-11-10T15:03:02","modified_gmt":"2025-11-10T21:03:02","slug":"derechos-y-programas-en-salud","status":"publish","type":"page","link":"https:\/\/accesolatino.org\/en\/salud\/derechos-y-programas-en-salud\/","title":{"rendered":"Health rights and programs"},"content":{"rendered":"<div data-elementor-type=\"wp-post\" data-elementor-id=\"5241\" class=\"elementor elementor-5241\">\n\t\t\t\t\t\t<section class=\"elementor-section elementor-top-section elementor-element elementor-element-db4bfc6 elementor-section-full_width elementor-section-height-min-height elementor-section-items-stretch elementor-section-height-default wpr-particle-no wpr-jarallax-no wpr-parallax-no wpr-sticky-section-no wpr-equal-height-no\" data-id=\"db4bfc6\" data-element_type=\"section\" data-e-type=\"section\" data-settings=\"{&quot;background_background&quot;:&quot;classic&quot;}\">\n\t\t\t\t\t\t<div class=\"elementor-container elementor-column-gap-no\">\n\t\t\t\t\t<div class=\"elementor-column elementor-col-100 elementor-top-column elementor-element elementor-element-6a807ed\" data-id=\"6a807ed\" data-element_type=\"column\" data-e-type=\"column\">\n\t\t\t<div class=\"elementor-widget-wrap elementor-element-populated\">\n\t\t\t\t\t\t<div class=\"elementor-element elementor-element-d94484d elementor--h-position-center elementor--v-position-middle elementor-widget elementor-widget-slides\" data-id=\"d94484d\" data-element_type=\"widget\" data-e-type=\"widget\" data-settings=\"{&quot;navigation&quot;:&quot;none&quot;,&quot;infinite&quot;:&quot;yes&quot;,&quot;transition&quot;:&quot;slide&quot;,&quot;transition_speed&quot;:500}\" data-widget_type=\"slides.default\">\n\t\t\t\t<div class=\"elementor-widget-container\">\n\t\t\t\t\t\t\t<div class=\"elementor-swiper\">\n\t\t\t<div class=\"elementor-slides-wrapper elementor-main-swiper swiper-container\" dir=\"ltr\" data-animation=\"\">\n\t\t\t\t<div class=\"swiper-wrapper elementor-slides\">\n\t\t\t\t\t\t\t\t\t\t<div class=\"elementor-repeater-item-d983a28 swiper-slide\"><div class=\"swiper-slide-bg\"><\/div><div class=\"swiper-slide-inner\" ><div class=\"swiper-slide-contents\"><div class=\"elementor-slide-heading\">Health<\/div><\/div><\/div><\/div>\t\t\t\t<\/div>\n\t\t\t\t\t\t\t<\/div>\n\t\t<\/div>\n\t\t\t\t\t\t<\/div>\n\t\t\t\t<\/div>\n\t\t\t\t\t<\/div>\n\t\t<\/div>\n\t\t\t\t\t<\/div>\n\t\t<\/section>\n\t\t\t\t<section class=\"elementor-section elementor-top-section elementor-element elementor-element-deffb67 elementor-section-stretched elementor-section-boxed elementor-section-height-default elementor-section-height-default wpr-particle-no wpr-jarallax-no wpr-parallax-no wpr-sticky-section-no wpr-equal-height-no\" data-id=\"deffb67\" data-element_type=\"section\" data-e-type=\"section\" data-settings=\"{&quot;stretch_section&quot;:&quot;section-stretched&quot;,&quot;background_background&quot;:&quot;classic&quot;}\">\n\t\t\t\t\t\t<div class=\"elementor-container elementor-column-gap-default\">\n\t\t\t\t\t<div class=\"elementor-column elementor-col-100 elementor-top-column elementor-element elementor-element-ce91144\" data-id=\"ce91144\" data-element_type=\"column\" data-e-type=\"column\">\n\t\t\t<div class=\"elementor-widget-wrap elementor-element-populated\">\n\t\t\t\t\t\t<div class=\"elementor-element elementor-element-d24f978 elementor-widget elementor-widget-heading\" data-id=\"d24f978\" data-element_type=\"widget\" data-e-type=\"widget\" data-widget_type=\"heading.default\">\n\t\t\t\t<div class=\"elementor-widget-container\">\n\t\t\t\t\t<h3 class=\"elementor-heading-title elementor-size-default\">Conoce tus derechos en salud y los programas a los que tienes acceso\n<\/h3>\t\t\t\t<\/div>\n\t\t\t\t<\/div>\n\t\t\t\t<div class=\"elementor-element elementor-element-d9679b8 elementor-widget elementor-widget-text-editor\" data-id=\"d9679b8\" data-element_type=\"widget\" data-e-type=\"widget\" data-widget_type=\"text-editor.default\">\n\t\t\t\t<div class=\"elementor-widget-container\">\n\t\t\t\t\t\t\t\t\t<p>Seguramente tienes dudas sobre el riesgo que corre tu familia al estar inscritos en programas de salud.<\/p><p>Debes saber que la Ley de Cuidado de Salud a Bajo Precio o (ACA\/ Obamacare) considera distintas coberturas para migrantes documentados e indocumentados. Toda la informaci\u00f3n la encuentras<span class=\"link-verde\"><a href=\"http:\/\/www.nilc.org\/issues\/health-care\/immigrantshcrsp\/\" target=\"_blank\" rel=\"noopener\"> here.<\/a><\/span><\/p><p>Si requieres m\u00e1s informaci\u00f3n del tema, puedes consultar los siguientes sitios:<\/p><ul><li><span class=\"link-verde\"><a href=\"https:\/\/www.nilc.org\/issues\/health-care\/ACAfacts\/\" target=\"_blank\" rel=\"noopener\">Centro Nacional de Leyes Migratorias<\/a><\/span><\/li><li><span class=\"link-verde\"><a href=\"https:\/\/obamacare.net\/obamacare-espanol\/\" target=\"_blank\" rel=\"noopener\">Para informaci\u00f3n del Affordable Care Act (ACA\/Obamacare)<\/a><\/span><\/li><li><span class=\"link-verde\"><a href=\"https:\/\/gobierno.usa.gov\/seguros-de-salud\" target=\"_blank\" rel=\"noopener\">Para conocer los seguros de salud<\/a><\/span><\/li><\/ul>\t\t\t\t\t\t\t\t<\/div>\n\t\t\t\t<\/div>\n\t\t\t\t<div class=\"elementor-element elementor-element-1f947a2 elementor-widget elementor-widget-spacer\" data-id=\"1f947a2\" data-element_type=\"widget\" data-e-type=\"widget\" data-widget_type=\"spacer.default\">\n\t\t\t\t<div class=\"elementor-widget-container\">\n\t\t\t\t\t\t\t<div class=\"elementor-spacer\">\n\t\t\t<div class=\"elementor-spacer-inner\"><\/div>\n\t\t<\/div>\n\t\t\t\t\t\t<\/div>\n\t\t\t\t<\/div>\n\t\t\t\t\t<\/div>\n\t\t<\/div>\n\t\t\t\t\t<\/div>\n\t\t<\/section>\n\t\t\t\t<\/div>","protected":false},"excerpt":{"rendered":"<p>Salud Conoce tus derechos en salud y los programas a los que tienes acceso Seguramente tienes dudas sobre el riesgo que corre tu familia al estar inscritos en programas de salud. Debes saber que la Ley de Cuidado de Salud a Bajo Precio o (ACA\/ Obamacare) considera distintas coberturas para migrantes documentados e indocumentados. Toda la informaci\u00f3n la encuentras aqu\u00ed. Si requieres m\u00e1s informaci\u00f3n del tema, puedes consultar los siguientes sitios: Centro Nacional de Leyes Migratorias Para informaci\u00f3n del Affordable Care Act (ACA\/Obamacare) Para conocer los seguros de salud<\/p>","protected":false},"author":4,"featured_media":55108,"parent":4668,"menu_order":0,"comment_status":"closed","ping_status":"closed","template":"elementor_header_footer","meta":{"_uf_show_specific_survey":0,"_uf_disable_surveys":false,"footnotes":""},"class_list":["post-5241","page","type-page","status-publish","has-post-thumbnail"],"aioseo_notices":[],"yoast_head":"<!-- This site is optimized with the Yoast SEO plugin v27.4 - https:\/\/yoast.com\/product\/yoast-seo-wordpress\/ -->\n<title>Derechos y programas en salud<\/title>\n<meta name=\"description\" content=\"Conoce tus derechos y lo que Estados Unidos tiene para ofrecer a los migrantes en materia de Salud - Acceso Latino\" \/>\n<meta name=\"robots\" content=\"index, follow, max-snippet:-1, max-image-preview:large, max-video-preview:-1\" \/>\n<link rel=\"canonical\" href=\"https:\/\/accesolatino.org\/en\/salud\/derechos-y-programas-en-salud\/\" \/>\n<meta property=\"og:locale\" content=\"en_US\" \/>\n<meta property=\"og:type\" content=\"article\" \/>\n<meta property=\"og:title\" content=\"Acceso Latino | Derechos y programas en salud\" \/>\n<meta property=\"og:description\" content=\"Conoce todo lo que Estados Unidos tiene para ofrecer a los migrantes en materia de Salud\" \/>\n<meta property=\"og:url\" content=\"https:\/\/accesolatino.org\/en\/salud\/derechos-y-programas-en-salud\/\" \/>\n<meta property=\"og:site_name\" content=\"Acceso Latino\" \/>\n<meta property=\"article:publisher\" content=\"https:\/\/www.facebook.com\/AccesoLatinoOrg\" \/>\n<meta property=\"article:modified_time\" content=\"2025-11-10T21:03:02+00:00\" \/>\n<meta property=\"og:image\" content=\"https:\/\/accesolatino.org\/wp-content\/uploads\/2024\/07\/Saludmental.png\" \/>\n\t<meta property=\"og:image:width\" content=\"1105\" \/>\n\t<meta property=\"og:image:height\" content=\"534\" \/>\n\t<meta property=\"og:image:type\" content=\"image\/png\" \/>\n<meta name=\"twitter:card\" content=\"summary_large_image\" \/>\n<meta name=\"twitter:title\" content=\"Acceso Latino | Derechos y programas en salud\" \/>\n<meta name=\"twitter:description\" content=\"Conoce todo lo que Estados Unidos tiene para ofrecer a los migrantes en materia de Salud\" \/>\n<meta name=\"twitter:site\" content=\"@FAccLatino\" \/>\n<meta name=\"twitter:label1\" content=\"Est. reading time\" \/>\n\t<meta name=\"twitter:data1\" content=\"1 minute\" \/>\n<script type=\"application\/ld+json\" class=\"yoast-schema-graph\">{\"@context\":\"https:\\\/\\\/schema.org\",\"@graph\":[{\"@type\":\"WebPage\",\"@id\":\"https:\\\/\\\/accesolatino.org\\\/salud\\\/derechos-y-programas-en-salud\\\/\",\"url\":\"https:\\\/\\\/accesolatino.org\\\/salud\\\/derechos-y-programas-en-salud\\\/\",\"name\":\"Derechos y programas en salud\",\"isPartOf\":{\"@id\":\"https:\\\/\\\/accesolatino.org\\\/#website\"},\"primaryImageOfPage\":{\"@id\":\"https:\\\/\\\/accesolatino.org\\\/salud\\\/derechos-y-programas-en-salud\\\/#primaryimage\"},\"image\":{\"@id\":\"https:\\\/\\\/accesolatino.org\\\/salud\\\/derechos-y-programas-en-salud\\\/#primaryimage\"},\"thumbnailUrl\":\"https:\\\/\\\/accesolatino.org\\\/wp-content\\\/uploads\\\/2024\\\/07\\\/Saludmental.png\",\"datePublished\":\"2018-04-16T17:52:42+00:00\",\"dateModified\":\"2025-11-10T21:03:02+00:00\",\"description\":\"Conoce tus derechos y lo que Estados Unidos tiene para ofrecer a los migrantes en materia de Salud - Acceso Latino\",\"breadcrumb\":{\"@id\":\"https:\\\/\\\/accesolatino.org\\\/salud\\\/derechos-y-programas-en-salud\\\/#breadcrumb\"},\"inLanguage\":\"en-US\",\"potentialAction\":[{\"@type\":\"ReadAction\",\"target\":[\"https:\\\/\\\/accesolatino.org\\\/salud\\\/derechos-y-programas-en-salud\\\/\"]}]},{\"@type\":\"ImageObject\",\"inLanguage\":\"en-US\",\"@id\":\"https:\\\/\\\/accesolatino.org\\\/salud\\\/derechos-y-programas-en-salud\\\/#primaryimage\",\"url\":\"https:\\\/\\\/accesolatino.org\\\/wp-content\\\/uploads\\\/2024\\\/07\\\/Saludmental.png\",\"contentUrl\":\"https:\\\/\\\/accesolatino.org\\\/wp-content\\\/uploads\\\/2024\\\/07\\\/Saludmental.png\",\"width\":1105,\"height\":534,\"caption\":\"Salud mental\"},{\"@type\":\"BreadcrumbList\",\"@id\":\"https:\\\/\\\/accesolatino.org\\\/salud\\\/derechos-y-programas-en-salud\\\/#breadcrumb\",\"itemListElement\":[{\"@type\":\"ListItem\",\"position\":1,\"name\":\"Portada\",\"item\":\"https:\\\/\\\/accesolatino.org\\\/\"},{\"@type\":\"ListItem\",\"position\":2,\"name\":\"Salud\",\"item\":\"https:\\\/\\\/accesolatino.org\\\/salud\\\/\"},{\"@type\":\"ListItem\",\"position\":3,\"name\":\"Derechos y programas en salud\"}]},{\"@type\":\"WebSite\",\"@id\":\"https:\\\/\\\/accesolatino.org\\\/#website\",\"url\":\"https:\\\/\\\/accesolatino.org\\\/\",\"name\":\"Acceso Latino | Fundaci\u00f3n Carlos Slim\",\"description\":\"Fundaci\u00f3n Carlos Slim\",\"publisher\":{\"@id\":\"https:\\\/\\\/accesolatino.org\\\/#organization\"},\"potentialAction\":[{\"@type\":\"SearchAction\",\"target\":{\"@type\":\"EntryPoint\",\"urlTemplate\":\"https:\\\/\\\/accesolatino.org\\\/?s={search_term_string}\"},\"query-input\":{\"@type\":\"PropertyValueSpecification\",\"valueRequired\":true,\"valueName\":\"search_term_string\"}}],\"inLanguage\":\"en-US\"},{\"@type\":\"Organization\",\"@id\":\"https:\\\/\\\/accesolatino.org\\\/#organization\",\"name\":\"Acceso Latino | Fundaci\u00f3n Carlos Slim\",\"url\":\"https:\\\/\\\/accesolatino.org\\\/\",\"logo\":{\"@type\":\"ImageObject\",\"inLanguage\":\"en-US\",\"@id\":\"https:\\\/\\\/accesolatino.org\\\/#\\\/schema\\\/logo\\\/image\\\/\",\"url\":\"https:\\\/\\\/accesolatino.org\\\/wp-content\\\/uploads\\\/2021\\\/02\\\/logo-footer-acceso-latino.png\",\"contentUrl\":\"https:\\\/\\\/accesolatino.org\\\/wp-content\\\/uploads\\\/2021\\\/02\\\/logo-footer-acceso-latino.png\",\"width\":240,\"height\":40,\"caption\":\"Acceso Latino | Fundaci\u00f3n Carlos Slim\"},\"image\":{\"@id\":\"https:\\\/\\\/accesolatino.org\\\/#\\\/schema\\\/logo\\\/image\\\/\"},\"sameAs\":[\"https:\\\/\\\/www.facebook.com\\\/AccesoLatinoOrg\",\"https:\\\/\\\/x.com\\\/FAccLatino\"]}]}<\/script>\n<!-- \/ Yoast SEO plugin. -->","yoast_head_json":{"title":"Health rights and programs","description":"Conoce tus derechos y lo que Estados Unidos tiene para ofrecer a los migrantes en materia de Salud - Acceso Latino","robots":{"index":"index","follow":"follow","max-snippet":"max-snippet:-1","max-image-preview":"max-image-preview:large","max-video-preview":"max-video-preview:-1"},"canonical":"https:\/\/accesolatino.org\/en\/salud\/derechos-y-programas-en-salud\/","og_locale":"en_US","og_type":"article","og_title":"Acceso Latino | Derechos y programas en salud","og_description":"Conoce todo lo que Estados Unidos tiene para ofrecer a los migrantes en materia de Salud","og_url":"https:\/\/accesolatino.org\/en\/salud\/derechos-y-programas-en-salud\/","og_site_name":"Acceso Latino","article_publisher":"https:\/\/www.facebook.com\/AccesoLatinoOrg","article_modified_time":"2025-11-10T21:03:02+00:00","og_image":[{"width":1105,"height":534,"url":"https:\/\/accesolatino.org\/wp-content\/uploads\/2024\/07\/Saludmental.png","type":"image\/png"}],"twitter_card":"summary_large_image","twitter_title":"Acceso Latino | Derechos y programas en salud","twitter_description":"Conoce todo lo que Estados Unidos tiene para ofrecer a los migrantes en materia de Salud","twitter_site":"@FAccLatino","twitter_misc":{"Est. reading time":"1 minute"},"schema":{"@context":"https:\/\/schema.org","@graph":[{"@type":"WebPage","@id":"https:\/\/accesolatino.org\/salud\/derechos-y-programas-en-salud\/","url":"https:\/\/accesolatino.org\/salud\/derechos-y-programas-en-salud\/","name":"Health rights and programs","isPartOf":{"@id":"https:\/\/accesolatino.org\/#website"},"primaryImageOfPage":{"@id":"https:\/\/accesolatino.org\/salud\/derechos-y-programas-en-salud\/#primaryimage"},"image":{"@id":"https:\/\/accesolatino.org\/salud\/derechos-y-programas-en-salud\/#primaryimage"},"thumbnailUrl":"https:\/\/accesolatino.org\/wp-content\/uploads\/2024\/07\/Saludmental.png","datePublished":"2018-04-16T17:52:42+00:00","dateModified":"2025-11-10T21:03:02+00:00","description":"Conoce tus derechos y lo que Estados Unidos tiene para ofrecer a los migrantes en materia de Salud - Acceso Latino","breadcrumb":{"@id":"https:\/\/accesolatino.org\/salud\/derechos-y-programas-en-salud\/#breadcrumb"},"inLanguage":"en-US","potentialAction":[{"@type":"ReadAction","target":["https:\/\/accesolatino.org\/salud\/derechos-y-programas-en-salud\/"]}]},{"@type":"ImageObject","inLanguage":"en-US","@id":"https:\/\/accesolatino.org\/salud\/derechos-y-programas-en-salud\/#primaryimage","url":"https:\/\/accesolatino.org\/wp-content\/uploads\/2024\/07\/Saludmental.png","contentUrl":"https:\/\/accesolatino.org\/wp-content\/uploads\/2024\/07\/Saludmental.png","width":1105,"height":534,"caption":"Salud mental"},{"@type":"BreadcrumbList","@id":"https:\/\/accesolatino.org\/salud\/derechos-y-programas-en-salud\/#breadcrumb","itemListElement":[{"@type":"ListItem","position":1,"name":"Portada","item":"https:\/\/accesolatino.org\/"},{"@type":"ListItem","position":2,"name":"Salud","item":"https:\/\/accesolatino.org\/salud\/"},{"@type":"ListItem","position":3,"name":"Derechos y programas en salud"}]},{"@type":"WebSite","@id":"https:\/\/accesolatino.org\/#website","url":"https:\/\/accesolatino.org\/","name":"Acceso Latino | Fundaci\u00f3n Carlos Slim","description":"Fundaci\u00f3n Carlos Slim","publisher":{"@id":"https:\/\/accesolatino.org\/#organization"},"potentialAction":[{"@type":"SearchAction","target":{"@type":"EntryPoint","urlTemplate":"https:\/\/accesolatino.org\/?s={search_term_string}"},"query-input":{"@type":"PropertyValueSpecification","valueRequired":true,"valueName":"search_term_string"}}],"inLanguage":"en-US"},{"@type":"Organization","@id":"https:\/\/accesolatino.org\/#organization","name":"Acceso Latino | Fundaci\u00f3n Carlos Slim","url":"https:\/\/accesolatino.org\/","logo":{"@type":"ImageObject","inLanguage":"en-US","@id":"https:\/\/accesolatino.org\/#\/schema\/logo\/image\/","url":"https:\/\/accesolatino.org\/wp-content\/uploads\/2021\/02\/logo-footer-acceso-latino.png","contentUrl":"https:\/\/accesolatino.org\/wp-content\/uploads\/2021\/02\/logo-footer-acceso-latino.png","width":240,"height":40,"caption":"Acceso Latino | Fundaci\u00f3n Carlos Slim"},"image":{"@id":"https:\/\/accesolatino.org\/#\/schema\/logo\/image\/"},"sameAs":["https:\/\/www.facebook.com\/AccesoLatinoOrg","https:\/\/x.com\/FAccLatino"]}]}},"_links":{"self":[{"href":"https:\/\/accesolatino.org\/en\/wp-json\/wp\/v2\/pages\/5241","targetHints":{"allow":["GET"]}}],"collection":[{"href":"https:\/\/accesolatino.org\/en\/wp-json\/wp\/v2\/pages"}],"about":[{"href":"https:\/\/accesolatino.org\/en\/wp-json\/wp\/v2\/types\/page"}],"author":[{"embeddable":true,"href":"https:\/\/accesolatino.org\/en\/wp-json\/wp\/v2\/users\/4"}],"replies":[{"embeddable":true,"href":"https:\/\/accesolatino.org\/en\/wp-json\/wp\/v2\/comments?post=5241"}],"version-history":[{"count":1,"href":"https:\/\/accesolatino.org\/en\/wp-json\/wp\/v2\/pages\/5241\/revisions"}],"predecessor-version":[{"id":68626,"href":"https:\/\/accesolatino.org\/en\/wp-json\/wp\/v2\/pages\/5241\/revisions\/68626"}],"up":[{"embeddable":true,"href":"https:\/\/accesolatino.org\/en\/wp-json\/wp\/v2\/pages\/4668"}],"wp:featuredmedia":[{"embeddable":true,"href":"https:\/\/accesolatino.org\/en\/wp-json\/wp\/v2\/media\/55108"}],"wp:attachment":[{"href":"https:\/\/accesolatino.org\/en\/wp-json\/wp\/v2\/media?parent=5241"}],"curies":[{"name":"wp","href":"https:\/\/api.w.org\/{rel}","templated":true}]}}