{"id":5156,"date":"2018-04-13T18:56:15","date_gmt":"2018-04-13T18:56:15","guid":{"rendered":"http:\/\/accesolatino.org\/?page_id=5156"},"modified":"2025-10-17T17:56:15","modified_gmt":"2025-10-17T23:56:15","slug":"secretaria-de-educacion-publica","status":"publish","type":"page","link":"https:\/\/accesolatino.org\/en\/secretaria-de-educacion-publica\/","title":{"rendered":"Secretary of Public Education"},"content":{"rendered":"<div data-elementor-type=\"wp-post\" data-elementor-id=\"5156\" class=\"elementor elementor-5156\">\n\t\t\t\t\t\t<section class=\"elementor-section elementor-top-section elementor-element elementor-element-52b5d64 elementor-section-full_width elementor-section-height-min-height elementor-section-items-stretch elementor-section-height-default wpr-particle-no wpr-jarallax-no wpr-parallax-no wpr-sticky-section-no wpr-equal-height-no\" data-id=\"52b5d64\" data-element_type=\"section\" data-e-type=\"section\" data-settings=\"{&quot;background_background&quot;:&quot;classic&quot;}\">\n\t\t\t\t\t\t<div class=\"elementor-container elementor-column-gap-no\">\n\t\t\t\t\t<div class=\"elementor-column elementor-col-100 elementor-top-column elementor-element elementor-element-85ff5d6\" data-id=\"85ff5d6\" data-element_type=\"column\" data-e-type=\"column\">\n\t\t\t<div class=\"elementor-widget-wrap elementor-element-populated\">\n\t\t\t\t\t\t<div class=\"elementor-element elementor-element-75fd814 elementor--h-position-center elementor--v-position-middle elementor-widget elementor-widget-slides\" data-id=\"75fd814\" data-element_type=\"widget\" data-e-type=\"widget\" data-settings=\"{&quot;navigation&quot;:&quot;none&quot;,&quot;infinite&quot;:&quot;yes&quot;,&quot;transition&quot;:&quot;slide&quot;,&quot;transition_speed&quot;:500}\" data-widget_type=\"slides.default\">\n\t\t\t\t<div class=\"elementor-widget-container\">\n\t\t\t\t\t\t\t<div class=\"elementor-swiper\">\n\t\t\t<div class=\"elementor-slides-wrapper elementor-main-swiper swiper-container\" dir=\"ltr\" data-animation=\"\">\n\t\t\t\t<div class=\"swiper-wrapper elementor-slides\">\n\t\t\t\t\t\t\t\t\t\t<div class=\"elementor-repeater-item-d983a28 swiper-slide\"><div class=\"swiper-slide-bg\"><\/div><div class=\"swiper-slide-inner\" ><div class=\"swiper-slide-contents\"><div class=\"elementor-slide-heading\">Education<\/div><\/div><\/div><\/div>\t\t\t\t<\/div>\n\t\t\t\t\t\t\t<\/div>\n\t\t<\/div>\n\t\t\t\t\t\t<\/div>\n\t\t\t\t<\/div>\n\t\t\t\t\t<\/div>\n\t\t<\/div>\n\t\t\t\t\t<\/div>\n\t\t<\/section>\n\t\t\t\t<section class=\"elementor-section elementor-top-section elementor-element elementor-element-cdca6a2 elementor-section-stretched elementor-section-boxed elementor-section-height-default elementor-section-height-default wpr-particle-no wpr-jarallax-no wpr-parallax-no wpr-sticky-section-no wpr-equal-height-no\" data-id=\"cdca6a2\" data-element_type=\"section\" data-e-type=\"section\" data-settings=\"{&quot;stretch_section&quot;:&quot;section-stretched&quot;,&quot;background_background&quot;:&quot;classic&quot;}\">\n\t\t\t\t\t\t<div class=\"elementor-container elementor-column-gap-default\">\n\t\t\t\t\t<div class=\"elementor-column elementor-col-100 elementor-top-column elementor-element elementor-element-744756b\" data-id=\"744756b\" data-element_type=\"column\" data-e-type=\"column\">\n\t\t\t<div class=\"elementor-widget-wrap elementor-element-populated\">\n\t\t\t\t\t\t<div class=\"elementor-element elementor-element-251bdb5 elementor-widget elementor-widget-html\" data-id=\"251bdb5\" data-element_type=\"widget\" data-e-type=\"widget\" data-widget_type=\"html.default\">\n\t\t\t\t<div class=\"elementor-widget-container\">\n\t\t\t\t\t<a id=\"acciones-de-apoyo-a-retornados1\"><\/a>\t\t\t\t<\/div>\n\t\t\t\t<\/div>\n\t\t\t\t<div class=\"elementor-element elementor-element-86f50a7 elementor-widget elementor-widget-heading\" data-id=\"86f50a7\" data-element_type=\"widget\" data-e-type=\"widget\" data-widget_type=\"heading.default\">\n\t\t\t\t<div class=\"elementor-widget-container\">\n\t\t\t\t\t<h3 class=\"elementor-heading-title elementor-size-default\">Acciones de apoyo a retornados <\/h3>\t\t\t\t<\/div>\n\t\t\t\t<\/div>\n\t\t\t\t<div class=\"elementor-element elementor-element-b2f8028 elementor-widget elementor-widget-text-editor\" data-id=\"b2f8028\" data-element_type=\"widget\" data-e-type=\"widget\" data-widget_type=\"text-editor.default\">\n\t\t\t\t<div class=\"elementor-widget-container\">\n\t\t\t\t\t\t\t\t\t<p><strong>\u00bfConoces las acciones de apoyo que realizar\u00e1 la SEP para ayudar a los migrantes que regresen de Estados Unidos?<\/strong><\/p>\t\t\t\t\t\t\t\t<\/div>\n\t\t\t\t<\/div>\n\t\t\t\t<div class=\"elementor-element elementor-element-7bd9f2d elementor-widget elementor-widget-image\" data-id=\"7bd9f2d\" data-element_type=\"widget\" data-e-type=\"widget\" data-widget_type=\"image.default\">\n\t\t\t\t<div class=\"elementor-widget-container\">\n\t\t\t\t\t\t\t\t\t\t\t\t\t\t\t<img fetchpriority=\"high\" decoding=\"async\" width=\"2000\" height=\"1822\" src=\"https:\/\/accesolatino.org\/wp-content\/uploads\/2018\/04\/infografia-sep-migrantes.jpg\" class=\"attachment-full size-full wp-image-5162\" alt=\"infografia-sep-migrantes\" srcset=\"https:\/\/accesolatino.org\/wp-content\/uploads\/2018\/04\/infografia-sep-migrantes.jpg 2000w, https:\/\/accesolatino.org\/wp-content\/uploads\/2018\/04\/infografia-sep-migrantes-300x273.jpg 300w, https:\/\/accesolatino.org\/wp-content\/uploads\/2018\/04\/infografia-sep-migrantes-768x700.jpg 768w, https:\/\/accesolatino.org\/wp-content\/uploads\/2018\/04\/infografia-sep-migrantes-1024x933.jpg 1024w\" sizes=\"(max-width: 2000px) 100vw, 2000px\" \/>\t\t\t\t\t\t\t\t\t\t\t\t\t\t\t<\/div>\n\t\t\t\t<\/div>\n\t\t\t\t<div class=\"elementor-element elementor-element-2635151 elementor-widget elementor-widget-html\" data-id=\"2635151\" data-element_type=\"widget\" data-e-type=\"widget\" data-widget_type=\"html.default\">\n\t\t\t\t<div class=\"elementor-widget-container\">\n\t\t\t\t\t<a id=\"tabla-de-correspondencia2\"><\/a>\t\t\t\t<\/div>\n\t\t\t\t<\/div>\n\t\t\t\t<div class=\"elementor-element elementor-element-784bea9 elementor-widget elementor-widget-spacer\" data-id=\"784bea9\" data-element_type=\"widget\" data-e-type=\"widget\" data-widget_type=\"spacer.default\">\n\t\t\t\t<div class=\"elementor-widget-container\">\n\t\t\t\t\t\t\t<div class=\"elementor-spacer\">\n\t\t\t<div class=\"elementor-spacer-inner\"><\/div>\n\t\t<\/div>\n\t\t\t\t\t\t<\/div>\n\t\t\t\t<\/div>\n\t\t\t\t<div class=\"elementor-element elementor-element-bd232a9 elementor-widget elementor-widget-heading\" data-id=\"bd232a9\" data-element_type=\"widget\" data-e-type=\"widget\" data-widget_type=\"heading.default\">\n\t\t\t\t<div class=\"elementor-widget-container\">\n\t\t\t\t\t<h3 class=\"elementor-heading-title elementor-size-default\">Tabla de correspondencia <\/h3>\t\t\t\t<\/div>\n\t\t\t\t<\/div>\n\t\t\t\t<div class=\"elementor-element elementor-element-c339394 elementor-widget elementor-widget-text-editor\" data-id=\"c339394\" data-element_type=\"widget\" data-e-type=\"widget\" data-widget_type=\"text-editor.default\">\n\t\t\t\t<div class=\"elementor-widget-container\">\n\t\t\t\t\t\t\t\t\t<p><strong>Si no sabes en qu\u00e9 grado escolar entrar\u00eda tu hijo con relaci\u00f3n a su \u00faltimo a\u00f1o escolar en EUA, aqu\u00ed encontrar\u00e1s la relaci\u00f3n con M\u00e9xico<\/strong><\/p>\t\t\t\t\t\t\t\t<\/div>\n\t\t\t\t<\/div>\n\t\t\t\t<div class=\"elementor-element elementor-element-0d8e95a elementor-widget elementor-widget-image\" data-id=\"0d8e95a\" data-element_type=\"widget\" data-e-type=\"widget\" data-widget_type=\"image.default\">\n\t\t\t\t<div class=\"elementor-widget-container\">\n\t\t\t\t\t\t\t\t\t\t\t\t\t\t\t<img decoding=\"async\" width=\"2000\" height=\"1822\" src=\"https:\/\/accesolatino.org\/wp-content\/uploads\/2018\/04\/tabla-SEP.jpg\" class=\"attachment-full size-full wp-image-4724\" alt=\"tabla-SEP\" srcset=\"https:\/\/accesolatino.org\/wp-content\/uploads\/2018\/04\/tabla-SEP.jpg 2000w, https:\/\/accesolatino.org\/wp-content\/uploads\/2018\/04\/tabla-SEP-300x273.jpg 300w, https:\/\/accesolatino.org\/wp-content\/uploads\/2018\/04\/tabla-SEP-768x700.jpg 768w, https:\/\/accesolatino.org\/wp-content\/uploads\/2018\/04\/tabla-SEP-1024x933.jpg 1024w\" sizes=\"(max-width: 2000px) 100vw, 2000px\" \/>\t\t\t\t\t\t\t\t\t\t\t\t\t\t\t<\/div>\n\t\t\t\t<\/div>\n\t\t\t\t<div class=\"elementor-element elementor-element-6d9ab16 elementor-widget elementor-widget-html\" data-id=\"6d9ab16\" data-element_type=\"widget\" data-e-type=\"widget\" data-widget_type=\"html.default\">\n\t\t\t\t<div class=\"elementor-widget-container\">\n\t\t\t\t\t<a id=\"Normas-de-ingreso3\"><\/a>\t\t\t\t<\/div>\n\t\t\t\t<\/div>\n\t\t\t\t<div class=\"elementor-element elementor-element-29ee3b3 elementor-widget elementor-widget-heading\" data-id=\"29ee3b3\" data-element_type=\"widget\" data-e-type=\"widget\" data-widget_type=\"heading.default\">\n\t\t\t\t<div class=\"elementor-widget-container\">\n\t\t\t\t\t<h3 class=\"elementor-heading-title elementor-size-default\">Normas de ingreso<\/h3>\t\t\t\t<\/div>\n\t\t\t\t<\/div>\n\t\t\t\t<div class=\"elementor-element elementor-element-b3d2181 elementor-widget elementor-widget-text-editor\" data-id=\"b3d2181\" data-element_type=\"widget\" data-e-type=\"widget\" data-widget_type=\"text-editor.default\">\n\t\t\t\t<div class=\"elementor-widget-container\">\n\t\t\t\t\t\t\t\t\t<p><strong>Ent\u00e9rate de las normas necesarias para el ingreso de tu hijo al sistema educativo de M\u00e9xico (SEP)<\/strong><\/p>\t\t\t\t\t\t\t\t<\/div>\n\t\t\t\t<\/div>\n\t\t\t\t<div class=\"elementor-element elementor-element-c7701ce elementor-widget elementor-widget-image\" data-id=\"c7701ce\" data-element_type=\"widget\" data-e-type=\"widget\" data-widget_type=\"image.default\">\n\t\t\t\t<div class=\"elementor-widget-container\">\n\t\t\t\t\t\t\t\t\t\t\t\t\t\t\t<img decoding=\"async\" width=\"2000\" height=\"1822\" src=\"https:\/\/accesolatino.org\/wp-content\/uploads\/2018\/04\/infografia-sep-revalidacion.jpg\" class=\"attachment-full size-full wp-image-4723\" alt=\"infografia-sep-revalidacion\" srcset=\"https:\/\/accesolatino.org\/wp-content\/uploads\/2018\/04\/infografia-sep-revalidacion.jpg 2000w, https:\/\/accesolatino.org\/wp-content\/uploads\/2018\/04\/infografia-sep-revalidacion-300x273.jpg 300w, https:\/\/accesolatino.org\/wp-content\/uploads\/2018\/04\/infografia-sep-revalidacion-768x700.jpg 768w, https:\/\/accesolatino.org\/wp-content\/uploads\/2018\/04\/infografia-sep-revalidacion-1024x933.jpg 1024w\" sizes=\"(max-width: 2000px) 100vw, 2000px\" \/>\t\t\t\t\t\t\t\t\t\t\t\t\t\t\t<\/div>\n\t\t\t\t<\/div>\n\t\t\t\t\t<\/div>\n\t\t<\/div>\n\t\t\t\t\t<\/div>\n\t\t<\/section>\n\t\t\t\t<\/div>","protected":false},"excerpt":{"rendered":"<p>Educaci\u00f3n Acciones de apoyo a retornados \u00bfConoces las acciones de apoyo que realizar\u00e1 la SEP para ayudar a los migrantes que regresen de Estados Unidos? Tabla de correspondencia Si no sabes en qu\u00e9 grado escolar entrar\u00eda tu hijo con relaci\u00f3n a su \u00faltimo a\u00f1o escolar en EUA, aqu\u00ed encontrar\u00e1s la relaci\u00f3n con M\u00e9xico Normas de ingreso Ent\u00e9rate de las normas necesarias para el ingreso de tu hijo al sistema educativo de M\u00e9xico (SEP)<\/p>","protected":false},"author":7,"featured_media":21320,"parent":0,"menu_order":0,"comment_status":"closed","ping_status":"closed","template":"elementor_header_footer","meta":{"_uf_show_specific_survey":0,"_uf_disable_surveys":false,"footnotes":""},"class_list":["post-5156","page","type-page","status-publish","has-post-thumbnail"],"aioseo_notices":[],"yoast_head":"<!-- This site is optimized with the Yoast SEO plugin v27.4 - https:\/\/yoast.com\/product\/yoast-seo-wordpress\/ -->\n<title>Secretar\u00eda de Educaci\u00f3n P\u00fablica<\/title>\n<meta name=\"description\" content=\"Acciones\u00a0de\u00a0apoyo a retornados \u00bfConoces las acciones\u00a0de\u00a0apoyo que realizar\u00e1 la SEP para ayudar a los migrantes que regresen\u00a0de\u00a0Estados Unidos\" \/>\n<meta name=\"robots\" content=\"index, follow, max-snippet:-1, max-image-preview:large, max-video-preview:-1\" \/>\n<link rel=\"canonical\" href=\"https:\/\/accesolatino.org\/en\/secretaria-de-educacion-publica\/\" \/>\n<meta property=\"og:locale\" content=\"en_US\" \/>\n<meta property=\"og:type\" content=\"article\" \/>\n<meta property=\"og:title\" content=\"Acceso Latino | Secretar\u00eda de Educaci\u00f3n P\u00fablica\" \/>\n<meta property=\"og:description\" content=\"Conoce las Instituciones que te pueden ser de ayuda en otros pa\u00edses.\" \/>\n<meta property=\"og:url\" content=\"https:\/\/accesolatino.org\/en\/secretaria-de-educacion-publica\/\" \/>\n<meta property=\"og:site_name\" content=\"Acceso Latino\" \/>\n<meta property=\"article:publisher\" content=\"https:\/\/www.facebook.com\/AccesoLatinoOrg\" \/>\n<meta property=\"article:modified_time\" content=\"2025-10-17T23:56:15+00:00\" \/>\n<meta property=\"og:image\" content=\"https:\/\/accesolatino.org\/wp-content\/uploads\/2020\/05\/SEP-la-secretari\u0301a-que-no-te-abandona.png\" \/>\n\t<meta property=\"og:image:width\" content=\"600\" \/>\n\t<meta property=\"og:image:height\" content=\"338\" \/>\n\t<meta property=\"og:image:type\" content=\"image\/png\" \/>\n<meta name=\"twitter:card\" content=\"summary_large_image\" \/>\n<meta name=\"twitter:title\" content=\"Acceso Latino | Secretar\u00eda de Educaci\u00f3n P\u00fablica\" \/>\n<meta name=\"twitter:description\" content=\"Conoce las Instituciones que te pueden ser de ayuda en otros pa\u00edses.\" \/>\n<meta name=\"twitter:site\" content=\"@FAccLatino\" \/>\n<meta name=\"twitter:label1\" content=\"Est. reading time\" \/>\n\t<meta name=\"twitter:data1\" content=\"2 minutes\" \/>\n<script type=\"application\/ld+json\" class=\"yoast-schema-graph\">{\"@context\":\"https:\\\/\\\/schema.org\",\"@graph\":[{\"@type\":\"WebPage\",\"@id\":\"https:\\\/\\\/accesolatino.org\\\/en\\\/secretaria-de-educacion-publica\\\/\",\"url\":\"https:\\\/\\\/accesolatino.org\\\/en\\\/secretaria-de-educacion-publica\\\/\",\"name\":\"Secretar\u00eda de Educaci\u00f3n P\u00fablica\",\"isPartOf\":{\"@id\":\"https:\\\/\\\/accesolatino.org\\\/#website\"},\"primaryImageOfPage\":{\"@id\":\"https:\\\/\\\/accesolatino.org\\\/en\\\/secretaria-de-educacion-publica\\\/#primaryimage\"},\"image\":{\"@id\":\"https:\\\/\\\/accesolatino.org\\\/en\\\/secretaria-de-educacion-publica\\\/#primaryimage\"},\"thumbnailUrl\":\"https:\\\/\\\/accesolatino.org\\\/wp-content\\\/uploads\\\/2020\\\/05\\\/SEP-la-secretari\u0301a-que-no-te-abandona.png\",\"datePublished\":\"2018-04-13T18:56:15+00:00\",\"dateModified\":\"2025-10-17T23:56:15+00:00\",\"description\":\"Acciones\u00a0de\u00a0apoyo a retornados \u00bfConoces las acciones\u00a0de\u00a0apoyo que realizar\u00e1 la SEP para ayudar a los migrantes que regresen\u00a0de\u00a0Estados Unidos\",\"breadcrumb\":{\"@id\":\"https:\\\/\\\/accesolatino.org\\\/en\\\/secretaria-de-educacion-publica\\\/#breadcrumb\"},\"inLanguage\":\"en-US\",\"potentialAction\":[{\"@type\":\"ReadAction\",\"target\":[\"https:\\\/\\\/accesolatino.org\\\/en\\\/secretaria-de-educacion-publica\\\/\"]}]},{\"@type\":\"ImageObject\",\"inLanguage\":\"en-US\",\"@id\":\"https:\\\/\\\/accesolatino.org\\\/en\\\/secretaria-de-educacion-publica\\\/#primaryimage\",\"url\":\"https:\\\/\\\/accesolatino.org\\\/wp-content\\\/uploads\\\/2020\\\/05\\\/SEP-la-secretari\u0301a-que-no-te-abandona.png\",\"contentUrl\":\"https:\\\/\\\/accesolatino.org\\\/wp-content\\\/uploads\\\/2020\\\/05\\\/SEP-la-secretari\u0301a-que-no-te-abandona.png\",\"width\":600,\"height\":338,\"caption\":\"sep\"},{\"@type\":\"BreadcrumbList\",\"@id\":\"https:\\\/\\\/accesolatino.org\\\/en\\\/secretaria-de-educacion-publica\\\/#breadcrumb\",\"itemListElement\":[{\"@type\":\"ListItem\",\"position\":1,\"name\":\"Portada\",\"item\":\"https:\\\/\\\/accesolatino.org\\\/\"},{\"@type\":\"ListItem\",\"position\":2,\"name\":\"Secretar\u00eda de Educaci\u00f3n P\u00fablica\"}]},{\"@type\":\"WebSite\",\"@id\":\"https:\\\/\\\/accesolatino.org\\\/#website\",\"url\":\"https:\\\/\\\/accesolatino.org\\\/\",\"name\":\"Acceso Latino | Fundaci\u00f3n Carlos Slim\",\"description\":\"Fundaci\u00f3n Carlos Slim\",\"publisher\":{\"@id\":\"https:\\\/\\\/accesolatino.org\\\/#organization\"},\"potentialAction\":[{\"@type\":\"SearchAction\",\"target\":{\"@type\":\"EntryPoint\",\"urlTemplate\":\"https:\\\/\\\/accesolatino.org\\\/?s={search_term_string}\"},\"query-input\":{\"@type\":\"PropertyValueSpecification\",\"valueRequired\":true,\"valueName\":\"search_term_string\"}}],\"inLanguage\":\"en-US\"},{\"@type\":\"Organization\",\"@id\":\"https:\\\/\\\/accesolatino.org\\\/#organization\",\"name\":\"Acceso Latino | Fundaci\u00f3n Carlos Slim\",\"url\":\"https:\\\/\\\/accesolatino.org\\\/\",\"logo\":{\"@type\":\"ImageObject\",\"inLanguage\":\"en-US\",\"@id\":\"https:\\\/\\\/accesolatino.org\\\/#\\\/schema\\\/logo\\\/image\\\/\",\"url\":\"https:\\\/\\\/accesolatino.org\\\/wp-content\\\/uploads\\\/2021\\\/02\\\/logo-footer-acceso-latino.png\",\"contentUrl\":\"https:\\\/\\\/accesolatino.org\\\/wp-content\\\/uploads\\\/2021\\\/02\\\/logo-footer-acceso-latino.png\",\"width\":240,\"height\":40,\"caption\":\"Acceso Latino | Fundaci\u00f3n Carlos Slim\"},\"image\":{\"@id\":\"https:\\\/\\\/accesolatino.org\\\/#\\\/schema\\\/logo\\\/image\\\/\"},\"sameAs\":[\"https:\\\/\\\/www.facebook.com\\\/AccesoLatinoOrg\",\"https:\\\/\\\/x.com\\\/FAccLatino\"]}]}<\/script>\n<!-- \/ Yoast SEO plugin. -->","yoast_head_json":{"title":"Secretary of Public Education","description":"Acciones\u00a0de\u00a0apoyo a retornados \u00bfConoces las acciones\u00a0de\u00a0apoyo que realizar\u00e1 la SEP para ayudar a los migrantes que regresen\u00a0de\u00a0Estados Unidos","robots":{"index":"index","follow":"follow","max-snippet":"max-snippet:-1","max-image-preview":"max-image-preview:large","max-video-preview":"max-video-preview:-1"},"canonical":"https:\/\/accesolatino.org\/en\/secretaria-de-educacion-publica\/","og_locale":"en_US","og_type":"article","og_title":"Acceso Latino | Secretar\u00eda de Educaci\u00f3n P\u00fablica","og_description":"Conoce las Instituciones que te pueden ser de ayuda en otros pa\u00edses.","og_url":"https:\/\/accesolatino.org\/en\/secretaria-de-educacion-publica\/","og_site_name":"Acceso Latino","article_publisher":"https:\/\/www.facebook.com\/AccesoLatinoOrg","article_modified_time":"2025-10-17T23:56:15+00:00","og_image":[{"width":600,"height":338,"url":"https:\/\/accesolatino.org\/wp-content\/uploads\/2020\/05\/SEP-la-secretari\u0301a-que-no-te-abandona.png","type":"image\/png"}],"twitter_card":"summary_large_image","twitter_title":"Acceso Latino | Secretar\u00eda de Educaci\u00f3n P\u00fablica","twitter_description":"Conoce las Instituciones que te pueden ser de ayuda en otros pa\u00edses.","twitter_site":"@FAccLatino","twitter_misc":{"Est. reading time":"2 minutes"},"schema":{"@context":"https:\/\/schema.org","@graph":[{"@type":"WebPage","@id":"https:\/\/accesolatino.org\/en\/secretaria-de-educacion-publica\/","url":"https:\/\/accesolatino.org\/en\/secretaria-de-educacion-publica\/","name":"Secretary of Public Education","isPartOf":{"@id":"https:\/\/accesolatino.org\/#website"},"primaryImageOfPage":{"@id":"https:\/\/accesolatino.org\/en\/secretaria-de-educacion-publica\/#primaryimage"},"image":{"@id":"https:\/\/accesolatino.org\/en\/secretaria-de-educacion-publica\/#primaryimage"},"thumbnailUrl":"https:\/\/accesolatino.org\/wp-content\/uploads\/2020\/05\/SEP-la-secretari\u0301a-que-no-te-abandona.png","datePublished":"2018-04-13T18:56:15+00:00","dateModified":"2025-10-17T23:56:15+00:00","description":"Acciones\u00a0de\u00a0apoyo a retornados \u00bfConoces las acciones\u00a0de\u00a0apoyo que realizar\u00e1 la SEP para ayudar a los migrantes que regresen\u00a0de\u00a0Estados Unidos","breadcrumb":{"@id":"https:\/\/accesolatino.org\/en\/secretaria-de-educacion-publica\/#breadcrumb"},"inLanguage":"en-US","potentialAction":[{"@type":"ReadAction","target":["https:\/\/accesolatino.org\/en\/secretaria-de-educacion-publica\/"]}]},{"@type":"ImageObject","inLanguage":"en-US","@id":"https:\/\/accesolatino.org\/en\/secretaria-de-educacion-publica\/#primaryimage","url":"https:\/\/accesolatino.org\/wp-content\/uploads\/2020\/05\/SEP-la-secretari\u0301a-que-no-te-abandona.png","contentUrl":"https:\/\/accesolatino.org\/wp-content\/uploads\/2020\/05\/SEP-la-secretari\u0301a-que-no-te-abandona.png","width":600,"height":338,"caption":"sep"},{"@type":"BreadcrumbList","@id":"https:\/\/accesolatino.org\/en\/secretaria-de-educacion-publica\/#breadcrumb","itemListElement":[{"@type":"ListItem","position":1,"name":"Portada","item":"https:\/\/accesolatino.org\/"},{"@type":"ListItem","position":2,"name":"Secretar\u00eda de Educaci\u00f3n P\u00fablica"}]},{"@type":"WebSite","@id":"https:\/\/accesolatino.org\/#website","url":"https:\/\/accesolatino.org\/","name":"Acceso Latino | Fundaci\u00f3n Carlos Slim","description":"Fundaci\u00f3n Carlos Slim","publisher":{"@id":"https:\/\/accesolatino.org\/#organization"},"potentialAction":[{"@type":"SearchAction","target":{"@type":"EntryPoint","urlTemplate":"https:\/\/accesolatino.org\/?s={search_term_string}"},"query-input":{"@type":"PropertyValueSpecification","valueRequired":true,"valueName":"search_term_string"}}],"inLanguage":"en-US"},{"@type":"Organization","@id":"https:\/\/accesolatino.org\/#organization","name":"Acceso Latino | Fundaci\u00f3n Carlos Slim","url":"https:\/\/accesolatino.org\/","logo":{"@type":"ImageObject","inLanguage":"en-US","@id":"https:\/\/accesolatino.org\/#\/schema\/logo\/image\/","url":"https:\/\/accesolatino.org\/wp-content\/uploads\/2021\/02\/logo-footer-acceso-latino.png","contentUrl":"https:\/\/accesolatino.org\/wp-content\/uploads\/2021\/02\/logo-footer-acceso-latino.png","width":240,"height":40,"caption":"Acceso Latino | Fundaci\u00f3n Carlos Slim"},"image":{"@id":"https:\/\/accesolatino.org\/#\/schema\/logo\/image\/"},"sameAs":["https:\/\/www.facebook.com\/AccesoLatinoOrg","https:\/\/x.com\/FAccLatino"]}]}},"_links":{"self":[{"href":"https:\/\/accesolatino.org\/en\/wp-json\/wp\/v2\/pages\/5156","targetHints":{"allow":["GET"]}}],"collection":[{"href":"https:\/\/accesolatino.org\/en\/wp-json\/wp\/v2\/pages"}],"about":[{"href":"https:\/\/accesolatino.org\/en\/wp-json\/wp\/v2\/types\/page"}],"author":[{"embeddable":true,"href":"https:\/\/accesolatino.org\/en\/wp-json\/wp\/v2\/users\/7"}],"replies":[{"embeddable":true,"href":"https:\/\/accesolatino.org\/en\/wp-json\/wp\/v2\/comments?post=5156"}],"version-history":[{"count":1,"href":"https:\/\/accesolatino.org\/en\/wp-json\/wp\/v2\/pages\/5156\/revisions"}],"predecessor-version":[{"id":64268,"href":"https:\/\/accesolatino.org\/en\/wp-json\/wp\/v2\/pages\/5156\/revisions\/64268"}],"wp:featuredmedia":[{"embeddable":true,"href":"https:\/\/accesolatino.org\/en\/wp-json\/wp\/v2\/media\/21320"}],"wp:attachment":[{"href":"https:\/\/accesolatino.org\/en\/wp-json\/wp\/v2\/media?parent=5156"}],"curies":[{"name":"wp","href":"https:\/\/api.w.org\/{rel}","templated":true}]}}