{"id":25897,"date":"2021-03-02T01:29:15","date_gmt":"2021-03-02T07:29:15","guid":{"rendered":"http:\/\/www.grupoazafran.mx\/?page_id=25897"},"modified":"2025-10-16T19:48:06","modified_gmt":"2025-10-17T01:48:06","slug":"declaracion-de-no-conflicto-de-interes","status":"publish","type":"page","link":"https:\/\/accesolatino.org\/en\/declaracion-de-no-conflicto-de-interes\/","title":{"rendered":"Declaration of no conflict of interest"},"content":{"rendered":"<div data-elementor-type=\"wp-page\" data-elementor-id=\"25897\" class=\"elementor elementor-25897\">\n\t\t\t\t\t\t<section class=\"elementor-section elementor-top-section elementor-element elementor-element-7583c7b4 elementor-section-full_width elementor-section-height-min-height elementor-section-items-stretch elementor-section-height-default wpr-particle-no wpr-jarallax-no wpr-parallax-no wpr-sticky-section-no\" data-id=\"7583c7b4\" data-element_type=\"section\" data-e-type=\"section\" data-settings=\"{&quot;background_background&quot;:&quot;classic&quot;}\">\n\t\t\t\t\t\t<div class=\"elementor-container elementor-column-gap-no\">\n\t\t\t\t\t<div class=\"elementor-column elementor-col-100 elementor-top-column elementor-element elementor-element-73aedc30\" data-id=\"73aedc30\" data-element_type=\"column\" data-e-type=\"column\">\n\t\t\t<div class=\"elementor-widget-wrap\">\n\t\t\t\t\t\t\t<\/div>\n\t\t<\/div>\n\t\t\t\t\t<\/div>\n\t\t<\/section>\n\t\t\t\t<section class=\"elementor-section elementor-top-section elementor-element elementor-element-f8700ab elementor-section-boxed elementor-section-height-default elementor-section-height-default wpr-particle-no wpr-jarallax-no wpr-parallax-no wpr-sticky-section-no\" data-id=\"f8700ab\" data-element_type=\"section\" data-e-type=\"section\">\n\t\t\t\t\t\t<div class=\"elementor-container elementor-column-gap-default\">\n\t\t\t\t\t<div class=\"elementor-column elementor-col-100 elementor-top-column elementor-element elementor-element-f0aabb5\" data-id=\"f0aabb5\" data-element_type=\"column\" data-e-type=\"column\">\n\t\t\t<div class=\"elementor-widget-wrap elementor-element-populated\">\n\t\t\t\t\t\t<div class=\"elementor-element elementor-element-50009f6 elementor-widget elementor-widget-spacer\" data-id=\"50009f6\" data-element_type=\"widget\" data-e-type=\"widget\" data-widget_type=\"spacer.default\">\n\t\t\t\t<div class=\"elementor-widget-container\">\n\t\t\t\t\t\t\t<div class=\"elementor-spacer\">\n\t\t\t<div class=\"elementor-spacer-inner\"><\/div>\n\t\t<\/div>\n\t\t\t\t\t\t<\/div>\n\t\t\t\t<\/div>\n\t\t\t\t<div class=\"elementor-element elementor-element-ef566c9 elementor-widget elementor-widget-text-editor\" data-id=\"ef566c9\" data-element_type=\"widget\" data-e-type=\"widget\" data-widget_type=\"text-editor.default\">\n\t\t\t\t<div class=\"elementor-widget-container\">\n\t\t\t\t\t\t\t\t\t<p>The\u00a0<strong>Fundaci\u00f3n Carlos Slim<\/strong>\u00a0es una organizaci\u00f3n sin fines de lucro, comprometida con la generaci\u00f3n de soluciones innovadoras para fortalecer los servicios de salud en beneficio de las poblaciones m\u00e1s vulnerables.<\/p><p>The\u00a0<strong>Fundaci\u00f3n Carlos Slim<\/strong>\u00a0est\u00e1 comprometida con la transparencia, la diseminaci\u00f3n del conocimiento y la promoci\u00f3n de la rendici\u00f3n de cuentas.<\/p><p>The\u00a0<strong>Fundaci\u00f3n Carlos Slim<\/strong>\u00a0no tiene ning\u00fan conflicto de inter\u00e9s, directo o indirecto. No persigue ning\u00fan fin comercial,\u00a0 ni promueve la adquisici\u00f3n de productos o servicios.<\/p>\t\t\t\t\t\t\t\t<\/div>\n\t\t\t\t<\/div>\n\t\t\t\t<div class=\"elementor-element elementor-element-27f2810 elementor-widget elementor-widget-spacer\" data-id=\"27f2810\" data-element_type=\"widget\" data-e-type=\"widget\" data-widget_type=\"spacer.default\">\n\t\t\t\t<div class=\"elementor-widget-container\">\n\t\t\t\t\t\t\t<div class=\"elementor-spacer\">\n\t\t\t<div class=\"elementor-spacer-inner\"><\/div>\n\t\t<\/div>\n\t\t\t\t\t\t<\/div>\n\t\t\t\t<\/div>\n\t\t\t\t\t<\/div>\n\t\t<\/div>\n\t\t\t\t\t<\/div>\n\t\t<\/section>\n\t\t\t\t<\/div>","protected":false},"excerpt":{"rendered":"<p>La\u00a0Fundaci\u00f3n Carlos Slim\u00a0es una organizaci\u00f3n sin fines de lucro, comprometida con la generaci\u00f3n de soluciones innovadoras para fortalecer los servicios de salud en beneficio de las poblaciones m\u00e1s vulnerables. La\u00a0Fundaci\u00f3n Carlos Slim\u00a0est\u00e1 comprometida con la transparencia, la diseminaci\u00f3n del conocimiento y la promoci\u00f3n de la rendici\u00f3n de cuentas. La\u00a0Fundaci\u00f3n Carlos Slim\u00a0no tiene ning\u00fan conflicto de inter\u00e9s, directo o indirecto. No persigue ning\u00fan fin comercial,\u00a0 ni promueve la adquisici\u00f3n de productos o servicios.<\/p>","protected":false},"author":1,"featured_media":50720,"parent":0,"menu_order":0,"comment_status":"closed","ping_status":"closed","template":"elementor_header_footer","meta":{"_uf_show_specific_survey":0,"_uf_disable_surveys":false,"footnotes":""},"class_list":["post-25897","page","type-page","status-publish","has-post-thumbnail"],"aioseo_notices":[],"yoast_head":"<!-- This site is optimized with the Yoast SEO plugin v27.3 - https:\/\/yoast.com\/product\/yoast-seo-wordpress\/ -->\n<title>Declaraci\u00f3n de no conflicto de inter\u00e9s<\/title>\n<meta name=\"description\" content=\"Declaraci\u00f3n de no conflicto de inter\u00e9s - Fundaci\u00f3n Carlos Slim - Acceso Latino\" \/>\n<meta name=\"robots\" content=\"index, follow, max-snippet:-1, max-image-preview:large, max-video-preview:-1\" \/>\n<link rel=\"canonical\" href=\"https:\/\/accesolatino.org\/en\/declaracion-de-no-conflicto-de-interes\/\" \/>\n<meta property=\"og:locale\" content=\"en_US\" \/>\n<meta property=\"og:type\" content=\"article\" \/>\n<meta property=\"og:title\" content=\"Acceso Latino | Declaraci\u00f3n de no conflicto de inter\u00e9s\" \/>\n<meta property=\"og:description\" content=\"Declaraci\u00f3n de no conflicto de inter\u00e9s\" \/>\n<meta property=\"og:url\" content=\"https:\/\/accesolatino.org\/en\/declaracion-de-no-conflicto-de-interes\/\" \/>\n<meta property=\"og:site_name\" content=\"Acceso Latino\" \/>\n<meta property=\"article:publisher\" content=\"https:\/\/www.facebook.com\/AccesoLatinoOrg\" \/>\n<meta property=\"article:modified_time\" content=\"2025-10-17T01:48:06+00:00\" \/>\n<meta property=\"og:image\" content=\"https:\/\/accesolatino.org\/wp-content\/uploads\/2023\/09\/banner-front-acceso-latino.png\" \/>\n\t<meta property=\"og:image:width\" content=\"1440\" \/>\n\t<meta property=\"og:image:height\" content=\"720\" \/>\n\t<meta property=\"og:image:type\" content=\"image\/png\" \/>\n<meta name=\"twitter:card\" content=\"summary_large_image\" \/>\n<meta name=\"twitter:title\" content=\"Acceso Latino | Declaraci\u00f3n de no conflicto de inter\u00e9s\" \/>\n<meta name=\"twitter:description\" content=\"Declaraci\u00f3n de no conflicto de inter\u00e9s\" \/>\n<meta name=\"twitter:site\" content=\"@FAccLatino\" \/>\n<meta name=\"twitter:label1\" content=\"Est. reading time\" \/>\n\t<meta name=\"twitter:data1\" content=\"1 minute\" \/>\n<script type=\"application\/ld+json\" class=\"yoast-schema-graph\">{\"@context\":\"https:\\\/\\\/schema.org\",\"@graph\":[{\"@type\":\"WebPage\",\"@id\":\"https:\\\/\\\/accesolatino.org\\\/declaracion-de-no-conflicto-de-interes\\\/\",\"url\":\"https:\\\/\\\/accesolatino.org\\\/declaracion-de-no-conflicto-de-interes\\\/\",\"name\":\"Declaraci\u00f3n de no conflicto de inter\u00e9s\",\"isPartOf\":{\"@id\":\"https:\\\/\\\/accesolatino.org\\\/#website\"},\"primaryImageOfPage\":{\"@id\":\"https:\\\/\\\/accesolatino.org\\\/declaracion-de-no-conflicto-de-interes\\\/#primaryimage\"},\"image\":{\"@id\":\"https:\\\/\\\/accesolatino.org\\\/declaracion-de-no-conflicto-de-interes\\\/#primaryimage\"},\"thumbnailUrl\":\"https:\\\/\\\/accesolatino.org\\\/wp-content\\\/uploads\\\/2023\\\/09\\\/banner-front-acceso-latino.png\",\"datePublished\":\"2021-03-02T07:29:15+00:00\",\"dateModified\":\"2025-10-17T01:48:06+00:00\",\"description\":\"Declaraci\u00f3n de no conflicto de inter\u00e9s - Fundaci\u00f3n Carlos Slim - Acceso Latino\",\"breadcrumb\":{\"@id\":\"https:\\\/\\\/accesolatino.org\\\/declaracion-de-no-conflicto-de-interes\\\/#breadcrumb\"},\"inLanguage\":\"en-US\",\"potentialAction\":[{\"@type\":\"ReadAction\",\"target\":[\"https:\\\/\\\/accesolatino.org\\\/declaracion-de-no-conflicto-de-interes\\\/\"]}]},{\"@type\":\"ImageObject\",\"inLanguage\":\"en-US\",\"@id\":\"https:\\\/\\\/accesolatino.org\\\/declaracion-de-no-conflicto-de-interes\\\/#primaryimage\",\"url\":\"https:\\\/\\\/accesolatino.org\\\/wp-content\\\/uploads\\\/2023\\\/09\\\/banner-front-acceso-latino.png\",\"contentUrl\":\"https:\\\/\\\/accesolatino.org\\\/wp-content\\\/uploads\\\/2023\\\/09\\\/banner-front-acceso-latino.png\",\"width\":1440,\"height\":720,\"caption\":\"acceso latino\"},{\"@type\":\"BreadcrumbList\",\"@id\":\"https:\\\/\\\/accesolatino.org\\\/declaracion-de-no-conflicto-de-interes\\\/#breadcrumb\",\"itemListElement\":[{\"@type\":\"ListItem\",\"position\":1,\"name\":\"Portada\",\"item\":\"https:\\\/\\\/accesolatino.org\\\/\"},{\"@type\":\"ListItem\",\"position\":2,\"name\":\"Declaraci\u00f3n de no conflicto de inter\u00e9s\"}]},{\"@type\":\"WebSite\",\"@id\":\"https:\\\/\\\/accesolatino.org\\\/#website\",\"url\":\"https:\\\/\\\/accesolatino.org\\\/\",\"name\":\"Acceso Latino | Fundaci\u00f3n Carlos Slim\",\"description\":\"Fundaci\u00f3n Carlos Slim\",\"publisher\":{\"@id\":\"https:\\\/\\\/accesolatino.org\\\/#organization\"},\"potentialAction\":[{\"@type\":\"SearchAction\",\"target\":{\"@type\":\"EntryPoint\",\"urlTemplate\":\"https:\\\/\\\/accesolatino.org\\\/?s={search_term_string}\"},\"query-input\":{\"@type\":\"PropertyValueSpecification\",\"valueRequired\":true,\"valueName\":\"search_term_string\"}}],\"inLanguage\":\"en-US\"},{\"@type\":\"Organization\",\"@id\":\"https:\\\/\\\/accesolatino.org\\\/#organization\",\"name\":\"Acceso Latino | Fundaci\u00f3n Carlos Slim\",\"url\":\"https:\\\/\\\/accesolatino.org\\\/\",\"logo\":{\"@type\":\"ImageObject\",\"inLanguage\":\"en-US\",\"@id\":\"https:\\\/\\\/accesolatino.org\\\/#\\\/schema\\\/logo\\\/image\\\/\",\"url\":\"https:\\\/\\\/accesolatino.org\\\/wp-content\\\/uploads\\\/2021\\\/02\\\/logo-footer-acceso-latino.png\",\"contentUrl\":\"https:\\\/\\\/accesolatino.org\\\/wp-content\\\/uploads\\\/2021\\\/02\\\/logo-footer-acceso-latino.png\",\"width\":240,\"height\":40,\"caption\":\"Acceso Latino | Fundaci\u00f3n Carlos Slim\"},\"image\":{\"@id\":\"https:\\\/\\\/accesolatino.org\\\/#\\\/schema\\\/logo\\\/image\\\/\"},\"sameAs\":[\"https:\\\/\\\/www.facebook.com\\\/AccesoLatinoOrg\",\"https:\\\/\\\/x.com\\\/FAccLatino\"]}]}<\/script>\n<!-- \/ Yoast SEO plugin. -->","yoast_head_json":{"title":"Declaration of no conflict of interest","description":"Declaraci\u00f3n de no conflicto de inter\u00e9s - Fundaci\u00f3n Carlos Slim - Acceso Latino","robots":{"index":"index","follow":"follow","max-snippet":"max-snippet:-1","max-image-preview":"max-image-preview:large","max-video-preview":"max-video-preview:-1"},"canonical":"https:\/\/accesolatino.org\/en\/declaracion-de-no-conflicto-de-interes\/","og_locale":"en_US","og_type":"article","og_title":"Acceso Latino | Declaraci\u00f3n de no conflicto de inter\u00e9s","og_description":"Declaraci\u00f3n de no conflicto de inter\u00e9s","og_url":"https:\/\/accesolatino.org\/en\/declaracion-de-no-conflicto-de-interes\/","og_site_name":"Acceso Latino","article_publisher":"https:\/\/www.facebook.com\/AccesoLatinoOrg","article_modified_time":"2025-10-17T01:48:06+00:00","og_image":[{"width":1440,"height":720,"url":"https:\/\/accesolatino.org\/wp-content\/uploads\/2023\/09\/banner-front-acceso-latino.png","type":"image\/png"}],"twitter_card":"summary_large_image","twitter_title":"Acceso Latino | Declaraci\u00f3n de no conflicto de inter\u00e9s","twitter_description":"Declaraci\u00f3n de no conflicto de inter\u00e9s","twitter_site":"@FAccLatino","twitter_misc":{"Est. reading time":"1 minute"},"schema":{"@context":"https:\/\/schema.org","@graph":[{"@type":"WebPage","@id":"https:\/\/accesolatino.org\/declaracion-de-no-conflicto-de-interes\/","url":"https:\/\/accesolatino.org\/declaracion-de-no-conflicto-de-interes\/","name":"Declaration of no conflict of interest","isPartOf":{"@id":"https:\/\/accesolatino.org\/#website"},"primaryImageOfPage":{"@id":"https:\/\/accesolatino.org\/declaracion-de-no-conflicto-de-interes\/#primaryimage"},"image":{"@id":"https:\/\/accesolatino.org\/declaracion-de-no-conflicto-de-interes\/#primaryimage"},"thumbnailUrl":"https:\/\/accesolatino.org\/wp-content\/uploads\/2023\/09\/banner-front-acceso-latino.png","datePublished":"2021-03-02T07:29:15+00:00","dateModified":"2025-10-17T01:48:06+00:00","description":"Declaraci\u00f3n de no conflicto de inter\u00e9s - Fundaci\u00f3n Carlos Slim - Acceso Latino","breadcrumb":{"@id":"https:\/\/accesolatino.org\/declaracion-de-no-conflicto-de-interes\/#breadcrumb"},"inLanguage":"en-US","potentialAction":[{"@type":"ReadAction","target":["https:\/\/accesolatino.org\/declaracion-de-no-conflicto-de-interes\/"]}]},{"@type":"ImageObject","inLanguage":"en-US","@id":"https:\/\/accesolatino.org\/declaracion-de-no-conflicto-de-interes\/#primaryimage","url":"https:\/\/accesolatino.org\/wp-content\/uploads\/2023\/09\/banner-front-acceso-latino.png","contentUrl":"https:\/\/accesolatino.org\/wp-content\/uploads\/2023\/09\/banner-front-acceso-latino.png","width":1440,"height":720,"caption":"acceso latino"},{"@type":"BreadcrumbList","@id":"https:\/\/accesolatino.org\/declaracion-de-no-conflicto-de-interes\/#breadcrumb","itemListElement":[{"@type":"ListItem","position":1,"name":"Portada","item":"https:\/\/accesolatino.org\/"},{"@type":"ListItem","position":2,"name":"Declaraci\u00f3n de no conflicto de inter\u00e9s"}]},{"@type":"WebSite","@id":"https:\/\/accesolatino.org\/#website","url":"https:\/\/accesolatino.org\/","name":"Acceso Latino | Fundaci\u00f3n Carlos Slim","description":"Fundaci\u00f3n Carlos Slim","publisher":{"@id":"https:\/\/accesolatino.org\/#organization"},"potentialAction":[{"@type":"SearchAction","target":{"@type":"EntryPoint","urlTemplate":"https:\/\/accesolatino.org\/?s={search_term_string}"},"query-input":{"@type":"PropertyValueSpecification","valueRequired":true,"valueName":"search_term_string"}}],"inLanguage":"en-US"},{"@type":"Organization","@id":"https:\/\/accesolatino.org\/#organization","name":"Acceso Latino | Fundaci\u00f3n Carlos Slim","url":"https:\/\/accesolatino.org\/","logo":{"@type":"ImageObject","inLanguage":"en-US","@id":"https:\/\/accesolatino.org\/#\/schema\/logo\/image\/","url":"https:\/\/accesolatino.org\/wp-content\/uploads\/2021\/02\/logo-footer-acceso-latino.png","contentUrl":"https:\/\/accesolatino.org\/wp-content\/uploads\/2021\/02\/logo-footer-acceso-latino.png","width":240,"height":40,"caption":"Acceso Latino | Fundaci\u00f3n Carlos Slim"},"image":{"@id":"https:\/\/accesolatino.org\/#\/schema\/logo\/image\/"},"sameAs":["https:\/\/www.facebook.com\/AccesoLatinoOrg","https:\/\/x.com\/FAccLatino"]}]}},"_links":{"self":[{"href":"https:\/\/accesolatino.org\/en\/wp-json\/wp\/v2\/pages\/25897","targetHints":{"allow":["GET"]}}],"collection":[{"href":"https:\/\/accesolatino.org\/en\/wp-json\/wp\/v2\/pages"}],"about":[{"href":"https:\/\/accesolatino.org\/en\/wp-json\/wp\/v2\/types\/page"}],"author":[{"embeddable":true,"href":"https:\/\/accesolatino.org\/en\/wp-json\/wp\/v2\/users\/1"}],"replies":[{"embeddable":true,"href":"https:\/\/accesolatino.org\/en\/wp-json\/wp\/v2\/comments?post=25897"}],"version-history":[{"count":1,"href":"https:\/\/accesolatino.org\/en\/wp-json\/wp\/v2\/pages\/25897\/revisions"}],"predecessor-version":[{"id":62523,"href":"https:\/\/accesolatino.org\/en\/wp-json\/wp\/v2\/pages\/25897\/revisions\/62523"}],"wp:featuredmedia":[{"embeddable":true,"href":"https:\/\/accesolatino.org\/en\/wp-json\/wp\/v2\/media\/50720"}],"wp:attachment":[{"href":"https:\/\/accesolatino.org\/en\/wp-json\/wp\/v2\/media?parent=25897"}],"curies":[{"name":"wp","href":"https:\/\/api.w.org\/{rel}","templated":true}]}}