{"id":25427,"date":"2021-02-04T08:18:41","date_gmt":"2021-02-04T14:18:41","guid":{"rendered":"https:\/\/accesolatino.org\/?page_id=25427"},"modified":"2025-11-10T15:04:12","modified_gmt":"2025-11-10T21:04:12","slug":"te-explicamos-las-diferencias-entre-ged-tasc-y-hiset","status":"publish","type":"page","link":"https:\/\/accesolatino.org\/en\/te-explicamos-las-diferencias-entre-ged-tasc-y-hiset\/","title":{"rendered":"We explain the differences between GED, TASC and HiSET."},"content":{"rendered":"<div data-elementor-type=\"wp-post\" data-elementor-id=\"25427\" class=\"elementor elementor-25427\">\n\t\t\t\t\t\t<section class=\"elementor-section elementor-top-section elementor-element elementor-element-cff3054 elementor-section-full_width elementor-section-height-min-height elementor-section-items-stretch elementor-section-height-default wpr-particle-no wpr-jarallax-no wpr-parallax-no wpr-sticky-section-no wpr-equal-height-no\" data-id=\"cff3054\" data-element_type=\"section\" data-e-type=\"section\" data-settings=\"{&quot;background_background&quot;:&quot;classic&quot;}\">\n\t\t\t\t\t\t<div class=\"elementor-container elementor-column-gap-no\">\n\t\t\t\t\t<div class=\"elementor-column elementor-col-100 elementor-top-column elementor-element elementor-element-1375113\" data-id=\"1375113\" data-element_type=\"column\" data-e-type=\"column\">\n\t\t\t<div class=\"elementor-widget-wrap elementor-element-populated\">\n\t\t\t\t\t\t<div class=\"elementor-element elementor-element-4e7e4b2 elementor--h-position-center elementor--v-position-middle elementor-widget elementor-widget-slides\" data-id=\"4e7e4b2\" data-element_type=\"widget\" data-e-type=\"widget\" data-settings=\"{&quot;navigation&quot;:&quot;none&quot;,&quot;infinite&quot;:&quot;yes&quot;,&quot;transition&quot;:&quot;slide&quot;,&quot;transition_speed&quot;:500}\" data-widget_type=\"slides.default\">\n\t\t\t\t<div class=\"elementor-widget-container\">\n\t\t\t\t\t\t\t<div class=\"elementor-swiper\">\n\t\t\t<div class=\"elementor-slides-wrapper elementor-main-swiper swiper-container\" dir=\"ltr\" data-animation=\"\">\n\t\t\t\t<div class=\"swiper-wrapper elementor-slides\">\n\t\t\t\t\t\t\t\t\t\t<div class=\"elementor-repeater-item-d983a28 swiper-slide\"><div class=\"swiper-slide-bg\"><\/div><div class=\"swiper-slide-inner\" ><div class=\"swiper-slide-contents\"><div class=\"elementor-slide-heading\">Education<\/div><\/div><\/div><\/div>\t\t\t\t<\/div>\n\t\t\t\t\t\t\t<\/div>\n\t\t<\/div>\n\t\t\t\t\t\t<\/div>\n\t\t\t\t<\/div>\n\t\t\t\t\t<\/div>\n\t\t<\/div>\n\t\t\t\t\t<\/div>\n\t\t<\/section>\n\t\t\t\t<section class=\"elementor-section elementor-top-section elementor-element elementor-element-6899a9a elementor-section-stretched elementor-section-boxed elementor-section-height-default elementor-section-height-default wpr-particle-no wpr-jarallax-no wpr-parallax-no wpr-sticky-section-no wpr-equal-height-no\" data-id=\"6899a9a\" data-element_type=\"section\" data-e-type=\"section\" data-settings=\"{&quot;stretch_section&quot;:&quot;section-stretched&quot;,&quot;background_background&quot;:&quot;classic&quot;}\">\n\t\t\t\t\t\t<div class=\"elementor-container elementor-column-gap-default\">\n\t\t\t\t\t<div class=\"elementor-column elementor-col-100 elementor-top-column elementor-element elementor-element-4b23ce8\" data-id=\"4b23ce8\" data-element_type=\"column\" data-e-type=\"column\">\n\t\t\t<div class=\"elementor-widget-wrap elementor-element-populated\">\n\t\t\t\t\t\t<div class=\"elementor-element elementor-element-77f8f8a elementor-widget elementor-widget-heading\" data-id=\"77f8f8a\" data-element_type=\"widget\" data-e-type=\"widget\" data-widget_type=\"heading.default\">\n\t\t\t\t<div class=\"elementor-widget-container\">\n\t\t\t\t\t<h3 class=\"elementor-heading-title elementor-size-default\">We explain the differences between GED, TASC and HiSET.<\/h3>\t\t\t\t<\/div>\n\t\t\t\t<\/div>\n\t\t\t\t<div class=\"elementor-element elementor-element-1459e65 elementor-widget elementor-widget-text-editor\" data-id=\"1459e65\" data-element_type=\"widget\" data-e-type=\"widget\" data-widget_type=\"text-editor.default\">\n\t\t\t\t<div class=\"elementor-widget-container\">\n\t\t\t\t\t\t\t\t\t<p>Continuar con tus estudios es muy importante para que puedas asistir a la universidad y seguir form\u00e1ndote como persona. Por estas razones, en <strong>Acceso Latino <\/strong>te explicamos las diferencias entre GED, TASC y HiSET, los cuales encontrar\u00e1s en la secci\u00f3n <a href=\"https:\/\/accesolatino.org\/en\/educacion\/\">Education<\/a> en el apartado <strong>Educaci\u00f3n en Casa<\/strong>.<\/p><p><a href=\"https:\/\/ged.com\/es\/\"><strong>GED<\/strong><\/a><strong>: <\/strong><\/p><p>The <em>General Educational Development Test<\/em> (Examen de Desarrollo Educativo General) es un examen de equivalencia que se aplica a aquellos que no pudieron obtener su diploma de <em>High School<\/em> y sirve para medir los conocimientos y habilidades adquiridos en este nivel educativo.<\/p><p>El examen est\u00e1 disponible en espa\u00f1ol y se divide en 5 \u00e1reas de conocimiento: matem\u00e1ticas, lectura, ciencias, estudios sociales y redacci\u00f3n. Tiene una duraci\u00f3n aproximada de m\u00e1s de 7 horas.<\/p><p>Las puntuaciones van de 100 a 200 puntos y se catalogan as\u00ed:<\/p><ul><li>Bajo Puntaje de Aprobaci\u00f3n: 100 a 149 puntos<\/li><li>Puntaje para Aprobar: 150 a 169 puntos<\/li><li>Puntaje con Honores: 170 a 200 puntos<\/li><\/ul><p><a href=\"https:\/\/tasctest.com\/\"><strong>TASC<\/strong><\/a><strong>:<\/strong><\/p><p>The <em>Test Assessing Secondary Completion<\/em> (Examen de Evaluaci\u00f3n de Terminaci\u00f3n Secundaria) est\u00e1 dise\u00f1ado para cualquier persona que no tiene su diploma de secundaria y lo puede obtener con esta evaluaci\u00f3n.<\/p><p>Se califican los siguientes conocimientos: lectura, redacci\u00f3n, matem\u00e1ticas, ciencias y estudios sociales.<\/p><p>Puede realizarse en espa\u00f1ol y una vez aprobado, el alumno recibe su equivalencia para poder estudiar en la universidad o conseguir trabajo.<\/p><p><a href=\"https:\/\/hiset.ets.org\/\"><strong>HiSET<\/strong><\/a><strong>: <\/strong><\/p><p>The <em>High School Equivalent Test <\/em>(Examen de Equivalencia de <em>High Schoo<\/em>l) es un diploma el cual determina que la persona que lo realiz\u00f3 adquiri\u00f3 los mismos conocimientos y habilidades como si hubiera estudiado en Estados Unidos.<\/p><p>En este hay 5 materias a evaluar: estudios sociales, ciencias, matem\u00e1ticas, lectura y escritura. \u00a0<\/p><p>Si quieres m\u00e1s informaci\u00f3n sobre los diferentes ex\u00e1menes, en las ligas de cada uno de estos la puedes obtener o en el apartado de <a href=\"https:\/\/accesolatino.org\/en\/educacion\/ged-tasc-y-hi-set\/\">Education<\/a>.<\/p><p>Es importante se\u00f1alar que debido a las restricciones por Covid-19, muchos estados han cancelado las pruebas, adem\u00e1s de que no en todos se pueden aplicar; es por eso que debes revisar bien antes de poder realizar el que mejor te convenga.<\/p><p>Por \u00faltimo, si tienes dudas sobre c\u00f3mo prepararte para estos ex\u00e1menes, en la p\u00e1gina <a href=\"https:\/\/www.march2success.com\/main\/index\">March2Success<\/a>, podr\u00e1s practicar.\u00a0 \u00a0\u00a0<\/p>\t\t\t\t\t\t\t\t<\/div>\n\t\t\t\t<\/div>\n\t\t\t\t<div class=\"elementor-element elementor-element-365c58a elementor-widget elementor-widget-spacer\" data-id=\"365c58a\" data-element_type=\"widget\" data-e-type=\"widget\" data-widget_type=\"spacer.default\">\n\t\t\t\t<div class=\"elementor-widget-container\">\n\t\t\t\t\t\t\t<div class=\"elementor-spacer\">\n\t\t\t<div class=\"elementor-spacer-inner\"><\/div>\n\t\t<\/div>\n\t\t\t\t\t\t<\/div>\n\t\t\t\t<\/div>\n\t\t\t\t\t<\/div>\n\t\t<\/div>\n\t\t\t\t\t<\/div>\n\t\t<\/section>\n\t\t\t\t<\/div>","protected":false},"excerpt":{"rendered":"<p>Educaci\u00f3n Te explicamos las diferencias entre GED, TASC y HiSET Continuar con tus estudios es muy importante para que puedas asistir a la universidad y seguir form\u00e1ndote como persona. Por estas razones, en Acceso Latino te explicamos las diferencias entre GED, TASC y HiSET, los cuales encontrar\u00e1s en la secci\u00f3n Educaci\u00f3n en el apartado Educaci\u00f3n en Casa. GED: El General Educational Development Test (Examen de Desarrollo Educativo General) es un examen de equivalencia que se aplica a aquellos que no pudieron obtener su diploma de High School y sirve para medir los conocimientos y habilidades adquiridos en este nivel educativo. El examen est\u00e1 disponible en espa\u00f1ol y se divide en 5 \u00e1reas de conocimiento: matem\u00e1ticas, lectura, ciencias, estudios sociales y redacci\u00f3n. Tiene una duraci\u00f3n aproximada de m\u00e1s de 7 horas. Las puntuaciones van de 100 a 200 puntos y se catalogan as\u00ed: Bajo Puntaje de Aprobaci\u00f3n: 100 a 149 puntos Puntaje para Aprobar: 150 a 169 puntos Puntaje con Honores: 170 a 200 puntos TASC: El Test Assessing Secondary Completion (Examen de Evaluaci\u00f3n de Terminaci\u00f3n Secundaria) est\u00e1 dise\u00f1ado para cualquier persona que no tiene su diploma de secundaria y lo puede obtener con esta evaluaci\u00f3n. Se califican los siguientes conocimientos: lectura, redacci\u00f3n, matem\u00e1ticas, ciencias y estudios sociales. Puede realizarse en espa\u00f1ol y una vez aprobado, el alumno recibe su equivalencia para poder estudiar en la universidad o conseguir trabajo. HiSET: El High School Equivalent Test (Examen de Equivalencia de High School) es un diploma el cual determina que la persona que lo realiz\u00f3 adquiri\u00f3 los mismos conocimientos y habilidades como si hubiera estudiado en Estados Unidos. En este hay 5 materias a evaluar: estudios sociales, ciencias, matem\u00e1ticas, lectura y escritura. \u00a0 Si quieres m\u00e1s informaci\u00f3n sobre los diferentes ex\u00e1menes, en las ligas de cada uno de estos la puedes obtener o en el apartado de Educaci\u00f3n. Es importante se\u00f1alar que debido a las restricciones por Covid-19, muchos estados han cancelado las pruebas, adem\u00e1s de que no en todos se pueden aplicar; es por eso que debes revisar bien antes de poder realizar el que mejor te convenga. Por \u00faltimo, si tienes dudas sobre c\u00f3mo prepararte para estos ex\u00e1menes, en la p\u00e1gina March2Success, podr\u00e1s practicar.\u00a0 \u00a0\u00a0<\/p>","protected":false},"author":7,"featured_media":25445,"parent":0,"menu_order":0,"comment_status":"closed","ping_status":"closed","template":"elementor_header_footer","meta":{"_uf_show_specific_survey":0,"_uf_disable_surveys":false,"footnotes":""},"class_list":["post-25427","page","type-page","status-publish","has-post-thumbnail"],"aioseo_notices":[],"yoast_head":"<!-- This site is optimized with the Yoast SEO plugin v27.5 - https:\/\/yoast.com\/product\/yoast-seo-wordpress\/ -->\n<title>Te explicamos las diferencias entre GED, TASC y HiSET<\/title>\n<meta name=\"description\" content=\"Te explicamos las diferencias entre GED, TASC y HiSET Continuar con tus estudios es muy importante para que puedas asistir a la universidad...\" \/>\n<meta name=\"robots\" content=\"index, follow, max-snippet:-1, max-image-preview:large, max-video-preview:-1\" \/>\n<link rel=\"canonical\" href=\"https:\/\/accesolatino.org\/en\/te-explicamos-las-diferencias-entre-ged-tasc-y-hiset\/\" \/>\n<meta property=\"og:locale\" content=\"en_US\" \/>\n<meta property=\"og:type\" content=\"article\" \/>\n<meta property=\"og:title\" content=\"Acceso Latino | Te explicamos las diferencias entre GED, TASC y HiSET\" \/>\n<meta property=\"og:description\" content=\"Conoce las Instituciones que te pueden ser de ayuda en otros pa\u00edses.\" \/>\n<meta property=\"og:url\" content=\"https:\/\/accesolatino.org\/en\/te-explicamos-las-diferencias-entre-ged-tasc-y-hiset\/\" \/>\n<meta property=\"og:site_name\" content=\"Acceso Latino\" \/>\n<meta property=\"article:publisher\" content=\"https:\/\/www.facebook.com\/AccesoLatinoOrg\" \/>\n<meta property=\"article:modified_time\" content=\"2025-11-10T21:04:12+00:00\" \/>\n<meta property=\"og:image\" content=\"https:\/\/accesolatino.org\/wp-content\/uploads\/2021\/02\/Te-explicamos-las-diferencias-entre-GED-TASC-y-HiSET.png\" \/>\n\t<meta property=\"og:image:width\" content=\"600\" \/>\n\t<meta property=\"og:image:height\" content=\"338\" \/>\n\t<meta property=\"og:image:type\" content=\"image\/png\" \/>\n<meta name=\"twitter:card\" content=\"summary_large_image\" \/>\n<meta name=\"twitter:title\" content=\"Acceso Latino | Te explicamos las diferencias entre GED, TASC y HiSET\" \/>\n<meta name=\"twitter:description\" content=\"Conoce las Instituciones que te pueden ser de ayuda en otros pa\u00edses.\" \/>\n<meta name=\"twitter:image\" content=\"https:\/\/accesolatino.org\/wp-content\/uploads\/2021\/02\/Te-explicamos-las-diferencias-entre-GED-TASC-y-HiSET.png\" \/>\n<meta name=\"twitter:site\" content=\"@FAccLatino\" \/>\n<meta name=\"twitter:label1\" content=\"Est. reading time\" \/>\n\t<meta name=\"twitter:data1\" content=\"2 minutes\" \/>\n<script type=\"application\/ld+json\" class=\"yoast-schema-graph\">{\"@context\":\"https:\\\/\\\/schema.org\",\"@graph\":[{\"@type\":\"WebPage\",\"@id\":\"https:\\\/\\\/accesolatino.org\\\/te-explicamos-las-diferencias-entre-ged-tasc-y-hiset\\\/\",\"url\":\"https:\\\/\\\/accesolatino.org\\\/te-explicamos-las-diferencias-entre-ged-tasc-y-hiset\\\/\",\"name\":\"Te explicamos las diferencias entre GED, TASC y HiSET\",\"isPartOf\":{\"@id\":\"https:\\\/\\\/accesolatino.org\\\/#website\"},\"primaryImageOfPage\":{\"@id\":\"https:\\\/\\\/accesolatino.org\\\/te-explicamos-las-diferencias-entre-ged-tasc-y-hiset\\\/#primaryimage\"},\"image\":{\"@id\":\"https:\\\/\\\/accesolatino.org\\\/te-explicamos-las-diferencias-entre-ged-tasc-y-hiset\\\/#primaryimage\"},\"thumbnailUrl\":\"https:\\\/\\\/accesolatino.org\\\/wp-content\\\/uploads\\\/2021\\\/02\\\/Te-explicamos-las-diferencias-entre-GED-TASC-y-HiSET.png\",\"datePublished\":\"2021-02-04T14:18:41+00:00\",\"dateModified\":\"2025-11-10T21:04:12+00:00\",\"description\":\"Te explicamos las diferencias entre GED, TASC y HiSET Continuar con tus estudios es muy importante para que puedas asistir a la universidad...\",\"breadcrumb\":{\"@id\":\"https:\\\/\\\/accesolatino.org\\\/te-explicamos-las-diferencias-entre-ged-tasc-y-hiset\\\/#breadcrumb\"},\"inLanguage\":\"en-US\",\"potentialAction\":[{\"@type\":\"ReadAction\",\"target\":[\"https:\\\/\\\/accesolatino.org\\\/te-explicamos-las-diferencias-entre-ged-tasc-y-hiset\\\/\"]}]},{\"@type\":\"ImageObject\",\"inLanguage\":\"en-US\",\"@id\":\"https:\\\/\\\/accesolatino.org\\\/te-explicamos-las-diferencias-entre-ged-tasc-y-hiset\\\/#primaryimage\",\"url\":\"https:\\\/\\\/accesolatino.org\\\/wp-content\\\/uploads\\\/2021\\\/02\\\/Te-explicamos-las-diferencias-entre-GED-TASC-y-HiSET.png\",\"contentUrl\":\"https:\\\/\\\/accesolatino.org\\\/wp-content\\\/uploads\\\/2021\\\/02\\\/Te-explicamos-las-diferencias-entre-GED-TASC-y-HiSET.png\",\"width\":600,\"height\":338,\"caption\":\"educaci\u00f3n\"},{\"@type\":\"BreadcrumbList\",\"@id\":\"https:\\\/\\\/accesolatino.org\\\/te-explicamos-las-diferencias-entre-ged-tasc-y-hiset\\\/#breadcrumb\",\"itemListElement\":[{\"@type\":\"ListItem\",\"position\":1,\"name\":\"Portada\",\"item\":\"https:\\\/\\\/accesolatino.org\\\/\"},{\"@type\":\"ListItem\",\"position\":2,\"name\":\"Te explicamos las diferencias entre GED, TASC y HiSET\"}]},{\"@type\":\"WebSite\",\"@id\":\"https:\\\/\\\/accesolatino.org\\\/#website\",\"url\":\"https:\\\/\\\/accesolatino.org\\\/\",\"name\":\"Acceso Latino | Fundaci\u00f3n Carlos Slim\",\"description\":\"Fundaci\u00f3n Carlos Slim\",\"publisher\":{\"@id\":\"https:\\\/\\\/accesolatino.org\\\/#organization\"},\"potentialAction\":[{\"@type\":\"SearchAction\",\"target\":{\"@type\":\"EntryPoint\",\"urlTemplate\":\"https:\\\/\\\/accesolatino.org\\\/?s={search_term_string}\"},\"query-input\":{\"@type\":\"PropertyValueSpecification\",\"valueRequired\":true,\"valueName\":\"search_term_string\"}}],\"inLanguage\":\"en-US\"},{\"@type\":\"Organization\",\"@id\":\"https:\\\/\\\/accesolatino.org\\\/#organization\",\"name\":\"Acceso Latino | Fundaci\u00f3n Carlos Slim\",\"url\":\"https:\\\/\\\/accesolatino.org\\\/\",\"logo\":{\"@type\":\"ImageObject\",\"inLanguage\":\"en-US\",\"@id\":\"https:\\\/\\\/accesolatino.org\\\/#\\\/schema\\\/logo\\\/image\\\/\",\"url\":\"https:\\\/\\\/accesolatino.org\\\/wp-content\\\/uploads\\\/2021\\\/02\\\/logo-footer-acceso-latino.png\",\"contentUrl\":\"https:\\\/\\\/accesolatino.org\\\/wp-content\\\/uploads\\\/2021\\\/02\\\/logo-footer-acceso-latino.png\",\"width\":240,\"height\":40,\"caption\":\"Acceso Latino | Fundaci\u00f3n Carlos Slim\"},\"image\":{\"@id\":\"https:\\\/\\\/accesolatino.org\\\/#\\\/schema\\\/logo\\\/image\\\/\"},\"sameAs\":[\"https:\\\/\\\/www.facebook.com\\\/AccesoLatinoOrg\",\"https:\\\/\\\/x.com\\\/FAccLatino\"]}]}<\/script>\n<!-- \/ Yoast SEO plugin. -->","yoast_head_json":{"title":"We explain the differences between GED, TASC and HiSET.","description":"Te explicamos las diferencias entre GED, TASC y HiSET Continuar con tus estudios es muy importante para que puedas asistir a la universidad...","robots":{"index":"index","follow":"follow","max-snippet":"max-snippet:-1","max-image-preview":"max-image-preview:large","max-video-preview":"max-video-preview:-1"},"canonical":"https:\/\/accesolatino.org\/en\/te-explicamos-las-diferencias-entre-ged-tasc-y-hiset\/","og_locale":"en_US","og_type":"article","og_title":"Acceso Latino | Te explicamos las diferencias entre GED, TASC y HiSET","og_description":"Conoce las Instituciones que te pueden ser de ayuda en otros pa\u00edses.","og_url":"https:\/\/accesolatino.org\/en\/te-explicamos-las-diferencias-entre-ged-tasc-y-hiset\/","og_site_name":"Acceso Latino","article_publisher":"https:\/\/www.facebook.com\/AccesoLatinoOrg","article_modified_time":"2025-11-10T21:04:12+00:00","og_image":[{"width":600,"height":338,"url":"https:\/\/accesolatino.org\/wp-content\/uploads\/2021\/02\/Te-explicamos-las-diferencias-entre-GED-TASC-y-HiSET.png","type":"image\/png"}],"twitter_card":"summary_large_image","twitter_title":"Acceso Latino | Te explicamos las diferencias entre GED, TASC y HiSET","twitter_description":"Conoce las Instituciones que te pueden ser de ayuda en otros pa\u00edses.","twitter_image":"https:\/\/accesolatino.org\/wp-content\/uploads\/2021\/02\/Te-explicamos-las-diferencias-entre-GED-TASC-y-HiSET.png","twitter_site":"@FAccLatino","twitter_misc":{"Est. reading time":"2 minutes"},"schema":{"@context":"https:\/\/schema.org","@graph":[{"@type":"WebPage","@id":"https:\/\/accesolatino.org\/te-explicamos-las-diferencias-entre-ged-tasc-y-hiset\/","url":"https:\/\/accesolatino.org\/te-explicamos-las-diferencias-entre-ged-tasc-y-hiset\/","name":"We explain the differences between GED, TASC and HiSET.","isPartOf":{"@id":"https:\/\/accesolatino.org\/#website"},"primaryImageOfPage":{"@id":"https:\/\/accesolatino.org\/te-explicamos-las-diferencias-entre-ged-tasc-y-hiset\/#primaryimage"},"image":{"@id":"https:\/\/accesolatino.org\/te-explicamos-las-diferencias-entre-ged-tasc-y-hiset\/#primaryimage"},"thumbnailUrl":"https:\/\/accesolatino.org\/wp-content\/uploads\/2021\/02\/Te-explicamos-las-diferencias-entre-GED-TASC-y-HiSET.png","datePublished":"2021-02-04T14:18:41+00:00","dateModified":"2025-11-10T21:04:12+00:00","description":"Te explicamos las diferencias entre GED, TASC y HiSET Continuar con tus estudios es muy importante para que puedas asistir a la universidad...","breadcrumb":{"@id":"https:\/\/accesolatino.org\/te-explicamos-las-diferencias-entre-ged-tasc-y-hiset\/#breadcrumb"},"inLanguage":"en-US","potentialAction":[{"@type":"ReadAction","target":["https:\/\/accesolatino.org\/te-explicamos-las-diferencias-entre-ged-tasc-y-hiset\/"]}]},{"@type":"ImageObject","inLanguage":"en-US","@id":"https:\/\/accesolatino.org\/te-explicamos-las-diferencias-entre-ged-tasc-y-hiset\/#primaryimage","url":"https:\/\/accesolatino.org\/wp-content\/uploads\/2021\/02\/Te-explicamos-las-diferencias-entre-GED-TASC-y-HiSET.png","contentUrl":"https:\/\/accesolatino.org\/wp-content\/uploads\/2021\/02\/Te-explicamos-las-diferencias-entre-GED-TASC-y-HiSET.png","width":600,"height":338,"caption":"educaci\u00f3n"},{"@type":"BreadcrumbList","@id":"https:\/\/accesolatino.org\/te-explicamos-las-diferencias-entre-ged-tasc-y-hiset\/#breadcrumb","itemListElement":[{"@type":"ListItem","position":1,"name":"Portada","item":"https:\/\/accesolatino.org\/"},{"@type":"ListItem","position":2,"name":"Te explicamos las diferencias entre GED, TASC y HiSET"}]},{"@type":"WebSite","@id":"https:\/\/accesolatino.org\/#website","url":"https:\/\/accesolatino.org\/","name":"Acceso Latino | Fundaci\u00f3n Carlos Slim","description":"Fundaci\u00f3n Carlos Slim","publisher":{"@id":"https:\/\/accesolatino.org\/#organization"},"potentialAction":[{"@type":"SearchAction","target":{"@type":"EntryPoint","urlTemplate":"https:\/\/accesolatino.org\/?s={search_term_string}"},"query-input":{"@type":"PropertyValueSpecification","valueRequired":true,"valueName":"search_term_string"}}],"inLanguage":"en-US"},{"@type":"Organization","@id":"https:\/\/accesolatino.org\/#organization","name":"Acceso Latino | Fundaci\u00f3n Carlos Slim","url":"https:\/\/accesolatino.org\/","logo":{"@type":"ImageObject","inLanguage":"en-US","@id":"https:\/\/accesolatino.org\/#\/schema\/logo\/image\/","url":"https:\/\/accesolatino.org\/wp-content\/uploads\/2021\/02\/logo-footer-acceso-latino.png","contentUrl":"https:\/\/accesolatino.org\/wp-content\/uploads\/2021\/02\/logo-footer-acceso-latino.png","width":240,"height":40,"caption":"Acceso Latino | Fundaci\u00f3n Carlos Slim"},"image":{"@id":"https:\/\/accesolatino.org\/#\/schema\/logo\/image\/"},"sameAs":["https:\/\/www.facebook.com\/AccesoLatinoOrg","https:\/\/x.com\/FAccLatino"]}]}},"_links":{"self":[{"href":"https:\/\/accesolatino.org\/en\/wp-json\/wp\/v2\/pages\/25427","targetHints":{"allow":["GET"]}}],"collection":[{"href":"https:\/\/accesolatino.org\/en\/wp-json\/wp\/v2\/pages"}],"about":[{"href":"https:\/\/accesolatino.org\/en\/wp-json\/wp\/v2\/types\/page"}],"author":[{"embeddable":true,"href":"https:\/\/accesolatino.org\/en\/wp-json\/wp\/v2\/users\/7"}],"replies":[{"embeddable":true,"href":"https:\/\/accesolatino.org\/en\/wp-json\/wp\/v2\/comments?post=25427"}],"version-history":[{"count":1,"href":"https:\/\/accesolatino.org\/en\/wp-json\/wp\/v2\/pages\/25427\/revisions"}],"predecessor-version":[{"id":68627,"href":"https:\/\/accesolatino.org\/en\/wp-json\/wp\/v2\/pages\/25427\/revisions\/68627"}],"wp:featuredmedia":[{"embeddable":true,"href":"https:\/\/accesolatino.org\/en\/wp-json\/wp\/v2\/media\/25445"}],"wp:attachment":[{"href":"https:\/\/accesolatino.org\/en\/wp-json\/wp\/v2\/media?parent=25427"}],"curies":[{"name":"wp","href":"https:\/\/api.w.org\/{rel}","templated":true}]}}