{"id":25313,"date":"2021-01-29T17:33:05","date_gmt":"2021-01-29T23:33:05","guid":{"rendered":"https:\/\/accesolatino.org\/?page_id=25313"},"modified":"2025-10-16T14:38:12","modified_gmt":"2025-10-16T20:38:12","slug":"la-red-hispana-te-informa-sobre-lo-que-mas-te-importa","status":"publish","type":"page","link":"https:\/\/accesolatino.org\/en\/apoyos-sociales\/la-red-hispana-te-informa-sobre-lo-que-mas-te-importa\/","title":{"rendered":"La Red Hispana te informa"},"content":{"rendered":"<div data-elementor-type=\"wp-post\" data-elementor-id=\"25313\" class=\"elementor elementor-25313\">\n\t\t\t\t\t\t<section class=\"elementor-section elementor-top-section elementor-element elementor-element-897a5ec elementor-section-full_width elementor-section-height-min-height elementor-section-items-stretch elementor-section-height-default wpr-particle-no wpr-jarallax-no wpr-parallax-no wpr-sticky-section-no wpr-equal-height-no\" data-id=\"897a5ec\" data-element_type=\"section\" data-e-type=\"section\" data-settings=\"{&quot;background_background&quot;:&quot;classic&quot;}\">\n\t\t\t\t\t\t<div class=\"elementor-container elementor-column-gap-no\">\n\t\t\t\t\t<div class=\"elementor-column elementor-col-100 elementor-top-column elementor-element elementor-element-e46294d\" data-id=\"e46294d\" data-element_type=\"column\" data-e-type=\"column\">\n\t\t\t<div class=\"elementor-widget-wrap elementor-element-populated\">\n\t\t\t\t\t\t<div class=\"elementor-element elementor-element-d180357 elementor--h-position-center elementor--v-position-middle elementor-widget elementor-widget-slides\" data-id=\"d180357\" data-element_type=\"widget\" data-e-type=\"widget\" data-settings=\"{&quot;navigation&quot;:&quot;none&quot;,&quot;infinite&quot;:&quot;yes&quot;,&quot;transition&quot;:&quot;slide&quot;,&quot;transition_speed&quot;:500}\" data-widget_type=\"slides.default\">\n\t\t\t\t<div class=\"elementor-widget-container\">\n\t\t\t\t\t\t\t<div class=\"elementor-swiper\">\n\t\t\t<div class=\"elementor-slides-wrapper elementor-main-swiper swiper-container\" dir=\"ltr\" data-animation=\"\">\n\t\t\t\t<div class=\"swiper-wrapper elementor-slides\">\n\t\t\t\t\t\t\t\t\t\t<div class=\"elementor-repeater-item-d983a28 swiper-slide\"><div class=\"swiper-slide-bg\"><\/div><div class=\"swiper-slide-inner\" ><div class=\"swiper-slide-contents\"><div class=\"elementor-slide-heading\">Social Supports<\/div><\/div><\/div><\/div>\t\t\t\t<\/div>\n\t\t\t\t\t\t\t<\/div>\n\t\t<\/div>\n\t\t\t\t\t\t<\/div>\n\t\t\t\t<\/div>\n\t\t\t\t\t<\/div>\n\t\t<\/div>\n\t\t\t\t\t<\/div>\n\t\t<\/section>\n\t\t\t\t<section class=\"elementor-section elementor-top-section elementor-element elementor-element-0ec8e06 elementor-section-stretched elementor-section-boxed elementor-section-height-default elementor-section-height-default wpr-particle-no wpr-jarallax-no wpr-parallax-no wpr-sticky-section-no wpr-equal-height-no\" data-id=\"0ec8e06\" data-element_type=\"section\" data-e-type=\"section\" data-settings=\"{&quot;stretch_section&quot;:&quot;section-stretched&quot;,&quot;background_background&quot;:&quot;classic&quot;}\">\n\t\t\t\t\t\t<div class=\"elementor-container elementor-column-gap-default\">\n\t\t\t\t\t<div class=\"elementor-column elementor-col-100 elementor-top-column elementor-element elementor-element-9268846\" data-id=\"9268846\" data-element_type=\"column\" data-e-type=\"column\">\n\t\t\t<div class=\"elementor-widget-wrap elementor-element-populated\">\n\t\t\t\t\t\t<div class=\"elementor-element elementor-element-2aa4376 elementor-widget elementor-widget-heading\" data-id=\"2aa4376\" data-element_type=\"widget\" data-e-type=\"widget\" data-widget_type=\"heading.default\">\n\t\t\t\t<div class=\"elementor-widget-container\">\n\t\t\t\t\t<h3 class=\"elementor-heading-title elementor-size-default\">La Red Hispana, informing you about what matters most to you<\/h3>\t\t\t\t<\/div>\n\t\t\t\t<\/div>\n\t\t\t\t<div class=\"elementor-element elementor-element-9f86b84 elementor-widget elementor-widget-text-editor\" data-id=\"9f86b84\" data-element_type=\"widget\" data-e-type=\"widget\" data-widget_type=\"text-editor.default\">\n\t\t\t\t<div class=\"elementor-widget-container\">\n\t\t\t\t\t\t\t\t\t<p><a href=\"https:\/\/accesolatino.org\/en\/\">Acceso Latino<\/a> cuenta con alianzas que har\u00e1n que tu tiempo en Estados Unidos sea m\u00e1s llevadero en caso de tener un problema.<\/p><p>En esta ocasi\u00f3n te presentamos <a href=\"https:\/\/www.laredhispana.org\/\">La Red Hispana<\/a>, que se dedica a informar y empoderar a trav\u00e9s de sus contenidos a la comunidad de habla hispana que radica en Estados Unidos, produciendo programas de radio, noticias y recursos educativos, informativos y relevantes para m\u00e1s de 40 millones de latinos.<\/p><p>Enfocados totalmente en las redes sociales, dividen sus categor\u00edas de la siguiente manera:<\/p><ul><li><strong>Inmigraci\u00f3n:<\/strong> el programa Bienvenidos a Am\u00e9rica responde a tus preguntas sobre este tema tan importante, adem\u00e1s de notas relevantes.<\/li><li><strong>Salud:<\/strong> El Ritmo de tu Salud, es un programa que trata sobre las enfermedades cr\u00f3nicas y c\u00f3mo vivir con ellas, sobre todo en estos tiempos tan dif\u00edciles; tambi\u00e9n puedes enterarte sobre m\u00e1s t\u00f3picos en sus art\u00edculos.<\/li><li><strong>Medio Ambiente:<\/strong> junto con los segmentos de radio, encuentra colaboraciones de Grist, Yale Climate Connections y el Earth Institute, para enriquecer la informaci\u00f3n sobre todo lo que ocurre en el planeta Tierra, m\u00e1s secciones y art\u00edculos relacionados.<\/li><li><strong>Recursos Educativos:<\/strong> \u201cSaberEsPoder\u201d es la secci\u00f3n donde se tratan diversos temas de actualidad.<\/li><li><strong>Historias de \u00c9xito: <\/strong>\u201cCamino al \u00e9xito\u201d retrata historias inspiradoras de latinos en Estados Unidos.<\/li><li><strong>Pareja &amp; Sexualidad:<\/strong> consejos sobre estos temas.<\/li><li><strong>Cartas a la Dra. Isabel:<\/strong> la experta comparte sus conocimientos sobre asuntos emocionales.<\/li><li><strong>Entretenimiento: <\/strong>informaci\u00f3n sobre famosos y curiosidades.<\/li><li><strong>Hogar &amp; Belleza:<\/strong> tips pr\u00e1cticos e informaci\u00f3n importante sobre todo lo que concierne tu salud.<\/li><\/ul><p>Para mantenerte al d\u00eda con todos estos temas, suscr\u00edbete a su newsletter y descarga su app.<\/p>\t\t\t\t\t\t\t\t<\/div>\n\t\t\t\t<\/div>\n\t\t\t\t<div class=\"elementor-element elementor-element-64ea6da elementor-widget elementor-widget-spacer\" data-id=\"64ea6da\" data-element_type=\"widget\" data-e-type=\"widget\" data-widget_type=\"spacer.default\">\n\t\t\t\t<div class=\"elementor-widget-container\">\n\t\t\t\t\t\t\t<div class=\"elementor-spacer\">\n\t\t\t<div class=\"elementor-spacer-inner\"><\/div>\n\t\t<\/div>\n\t\t\t\t\t\t<\/div>\n\t\t\t\t<\/div>\n\t\t\t\t\t<\/div>\n\t\t<\/div>\n\t\t\t\t\t<\/div>\n\t\t<\/section>\n\t\t\t\t<\/div>","protected":false},"excerpt":{"rendered":"<p>Apoyos Sociales La Red Hispana, te informa sobre lo que m\u00e1s te importa Acceso Latino cuenta con alianzas que har\u00e1n que tu tiempo en Estados Unidos sea m\u00e1s llevadero en caso de tener un problema. En esta ocasi\u00f3n te presentamos La Red Hispana, que se dedica a informar y empoderar a trav\u00e9s de sus contenidos a la comunidad de habla hispana que radica en Estados Unidos, produciendo programas de radio, noticias y recursos educativos, informativos y relevantes para m\u00e1s de 40 millones de latinos. Enfocados totalmente en las redes sociales, dividen sus categor\u00edas de la siguiente manera: Inmigraci\u00f3n: el programa Bienvenidos a Am\u00e9rica responde a tus preguntas sobre este tema tan importante, adem\u00e1s de notas relevantes. Salud: El Ritmo de tu Salud, es un programa que trata sobre las enfermedades cr\u00f3nicas y c\u00f3mo vivir con ellas, sobre todo en estos tiempos tan dif\u00edciles; tambi\u00e9n puedes enterarte sobre m\u00e1s t\u00f3picos en sus art\u00edculos. Medio Ambiente: junto con los segmentos de radio, encuentra colaboraciones de Grist, Yale Climate Connections y el Earth Institute, para enriquecer la informaci\u00f3n sobre todo lo que ocurre en el planeta Tierra, m\u00e1s secciones y art\u00edculos relacionados. Recursos Educativos: \u201cSaberEsPoder\u201d es la secci\u00f3n donde se tratan diversos temas de actualidad. Historias de \u00c9xito: \u201cCamino al \u00e9xito\u201d retrata historias inspiradoras de latinos en Estados Unidos. Pareja &amp; Sexualidad: consejos sobre estos temas. Cartas a la Dra. Isabel: la experta comparte sus conocimientos sobre asuntos emocionales. Entretenimiento: informaci\u00f3n sobre famosos y curiosidades. Hogar &amp; Belleza: tips pr\u00e1cticos e informaci\u00f3n importante sobre todo lo que concierne tu salud. Para mantenerte al d\u00eda con todos estos temas, suscr\u00edbete a su newsletter y descarga su app.<\/p>","protected":false},"author":6,"featured_media":25315,"parent":1435,"menu_order":0,"comment_status":"closed","ping_status":"closed","template":"elementor_header_footer","meta":{"_uf_show_specific_survey":0,"_uf_disable_surveys":false,"footnotes":""},"class_list":["post-25313","page","type-page","status-publish","has-post-thumbnail"],"aioseo_notices":[],"yoast_head":"<!-- This site is optimized with the Yoast SEO plugin v27.5 - https:\/\/yoast.com\/product\/yoast-seo-wordpress\/ -->\n<title>La Red Hispana, te informa sobre lo que m\u00e1s te importa<\/title>\n<meta name=\"description\" content=\"Conoce las diferentes formas en las que los migrantes se pueden ver beneficiados en Estados Unidos - Acceso Latino\" \/>\n<meta name=\"robots\" content=\"index, follow, max-snippet:-1, max-image-preview:large, max-video-preview:-1\" \/>\n<link rel=\"canonical\" href=\"https:\/\/accesolatino.org\/en\/apoyos-sociales\/la-red-hispana-te-informa-sobre-lo-que-mas-te-importa\/\" \/>\n<meta property=\"og:locale\" content=\"en_US\" \/>\n<meta property=\"og:type\" content=\"article\" \/>\n<meta property=\"og:title\" content=\"Acceso Latino | La Red Hispana te informa\" \/>\n<meta property=\"og:description\" content=\"Conoce las diferentes formas en las que los migrantes se pueden ver beneficiados en USA\" \/>\n<meta property=\"og:url\" content=\"https:\/\/accesolatino.org\/en\/apoyos-sociales\/la-red-hispana-te-informa-sobre-lo-que-mas-te-importa\/\" \/>\n<meta property=\"og:site_name\" content=\"Acceso Latino\" \/>\n<meta property=\"article:publisher\" content=\"https:\/\/www.facebook.com\/AccesoLatinoOrg\" \/>\n<meta property=\"article:modified_time\" content=\"2025-10-16T20:38:12+00:00\" \/>\n<meta property=\"og:image\" content=\"https:\/\/accesolatino.org\/wp-content\/uploads\/2021\/01\/La-Red-Hispana-te-informa-sobre-lo-que-mas-te-importa.png\" \/>\n\t<meta property=\"og:image:width\" content=\"600\" \/>\n\t<meta property=\"og:image:height\" content=\"338\" \/>\n\t<meta property=\"og:image:type\" content=\"image\/png\" \/>\n<meta name=\"twitter:card\" content=\"summary_large_image\" \/>\n<meta name=\"twitter:title\" content=\"Acceso Latino | La Red Hispana te informa\" \/>\n<meta name=\"twitter:description\" content=\"Conoce las diferentes formas en las que los migrantes se pueden ver beneficiados en USA\" \/>\n<meta name=\"twitter:image\" content=\"https:\/\/accesolatino.org\/wp-content\/uploads\/2021\/01\/La-Red-Hispana-te-informa-sobre-lo-que-mas-te-importa.png\" \/>\n<meta name=\"twitter:site\" content=\"@FAccLatino\" \/>\n<meta name=\"twitter:label1\" content=\"Est. reading time\" \/>\n\t<meta name=\"twitter:data1\" content=\"2 minutes\" \/>\n<script type=\"application\/ld+json\" class=\"yoast-schema-graph\">{\"@context\":\"https:\\\/\\\/schema.org\",\"@graph\":[{\"@type\":\"WebPage\",\"@id\":\"https:\\\/\\\/accesolatino.org\\\/en\\\/apoyos-sociales\\\/la-red-hispana-te-informa-sobre-lo-que-mas-te-importa\\\/\",\"url\":\"https:\\\/\\\/accesolatino.org\\\/en\\\/apoyos-sociales\\\/la-red-hispana-te-informa-sobre-lo-que-mas-te-importa\\\/\",\"name\":\"La Red Hispana, te informa sobre lo que m\u00e1s te importa\",\"isPartOf\":{\"@id\":\"https:\\\/\\\/accesolatino.org\\\/#website\"},\"primaryImageOfPage\":{\"@id\":\"https:\\\/\\\/accesolatino.org\\\/en\\\/apoyos-sociales\\\/la-red-hispana-te-informa-sobre-lo-que-mas-te-importa\\\/#primaryimage\"},\"image\":{\"@id\":\"https:\\\/\\\/accesolatino.org\\\/en\\\/apoyos-sociales\\\/la-red-hispana-te-informa-sobre-lo-que-mas-te-importa\\\/#primaryimage\"},\"thumbnailUrl\":\"https:\\\/\\\/accesolatino.org\\\/wp-content\\\/uploads\\\/2021\\\/01\\\/La-Red-Hispana-te-informa-sobre-lo-que-mas-te-importa.png\",\"datePublished\":\"2021-01-29T23:33:05+00:00\",\"dateModified\":\"2025-10-16T20:38:12+00:00\",\"description\":\"Conoce las diferentes formas en las que los migrantes se pueden ver beneficiados en Estados Unidos - Acceso Latino\",\"breadcrumb\":{\"@id\":\"https:\\\/\\\/accesolatino.org\\\/en\\\/apoyos-sociales\\\/la-red-hispana-te-informa-sobre-lo-que-mas-te-importa\\\/#breadcrumb\"},\"inLanguage\":\"en-US\",\"potentialAction\":[{\"@type\":\"ReadAction\",\"target\":[\"https:\\\/\\\/accesolatino.org\\\/en\\\/apoyos-sociales\\\/la-red-hispana-te-informa-sobre-lo-que-mas-te-importa\\\/\"]}]},{\"@type\":\"ImageObject\",\"inLanguage\":\"en-US\",\"@id\":\"https:\\\/\\\/accesolatino.org\\\/en\\\/apoyos-sociales\\\/la-red-hispana-te-informa-sobre-lo-que-mas-te-importa\\\/#primaryimage\",\"url\":\"https:\\\/\\\/accesolatino.org\\\/wp-content\\\/uploads\\\/2021\\\/01\\\/La-Red-Hispana-te-informa-sobre-lo-que-mas-te-importa.png\",\"contentUrl\":\"https:\\\/\\\/accesolatino.org\\\/wp-content\\\/uploads\\\/2021\\\/01\\\/La-Red-Hispana-te-informa-sobre-lo-que-mas-te-importa.png\",\"width\":600,\"height\":338,\"caption\":\"La Red Hispana\"},{\"@type\":\"BreadcrumbList\",\"@id\":\"https:\\\/\\\/accesolatino.org\\\/en\\\/apoyos-sociales\\\/la-red-hispana-te-informa-sobre-lo-que-mas-te-importa\\\/#breadcrumb\",\"itemListElement\":[{\"@type\":\"ListItem\",\"position\":1,\"name\":\"Portada\",\"item\":\"https:\\\/\\\/accesolatino.org\\\/\"},{\"@type\":\"ListItem\",\"position\":2,\"name\":\"Apoyos Sociales\",\"item\":\"https:\\\/\\\/accesolatino.org\\\/en\\\/apoyos-sociales\\\/\"},{\"@type\":\"ListItem\",\"position\":3,\"name\":\"La Red Hispana te informa\"}]},{\"@type\":\"WebSite\",\"@id\":\"https:\\\/\\\/accesolatino.org\\\/#website\",\"url\":\"https:\\\/\\\/accesolatino.org\\\/\",\"name\":\"Acceso Latino | Fundaci\u00f3n Carlos Slim\",\"description\":\"Fundaci\u00f3n Carlos Slim\",\"publisher\":{\"@id\":\"https:\\\/\\\/accesolatino.org\\\/#organization\"},\"potentialAction\":[{\"@type\":\"SearchAction\",\"target\":{\"@type\":\"EntryPoint\",\"urlTemplate\":\"https:\\\/\\\/accesolatino.org\\\/?s={search_term_string}\"},\"query-input\":{\"@type\":\"PropertyValueSpecification\",\"valueRequired\":true,\"valueName\":\"search_term_string\"}}],\"inLanguage\":\"en-US\"},{\"@type\":\"Organization\",\"@id\":\"https:\\\/\\\/accesolatino.org\\\/#organization\",\"name\":\"Acceso Latino | Fundaci\u00f3n Carlos Slim\",\"url\":\"https:\\\/\\\/accesolatino.org\\\/\",\"logo\":{\"@type\":\"ImageObject\",\"inLanguage\":\"en-US\",\"@id\":\"https:\\\/\\\/accesolatino.org\\\/#\\\/schema\\\/logo\\\/image\\\/\",\"url\":\"https:\\\/\\\/accesolatino.org\\\/wp-content\\\/uploads\\\/2021\\\/02\\\/logo-footer-acceso-latino.png\",\"contentUrl\":\"https:\\\/\\\/accesolatino.org\\\/wp-content\\\/uploads\\\/2021\\\/02\\\/logo-footer-acceso-latino.png\",\"width\":240,\"height\":40,\"caption\":\"Acceso Latino | Fundaci\u00f3n Carlos Slim\"},\"image\":{\"@id\":\"https:\\\/\\\/accesolatino.org\\\/#\\\/schema\\\/logo\\\/image\\\/\"},\"sameAs\":[\"https:\\\/\\\/www.facebook.com\\\/AccesoLatinoOrg\",\"https:\\\/\\\/x.com\\\/FAccLatino\"]}]}<\/script>\n<!-- \/ Yoast SEO plugin. -->","yoast_head_json":{"title":"La Red Hispana, informing you about what matters most to you","description":"Conoce las diferentes formas en las que los migrantes se pueden ver beneficiados en Estados Unidos - Acceso Latino","robots":{"index":"index","follow":"follow","max-snippet":"max-snippet:-1","max-image-preview":"max-image-preview:large","max-video-preview":"max-video-preview:-1"},"canonical":"https:\/\/accesolatino.org\/en\/apoyos-sociales\/la-red-hispana-te-informa-sobre-lo-que-mas-te-importa\/","og_locale":"en_US","og_type":"article","og_title":"Acceso Latino | La Red Hispana te informa","og_description":"Conoce las diferentes formas en las que los migrantes se pueden ver beneficiados en USA","og_url":"https:\/\/accesolatino.org\/en\/apoyos-sociales\/la-red-hispana-te-informa-sobre-lo-que-mas-te-importa\/","og_site_name":"Acceso Latino","article_publisher":"https:\/\/www.facebook.com\/AccesoLatinoOrg","article_modified_time":"2025-10-16T20:38:12+00:00","og_image":[{"width":600,"height":338,"url":"https:\/\/accesolatino.org\/wp-content\/uploads\/2021\/01\/La-Red-Hispana-te-informa-sobre-lo-que-mas-te-importa.png","type":"image\/png"}],"twitter_card":"summary_large_image","twitter_title":"Acceso Latino | La Red Hispana te informa","twitter_description":"Conoce las diferentes formas en las que los migrantes se pueden ver beneficiados en USA","twitter_image":"https:\/\/accesolatino.org\/wp-content\/uploads\/2021\/01\/La-Red-Hispana-te-informa-sobre-lo-que-mas-te-importa.png","twitter_site":"@FAccLatino","twitter_misc":{"Est. reading time":"2 minutes"},"schema":{"@context":"https:\/\/schema.org","@graph":[{"@type":"WebPage","@id":"https:\/\/accesolatino.org\/en\/apoyos-sociales\/la-red-hispana-te-informa-sobre-lo-que-mas-te-importa\/","url":"https:\/\/accesolatino.org\/en\/apoyos-sociales\/la-red-hispana-te-informa-sobre-lo-que-mas-te-importa\/","name":"La Red Hispana, informing you about what matters most to you","isPartOf":{"@id":"https:\/\/accesolatino.org\/#website"},"primaryImageOfPage":{"@id":"https:\/\/accesolatino.org\/en\/apoyos-sociales\/la-red-hispana-te-informa-sobre-lo-que-mas-te-importa\/#primaryimage"},"image":{"@id":"https:\/\/accesolatino.org\/en\/apoyos-sociales\/la-red-hispana-te-informa-sobre-lo-que-mas-te-importa\/#primaryimage"},"thumbnailUrl":"https:\/\/accesolatino.org\/wp-content\/uploads\/2021\/01\/La-Red-Hispana-te-informa-sobre-lo-que-mas-te-importa.png","datePublished":"2021-01-29T23:33:05+00:00","dateModified":"2025-10-16T20:38:12+00:00","description":"Conoce las diferentes formas en las que los migrantes se pueden ver beneficiados en Estados Unidos - Acceso Latino","breadcrumb":{"@id":"https:\/\/accesolatino.org\/en\/apoyos-sociales\/la-red-hispana-te-informa-sobre-lo-que-mas-te-importa\/#breadcrumb"},"inLanguage":"en-US","potentialAction":[{"@type":"ReadAction","target":["https:\/\/accesolatino.org\/en\/apoyos-sociales\/la-red-hispana-te-informa-sobre-lo-que-mas-te-importa\/"]}]},{"@type":"ImageObject","inLanguage":"en-US","@id":"https:\/\/accesolatino.org\/en\/apoyos-sociales\/la-red-hispana-te-informa-sobre-lo-que-mas-te-importa\/#primaryimage","url":"https:\/\/accesolatino.org\/wp-content\/uploads\/2021\/01\/La-Red-Hispana-te-informa-sobre-lo-que-mas-te-importa.png","contentUrl":"https:\/\/accesolatino.org\/wp-content\/uploads\/2021\/01\/La-Red-Hispana-te-informa-sobre-lo-que-mas-te-importa.png","width":600,"height":338,"caption":"La Red Hispana"},{"@type":"BreadcrumbList","@id":"https:\/\/accesolatino.org\/en\/apoyos-sociales\/la-red-hispana-te-informa-sobre-lo-que-mas-te-importa\/#breadcrumb","itemListElement":[{"@type":"ListItem","position":1,"name":"Portada","item":"https:\/\/accesolatino.org\/"},{"@type":"ListItem","position":2,"name":"Apoyos Sociales","item":"https:\/\/accesolatino.org\/en\/apoyos-sociales\/"},{"@type":"ListItem","position":3,"name":"La Red Hispana te informa"}]},{"@type":"WebSite","@id":"https:\/\/accesolatino.org\/#website","url":"https:\/\/accesolatino.org\/","name":"Acceso Latino | Fundaci\u00f3n Carlos Slim","description":"Fundaci\u00f3n Carlos Slim","publisher":{"@id":"https:\/\/accesolatino.org\/#organization"},"potentialAction":[{"@type":"SearchAction","target":{"@type":"EntryPoint","urlTemplate":"https:\/\/accesolatino.org\/?s={search_term_string}"},"query-input":{"@type":"PropertyValueSpecification","valueRequired":true,"valueName":"search_term_string"}}],"inLanguage":"en-US"},{"@type":"Organization","@id":"https:\/\/accesolatino.org\/#organization","name":"Acceso Latino | Fundaci\u00f3n Carlos Slim","url":"https:\/\/accesolatino.org\/","logo":{"@type":"ImageObject","inLanguage":"en-US","@id":"https:\/\/accesolatino.org\/#\/schema\/logo\/image\/","url":"https:\/\/accesolatino.org\/wp-content\/uploads\/2021\/02\/logo-footer-acceso-latino.png","contentUrl":"https:\/\/accesolatino.org\/wp-content\/uploads\/2021\/02\/logo-footer-acceso-latino.png","width":240,"height":40,"caption":"Acceso Latino | Fundaci\u00f3n Carlos Slim"},"image":{"@id":"https:\/\/accesolatino.org\/#\/schema\/logo\/image\/"},"sameAs":["https:\/\/www.facebook.com\/AccesoLatinoOrg","https:\/\/x.com\/FAccLatino"]}]}},"_links":{"self":[{"href":"https:\/\/accesolatino.org\/en\/wp-json\/wp\/v2\/pages\/25313","targetHints":{"allow":["GET"]}}],"collection":[{"href":"https:\/\/accesolatino.org\/en\/wp-json\/wp\/v2\/pages"}],"about":[{"href":"https:\/\/accesolatino.org\/en\/wp-json\/wp\/v2\/types\/page"}],"author":[{"embeddable":true,"href":"https:\/\/accesolatino.org\/en\/wp-json\/wp\/v2\/users\/6"}],"replies":[{"embeddable":true,"href":"https:\/\/accesolatino.org\/en\/wp-json\/wp\/v2\/comments?post=25313"}],"version-history":[{"count":1,"href":"https:\/\/accesolatino.org\/en\/wp-json\/wp\/v2\/pages\/25313\/revisions"}],"predecessor-version":[{"id":63925,"href":"https:\/\/accesolatino.org\/en\/wp-json\/wp\/v2\/pages\/25313\/revisions\/63925"}],"up":[{"embeddable":true,"href":"https:\/\/accesolatino.org\/en\/wp-json\/wp\/v2\/pages\/1435"}],"wp:featuredmedia":[{"embeddable":true,"href":"https:\/\/accesolatino.org\/en\/wp-json\/wp\/v2\/media\/25315"}],"wp:attachment":[{"href":"https:\/\/accesolatino.org\/en\/wp-json\/wp\/v2\/media?parent=25313"}],"curies":[{"name":"wp","href":"https:\/\/api.w.org\/{rel}","templated":true}]}}