{"id":25288,"date":"2021-01-28T15:21:22","date_gmt":"2021-01-28T21:21:22","guid":{"rendered":"https:\/\/accesolatino.org\/?page_id=25288"},"modified":"2025-10-17T18:10:20","modified_gmt":"2025-10-18T00:10:20","slug":"texas-podria-dar-licencias-para-indocumentados","status":"publish","type":"page","link":"https:\/\/accesolatino.org\/en\/texas-podria-dar-licencias-para-indocumentados\/","title":{"rendered":"Texas podr\u00eda dar licencias para indocumentados"},"content":{"rendered":"<div data-elementor-type=\"wp-post\" data-elementor-id=\"25288\" class=\"elementor elementor-25288\">\n\t\t\t\t\t\t<section class=\"elementor-section elementor-top-section elementor-element elementor-element-1064e17 elementor-section-full_width elementor-section-height-min-height elementor-section-items-stretch elementor-section-height-default wpr-particle-no wpr-jarallax-no wpr-parallax-no wpr-sticky-section-no\" data-id=\"1064e17\" data-element_type=\"section\" data-e-type=\"section\" data-settings=\"{&quot;background_background&quot;:&quot;classic&quot;}\">\n\t\t\t\t\t\t<div class=\"elementor-container elementor-column-gap-no\">\n\t\t\t\t\t<div class=\"elementor-column elementor-col-100 elementor-top-column elementor-element elementor-element-920e7d6\" data-id=\"920e7d6\" data-element_type=\"column\" data-e-type=\"column\">\n\t\t\t<div class=\"elementor-widget-wrap elementor-element-populated\">\n\t\t\t\t\t\t<div class=\"elementor-element elementor-element-38cbad7 elementor--h-position-center elementor--v-position-middle elementor-widget elementor-widget-slides\" data-id=\"38cbad7\" data-element_type=\"widget\" data-e-type=\"widget\" data-settings=\"{&quot;navigation&quot;:&quot;none&quot;,&quot;infinite&quot;:&quot;yes&quot;,&quot;transition&quot;:&quot;slide&quot;,&quot;transition_speed&quot;:500}\" data-widget_type=\"slides.default\">\n\t\t\t\t<div class=\"elementor-widget-container\">\n\t\t\t\t\t\t\t<div class=\"elementor-swiper\">\n\t\t\t<div class=\"elementor-slides-wrapper elementor-main-swiper swiper-container\" dir=\"ltr\" data-animation=\"\">\n\t\t\t\t<div class=\"swiper-wrapper elementor-slides\">\n\t\t\t\t\t\t\t\t\t\t<div class=\"elementor-repeater-item-d983a28 swiper-slide\"><div class=\"swiper-slide-bg\"><\/div><div class=\"swiper-slide-inner\" ><div class=\"swiper-slide-contents\"><div class=\"elementor-slide-heading\">Processing of Licenses<\/div><\/div><\/div><\/div>\t\t\t\t<\/div>\n\t\t\t\t\t\t\t<\/div>\n\t\t<\/div>\n\t\t\t\t\t\t<\/div>\n\t\t\t\t<\/div>\n\t\t\t\t\t<\/div>\n\t\t<\/div>\n\t\t\t\t\t<\/div>\n\t\t<\/section>\n\t\t\t\t<section class=\"elementor-section elementor-top-section elementor-element elementor-element-1bc31e2 elementor-section-stretched elementor-section-boxed elementor-section-height-default elementor-section-height-default wpr-particle-no wpr-jarallax-no wpr-parallax-no wpr-sticky-section-no\" data-id=\"1bc31e2\" data-element_type=\"section\" data-e-type=\"section\" data-settings=\"{&quot;stretch_section&quot;:&quot;section-stretched&quot;,&quot;background_background&quot;:&quot;classic&quot;}\">\n\t\t\t\t\t\t<div class=\"elementor-container elementor-column-gap-default\">\n\t\t\t\t\t<div class=\"elementor-column elementor-col-100 elementor-top-column elementor-element elementor-element-a88a3ea\" data-id=\"a88a3ea\" data-element_type=\"column\" data-e-type=\"column\">\n\t\t\t<div class=\"elementor-widget-wrap elementor-element-populated\">\n\t\t\t\t\t\t<div class=\"elementor-element elementor-element-9c3e5a5 elementor-widget elementor-widget-heading\" data-id=\"9c3e5a5\" data-element_type=\"widget\" data-e-type=\"widget\" data-widget_type=\"heading.default\">\n\t\t\t\t<div class=\"elementor-widget-container\">\n\t\t\t\t\t<h3 class=\"elementor-heading-title elementor-size-default\">Texas podr\u00eda dar licencias para indocumentados<\/h3>\t\t\t\t<\/div>\n\t\t\t\t<\/div>\n\t\t\t\t<div class=\"elementor-element elementor-element-1030164 elementor-widget elementor-widget-text-editor\" data-id=\"1030164\" data-element_type=\"widget\" data-e-type=\"widget\" data-widget_type=\"text-editor.default\">\n\t\t\t\t<div class=\"elementor-widget-container\">\n\t\t\t\t\t\t\t\t\t<p>In the section <a href=\"https:\/\/accesolatino.org\/en\/licencias\/\">Driver's licenses<\/a> de <strong>Acceso Latino<\/strong> se incluyen todos los estados donde indocumentados pueden emitir una de estas sin problema y Texas podr\u00eda ser la siguiente entidad en hacerlo realidad.<\/p><p>El Proyecto de Ley HB-1058 ser\u00e1 presentado por el representante dem\u00f3crata Ram\u00f3n Romero, el cu\u00e1l supondr\u00eda un gran alivio al momento de tomar el volante en las carreteras: \u201choy miles de texanos conducen sin completar un curso para conductores, y eso no es porque eligieron no hacerlo\u201d.<\/p><p>Actualmente, el Departamento de Seguridad P\u00fablica de Texas, pide como requisito para tramitar una licencia que sean ciudadanos americanos o que cuenten con evidencia de que est\u00e1n en forma legal, viven en el estado, adem\u00e1s de prueba de identidad, n\u00famero de Seguro Social y registro de veh\u00edculo.<\/p><p>Es de suma importancia que se apruebe esta ley, ya que cualquier persona que no cuente con papeles puede ser detenida y deportada bajo la Ley SB-4.<\/p><p>Fuente: La Opini\u00f3n<\/p>\t\t\t\t\t\t\t\t<\/div>\n\t\t\t\t<\/div>\n\t\t\t\t<div class=\"elementor-element elementor-element-b071867 elementor-widget elementor-widget-spacer\" data-id=\"b071867\" data-element_type=\"widget\" data-e-type=\"widget\" data-widget_type=\"spacer.default\">\n\t\t\t\t<div class=\"elementor-widget-container\">\n\t\t\t\t\t\t\t<div class=\"elementor-spacer\">\n\t\t\t<div class=\"elementor-spacer-inner\"><\/div>\n\t\t<\/div>\n\t\t\t\t\t\t<\/div>\n\t\t\t\t<\/div>\n\t\t\t\t\t<\/div>\n\t\t<\/div>\n\t\t\t\t\t<\/div>\n\t\t<\/section>\n\t\t\t\t<\/div>","protected":false},"excerpt":{"rendered":"<p>Tr\u00e1mite de Licencias Texas podr\u00eda dar licencias para indocumentados En la secci\u00f3n Licencias de conducir de Acceso Latino se incluyen todos los estados donde indocumentados pueden emitir una de estas sin problema y Texas podr\u00eda ser la siguiente entidad en hacerlo realidad. El Proyecto de Ley HB-1058 ser\u00e1 presentado por el representante dem\u00f3crata Ram\u00f3n Romero, el cu\u00e1l supondr\u00eda un gran alivio al momento de tomar el volante en las carreteras: \u201choy miles de texanos conducen sin completar un curso para conductores, y eso no es porque eligieron no hacerlo\u201d. Actualmente, el Departamento de Seguridad P\u00fablica de Texas, pide como requisito para tramitar una licencia que sean ciudadanos americanos o que cuenten con evidencia de que est\u00e1n en forma legal, viven en el estado, adem\u00e1s de prueba de identidad, n\u00famero de Seguro Social y registro de veh\u00edculo. Es de suma importancia que se apruebe esta ley, ya que cualquier persona que no cuente con papeles puede ser detenida y deportada bajo la Ley SB-4. Fuente: La Opini\u00f3n<\/p>","protected":false},"author":9,"featured_media":25290,"parent":0,"menu_order":0,"comment_status":"closed","ping_status":"closed","template":"elementor_header_footer","meta":{"_uf_show_specific_survey":0,"_uf_disable_surveys":false,"footnotes":""},"class_list":["post-25288","page","type-page","status-publish","has-post-thumbnail"],"aioseo_notices":[],"yoast_head":"<!-- This site is optimized with the Yoast SEO plugin v27.3 - https:\/\/yoast.com\/product\/yoast-seo-wordpress\/ -->\n<title>Texas podr\u00eda dar licencias para indocumentados<\/title>\n<meta name=\"description\" content=\"Texas podr\u00eda dar\u00a0licencias\u00a0para indocumentados En la secci\u00f3n\u00a0Licencias\u00a0de conducir de Acceso Latino se incluyen todos los estados...\" \/>\n<meta name=\"robots\" content=\"index, follow, max-snippet:-1, max-image-preview:large, max-video-preview:-1\" \/>\n<link rel=\"canonical\" href=\"https:\/\/accesolatino.org\/en\/texas-podria-dar-licencias-para-indocumentados\/\" \/>\n<meta property=\"og:locale\" content=\"en_US\" \/>\n<meta property=\"og:type\" content=\"article\" \/>\n<meta property=\"og:title\" content=\"Acceso Latino | Texas podr\u00eda dar licencias para indocumentados\" \/>\n<meta property=\"og:description\" content=\"Conoce la documentaci\u00f3n requerida para tramitar una licencia en cada uno de los estados de USA\" \/>\n<meta property=\"og:url\" content=\"https:\/\/accesolatino.org\/en\/texas-podria-dar-licencias-para-indocumentados\/\" \/>\n<meta property=\"og:site_name\" content=\"Acceso Latino\" \/>\n<meta property=\"article:publisher\" content=\"https:\/\/www.facebook.com\/AccesoLatinoOrg\" \/>\n<meta property=\"article:modified_time\" content=\"2025-10-18T00:10:20+00:00\" \/>\n<meta property=\"og:image\" content=\"https:\/\/accesolatino.org\/wp-content\/uploads\/2021\/01\/Texas-podria-dar-licencias-para-indocumentados.png\" \/>\n\t<meta property=\"og:image:width\" content=\"600\" \/>\n\t<meta property=\"og:image:height\" content=\"338\" \/>\n\t<meta property=\"og:image:type\" content=\"image\/png\" \/>\n<meta name=\"twitter:card\" content=\"summary_large_image\" \/>\n<meta name=\"twitter:title\" content=\"Acceso Latino | Texas podr\u00eda dar licencias para indocumentados\" \/>\n<meta name=\"twitter:description\" content=\"Conoce la documentaci\u00f3n requerida para tramitar una licencia en cada uno de los estados de USA\" \/>\n<meta name=\"twitter:image\" content=\"https:\/\/accesolatino.org\/wp-content\/uploads\/2021\/01\/Texas-podria-dar-licencias-para-indocumentados.png\" \/>\n<meta name=\"twitter:site\" content=\"@FAccLatino\" \/>\n<meta name=\"twitter:label1\" content=\"Est. reading time\" \/>\n\t<meta name=\"twitter:data1\" content=\"1 minute\" \/>\n<script type=\"application\/ld+json\" class=\"yoast-schema-graph\">{\"@context\":\"https:\\\/\\\/schema.org\",\"@graph\":[{\"@type\":\"WebPage\",\"@id\":\"https:\\\/\\\/accesolatino.org\\\/en\\\/texas-podria-dar-licencias-para-indocumentados\\\/\",\"url\":\"https:\\\/\\\/accesolatino.org\\\/en\\\/texas-podria-dar-licencias-para-indocumentados\\\/\",\"name\":\"Texas podr\u00eda dar licencias para indocumentados\",\"isPartOf\":{\"@id\":\"https:\\\/\\\/accesolatino.org\\\/#website\"},\"primaryImageOfPage\":{\"@id\":\"https:\\\/\\\/accesolatino.org\\\/en\\\/texas-podria-dar-licencias-para-indocumentados\\\/#primaryimage\"},\"image\":{\"@id\":\"https:\\\/\\\/accesolatino.org\\\/en\\\/texas-podria-dar-licencias-para-indocumentados\\\/#primaryimage\"},\"thumbnailUrl\":\"https:\\\/\\\/accesolatino.org\\\/wp-content\\\/uploads\\\/2021\\\/01\\\/Texas-podria-dar-licencias-para-indocumentados.png\",\"datePublished\":\"2021-01-28T21:21:22+00:00\",\"dateModified\":\"2025-10-18T00:10:20+00:00\",\"description\":\"Texas podr\u00eda dar\u00a0licencias\u00a0para indocumentados En la secci\u00f3n\u00a0Licencias\u00a0de conducir de Acceso Latino se incluyen todos los estados...\",\"breadcrumb\":{\"@id\":\"https:\\\/\\\/accesolatino.org\\\/en\\\/texas-podria-dar-licencias-para-indocumentados\\\/#breadcrumb\"},\"inLanguage\":\"en-US\",\"potentialAction\":[{\"@type\":\"ReadAction\",\"target\":[\"https:\\\/\\\/accesolatino.org\\\/en\\\/texas-podria-dar-licencias-para-indocumentados\\\/\"]}]},{\"@type\":\"ImageObject\",\"inLanguage\":\"en-US\",\"@id\":\"https:\\\/\\\/accesolatino.org\\\/en\\\/texas-podria-dar-licencias-para-indocumentados\\\/#primaryimage\",\"url\":\"https:\\\/\\\/accesolatino.org\\\/wp-content\\\/uploads\\\/2021\\\/01\\\/Texas-podria-dar-licencias-para-indocumentados.png\",\"contentUrl\":\"https:\\\/\\\/accesolatino.org\\\/wp-content\\\/uploads\\\/2021\\\/01\\\/Texas-podria-dar-licencias-para-indocumentados.png\",\"width\":600,\"height\":338,\"caption\":\"licencias\"},{\"@type\":\"BreadcrumbList\",\"@id\":\"https:\\\/\\\/accesolatino.org\\\/en\\\/texas-podria-dar-licencias-para-indocumentados\\\/#breadcrumb\",\"itemListElement\":[{\"@type\":\"ListItem\",\"position\":1,\"name\":\"Portada\",\"item\":\"https:\\\/\\\/accesolatino.org\\\/\"},{\"@type\":\"ListItem\",\"position\":2,\"name\":\"Texas podr\u00eda dar licencias para indocumentados\"}]},{\"@type\":\"WebSite\",\"@id\":\"https:\\\/\\\/accesolatino.org\\\/#website\",\"url\":\"https:\\\/\\\/accesolatino.org\\\/\",\"name\":\"Acceso Latino | Fundaci\u00f3n Carlos Slim\",\"description\":\"Fundaci\u00f3n Carlos Slim\",\"publisher\":{\"@id\":\"https:\\\/\\\/accesolatino.org\\\/#organization\"},\"potentialAction\":[{\"@type\":\"SearchAction\",\"target\":{\"@type\":\"EntryPoint\",\"urlTemplate\":\"https:\\\/\\\/accesolatino.org\\\/?s={search_term_string}\"},\"query-input\":{\"@type\":\"PropertyValueSpecification\",\"valueRequired\":true,\"valueName\":\"search_term_string\"}}],\"inLanguage\":\"en-US\"},{\"@type\":\"Organization\",\"@id\":\"https:\\\/\\\/accesolatino.org\\\/#organization\",\"name\":\"Acceso Latino | Fundaci\u00f3n Carlos Slim\",\"url\":\"https:\\\/\\\/accesolatino.org\\\/\",\"logo\":{\"@type\":\"ImageObject\",\"inLanguage\":\"en-US\",\"@id\":\"https:\\\/\\\/accesolatino.org\\\/#\\\/schema\\\/logo\\\/image\\\/\",\"url\":\"https:\\\/\\\/accesolatino.org\\\/wp-content\\\/uploads\\\/2021\\\/02\\\/logo-footer-acceso-latino.png\",\"contentUrl\":\"https:\\\/\\\/accesolatino.org\\\/wp-content\\\/uploads\\\/2021\\\/02\\\/logo-footer-acceso-latino.png\",\"width\":240,\"height\":40,\"caption\":\"Acceso Latino | Fundaci\u00f3n Carlos Slim\"},\"image\":{\"@id\":\"https:\\\/\\\/accesolatino.org\\\/#\\\/schema\\\/logo\\\/image\\\/\"},\"sameAs\":[\"https:\\\/\\\/www.facebook.com\\\/AccesoLatinoOrg\",\"https:\\\/\\\/x.com\\\/FAccLatino\"]}]}<\/script>\n<!-- \/ Yoast SEO plugin. -->","yoast_head_json":{"title":"Texas podr\u00eda dar licencias para indocumentados","description":"Texas podr\u00eda dar\u00a0licencias\u00a0para indocumentados En la secci\u00f3n\u00a0Licencias\u00a0de conducir de Acceso Latino se incluyen todos los estados...","robots":{"index":"index","follow":"follow","max-snippet":"max-snippet:-1","max-image-preview":"max-image-preview:large","max-video-preview":"max-video-preview:-1"},"canonical":"https:\/\/accesolatino.org\/en\/texas-podria-dar-licencias-para-indocumentados\/","og_locale":"en_US","og_type":"article","og_title":"Acceso Latino | Texas podr\u00eda dar licencias para indocumentados","og_description":"Conoce la documentaci\u00f3n requerida para tramitar una licencia en cada uno de los estados de USA","og_url":"https:\/\/accesolatino.org\/en\/texas-podria-dar-licencias-para-indocumentados\/","og_site_name":"Acceso Latino","article_publisher":"https:\/\/www.facebook.com\/AccesoLatinoOrg","article_modified_time":"2025-10-18T00:10:20+00:00","og_image":[{"width":600,"height":338,"url":"https:\/\/accesolatino.org\/wp-content\/uploads\/2021\/01\/Texas-podria-dar-licencias-para-indocumentados.png","type":"image\/png"}],"twitter_card":"summary_large_image","twitter_title":"Acceso Latino | Texas podr\u00eda dar licencias para indocumentados","twitter_description":"Conoce la documentaci\u00f3n requerida para tramitar una licencia en cada uno de los estados de USA","twitter_image":"https:\/\/accesolatino.org\/wp-content\/uploads\/2021\/01\/Texas-podria-dar-licencias-para-indocumentados.png","twitter_site":"@FAccLatino","twitter_misc":{"Est. reading time":"1 minute"},"schema":{"@context":"https:\/\/schema.org","@graph":[{"@type":"WebPage","@id":"https:\/\/accesolatino.org\/en\/texas-podria-dar-licencias-para-indocumentados\/","url":"https:\/\/accesolatino.org\/en\/texas-podria-dar-licencias-para-indocumentados\/","name":"Texas podr\u00eda dar licencias para indocumentados","isPartOf":{"@id":"https:\/\/accesolatino.org\/#website"},"primaryImageOfPage":{"@id":"https:\/\/accesolatino.org\/en\/texas-podria-dar-licencias-para-indocumentados\/#primaryimage"},"image":{"@id":"https:\/\/accesolatino.org\/en\/texas-podria-dar-licencias-para-indocumentados\/#primaryimage"},"thumbnailUrl":"https:\/\/accesolatino.org\/wp-content\/uploads\/2021\/01\/Texas-podria-dar-licencias-para-indocumentados.png","datePublished":"2021-01-28T21:21:22+00:00","dateModified":"2025-10-18T00:10:20+00:00","description":"Texas podr\u00eda dar\u00a0licencias\u00a0para indocumentados En la secci\u00f3n\u00a0Licencias\u00a0de conducir de Acceso Latino se incluyen todos los estados...","breadcrumb":{"@id":"https:\/\/accesolatino.org\/en\/texas-podria-dar-licencias-para-indocumentados\/#breadcrumb"},"inLanguage":"en-US","potentialAction":[{"@type":"ReadAction","target":["https:\/\/accesolatino.org\/en\/texas-podria-dar-licencias-para-indocumentados\/"]}]},{"@type":"ImageObject","inLanguage":"en-US","@id":"https:\/\/accesolatino.org\/en\/texas-podria-dar-licencias-para-indocumentados\/#primaryimage","url":"https:\/\/accesolatino.org\/wp-content\/uploads\/2021\/01\/Texas-podria-dar-licencias-para-indocumentados.png","contentUrl":"https:\/\/accesolatino.org\/wp-content\/uploads\/2021\/01\/Texas-podria-dar-licencias-para-indocumentados.png","width":600,"height":338,"caption":"licencias"},{"@type":"BreadcrumbList","@id":"https:\/\/accesolatino.org\/en\/texas-podria-dar-licencias-para-indocumentados\/#breadcrumb","itemListElement":[{"@type":"ListItem","position":1,"name":"Portada","item":"https:\/\/accesolatino.org\/"},{"@type":"ListItem","position":2,"name":"Texas podr\u00eda dar licencias para indocumentados"}]},{"@type":"WebSite","@id":"https:\/\/accesolatino.org\/#website","url":"https:\/\/accesolatino.org\/","name":"Acceso Latino | Fundaci\u00f3n Carlos Slim","description":"Fundaci\u00f3n Carlos Slim","publisher":{"@id":"https:\/\/accesolatino.org\/#organization"},"potentialAction":[{"@type":"SearchAction","target":{"@type":"EntryPoint","urlTemplate":"https:\/\/accesolatino.org\/?s={search_term_string}"},"query-input":{"@type":"PropertyValueSpecification","valueRequired":true,"valueName":"search_term_string"}}],"inLanguage":"en-US"},{"@type":"Organization","@id":"https:\/\/accesolatino.org\/#organization","name":"Acceso Latino | Fundaci\u00f3n Carlos Slim","url":"https:\/\/accesolatino.org\/","logo":{"@type":"ImageObject","inLanguage":"en-US","@id":"https:\/\/accesolatino.org\/#\/schema\/logo\/image\/","url":"https:\/\/accesolatino.org\/wp-content\/uploads\/2021\/02\/logo-footer-acceso-latino.png","contentUrl":"https:\/\/accesolatino.org\/wp-content\/uploads\/2021\/02\/logo-footer-acceso-latino.png","width":240,"height":40,"caption":"Acceso Latino | Fundaci\u00f3n Carlos Slim"},"image":{"@id":"https:\/\/accesolatino.org\/#\/schema\/logo\/image\/"},"sameAs":["https:\/\/www.facebook.com\/AccesoLatinoOrg","https:\/\/x.com\/FAccLatino"]}]}},"_links":{"self":[{"href":"https:\/\/accesolatino.org\/en\/wp-json\/wp\/v2\/pages\/25288","targetHints":{"allow":["GET"]}}],"collection":[{"href":"https:\/\/accesolatino.org\/en\/wp-json\/wp\/v2\/pages"}],"about":[{"href":"https:\/\/accesolatino.org\/en\/wp-json\/wp\/v2\/types\/page"}],"author":[{"embeddable":true,"href":"https:\/\/accesolatino.org\/en\/wp-json\/wp\/v2\/users\/9"}],"replies":[{"embeddable":true,"href":"https:\/\/accesolatino.org\/en\/wp-json\/wp\/v2\/comments?post=25288"}],"version-history":[{"count":1,"href":"https:\/\/accesolatino.org\/en\/wp-json\/wp\/v2\/pages\/25288\/revisions"}],"predecessor-version":[{"id":64277,"href":"https:\/\/accesolatino.org\/en\/wp-json\/wp\/v2\/pages\/25288\/revisions\/64277"}],"wp:featuredmedia":[{"embeddable":true,"href":"https:\/\/accesolatino.org\/en\/wp-json\/wp\/v2\/media\/25290"}],"wp:attachment":[{"href":"https:\/\/accesolatino.org\/en\/wp-json\/wp\/v2\/media?parent=25288"}],"curies":[{"name":"wp","href":"https:\/\/api.w.org\/{rel}","templated":true}]}}