{"id":25187,"date":"2021-01-25T08:19:22","date_gmt":"2021-01-25T14:19:22","guid":{"rendered":"https:\/\/accesolatino.org\/?page_id=25187"},"modified":"2025-11-06T18:23:42","modified_gmt":"2025-11-07T00:23:42","slug":"cuny-citizenship-now-proporciona-servicios-legales-a-inmigrantes","status":"publish","type":"page","link":"https:\/\/accesolatino.org\/en\/apoyos-sociales\/cuny-citizenship-now-proporciona-servicios-legales-a-inmigrantes\/","title":{"rendered":"CUNY Citizenship Now! provides legal services to immigrants."},"content":{"rendered":"<div data-elementor-type=\"wp-post\" data-elementor-id=\"25187\" class=\"elementor elementor-25187\">\n\t\t\t\t\t\t<section class=\"elementor-section elementor-top-section elementor-element elementor-element-715cf41 elementor-section-full_width elementor-section-height-min-height elementor-section-items-stretch elementor-section-height-default wpr-particle-no wpr-jarallax-no wpr-parallax-no wpr-sticky-section-no wpr-equal-height-no\" data-id=\"715cf41\" data-element_type=\"section\" data-e-type=\"section\" data-settings=\"{&quot;background_background&quot;:&quot;classic&quot;}\">\n\t\t\t\t\t\t<div class=\"elementor-container elementor-column-gap-no\">\n\t\t\t\t\t<div class=\"elementor-column elementor-col-100 elementor-top-column elementor-element elementor-element-adaeca3\" data-id=\"adaeca3\" data-element_type=\"column\" data-e-type=\"column\">\n\t\t\t<div class=\"elementor-widget-wrap elementor-element-populated\">\n\t\t\t\t\t\t<div class=\"elementor-element elementor-element-9971248 elementor--h-position-center elementor--v-position-middle elementor-widget elementor-widget-slides\" data-id=\"9971248\" data-element_type=\"widget\" data-e-type=\"widget\" data-settings=\"{&quot;navigation&quot;:&quot;none&quot;,&quot;infinite&quot;:&quot;yes&quot;,&quot;transition&quot;:&quot;slide&quot;,&quot;transition_speed&quot;:500}\" data-widget_type=\"slides.default\">\n\t\t\t\t<div class=\"elementor-widget-container\">\n\t\t\t\t\t\t\t<div class=\"elementor-swiper\">\n\t\t\t<div class=\"elementor-slides-wrapper elementor-main-swiper swiper-container\" dir=\"ltr\" data-animation=\"\">\n\t\t\t\t<div class=\"swiper-wrapper elementor-slides\">\n\t\t\t\t\t\t\t\t\t\t<div class=\"elementor-repeater-item-d983a28 swiper-slide\"><div class=\"swiper-slide-bg\"><\/div><div class=\"swiper-slide-inner\" ><div class=\"swiper-slide-contents\"><div class=\"elementor-slide-heading\">Social Supports<\/div><\/div><\/div><\/div>\t\t\t\t<\/div>\n\t\t\t\t\t\t\t<\/div>\n\t\t<\/div>\n\t\t\t\t\t\t<\/div>\n\t\t\t\t<\/div>\n\t\t\t\t\t<\/div>\n\t\t<\/div>\n\t\t\t\t\t<\/div>\n\t\t<\/section>\n\t\t\t\t<section class=\"elementor-section elementor-top-section elementor-element elementor-element-f9e1e62 elementor-section-stretched elementor-section-boxed elementor-section-height-default elementor-section-height-default wpr-particle-no wpr-jarallax-no wpr-parallax-no wpr-sticky-section-no wpr-equal-height-no\" data-id=\"f9e1e62\" data-element_type=\"section\" data-e-type=\"section\" data-settings=\"{&quot;stretch_section&quot;:&quot;section-stretched&quot;,&quot;background_background&quot;:&quot;classic&quot;}\">\n\t\t\t\t\t\t<div class=\"elementor-container elementor-column-gap-default\">\n\t\t\t\t\t<div class=\"elementor-column elementor-col-100 elementor-top-column elementor-element elementor-element-05664e8\" data-id=\"05664e8\" data-element_type=\"column\" data-e-type=\"column\">\n\t\t\t<div class=\"elementor-widget-wrap elementor-element-populated\">\n\t\t\t\t\t\t<div class=\"elementor-element elementor-element-78647b0 elementor-widget elementor-widget-heading\" data-id=\"78647b0\" data-element_type=\"widget\" data-e-type=\"widget\" data-widget_type=\"heading.default\">\n\t\t\t\t<div class=\"elementor-widget-container\">\n\t\t\t\t\t<h3 class=\"elementor-heading-title elementor-size-default\">CUNY Citizenship Now! provides legal services to immigrants.<\/h3>\t\t\t\t<\/div>\n\t\t\t\t<\/div>\n\t\t\t\t<div class=\"elementor-element elementor-element-0af88ee elementor-widget elementor-widget-text-editor\" data-id=\"0af88ee\" data-element_type=\"widget\" data-e-type=\"widget\" data-widget_type=\"text-editor.default\">\n\t\t\t\t<div class=\"elementor-widget-container\">\n\t\t\t\t\t\t\t\t\t<p><a href=\"https:\/\/accesolatino.org\/en\/\">Acceso Latino<\/a> cuenta con alianzas que har\u00e1n que tu tiempo en Estados Unidos sea m\u00e1s llevadero en caso de tener un problema.<\/p><p>En esta ocasi\u00f3n te presentamos <a href=\"https:\/\/www1.cuny.edu\/sites\/citizenship-now\/\">CUNY Citizenship Now!<\/a> el programa de asistencia legal de la Universidad de la Ciudad de Nueva York m\u00e1s grande del pa\u00eds que proporciona servicios legales de inmigraci\u00f3n gratuitos, de alta calidad y confidenciales para ayudarte y a tu familia en su camino hacia la ciudadan\u00eda estadounidense.<\/p><p>Si vives en esa ciudad, podr\u00e1s encontrar sus establecimientos permanentes en los distritos de Bronx, Brooklyn, Manhattan y Queens; mientras que sus establecimientos de medio tiempo est\u00e1n en los mismos distritos m\u00e1s Staten Island. \u00a0<\/p><p>Tambi\u00e9n en la p\u00e1gina principal, hallar\u00e1s PDFs sobre C\u00f3mo Convertirte en Ciudadano Americano (en ingl\u00e9s) y un Manual de Naturalizaci\u00f3n (disponible en espa\u00f1ol).<\/p><p>Ofrecen consultas gratuitas y asistencia para:<\/p><ul><li>Naturalization<\/li><li>Certificados de ciudadan\u00eda<\/li><li>Renovaci\u00f3n y reemplazo de documentos de inmigraci\u00f3n<\/li><li>Solicitudes de exenciones de tarifas totales y parciales<\/li><li>Peticiones basadas en v\u00ednculos familiares<\/li><li>DACA: Acci\u00f3n Diferida para los Llegados en la Infancia<\/li><li>TPS: Estatus de Protecci\u00f3n Temporal<\/li><li>FOIA: Ley por la Libertad de la Informaci\u00f3n<\/li><li>Ajustes de estatus<\/li><li>Proceso consular<\/li><\/ul><p>A\u00fan con la contingencia, est\u00e1n trabajando de lunes a viernes, en un horario de 9am a 5pm. Cont\u00e1ctalos en el tel\u00e9fono 646 664 9400 o manda un mensaje al 929 334 3784.<\/p><p>Para m\u00e1s informaci\u00f3n, consulta su sitio web.<\/p>\t\t\t\t\t\t\t\t<\/div>\n\t\t\t\t<\/div>\n\t\t\t\t<div class=\"elementor-element elementor-element-9f935fd elementor-widget elementor-widget-spacer\" data-id=\"9f935fd\" data-element_type=\"widget\" data-e-type=\"widget\" data-widget_type=\"spacer.default\">\n\t\t\t\t<div class=\"elementor-widget-container\">\n\t\t\t\t\t\t\t<div class=\"elementor-spacer\">\n\t\t\t<div class=\"elementor-spacer-inner\"><\/div>\n\t\t<\/div>\n\t\t\t\t\t\t<\/div>\n\t\t\t\t<\/div>\n\t\t\t\t\t<\/div>\n\t\t<\/div>\n\t\t\t\t\t<\/div>\n\t\t<\/section>\n\t\t\t\t<\/div>","protected":false},"excerpt":{"rendered":"<p>Apoyos Sociales CUNY Citizenship Now!, proporciona servicios legales a inmigrantes Acceso Latino cuenta con alianzas que har\u00e1n que tu tiempo en Estados Unidos sea m\u00e1s llevadero en caso de tener un problema. En esta ocasi\u00f3n te presentamos CUNY Citizenship Now! el programa de asistencia legal de la Universidad de la Ciudad de Nueva York m\u00e1s grande del pa\u00eds que proporciona servicios legales de inmigraci\u00f3n gratuitos, de alta calidad y confidenciales para ayudarte y a tu familia en su camino hacia la ciudadan\u00eda estadounidense. Si vives en esa ciudad, podr\u00e1s encontrar sus establecimientos permanentes en los distritos de Bronx, Brooklyn, Manhattan y Queens; mientras que sus establecimientos de medio tiempo est\u00e1n en los mismos distritos m\u00e1s Staten Island. \u00a0 Tambi\u00e9n en la p\u00e1gina principal, hallar\u00e1s PDFs sobre C\u00f3mo Convertirte en Ciudadano Americano (en ingl\u00e9s) y un Manual de Naturalizaci\u00f3n (disponible en espa\u00f1ol). Ofrecen consultas gratuitas y asistencia para: Naturalizaci\u00f3n Certificados de ciudadan\u00eda Renovaci\u00f3n y reemplazo de documentos de inmigraci\u00f3n Solicitudes de exenciones de tarifas totales y parciales Peticiones basadas en v\u00ednculos familiares DACA: Acci\u00f3n Diferida para los Llegados en la Infancia TPS: Estatus de Protecci\u00f3n Temporal FOIA: Ley por la Libertad de la Informaci\u00f3n Ajustes de estatus Proceso consular A\u00fan con la contingencia, est\u00e1n trabajando de lunes a viernes, en un horario de 9am a 5pm. Cont\u00e1ctalos en el tel\u00e9fono 646 664 9400 o manda un mensaje al 929 334 3784. Para m\u00e1s informaci\u00f3n, consulta su sitio web.<\/p>","protected":false},"author":6,"featured_media":25189,"parent":1435,"menu_order":0,"comment_status":"closed","ping_status":"closed","template":"elementor_header_footer","meta":{"_uf_show_specific_survey":0,"_uf_disable_surveys":false,"footnotes":""},"class_list":["post-25187","page","type-page","status-publish","has-post-thumbnail"],"aioseo_notices":[],"yoast_head":"<!-- This site is optimized with the Yoast SEO plugin v27.5 - https:\/\/yoast.com\/product\/yoast-seo-wordpress\/ -->\n<title>CUNY Citizenship Now!, servicios legales a inmigrantes<\/title>\n<meta name=\"description\" content=\"Conoce las diferentes formas en las que los migrantes se pueden ver beneficiados en Estados Unidos - Acceso Latino\" \/>\n<meta name=\"robots\" content=\"index, follow, max-snippet:-1, max-image-preview:large, max-video-preview:-1\" \/>\n<link rel=\"canonical\" href=\"https:\/\/accesolatino.org\/en\/apoyos-sociales\/cuny-citizenship-now-proporciona-servicios-legales-a-inmigrantes\/\" \/>\n<meta property=\"og:locale\" content=\"en_US\" \/>\n<meta property=\"og:type\" content=\"article\" \/>\n<meta property=\"og:title\" content=\"Acceso Latino | CUNY Citizenship Now!, proporciona servicios legales a inmigrantes\" \/>\n<meta property=\"og:description\" content=\"Conoce las diferentes formas en las que los migrantes se pueden ver beneficiados en USA\" \/>\n<meta property=\"og:url\" content=\"https:\/\/accesolatino.org\/en\/apoyos-sociales\/cuny-citizenship-now-proporciona-servicios-legales-a-inmigrantes\/\" \/>\n<meta property=\"og:site_name\" content=\"Acceso Latino\" \/>\n<meta property=\"article:publisher\" content=\"https:\/\/www.facebook.com\/AccesoLatinoOrg\" \/>\n<meta property=\"article:modified_time\" content=\"2025-11-07T00:23:42+00:00\" \/>\n<meta property=\"og:image\" content=\"https:\/\/accesolatino.org\/wp-content\/uploads\/2021\/01\/CUNY-Citizenship-Now-proporciona-servicios-legales-a-inmigrantes.png\" \/>\n\t<meta property=\"og:image:width\" content=\"600\" \/>\n\t<meta property=\"og:image:height\" content=\"338\" \/>\n\t<meta property=\"og:image:type\" content=\"image\/png\" \/>\n<meta name=\"twitter:card\" content=\"summary_large_image\" \/>\n<meta name=\"twitter:title\" content=\"Acceso Latino | CUNY Citizenship Now!, proporciona servicios legales a inmigrantes\" \/>\n<meta name=\"twitter:description\" content=\"Conoce las diferentes formas en las que los migrantes se pueden ver beneficiados en USA\" \/>\n<meta name=\"twitter:image\" content=\"https:\/\/accesolatino.org\/wp-content\/uploads\/2021\/01\/CUNY-Citizenship-Now-proporciona-servicios-legales-a-inmigrantes.png\" \/>\n<meta name=\"twitter:site\" content=\"@FAccLatino\" \/>\n<meta name=\"twitter:label1\" content=\"Est. reading time\" \/>\n\t<meta name=\"twitter:data1\" content=\"2 minutes\" \/>\n<script type=\"application\/ld+json\" class=\"yoast-schema-graph\">{\"@context\":\"https:\\\/\\\/schema.org\",\"@graph\":[{\"@type\":\"WebPage\",\"@id\":\"https:\\\/\\\/accesolatino.org\\\/apoyos-sociales\\\/cuny-citizenship-now-proporciona-servicios-legales-a-inmigrantes\\\/\",\"url\":\"https:\\\/\\\/accesolatino.org\\\/apoyos-sociales\\\/cuny-citizenship-now-proporciona-servicios-legales-a-inmigrantes\\\/\",\"name\":\"CUNY Citizenship Now!, servicios legales a inmigrantes\",\"isPartOf\":{\"@id\":\"https:\\\/\\\/accesolatino.org\\\/#website\"},\"primaryImageOfPage\":{\"@id\":\"https:\\\/\\\/accesolatino.org\\\/apoyos-sociales\\\/cuny-citizenship-now-proporciona-servicios-legales-a-inmigrantes\\\/#primaryimage\"},\"image\":{\"@id\":\"https:\\\/\\\/accesolatino.org\\\/apoyos-sociales\\\/cuny-citizenship-now-proporciona-servicios-legales-a-inmigrantes\\\/#primaryimage\"},\"thumbnailUrl\":\"https:\\\/\\\/accesolatino.org\\\/wp-content\\\/uploads\\\/2021\\\/01\\\/CUNY-Citizenship-Now-proporciona-servicios-legales-a-inmigrantes.png\",\"datePublished\":\"2021-01-25T14:19:22+00:00\",\"dateModified\":\"2025-11-07T00:23:42+00:00\",\"description\":\"Conoce las diferentes formas en las que los migrantes se pueden ver beneficiados en Estados Unidos - Acceso Latino\",\"breadcrumb\":{\"@id\":\"https:\\\/\\\/accesolatino.org\\\/apoyos-sociales\\\/cuny-citizenship-now-proporciona-servicios-legales-a-inmigrantes\\\/#breadcrumb\"},\"inLanguage\":\"en-US\",\"potentialAction\":[{\"@type\":\"ReadAction\",\"target\":[\"https:\\\/\\\/accesolatino.org\\\/apoyos-sociales\\\/cuny-citizenship-now-proporciona-servicios-legales-a-inmigrantes\\\/\"]}]},{\"@type\":\"ImageObject\",\"inLanguage\":\"en-US\",\"@id\":\"https:\\\/\\\/accesolatino.org\\\/apoyos-sociales\\\/cuny-citizenship-now-proporciona-servicios-legales-a-inmigrantes\\\/#primaryimage\",\"url\":\"https:\\\/\\\/accesolatino.org\\\/wp-content\\\/uploads\\\/2021\\\/01\\\/CUNY-Citizenship-Now-proporciona-servicios-legales-a-inmigrantes.png\",\"contentUrl\":\"https:\\\/\\\/accesolatino.org\\\/wp-content\\\/uploads\\\/2021\\\/01\\\/CUNY-Citizenship-Now-proporciona-servicios-legales-a-inmigrantes.png\",\"width\":600,\"height\":338,\"caption\":\"CUNY Citizenship Now\"},{\"@type\":\"BreadcrumbList\",\"@id\":\"https:\\\/\\\/accesolatino.org\\\/apoyos-sociales\\\/cuny-citizenship-now-proporciona-servicios-legales-a-inmigrantes\\\/#breadcrumb\",\"itemListElement\":[{\"@type\":\"ListItem\",\"position\":1,\"name\":\"Portada\",\"item\":\"https:\\\/\\\/accesolatino.org\\\/\"},{\"@type\":\"ListItem\",\"position\":2,\"name\":\"Apoyos Sociales\",\"item\":\"https:\\\/\\\/accesolatino.org\\\/en\\\/apoyos-sociales\\\/\"},{\"@type\":\"ListItem\",\"position\":3,\"name\":\"CUNY Citizenship Now!, proporciona servicios legales a inmigrantes\"}]},{\"@type\":\"WebSite\",\"@id\":\"https:\\\/\\\/accesolatino.org\\\/#website\",\"url\":\"https:\\\/\\\/accesolatino.org\\\/\",\"name\":\"Acceso Latino | Fundaci\u00f3n Carlos Slim\",\"description\":\"Fundaci\u00f3n Carlos Slim\",\"publisher\":{\"@id\":\"https:\\\/\\\/accesolatino.org\\\/#organization\"},\"potentialAction\":[{\"@type\":\"SearchAction\",\"target\":{\"@type\":\"EntryPoint\",\"urlTemplate\":\"https:\\\/\\\/accesolatino.org\\\/?s={search_term_string}\"},\"query-input\":{\"@type\":\"PropertyValueSpecification\",\"valueRequired\":true,\"valueName\":\"search_term_string\"}}],\"inLanguage\":\"en-US\"},{\"@type\":\"Organization\",\"@id\":\"https:\\\/\\\/accesolatino.org\\\/#organization\",\"name\":\"Acceso Latino | Fundaci\u00f3n Carlos Slim\",\"url\":\"https:\\\/\\\/accesolatino.org\\\/\",\"logo\":{\"@type\":\"ImageObject\",\"inLanguage\":\"en-US\",\"@id\":\"https:\\\/\\\/accesolatino.org\\\/#\\\/schema\\\/logo\\\/image\\\/\",\"url\":\"https:\\\/\\\/accesolatino.org\\\/wp-content\\\/uploads\\\/2021\\\/02\\\/logo-footer-acceso-latino.png\",\"contentUrl\":\"https:\\\/\\\/accesolatino.org\\\/wp-content\\\/uploads\\\/2021\\\/02\\\/logo-footer-acceso-latino.png\",\"width\":240,\"height\":40,\"caption\":\"Acceso Latino | Fundaci\u00f3n Carlos Slim\"},\"image\":{\"@id\":\"https:\\\/\\\/accesolatino.org\\\/#\\\/schema\\\/logo\\\/image\\\/\"},\"sameAs\":[\"https:\\\/\\\/www.facebook.com\\\/AccesoLatinoOrg\",\"https:\\\/\\\/x.com\\\/FAccLatino\"]}]}<\/script>\n<!-- \/ Yoast SEO plugin. -->","yoast_head_json":{"title":"CUNY Citizenship Now!, servicios legales a inmigrantes","description":"Conoce las diferentes formas en las que los migrantes se pueden ver beneficiados en Estados Unidos - Acceso Latino","robots":{"index":"index","follow":"follow","max-snippet":"max-snippet:-1","max-image-preview":"max-image-preview:large","max-video-preview":"max-video-preview:-1"},"canonical":"https:\/\/accesolatino.org\/en\/apoyos-sociales\/cuny-citizenship-now-proporciona-servicios-legales-a-inmigrantes\/","og_locale":"en_US","og_type":"article","og_title":"Acceso Latino | CUNY Citizenship Now!, proporciona servicios legales a inmigrantes","og_description":"Conoce las diferentes formas en las que los migrantes se pueden ver beneficiados en USA","og_url":"https:\/\/accesolatino.org\/en\/apoyos-sociales\/cuny-citizenship-now-proporciona-servicios-legales-a-inmigrantes\/","og_site_name":"Acceso Latino","article_publisher":"https:\/\/www.facebook.com\/AccesoLatinoOrg","article_modified_time":"2025-11-07T00:23:42+00:00","og_image":[{"width":600,"height":338,"url":"https:\/\/accesolatino.org\/wp-content\/uploads\/2021\/01\/CUNY-Citizenship-Now-proporciona-servicios-legales-a-inmigrantes.png","type":"image\/png"}],"twitter_card":"summary_large_image","twitter_title":"Acceso Latino | CUNY Citizenship Now!, proporciona servicios legales a inmigrantes","twitter_description":"Conoce las diferentes formas en las que los migrantes se pueden ver beneficiados en USA","twitter_image":"https:\/\/accesolatino.org\/wp-content\/uploads\/2021\/01\/CUNY-Citizenship-Now-proporciona-servicios-legales-a-inmigrantes.png","twitter_site":"@FAccLatino","twitter_misc":{"Est. reading time":"2 minutes"},"schema":{"@context":"https:\/\/schema.org","@graph":[{"@type":"WebPage","@id":"https:\/\/accesolatino.org\/apoyos-sociales\/cuny-citizenship-now-proporciona-servicios-legales-a-inmigrantes\/","url":"https:\/\/accesolatino.org\/apoyos-sociales\/cuny-citizenship-now-proporciona-servicios-legales-a-inmigrantes\/","name":"CUNY Citizenship Now!, servicios legales a inmigrantes","isPartOf":{"@id":"https:\/\/accesolatino.org\/#website"},"primaryImageOfPage":{"@id":"https:\/\/accesolatino.org\/apoyos-sociales\/cuny-citizenship-now-proporciona-servicios-legales-a-inmigrantes\/#primaryimage"},"image":{"@id":"https:\/\/accesolatino.org\/apoyos-sociales\/cuny-citizenship-now-proporciona-servicios-legales-a-inmigrantes\/#primaryimage"},"thumbnailUrl":"https:\/\/accesolatino.org\/wp-content\/uploads\/2021\/01\/CUNY-Citizenship-Now-proporciona-servicios-legales-a-inmigrantes.png","datePublished":"2021-01-25T14:19:22+00:00","dateModified":"2025-11-07T00:23:42+00:00","description":"Conoce las diferentes formas en las que los migrantes se pueden ver beneficiados en Estados Unidos - Acceso Latino","breadcrumb":{"@id":"https:\/\/accesolatino.org\/apoyos-sociales\/cuny-citizenship-now-proporciona-servicios-legales-a-inmigrantes\/#breadcrumb"},"inLanguage":"en-US","potentialAction":[{"@type":"ReadAction","target":["https:\/\/accesolatino.org\/apoyos-sociales\/cuny-citizenship-now-proporciona-servicios-legales-a-inmigrantes\/"]}]},{"@type":"ImageObject","inLanguage":"en-US","@id":"https:\/\/accesolatino.org\/apoyos-sociales\/cuny-citizenship-now-proporciona-servicios-legales-a-inmigrantes\/#primaryimage","url":"https:\/\/accesolatino.org\/wp-content\/uploads\/2021\/01\/CUNY-Citizenship-Now-proporciona-servicios-legales-a-inmigrantes.png","contentUrl":"https:\/\/accesolatino.org\/wp-content\/uploads\/2021\/01\/CUNY-Citizenship-Now-proporciona-servicios-legales-a-inmigrantes.png","width":600,"height":338,"caption":"CUNY Citizenship Now"},{"@type":"BreadcrumbList","@id":"https:\/\/accesolatino.org\/apoyos-sociales\/cuny-citizenship-now-proporciona-servicios-legales-a-inmigrantes\/#breadcrumb","itemListElement":[{"@type":"ListItem","position":1,"name":"Portada","item":"https:\/\/accesolatino.org\/"},{"@type":"ListItem","position":2,"name":"Apoyos Sociales","item":"https:\/\/accesolatino.org\/en\/apoyos-sociales\/"},{"@type":"ListItem","position":3,"name":"CUNY Citizenship Now!, proporciona servicios legales a inmigrantes"}]},{"@type":"WebSite","@id":"https:\/\/accesolatino.org\/#website","url":"https:\/\/accesolatino.org\/","name":"Acceso Latino | Fundaci\u00f3n Carlos Slim","description":"Fundaci\u00f3n Carlos Slim","publisher":{"@id":"https:\/\/accesolatino.org\/#organization"},"potentialAction":[{"@type":"SearchAction","target":{"@type":"EntryPoint","urlTemplate":"https:\/\/accesolatino.org\/?s={search_term_string}"},"query-input":{"@type":"PropertyValueSpecification","valueRequired":true,"valueName":"search_term_string"}}],"inLanguage":"en-US"},{"@type":"Organization","@id":"https:\/\/accesolatino.org\/#organization","name":"Acceso Latino | Fundaci\u00f3n Carlos Slim","url":"https:\/\/accesolatino.org\/","logo":{"@type":"ImageObject","inLanguage":"en-US","@id":"https:\/\/accesolatino.org\/#\/schema\/logo\/image\/","url":"https:\/\/accesolatino.org\/wp-content\/uploads\/2021\/02\/logo-footer-acceso-latino.png","contentUrl":"https:\/\/accesolatino.org\/wp-content\/uploads\/2021\/02\/logo-footer-acceso-latino.png","width":240,"height":40,"caption":"Acceso Latino | Fundaci\u00f3n Carlos Slim"},"image":{"@id":"https:\/\/accesolatino.org\/#\/schema\/logo\/image\/"},"sameAs":["https:\/\/www.facebook.com\/AccesoLatinoOrg","https:\/\/x.com\/FAccLatino"]}]}},"_links":{"self":[{"href":"https:\/\/accesolatino.org\/en\/wp-json\/wp\/v2\/pages\/25187","targetHints":{"allow":["GET"]}}],"collection":[{"href":"https:\/\/accesolatino.org\/en\/wp-json\/wp\/v2\/pages"}],"about":[{"href":"https:\/\/accesolatino.org\/en\/wp-json\/wp\/v2\/types\/page"}],"author":[{"embeddable":true,"href":"https:\/\/accesolatino.org\/en\/wp-json\/wp\/v2\/users\/6"}],"replies":[{"embeddable":true,"href":"https:\/\/accesolatino.org\/en\/wp-json\/wp\/v2\/comments?post=25187"}],"version-history":[{"count":1,"href":"https:\/\/accesolatino.org\/en\/wp-json\/wp\/v2\/pages\/25187\/revisions"}],"predecessor-version":[{"id":68584,"href":"https:\/\/accesolatino.org\/en\/wp-json\/wp\/v2\/pages\/25187\/revisions\/68584"}],"up":[{"embeddable":true,"href":"https:\/\/accesolatino.org\/en\/wp-json\/wp\/v2\/pages\/1435"}],"wp:featuredmedia":[{"embeddable":true,"href":"https:\/\/accesolatino.org\/en\/wp-json\/wp\/v2\/media\/25189"}],"wp:attachment":[{"href":"https:\/\/accesolatino.org\/en\/wp-json\/wp\/v2\/media?parent=25187"}],"curies":[{"name":"wp","href":"https:\/\/api.w.org\/{rel}","templated":true}]}}