{"id":25164,"date":"2021-01-21T15:40:24","date_gmt":"2021-01-21T21:40:24","guid":{"rendered":"https:\/\/accesolatino.org\/?page_id=25164"},"modified":"2025-10-15T14:01:09","modified_gmt":"2025-10-15T20:01:09","slug":"asociacion-nacional-de-psicologia-latina","status":"publish","type":"page","link":"https:\/\/accesolatino.org\/en\/salud\/asociacion-nacional-de-psicologia-latina\/","title":{"rendered":"Ayuda psicol\u00f3gica gracias a la Asociaci\u00f3n Nacional de Psicolog\u00eda Latina"},"content":{"rendered":"<div data-elementor-type=\"wp-post\" data-elementor-id=\"25164\" class=\"elementor elementor-25164\">\n\t\t\t\t\t\t<section class=\"elementor-section elementor-top-section elementor-element elementor-element-4b2e373 elementor-section-full_width elementor-section-height-min-height elementor-section-items-stretch elementor-section-height-default wpr-particle-no wpr-jarallax-no wpr-parallax-no wpr-sticky-section-no wpr-equal-height-no\" data-id=\"4b2e373\" data-element_type=\"section\" data-e-type=\"section\" data-settings=\"{&quot;background_background&quot;:&quot;classic&quot;}\">\n\t\t\t\t\t\t<div class=\"elementor-container elementor-column-gap-no\">\n\t\t\t\t\t<div class=\"elementor-column elementor-col-100 elementor-top-column elementor-element elementor-element-aa1e589\" data-id=\"aa1e589\" data-element_type=\"column\" data-e-type=\"column\">\n\t\t\t<div class=\"elementor-widget-wrap elementor-element-populated\">\n\t\t\t\t\t\t<div class=\"elementor-element elementor-element-926892e elementor--h-position-center elementor--v-position-middle elementor-widget elementor-widget-slides\" data-id=\"926892e\" data-element_type=\"widget\" data-e-type=\"widget\" data-settings=\"{&quot;navigation&quot;:&quot;none&quot;,&quot;infinite&quot;:&quot;yes&quot;,&quot;transition&quot;:&quot;slide&quot;,&quot;transition_speed&quot;:500}\" data-widget_type=\"slides.default\">\n\t\t\t\t<div class=\"elementor-widget-container\">\n\t\t\t\t\t\t\t<div class=\"elementor-swiper\">\n\t\t\t<div class=\"elementor-slides-wrapper elementor-main-swiper swiper-container\" dir=\"ltr\" data-animation=\"\">\n\t\t\t\t<div class=\"swiper-wrapper elementor-slides\">\n\t\t\t\t\t\t\t\t\t\t<div class=\"elementor-repeater-item-d983a28 swiper-slide\"><div class=\"swiper-slide-bg\"><\/div><div class=\"swiper-slide-inner\" ><div class=\"swiper-slide-contents\"><div class=\"elementor-slide-heading\">Health<\/div><\/div><\/div><\/div>\t\t\t\t<\/div>\n\t\t\t\t\t\t\t<\/div>\n\t\t<\/div>\n\t\t\t\t\t\t<\/div>\n\t\t\t\t<\/div>\n\t\t\t\t\t<\/div>\n\t\t<\/div>\n\t\t\t\t\t<\/div>\n\t\t<\/section>\n\t\t\t\t<section class=\"elementor-section elementor-top-section elementor-element elementor-element-aebe8dc elementor-section-stretched elementor-section-boxed elementor-section-height-default elementor-section-height-default wpr-particle-no wpr-jarallax-no wpr-parallax-no wpr-sticky-section-no wpr-equal-height-no\" data-id=\"aebe8dc\" data-element_type=\"section\" data-e-type=\"section\" data-settings=\"{&quot;stretch_section&quot;:&quot;section-stretched&quot;,&quot;background_background&quot;:&quot;classic&quot;}\">\n\t\t\t\t\t\t<div class=\"elementor-container elementor-column-gap-default\">\n\t\t\t\t\t<div class=\"elementor-column elementor-col-100 elementor-top-column elementor-element elementor-element-04ee128\" data-id=\"04ee128\" data-element_type=\"column\" data-e-type=\"column\">\n\t\t\t<div class=\"elementor-widget-wrap elementor-element-populated\">\n\t\t\t\t\t\t<div class=\"elementor-element elementor-element-930cc47 elementor-widget elementor-widget-heading\" data-id=\"930cc47\" data-element_type=\"widget\" data-e-type=\"widget\" data-widget_type=\"heading.default\">\n\t\t\t\t<div class=\"elementor-widget-container\">\n\t\t\t\t\t<h3 class=\"elementor-heading-title elementor-size-default\">Seek psychological help thanks to the National Latino Psychological Association.<\/h3>\t\t\t\t<\/div>\n\t\t\t\t<\/div>\n\t\t\t\t<div class=\"elementor-element elementor-element-3b4b4b9 elementor-widget elementor-widget-text-editor\" data-id=\"3b4b4b9\" data-element_type=\"widget\" data-e-type=\"widget\" data-widget_type=\"text-editor.default\">\n\t\t\t\t<div class=\"elementor-widget-container\">\n\t\t\t\t\t\t\t\t\t<p><strong>Acceso Latino<\/strong> vela por el bienestar de todos, y por esta raz\u00f3n en su secci\u00f3n <a href=\"https:\/\/accesolatino.org\/en\/salud\/\">Health<\/a>, cuenta con servicios como el prove\u00eddo por la Asociaci\u00f3n Nacional de Psicolog\u00eda Latina (NLPA, por sus siglas en ingl\u00e9s), que te ayuda a buscar ayuda psicol\u00f3gica en todo momento. En ese apartado, se incluye una gu\u00eda y herramientas, que gracias a ellas, podr\u00e1s canalizar tus emociones.<\/p><p>Esta organizaci\u00f3n nacional est\u00e1 conformada por profesionales expertos en salud mental, acad\u00e9micos, investigadores y estudiantes cuyo objetivo es la generaci\u00f3n y promoci\u00f3n del conocimiento psicol\u00f3gico, adem\u00e1s de fomentar su aplicaci\u00f3n de forma efectiva para el beneficio de toda la comunidad latina en Estados Unidos.<\/p><p>Esta gu\u00eda, cuenta con 11 manifiestos que hay que seguir:<\/p><ol><li><strong>Reconoce tus sentimientos:<\/strong> no tengas miedo a expresar emociones como frustraci\u00f3n, tristeza o irritabilidad. El llorar y decir lo que nos molesta no es mostrar debilidad; al contrario, nos hace m\u00e1s fuertes porque estamos enfrentando la situaci\u00f3n.<\/li><li><strong>Identifica los s\u00edntomas que genera la angustia:<\/strong> son diferentes en cada persona, por eso debes estar atento si te sientes abrumado, ansioso, nervioso o irritable; tienes cambios de humor repentinos; adormecimiento emocional; dificultad para dormir, etc.<\/li><li><strong>Examina tus detonantes:<\/strong> presta atenci\u00f3n a personas, cosas y\/o situaciones que te causen angustia. Un buen term\u00f3metro es ver las noticias; si cuando las ves comienzas con ese sentimiento, modera su consumo.<\/li><li><strong>Construye tus fortalezas: <\/strong>eres fuerte por naturaleza, y puedes serlo a\u00fan m\u00e1s si te basas en tus experiencias pasadas para generarte confianza.<\/li><li><strong>Conecta o recon\u00e9ctate con lo que te hace feliz:<\/strong> t\u00f3mate un momento para reencontrarte con las cosas que te traen alegr\u00eda; puede ser leer tu libro favorito, escuchar la canci\u00f3n que m\u00e1s te guste, hablar con un amigo\u2026 el cielo es el l\u00edmite para sentir esa chispa de nuevo.<\/li><li><strong>Aprende nuevas habilidades:<\/strong> esto va a permitir que manejes tus emociones de una manera sana y te servir\u00e1n para manejar el estr\u00e9s.<\/li><li><strong>No descuides tu salud mental:<\/strong> no importa si aquello que te agobia es leve, moderado o intenso, siempre debes acercarte a un profesional que te har\u00e1 sentir mucho mejor, comparti\u00e9ndole todo lo que sientes.<\/li><li><strong>Conoce tus derechos:<\/strong> conocimiento es poder, y m\u00e1s cuando se trata de nuestros derechos. Localiza sitios donde puedas buscar ayuda en caso de necesitarla.<\/li><li><strong>Cu\u00eddate de estafas:<\/strong> abogados deshonestos pueden prometerte acelerar alg\u00fan tr\u00e1mite y pedirte dinero, cuando en realidad no se puede hacer nada al respecto. Busca informaci\u00f3n de fuentes oficiales y consigue <a href=\"https:\/\/accesolatino.org\/en\/orientacion-legal\/\">orientaci\u00f3n legal<\/a><\/li><li><strong>Comparte tu conocimiento:<\/strong> ya sea para ayudar a los dem\u00e1s o contando tus experiencias, todos los involucrados se sentir\u00e1n m\u00e1s aliviados y nunca solos.<\/li><li><strong>No est\u00e1s solo:<\/strong> eres parte de este pa\u00eds y muchas personas est\u00e1n pasando por lo mismo que t\u00fa. Eres muy valioso, y recuerda que si trabajas duro, siempre tendr\u00e1s tu recompensa.<\/li><\/ol><p>Dentro de la gu\u00eda de NLPA, podr\u00e1s obtener informaci\u00f3n adicional.<\/p>\t\t\t\t\t\t\t\t<\/div>\n\t\t\t\t<\/div>\n\t\t\t\t<div class=\"elementor-element elementor-element-aeae3a3 elementor-widget elementor-widget-spacer\" data-id=\"aeae3a3\" data-element_type=\"widget\" data-e-type=\"widget\" data-widget_type=\"spacer.default\">\n\t\t\t\t<div class=\"elementor-widget-container\">\n\t\t\t\t\t\t\t<div class=\"elementor-spacer\">\n\t\t\t<div class=\"elementor-spacer-inner\"><\/div>\n\t\t<\/div>\n\t\t\t\t\t\t<\/div>\n\t\t\t\t<\/div>\n\t\t\t\t\t<\/div>\n\t\t<\/div>\n\t\t\t\t\t<\/div>\n\t\t<\/section>\n\t\t\t\t<\/div>","protected":false},"excerpt":{"rendered":"<p>Salud Busca ayuda psicol\u00f3gica gracias a la Asociaci\u00f3n Nacional de Psicolog\u00eda Latina Acceso Latino vela por el bienestar de todos, y por esta raz\u00f3n en su secci\u00f3n Salud, cuenta con servicios como el prove\u00eddo por la Asociaci\u00f3n Nacional de Psicolog\u00eda Latina (NLPA, por sus siglas en ingl\u00e9s), que te ayuda a buscar ayuda psicol\u00f3gica en todo momento. En ese apartado, se incluye una gu\u00eda y herramientas, que gracias a ellas, podr\u00e1s canalizar tus emociones. Esta organizaci\u00f3n nacional est\u00e1 conformada por profesionales expertos en salud mental, acad\u00e9micos, investigadores y estudiantes cuyo objetivo es la generaci\u00f3n y promoci\u00f3n del conocimiento psicol\u00f3gico, adem\u00e1s de fomentar su aplicaci\u00f3n de forma efectiva para el beneficio de toda la comunidad latina en Estados Unidos. Esta gu\u00eda, cuenta con 11 manifiestos que hay que seguir: Reconoce tus sentimientos: no tengas miedo a expresar emociones como frustraci\u00f3n, tristeza o irritabilidad. El llorar y decir lo que nos molesta no es mostrar debilidad; al contrario, nos hace m\u00e1s fuertes porque estamos enfrentando la situaci\u00f3n. Identifica los s\u00edntomas que genera la angustia: son diferentes en cada persona, por eso debes estar atento si te sientes abrumado, ansioso, nervioso o irritable; tienes cambios de humor repentinos; adormecimiento emocional; dificultad para dormir, etc. Examina tus detonantes: presta atenci\u00f3n a personas, cosas y\/o situaciones que te causen angustia. Un buen term\u00f3metro es ver las noticias; si cuando las ves comienzas con ese sentimiento, modera su consumo. Construye tus fortalezas: eres fuerte por naturaleza, y puedes serlo a\u00fan m\u00e1s si te basas en tus experiencias pasadas para generarte confianza. Conecta o recon\u00e9ctate con lo que te hace feliz: t\u00f3mate un momento para reencontrarte con las cosas que te traen alegr\u00eda; puede ser leer tu libro favorito, escuchar la canci\u00f3n que m\u00e1s te guste, hablar con un amigo\u2026 el cielo es el l\u00edmite para sentir esa chispa de nuevo. Aprende nuevas habilidades: esto va a permitir que manejes tus emociones de una manera sana y te servir\u00e1n para manejar el estr\u00e9s. No descuides tu salud mental: no importa si aquello que te agobia es leve, moderado o intenso, siempre debes acercarte a un profesional que te har\u00e1 sentir mucho mejor, comparti\u00e9ndole todo lo que sientes. Conoce tus derechos: conocimiento es poder, y m\u00e1s cuando se trata de nuestros derechos. Localiza sitios donde puedas buscar ayuda en caso de necesitarla. Cu\u00eddate de estafas: abogados deshonestos pueden prometerte acelerar alg\u00fan tr\u00e1mite y pedirte dinero, cuando en realidad no se puede hacer nada al respecto. Busca informaci\u00f3n de fuentes oficiales y consigue orientaci\u00f3n legal Comparte tu conocimiento: ya sea para ayudar a los dem\u00e1s o contando tus experiencias, todos los involucrados se sentir\u00e1n m\u00e1s aliviados y nunca solos. No est\u00e1s solo: eres parte de este pa\u00eds y muchas personas est\u00e1n pasando por lo mismo que t\u00fa. Eres muy valioso, y recuerda que si trabajas duro, siempre tendr\u00e1s tu recompensa. Dentro de la gu\u00eda de NLPA, podr\u00e1s obtener informaci\u00f3n adicional.<\/p>","protected":false},"author":4,"featured_media":25166,"parent":4668,"menu_order":0,"comment_status":"closed","ping_status":"closed","template":"elementor_header_footer","meta":{"_uf_show_specific_survey":0,"_uf_disable_surveys":false,"footnotes":""},"class_list":["post-25164","page","type-page","status-publish","has-post-thumbnail"],"aioseo_notices":[],"yoast_head":"<!-- This site is optimized with the Yoast SEO plugin v27.4 - https:\/\/yoast.com\/product\/yoast-seo-wordpress\/ -->\n<title>Ayuda psicol\u00f3gica gracias a la Asociaci\u00f3n Nacional de Psicolog\u00eda Latina<\/title>\n<meta name=\"description\" content=\"Conoce tus derechos y lo que Estados Unidos tiene para ofrecer a los migrantes en materia de Salud - Acceso Latino\" \/>\n<meta name=\"robots\" content=\"index, follow, max-snippet:-1, max-image-preview:large, max-video-preview:-1\" \/>\n<link rel=\"canonical\" href=\"https:\/\/accesolatino.org\/en\/salud\/asociacion-nacional-de-psicologia-latina\/\" \/>\n<meta property=\"og:locale\" content=\"en_US\" \/>\n<meta property=\"og:type\" content=\"article\" \/>\n<meta property=\"og:title\" content=\"Acceso Latino | Ayuda psicol\u00f3gica gracias a la Asociaci\u00f3n Nacional de Psicolog\u00eda Latina\" \/>\n<meta property=\"og:description\" content=\"Conoce todo lo que Estados Unidos tiene para ofrecer a los migrantes en materia de Salud\" \/>\n<meta property=\"og:url\" content=\"https:\/\/accesolatino.org\/en\/salud\/asociacion-nacional-de-psicologia-latina\/\" \/>\n<meta property=\"og:site_name\" content=\"Acceso Latino\" \/>\n<meta property=\"article:publisher\" content=\"https:\/\/www.facebook.com\/AccesoLatinoOrg\" \/>\n<meta property=\"article:modified_time\" content=\"2025-10-15T20:01:09+00:00\" \/>\n<meta property=\"og:image\" content=\"https:\/\/accesolatino.org\/wp-content\/uploads\/2021\/01\/Busca-ayuda-psicologica-gracias-a-la-Asociacion-Nacional-de-Psicologia-Latina.png\" \/>\n\t<meta property=\"og:image:width\" content=\"600\" \/>\n\t<meta property=\"og:image:height\" content=\"338\" \/>\n\t<meta property=\"og:image:type\" content=\"image\/png\" \/>\n<meta name=\"twitter:card\" content=\"summary_large_image\" \/>\n<meta name=\"twitter:title\" content=\"Acceso Latino | Ayuda psicol\u00f3gica gracias a la Asociaci\u00f3n Nacional de Psicolog\u00eda Latina\" \/>\n<meta name=\"twitter:description\" content=\"Conoce todo lo que Estados Unidos tiene para ofrecer a los migrantes en materia de Salud\" \/>\n<meta name=\"twitter:image\" content=\"https:\/\/accesolatino.org\/wp-content\/uploads\/2021\/01\/Busca-ayuda-psicologica-gracias-a-la-Asociacion-Nacional-de-Psicologia-Latina.png\" \/>\n<meta name=\"twitter:site\" content=\"@FAccLatino\" \/>\n<meta name=\"twitter:label1\" content=\"Est. reading time\" \/>\n\t<meta name=\"twitter:data1\" content=\"3 minutes\" \/>\n<script type=\"application\/ld+json\" class=\"yoast-schema-graph\">{\"@context\":\"https:\\\/\\\/schema.org\",\"@graph\":[{\"@type\":\"WebPage\",\"@id\":\"https:\\\/\\\/accesolatino.org\\\/en\\\/salud\\\/asociacion-nacional-de-psicologia-latina\\\/\",\"url\":\"https:\\\/\\\/accesolatino.org\\\/en\\\/salud\\\/asociacion-nacional-de-psicologia-latina\\\/\",\"name\":\"Ayuda psicol\u00f3gica gracias a la Asociaci\u00f3n Nacional de Psicolog\u00eda Latina\",\"isPartOf\":{\"@id\":\"https:\\\/\\\/accesolatino.org\\\/#website\"},\"primaryImageOfPage\":{\"@id\":\"https:\\\/\\\/accesolatino.org\\\/en\\\/salud\\\/asociacion-nacional-de-psicologia-latina\\\/#primaryimage\"},\"image\":{\"@id\":\"https:\\\/\\\/accesolatino.org\\\/en\\\/salud\\\/asociacion-nacional-de-psicologia-latina\\\/#primaryimage\"},\"thumbnailUrl\":\"https:\\\/\\\/accesolatino.org\\\/wp-content\\\/uploads\\\/2021\\\/01\\\/Busca-ayuda-psicologica-gracias-a-la-Asociacion-Nacional-de-Psicologia-Latina.png\",\"datePublished\":\"2021-01-21T21:40:24+00:00\",\"dateModified\":\"2025-10-15T20:01:09+00:00\",\"description\":\"Conoce tus derechos y lo que Estados Unidos tiene para ofrecer a los migrantes en materia de Salud - Acceso Latino\",\"breadcrumb\":{\"@id\":\"https:\\\/\\\/accesolatino.org\\\/en\\\/salud\\\/asociacion-nacional-de-psicologia-latina\\\/#breadcrumb\"},\"inLanguage\":\"en-US\",\"potentialAction\":[{\"@type\":\"ReadAction\",\"target\":[\"https:\\\/\\\/accesolatino.org\\\/en\\\/salud\\\/asociacion-nacional-de-psicologia-latina\\\/\"]}]},{\"@type\":\"ImageObject\",\"inLanguage\":\"en-US\",\"@id\":\"https:\\\/\\\/accesolatino.org\\\/en\\\/salud\\\/asociacion-nacional-de-psicologia-latina\\\/#primaryimage\",\"url\":\"https:\\\/\\\/accesolatino.org\\\/wp-content\\\/uploads\\\/2021\\\/01\\\/Busca-ayuda-psicologica-gracias-a-la-Asociacion-Nacional-de-Psicologia-Latina.png\",\"contentUrl\":\"https:\\\/\\\/accesolatino.org\\\/wp-content\\\/uploads\\\/2021\\\/01\\\/Busca-ayuda-psicologica-gracias-a-la-Asociacion-Nacional-de-Psicologia-Latina.png\",\"width\":600,\"height\":338,\"caption\":\"Ayuda psicol\u00f3gica\"},{\"@type\":\"BreadcrumbList\",\"@id\":\"https:\\\/\\\/accesolatino.org\\\/en\\\/salud\\\/asociacion-nacional-de-psicologia-latina\\\/#breadcrumb\",\"itemListElement\":[{\"@type\":\"ListItem\",\"position\":1,\"name\":\"Portada\",\"item\":\"https:\\\/\\\/accesolatino.org\\\/\"},{\"@type\":\"ListItem\",\"position\":2,\"name\":\"Salud\",\"item\":\"https:\\\/\\\/accesolatino.org\\\/salud\\\/\"},{\"@type\":\"ListItem\",\"position\":3,\"name\":\"Ayuda psicol\u00f3gica gracias a la Asociaci\u00f3n Nacional de Psicolog\u00eda Latina\"}]},{\"@type\":\"WebSite\",\"@id\":\"https:\\\/\\\/accesolatino.org\\\/#website\",\"url\":\"https:\\\/\\\/accesolatino.org\\\/\",\"name\":\"Acceso Latino | Fundaci\u00f3n Carlos Slim\",\"description\":\"Fundaci\u00f3n Carlos Slim\",\"publisher\":{\"@id\":\"https:\\\/\\\/accesolatino.org\\\/#organization\"},\"potentialAction\":[{\"@type\":\"SearchAction\",\"target\":{\"@type\":\"EntryPoint\",\"urlTemplate\":\"https:\\\/\\\/accesolatino.org\\\/?s={search_term_string}\"},\"query-input\":{\"@type\":\"PropertyValueSpecification\",\"valueRequired\":true,\"valueName\":\"search_term_string\"}}],\"inLanguage\":\"en-US\"},{\"@type\":\"Organization\",\"@id\":\"https:\\\/\\\/accesolatino.org\\\/#organization\",\"name\":\"Acceso Latino | Fundaci\u00f3n Carlos Slim\",\"url\":\"https:\\\/\\\/accesolatino.org\\\/\",\"logo\":{\"@type\":\"ImageObject\",\"inLanguage\":\"en-US\",\"@id\":\"https:\\\/\\\/accesolatino.org\\\/#\\\/schema\\\/logo\\\/image\\\/\",\"url\":\"https:\\\/\\\/accesolatino.org\\\/wp-content\\\/uploads\\\/2021\\\/02\\\/logo-footer-acceso-latino.png\",\"contentUrl\":\"https:\\\/\\\/accesolatino.org\\\/wp-content\\\/uploads\\\/2021\\\/02\\\/logo-footer-acceso-latino.png\",\"width\":240,\"height\":40,\"caption\":\"Acceso Latino | Fundaci\u00f3n Carlos Slim\"},\"image\":{\"@id\":\"https:\\\/\\\/accesolatino.org\\\/#\\\/schema\\\/logo\\\/image\\\/\"},\"sameAs\":[\"https:\\\/\\\/www.facebook.com\\\/AccesoLatinoOrg\",\"https:\\\/\\\/x.com\\\/FAccLatino\"]}]}<\/script>\n<!-- \/ Yoast SEO plugin. -->","yoast_head_json":{"title":"Ayuda psicol\u00f3gica gracias a la Asociaci\u00f3n Nacional de Psicolog\u00eda Latina","description":"Conoce tus derechos y lo que Estados Unidos tiene para ofrecer a los migrantes en materia de Salud - Acceso Latino","robots":{"index":"index","follow":"follow","max-snippet":"max-snippet:-1","max-image-preview":"max-image-preview:large","max-video-preview":"max-video-preview:-1"},"canonical":"https:\/\/accesolatino.org\/en\/salud\/asociacion-nacional-de-psicologia-latina\/","og_locale":"en_US","og_type":"article","og_title":"Acceso Latino | Ayuda psicol\u00f3gica gracias a la Asociaci\u00f3n Nacional de Psicolog\u00eda Latina","og_description":"Conoce todo lo que Estados Unidos tiene para ofrecer a los migrantes en materia de Salud","og_url":"https:\/\/accesolatino.org\/en\/salud\/asociacion-nacional-de-psicologia-latina\/","og_site_name":"Acceso Latino","article_publisher":"https:\/\/www.facebook.com\/AccesoLatinoOrg","article_modified_time":"2025-10-15T20:01:09+00:00","og_image":[{"width":600,"height":338,"url":"https:\/\/accesolatino.org\/wp-content\/uploads\/2021\/01\/Busca-ayuda-psicologica-gracias-a-la-Asociacion-Nacional-de-Psicologia-Latina.png","type":"image\/png"}],"twitter_card":"summary_large_image","twitter_title":"Acceso Latino | Ayuda psicol\u00f3gica gracias a la Asociaci\u00f3n Nacional de Psicolog\u00eda Latina","twitter_description":"Conoce todo lo que Estados Unidos tiene para ofrecer a los migrantes en materia de Salud","twitter_image":"https:\/\/accesolatino.org\/wp-content\/uploads\/2021\/01\/Busca-ayuda-psicologica-gracias-a-la-Asociacion-Nacional-de-Psicologia-Latina.png","twitter_site":"@FAccLatino","twitter_misc":{"Est. reading time":"3 minutes"},"schema":{"@context":"https:\/\/schema.org","@graph":[{"@type":"WebPage","@id":"https:\/\/accesolatino.org\/en\/salud\/asociacion-nacional-de-psicologia-latina\/","url":"https:\/\/accesolatino.org\/en\/salud\/asociacion-nacional-de-psicologia-latina\/","name":"Ayuda psicol\u00f3gica gracias a la Asociaci\u00f3n Nacional de Psicolog\u00eda Latina","isPartOf":{"@id":"https:\/\/accesolatino.org\/#website"},"primaryImageOfPage":{"@id":"https:\/\/accesolatino.org\/en\/salud\/asociacion-nacional-de-psicologia-latina\/#primaryimage"},"image":{"@id":"https:\/\/accesolatino.org\/en\/salud\/asociacion-nacional-de-psicologia-latina\/#primaryimage"},"thumbnailUrl":"https:\/\/accesolatino.org\/wp-content\/uploads\/2021\/01\/Busca-ayuda-psicologica-gracias-a-la-Asociacion-Nacional-de-Psicologia-Latina.png","datePublished":"2021-01-21T21:40:24+00:00","dateModified":"2025-10-15T20:01:09+00:00","description":"Conoce tus derechos y lo que Estados Unidos tiene para ofrecer a los migrantes en materia de Salud - Acceso Latino","breadcrumb":{"@id":"https:\/\/accesolatino.org\/en\/salud\/asociacion-nacional-de-psicologia-latina\/#breadcrumb"},"inLanguage":"en-US","potentialAction":[{"@type":"ReadAction","target":["https:\/\/accesolatino.org\/en\/salud\/asociacion-nacional-de-psicologia-latina\/"]}]},{"@type":"ImageObject","inLanguage":"en-US","@id":"https:\/\/accesolatino.org\/en\/salud\/asociacion-nacional-de-psicologia-latina\/#primaryimage","url":"https:\/\/accesolatino.org\/wp-content\/uploads\/2021\/01\/Busca-ayuda-psicologica-gracias-a-la-Asociacion-Nacional-de-Psicologia-Latina.png","contentUrl":"https:\/\/accesolatino.org\/wp-content\/uploads\/2021\/01\/Busca-ayuda-psicologica-gracias-a-la-Asociacion-Nacional-de-Psicologia-Latina.png","width":600,"height":338,"caption":"Ayuda psicol\u00f3gica"},{"@type":"BreadcrumbList","@id":"https:\/\/accesolatino.org\/en\/salud\/asociacion-nacional-de-psicologia-latina\/#breadcrumb","itemListElement":[{"@type":"ListItem","position":1,"name":"Portada","item":"https:\/\/accesolatino.org\/"},{"@type":"ListItem","position":2,"name":"Salud","item":"https:\/\/accesolatino.org\/salud\/"},{"@type":"ListItem","position":3,"name":"Ayuda psicol\u00f3gica gracias a la Asociaci\u00f3n Nacional de Psicolog\u00eda Latina"}]},{"@type":"WebSite","@id":"https:\/\/accesolatino.org\/#website","url":"https:\/\/accesolatino.org\/","name":"Acceso Latino | Fundaci\u00f3n Carlos Slim","description":"Fundaci\u00f3n Carlos Slim","publisher":{"@id":"https:\/\/accesolatino.org\/#organization"},"potentialAction":[{"@type":"SearchAction","target":{"@type":"EntryPoint","urlTemplate":"https:\/\/accesolatino.org\/?s={search_term_string}"},"query-input":{"@type":"PropertyValueSpecification","valueRequired":true,"valueName":"search_term_string"}}],"inLanguage":"en-US"},{"@type":"Organization","@id":"https:\/\/accesolatino.org\/#organization","name":"Acceso Latino | Fundaci\u00f3n Carlos Slim","url":"https:\/\/accesolatino.org\/","logo":{"@type":"ImageObject","inLanguage":"en-US","@id":"https:\/\/accesolatino.org\/#\/schema\/logo\/image\/","url":"https:\/\/accesolatino.org\/wp-content\/uploads\/2021\/02\/logo-footer-acceso-latino.png","contentUrl":"https:\/\/accesolatino.org\/wp-content\/uploads\/2021\/02\/logo-footer-acceso-latino.png","width":240,"height":40,"caption":"Acceso Latino | Fundaci\u00f3n Carlos Slim"},"image":{"@id":"https:\/\/accesolatino.org\/#\/schema\/logo\/image\/"},"sameAs":["https:\/\/www.facebook.com\/AccesoLatinoOrg","https:\/\/x.com\/FAccLatino"]}]}},"_links":{"self":[{"href":"https:\/\/accesolatino.org\/en\/wp-json\/wp\/v2\/pages\/25164","targetHints":{"allow":["GET"]}}],"collection":[{"href":"https:\/\/accesolatino.org\/en\/wp-json\/wp\/v2\/pages"}],"about":[{"href":"https:\/\/accesolatino.org\/en\/wp-json\/wp\/v2\/types\/page"}],"author":[{"embeddable":true,"href":"https:\/\/accesolatino.org\/en\/wp-json\/wp\/v2\/users\/4"}],"replies":[{"embeddable":true,"href":"https:\/\/accesolatino.org\/en\/wp-json\/wp\/v2\/comments?post=25164"}],"version-history":[{"count":1,"href":"https:\/\/accesolatino.org\/en\/wp-json\/wp\/v2\/pages\/25164\/revisions"}],"predecessor-version":[{"id":64005,"href":"https:\/\/accesolatino.org\/en\/wp-json\/wp\/v2\/pages\/25164\/revisions\/64005"}],"up":[{"embeddable":true,"href":"https:\/\/accesolatino.org\/en\/wp-json\/wp\/v2\/pages\/4668"}],"wp:featuredmedia":[{"embeddable":true,"href":"https:\/\/accesolatino.org\/en\/wp-json\/wp\/v2\/media\/25166"}],"wp:attachment":[{"href":"https:\/\/accesolatino.org\/en\/wp-json\/wp\/v2\/media?parent=25164"}],"curies":[{"name":"wp","href":"https:\/\/api.w.org\/{rel}","templated":true}]}}