{"id":25140,"date":"2021-01-20T17:47:37","date_gmt":"2021-01-20T23:47:37","guid":{"rendered":"https:\/\/accesolatino.org\/?page_id=25140"},"modified":"2025-11-18T19:33:05","modified_gmt":"2025-11-19T01:33:05","slug":"obten-ayuda-financiera-por-parte-del-gobierno-para-asistir-a-la-universidad","status":"publish","type":"page","link":"https:\/\/accesolatino.org\/en\/obten-ayuda-financiera-por-parte-del-gobierno-para-asistir-a-la-universidad\/","title":{"rendered":"Obtain financial aid from the government to attend college."},"content":{"rendered":"<div data-elementor-type=\"wp-post\" data-elementor-id=\"25140\" class=\"elementor elementor-25140\">\n\t\t\t\t\t\t<section class=\"elementor-section elementor-top-section elementor-element elementor-element-94bb6ca elementor-section-full_width elementor-section-height-min-height elementor-section-items-stretch elementor-section-height-default wpr-particle-no wpr-jarallax-no wpr-parallax-no wpr-sticky-section-no wpr-equal-height-no\" data-id=\"94bb6ca\" data-element_type=\"section\" data-e-type=\"section\" data-settings=\"{&quot;background_background&quot;:&quot;classic&quot;}\">\n\t\t\t\t\t\t<div class=\"elementor-container elementor-column-gap-no\">\n\t\t\t\t\t<div class=\"elementor-column elementor-col-100 elementor-top-column elementor-element elementor-element-80761d5\" data-id=\"80761d5\" data-element_type=\"column\" data-e-type=\"column\">\n\t\t\t<div class=\"elementor-widget-wrap elementor-element-populated\">\n\t\t\t\t\t\t<div class=\"elementor-element elementor-element-09fdda3 elementor--h-position-center elementor--v-position-middle elementor-widget elementor-widget-slides\" data-id=\"09fdda3\" data-element_type=\"widget\" data-e-type=\"widget\" data-settings=\"{&quot;navigation&quot;:&quot;none&quot;,&quot;infinite&quot;:&quot;yes&quot;,&quot;transition&quot;:&quot;slide&quot;,&quot;transition_speed&quot;:500}\" data-widget_type=\"slides.default\">\n\t\t\t\t<div class=\"elementor-widget-container\">\n\t\t\t\t\t\t\t<div class=\"elementor-swiper\">\n\t\t\t<div class=\"elementor-slides-wrapper elementor-main-swiper swiper-container\" dir=\"ltr\" data-animation=\"\">\n\t\t\t\t<div class=\"swiper-wrapper elementor-slides\">\n\t\t\t\t\t\t\t\t\t\t<div class=\"elementor-repeater-item-d983a28 swiper-slide\"><div class=\"swiper-slide-bg\"><\/div><div class=\"swiper-slide-inner\" ><div class=\"swiper-slide-contents\"><div class=\"elementor-slide-heading\">Education<\/div><\/div><\/div><\/div>\t\t\t\t<\/div>\n\t\t\t\t\t\t\t<\/div>\n\t\t<\/div>\n\t\t\t\t\t\t<\/div>\n\t\t\t\t<\/div>\n\t\t\t\t\t<\/div>\n\t\t<\/div>\n\t\t\t\t\t<\/div>\n\t\t<\/section>\n\t\t\t\t<section class=\"elementor-section elementor-top-section elementor-element elementor-element-11229a1 elementor-section-stretched elementor-section-boxed elementor-section-height-default elementor-section-height-default wpr-particle-no wpr-jarallax-no wpr-parallax-no wpr-sticky-section-no wpr-equal-height-no\" data-id=\"11229a1\" data-element_type=\"section\" data-e-type=\"section\" data-settings=\"{&quot;stretch_section&quot;:&quot;section-stretched&quot;,&quot;background_background&quot;:&quot;classic&quot;}\">\n\t\t\t\t\t\t<div class=\"elementor-container elementor-column-gap-default\">\n\t\t\t\t\t<div class=\"elementor-column elementor-col-100 elementor-top-column elementor-element elementor-element-5b39abe\" data-id=\"5b39abe\" data-element_type=\"column\" data-e-type=\"column\">\n\t\t\t<div class=\"elementor-widget-wrap elementor-element-populated\">\n\t\t\t\t\t\t<div class=\"elementor-element elementor-element-db66a72 elementor-widget elementor-widget-heading\" data-id=\"db66a72\" data-element_type=\"widget\" data-e-type=\"widget\" data-widget_type=\"heading.default\">\n\t\t\t\t<div class=\"elementor-widget-container\">\n\t\t\t\t\t<h3 class=\"elementor-heading-title elementor-size-default\">Obtain financial aid from the government to attend college.<\/h3>\t\t\t\t<\/div>\n\t\t\t\t<\/div>\n\t\t\t\t<div class=\"elementor-element elementor-element-b837067 elementor-widget elementor-widget-text-editor\" data-id=\"b837067\" data-element_type=\"widget\" data-e-type=\"widget\" data-widget_type=\"text-editor.default\">\n\t\t\t\t<div class=\"elementor-widget-container\">\n\t\t\t\t\t\t\t\t\t<p>In the section <a href=\"https:\/\/accesolatino.org\/en\/educacion\/\">Education<\/a>, y m\u00e1s espec\u00edficamente, en el apartado Recursos, te decimos c\u00f3mo puedes obtener ayuda financiera por parte del gobierno para asistir a la universidad; lo anterior, forma parte de la herramienta Educaci\u00f3n en Casa de <strong>Acceso Latino<\/strong>.<\/p><p>La Solicitud Gratuita de Ayuda Federal para Estudiantes (FAFSA, por sus siglas en ingl\u00e9s), te da la oportunidad de financiar tu educaci\u00f3n superior, ya sea que quieras acudir a la universidad o a otra instituci\u00f3n.<\/p><p>Lo primero que tienes que hacer es llenar el formato que est\u00e1 en el sitio web de <a href=\"https:\/\/studentaid.gov\/h\/apply-for-aid\/fafsa\">FAFSA<\/a>. Una vez completado, tu universidad, colegio o instituto establecer\u00e1n cu\u00e1l ser\u00e1 el tipo de apoyo al que puedes ser acreedor. Si es del Gobierno Federal, te ayuda de acuerdo a tu necesidad econ\u00f3mica; por otro lado, las universidades pueden dar becas u otro tipo de est\u00edmulo.<\/p><p>Para poder ser beneficiado, necesitas ser ciudadano americano o residente legal (poseedor de una <em>Green Card holders<\/em>); si eres <em>dreamer<\/em> y no tienes documentos, la instituci\u00f3n de educaci\u00f3n superior donde estudies te puede apoyar, o puedes ser elegible a una beca del municipio donde vives.<\/p><p>Para solicitar la subvenci\u00f3n, debes contar con:<\/p><ul><li>Tu n\u00famero de Seguro Social.<\/li><li>En caso de no ser ciudadano, tu N\u00famero de Registro de Inmigrante.<\/li><li>Estados de cuenta bancarios y\/o de alguna inversi\u00f3n que puedas tener.<\/li><li>Una credencial de la Oficina de Ayuda Federal para Estudiantes (FSA ID).<\/li><li>Si has tenido ingresos, necesitar\u00e1s la <a href=\"https:\/\/www.irs.gov\/pub\/irs-pdf\/fw2.pdf\">forma W-2<\/a> del IRS (Servicio de Impuestos Internos) y sobre otros ingresos.<\/li><\/ul><p>Una vez que hayas completado la FAFSA, tu solicitud ser\u00e1 procesada y posteriormente recibir\u00e1s el Informe de Ayuda Estudiantil (SAR, por sus siglas en ingl\u00e9s). El dinero de los programas de estudio y trabajo se brinda a lo largo del per\u00edodo acad\u00e9mico.<\/p><p>Para toda la informaci\u00f3n, en el apartado de FAFSA en esta secci\u00f3n la podr\u00e1s leer, o en el <a href=\"https:\/\/studentaid.gov\/\">website<\/a>.<\/p>\t\t\t\t\t\t\t\t<\/div>\n\t\t\t\t<\/div>\n\t\t\t\t<div class=\"elementor-element elementor-element-4211bc4 elementor-widget elementor-widget-spacer\" data-id=\"4211bc4\" data-element_type=\"widget\" data-e-type=\"widget\" data-widget_type=\"spacer.default\">\n\t\t\t\t<div class=\"elementor-widget-container\">\n\t\t\t\t\t\t\t<div class=\"elementor-spacer\">\n\t\t\t<div class=\"elementor-spacer-inner\"><\/div>\n\t\t<\/div>\n\t\t\t\t\t\t<\/div>\n\t\t\t\t<\/div>\n\t\t\t\t\t<\/div>\n\t\t<\/div>\n\t\t\t\t\t<\/div>\n\t\t<\/section>\n\t\t\t\t<\/div>","protected":false},"excerpt":{"rendered":"<p>Educaci\u00f3n Obt\u00e9n ayuda financiera por parte del gobierno para asistir a la universidad En la secci\u00f3n Educaci\u00f3n, y m\u00e1s espec\u00edficamente, en el apartado Recursos, te decimos c\u00f3mo puedes obtener ayuda financiera por parte del gobierno para asistir a la universidad; lo anterior, forma parte de la herramienta Educaci\u00f3n en Casa de Acceso Latino. La Solicitud Gratuita de Ayuda Federal para Estudiantes (FAFSA, por sus siglas en ingl\u00e9s), te da la oportunidad de financiar tu educaci\u00f3n superior, ya sea que quieras acudir a la universidad o a otra instituci\u00f3n. Lo primero que tienes que hacer es llenar el formato que est\u00e1 en el sitio web de FAFSA. Una vez completado, tu universidad, colegio o instituto establecer\u00e1n cu\u00e1l ser\u00e1 el tipo de apoyo al que puedes ser acreedor. Si es del Gobierno Federal, te ayuda de acuerdo a tu necesidad econ\u00f3mica; por otro lado, las universidades pueden dar becas u otro tipo de est\u00edmulo. Para poder ser beneficiado, necesitas ser ciudadano americano o residente legal (poseedor de una Green Card); si eres dreamer y no tienes documentos, la instituci\u00f3n de educaci\u00f3n superior donde estudies te puede apoyar, o puedes ser elegible a una beca del municipio donde vives. Para solicitar la subvenci\u00f3n, debes contar con: Tu n\u00famero de Seguro Social. En caso de no ser ciudadano, tu N\u00famero de Registro de Inmigrante. Estados de cuenta bancarios y\/o de alguna inversi\u00f3n que puedas tener. Una credencial de la Oficina de Ayuda Federal para Estudiantes (FSA ID). Si has tenido ingresos, necesitar\u00e1s la forma W-2 del IRS (Servicio de Impuestos Internos) y sobre otros ingresos. Una vez que hayas completado la FAFSA, tu solicitud ser\u00e1 procesada y posteriormente recibir\u00e1s el Informe de Ayuda Estudiantil (SAR, por sus siglas en ingl\u00e9s). El dinero de los programas de estudio y trabajo se brinda a lo largo del per\u00edodo acad\u00e9mico. Para toda la informaci\u00f3n, en el apartado de FAFSA en esta secci\u00f3n la podr\u00e1s leer, o en el sitio web.<\/p>","protected":false},"author":7,"featured_media":25142,"parent":0,"menu_order":0,"comment_status":"closed","ping_status":"closed","template":"elementor_header_footer","meta":{"_uf_show_specific_survey":0,"_uf_disable_surveys":false,"footnotes":""},"class_list":["post-25140","page","type-page","status-publish","has-post-thumbnail"],"aioseo_notices":[],"yoast_head":"<!-- This site is optimized with the Yoast SEO plugin v27.5 - https:\/\/yoast.com\/product\/yoast-seo-wordpress\/ -->\n<title>Obt\u00e9n ayuda financiera por parte del gobierno para asistir a la universidad<\/title>\n<meta name=\"description\" content=\"Obt\u00e9n ayuda financiera por parte del gobierno para asistir a la universidad En la secci\u00f3n Educaci\u00f3n, y m\u00e1s espec\u00edficamente, en el apartado...\" \/>\n<meta name=\"robots\" content=\"index, follow, max-snippet:-1, max-image-preview:large, max-video-preview:-1\" \/>\n<link rel=\"canonical\" href=\"https:\/\/accesolatino.org\/en\/obten-ayuda-financiera-por-parte-del-gobierno-para-asistir-a-la-universidad\/\" \/>\n<meta property=\"og:locale\" content=\"en_US\" \/>\n<meta property=\"og:type\" content=\"article\" \/>\n<meta property=\"og:title\" content=\"Acceso Latino | Obt\u00e9n ayuda financiera por parte del gobierno para asistir a la universidad\" \/>\n<meta property=\"og:description\" content=\"Conoce las Instituciones que te pueden ser de ayuda en otros pa\u00edses.\" \/>\n<meta property=\"og:url\" content=\"https:\/\/accesolatino.org\/en\/obten-ayuda-financiera-por-parte-del-gobierno-para-asistir-a-la-universidad\/\" \/>\n<meta property=\"og:site_name\" content=\"Acceso Latino\" \/>\n<meta property=\"article:publisher\" content=\"https:\/\/www.facebook.com\/AccesoLatinoOrg\" \/>\n<meta property=\"article:modified_time\" content=\"2025-11-19T01:33:05+00:00\" \/>\n<meta property=\"og:image\" content=\"https:\/\/accesolatino.org\/wp-content\/uploads\/2021\/01\/obten-ayuda-financiera-por-parte-del-gobierno-para-asistir-a-la-universidad.png\" \/>\n\t<meta property=\"og:image:width\" content=\"600\" \/>\n\t<meta property=\"og:image:height\" content=\"338\" \/>\n\t<meta property=\"og:image:type\" content=\"image\/png\" \/>\n<meta name=\"twitter:card\" content=\"summary_large_image\" \/>\n<meta name=\"twitter:title\" content=\"Acceso Latino | Obt\u00e9n ayuda financiera por parte del gobierno para asistir a la universidad\" \/>\n<meta name=\"twitter:description\" content=\"Conoce las Instituciones que te pueden ser de ayuda en otros pa\u00edses.\" \/>\n<meta name=\"twitter:image\" content=\"https:\/\/accesolatino.org\/wp-content\/uploads\/2021\/01\/obten-ayuda-financiera-por-parte-del-gobierno-para-asistir-a-la-universidad.png\" \/>\n<meta name=\"twitter:site\" content=\"@FAccLatino\" \/>\n<meta name=\"twitter:label1\" content=\"Est. reading time\" \/>\n\t<meta name=\"twitter:data1\" content=\"2 minutes\" \/>\n<script type=\"application\/ld+json\" class=\"yoast-schema-graph\">{\"@context\":\"https:\\\/\\\/schema.org\",\"@graph\":[{\"@type\":\"WebPage\",\"@id\":\"https:\\\/\\\/accesolatino.org\\\/obten-ayuda-financiera-por-parte-del-gobierno-para-asistir-a-la-universidad\\\/\",\"url\":\"https:\\\/\\\/accesolatino.org\\\/obten-ayuda-financiera-por-parte-del-gobierno-para-asistir-a-la-universidad\\\/\",\"name\":\"Obt\u00e9n ayuda financiera por parte del gobierno para asistir a la universidad\",\"isPartOf\":{\"@id\":\"https:\\\/\\\/accesolatino.org\\\/#website\"},\"primaryImageOfPage\":{\"@id\":\"https:\\\/\\\/accesolatino.org\\\/obten-ayuda-financiera-por-parte-del-gobierno-para-asistir-a-la-universidad\\\/#primaryimage\"},\"image\":{\"@id\":\"https:\\\/\\\/accesolatino.org\\\/obten-ayuda-financiera-por-parte-del-gobierno-para-asistir-a-la-universidad\\\/#primaryimage\"},\"thumbnailUrl\":\"https:\\\/\\\/accesolatino.org\\\/wp-content\\\/uploads\\\/2021\\\/01\\\/obten-ayuda-financiera-por-parte-del-gobierno-para-asistir-a-la-universidad.png\",\"datePublished\":\"2021-01-20T23:47:37+00:00\",\"dateModified\":\"2025-11-19T01:33:05+00:00\",\"description\":\"Obt\u00e9n ayuda financiera por parte del gobierno para asistir a la universidad En la secci\u00f3n Educaci\u00f3n, y m\u00e1s espec\u00edficamente, en el apartado...\",\"breadcrumb\":{\"@id\":\"https:\\\/\\\/accesolatino.org\\\/obten-ayuda-financiera-por-parte-del-gobierno-para-asistir-a-la-universidad\\\/#breadcrumb\"},\"inLanguage\":\"en-US\",\"potentialAction\":[{\"@type\":\"ReadAction\",\"target\":[\"https:\\\/\\\/accesolatino.org\\\/obten-ayuda-financiera-por-parte-del-gobierno-para-asistir-a-la-universidad\\\/\"]}]},{\"@type\":\"ImageObject\",\"inLanguage\":\"en-US\",\"@id\":\"https:\\\/\\\/accesolatino.org\\\/obten-ayuda-financiera-por-parte-del-gobierno-para-asistir-a-la-universidad\\\/#primaryimage\",\"url\":\"https:\\\/\\\/accesolatino.org\\\/wp-content\\\/uploads\\\/2021\\\/01\\\/obten-ayuda-financiera-por-parte-del-gobierno-para-asistir-a-la-universidad.png\",\"contentUrl\":\"https:\\\/\\\/accesolatino.org\\\/wp-content\\\/uploads\\\/2021\\\/01\\\/obten-ayuda-financiera-por-parte-del-gobierno-para-asistir-a-la-universidad.png\",\"width\":600,\"height\":338,\"caption\":\"ayuda financiera\"},{\"@type\":\"BreadcrumbList\",\"@id\":\"https:\\\/\\\/accesolatino.org\\\/obten-ayuda-financiera-por-parte-del-gobierno-para-asistir-a-la-universidad\\\/#breadcrumb\",\"itemListElement\":[{\"@type\":\"ListItem\",\"position\":1,\"name\":\"Portada\",\"item\":\"https:\\\/\\\/accesolatino.org\\\/\"},{\"@type\":\"ListItem\",\"position\":2,\"name\":\"Obt\u00e9n ayuda financiera por parte del gobierno para asistir a la universidad\"}]},{\"@type\":\"WebSite\",\"@id\":\"https:\\\/\\\/accesolatino.org\\\/#website\",\"url\":\"https:\\\/\\\/accesolatino.org\\\/\",\"name\":\"Acceso Latino | Fundaci\u00f3n Carlos Slim\",\"description\":\"Fundaci\u00f3n Carlos Slim\",\"publisher\":{\"@id\":\"https:\\\/\\\/accesolatino.org\\\/#organization\"},\"potentialAction\":[{\"@type\":\"SearchAction\",\"target\":{\"@type\":\"EntryPoint\",\"urlTemplate\":\"https:\\\/\\\/accesolatino.org\\\/?s={search_term_string}\"},\"query-input\":{\"@type\":\"PropertyValueSpecification\",\"valueRequired\":true,\"valueName\":\"search_term_string\"}}],\"inLanguage\":\"en-US\"},{\"@type\":\"Organization\",\"@id\":\"https:\\\/\\\/accesolatino.org\\\/#organization\",\"name\":\"Acceso Latino | Fundaci\u00f3n Carlos Slim\",\"url\":\"https:\\\/\\\/accesolatino.org\\\/\",\"logo\":{\"@type\":\"ImageObject\",\"inLanguage\":\"en-US\",\"@id\":\"https:\\\/\\\/accesolatino.org\\\/#\\\/schema\\\/logo\\\/image\\\/\",\"url\":\"https:\\\/\\\/accesolatino.org\\\/wp-content\\\/uploads\\\/2021\\\/02\\\/logo-footer-acceso-latino.png\",\"contentUrl\":\"https:\\\/\\\/accesolatino.org\\\/wp-content\\\/uploads\\\/2021\\\/02\\\/logo-footer-acceso-latino.png\",\"width\":240,\"height\":40,\"caption\":\"Acceso Latino | Fundaci\u00f3n Carlos Slim\"},\"image\":{\"@id\":\"https:\\\/\\\/accesolatino.org\\\/#\\\/schema\\\/logo\\\/image\\\/\"},\"sameAs\":[\"https:\\\/\\\/www.facebook.com\\\/AccesoLatinoOrg\",\"https:\\\/\\\/x.com\\\/FAccLatino\"]}]}<\/script>\n<!-- \/ Yoast SEO plugin. -->","yoast_head_json":{"title":"Obtain financial aid from the government to attend college.","description":"Obt\u00e9n ayuda financiera por parte del gobierno para asistir a la universidad En la secci\u00f3n Educaci\u00f3n, y m\u00e1s espec\u00edficamente, en el apartado...","robots":{"index":"index","follow":"follow","max-snippet":"max-snippet:-1","max-image-preview":"max-image-preview:large","max-video-preview":"max-video-preview:-1"},"canonical":"https:\/\/accesolatino.org\/en\/obten-ayuda-financiera-por-parte-del-gobierno-para-asistir-a-la-universidad\/","og_locale":"en_US","og_type":"article","og_title":"Acceso Latino | Obt\u00e9n ayuda financiera por parte del gobierno para asistir a la universidad","og_description":"Conoce las Instituciones que te pueden ser de ayuda en otros pa\u00edses.","og_url":"https:\/\/accesolatino.org\/en\/obten-ayuda-financiera-por-parte-del-gobierno-para-asistir-a-la-universidad\/","og_site_name":"Acceso Latino","article_publisher":"https:\/\/www.facebook.com\/AccesoLatinoOrg","article_modified_time":"2025-11-19T01:33:05+00:00","og_image":[{"width":600,"height":338,"url":"https:\/\/accesolatino.org\/wp-content\/uploads\/2021\/01\/obten-ayuda-financiera-por-parte-del-gobierno-para-asistir-a-la-universidad.png","type":"image\/png"}],"twitter_card":"summary_large_image","twitter_title":"Acceso Latino | Obt\u00e9n ayuda financiera por parte del gobierno para asistir a la universidad","twitter_description":"Conoce las Instituciones que te pueden ser de ayuda en otros pa\u00edses.","twitter_image":"https:\/\/accesolatino.org\/wp-content\/uploads\/2021\/01\/obten-ayuda-financiera-por-parte-del-gobierno-para-asistir-a-la-universidad.png","twitter_site":"@FAccLatino","twitter_misc":{"Est. reading time":"2 minutes"},"schema":{"@context":"https:\/\/schema.org","@graph":[{"@type":"WebPage","@id":"https:\/\/accesolatino.org\/obten-ayuda-financiera-por-parte-del-gobierno-para-asistir-a-la-universidad\/","url":"https:\/\/accesolatino.org\/obten-ayuda-financiera-por-parte-del-gobierno-para-asistir-a-la-universidad\/","name":"Obtain financial aid from the government to attend college.","isPartOf":{"@id":"https:\/\/accesolatino.org\/#website"},"primaryImageOfPage":{"@id":"https:\/\/accesolatino.org\/obten-ayuda-financiera-por-parte-del-gobierno-para-asistir-a-la-universidad\/#primaryimage"},"image":{"@id":"https:\/\/accesolatino.org\/obten-ayuda-financiera-por-parte-del-gobierno-para-asistir-a-la-universidad\/#primaryimage"},"thumbnailUrl":"https:\/\/accesolatino.org\/wp-content\/uploads\/2021\/01\/obten-ayuda-financiera-por-parte-del-gobierno-para-asistir-a-la-universidad.png","datePublished":"2021-01-20T23:47:37+00:00","dateModified":"2025-11-19T01:33:05+00:00","description":"Obt\u00e9n ayuda financiera por parte del gobierno para asistir a la universidad En la secci\u00f3n Educaci\u00f3n, y m\u00e1s espec\u00edficamente, en el apartado...","breadcrumb":{"@id":"https:\/\/accesolatino.org\/obten-ayuda-financiera-por-parte-del-gobierno-para-asistir-a-la-universidad\/#breadcrumb"},"inLanguage":"en-US","potentialAction":[{"@type":"ReadAction","target":["https:\/\/accesolatino.org\/obten-ayuda-financiera-por-parte-del-gobierno-para-asistir-a-la-universidad\/"]}]},{"@type":"ImageObject","inLanguage":"en-US","@id":"https:\/\/accesolatino.org\/obten-ayuda-financiera-por-parte-del-gobierno-para-asistir-a-la-universidad\/#primaryimage","url":"https:\/\/accesolatino.org\/wp-content\/uploads\/2021\/01\/obten-ayuda-financiera-por-parte-del-gobierno-para-asistir-a-la-universidad.png","contentUrl":"https:\/\/accesolatino.org\/wp-content\/uploads\/2021\/01\/obten-ayuda-financiera-por-parte-del-gobierno-para-asistir-a-la-universidad.png","width":600,"height":338,"caption":"ayuda financiera"},{"@type":"BreadcrumbList","@id":"https:\/\/accesolatino.org\/obten-ayuda-financiera-por-parte-del-gobierno-para-asistir-a-la-universidad\/#breadcrumb","itemListElement":[{"@type":"ListItem","position":1,"name":"Portada","item":"https:\/\/accesolatino.org\/"},{"@type":"ListItem","position":2,"name":"Obt\u00e9n ayuda financiera por parte del gobierno para asistir a la universidad"}]},{"@type":"WebSite","@id":"https:\/\/accesolatino.org\/#website","url":"https:\/\/accesolatino.org\/","name":"Acceso Latino | Fundaci\u00f3n Carlos Slim","description":"Fundaci\u00f3n Carlos Slim","publisher":{"@id":"https:\/\/accesolatino.org\/#organization"},"potentialAction":[{"@type":"SearchAction","target":{"@type":"EntryPoint","urlTemplate":"https:\/\/accesolatino.org\/?s={search_term_string}"},"query-input":{"@type":"PropertyValueSpecification","valueRequired":true,"valueName":"search_term_string"}}],"inLanguage":"en-US"},{"@type":"Organization","@id":"https:\/\/accesolatino.org\/#organization","name":"Acceso Latino | Fundaci\u00f3n Carlos Slim","url":"https:\/\/accesolatino.org\/","logo":{"@type":"ImageObject","inLanguage":"en-US","@id":"https:\/\/accesolatino.org\/#\/schema\/logo\/image\/","url":"https:\/\/accesolatino.org\/wp-content\/uploads\/2021\/02\/logo-footer-acceso-latino.png","contentUrl":"https:\/\/accesolatino.org\/wp-content\/uploads\/2021\/02\/logo-footer-acceso-latino.png","width":240,"height":40,"caption":"Acceso Latino | Fundaci\u00f3n Carlos Slim"},"image":{"@id":"https:\/\/accesolatino.org\/#\/schema\/logo\/image\/"},"sameAs":["https:\/\/www.facebook.com\/AccesoLatinoOrg","https:\/\/x.com\/FAccLatino"]}]}},"_links":{"self":[{"href":"https:\/\/accesolatino.org\/en\/wp-json\/wp\/v2\/pages\/25140","targetHints":{"allow":["GET"]}}],"collection":[{"href":"https:\/\/accesolatino.org\/en\/wp-json\/wp\/v2\/pages"}],"about":[{"href":"https:\/\/accesolatino.org\/en\/wp-json\/wp\/v2\/types\/page"}],"author":[{"embeddable":true,"href":"https:\/\/accesolatino.org\/en\/wp-json\/wp\/v2\/users\/7"}],"replies":[{"embeddable":true,"href":"https:\/\/accesolatino.org\/en\/wp-json\/wp\/v2\/comments?post=25140"}],"version-history":[{"count":1,"href":"https:\/\/accesolatino.org\/en\/wp-json\/wp\/v2\/pages\/25140\/revisions"}],"predecessor-version":[{"id":68895,"href":"https:\/\/accesolatino.org\/en\/wp-json\/wp\/v2\/pages\/25140\/revisions\/68895"}],"wp:featuredmedia":[{"embeddable":true,"href":"https:\/\/accesolatino.org\/en\/wp-json\/wp\/v2\/media\/25142"}],"wp:attachment":[{"href":"https:\/\/accesolatino.org\/en\/wp-json\/wp\/v2\/media?parent=25140"}],"curies":[{"name":"wp","href":"https:\/\/api.w.org\/{rel}","templated":true}]}}