{"id":25073,"date":"2021-01-18T10:36:49","date_gmt":"2021-01-18T16:36:49","guid":{"rendered":"https:\/\/accesolatino.org\/?page_id=25073"},"modified":"2025-11-06T18:21:04","modified_gmt":"2025-11-07T00:21:04","slug":"instituto-nacional-de-psiquiatria-tu-auxiliar-en-trastornos-mentales","status":"publish","type":"page","link":"https:\/\/accesolatino.org\/en\/apoyos-sociales\/instituto-nacional-de-psiquiatria-tu-auxiliar-en-trastornos-mentales\/","title":{"rendered":"Instituto Nacional de Psiquiatr\u00eda, tu auxiliar en trastornos mentales"},"content":{"rendered":"<div data-elementor-type=\"wp-post\" data-elementor-id=\"25073\" class=\"elementor elementor-25073\">\n\t\t\t\t\t\t<section class=\"elementor-section elementor-top-section elementor-element elementor-element-419da7f elementor-section-full_width elementor-section-height-min-height elementor-section-items-stretch elementor-section-height-default wpr-particle-no wpr-jarallax-no wpr-parallax-no wpr-sticky-section-no wpr-equal-height-no\" data-id=\"419da7f\" data-element_type=\"section\" data-e-type=\"section\" data-settings=\"{&quot;background_background&quot;:&quot;classic&quot;}\">\n\t\t\t\t\t\t<div class=\"elementor-container elementor-column-gap-no\">\n\t\t\t\t\t<div class=\"elementor-column elementor-col-100 elementor-top-column elementor-element elementor-element-64daae3\" data-id=\"64daae3\" data-element_type=\"column\" data-e-type=\"column\">\n\t\t\t<div class=\"elementor-widget-wrap elementor-element-populated\">\n\t\t\t\t\t\t<div class=\"elementor-element elementor-element-968cf96 elementor--h-position-center elementor--v-position-middle elementor-widget elementor-widget-slides\" data-id=\"968cf96\" data-element_type=\"widget\" data-e-type=\"widget\" data-settings=\"{&quot;navigation&quot;:&quot;none&quot;,&quot;infinite&quot;:&quot;yes&quot;,&quot;transition&quot;:&quot;slide&quot;,&quot;transition_speed&quot;:500}\" data-widget_type=\"slides.default\">\n\t\t\t\t<div class=\"elementor-widget-container\">\n\t\t\t\t\t\t\t<div class=\"elementor-swiper\">\n\t\t\t<div class=\"elementor-slides-wrapper elementor-main-swiper swiper-container\" dir=\"ltr\" data-animation=\"\">\n\t\t\t\t<div class=\"swiper-wrapper elementor-slides\">\n\t\t\t\t\t\t\t\t\t\t<div class=\"elementor-repeater-item-d983a28 swiper-slide\"><div class=\"swiper-slide-bg\"><\/div><div class=\"swiper-slide-inner\" ><div class=\"swiper-slide-contents\"><div class=\"elementor-slide-heading\">Social Supports<\/div><\/div><\/div><\/div>\t\t\t\t<\/div>\n\t\t\t\t\t\t\t<\/div>\n\t\t<\/div>\n\t\t\t\t\t\t<\/div>\n\t\t\t\t<\/div>\n\t\t\t\t\t<\/div>\n\t\t<\/div>\n\t\t\t\t\t<\/div>\n\t\t<\/section>\n\t\t\t\t<section class=\"elementor-section elementor-top-section elementor-element elementor-element-c35bb04 elementor-section-stretched elementor-section-boxed elementor-section-height-default elementor-section-height-default wpr-particle-no wpr-jarallax-no wpr-parallax-no wpr-sticky-section-no wpr-equal-height-no\" data-id=\"c35bb04\" data-element_type=\"section\" data-e-type=\"section\" data-settings=\"{&quot;stretch_section&quot;:&quot;section-stretched&quot;,&quot;background_background&quot;:&quot;classic&quot;}\">\n\t\t\t\t\t\t<div class=\"elementor-container elementor-column-gap-default\">\n\t\t\t\t\t<div class=\"elementor-column elementor-col-100 elementor-top-column elementor-element elementor-element-2df5793\" data-id=\"2df5793\" data-element_type=\"column\" data-e-type=\"column\">\n\t\t\t<div class=\"elementor-widget-wrap elementor-element-populated\">\n\t\t\t\t\t\t<div class=\"elementor-element elementor-element-8c1298c elementor-widget elementor-widget-heading\" data-id=\"8c1298c\" data-element_type=\"widget\" data-e-type=\"widget\" data-widget_type=\"heading.default\">\n\t\t\t\t<div class=\"elementor-widget-container\">\n\t\t\t\t\t<h3 class=\"elementor-heading-title elementor-size-default\">Conoce el programa de indemnizaci\u00f3n laboral por accidentes<\/h3>\t\t\t\t<\/div>\n\t\t\t\t<\/div>\n\t\t\t\t<div class=\"elementor-element elementor-element-1cbded7 elementor-widget elementor-widget-text-editor\" data-id=\"1cbded7\" data-element_type=\"widget\" data-e-type=\"widget\" data-widget_type=\"text-editor.default\">\n\t\t\t\t<div class=\"elementor-widget-container\">\n\t\t\t\t\t\t\t\t\t<p><a href=\"https:\/\/accesolatino.org\/en\/\">Acceso Latino<\/a> cuenta con alianzas que har\u00e1n que tu tiempo en Estados Unidos sea m\u00e1s llevadero en caso de tener un problema.<\/p><p>En esta ocasi\u00f3n te presentamos el <a href=\"http:\/\/www.inprf.gob.mx\/\">Instituto Nacional de Psiquiatr\u00eda Ram\u00f3n de la Fuente Mu\u00f1iz<\/a>, un centro especializado en brindar atenci\u00f3n de la m\u00e1s alta calidad a la poblaci\u00f3n que padece alg\u00fan trastorno mental.<\/p><p>Establecido en 1979 por el doctor que lleva su nombre, su objetivo es estudiar ampliamente y con mejores recursos, problemas de los des\u00f3rdenes mentales y la Salud Mental, generando soluciones adecuadas a cada paciente.<\/p><p>En su p\u00e1gina principal podr\u00e1s encontrar <a href=\"http:\/\/www.mentalizarte.com\/\">Mentalizarte<\/a>, el cual es un portal donde se aborda de forma f\u00e1cil y sencilla temas como ansiedad, depresi\u00f3n, reconocimiento de la violencia, y otros de actualidad como adaptaci\u00f3n al confinamiento por COVID-19 y Salud Mental y COVID-19.<\/p><p>Tambi\u00e9n hay cursos sobre el coronavirus, y para poder ser parte de uno de estos, necesitas inscribirte en la p\u00e1gina de la Secretar\u00eda de Salud de M\u00e9xico.<\/p><p>Asimismo, presenta videos relacionados con el COVID-19, y otros como autocuidado, t\u00e9cnicas de respiraci\u00f3n, medidas de higiene del sue\u00f1o, etc.<\/p><p>Por su parte, puedes contar con los programas en l\u00ednea Ayuda para Depresi\u00f3n y Familia y Adicciones; ligas de inter\u00e9s que te llevar\u00e1n a otros sitios donde obtendr\u00e1s m\u00e1s informaci\u00f3n y publicaciones por parte del Instituto.<\/p>\t\t\t\t\t\t\t\t<\/div>\n\t\t\t\t<\/div>\n\t\t\t\t<div class=\"elementor-element elementor-element-0701c12 elementor-widget elementor-widget-spacer\" data-id=\"0701c12\" data-element_type=\"widget\" data-e-type=\"widget\" data-widget_type=\"spacer.default\">\n\t\t\t\t<div class=\"elementor-widget-container\">\n\t\t\t\t\t\t\t<div class=\"elementor-spacer\">\n\t\t\t<div class=\"elementor-spacer-inner\"><\/div>\n\t\t<\/div>\n\t\t\t\t\t\t<\/div>\n\t\t\t\t<\/div>\n\t\t\t\t\t<\/div>\n\t\t<\/div>\n\t\t\t\t\t<\/div>\n\t\t<\/section>\n\t\t\t\t<\/div>","protected":false},"excerpt":{"rendered":"<p>Apoyos Sociales Conoce el programa de indemnizaci\u00f3n laboral por accidentes Acceso Latino cuenta con alianzas que har\u00e1n que tu tiempo en Estados Unidos sea m\u00e1s llevadero en caso de tener un problema. En esta ocasi\u00f3n te presentamos el Instituto Nacional de Psiquiatr\u00eda Ram\u00f3n de la Fuente Mu\u00f1iz, un centro especializado en brindar atenci\u00f3n de la m\u00e1s alta calidad a la poblaci\u00f3n que padece alg\u00fan trastorno mental. Establecido en 1979 por el doctor que lleva su nombre, su objetivo es estudiar ampliamente y con mejores recursos, problemas de los des\u00f3rdenes mentales y la Salud Mental, generando soluciones adecuadas a cada paciente. En su p\u00e1gina principal podr\u00e1s encontrar Mentalizarte, el cual es un portal donde se aborda de forma f\u00e1cil y sencilla temas como ansiedad, depresi\u00f3n, reconocimiento de la violencia, y otros de actualidad como adaptaci\u00f3n al confinamiento por COVID-19 y Salud Mental y COVID-19. Tambi\u00e9n hay cursos sobre el coronavirus, y para poder ser parte de uno de estos, necesitas inscribirte en la p\u00e1gina de la Secretar\u00eda de Salud de M\u00e9xico. Asimismo, presenta videos relacionados con el COVID-19, y otros como autocuidado, t\u00e9cnicas de respiraci\u00f3n, medidas de higiene del sue\u00f1o, etc. Por su parte, puedes contar con los programas en l\u00ednea Ayuda para Depresi\u00f3n y Familia y Adicciones; ligas de inter\u00e9s que te llevar\u00e1n a otros sitios donde obtendr\u00e1s m\u00e1s informaci\u00f3n y publicaciones por parte del Instituto.<\/p>","protected":false},"author":6,"featured_media":25074,"parent":1435,"menu_order":0,"comment_status":"closed","ping_status":"closed","template":"elementor_header_footer","meta":{"_uf_show_specific_survey":0,"_uf_disable_surveys":false,"footnotes":""},"class_list":["post-25073","page","type-page","status-publish","has-post-thumbnail"],"aioseo_notices":[],"yoast_head":"<!-- This site is optimized with the Yoast SEO plugin v27.5 - https:\/\/yoast.com\/product\/yoast-seo-wordpress\/ -->\n<title>Instituto Nacional de Psiquiatr\u00eda, tu auxiliar en trastornos mentales<\/title>\n<meta name=\"description\" content=\"Conoce las diferentes formas en las que los migrantes se pueden ver beneficiados en Estados Unidos - Acceso Latino\" \/>\n<meta name=\"robots\" content=\"index, follow, max-snippet:-1, max-image-preview:large, max-video-preview:-1\" \/>\n<link rel=\"canonical\" href=\"https:\/\/accesolatino.org\/en\/apoyos-sociales\/instituto-nacional-de-psiquiatria-tu-auxiliar-en-trastornos-mentales\/\" \/>\n<meta property=\"og:locale\" content=\"en_US\" \/>\n<meta property=\"og:type\" content=\"article\" \/>\n<meta property=\"og:title\" content=\"Acceso Latino | Instituto Nacional de Psiquiatr\u00eda, tu auxiliar en trastornos mentales\" \/>\n<meta property=\"og:description\" content=\"Conoce las diferentes formas en las que los migrantes se pueden ver beneficiados en USA\" \/>\n<meta property=\"og:url\" content=\"https:\/\/accesolatino.org\/en\/apoyos-sociales\/instituto-nacional-de-psiquiatria-tu-auxiliar-en-trastornos-mentales\/\" \/>\n<meta property=\"og:site_name\" content=\"Acceso Latino\" \/>\n<meta property=\"article:publisher\" content=\"https:\/\/www.facebook.com\/AccesoLatinoOrg\" \/>\n<meta property=\"article:modified_time\" content=\"2025-11-07T00:21:04+00:00\" \/>\n<meta property=\"og:image\" content=\"https:\/\/accesolatino.org\/wp-content\/uploads\/2021\/01\/Instituto-Nacional-de-Psiquiatria-tu-auxiliar-en-trastornos-mentales.png\" \/>\n\t<meta property=\"og:image:width\" content=\"600\" \/>\n\t<meta property=\"og:image:height\" content=\"338\" \/>\n\t<meta property=\"og:image:type\" content=\"image\/png\" \/>\n<meta name=\"twitter:card\" content=\"summary_large_image\" \/>\n<meta name=\"twitter:title\" content=\"Acceso Latino | Instituto Nacional de Psiquiatr\u00eda, tu auxiliar en trastornos mentales\" \/>\n<meta name=\"twitter:description\" content=\"Conoce las diferentes formas en las que los migrantes se pueden ver beneficiados en USA\" \/>\n<meta name=\"twitter:image\" content=\"https:\/\/accesolatino.org\/wp-content\/uploads\/2021\/01\/Instituto-Nacional-de-Psiquiatria-tu-auxiliar-en-trastornos-mentales.png\" \/>\n<meta name=\"twitter:site\" content=\"@FAccLatino\" \/>\n<meta name=\"twitter:label1\" content=\"Est. reading time\" \/>\n\t<meta name=\"twitter:data1\" content=\"2 minutes\" \/>\n<script type=\"application\/ld+json\" class=\"yoast-schema-graph\">{\"@context\":\"https:\\\/\\\/schema.org\",\"@graph\":[{\"@type\":\"WebPage\",\"@id\":\"https:\\\/\\\/accesolatino.org\\\/en\\\/apoyos-sociales\\\/instituto-nacional-de-psiquiatria-tu-auxiliar-en-trastornos-mentales\\\/\",\"url\":\"https:\\\/\\\/accesolatino.org\\\/en\\\/apoyos-sociales\\\/instituto-nacional-de-psiquiatria-tu-auxiliar-en-trastornos-mentales\\\/\",\"name\":\"Instituto Nacional de Psiquiatr\u00eda, tu auxiliar en trastornos mentales\",\"isPartOf\":{\"@id\":\"https:\\\/\\\/accesolatino.org\\\/#website\"},\"primaryImageOfPage\":{\"@id\":\"https:\\\/\\\/accesolatino.org\\\/en\\\/apoyos-sociales\\\/instituto-nacional-de-psiquiatria-tu-auxiliar-en-trastornos-mentales\\\/#primaryimage\"},\"image\":{\"@id\":\"https:\\\/\\\/accesolatino.org\\\/en\\\/apoyos-sociales\\\/instituto-nacional-de-psiquiatria-tu-auxiliar-en-trastornos-mentales\\\/#primaryimage\"},\"thumbnailUrl\":\"https:\\\/\\\/accesolatino.org\\\/wp-content\\\/uploads\\\/2021\\\/01\\\/Instituto-Nacional-de-Psiquiatria-tu-auxiliar-en-trastornos-mentales.png\",\"datePublished\":\"2021-01-18T16:36:49+00:00\",\"dateModified\":\"2025-11-07T00:21:04+00:00\",\"description\":\"Conoce las diferentes formas en las que los migrantes se pueden ver beneficiados en Estados Unidos - Acceso Latino\",\"breadcrumb\":{\"@id\":\"https:\\\/\\\/accesolatino.org\\\/en\\\/apoyos-sociales\\\/instituto-nacional-de-psiquiatria-tu-auxiliar-en-trastornos-mentales\\\/#breadcrumb\"},\"inLanguage\":\"en-US\",\"potentialAction\":[{\"@type\":\"ReadAction\",\"target\":[\"https:\\\/\\\/accesolatino.org\\\/en\\\/apoyos-sociales\\\/instituto-nacional-de-psiquiatria-tu-auxiliar-en-trastornos-mentales\\\/\"]}]},{\"@type\":\"ImageObject\",\"inLanguage\":\"en-US\",\"@id\":\"https:\\\/\\\/accesolatino.org\\\/en\\\/apoyos-sociales\\\/instituto-nacional-de-psiquiatria-tu-auxiliar-en-trastornos-mentales\\\/#primaryimage\",\"url\":\"https:\\\/\\\/accesolatino.org\\\/wp-content\\\/uploads\\\/2021\\\/01\\\/Instituto-Nacional-de-Psiquiatria-tu-auxiliar-en-trastornos-mentales.png\",\"contentUrl\":\"https:\\\/\\\/accesolatino.org\\\/wp-content\\\/uploads\\\/2021\\\/01\\\/Instituto-Nacional-de-Psiquiatria-tu-auxiliar-en-trastornos-mentales.png\",\"width\":600,\"height\":338,\"caption\":\"Instituto Nacional de Psiquiatr\u00eda\"},{\"@type\":\"BreadcrumbList\",\"@id\":\"https:\\\/\\\/accesolatino.org\\\/en\\\/apoyos-sociales\\\/instituto-nacional-de-psiquiatria-tu-auxiliar-en-trastornos-mentales\\\/#breadcrumb\",\"itemListElement\":[{\"@type\":\"ListItem\",\"position\":1,\"name\":\"Portada\",\"item\":\"https:\\\/\\\/accesolatino.org\\\/\"},{\"@type\":\"ListItem\",\"position\":2,\"name\":\"Apoyos Sociales\",\"item\":\"https:\\\/\\\/accesolatino.org\\\/en\\\/apoyos-sociales\\\/\"},{\"@type\":\"ListItem\",\"position\":3,\"name\":\"Instituto Nacional de Psiquiatr\u00eda, tu auxiliar en trastornos mentales\"}]},{\"@type\":\"WebSite\",\"@id\":\"https:\\\/\\\/accesolatino.org\\\/#website\",\"url\":\"https:\\\/\\\/accesolatino.org\\\/\",\"name\":\"Acceso Latino | Fundaci\u00f3n Carlos Slim\",\"description\":\"Fundaci\u00f3n Carlos Slim\",\"publisher\":{\"@id\":\"https:\\\/\\\/accesolatino.org\\\/#organization\"},\"potentialAction\":[{\"@type\":\"SearchAction\",\"target\":{\"@type\":\"EntryPoint\",\"urlTemplate\":\"https:\\\/\\\/accesolatino.org\\\/?s={search_term_string}\"},\"query-input\":{\"@type\":\"PropertyValueSpecification\",\"valueRequired\":true,\"valueName\":\"search_term_string\"}}],\"inLanguage\":\"en-US\"},{\"@type\":\"Organization\",\"@id\":\"https:\\\/\\\/accesolatino.org\\\/#organization\",\"name\":\"Acceso Latino | Fundaci\u00f3n Carlos Slim\",\"url\":\"https:\\\/\\\/accesolatino.org\\\/\",\"logo\":{\"@type\":\"ImageObject\",\"inLanguage\":\"en-US\",\"@id\":\"https:\\\/\\\/accesolatino.org\\\/#\\\/schema\\\/logo\\\/image\\\/\",\"url\":\"https:\\\/\\\/accesolatino.org\\\/wp-content\\\/uploads\\\/2021\\\/02\\\/logo-footer-acceso-latino.png\",\"contentUrl\":\"https:\\\/\\\/accesolatino.org\\\/wp-content\\\/uploads\\\/2021\\\/02\\\/logo-footer-acceso-latino.png\",\"width\":240,\"height\":40,\"caption\":\"Acceso Latino | Fundaci\u00f3n Carlos Slim\"},\"image\":{\"@id\":\"https:\\\/\\\/accesolatino.org\\\/#\\\/schema\\\/logo\\\/image\\\/\"},\"sameAs\":[\"https:\\\/\\\/www.facebook.com\\\/AccesoLatinoOrg\",\"https:\\\/\\\/x.com\\\/FAccLatino\"]}]}<\/script>\n<!-- \/ Yoast SEO plugin. -->","yoast_head_json":{"title":"Instituto Nacional de Psiquiatr\u00eda, tu auxiliar en trastornos mentales","description":"Conoce las diferentes formas en las que los migrantes se pueden ver beneficiados en Estados Unidos - Acceso Latino","robots":{"index":"index","follow":"follow","max-snippet":"max-snippet:-1","max-image-preview":"max-image-preview:large","max-video-preview":"max-video-preview:-1"},"canonical":"https:\/\/accesolatino.org\/en\/apoyos-sociales\/instituto-nacional-de-psiquiatria-tu-auxiliar-en-trastornos-mentales\/","og_locale":"en_US","og_type":"article","og_title":"Acceso Latino | Instituto Nacional de Psiquiatr\u00eda, tu auxiliar en trastornos mentales","og_description":"Conoce las diferentes formas en las que los migrantes se pueden ver beneficiados en USA","og_url":"https:\/\/accesolatino.org\/en\/apoyos-sociales\/instituto-nacional-de-psiquiatria-tu-auxiliar-en-trastornos-mentales\/","og_site_name":"Acceso Latino","article_publisher":"https:\/\/www.facebook.com\/AccesoLatinoOrg","article_modified_time":"2025-11-07T00:21:04+00:00","og_image":[{"width":600,"height":338,"url":"https:\/\/accesolatino.org\/wp-content\/uploads\/2021\/01\/Instituto-Nacional-de-Psiquiatria-tu-auxiliar-en-trastornos-mentales.png","type":"image\/png"}],"twitter_card":"summary_large_image","twitter_title":"Acceso Latino | Instituto Nacional de Psiquiatr\u00eda, tu auxiliar en trastornos mentales","twitter_description":"Conoce las diferentes formas en las que los migrantes se pueden ver beneficiados en USA","twitter_image":"https:\/\/accesolatino.org\/wp-content\/uploads\/2021\/01\/Instituto-Nacional-de-Psiquiatria-tu-auxiliar-en-trastornos-mentales.png","twitter_site":"@FAccLatino","twitter_misc":{"Est. reading time":"2 minutes"},"schema":{"@context":"https:\/\/schema.org","@graph":[{"@type":"WebPage","@id":"https:\/\/accesolatino.org\/en\/apoyos-sociales\/instituto-nacional-de-psiquiatria-tu-auxiliar-en-trastornos-mentales\/","url":"https:\/\/accesolatino.org\/en\/apoyos-sociales\/instituto-nacional-de-psiquiatria-tu-auxiliar-en-trastornos-mentales\/","name":"Instituto Nacional de Psiquiatr\u00eda, tu auxiliar en trastornos mentales","isPartOf":{"@id":"https:\/\/accesolatino.org\/#website"},"primaryImageOfPage":{"@id":"https:\/\/accesolatino.org\/en\/apoyos-sociales\/instituto-nacional-de-psiquiatria-tu-auxiliar-en-trastornos-mentales\/#primaryimage"},"image":{"@id":"https:\/\/accesolatino.org\/en\/apoyos-sociales\/instituto-nacional-de-psiquiatria-tu-auxiliar-en-trastornos-mentales\/#primaryimage"},"thumbnailUrl":"https:\/\/accesolatino.org\/wp-content\/uploads\/2021\/01\/Instituto-Nacional-de-Psiquiatria-tu-auxiliar-en-trastornos-mentales.png","datePublished":"2021-01-18T16:36:49+00:00","dateModified":"2025-11-07T00:21:04+00:00","description":"Conoce las diferentes formas en las que los migrantes se pueden ver beneficiados en Estados Unidos - Acceso Latino","breadcrumb":{"@id":"https:\/\/accesolatino.org\/en\/apoyos-sociales\/instituto-nacional-de-psiquiatria-tu-auxiliar-en-trastornos-mentales\/#breadcrumb"},"inLanguage":"en-US","potentialAction":[{"@type":"ReadAction","target":["https:\/\/accesolatino.org\/en\/apoyos-sociales\/instituto-nacional-de-psiquiatria-tu-auxiliar-en-trastornos-mentales\/"]}]},{"@type":"ImageObject","inLanguage":"en-US","@id":"https:\/\/accesolatino.org\/en\/apoyos-sociales\/instituto-nacional-de-psiquiatria-tu-auxiliar-en-trastornos-mentales\/#primaryimage","url":"https:\/\/accesolatino.org\/wp-content\/uploads\/2021\/01\/Instituto-Nacional-de-Psiquiatria-tu-auxiliar-en-trastornos-mentales.png","contentUrl":"https:\/\/accesolatino.org\/wp-content\/uploads\/2021\/01\/Instituto-Nacional-de-Psiquiatria-tu-auxiliar-en-trastornos-mentales.png","width":600,"height":338,"caption":"Instituto Nacional de Psiquiatr\u00eda"},{"@type":"BreadcrumbList","@id":"https:\/\/accesolatino.org\/en\/apoyos-sociales\/instituto-nacional-de-psiquiatria-tu-auxiliar-en-trastornos-mentales\/#breadcrumb","itemListElement":[{"@type":"ListItem","position":1,"name":"Portada","item":"https:\/\/accesolatino.org\/"},{"@type":"ListItem","position":2,"name":"Apoyos Sociales","item":"https:\/\/accesolatino.org\/en\/apoyos-sociales\/"},{"@type":"ListItem","position":3,"name":"Instituto Nacional de Psiquiatr\u00eda, tu auxiliar en trastornos mentales"}]},{"@type":"WebSite","@id":"https:\/\/accesolatino.org\/#website","url":"https:\/\/accesolatino.org\/","name":"Acceso Latino | Fundaci\u00f3n Carlos Slim","description":"Fundaci\u00f3n Carlos Slim","publisher":{"@id":"https:\/\/accesolatino.org\/#organization"},"potentialAction":[{"@type":"SearchAction","target":{"@type":"EntryPoint","urlTemplate":"https:\/\/accesolatino.org\/?s={search_term_string}"},"query-input":{"@type":"PropertyValueSpecification","valueRequired":true,"valueName":"search_term_string"}}],"inLanguage":"en-US"},{"@type":"Organization","@id":"https:\/\/accesolatino.org\/#organization","name":"Acceso Latino | Fundaci\u00f3n Carlos Slim","url":"https:\/\/accesolatino.org\/","logo":{"@type":"ImageObject","inLanguage":"en-US","@id":"https:\/\/accesolatino.org\/#\/schema\/logo\/image\/","url":"https:\/\/accesolatino.org\/wp-content\/uploads\/2021\/02\/logo-footer-acceso-latino.png","contentUrl":"https:\/\/accesolatino.org\/wp-content\/uploads\/2021\/02\/logo-footer-acceso-latino.png","width":240,"height":40,"caption":"Acceso Latino | Fundaci\u00f3n Carlos Slim"},"image":{"@id":"https:\/\/accesolatino.org\/#\/schema\/logo\/image\/"},"sameAs":["https:\/\/www.facebook.com\/AccesoLatinoOrg","https:\/\/x.com\/FAccLatino"]}]}},"_links":{"self":[{"href":"https:\/\/accesolatino.org\/en\/wp-json\/wp\/v2\/pages\/25073","targetHints":{"allow":["GET"]}}],"collection":[{"href":"https:\/\/accesolatino.org\/en\/wp-json\/wp\/v2\/pages"}],"about":[{"href":"https:\/\/accesolatino.org\/en\/wp-json\/wp\/v2\/types\/page"}],"author":[{"embeddable":true,"href":"https:\/\/accesolatino.org\/en\/wp-json\/wp\/v2\/users\/6"}],"replies":[{"embeddable":true,"href":"https:\/\/accesolatino.org\/en\/wp-json\/wp\/v2\/comments?post=25073"}],"version-history":[{"count":1,"href":"https:\/\/accesolatino.org\/en\/wp-json\/wp\/v2\/pages\/25073\/revisions"}],"predecessor-version":[{"id":68583,"href":"https:\/\/accesolatino.org\/en\/wp-json\/wp\/v2\/pages\/25073\/revisions\/68583"}],"up":[{"embeddable":true,"href":"https:\/\/accesolatino.org\/en\/wp-json\/wp\/v2\/pages\/1435"}],"wp:featuredmedia":[{"embeddable":true,"href":"https:\/\/accesolatino.org\/en\/wp-json\/wp\/v2\/media\/25074"}],"wp:attachment":[{"href":"https:\/\/accesolatino.org\/en\/wp-json\/wp\/v2\/media?parent=25073"}],"curies":[{"name":"wp","href":"https:\/\/api.w.org\/{rel}","templated":true}]}}