{"id":24998,"date":"2021-01-13T08:21:51","date_gmt":"2021-01-13T14:21:51","guid":{"rendered":"https:\/\/accesolatino.org\/?page_id=24998"},"modified":"2025-10-16T16:59:46","modified_gmt":"2025-10-16T22:59:46","slug":"indeed-com-te-conecta-con-las-mejores-empresas","status":"publish","type":"page","link":"https:\/\/accesolatino.org\/en\/buscas-empleo\/indeed-com-te-conecta-con-las-mejores-empresas\/","title":{"rendered":"Indeed.com connects you with the best companies"},"content":{"rendered":"<div data-elementor-type=\"wp-post\" data-elementor-id=\"24998\" class=\"elementor elementor-24998\">\n\t\t\t\t\t\t<section class=\"elementor-section elementor-top-section elementor-element elementor-element-5796197 elementor-section-full_width elementor-section-height-min-height elementor-section-items-stretch elementor-section-height-default wpr-particle-no wpr-jarallax-no wpr-parallax-no wpr-sticky-section-no wpr-equal-height-no\" data-id=\"5796197\" data-element_type=\"section\" data-e-type=\"section\" data-settings=\"{&quot;background_background&quot;:&quot;classic&quot;}\">\n\t\t\t\t\t\t<div class=\"elementor-container elementor-column-gap-no\">\n\t\t\t\t\t<div class=\"elementor-column elementor-col-100 elementor-top-column elementor-element elementor-element-3f4081e\" data-id=\"3f4081e\" data-element_type=\"column\" data-e-type=\"column\">\n\t\t\t<div class=\"elementor-widget-wrap elementor-element-populated\">\n\t\t\t\t\t\t<div class=\"elementor-element elementor-element-e0d2391 elementor--h-position-center elementor--v-position-middle elementor-widget elementor-widget-slides\" data-id=\"e0d2391\" data-element_type=\"widget\" data-e-type=\"widget\" data-settings=\"{&quot;navigation&quot;:&quot;none&quot;,&quot;infinite&quot;:&quot;yes&quot;,&quot;transition&quot;:&quot;slide&quot;,&quot;transition_speed&quot;:500}\" data-widget_type=\"slides.default\">\n\t\t\t\t<div class=\"elementor-widget-container\">\n\t\t\t\t\t\t\t<div class=\"elementor-swiper\">\n\t\t\t<div class=\"elementor-slides-wrapper elementor-main-swiper swiper-container\" dir=\"ltr\" data-animation=\"\">\n\t\t\t\t<div class=\"swiper-wrapper elementor-slides\">\n\t\t\t\t\t\t\t\t\t\t<div class=\"elementor-repeater-item-d983a28 swiper-slide\"><div class=\"swiper-slide-bg\"><\/div><div class=\"swiper-slide-inner\" ><div class=\"swiper-slide-contents\"><div class=\"elementor-slide-heading\">Looking for a job?<\/div><\/div><\/div><\/div>\t\t\t\t<\/div>\n\t\t\t\t\t\t\t<\/div>\n\t\t<\/div>\n\t\t\t\t\t\t<\/div>\n\t\t\t\t<\/div>\n\t\t\t\t\t<\/div>\n\t\t<\/div>\n\t\t\t\t\t<\/div>\n\t\t<\/section>\n\t\t\t\t<section class=\"elementor-section elementor-top-section elementor-element elementor-element-458fdf9 elementor-section-stretched elementor-section-boxed elementor-section-height-default elementor-section-height-default wpr-particle-no wpr-jarallax-no wpr-parallax-no wpr-sticky-section-no wpr-equal-height-no\" data-id=\"458fdf9\" data-element_type=\"section\" data-e-type=\"section\" data-settings=\"{&quot;stretch_section&quot;:&quot;section-stretched&quot;,&quot;background_background&quot;:&quot;classic&quot;}\">\n\t\t\t\t\t\t<div class=\"elementor-container elementor-column-gap-default\">\n\t\t\t\t\t<div class=\"elementor-column elementor-col-100 elementor-top-column elementor-element elementor-element-c1c9355\" data-id=\"c1c9355\" data-element_type=\"column\" data-e-type=\"column\">\n\t\t\t<div class=\"elementor-widget-wrap elementor-element-populated\">\n\t\t\t\t\t\t<div class=\"elementor-element elementor-element-4d8ecb9 elementor-widget elementor-widget-heading\" data-id=\"4d8ecb9\" data-element_type=\"widget\" data-e-type=\"widget\" data-widget_type=\"heading.default\">\n\t\t\t\t<div class=\"elementor-widget-container\">\n\t\t\t\t\t<h3 class=\"elementor-heading-title elementor-size-default\">Indeed.com connects you with the best companies <\/h3>\t\t\t\t<\/div>\n\t\t\t\t<\/div>\n\t\t\t\t<div class=\"elementor-element elementor-element-5eb045a elementor-widget elementor-widget-text-editor\" data-id=\"5eb045a\" data-element_type=\"widget\" data-e-type=\"widget\" data-widget_type=\"text-editor.default\">\n\t\t\t\t<div class=\"elementor-widget-container\">\n\t\t\t\t\t\t\t\t\tIn the section <a href=\"\/en\/buscas-empleo\/\">Buscas Empleo<\/a> Acceso Latino<\/b> est\u00e1 disponible la tarjeta <br><br>Bolsas de Empleo en EU<\/b>, donde hay distintos buscadores que se pueden adecuar al trabajo que deseas tener. <\/span><\/span><\/p>\nUno de estos es <a href=\"https:\/\/www.indeed.com\/l-United-States-jobs.html\"><span style=\"font-family: Arial, serif;\"><span style=\"font-size: medium;\">Indeed.com<\/span><\/span><\/a><\/u><\/span>, la p\u00e1gina n\u00famero uno de b\u00fasqueda de empleo, donde te permite tu subir tu CV e investigar sobre la empresa en la que m\u00e1s te interese trabajar, ya que cada segundo, 10 nuevos puestos son a\u00f1adidos de cualquier parte del mundo. <br><br>Lo primero que necesitas es registrarte, creando una cuenta para poder navegar. Es muy sencillo, ya que puedes buscar por t\u00edtulo, palabras clave, empresa, ciudad, estado o c\u00f3digo postal. <br><br>Si quieres b\u00fasquedas m\u00e1s espec\u00edficas, puedes seleccionar por fecha de publicaci\u00f3n, salario estimado, tipo de empleo, ubicaci\u00f3n, empresa e idioma del empleo. <br><br>Una vez que hayas elegido el trabajo con el que tienes m\u00e1s afinidad, aparece la descripci\u00f3n, responsabilidades, caracter\u00edsticas, habilidades y beneficios. <br><br>Adem\u00e1s, puedes leer las evaluaciones de cada empresa para que veas si te conviene o no trabajar con ellos. <br><br>Si vives en M\u00e9xico, tambi\u00e9n puedes acceder a <a href=\"https:\/\/mx.indeed.com\/\"><span style=\"font-family: Arial, serif;\">ese portal<\/a>\n<br><br>Para m\u00e1s informaci\u00f3n, dale clic al enlace que est\u00e1 al principio de la nota.\t\t\t\t\t\t\t\t<\/div>\n\t\t\t\t<\/div>\n\t\t\t\t<div class=\"elementor-element elementor-element-4b25beb elementor-widget elementor-widget-spacer\" data-id=\"4b25beb\" data-element_type=\"widget\" data-e-type=\"widget\" data-widget_type=\"spacer.default\">\n\t\t\t\t<div class=\"elementor-widget-container\">\n\t\t\t\t\t\t\t<div class=\"elementor-spacer\">\n\t\t\t<div class=\"elementor-spacer-inner\"><\/div>\n\t\t<\/div>\n\t\t\t\t\t\t<\/div>\n\t\t\t\t<\/div>\n\t\t\t\t\t<\/div>\n\t\t<\/div>\n\t\t\t\t\t<\/div>\n\t\t<\/section>\n\t\t\t\t<\/div>","protected":false},"excerpt":{"rendered":"<p>\u00bfBuscas empleo? Indeed.com te conecta con las mejores empresas En la secci\u00f3n Buscas Empleo Acceso Latino est\u00e1 disponible la tarjeta Bolsas de Empleo en EU, donde hay distintos buscadores que se pueden adecuar al trabajo que deseas tener. Uno de estos es Indeed.com, la p\u00e1gina n\u00famero uno de b\u00fasqueda de empleo, donde te permite tu subir tu CV e investigar sobre la empresa en la que m\u00e1s te interese trabajar, ya que cada segundo, 10 nuevos puestos son a\u00f1adidos de cualquier parte del mundo. Lo primero que necesitas es registrarte, creando una cuenta para poder navegar. Es muy sencillo, ya que puedes buscar por t\u00edtulo, palabras clave, empresa, ciudad, estado o c\u00f3digo postal. Si quieres b\u00fasquedas m\u00e1s espec\u00edficas, puedes seleccionar por fecha de publicaci\u00f3n, salario estimado, tipo de empleo, ubicaci\u00f3n, empresa e idioma del empleo. Una vez que hayas elegido el trabajo con el que tienes m\u00e1s afinidad, aparece la descripci\u00f3n, responsabilidades, caracter\u00edsticas, habilidades y beneficios. Adem\u00e1s, puedes leer las evaluaciones de cada empresa para que veas si te conviene o no trabajar con ellos. Si vives en M\u00e9xico, tambi\u00e9n puedes acceder a ese portal Para m\u00e1s informaci\u00f3n, dale clic al enlace que est\u00e1 al principio de la nota.<\/p>","protected":false},"author":5,"featured_media":25000,"parent":2747,"menu_order":0,"comment_status":"closed","ping_status":"closed","template":"elementor_header_footer","meta":{"_uf_show_specific_survey":0,"_uf_disable_surveys":false,"footnotes":""},"class_list":["post-24998","page","type-page","status-publish","has-post-thumbnail"],"aioseo_notices":[],"yoast_head":"<!-- This site is optimized with the Yoast SEO plugin v27.5 - https:\/\/yoast.com\/product\/yoast-seo-wordpress\/ -->\n<title>Indeed.com te conecta con las mejores empresas<\/title>\n<meta name=\"description\" content=\"\u00bfBuscas empleo en Estados Unidos? Te compartimos algunas herramientas para capacitarte y encontrarlo - Acceso Latino\" \/>\n<meta name=\"robots\" content=\"index, follow, max-snippet:-1, max-image-preview:large, max-video-preview:-1\" \/>\n<link rel=\"canonical\" href=\"https:\/\/accesolatino.org\/en\/buscas-empleo\/indeed-com-te-conecta-con-las-mejores-empresas\/\" \/>\n<meta property=\"og:locale\" content=\"en_US\" \/>\n<meta property=\"og:type\" content=\"article\" \/>\n<meta property=\"og:title\" content=\"Acceso Latino | Indeed.com te conecta con las mejores empresas\" \/>\n<meta property=\"og:description\" content=\"\u00bfBuscas empleo en Estados Unidos? Te compartimos algunas herramientas para capacitarte y encontrarlo.\" \/>\n<meta property=\"og:url\" content=\"https:\/\/accesolatino.org\/en\/buscas-empleo\/indeed-com-te-conecta-con-las-mejores-empresas\/\" \/>\n<meta property=\"og:site_name\" content=\"Acceso Latino\" \/>\n<meta property=\"article:publisher\" content=\"https:\/\/www.facebook.com\/AccesoLatinoOrg\" \/>\n<meta property=\"article:modified_time\" content=\"2025-10-16T22:59:46+00:00\" \/>\n<meta property=\"og:image\" content=\"https:\/\/accesolatino.org\/wp-content\/uploads\/2021\/01\/Indeed.com-te-conecta-con-las-mejores-empresas.png\" \/>\n\t<meta property=\"og:image:width\" content=\"600\" \/>\n\t<meta property=\"og:image:height\" content=\"338\" \/>\n\t<meta property=\"og:image:type\" content=\"image\/png\" \/>\n<meta name=\"twitter:card\" content=\"summary_large_image\" \/>\n<meta name=\"twitter:title\" content=\"Acceso Latino | Indeed.com te conecta con las mejores empresas\" \/>\n<meta name=\"twitter:description\" content=\"\u00bfBuscas empleo en Estados Unidos? Te compartimos algunas herramientas para capacitarte y encontrarlo.\" \/>\n<meta name=\"twitter:image\" content=\"https:\/\/accesolatino.org\/wp-content\/uploads\/2021\/01\/Indeed.com-te-conecta-con-las-mejores-empresas.png\" \/>\n<meta name=\"twitter:site\" content=\"@FAccLatino\" \/>\n<meta name=\"twitter:label1\" content=\"Est. reading time\" \/>\n\t<meta name=\"twitter:data1\" content=\"2 minutes\" \/>\n<script type=\"application\/ld+json\" class=\"yoast-schema-graph\">{\"@context\":\"https:\\\/\\\/schema.org\",\"@graph\":[{\"@type\":\"WebPage\",\"@id\":\"https:\\\/\\\/accesolatino.org\\\/buscas-empleo\\\/indeed-com-te-conecta-con-las-mejores-empresas\\\/\",\"url\":\"https:\\\/\\\/accesolatino.org\\\/buscas-empleo\\\/indeed-com-te-conecta-con-las-mejores-empresas\\\/\",\"name\":\"Indeed.com te conecta con las mejores empresas\",\"isPartOf\":{\"@id\":\"https:\\\/\\\/accesolatino.org\\\/#website\"},\"primaryImageOfPage\":{\"@id\":\"https:\\\/\\\/accesolatino.org\\\/buscas-empleo\\\/indeed-com-te-conecta-con-las-mejores-empresas\\\/#primaryimage\"},\"image\":{\"@id\":\"https:\\\/\\\/accesolatino.org\\\/buscas-empleo\\\/indeed-com-te-conecta-con-las-mejores-empresas\\\/#primaryimage\"},\"thumbnailUrl\":\"https:\\\/\\\/accesolatino.org\\\/wp-content\\\/uploads\\\/2021\\\/01\\\/Indeed.com-te-conecta-con-las-mejores-empresas.png\",\"datePublished\":\"2021-01-13T14:21:51+00:00\",\"dateModified\":\"2025-10-16T22:59:46+00:00\",\"description\":\"\u00bfBuscas empleo en Estados Unidos? Te compartimos algunas herramientas para capacitarte y encontrarlo - Acceso Latino\",\"breadcrumb\":{\"@id\":\"https:\\\/\\\/accesolatino.org\\\/buscas-empleo\\\/indeed-com-te-conecta-con-las-mejores-empresas\\\/#breadcrumb\"},\"inLanguage\":\"en-US\",\"potentialAction\":[{\"@type\":\"ReadAction\",\"target\":[\"https:\\\/\\\/accesolatino.org\\\/buscas-empleo\\\/indeed-com-te-conecta-con-las-mejores-empresas\\\/\"]}]},{\"@type\":\"ImageObject\",\"inLanguage\":\"en-US\",\"@id\":\"https:\\\/\\\/accesolatino.org\\\/buscas-empleo\\\/indeed-com-te-conecta-con-las-mejores-empresas\\\/#primaryimage\",\"url\":\"https:\\\/\\\/accesolatino.org\\\/wp-content\\\/uploads\\\/2021\\\/01\\\/Indeed.com-te-conecta-con-las-mejores-empresas.png\",\"contentUrl\":\"https:\\\/\\\/accesolatino.org\\\/wp-content\\\/uploads\\\/2021\\\/01\\\/Indeed.com-te-conecta-con-las-mejores-empresas.png\",\"width\":600,\"height\":338,\"caption\":\"Indeed.com\"},{\"@type\":\"BreadcrumbList\",\"@id\":\"https:\\\/\\\/accesolatino.org\\\/buscas-empleo\\\/indeed-com-te-conecta-con-las-mejores-empresas\\\/#breadcrumb\",\"itemListElement\":[{\"@type\":\"ListItem\",\"position\":1,\"name\":\"Portada\",\"item\":\"https:\\\/\\\/accesolatino.org\\\/\"},{\"@type\":\"ListItem\",\"position\":2,\"name\":\"Buscas Empleo\",\"item\":\"https:\\\/\\\/accesolatino.org\\\/en\\\/buscas-empleo\\\/\"},{\"@type\":\"ListItem\",\"position\":3,\"name\":\"Indeed.com te conecta con las mejores empresas\"}]},{\"@type\":\"WebSite\",\"@id\":\"https:\\\/\\\/accesolatino.org\\\/#website\",\"url\":\"https:\\\/\\\/accesolatino.org\\\/\",\"name\":\"Acceso Latino | Fundaci\u00f3n Carlos Slim\",\"description\":\"Fundaci\u00f3n Carlos Slim\",\"publisher\":{\"@id\":\"https:\\\/\\\/accesolatino.org\\\/#organization\"},\"potentialAction\":[{\"@type\":\"SearchAction\",\"target\":{\"@type\":\"EntryPoint\",\"urlTemplate\":\"https:\\\/\\\/accesolatino.org\\\/?s={search_term_string}\"},\"query-input\":{\"@type\":\"PropertyValueSpecification\",\"valueRequired\":true,\"valueName\":\"search_term_string\"}}],\"inLanguage\":\"en-US\"},{\"@type\":\"Organization\",\"@id\":\"https:\\\/\\\/accesolatino.org\\\/#organization\",\"name\":\"Acceso Latino | Fundaci\u00f3n Carlos Slim\",\"url\":\"https:\\\/\\\/accesolatino.org\\\/\",\"logo\":{\"@type\":\"ImageObject\",\"inLanguage\":\"en-US\",\"@id\":\"https:\\\/\\\/accesolatino.org\\\/#\\\/schema\\\/logo\\\/image\\\/\",\"url\":\"https:\\\/\\\/accesolatino.org\\\/wp-content\\\/uploads\\\/2021\\\/02\\\/logo-footer-acceso-latino.png\",\"contentUrl\":\"https:\\\/\\\/accesolatino.org\\\/wp-content\\\/uploads\\\/2021\\\/02\\\/logo-footer-acceso-latino.png\",\"width\":240,\"height\":40,\"caption\":\"Acceso Latino | Fundaci\u00f3n Carlos Slim\"},\"image\":{\"@id\":\"https:\\\/\\\/accesolatino.org\\\/#\\\/schema\\\/logo\\\/image\\\/\"},\"sameAs\":[\"https:\\\/\\\/www.facebook.com\\\/AccesoLatinoOrg\",\"https:\\\/\\\/x.com\\\/FAccLatino\"]}]}<\/script>\n<!-- \/ Yoast SEO plugin. -->","yoast_head_json":{"title":"Indeed.com connects you with the best companies","description":"\u00bfBuscas empleo en Estados Unidos? Te compartimos algunas herramientas para capacitarte y encontrarlo - Acceso Latino","robots":{"index":"index","follow":"follow","max-snippet":"max-snippet:-1","max-image-preview":"max-image-preview:large","max-video-preview":"max-video-preview:-1"},"canonical":"https:\/\/accesolatino.org\/en\/buscas-empleo\/indeed-com-te-conecta-con-las-mejores-empresas\/","og_locale":"en_US","og_type":"article","og_title":"Acceso Latino | Indeed.com te conecta con las mejores empresas","og_description":"\u00bfBuscas empleo en Estados Unidos? Te compartimos algunas herramientas para capacitarte y encontrarlo.","og_url":"https:\/\/accesolatino.org\/en\/buscas-empleo\/indeed-com-te-conecta-con-las-mejores-empresas\/","og_site_name":"Acceso Latino","article_publisher":"https:\/\/www.facebook.com\/AccesoLatinoOrg","article_modified_time":"2025-10-16T22:59:46+00:00","og_image":[{"width":600,"height":338,"url":"https:\/\/accesolatino.org\/wp-content\/uploads\/2021\/01\/Indeed.com-te-conecta-con-las-mejores-empresas.png","type":"image\/png"}],"twitter_card":"summary_large_image","twitter_title":"Acceso Latino | Indeed.com te conecta con las mejores empresas","twitter_description":"\u00bfBuscas empleo en Estados Unidos? Te compartimos algunas herramientas para capacitarte y encontrarlo.","twitter_image":"https:\/\/accesolatino.org\/wp-content\/uploads\/2021\/01\/Indeed.com-te-conecta-con-las-mejores-empresas.png","twitter_site":"@FAccLatino","twitter_misc":{"Est. reading time":"2 minutes"},"schema":{"@context":"https:\/\/schema.org","@graph":[{"@type":"WebPage","@id":"https:\/\/accesolatino.org\/buscas-empleo\/indeed-com-te-conecta-con-las-mejores-empresas\/","url":"https:\/\/accesolatino.org\/buscas-empleo\/indeed-com-te-conecta-con-las-mejores-empresas\/","name":"Indeed.com connects you with the best companies","isPartOf":{"@id":"https:\/\/accesolatino.org\/#website"},"primaryImageOfPage":{"@id":"https:\/\/accesolatino.org\/buscas-empleo\/indeed-com-te-conecta-con-las-mejores-empresas\/#primaryimage"},"image":{"@id":"https:\/\/accesolatino.org\/buscas-empleo\/indeed-com-te-conecta-con-las-mejores-empresas\/#primaryimage"},"thumbnailUrl":"https:\/\/accesolatino.org\/wp-content\/uploads\/2021\/01\/Indeed.com-te-conecta-con-las-mejores-empresas.png","datePublished":"2021-01-13T14:21:51+00:00","dateModified":"2025-10-16T22:59:46+00:00","description":"\u00bfBuscas empleo en Estados Unidos? Te compartimos algunas herramientas para capacitarte y encontrarlo - Acceso Latino","breadcrumb":{"@id":"https:\/\/accesolatino.org\/buscas-empleo\/indeed-com-te-conecta-con-las-mejores-empresas\/#breadcrumb"},"inLanguage":"en-US","potentialAction":[{"@type":"ReadAction","target":["https:\/\/accesolatino.org\/buscas-empleo\/indeed-com-te-conecta-con-las-mejores-empresas\/"]}]},{"@type":"ImageObject","inLanguage":"en-US","@id":"https:\/\/accesolatino.org\/buscas-empleo\/indeed-com-te-conecta-con-las-mejores-empresas\/#primaryimage","url":"https:\/\/accesolatino.org\/wp-content\/uploads\/2021\/01\/Indeed.com-te-conecta-con-las-mejores-empresas.png","contentUrl":"https:\/\/accesolatino.org\/wp-content\/uploads\/2021\/01\/Indeed.com-te-conecta-con-las-mejores-empresas.png","width":600,"height":338,"caption":"Indeed.com"},{"@type":"BreadcrumbList","@id":"https:\/\/accesolatino.org\/buscas-empleo\/indeed-com-te-conecta-con-las-mejores-empresas\/#breadcrumb","itemListElement":[{"@type":"ListItem","position":1,"name":"Portada","item":"https:\/\/accesolatino.org\/"},{"@type":"ListItem","position":2,"name":"Buscas Empleo","item":"https:\/\/accesolatino.org\/en\/buscas-empleo\/"},{"@type":"ListItem","position":3,"name":"Indeed.com te conecta con las mejores empresas"}]},{"@type":"WebSite","@id":"https:\/\/accesolatino.org\/#website","url":"https:\/\/accesolatino.org\/","name":"Acceso Latino | Fundaci\u00f3n Carlos Slim","description":"Fundaci\u00f3n Carlos Slim","publisher":{"@id":"https:\/\/accesolatino.org\/#organization"},"potentialAction":[{"@type":"SearchAction","target":{"@type":"EntryPoint","urlTemplate":"https:\/\/accesolatino.org\/?s={search_term_string}"},"query-input":{"@type":"PropertyValueSpecification","valueRequired":true,"valueName":"search_term_string"}}],"inLanguage":"en-US"},{"@type":"Organization","@id":"https:\/\/accesolatino.org\/#organization","name":"Acceso Latino | Fundaci\u00f3n Carlos Slim","url":"https:\/\/accesolatino.org\/","logo":{"@type":"ImageObject","inLanguage":"en-US","@id":"https:\/\/accesolatino.org\/#\/schema\/logo\/image\/","url":"https:\/\/accesolatino.org\/wp-content\/uploads\/2021\/02\/logo-footer-acceso-latino.png","contentUrl":"https:\/\/accesolatino.org\/wp-content\/uploads\/2021\/02\/logo-footer-acceso-latino.png","width":240,"height":40,"caption":"Acceso Latino | Fundaci\u00f3n Carlos Slim"},"image":{"@id":"https:\/\/accesolatino.org\/#\/schema\/logo\/image\/"},"sameAs":["https:\/\/www.facebook.com\/AccesoLatinoOrg","https:\/\/x.com\/FAccLatino"]}]}},"_links":{"self":[{"href":"https:\/\/accesolatino.org\/en\/wp-json\/wp\/v2\/pages\/24998","targetHints":{"allow":["GET"]}}],"collection":[{"href":"https:\/\/accesolatino.org\/en\/wp-json\/wp\/v2\/pages"}],"about":[{"href":"https:\/\/accesolatino.org\/en\/wp-json\/wp\/v2\/types\/page"}],"author":[{"embeddable":true,"href":"https:\/\/accesolatino.org\/en\/wp-json\/wp\/v2\/users\/5"}],"replies":[{"embeddable":true,"href":"https:\/\/accesolatino.org\/en\/wp-json\/wp\/v2\/comments?post=24998"}],"version-history":[{"count":1,"href":"https:\/\/accesolatino.org\/en\/wp-json\/wp\/v2\/pages\/24998\/revisions"}],"predecessor-version":[{"id":64154,"href":"https:\/\/accesolatino.org\/en\/wp-json\/wp\/v2\/pages\/24998\/revisions\/64154"}],"up":[{"embeddable":true,"href":"https:\/\/accesolatino.org\/en\/wp-json\/wp\/v2\/pages\/2747"}],"wp:featuredmedia":[{"embeddable":true,"href":"https:\/\/accesolatino.org\/en\/wp-json\/wp\/v2\/media\/25000"}],"wp:attachment":[{"href":"https:\/\/accesolatino.org\/en\/wp-json\/wp\/v2\/media?parent=24998"}],"curies":[{"name":"wp","href":"https:\/\/api.w.org\/{rel}","templated":true}]}}