{"id":24936,"date":"2020-12-29T08:23:49","date_gmt":"2020-12-29T14:23:49","guid":{"rendered":"https:\/\/accesolatino.org\/?page_id=24936"},"modified":"2025-10-17T17:38:29","modified_gmt":"2025-10-17T23:38:29","slug":"pruebat-la-plataforma-educativa-que-te-ayuda-a-estudiar-desde-casa","status":"publish","type":"page","link":"https:\/\/accesolatino.org\/en\/pruebat-la-plataforma-educativa-que-te-ayuda-a-estudiar-desde-casa\/","title":{"rendered":"Pru\u00e9baT, the educational platform that helps you study from home"},"content":{"rendered":"<div data-elementor-type=\"wp-post\" data-elementor-id=\"24936\" class=\"elementor elementor-24936\">\n\t\t\t\t\t\t<section class=\"elementor-section elementor-top-section elementor-element elementor-element-0449309 elementor-section-full_width elementor-section-height-min-height elementor-section-items-stretch elementor-section-height-default wpr-particle-no wpr-jarallax-no wpr-parallax-no wpr-sticky-section-no wpr-equal-height-no\" data-id=\"0449309\" data-element_type=\"section\" data-e-type=\"section\" data-settings=\"{&quot;background_background&quot;:&quot;classic&quot;}\">\n\t\t\t\t\t\t<div class=\"elementor-container elementor-column-gap-no\">\n\t\t\t\t\t<div class=\"elementor-column elementor-col-100 elementor-top-column elementor-element elementor-element-796965d\" data-id=\"796965d\" data-element_type=\"column\" data-e-type=\"column\">\n\t\t\t<div class=\"elementor-widget-wrap elementor-element-populated\">\n\t\t\t\t\t\t<div class=\"elementor-element elementor-element-d3a23f5 elementor--h-position-center elementor--v-position-middle elementor-widget elementor-widget-slides\" data-id=\"d3a23f5\" data-element_type=\"widget\" data-e-type=\"widget\" data-settings=\"{&quot;navigation&quot;:&quot;none&quot;,&quot;infinite&quot;:&quot;yes&quot;,&quot;transition&quot;:&quot;slide&quot;,&quot;transition_speed&quot;:500}\" data-widget_type=\"slides.default\">\n\t\t\t\t<div class=\"elementor-widget-container\">\n\t\t\t\t\t\t\t<div class=\"elementor-swiper\">\n\t\t\t<div class=\"elementor-slides-wrapper elementor-main-swiper swiper-container\" dir=\"ltr\" data-animation=\"\">\n\t\t\t\t<div class=\"swiper-wrapper elementor-slides\">\n\t\t\t\t\t\t\t\t\t\t<div class=\"elementor-repeater-item-d983a28 swiper-slide\"><div class=\"swiper-slide-bg\"><\/div><div class=\"swiper-slide-inner\" ><div class=\"swiper-slide-contents\"><div class=\"elementor-slide-heading\">Education<\/div><\/div><\/div><\/div>\t\t\t\t<\/div>\n\t\t\t\t\t\t\t<\/div>\n\t\t<\/div>\n\t\t\t\t\t\t<\/div>\n\t\t\t\t<\/div>\n\t\t\t\t\t<\/div>\n\t\t<\/div>\n\t\t\t\t\t<\/div>\n\t\t<\/section>\n\t\t\t\t<section class=\"elementor-section elementor-top-section elementor-element elementor-element-20da0f1 elementor-section-stretched elementor-section-boxed elementor-section-height-default elementor-section-height-default wpr-particle-no wpr-jarallax-no wpr-parallax-no wpr-sticky-section-no wpr-equal-height-no\" data-id=\"20da0f1\" data-element_type=\"section\" data-e-type=\"section\" data-settings=\"{&quot;stretch_section&quot;:&quot;section-stretched&quot;,&quot;background_background&quot;:&quot;classic&quot;}\">\n\t\t\t\t\t\t<div class=\"elementor-container elementor-column-gap-default\">\n\t\t\t\t\t<div class=\"elementor-column elementor-col-100 elementor-top-column elementor-element elementor-element-76019cc\" data-id=\"76019cc\" data-element_type=\"column\" data-e-type=\"column\">\n\t\t\t<div class=\"elementor-widget-wrap elementor-element-populated\">\n\t\t\t\t\t\t<div class=\"elementor-element elementor-element-95a8738 elementor-widget elementor-widget-heading\" data-id=\"95a8738\" data-element_type=\"widget\" data-e-type=\"widget\" data-widget_type=\"heading.default\">\n\t\t\t\t<div class=\"elementor-widget-container\">\n\t\t\t\t\t<h3 class=\"elementor-heading-title elementor-size-default\">Pru\u00e9baT, the educational platform that helps you study from home<\/h3>\t\t\t\t<\/div>\n\t\t\t\t<\/div>\n\t\t\t\t<div class=\"elementor-element elementor-element-c2f1f44 elementor-widget elementor-widget-text-editor\" data-id=\"c2f1f44\" data-element_type=\"widget\" data-e-type=\"widget\" data-widget_type=\"text-editor.default\">\n\t\t\t\t<div class=\"elementor-widget-container\">\n\t\t\t\t\t\t\t\t\t<b>Acceso Latino <\/b>cuenta en su secci\u00f3n <a href=\"https:\/\/accesolatino.org\/en\/educacion\/\">Education<\/a> con muchos recursos para que desde casa todos puedan aprender.<br><br>\nEsta vez hablamos sobre <a href=\"https:\/\/pruebat.org\/\">Pru\u00e9baT<\/a>, la plataforma educativa de Fundaci\u00f3n Carlos Slim para que ni\u00f1os y j\u00f3venes estudien de manera gratuita con el fin de fortalecer sus conocimientos y habilidades que les ayudar\u00e1n a lo largo de sus vidas.<br><br>\nPero no s\u00f3lo es para estudiantes, tambi\u00e9n se enfoca en docentes y padres de familia.<br><br>\nCrea una cuenta para que conozcas todo su contenido:\n\n<ul>\n \t<li><b>Lecciones:<\/b> ejercicios y evaluaciones para aprender sobre: el universo, historia, pensamiento l\u00f3gico matem\u00e1tico, creaci\u00f3n de videoblogs, podcasts y apps, ortograf\u00eda, entre muchas otras.<\/li>\n \t<li><b>Clases:<\/b> para que puedas repasar matem\u00e1ticas, espa\u00f1ol, ciencias naturales, f\u00edsica, qu\u00edmica, historia de M\u00e9xico, etc.<\/li>\n \t<li><b>Juegos: <\/b>fortalecer\u00e1n las habilidades en \u00e1reas como matem\u00e1ticas, lectura, f\u00edsica, qu\u00edmica, biolog\u00eda, y m\u00e1s. <\/li>\n \t<li><b>Notas:<\/b> acerca de h\u00e1bitos de estudio, recomendaciones literarias, educaci\u00f3n y temas de inter\u00e9s general.<\/li>\n \t<li><b>Lo que debes saber:<\/b> ejercicios y videos donde podr\u00e1s desarrollar habilidades important\u00edsimas para la vida diaria.<\/li>\n<\/ul>\nDesde 1\u00b0 de primaria hasta 3\u00b0 de preparatoria, encontrar\u00e1s muchos temas para aprender como creatividad, cultura general, habilidades digitales, lenguaje y comunicaci\u00f3n, memoria, razonamiento, etc.\t\t\t\t\t\t\t\t<\/div>\n\t\t\t\t<\/div>\n\t\t\t\t<div class=\"elementor-element elementor-element-d0c1250 elementor-widget elementor-widget-spacer\" data-id=\"d0c1250\" data-element_type=\"widget\" data-e-type=\"widget\" data-widget_type=\"spacer.default\">\n\t\t\t\t<div class=\"elementor-widget-container\">\n\t\t\t\t\t\t\t<div class=\"elementor-spacer\">\n\t\t\t<div class=\"elementor-spacer-inner\"><\/div>\n\t\t<\/div>\n\t\t\t\t\t\t<\/div>\n\t\t\t\t<\/div>\n\t\t\t\t\t<\/div>\n\t\t<\/div>\n\t\t\t\t\t<\/div>\n\t\t<\/section>\n\t\t\t\t<\/div>","protected":false},"excerpt":{"rendered":"<p>Educaci\u00f3n Pru\u00e9baT, la plataforma educativa que te ayuda a estudiar desde casa Acceso Latino cuenta en su secci\u00f3n Educaci\u00f3n con muchos recursos para que desde casa todos puedan aprender. Esta vez hablamos sobre Pru\u00e9baT, la plataforma educativa de Fundaci\u00f3n Carlos Slim para que ni\u00f1os y j\u00f3venes estudien de manera gratuita con el fin de fortalecer sus conocimientos y habilidades que les ayudar\u00e1n a lo largo de sus vidas. Pero no s\u00f3lo es para estudiantes, tambi\u00e9n se enfoca en docentes y padres de familia. Crea una cuenta para que conozcas todo su contenido: Lecciones: ejercicios y evaluaciones para aprender sobre: el universo, historia, pensamiento l\u00f3gico matem\u00e1tico, creaci\u00f3n de videoblogs, podcasts y apps, ortograf\u00eda, entre muchas otras. Clases: para que puedas repasar matem\u00e1ticas, espa\u00f1ol, ciencias naturales, f\u00edsica, qu\u00edmica, historia de M\u00e9xico, etc. Juegos: fortalecer\u00e1n las habilidades en \u00e1reas como matem\u00e1ticas, lectura, f\u00edsica, qu\u00edmica, biolog\u00eda, y m\u00e1s. Notas: acerca de h\u00e1bitos de estudio, recomendaciones literarias, educaci\u00f3n y temas de inter\u00e9s general. Lo que debes saber: ejercicios y videos donde podr\u00e1s desarrollar habilidades important\u00edsimas para la vida diaria. Desde 1\u00b0 de primaria hasta 3\u00b0 de preparatoria, encontrar\u00e1s muchos temas para aprender como creatividad, cultura general, habilidades digitales, lenguaje y comunicaci\u00f3n, memoria, razonamiento, etc.<\/p>","protected":false},"author":7,"featured_media":24938,"parent":0,"menu_order":0,"comment_status":"closed","ping_status":"closed","template":"elementor_header_footer","meta":{"_uf_show_specific_survey":0,"_uf_disable_surveys":false,"footnotes":""},"class_list":["post-24936","page","type-page","status-publish","has-post-thumbnail"],"aioseo_notices":[],"yoast_head":"<!-- This site is optimized with the Yoast SEO plugin v27.4 - https:\/\/yoast.com\/product\/yoast-seo-wordpress\/ -->\n<title>Pru\u00e9baT, la plataforma educativa que te ayuda a estudiar desde casa<\/title>\n<meta name=\"description\" content=\"Pru\u00e9baT, la plataforma educativa que te ayuda a estudiar desde casa Acceso Latino cuenta en su secci\u00f3n Educaci\u00f3n con muchos recursos...\" \/>\n<meta name=\"robots\" content=\"index, follow, max-snippet:-1, max-image-preview:large, max-video-preview:-1\" \/>\n<link rel=\"canonical\" href=\"https:\/\/accesolatino.org\/en\/pruebat-la-plataforma-educativa-que-te-ayuda-a-estudiar-desde-casa\/\" \/>\n<meta property=\"og:locale\" content=\"en_US\" \/>\n<meta property=\"og:type\" content=\"article\" \/>\n<meta property=\"og:title\" content=\"Acceso Latino | Pru\u00e9baT, la plataforma educativa que te ayuda a estudiar desde casa\" \/>\n<meta property=\"og:description\" content=\"Pru\u00e9baT, la plataforma educativa que te ayuda a estudiar desde casa\" \/>\n<meta property=\"og:url\" content=\"https:\/\/accesolatino.org\/en\/pruebat-la-plataforma-educativa-que-te-ayuda-a-estudiar-desde-casa\/\" \/>\n<meta property=\"og:site_name\" content=\"Acceso Latino\" \/>\n<meta property=\"article:publisher\" content=\"https:\/\/www.facebook.com\/AccesoLatinoOrg\" \/>\n<meta property=\"article:modified_time\" content=\"2025-10-17T23:38:29+00:00\" \/>\n<meta property=\"og:image\" content=\"https:\/\/accesolatino.org\/wp-content\/uploads\/2020\/12\/PruebaT-la-plataforma-educativa-que-te-ayuda-a-estudiar-desde-casa.png\" \/>\n\t<meta property=\"og:image:width\" content=\"600\" \/>\n\t<meta property=\"og:image:height\" content=\"338\" \/>\n\t<meta property=\"og:image:type\" content=\"image\/png\" \/>\n<meta name=\"twitter:card\" content=\"summary_large_image\" \/>\n<meta name=\"twitter:title\" content=\"Acceso Latino | Pru\u00e9baT, la plataforma educativa que te ayuda a estudiar desde casa\" \/>\n<meta name=\"twitter:description\" content=\"Pru\u00e9baT, la plataforma educativa que te ayuda a estudiar desde casa\" \/>\n<meta name=\"twitter:image\" content=\"https:\/\/accesolatino.org\/wp-content\/uploads\/2020\/12\/PruebaT-la-plataforma-educativa-que-te-ayuda-a-estudiar-desde-casa.png\" \/>\n<meta name=\"twitter:site\" content=\"@FAccLatino\" \/>\n<meta name=\"twitter:label1\" content=\"Est. reading time\" \/>\n\t<meta name=\"twitter:data1\" content=\"2 minutes\" \/>\n<script type=\"application\/ld+json\" class=\"yoast-schema-graph\">{\"@context\":\"https:\\\/\\\/schema.org\",\"@graph\":[{\"@type\":\"WebPage\",\"@id\":\"https:\\\/\\\/accesolatino.org\\\/pruebat-la-plataforma-educativa-que-te-ayuda-a-estudiar-desde-casa\\\/\",\"url\":\"https:\\\/\\\/accesolatino.org\\\/pruebat-la-plataforma-educativa-que-te-ayuda-a-estudiar-desde-casa\\\/\",\"name\":\"Pru\u00e9baT, la plataforma educativa que te ayuda a estudiar desde casa\",\"isPartOf\":{\"@id\":\"https:\\\/\\\/accesolatino.org\\\/#website\"},\"primaryImageOfPage\":{\"@id\":\"https:\\\/\\\/accesolatino.org\\\/pruebat-la-plataforma-educativa-que-te-ayuda-a-estudiar-desde-casa\\\/#primaryimage\"},\"image\":{\"@id\":\"https:\\\/\\\/accesolatino.org\\\/pruebat-la-plataforma-educativa-que-te-ayuda-a-estudiar-desde-casa\\\/#primaryimage\"},\"thumbnailUrl\":\"https:\\\/\\\/accesolatino.org\\\/wp-content\\\/uploads\\\/2020\\\/12\\\/PruebaT-la-plataforma-educativa-que-te-ayuda-a-estudiar-desde-casa.png\",\"datePublished\":\"2020-12-29T14:23:49+00:00\",\"dateModified\":\"2025-10-17T23:38:29+00:00\",\"description\":\"Pru\u00e9baT, la plataforma educativa que te ayuda a estudiar desde casa Acceso Latino cuenta en su secci\u00f3n Educaci\u00f3n con muchos recursos...\",\"breadcrumb\":{\"@id\":\"https:\\\/\\\/accesolatino.org\\\/pruebat-la-plataforma-educativa-que-te-ayuda-a-estudiar-desde-casa\\\/#breadcrumb\"},\"inLanguage\":\"en-US\",\"potentialAction\":[{\"@type\":\"ReadAction\",\"target\":[\"https:\\\/\\\/accesolatino.org\\\/pruebat-la-plataforma-educativa-que-te-ayuda-a-estudiar-desde-casa\\\/\"]}]},{\"@type\":\"ImageObject\",\"inLanguage\":\"en-US\",\"@id\":\"https:\\\/\\\/accesolatino.org\\\/pruebat-la-plataforma-educativa-que-te-ayuda-a-estudiar-desde-casa\\\/#primaryimage\",\"url\":\"https:\\\/\\\/accesolatino.org\\\/wp-content\\\/uploads\\\/2020\\\/12\\\/PruebaT-la-plataforma-educativa-que-te-ayuda-a-estudiar-desde-casa.png\",\"contentUrl\":\"https:\\\/\\\/accesolatino.org\\\/wp-content\\\/uploads\\\/2020\\\/12\\\/PruebaT-la-plataforma-educativa-que-te-ayuda-a-estudiar-desde-casa.png\",\"width\":600,\"height\":338,\"caption\":\"Pru\u00e9baT\"},{\"@type\":\"BreadcrumbList\",\"@id\":\"https:\\\/\\\/accesolatino.org\\\/pruebat-la-plataforma-educativa-que-te-ayuda-a-estudiar-desde-casa\\\/#breadcrumb\",\"itemListElement\":[{\"@type\":\"ListItem\",\"position\":1,\"name\":\"Portada\",\"item\":\"https:\\\/\\\/accesolatino.org\\\/\"},{\"@type\":\"ListItem\",\"position\":2,\"name\":\"Pru\u00e9baT, la plataforma educativa que te ayuda a estudiar desde casa\"}]},{\"@type\":\"WebSite\",\"@id\":\"https:\\\/\\\/accesolatino.org\\\/#website\",\"url\":\"https:\\\/\\\/accesolatino.org\\\/\",\"name\":\"Acceso Latino | Fundaci\u00f3n Carlos Slim\",\"description\":\"Fundaci\u00f3n Carlos Slim\",\"publisher\":{\"@id\":\"https:\\\/\\\/accesolatino.org\\\/#organization\"},\"potentialAction\":[{\"@type\":\"SearchAction\",\"target\":{\"@type\":\"EntryPoint\",\"urlTemplate\":\"https:\\\/\\\/accesolatino.org\\\/?s={search_term_string}\"},\"query-input\":{\"@type\":\"PropertyValueSpecification\",\"valueRequired\":true,\"valueName\":\"search_term_string\"}}],\"inLanguage\":\"en-US\"},{\"@type\":\"Organization\",\"@id\":\"https:\\\/\\\/accesolatino.org\\\/#organization\",\"name\":\"Acceso Latino | Fundaci\u00f3n Carlos Slim\",\"url\":\"https:\\\/\\\/accesolatino.org\\\/\",\"logo\":{\"@type\":\"ImageObject\",\"inLanguage\":\"en-US\",\"@id\":\"https:\\\/\\\/accesolatino.org\\\/#\\\/schema\\\/logo\\\/image\\\/\",\"url\":\"https:\\\/\\\/accesolatino.org\\\/wp-content\\\/uploads\\\/2021\\\/02\\\/logo-footer-acceso-latino.png\",\"contentUrl\":\"https:\\\/\\\/accesolatino.org\\\/wp-content\\\/uploads\\\/2021\\\/02\\\/logo-footer-acceso-latino.png\",\"width\":240,\"height\":40,\"caption\":\"Acceso Latino | Fundaci\u00f3n Carlos Slim\"},\"image\":{\"@id\":\"https:\\\/\\\/accesolatino.org\\\/#\\\/schema\\\/logo\\\/image\\\/\"},\"sameAs\":[\"https:\\\/\\\/www.facebook.com\\\/AccesoLatinoOrg\",\"https:\\\/\\\/x.com\\\/FAccLatino\"]}]}<\/script>\n<!-- \/ Yoast SEO plugin. -->","yoast_head_json":{"title":"Pru\u00e9baT, the educational platform that helps you study from home","description":"Pru\u00e9baT, la plataforma educativa que te ayuda a estudiar desde casa Acceso Latino cuenta en su secci\u00f3n Educaci\u00f3n con muchos recursos...","robots":{"index":"index","follow":"follow","max-snippet":"max-snippet:-1","max-image-preview":"max-image-preview:large","max-video-preview":"max-video-preview:-1"},"canonical":"https:\/\/accesolatino.org\/en\/pruebat-la-plataforma-educativa-que-te-ayuda-a-estudiar-desde-casa\/","og_locale":"en_US","og_type":"article","og_title":"Acceso Latino | Pru\u00e9baT, la plataforma educativa que te ayuda a estudiar desde casa","og_description":"Pru\u00e9baT, la plataforma educativa que te ayuda a estudiar desde casa","og_url":"https:\/\/accesolatino.org\/en\/pruebat-la-plataforma-educativa-que-te-ayuda-a-estudiar-desde-casa\/","og_site_name":"Acceso Latino","article_publisher":"https:\/\/www.facebook.com\/AccesoLatinoOrg","article_modified_time":"2025-10-17T23:38:29+00:00","og_image":[{"width":600,"height":338,"url":"https:\/\/accesolatino.org\/wp-content\/uploads\/2020\/12\/PruebaT-la-plataforma-educativa-que-te-ayuda-a-estudiar-desde-casa.png","type":"image\/png"}],"twitter_card":"summary_large_image","twitter_title":"Acceso Latino | Pru\u00e9baT, la plataforma educativa que te ayuda a estudiar desde casa","twitter_description":"Pru\u00e9baT, la plataforma educativa que te ayuda a estudiar desde casa","twitter_image":"https:\/\/accesolatino.org\/wp-content\/uploads\/2020\/12\/PruebaT-la-plataforma-educativa-que-te-ayuda-a-estudiar-desde-casa.png","twitter_site":"@FAccLatino","twitter_misc":{"Est. reading time":"2 minutes"},"schema":{"@context":"https:\/\/schema.org","@graph":[{"@type":"WebPage","@id":"https:\/\/accesolatino.org\/pruebat-la-plataforma-educativa-que-te-ayuda-a-estudiar-desde-casa\/","url":"https:\/\/accesolatino.org\/pruebat-la-plataforma-educativa-que-te-ayuda-a-estudiar-desde-casa\/","name":"Pru\u00e9baT, the educational platform that helps you study from home","isPartOf":{"@id":"https:\/\/accesolatino.org\/#website"},"primaryImageOfPage":{"@id":"https:\/\/accesolatino.org\/pruebat-la-plataforma-educativa-que-te-ayuda-a-estudiar-desde-casa\/#primaryimage"},"image":{"@id":"https:\/\/accesolatino.org\/pruebat-la-plataforma-educativa-que-te-ayuda-a-estudiar-desde-casa\/#primaryimage"},"thumbnailUrl":"https:\/\/accesolatino.org\/wp-content\/uploads\/2020\/12\/PruebaT-la-plataforma-educativa-que-te-ayuda-a-estudiar-desde-casa.png","datePublished":"2020-12-29T14:23:49+00:00","dateModified":"2025-10-17T23:38:29+00:00","description":"Pru\u00e9baT, la plataforma educativa que te ayuda a estudiar desde casa Acceso Latino cuenta en su secci\u00f3n Educaci\u00f3n con muchos recursos...","breadcrumb":{"@id":"https:\/\/accesolatino.org\/pruebat-la-plataforma-educativa-que-te-ayuda-a-estudiar-desde-casa\/#breadcrumb"},"inLanguage":"en-US","potentialAction":[{"@type":"ReadAction","target":["https:\/\/accesolatino.org\/pruebat-la-plataforma-educativa-que-te-ayuda-a-estudiar-desde-casa\/"]}]},{"@type":"ImageObject","inLanguage":"en-US","@id":"https:\/\/accesolatino.org\/pruebat-la-plataforma-educativa-que-te-ayuda-a-estudiar-desde-casa\/#primaryimage","url":"https:\/\/accesolatino.org\/wp-content\/uploads\/2020\/12\/PruebaT-la-plataforma-educativa-que-te-ayuda-a-estudiar-desde-casa.png","contentUrl":"https:\/\/accesolatino.org\/wp-content\/uploads\/2020\/12\/PruebaT-la-plataforma-educativa-que-te-ayuda-a-estudiar-desde-casa.png","width":600,"height":338,"caption":"Pru\u00e9baT"},{"@type":"BreadcrumbList","@id":"https:\/\/accesolatino.org\/pruebat-la-plataforma-educativa-que-te-ayuda-a-estudiar-desde-casa\/#breadcrumb","itemListElement":[{"@type":"ListItem","position":1,"name":"Portada","item":"https:\/\/accesolatino.org\/"},{"@type":"ListItem","position":2,"name":"Pru\u00e9baT, la plataforma educativa que te ayuda a estudiar desde casa"}]},{"@type":"WebSite","@id":"https:\/\/accesolatino.org\/#website","url":"https:\/\/accesolatino.org\/","name":"Acceso Latino | Fundaci\u00f3n Carlos Slim","description":"Fundaci\u00f3n Carlos Slim","publisher":{"@id":"https:\/\/accesolatino.org\/#organization"},"potentialAction":[{"@type":"SearchAction","target":{"@type":"EntryPoint","urlTemplate":"https:\/\/accesolatino.org\/?s={search_term_string}"},"query-input":{"@type":"PropertyValueSpecification","valueRequired":true,"valueName":"search_term_string"}}],"inLanguage":"en-US"},{"@type":"Organization","@id":"https:\/\/accesolatino.org\/#organization","name":"Acceso Latino | Fundaci\u00f3n Carlos Slim","url":"https:\/\/accesolatino.org\/","logo":{"@type":"ImageObject","inLanguage":"en-US","@id":"https:\/\/accesolatino.org\/#\/schema\/logo\/image\/","url":"https:\/\/accesolatino.org\/wp-content\/uploads\/2021\/02\/logo-footer-acceso-latino.png","contentUrl":"https:\/\/accesolatino.org\/wp-content\/uploads\/2021\/02\/logo-footer-acceso-latino.png","width":240,"height":40,"caption":"Acceso Latino | Fundaci\u00f3n Carlos Slim"},"image":{"@id":"https:\/\/accesolatino.org\/#\/schema\/logo\/image\/"},"sameAs":["https:\/\/www.facebook.com\/AccesoLatinoOrg","https:\/\/x.com\/FAccLatino"]}]}},"_links":{"self":[{"href":"https:\/\/accesolatino.org\/en\/wp-json\/wp\/v2\/pages\/24936","targetHints":{"allow":["GET"]}}],"collection":[{"href":"https:\/\/accesolatino.org\/en\/wp-json\/wp\/v2\/pages"}],"about":[{"href":"https:\/\/accesolatino.org\/en\/wp-json\/wp\/v2\/types\/page"}],"author":[{"embeddable":true,"href":"https:\/\/accesolatino.org\/en\/wp-json\/wp\/v2\/users\/7"}],"replies":[{"embeddable":true,"href":"https:\/\/accesolatino.org\/en\/wp-json\/wp\/v2\/comments?post=24936"}],"version-history":[{"count":1,"href":"https:\/\/accesolatino.org\/en\/wp-json\/wp\/v2\/pages\/24936\/revisions"}],"predecessor-version":[{"id":60358,"href":"https:\/\/accesolatino.org\/en\/wp-json\/wp\/v2\/pages\/24936\/revisions\/60358"}],"wp:featuredmedia":[{"embeddable":true,"href":"https:\/\/accesolatino.org\/en\/wp-json\/wp\/v2\/media\/24938"}],"wp:attachment":[{"href":"https:\/\/accesolatino.org\/en\/wp-json\/wp\/v2\/media?parent=24936"}],"curies":[{"name":"wp","href":"https:\/\/api.w.org\/{rel}","templated":true}]}}