{"id":24897,"date":"2020-12-28T16:47:22","date_gmt":"2020-12-28T22:47:22","guid":{"rendered":"https:\/\/accesolatino.org\/?page_id=24897"},"modified":"2025-10-17T17:53:15","modified_gmt":"2025-10-17T23:53:15","slug":"revisa-si-tienes-multas-pendientes-en-california-y-como-pagarlas","status":"publish","type":"page","link":"https:\/\/accesolatino.org\/en\/revisa-si-tienes-multas-pendientes-en-california-y-como-pagarlas\/","title":{"rendered":"Check if you have outstanding fines in California and how to pay them."},"content":{"rendered":"<div data-elementor-type=\"wp-post\" data-elementor-id=\"24897\" class=\"elementor elementor-24897\">\n\t\t\t\t\t\t<section class=\"elementor-section elementor-top-section elementor-element elementor-element-d2bbc60 elementor-section-full_width elementor-section-height-min-height elementor-section-items-stretch elementor-section-height-default wpr-particle-no wpr-jarallax-no wpr-parallax-no wpr-sticky-section-no wpr-equal-height-no\" data-id=\"d2bbc60\" data-element_type=\"section\" data-e-type=\"section\" data-settings=\"{&quot;background_background&quot;:&quot;classic&quot;}\">\n\t\t\t\t\t\t<div class=\"elementor-container elementor-column-gap-no\">\n\t\t\t\t\t<div class=\"elementor-column elementor-col-100 elementor-top-column elementor-element elementor-element-56af749\" data-id=\"56af749\" data-element_type=\"column\" data-e-type=\"column\">\n\t\t\t<div class=\"elementor-widget-wrap elementor-element-populated\">\n\t\t\t\t\t\t<div class=\"elementor-element elementor-element-96675a2 elementor--h-position-center elementor--v-position-middle elementor-widget elementor-widget-slides\" data-id=\"96675a2\" data-element_type=\"widget\" data-e-type=\"widget\" data-settings=\"{&quot;navigation&quot;:&quot;none&quot;,&quot;infinite&quot;:&quot;yes&quot;,&quot;transition&quot;:&quot;slide&quot;,&quot;transition_speed&quot;:500}\" data-widget_type=\"slides.default\">\n\t\t\t\t<div class=\"elementor-widget-container\">\n\t\t\t\t\t\t\t<div class=\"elementor-swiper\">\n\t\t\t<div class=\"elementor-slides-wrapper elementor-main-swiper swiper-container\" dir=\"ltr\" data-animation=\"\">\n\t\t\t\t<div class=\"swiper-wrapper elementor-slides\">\n\t\t\t\t\t\t\t\t\t\t<div class=\"elementor-repeater-item-d983a28 swiper-slide\"><div class=\"swiper-slide-bg\"><\/div><div class=\"swiper-slide-inner\" ><div class=\"swiper-slide-contents\"><div class=\"elementor-slide-heading\">Processing of Licenses<\/div><\/div><\/div><\/div>\t\t\t\t<\/div>\n\t\t\t\t\t\t\t<\/div>\n\t\t<\/div>\n\t\t\t\t\t\t<\/div>\n\t\t\t\t<\/div>\n\t\t\t\t\t<\/div>\n\t\t<\/div>\n\t\t\t\t\t<\/div>\n\t\t<\/section>\n\t\t\t\t<section class=\"elementor-section elementor-top-section elementor-element elementor-element-d6b07ac elementor-section-stretched elementor-section-boxed elementor-section-height-default elementor-section-height-default wpr-particle-no wpr-jarallax-no wpr-parallax-no wpr-sticky-section-no wpr-equal-height-no\" data-id=\"d6b07ac\" data-element_type=\"section\" data-e-type=\"section\" data-settings=\"{&quot;stretch_section&quot;:&quot;section-stretched&quot;,&quot;background_background&quot;:&quot;classic&quot;}\">\n\t\t\t\t\t\t<div class=\"elementor-container elementor-column-gap-default\">\n\t\t\t\t\t<div class=\"elementor-column elementor-col-100 elementor-top-column elementor-element elementor-element-6566ba2\" data-id=\"6566ba2\" data-element_type=\"column\" data-e-type=\"column\">\n\t\t\t<div class=\"elementor-widget-wrap elementor-element-populated\">\n\t\t\t\t\t\t<div class=\"elementor-element elementor-element-749b2f8 elementor-widget elementor-widget-heading\" data-id=\"749b2f8\" data-element_type=\"widget\" data-e-type=\"widget\" data-widget_type=\"heading.default\">\n\t\t\t\t<div class=\"elementor-widget-container\">\n\t\t\t\t\t<h3 class=\"elementor-heading-title elementor-size-default\">Check if you have outstanding fines in California and how to pay them.<\/h3>\t\t\t\t<\/div>\n\t\t\t\t<\/div>\n\t\t\t\t<div class=\"elementor-element elementor-element-68b50ef elementor-widget elementor-widget-text-editor\" data-id=\"68b50ef\" data-element_type=\"widget\" data-e-type=\"widget\" data-widget_type=\"text-editor.default\">\n\t\t\t\t<div class=\"elementor-widget-container\">\n\t\t\t\t\t\t\t\t\tIn the section <a href=\"https:\/\/accesolatino.org\/en\/licencias\/\">Driver's licenses<\/a> de <b>Acceso Latino<\/b> te ayudamos a revisar si tienes multas pendientes en el estado de California y c\u00f3mo pagarlas.\n<br><br>Si en este estado recibes una multa puedes oponerte a recibirla o pagar en la corte del condado donde la recibiste, pero si no compadeces ante el tribunal o no pagas el monto adeudado antes de la fecha que est\u00e1 dentro del aviso de cortes\u00eda, puede convertirse en una tarifa de evaluaci\u00f3n civil de US$300, una orden de arresto o la suspensi\u00f3n de la licencia.<br><br>\n\nLos puntos emitidos tendr\u00e1n que ver con el tipo de infracci\u00f3n que cometiste y hasta suspenderte o revocarte tu licencia de conducir. El juez puede darte la opci\u00f3n de que se eliminen los puntos de tu registro al realizar un curso de tr\u00e1nsito aprobado por el tribunal.<br><br>\n\nPero antes de que ocurra todo eso, averigua si tienes una multa ingresando los datos de tu auto en la <a href=\"https:\/\/www.dmv.ca.gov\/portal\/mydmv\">herramienta de b\u00fasqueda<\/a> del DMV (Departamento de Veh\u00edculos Motorizados) del estado. \n\n<br><br>En caso de tener una, estos pasos debes seguir:<br><br>\n \t<li><b>Paga en l\u00ednea o por correo:<\/b> elige la opci\u00f3n m\u00e1s apropiada para ti, pero si recibes una \u201ccompetencia obligatoria\u201d, debes presentarte ante el juez.<\/li>\n \t<li><b>Asiste a la escuela de tr\u00e1nsito:<\/b> debes cumplir algunos requisitos para ser elegible y debes pagar una tarifa de procesamiento a la corte, y el d\u00eda de tu audiencia pedir la escuela de tr\u00e1nsito.<\/li>\n \t<li><b>Impugna tu ticket:<\/b> puedes hacerlo mandando el aviso de cortes\u00eda a la corte con la fecha del juicio marcada. Refutar tu multa es lo mejor que puedes hacer para impedir que tus puntos sean penalizados y el impacto en tus primas de seguro.<\/li>\n<br><br>\n* Fuente: Siempre Auto\t\t\t\t\t\t\t\t<\/div>\n\t\t\t\t<\/div>\n\t\t\t\t<div class=\"elementor-element elementor-element-fb7377c elementor-widget elementor-widget-spacer\" data-id=\"fb7377c\" data-element_type=\"widget\" data-e-type=\"widget\" data-widget_type=\"spacer.default\">\n\t\t\t\t<div class=\"elementor-widget-container\">\n\t\t\t\t\t\t\t<div class=\"elementor-spacer\">\n\t\t\t<div class=\"elementor-spacer-inner\"><\/div>\n\t\t<\/div>\n\t\t\t\t\t\t<\/div>\n\t\t\t\t<\/div>\n\t\t\t\t\t<\/div>\n\t\t<\/div>\n\t\t\t\t\t<\/div>\n\t\t<\/section>\n\t\t\t\t<\/div>","protected":false},"excerpt":{"rendered":"<p>Tr\u00e1mite de Licencias Revisa si tienes multas pendientes en California y c\u00f3mo pagarlas En la secci\u00f3n Licencias de conducir de Acceso Latino te ayudamos a revisar si tienes multas pendientes en el estado de California y c\u00f3mo pagarlas. Si en este estado recibes una multa puedes oponerte a recibirla o pagar en la corte del condado donde la recibiste, pero si no compadeces ante el tribunal o no pagas el monto adeudado antes de la fecha que est\u00e1 dentro del aviso de cortes\u00eda, puede convertirse en una tarifa de evaluaci\u00f3n civil de US$300, una orden de arresto o la suspensi\u00f3n de la licencia. Los puntos emitidos tendr\u00e1n que ver con el tipo de infracci\u00f3n que cometiste y hasta suspenderte o revocarte tu licencia de conducir. El juez puede darte la opci\u00f3n de que se eliminen los puntos de tu registro al realizar un curso de tr\u00e1nsito aprobado por el tribunal. Pero antes de que ocurra todo eso, averigua si tienes una multa ingresando los datos de tu auto en la herramienta de b\u00fasqueda del DMV (Departamento de Veh\u00edculos Motorizados) del estado. En caso de tener una, estos pasos debes seguir: Paga en l\u00ednea o por correo: elige la opci\u00f3n m\u00e1s apropiada para ti, pero si recibes una \u201ccompetencia obligatoria\u201d, debes presentarte ante el juez. Asiste a la escuela de tr\u00e1nsito: debes cumplir algunos requisitos para ser elegible y debes pagar una tarifa de procesamiento a la corte, y el d\u00eda de tu audiencia pedir la escuela de tr\u00e1nsito. Impugna tu ticket: puedes hacerlo mandando el aviso de cortes\u00eda a la corte con la fecha del juicio marcada. Refutar tu multa es lo mejor que puedes hacer para impedir que tus puntos sean penalizados y el impacto en tus primas de seguro. * Fuente: Siempre Auto<\/p>","protected":false},"author":9,"featured_media":24899,"parent":0,"menu_order":0,"comment_status":"closed","ping_status":"closed","template":"elementor_header_footer","meta":{"_uf_show_specific_survey":0,"_uf_disable_surveys":false,"footnotes":""},"class_list":["post-24897","page","type-page","status-publish","has-post-thumbnail"],"aioseo_notices":[],"yoast_head":"<!-- This site is optimized with the Yoast SEO plugin v27.5 - https:\/\/yoast.com\/product\/yoast-seo-wordpress\/ -->\n<title>Revisa si tienes multas pendientes en California y c\u00f3mo pagarlas<\/title>\n<meta name=\"description\" content=\"Revisa si tienes\u00a0multas\u00a0pendientes en California y c\u00f3mo pagarlas En la secci\u00f3n Licencias de conducir de Acceso Latino te ayuda...\" \/>\n<meta name=\"robots\" content=\"index, follow, max-snippet:-1, max-image-preview:large, max-video-preview:-1\" \/>\n<link rel=\"canonical\" href=\"https:\/\/accesolatino.org\/en\/revisa-si-tienes-multas-pendientes-en-california-y-como-pagarlas\/\" \/>\n<meta property=\"og:locale\" content=\"en_US\" \/>\n<meta property=\"og:type\" content=\"article\" \/>\n<meta property=\"og:title\" content=\"Acceso Latino | Revisa si tienes multas pendientes en California y c\u00f3mo pagarlas\" \/>\n<meta property=\"og:description\" content=\"Conoce la documentaci\u00f3n requerida para tramitar una licencia en cada uno de los estados de USA\" \/>\n<meta property=\"og:url\" content=\"https:\/\/accesolatino.org\/en\/revisa-si-tienes-multas-pendientes-en-california-y-como-pagarlas\/\" \/>\n<meta property=\"og:site_name\" content=\"Acceso Latino\" \/>\n<meta property=\"article:publisher\" content=\"https:\/\/www.facebook.com\/AccesoLatinoOrg\" \/>\n<meta property=\"article:modified_time\" content=\"2025-10-17T23:53:15+00:00\" \/>\n<meta property=\"og:image\" content=\"https:\/\/accesolatino.org\/wp-content\/uploads\/2020\/12\/Revisa-si-tienes-multas-pendientes-en-California-y-como-pagarlas.png\" \/>\n\t<meta property=\"og:image:width\" content=\"600\" \/>\n\t<meta property=\"og:image:height\" content=\"338\" \/>\n\t<meta property=\"og:image:type\" content=\"image\/png\" \/>\n<meta name=\"twitter:card\" content=\"summary_large_image\" \/>\n<meta name=\"twitter:title\" content=\"Acceso Latino | Revisa si tienes multas pendientes en California y c\u00f3mo pagarlas\" \/>\n<meta name=\"twitter:description\" content=\"Conoce la documentaci\u00f3n requerida para tramitar una licencia en cada uno de los estados de USA\" \/>\n<meta name=\"twitter:image\" content=\"https:\/\/accesolatino.org\/wp-content\/uploads\/2020\/12\/Revisa-si-tienes-multas-pendientes-en-California-y-como-pagarlas.png\" \/>\n<meta name=\"twitter:site\" content=\"@FAccLatino\" \/>\n<meta name=\"twitter:label1\" content=\"Est. reading time\" \/>\n\t<meta name=\"twitter:data1\" content=\"2 minutes\" \/>\n<script type=\"application\/ld+json\" class=\"yoast-schema-graph\">{\"@context\":\"https:\\\/\\\/schema.org\",\"@graph\":[{\"@type\":\"WebPage\",\"@id\":\"https:\\\/\\\/accesolatino.org\\\/revisa-si-tienes-multas-pendientes-en-california-y-como-pagarlas\\\/\",\"url\":\"https:\\\/\\\/accesolatino.org\\\/revisa-si-tienes-multas-pendientes-en-california-y-como-pagarlas\\\/\",\"name\":\"Revisa si tienes multas pendientes en California y c\u00f3mo pagarlas\",\"isPartOf\":{\"@id\":\"https:\\\/\\\/accesolatino.org\\\/#website\"},\"primaryImageOfPage\":{\"@id\":\"https:\\\/\\\/accesolatino.org\\\/revisa-si-tienes-multas-pendientes-en-california-y-como-pagarlas\\\/#primaryimage\"},\"image\":{\"@id\":\"https:\\\/\\\/accesolatino.org\\\/revisa-si-tienes-multas-pendientes-en-california-y-como-pagarlas\\\/#primaryimage\"},\"thumbnailUrl\":\"https:\\\/\\\/accesolatino.org\\\/wp-content\\\/uploads\\\/2020\\\/12\\\/Revisa-si-tienes-multas-pendientes-en-California-y-como-pagarlas.png\",\"datePublished\":\"2020-12-28T22:47:22+00:00\",\"dateModified\":\"2025-10-17T23:53:15+00:00\",\"description\":\"Revisa si tienes\u00a0multas\u00a0pendientes en California y c\u00f3mo pagarlas En la secci\u00f3n Licencias de conducir de Acceso Latino te ayuda...\",\"breadcrumb\":{\"@id\":\"https:\\\/\\\/accesolatino.org\\\/revisa-si-tienes-multas-pendientes-en-california-y-como-pagarlas\\\/#breadcrumb\"},\"inLanguage\":\"en-US\",\"potentialAction\":[{\"@type\":\"ReadAction\",\"target\":[\"https:\\\/\\\/accesolatino.org\\\/revisa-si-tienes-multas-pendientes-en-california-y-como-pagarlas\\\/\"]}]},{\"@type\":\"ImageObject\",\"inLanguage\":\"en-US\",\"@id\":\"https:\\\/\\\/accesolatino.org\\\/revisa-si-tienes-multas-pendientes-en-california-y-como-pagarlas\\\/#primaryimage\",\"url\":\"https:\\\/\\\/accesolatino.org\\\/wp-content\\\/uploads\\\/2020\\\/12\\\/Revisa-si-tienes-multas-pendientes-en-California-y-como-pagarlas.png\",\"contentUrl\":\"https:\\\/\\\/accesolatino.org\\\/wp-content\\\/uploads\\\/2020\\\/12\\\/Revisa-si-tienes-multas-pendientes-en-California-y-como-pagarlas.png\",\"width\":600,\"height\":338,\"caption\":\"multas\"},{\"@type\":\"BreadcrumbList\",\"@id\":\"https:\\\/\\\/accesolatino.org\\\/revisa-si-tienes-multas-pendientes-en-california-y-como-pagarlas\\\/#breadcrumb\",\"itemListElement\":[{\"@type\":\"ListItem\",\"position\":1,\"name\":\"Portada\",\"item\":\"https:\\\/\\\/accesolatino.org\\\/\"},{\"@type\":\"ListItem\",\"position\":2,\"name\":\"Revisa si tienes multas pendientes en California y c\u00f3mo pagarlas\"}]},{\"@type\":\"WebSite\",\"@id\":\"https:\\\/\\\/accesolatino.org\\\/#website\",\"url\":\"https:\\\/\\\/accesolatino.org\\\/\",\"name\":\"Acceso Latino | Fundaci\u00f3n Carlos Slim\",\"description\":\"Fundaci\u00f3n Carlos Slim\",\"publisher\":{\"@id\":\"https:\\\/\\\/accesolatino.org\\\/#organization\"},\"potentialAction\":[{\"@type\":\"SearchAction\",\"target\":{\"@type\":\"EntryPoint\",\"urlTemplate\":\"https:\\\/\\\/accesolatino.org\\\/?s={search_term_string}\"},\"query-input\":{\"@type\":\"PropertyValueSpecification\",\"valueRequired\":true,\"valueName\":\"search_term_string\"}}],\"inLanguage\":\"en-US\"},{\"@type\":\"Organization\",\"@id\":\"https:\\\/\\\/accesolatino.org\\\/#organization\",\"name\":\"Acceso Latino | Fundaci\u00f3n Carlos Slim\",\"url\":\"https:\\\/\\\/accesolatino.org\\\/\",\"logo\":{\"@type\":\"ImageObject\",\"inLanguage\":\"en-US\",\"@id\":\"https:\\\/\\\/accesolatino.org\\\/#\\\/schema\\\/logo\\\/image\\\/\",\"url\":\"https:\\\/\\\/accesolatino.org\\\/wp-content\\\/uploads\\\/2021\\\/02\\\/logo-footer-acceso-latino.png\",\"contentUrl\":\"https:\\\/\\\/accesolatino.org\\\/wp-content\\\/uploads\\\/2021\\\/02\\\/logo-footer-acceso-latino.png\",\"width\":240,\"height\":40,\"caption\":\"Acceso Latino | Fundaci\u00f3n Carlos Slim\"},\"image\":{\"@id\":\"https:\\\/\\\/accesolatino.org\\\/#\\\/schema\\\/logo\\\/image\\\/\"},\"sameAs\":[\"https:\\\/\\\/www.facebook.com\\\/AccesoLatinoOrg\",\"https:\\\/\\\/x.com\\\/FAccLatino\"]}]}<\/script>\n<!-- \/ Yoast SEO plugin. -->","yoast_head_json":{"title":"Check if you have outstanding fines in California and how to pay them.","description":"Revisa si tienes\u00a0multas\u00a0pendientes en California y c\u00f3mo pagarlas En la secci\u00f3n Licencias de conducir de Acceso Latino te ayuda...","robots":{"index":"index","follow":"follow","max-snippet":"max-snippet:-1","max-image-preview":"max-image-preview:large","max-video-preview":"max-video-preview:-1"},"canonical":"https:\/\/accesolatino.org\/en\/revisa-si-tienes-multas-pendientes-en-california-y-como-pagarlas\/","og_locale":"en_US","og_type":"article","og_title":"Acceso Latino | Revisa si tienes multas pendientes en California y c\u00f3mo pagarlas","og_description":"Conoce la documentaci\u00f3n requerida para tramitar una licencia en cada uno de los estados de USA","og_url":"https:\/\/accesolatino.org\/en\/revisa-si-tienes-multas-pendientes-en-california-y-como-pagarlas\/","og_site_name":"Acceso Latino","article_publisher":"https:\/\/www.facebook.com\/AccesoLatinoOrg","article_modified_time":"2025-10-17T23:53:15+00:00","og_image":[{"width":600,"height":338,"url":"https:\/\/accesolatino.org\/wp-content\/uploads\/2020\/12\/Revisa-si-tienes-multas-pendientes-en-California-y-como-pagarlas.png","type":"image\/png"}],"twitter_card":"summary_large_image","twitter_title":"Acceso Latino | Revisa si tienes multas pendientes en California y c\u00f3mo pagarlas","twitter_description":"Conoce la documentaci\u00f3n requerida para tramitar una licencia en cada uno de los estados de USA","twitter_image":"https:\/\/accesolatino.org\/wp-content\/uploads\/2020\/12\/Revisa-si-tienes-multas-pendientes-en-California-y-como-pagarlas.png","twitter_site":"@FAccLatino","twitter_misc":{"Est. reading time":"2 minutes"},"schema":{"@context":"https:\/\/schema.org","@graph":[{"@type":"WebPage","@id":"https:\/\/accesolatino.org\/revisa-si-tienes-multas-pendientes-en-california-y-como-pagarlas\/","url":"https:\/\/accesolatino.org\/revisa-si-tienes-multas-pendientes-en-california-y-como-pagarlas\/","name":"Check if you have outstanding fines in California and how to pay them.","isPartOf":{"@id":"https:\/\/accesolatino.org\/#website"},"primaryImageOfPage":{"@id":"https:\/\/accesolatino.org\/revisa-si-tienes-multas-pendientes-en-california-y-como-pagarlas\/#primaryimage"},"image":{"@id":"https:\/\/accesolatino.org\/revisa-si-tienes-multas-pendientes-en-california-y-como-pagarlas\/#primaryimage"},"thumbnailUrl":"https:\/\/accesolatino.org\/wp-content\/uploads\/2020\/12\/Revisa-si-tienes-multas-pendientes-en-California-y-como-pagarlas.png","datePublished":"2020-12-28T22:47:22+00:00","dateModified":"2025-10-17T23:53:15+00:00","description":"Revisa si tienes\u00a0multas\u00a0pendientes en California y c\u00f3mo pagarlas En la secci\u00f3n Licencias de conducir de Acceso Latino te ayuda...","breadcrumb":{"@id":"https:\/\/accesolatino.org\/revisa-si-tienes-multas-pendientes-en-california-y-como-pagarlas\/#breadcrumb"},"inLanguage":"en-US","potentialAction":[{"@type":"ReadAction","target":["https:\/\/accesolatino.org\/revisa-si-tienes-multas-pendientes-en-california-y-como-pagarlas\/"]}]},{"@type":"ImageObject","inLanguage":"en-US","@id":"https:\/\/accesolatino.org\/revisa-si-tienes-multas-pendientes-en-california-y-como-pagarlas\/#primaryimage","url":"https:\/\/accesolatino.org\/wp-content\/uploads\/2020\/12\/Revisa-si-tienes-multas-pendientes-en-California-y-como-pagarlas.png","contentUrl":"https:\/\/accesolatino.org\/wp-content\/uploads\/2020\/12\/Revisa-si-tienes-multas-pendientes-en-California-y-como-pagarlas.png","width":600,"height":338,"caption":"multas"},{"@type":"BreadcrumbList","@id":"https:\/\/accesolatino.org\/revisa-si-tienes-multas-pendientes-en-california-y-como-pagarlas\/#breadcrumb","itemListElement":[{"@type":"ListItem","position":1,"name":"Portada","item":"https:\/\/accesolatino.org\/"},{"@type":"ListItem","position":2,"name":"Revisa si tienes multas pendientes en California y c\u00f3mo pagarlas"}]},{"@type":"WebSite","@id":"https:\/\/accesolatino.org\/#website","url":"https:\/\/accesolatino.org\/","name":"Acceso Latino | Fundaci\u00f3n Carlos Slim","description":"Fundaci\u00f3n Carlos Slim","publisher":{"@id":"https:\/\/accesolatino.org\/#organization"},"potentialAction":[{"@type":"SearchAction","target":{"@type":"EntryPoint","urlTemplate":"https:\/\/accesolatino.org\/?s={search_term_string}"},"query-input":{"@type":"PropertyValueSpecification","valueRequired":true,"valueName":"search_term_string"}}],"inLanguage":"en-US"},{"@type":"Organization","@id":"https:\/\/accesolatino.org\/#organization","name":"Acceso Latino | Fundaci\u00f3n Carlos Slim","url":"https:\/\/accesolatino.org\/","logo":{"@type":"ImageObject","inLanguage":"en-US","@id":"https:\/\/accesolatino.org\/#\/schema\/logo\/image\/","url":"https:\/\/accesolatino.org\/wp-content\/uploads\/2021\/02\/logo-footer-acceso-latino.png","contentUrl":"https:\/\/accesolatino.org\/wp-content\/uploads\/2021\/02\/logo-footer-acceso-latino.png","width":240,"height":40,"caption":"Acceso Latino | Fundaci\u00f3n Carlos Slim"},"image":{"@id":"https:\/\/accesolatino.org\/#\/schema\/logo\/image\/"},"sameAs":["https:\/\/www.facebook.com\/AccesoLatinoOrg","https:\/\/x.com\/FAccLatino"]}]}},"_links":{"self":[{"href":"https:\/\/accesolatino.org\/en\/wp-json\/wp\/v2\/pages\/24897","targetHints":{"allow":["GET"]}}],"collection":[{"href":"https:\/\/accesolatino.org\/en\/wp-json\/wp\/v2\/pages"}],"about":[{"href":"https:\/\/accesolatino.org\/en\/wp-json\/wp\/v2\/types\/page"}],"author":[{"embeddable":true,"href":"https:\/\/accesolatino.org\/en\/wp-json\/wp\/v2\/users\/9"}],"replies":[{"embeddable":true,"href":"https:\/\/accesolatino.org\/en\/wp-json\/wp\/v2\/comments?post=24897"}],"version-history":[{"count":1,"href":"https:\/\/accesolatino.org\/en\/wp-json\/wp\/v2\/pages\/24897\/revisions"}],"predecessor-version":[{"id":64265,"href":"https:\/\/accesolatino.org\/en\/wp-json\/wp\/v2\/pages\/24897\/revisions\/64265"}],"wp:featuredmedia":[{"embeddable":true,"href":"https:\/\/accesolatino.org\/en\/wp-json\/wp\/v2\/media\/24899"}],"wp:attachment":[{"href":"https:\/\/accesolatino.org\/en\/wp-json\/wp\/v2\/media?parent=24897"}],"curies":[{"name":"wp","href":"https:\/\/api.w.org\/{rel}","templated":true}]}}