{"id":24819,"date":"2020-12-17T08:18:56","date_gmt":"2020-12-17T14:18:56","guid":{"rendered":"https:\/\/accesolatino.org\/?page_id=24819"},"modified":"2025-10-16T17:39:09","modified_gmt":"2025-10-16T23:39:09","slug":"conoce-khan-academy-y-sus-cursos-gratuitos-en-espanol","status":"publish","type":"page","link":"https:\/\/accesolatino.org\/en\/conoce-khan-academy-y-sus-cursos-gratuitos-en-espanol\/","title":{"rendered":"Get to know Khan Academy and its free courses in Spanish"},"content":{"rendered":"<div data-elementor-type=\"wp-post\" data-elementor-id=\"24819\" class=\"elementor elementor-24819\">\n\t\t\t\t\t\t<section class=\"elementor-section elementor-top-section elementor-element elementor-element-2c1b58a elementor-section-full_width elementor-section-height-min-height elementor-section-items-stretch elementor-section-height-default wpr-particle-no wpr-jarallax-no wpr-parallax-no wpr-sticky-section-no wpr-equal-height-no\" data-id=\"2c1b58a\" data-element_type=\"section\" data-e-type=\"section\" data-settings=\"{&quot;background_background&quot;:&quot;classic&quot;}\">\n\t\t\t\t\t\t<div class=\"elementor-container elementor-column-gap-no\">\n\t\t\t\t\t<div class=\"elementor-column elementor-col-100 elementor-top-column elementor-element elementor-element-a15de64\" data-id=\"a15de64\" data-element_type=\"column\" data-e-type=\"column\">\n\t\t\t<div class=\"elementor-widget-wrap elementor-element-populated\">\n\t\t\t\t\t\t<div class=\"elementor-element elementor-element-2b9b594 elementor--h-position-center elementor--v-position-middle elementor-widget elementor-widget-slides\" data-id=\"2b9b594\" data-element_type=\"widget\" data-e-type=\"widget\" data-settings=\"{&quot;navigation&quot;:&quot;none&quot;,&quot;infinite&quot;:&quot;yes&quot;,&quot;transition&quot;:&quot;slide&quot;,&quot;transition_speed&quot;:500}\" data-widget_type=\"slides.default\">\n\t\t\t\t<div class=\"elementor-widget-container\">\n\t\t\t\t\t\t\t<div class=\"elementor-swiper\">\n\t\t\t<div class=\"elementor-slides-wrapper elementor-main-swiper swiper-container\" dir=\"ltr\" data-animation=\"\">\n\t\t\t\t<div class=\"swiper-wrapper elementor-slides\">\n\t\t\t\t\t\t\t\t\t\t<div class=\"elementor-repeater-item-d983a28 swiper-slide\"><div class=\"swiper-slide-bg\"><\/div><div class=\"swiper-slide-inner\" ><div class=\"swiper-slide-contents\"><div class=\"elementor-slide-heading\">Education<\/div><\/div><\/div><\/div>\t\t\t\t<\/div>\n\t\t\t\t\t\t\t<\/div>\n\t\t<\/div>\n\t\t\t\t\t\t<\/div>\n\t\t\t\t<\/div>\n\t\t\t\t\t<\/div>\n\t\t<\/div>\n\t\t\t\t\t<\/div>\n\t\t<\/section>\n\t\t\t\t<section class=\"elementor-section elementor-top-section elementor-element elementor-element-544a994 elementor-section-stretched elementor-section-boxed elementor-section-height-default elementor-section-height-default wpr-particle-no wpr-jarallax-no wpr-parallax-no wpr-sticky-section-no wpr-equal-height-no\" data-id=\"544a994\" data-element_type=\"section\" data-e-type=\"section\" data-settings=\"{&quot;stretch_section&quot;:&quot;section-stretched&quot;,&quot;background_background&quot;:&quot;classic&quot;}\">\n\t\t\t\t\t\t<div class=\"elementor-container elementor-column-gap-default\">\n\t\t\t\t\t<div class=\"elementor-column elementor-col-100 elementor-top-column elementor-element elementor-element-e8e4953\" data-id=\"e8e4953\" data-element_type=\"column\" data-e-type=\"column\">\n\t\t\t<div class=\"elementor-widget-wrap elementor-element-populated\">\n\t\t\t\t\t\t<div class=\"elementor-element elementor-element-0c570d6 elementor-widget elementor-widget-heading\" data-id=\"0c570d6\" data-element_type=\"widget\" data-e-type=\"widget\" data-widget_type=\"heading.default\">\n\t\t\t\t<div class=\"elementor-widget-container\">\n\t\t\t\t\t<h3 class=\"elementor-heading-title elementor-size-default\">Get to know Khan Academy and its free courses in Spanish<\/h3>\t\t\t\t<\/div>\n\t\t\t\t<\/div>\n\t\t\t\t<div class=\"elementor-element elementor-element-a3f41c8 elementor-widget elementor-widget-text-editor\" data-id=\"a3f41c8\" data-element_type=\"widget\" data-e-type=\"widget\" data-widget_type=\"text-editor.default\">\n\t\t\t\t<div class=\"elementor-widget-container\">\n\t\t\t\t\t\t\t\t\t<p align=\"justify\"><span style=\"font-family: Arial, serif;\"><span style=\"font-size: medium;\"><b>Acceso Latino <\/b><\/span><\/span><span style=\"font-family: Arial, serif;\"><span style=\"font-size: medium;\">cuenta en su secci\u00f3n <\/span><\/span><span style=\"color: #0563c1;\"><u><a href=\"https:\/\/accesolatino.org\/en\/educacion\/\"><span style=\"font-family: Arial, serif;\"><span style=\"font-size: medium;\">Education<\/span><\/span><\/a><\/u><\/span><span style=\"font-family: Arial, serif;\"><span style=\"font-size: medium;\"> con muchos recursos para que desde casa todos puedan aprender. <\/span><\/span><\/p><p align=\"justify\"><span style=\"font-family: Arial, serif;\"><span style=\"font-size: medium;\">imparte cursos gratuitos de matem\u00e1ticas, ciencia, econom\u00eda y finanzas, y computaci\u00f3n, para cualquier persona, no importando d\u00f3nde viva.<\/span><\/span><\/p><p align=\"justify\"><span style=\"font-family: Arial, serif;\"><span style=\"font-size: medium;\">Lo primero que tienes que hacer para poder acceder a todos los cursos es crear una cuenta. Debes especificar si eres estudiante, maestro o padre de familia. Una vez ya con tu cuenta, puedes explorar todas las opciones que ofrece. <\/span><\/span><\/p><p align=\"justify\"><span style=\"font-family: Arial, serif;\"><span style=\"font-size: medium;\">Algunos de los m\u00f3dulos que ver\u00e1s en cada curso son:<\/span><\/span><\/p><ul><li><span style=\"font-family: Arial, serif;\"><span style=\"font-size: medium;\"><b>Matem\u00e1ticas:<\/b><\/span><\/span> <span style=\"font-family: Arial, serif;\"><span style=\"font-size: medium;\">matem\u00e1ticas elementales, aritm\u00e9tica, pre\u00e1lgebra, geometr\u00eda b\u00e1sica, estad\u00edstica y probabilidad, entre otros.<\/span><\/span><\/li><li><span style=\"font-family: Arial, serif;\"><span style=\"font-size: medium;\"><b>Ciencia:<\/b><\/span><\/span><span style=\"font-family: Arial, serif;\"><span style=\"font-size: medium;\"> lecciones de biolog\u00eda, f\u00edsica y qu\u00edmica, cosmolog\u00eda y astronom\u00eda, ingenier\u00eda el\u00e9ctrica, etc.<\/span><\/span><\/li><li><span style=\"font-family: Arial, serif;\"><span style=\"font-size: medium;\"><b>Econom\u00eda y finanzas:<\/b><\/span><\/span><span style=\"font-family: Arial, serif;\"><span style=\"font-size: medium;\"> microeconom\u00eda, mercados financieros y de capitales, esp\u00edritu emprendedor y macroeconom\u00eda.<\/span><\/span><\/li><li><span style=\"font-family: Arial, serif;\"><span style=\"font-size: medium;\"><b>Computaci\u00f3n:<\/b><\/span><\/span><span style=\"font-family: Arial, serif;\"><span style=\"font-size: medium;\"> programaci\u00f3n de computadoras, ciencias de la computaci\u00f3n, la hora de c\u00f3digo y principios de ciencias de la computaci\u00f3n avanzados. <\/span><\/span><\/li><\/ul><p align=\"justify\"><span style=\"font-family: Arial, serif;\"><span style=\"font-size: medium;\">Para que te sea m\u00e1s f\u00e1cil continuar con tu aprendizaje, Khan Academy tiene a su disposici\u00f3n una app, tanto en iOS como en Android. <\/span><\/span><\/p><p align=\"justify\"><span style=\"font-family: Arial, serif;\"><span style=\"font-size: medium;\">En cuanto a los maestros, da un curso sobre mentalidad de crecimiento en tu clase, adem\u00e1s de un desaf\u00edo para poner aprueba tus habilidades.<\/span><\/span><\/p><p align=\"justify\"><span style=\"font-family: Arial, serif;\"><span style=\"font-size: medium;\">Esta plataforma cuenta con el respaldo de patrocinadores como Bank of America, Bill &amp; Melinda Gates Foundation, Google.org, entre otros.<\/span><\/span><\/p>\t\t\t\t\t\t\t\t<\/div>\n\t\t\t\t<\/div>\n\t\t\t\t<div class=\"elementor-element elementor-element-56ad69f elementor-widget elementor-widget-spacer\" data-id=\"56ad69f\" data-element_type=\"widget\" data-e-type=\"widget\" data-widget_type=\"spacer.default\">\n\t\t\t\t<div class=\"elementor-widget-container\">\n\t\t\t\t\t\t\t<div class=\"elementor-spacer\">\n\t\t\t<div class=\"elementor-spacer-inner\"><\/div>\n\t\t<\/div>\n\t\t\t\t\t\t<\/div>\n\t\t\t\t<\/div>\n\t\t\t\t\t<\/div>\n\t\t<\/div>\n\t\t\t\t\t<\/div>\n\t\t<\/section>\n\t\t\t\t<\/div>","protected":false},"excerpt":{"rendered":"<p>Educaci\u00f3n Conoce Khan Academy y sus cursos gratuitos en espa\u00f1ol Acceso Latino cuenta en su secci\u00f3n Educaci\u00f3n con muchos recursos para que desde casa todos puedan aprender. imparte cursos gratuitos de matem\u00e1ticas, ciencia, econom\u00eda y finanzas, y computaci\u00f3n, para cualquier persona, no importando d\u00f3nde viva. Lo primero que tienes que hacer para poder acceder a todos los cursos es crear una cuenta. Debes especificar si eres estudiante, maestro o padre de familia. Una vez ya con tu cuenta, puedes explorar todas las opciones que ofrece. Algunos de los m\u00f3dulos que ver\u00e1s en cada curso son: Matem\u00e1ticas: matem\u00e1ticas elementales, aritm\u00e9tica, pre\u00e1lgebra, geometr\u00eda b\u00e1sica, estad\u00edstica y probabilidad, entre otros. Ciencia: lecciones de biolog\u00eda, f\u00edsica y qu\u00edmica, cosmolog\u00eda y astronom\u00eda, ingenier\u00eda el\u00e9ctrica, etc. Econom\u00eda y finanzas: microeconom\u00eda, mercados financieros y de capitales, esp\u00edritu emprendedor y macroeconom\u00eda. Computaci\u00f3n: programaci\u00f3n de computadoras, ciencias de la computaci\u00f3n, la hora de c\u00f3digo y principios de ciencias de la computaci\u00f3n avanzados. Para que te sea m\u00e1s f\u00e1cil continuar con tu aprendizaje, Khan Academy tiene a su disposici\u00f3n una app, tanto en iOS como en Android. En cuanto a los maestros, da un curso sobre mentalidad de crecimiento en tu clase, adem\u00e1s de un desaf\u00edo para poner aprueba tus habilidades. Esta plataforma cuenta con el respaldo de patrocinadores como Bank of America, Bill &amp; Melinda Gates Foundation, Google.org, entre otros.<\/p>","protected":false},"author":7,"featured_media":24821,"parent":0,"menu_order":0,"comment_status":"closed","ping_status":"closed","template":"elementor_header_footer","meta":{"_uf_show_specific_survey":0,"_uf_disable_surveys":false,"footnotes":""},"class_list":["post-24819","page","type-page","status-publish","has-post-thumbnail"],"aioseo_notices":[],"yoast_head":"<!-- This site is optimized with the Yoast SEO plugin v27.5 - https:\/\/yoast.com\/product\/yoast-seo-wordpress\/ -->\n<title>Conoce Khan Academy y sus cursos gratuitos en espa\u00f1ol<\/title>\n<meta name=\"description\" content=\"Conoce Khan Academy y sus cursos gratuitos en espa\u00f1ol Acceso Latino cuenta en su secci\u00f3n Educaci\u00f3n con muchos recursos para que desde casa\" \/>\n<meta name=\"robots\" content=\"index, follow, max-snippet:-1, max-image-preview:large, max-video-preview:-1\" \/>\n<link rel=\"canonical\" href=\"https:\/\/accesolatino.org\/en\/conoce-khan-academy-y-sus-cursos-gratuitos-en-espanol\/\" \/>\n<meta property=\"og:locale\" content=\"en_US\" \/>\n<meta property=\"og:type\" content=\"article\" \/>\n<meta property=\"og:title\" content=\"Acceso Latino | Conoce Khan Academy y sus cursos gratuitos en espa\u00f1ol\" \/>\n<meta property=\"og:description\" content=\"Conoce Khan Academy y sus cursos gratuitos en espa\u00f1ol\" \/>\n<meta property=\"og:url\" content=\"https:\/\/accesolatino.org\/en\/conoce-khan-academy-y-sus-cursos-gratuitos-en-espanol\/\" \/>\n<meta property=\"og:site_name\" content=\"Acceso Latino\" \/>\n<meta property=\"article:publisher\" content=\"https:\/\/www.facebook.com\/AccesoLatinoOrg\" \/>\n<meta property=\"article:modified_time\" content=\"2025-10-16T23:39:09+00:00\" \/>\n<meta property=\"og:image\" content=\"https:\/\/accesolatino.org\/wp-content\/uploads\/2020\/12\/Conoce-Khan-Academy-y-sus-cursos-gratuitos-en-espanol.png\" \/>\n\t<meta property=\"og:image:width\" content=\"600\" \/>\n\t<meta property=\"og:image:height\" content=\"338\" \/>\n\t<meta property=\"og:image:type\" content=\"image\/png\" \/>\n<meta name=\"twitter:card\" content=\"summary_large_image\" \/>\n<meta name=\"twitter:title\" content=\"Acceso Latino | Conoce Khan Academy y sus cursos gratuitos en espa\u00f1ol\" \/>\n<meta name=\"twitter:description\" content=\"Conoce Khan Academy y sus cursos gratuitos en espa\u00f1ol\" \/>\n<meta name=\"twitter:image\" content=\"https:\/\/accesolatino.org\/wp-content\/uploads\/2020\/12\/Conoce-Khan-Academy-y-sus-cursos-gratuitos-en-espanol.png\" \/>\n<meta name=\"twitter:site\" content=\"@FAccLatino\" \/>\n<meta name=\"twitter:label1\" content=\"Est. reading time\" \/>\n\t<meta name=\"twitter:data1\" content=\"2 minutes\" \/>\n<script type=\"application\/ld+json\" class=\"yoast-schema-graph\">{\"@context\":\"https:\\\/\\\/schema.org\",\"@graph\":[{\"@type\":\"WebPage\",\"@id\":\"https:\\\/\\\/accesolatino.org\\\/en\\\/conoce-khan-academy-y-sus-cursos-gratuitos-en-espanol\\\/\",\"url\":\"https:\\\/\\\/accesolatino.org\\\/en\\\/conoce-khan-academy-y-sus-cursos-gratuitos-en-espanol\\\/\",\"name\":\"Conoce Khan Academy y sus cursos gratuitos en espa\u00f1ol\",\"isPartOf\":{\"@id\":\"https:\\\/\\\/accesolatino.org\\\/#website\"},\"primaryImageOfPage\":{\"@id\":\"https:\\\/\\\/accesolatino.org\\\/en\\\/conoce-khan-academy-y-sus-cursos-gratuitos-en-espanol\\\/#primaryimage\"},\"image\":{\"@id\":\"https:\\\/\\\/accesolatino.org\\\/en\\\/conoce-khan-academy-y-sus-cursos-gratuitos-en-espanol\\\/#primaryimage\"},\"thumbnailUrl\":\"https:\\\/\\\/accesolatino.org\\\/wp-content\\\/uploads\\\/2020\\\/12\\\/Conoce-Khan-Academy-y-sus-cursos-gratuitos-en-espanol.png\",\"datePublished\":\"2020-12-17T14:18:56+00:00\",\"dateModified\":\"2025-10-16T23:39:09+00:00\",\"description\":\"Conoce Khan Academy y sus cursos gratuitos en espa\u00f1ol Acceso Latino cuenta en su secci\u00f3n Educaci\u00f3n con muchos recursos para que desde casa\",\"breadcrumb\":{\"@id\":\"https:\\\/\\\/accesolatino.org\\\/en\\\/conoce-khan-academy-y-sus-cursos-gratuitos-en-espanol\\\/#breadcrumb\"},\"inLanguage\":\"en-US\",\"potentialAction\":[{\"@type\":\"ReadAction\",\"target\":[\"https:\\\/\\\/accesolatino.org\\\/en\\\/conoce-khan-academy-y-sus-cursos-gratuitos-en-espanol\\\/\"]}]},{\"@type\":\"ImageObject\",\"inLanguage\":\"en-US\",\"@id\":\"https:\\\/\\\/accesolatino.org\\\/en\\\/conoce-khan-academy-y-sus-cursos-gratuitos-en-espanol\\\/#primaryimage\",\"url\":\"https:\\\/\\\/accesolatino.org\\\/wp-content\\\/uploads\\\/2020\\\/12\\\/Conoce-Khan-Academy-y-sus-cursos-gratuitos-en-espanol.png\",\"contentUrl\":\"https:\\\/\\\/accesolatino.org\\\/wp-content\\\/uploads\\\/2020\\\/12\\\/Conoce-Khan-Academy-y-sus-cursos-gratuitos-en-espanol.png\",\"width\":600,\"height\":338,\"caption\":\"Khan Academy\"},{\"@type\":\"BreadcrumbList\",\"@id\":\"https:\\\/\\\/accesolatino.org\\\/en\\\/conoce-khan-academy-y-sus-cursos-gratuitos-en-espanol\\\/#breadcrumb\",\"itemListElement\":[{\"@type\":\"ListItem\",\"position\":1,\"name\":\"Portada\",\"item\":\"https:\\\/\\\/accesolatino.org\\\/\"},{\"@type\":\"ListItem\",\"position\":2,\"name\":\"Conoce Khan Academy y sus cursos gratuitos en espa\u00f1ol\"}]},{\"@type\":\"WebSite\",\"@id\":\"https:\\\/\\\/accesolatino.org\\\/#website\",\"url\":\"https:\\\/\\\/accesolatino.org\\\/\",\"name\":\"Acceso Latino | Fundaci\u00f3n Carlos Slim\",\"description\":\"Fundaci\u00f3n Carlos Slim\",\"publisher\":{\"@id\":\"https:\\\/\\\/accesolatino.org\\\/#organization\"},\"potentialAction\":[{\"@type\":\"SearchAction\",\"target\":{\"@type\":\"EntryPoint\",\"urlTemplate\":\"https:\\\/\\\/accesolatino.org\\\/?s={search_term_string}\"},\"query-input\":{\"@type\":\"PropertyValueSpecification\",\"valueRequired\":true,\"valueName\":\"search_term_string\"}}],\"inLanguage\":\"en-US\"},{\"@type\":\"Organization\",\"@id\":\"https:\\\/\\\/accesolatino.org\\\/#organization\",\"name\":\"Acceso Latino | Fundaci\u00f3n Carlos Slim\",\"url\":\"https:\\\/\\\/accesolatino.org\\\/\",\"logo\":{\"@type\":\"ImageObject\",\"inLanguage\":\"en-US\",\"@id\":\"https:\\\/\\\/accesolatino.org\\\/#\\\/schema\\\/logo\\\/image\\\/\",\"url\":\"https:\\\/\\\/accesolatino.org\\\/wp-content\\\/uploads\\\/2021\\\/02\\\/logo-footer-acceso-latino.png\",\"contentUrl\":\"https:\\\/\\\/accesolatino.org\\\/wp-content\\\/uploads\\\/2021\\\/02\\\/logo-footer-acceso-latino.png\",\"width\":240,\"height\":40,\"caption\":\"Acceso Latino | Fundaci\u00f3n Carlos Slim\"},\"image\":{\"@id\":\"https:\\\/\\\/accesolatino.org\\\/#\\\/schema\\\/logo\\\/image\\\/\"},\"sameAs\":[\"https:\\\/\\\/www.facebook.com\\\/AccesoLatinoOrg\",\"https:\\\/\\\/x.com\\\/FAccLatino\"]}]}<\/script>\n<!-- \/ Yoast SEO plugin. -->","yoast_head_json":{"title":"Get to know Khan Academy and its free courses in Spanish","description":"Conoce Khan Academy y sus cursos gratuitos en espa\u00f1ol Acceso Latino cuenta en su secci\u00f3n Educaci\u00f3n con muchos recursos para que desde casa","robots":{"index":"index","follow":"follow","max-snippet":"max-snippet:-1","max-image-preview":"max-image-preview:large","max-video-preview":"max-video-preview:-1"},"canonical":"https:\/\/accesolatino.org\/en\/conoce-khan-academy-y-sus-cursos-gratuitos-en-espanol\/","og_locale":"en_US","og_type":"article","og_title":"Acceso Latino | Conoce Khan Academy y sus cursos gratuitos en espa\u00f1ol","og_description":"Conoce Khan Academy y sus cursos gratuitos en espa\u00f1ol","og_url":"https:\/\/accesolatino.org\/en\/conoce-khan-academy-y-sus-cursos-gratuitos-en-espanol\/","og_site_name":"Acceso Latino","article_publisher":"https:\/\/www.facebook.com\/AccesoLatinoOrg","article_modified_time":"2025-10-16T23:39:09+00:00","og_image":[{"width":600,"height":338,"url":"https:\/\/accesolatino.org\/wp-content\/uploads\/2020\/12\/Conoce-Khan-Academy-y-sus-cursos-gratuitos-en-espanol.png","type":"image\/png"}],"twitter_card":"summary_large_image","twitter_title":"Acceso Latino | Conoce Khan Academy y sus cursos gratuitos en espa\u00f1ol","twitter_description":"Conoce Khan Academy y sus cursos gratuitos en espa\u00f1ol","twitter_image":"https:\/\/accesolatino.org\/wp-content\/uploads\/2020\/12\/Conoce-Khan-Academy-y-sus-cursos-gratuitos-en-espanol.png","twitter_site":"@FAccLatino","twitter_misc":{"Est. reading time":"2 minutes"},"schema":{"@context":"https:\/\/schema.org","@graph":[{"@type":"WebPage","@id":"https:\/\/accesolatino.org\/en\/conoce-khan-academy-y-sus-cursos-gratuitos-en-espanol\/","url":"https:\/\/accesolatino.org\/en\/conoce-khan-academy-y-sus-cursos-gratuitos-en-espanol\/","name":"Get to know Khan Academy and its free courses in Spanish","isPartOf":{"@id":"https:\/\/accesolatino.org\/#website"},"primaryImageOfPage":{"@id":"https:\/\/accesolatino.org\/en\/conoce-khan-academy-y-sus-cursos-gratuitos-en-espanol\/#primaryimage"},"image":{"@id":"https:\/\/accesolatino.org\/en\/conoce-khan-academy-y-sus-cursos-gratuitos-en-espanol\/#primaryimage"},"thumbnailUrl":"https:\/\/accesolatino.org\/wp-content\/uploads\/2020\/12\/Conoce-Khan-Academy-y-sus-cursos-gratuitos-en-espanol.png","datePublished":"2020-12-17T14:18:56+00:00","dateModified":"2025-10-16T23:39:09+00:00","description":"Conoce Khan Academy y sus cursos gratuitos en espa\u00f1ol Acceso Latino cuenta en su secci\u00f3n Educaci\u00f3n con muchos recursos para que desde casa","breadcrumb":{"@id":"https:\/\/accesolatino.org\/en\/conoce-khan-academy-y-sus-cursos-gratuitos-en-espanol\/#breadcrumb"},"inLanguage":"en-US","potentialAction":[{"@type":"ReadAction","target":["https:\/\/accesolatino.org\/en\/conoce-khan-academy-y-sus-cursos-gratuitos-en-espanol\/"]}]},{"@type":"ImageObject","inLanguage":"en-US","@id":"https:\/\/accesolatino.org\/en\/conoce-khan-academy-y-sus-cursos-gratuitos-en-espanol\/#primaryimage","url":"https:\/\/accesolatino.org\/wp-content\/uploads\/2020\/12\/Conoce-Khan-Academy-y-sus-cursos-gratuitos-en-espanol.png","contentUrl":"https:\/\/accesolatino.org\/wp-content\/uploads\/2020\/12\/Conoce-Khan-Academy-y-sus-cursos-gratuitos-en-espanol.png","width":600,"height":338,"caption":"Khan Academy"},{"@type":"BreadcrumbList","@id":"https:\/\/accesolatino.org\/en\/conoce-khan-academy-y-sus-cursos-gratuitos-en-espanol\/#breadcrumb","itemListElement":[{"@type":"ListItem","position":1,"name":"Portada","item":"https:\/\/accesolatino.org\/"},{"@type":"ListItem","position":2,"name":"Conoce Khan Academy y sus cursos gratuitos en espa\u00f1ol"}]},{"@type":"WebSite","@id":"https:\/\/accesolatino.org\/#website","url":"https:\/\/accesolatino.org\/","name":"Acceso Latino | Fundaci\u00f3n Carlos Slim","description":"Fundaci\u00f3n Carlos Slim","publisher":{"@id":"https:\/\/accesolatino.org\/#organization"},"potentialAction":[{"@type":"SearchAction","target":{"@type":"EntryPoint","urlTemplate":"https:\/\/accesolatino.org\/?s={search_term_string}"},"query-input":{"@type":"PropertyValueSpecification","valueRequired":true,"valueName":"search_term_string"}}],"inLanguage":"en-US"},{"@type":"Organization","@id":"https:\/\/accesolatino.org\/#organization","name":"Acceso Latino | Fundaci\u00f3n Carlos Slim","url":"https:\/\/accesolatino.org\/","logo":{"@type":"ImageObject","inLanguage":"en-US","@id":"https:\/\/accesolatino.org\/#\/schema\/logo\/image\/","url":"https:\/\/accesolatino.org\/wp-content\/uploads\/2021\/02\/logo-footer-acceso-latino.png","contentUrl":"https:\/\/accesolatino.org\/wp-content\/uploads\/2021\/02\/logo-footer-acceso-latino.png","width":240,"height":40,"caption":"Acceso Latino | Fundaci\u00f3n Carlos Slim"},"image":{"@id":"https:\/\/accesolatino.org\/#\/schema\/logo\/image\/"},"sameAs":["https:\/\/www.facebook.com\/AccesoLatinoOrg","https:\/\/x.com\/FAccLatino"]}]}},"_links":{"self":[{"href":"https:\/\/accesolatino.org\/en\/wp-json\/wp\/v2\/pages\/24819","targetHints":{"allow":["GET"]}}],"collection":[{"href":"https:\/\/accesolatino.org\/en\/wp-json\/wp\/v2\/pages"}],"about":[{"href":"https:\/\/accesolatino.org\/en\/wp-json\/wp\/v2\/types\/page"}],"author":[{"embeddable":true,"href":"https:\/\/accesolatino.org\/en\/wp-json\/wp\/v2\/users\/7"}],"replies":[{"embeddable":true,"href":"https:\/\/accesolatino.org\/en\/wp-json\/wp\/v2\/comments?post=24819"}],"version-history":[{"count":1,"href":"https:\/\/accesolatino.org\/en\/wp-json\/wp\/v2\/pages\/24819\/revisions"}],"predecessor-version":[{"id":64176,"href":"https:\/\/accesolatino.org\/en\/wp-json\/wp\/v2\/pages\/24819\/revisions\/64176"}],"wp:featuredmedia":[{"embeddable":true,"href":"https:\/\/accesolatino.org\/en\/wp-json\/wp\/v2\/media\/24821"}],"wp:attachment":[{"href":"https:\/\/accesolatino.org\/en\/wp-json\/wp\/v2\/media?parent=24819"}],"curies":[{"name":"wp","href":"https:\/\/api.w.org\/{rel}","templated":true}]}}