{"id":24753,"date":"2020-12-16T08:09:41","date_gmt":"2020-12-16T14:09:41","guid":{"rendered":"https:\/\/accesolatino.org\/?page_id=24753"},"modified":"2025-10-16T16:55:18","modified_gmt":"2025-10-16T22:55:18","slug":"hispanic-jobs-com-ofrece-empleos-para-jovenes-bilingues","status":"publish","type":"page","link":"https:\/\/accesolatino.org\/en\/buscas-empleo\/hispanic-jobs-com-ofrece-empleos-para-jovenes-bilingues\/","title":{"rendered":"Hispanic-Jobs.com offers jobs for young bilinguals"},"content":{"rendered":"<div data-elementor-type=\"wp-post\" data-elementor-id=\"24753\" class=\"elementor elementor-24753\">\n\t\t\t\t\t\t<section class=\"elementor-section elementor-top-section elementor-element elementor-element-41cfcdc elementor-section-full_width elementor-section-height-min-height elementor-section-items-stretch elementor-section-height-default wpr-particle-no wpr-jarallax-no wpr-parallax-no wpr-sticky-section-no wpr-equal-height-no\" data-id=\"41cfcdc\" data-element_type=\"section\" data-e-type=\"section\" data-settings=\"{&quot;background_background&quot;:&quot;classic&quot;}\">\n\t\t\t\t\t\t<div class=\"elementor-container elementor-column-gap-no\">\n\t\t\t\t\t<div class=\"elementor-column elementor-col-100 elementor-top-column elementor-element elementor-element-b0d0437\" data-id=\"b0d0437\" data-element_type=\"column\" data-e-type=\"column\">\n\t\t\t<div class=\"elementor-widget-wrap elementor-element-populated\">\n\t\t\t\t\t\t<div class=\"elementor-element elementor-element-d9ddee5 elementor--h-position-center elementor--v-position-middle elementor-widget elementor-widget-slides\" data-id=\"d9ddee5\" data-element_type=\"widget\" data-e-type=\"widget\" data-settings=\"{&quot;navigation&quot;:&quot;none&quot;,&quot;infinite&quot;:&quot;yes&quot;,&quot;transition&quot;:&quot;slide&quot;,&quot;transition_speed&quot;:500}\" data-widget_type=\"slides.default\">\n\t\t\t\t<div class=\"elementor-widget-container\">\n\t\t\t\t\t\t\t<div class=\"elementor-swiper\">\n\t\t\t<div class=\"elementor-slides-wrapper elementor-main-swiper swiper-container\" dir=\"ltr\" data-animation=\"\">\n\t\t\t\t<div class=\"swiper-wrapper elementor-slides\">\n\t\t\t\t\t\t\t\t\t\t<div class=\"elementor-repeater-item-d983a28 swiper-slide\"><div class=\"swiper-slide-bg\"><\/div><div class=\"swiper-slide-inner\" ><div class=\"swiper-slide-contents\"><div class=\"elementor-slide-heading\">Looking for a job?<\/div><\/div><\/div><\/div>\t\t\t\t<\/div>\n\t\t\t\t\t\t\t<\/div>\n\t\t<\/div>\n\t\t\t\t\t\t<\/div>\n\t\t\t\t<\/div>\n\t\t\t\t\t<\/div>\n\t\t<\/div>\n\t\t\t\t\t<\/div>\n\t\t<\/section>\n\t\t\t\t<section class=\"elementor-section elementor-top-section elementor-element elementor-element-ecf4c13 elementor-section-stretched elementor-section-boxed elementor-section-height-default elementor-section-height-default wpr-particle-no wpr-jarallax-no wpr-parallax-no wpr-sticky-section-no wpr-equal-height-no\" data-id=\"ecf4c13\" data-element_type=\"section\" data-e-type=\"section\" data-settings=\"{&quot;stretch_section&quot;:&quot;section-stretched&quot;,&quot;background_background&quot;:&quot;classic&quot;}\">\n\t\t\t\t\t\t<div class=\"elementor-container elementor-column-gap-default\">\n\t\t\t\t\t<div class=\"elementor-column elementor-col-100 elementor-top-column elementor-element elementor-element-37bd85d\" data-id=\"37bd85d\" data-element_type=\"column\" data-e-type=\"column\">\n\t\t\t<div class=\"elementor-widget-wrap elementor-element-populated\">\n\t\t\t\t\t\t<div class=\"elementor-element elementor-element-4a833b2 elementor-widget elementor-widget-heading\" data-id=\"4a833b2\" data-element_type=\"widget\" data-e-type=\"widget\" data-widget_type=\"heading.default\">\n\t\t\t\t<div class=\"elementor-widget-container\">\n\t\t\t\t\t<h3 class=\"elementor-heading-title elementor-size-default\">Hispanic-Jobs.com offers jobs for young bilinguals<\/h3>\t\t\t\t<\/div>\n\t\t\t\t<\/div>\n\t\t\t\t<div class=\"elementor-element elementor-element-ec66552 elementor-widget elementor-widget-text-editor\" data-id=\"ec66552\" data-element_type=\"widget\" data-e-type=\"widget\" data-widget_type=\"text-editor.default\">\n\t\t\t\t<div class=\"elementor-widget-container\">\n\t\t\t\t\t\t\t\t\tIn the section <a href=\"\/en\/buscas-empleo\/\">Buscas Empleo<\/a> Acceso Latino est\u00e1 disponible la tarjeta <b>Bolsas de Empleo en EU<\/b>, donde hay distintos buscadores que se pueden adecuar al trabajo que deseas tener. \n\n<br><br>Uno de estos es <a href=\"http:\/\/www.hispanic-jobs.com\/\">Hispanic-Jobs.com<\/a><\/u>, fundado en 2004 por un profesional de Recursos Humanos, y es el sitio para empleadores que buscan talento biling\u00fce en todo el pa\u00eds. <br><br>\nCrea una cuenta para buscar por compa\u00f1\u00eda, empleo, demandante de empleo, categor\u00eda y estado. \nAl buscar, saldr\u00e1 una lista con la fecha en la que se poste\u00f3, t\u00edtulo del puesto, compa\u00f1\u00eda y ubicaci\u00f3n. <br><br>Una vez elegido, se desplegar\u00e1 informaci\u00f3n sobre la compa\u00f1\u00eda, el puesto, categor\u00eda, responsabilidades, habilidades y cualidades necesarias, tipo de empleo, rango del sueldo, escolaridad, experiencia laboral, direcci\u00f3n, c\u00f3digo postal y fecha de posteo. <br><br>Para poder aplicar, necesitar\u00e1s crear una cuenta, subir tu Curr\u00edculum Vitae y solicitar directamente con la empresa interesada, ya que dentro de Hispanic-Jobs.com no se puede hacer. \n<br><br>Por su parte, si buscas contratar, puedes hacerlo al crear una cuenta y subir el puesto que buscas ocupar, con la opci\u00f3n de modificar el anuncio las veces que sean necesarias en un periodo de 60 d\u00edas. <br><br>\nPara m\u00e1s informaci\u00f3n, dale clic al enlace que est\u00e1 al principio de la nota. <br><br>La p\u00e1gina se encuentra s\u00f3lo en ingl\u00e9s y para Estados Unidos.\t\t\t\t\t\t\t\t<\/div>\n\t\t\t\t<\/div>\n\t\t\t\t<div class=\"elementor-element elementor-element-dbb922f elementor-widget elementor-widget-spacer\" data-id=\"dbb922f\" data-element_type=\"widget\" data-e-type=\"widget\" data-widget_type=\"spacer.default\">\n\t\t\t\t<div class=\"elementor-widget-container\">\n\t\t\t\t\t\t\t<div class=\"elementor-spacer\">\n\t\t\t<div class=\"elementor-spacer-inner\"><\/div>\n\t\t<\/div>\n\t\t\t\t\t\t<\/div>\n\t\t\t\t<\/div>\n\t\t\t\t\t<\/div>\n\t\t<\/div>\n\t\t\t\t\t<\/div>\n\t\t<\/section>\n\t\t\t\t<\/div>","protected":false},"excerpt":{"rendered":"<p>\u00bfBuscas empleo? Hispanic-Jobs.com ofrece empleos para j\u00f3venes biling\u00fces En la secci\u00f3n Buscas Empleo Acceso Latino est\u00e1 disponible la tarjeta Bolsas de Empleo en EU, donde hay distintos buscadores que se pueden adecuar al trabajo que deseas tener. Uno de estos es Hispanic-Jobs.com, fundado en 2004 por un profesional de Recursos Humanos, y es el sitio para empleadores que buscan talento biling\u00fce en todo el pa\u00eds. Crea una cuenta para buscar por compa\u00f1\u00eda, empleo, demandante de empleo, categor\u00eda y estado. Al buscar, saldr\u00e1 una lista con la fecha en la que se poste\u00f3, t\u00edtulo del puesto, compa\u00f1\u00eda y ubicaci\u00f3n. Una vez elegido, se desplegar\u00e1 informaci\u00f3n sobre la compa\u00f1\u00eda, el puesto, categor\u00eda, responsabilidades, habilidades y cualidades necesarias, tipo de empleo, rango del sueldo, escolaridad, experiencia laboral, direcci\u00f3n, c\u00f3digo postal y fecha de posteo. Para poder aplicar, necesitar\u00e1s crear una cuenta, subir tu Curr\u00edculum Vitae y solicitar directamente con la empresa interesada, ya que dentro de Hispanic-Jobs.com no se puede hacer. Por su parte, si buscas contratar, puedes hacerlo al crear una cuenta y subir el puesto que buscas ocupar, con la opci\u00f3n de modificar el anuncio las veces que sean necesarias en un periodo de 60 d\u00edas. Para m\u00e1s informaci\u00f3n, dale clic al enlace que est\u00e1 al principio de la nota. La p\u00e1gina se encuentra s\u00f3lo en ingl\u00e9s y para Estados Unidos.<\/p>","protected":false},"author":5,"featured_media":24755,"parent":2747,"menu_order":0,"comment_status":"closed","ping_status":"closed","template":"elementor_header_footer","meta":{"_uf_show_specific_survey":0,"_uf_disable_surveys":false,"footnotes":""},"class_list":["post-24753","page","type-page","status-publish","has-post-thumbnail"],"aioseo_notices":[],"yoast_head":"<!-- This site is optimized with the Yoast SEO plugin v27.4 - https:\/\/yoast.com\/product\/yoast-seo-wordpress\/ -->\n<title>Hispanic-Jobs.com ofrece empleos para j\u00f3venes biling\u00fces<\/title>\n<meta name=\"description\" content=\"\u00bfBuscas empleo en Estados Unidos? Te compartimos algunas herramientas para capacitarte y encontrarlo - Acceso Latino\" \/>\n<meta name=\"robots\" content=\"index, follow, max-snippet:-1, max-image-preview:large, max-video-preview:-1\" \/>\n<link rel=\"canonical\" href=\"https:\/\/accesolatino.org\/en\/buscas-empleo\/hispanic-jobs-com-ofrece-empleos-para-jovenes-bilingues\/\" \/>\n<meta property=\"og:locale\" content=\"en_US\" \/>\n<meta property=\"og:type\" content=\"article\" \/>\n<meta property=\"og:title\" content=\"Acceso Latino | Hispanic-Jobs.com ofrece empleos para j\u00f3venes biling\u00fces\" \/>\n<meta property=\"og:description\" content=\"\u00bfBuscas empleo en Estados Unidos? Te compartimos algunas herramientas para capacitarte y encontrarlo.\" \/>\n<meta property=\"og:url\" content=\"https:\/\/accesolatino.org\/en\/buscas-empleo\/hispanic-jobs-com-ofrece-empleos-para-jovenes-bilingues\/\" \/>\n<meta property=\"og:site_name\" content=\"Acceso Latino\" \/>\n<meta property=\"article:publisher\" content=\"https:\/\/www.facebook.com\/AccesoLatinoOrg\" \/>\n<meta property=\"article:modified_time\" content=\"2025-10-16T22:55:18+00:00\" \/>\n<meta property=\"og:image\" content=\"https:\/\/accesolatino.org\/wp-content\/uploads\/2020\/12\/Hispanic-Jobs.com-ofrece-empleos-para-jovenes-bilingues.png\" \/>\n\t<meta property=\"og:image:width\" content=\"600\" \/>\n\t<meta property=\"og:image:height\" content=\"338\" \/>\n\t<meta property=\"og:image:type\" content=\"image\/png\" \/>\n<meta name=\"twitter:card\" content=\"summary_large_image\" \/>\n<meta name=\"twitter:title\" content=\"Acceso Latino | Hispanic-Jobs.com ofrece empleos para j\u00f3venes biling\u00fces\" \/>\n<meta name=\"twitter:description\" content=\"\u00bfBuscas empleo en Estados Unidos? Te compartimos algunas herramientas para capacitarte y encontrarlo.\" \/>\n<meta name=\"twitter:image\" content=\"https:\/\/accesolatino.org\/wp-content\/uploads\/2020\/12\/Hispanic-Jobs.com-ofrece-empleos-para-jovenes-bilingues.png\" \/>\n<meta name=\"twitter:site\" content=\"@FAccLatino\" \/>\n<meta name=\"twitter:label1\" content=\"Est. reading time\" \/>\n\t<meta name=\"twitter:data1\" content=\"2 minutes\" \/>\n<script type=\"application\/ld+json\" class=\"yoast-schema-graph\">{\"@context\":\"https:\\\/\\\/schema.org\",\"@graph\":[{\"@type\":\"WebPage\",\"@id\":\"https:\\\/\\\/accesolatino.org\\\/buscas-empleo\\\/hispanic-jobs-com-ofrece-empleos-para-jovenes-bilingues\\\/\",\"url\":\"https:\\\/\\\/accesolatino.org\\\/buscas-empleo\\\/hispanic-jobs-com-ofrece-empleos-para-jovenes-bilingues\\\/\",\"name\":\"Hispanic-Jobs.com ofrece empleos para j\u00f3venes biling\u00fces\",\"isPartOf\":{\"@id\":\"https:\\\/\\\/accesolatino.org\\\/#website\"},\"primaryImageOfPage\":{\"@id\":\"https:\\\/\\\/accesolatino.org\\\/buscas-empleo\\\/hispanic-jobs-com-ofrece-empleos-para-jovenes-bilingues\\\/#primaryimage\"},\"image\":{\"@id\":\"https:\\\/\\\/accesolatino.org\\\/buscas-empleo\\\/hispanic-jobs-com-ofrece-empleos-para-jovenes-bilingues\\\/#primaryimage\"},\"thumbnailUrl\":\"https:\\\/\\\/accesolatino.org\\\/wp-content\\\/uploads\\\/2020\\\/12\\\/Hispanic-Jobs.com-ofrece-empleos-para-jovenes-bilingues.png\",\"datePublished\":\"2020-12-16T14:09:41+00:00\",\"dateModified\":\"2025-10-16T22:55:18+00:00\",\"description\":\"\u00bfBuscas empleo en Estados Unidos? Te compartimos algunas herramientas para capacitarte y encontrarlo - Acceso Latino\",\"breadcrumb\":{\"@id\":\"https:\\\/\\\/accesolatino.org\\\/buscas-empleo\\\/hispanic-jobs-com-ofrece-empleos-para-jovenes-bilingues\\\/#breadcrumb\"},\"inLanguage\":\"en-US\",\"potentialAction\":[{\"@type\":\"ReadAction\",\"target\":[\"https:\\\/\\\/accesolatino.org\\\/buscas-empleo\\\/hispanic-jobs-com-ofrece-empleos-para-jovenes-bilingues\\\/\"]}]},{\"@type\":\"ImageObject\",\"inLanguage\":\"en-US\",\"@id\":\"https:\\\/\\\/accesolatino.org\\\/buscas-empleo\\\/hispanic-jobs-com-ofrece-empleos-para-jovenes-bilingues\\\/#primaryimage\",\"url\":\"https:\\\/\\\/accesolatino.org\\\/wp-content\\\/uploads\\\/2020\\\/12\\\/Hispanic-Jobs.com-ofrece-empleos-para-jovenes-bilingues.png\",\"contentUrl\":\"https:\\\/\\\/accesolatino.org\\\/wp-content\\\/uploads\\\/2020\\\/12\\\/Hispanic-Jobs.com-ofrece-empleos-para-jovenes-bilingues.png\",\"width\":600,\"height\":338,\"caption\":\"Hispanic-Jobs.com\"},{\"@type\":\"BreadcrumbList\",\"@id\":\"https:\\\/\\\/accesolatino.org\\\/buscas-empleo\\\/hispanic-jobs-com-ofrece-empleos-para-jovenes-bilingues\\\/#breadcrumb\",\"itemListElement\":[{\"@type\":\"ListItem\",\"position\":1,\"name\":\"Portada\",\"item\":\"https:\\\/\\\/accesolatino.org\\\/\"},{\"@type\":\"ListItem\",\"position\":2,\"name\":\"Buscas Empleo\",\"item\":\"https:\\\/\\\/accesolatino.org\\\/en\\\/buscas-empleo\\\/\"},{\"@type\":\"ListItem\",\"position\":3,\"name\":\"Hispanic-Jobs.com ofrece empleos para j\u00f3venes biling\u00fces\"}]},{\"@type\":\"WebSite\",\"@id\":\"https:\\\/\\\/accesolatino.org\\\/#website\",\"url\":\"https:\\\/\\\/accesolatino.org\\\/\",\"name\":\"Acceso Latino | Fundaci\u00f3n Carlos Slim\",\"description\":\"Fundaci\u00f3n Carlos Slim\",\"publisher\":{\"@id\":\"https:\\\/\\\/accesolatino.org\\\/#organization\"},\"potentialAction\":[{\"@type\":\"SearchAction\",\"target\":{\"@type\":\"EntryPoint\",\"urlTemplate\":\"https:\\\/\\\/accesolatino.org\\\/?s={search_term_string}\"},\"query-input\":{\"@type\":\"PropertyValueSpecification\",\"valueRequired\":true,\"valueName\":\"search_term_string\"}}],\"inLanguage\":\"en-US\"},{\"@type\":\"Organization\",\"@id\":\"https:\\\/\\\/accesolatino.org\\\/#organization\",\"name\":\"Acceso Latino | Fundaci\u00f3n Carlos Slim\",\"url\":\"https:\\\/\\\/accesolatino.org\\\/\",\"logo\":{\"@type\":\"ImageObject\",\"inLanguage\":\"en-US\",\"@id\":\"https:\\\/\\\/accesolatino.org\\\/#\\\/schema\\\/logo\\\/image\\\/\",\"url\":\"https:\\\/\\\/accesolatino.org\\\/wp-content\\\/uploads\\\/2021\\\/02\\\/logo-footer-acceso-latino.png\",\"contentUrl\":\"https:\\\/\\\/accesolatino.org\\\/wp-content\\\/uploads\\\/2021\\\/02\\\/logo-footer-acceso-latino.png\",\"width\":240,\"height\":40,\"caption\":\"Acceso Latino | Fundaci\u00f3n Carlos Slim\"},\"image\":{\"@id\":\"https:\\\/\\\/accesolatino.org\\\/#\\\/schema\\\/logo\\\/image\\\/\"},\"sameAs\":[\"https:\\\/\\\/www.facebook.com\\\/AccesoLatinoOrg\",\"https:\\\/\\\/x.com\\\/FAccLatino\"]}]}<\/script>\n<!-- \/ Yoast SEO plugin. -->","yoast_head_json":{"title":"Hispanic-Jobs.com offers jobs for young bilinguals","description":"\u00bfBuscas empleo en Estados Unidos? Te compartimos algunas herramientas para capacitarte y encontrarlo - Acceso Latino","robots":{"index":"index","follow":"follow","max-snippet":"max-snippet:-1","max-image-preview":"max-image-preview:large","max-video-preview":"max-video-preview:-1"},"canonical":"https:\/\/accesolatino.org\/en\/buscas-empleo\/hispanic-jobs-com-ofrece-empleos-para-jovenes-bilingues\/","og_locale":"en_US","og_type":"article","og_title":"Acceso Latino | Hispanic-Jobs.com ofrece empleos para j\u00f3venes biling\u00fces","og_description":"\u00bfBuscas empleo en Estados Unidos? Te compartimos algunas herramientas para capacitarte y encontrarlo.","og_url":"https:\/\/accesolatino.org\/en\/buscas-empleo\/hispanic-jobs-com-ofrece-empleos-para-jovenes-bilingues\/","og_site_name":"Acceso Latino","article_publisher":"https:\/\/www.facebook.com\/AccesoLatinoOrg","article_modified_time":"2025-10-16T22:55:18+00:00","og_image":[{"width":600,"height":338,"url":"https:\/\/accesolatino.org\/wp-content\/uploads\/2020\/12\/Hispanic-Jobs.com-ofrece-empleos-para-jovenes-bilingues.png","type":"image\/png"}],"twitter_card":"summary_large_image","twitter_title":"Acceso Latino | Hispanic-Jobs.com ofrece empleos para j\u00f3venes biling\u00fces","twitter_description":"\u00bfBuscas empleo en Estados Unidos? Te compartimos algunas herramientas para capacitarte y encontrarlo.","twitter_image":"https:\/\/accesolatino.org\/wp-content\/uploads\/2020\/12\/Hispanic-Jobs.com-ofrece-empleos-para-jovenes-bilingues.png","twitter_site":"@FAccLatino","twitter_misc":{"Est. reading time":"2 minutes"},"schema":{"@context":"https:\/\/schema.org","@graph":[{"@type":"WebPage","@id":"https:\/\/accesolatino.org\/buscas-empleo\/hispanic-jobs-com-ofrece-empleos-para-jovenes-bilingues\/","url":"https:\/\/accesolatino.org\/buscas-empleo\/hispanic-jobs-com-ofrece-empleos-para-jovenes-bilingues\/","name":"Hispanic-Jobs.com offers jobs for young bilinguals","isPartOf":{"@id":"https:\/\/accesolatino.org\/#website"},"primaryImageOfPage":{"@id":"https:\/\/accesolatino.org\/buscas-empleo\/hispanic-jobs-com-ofrece-empleos-para-jovenes-bilingues\/#primaryimage"},"image":{"@id":"https:\/\/accesolatino.org\/buscas-empleo\/hispanic-jobs-com-ofrece-empleos-para-jovenes-bilingues\/#primaryimage"},"thumbnailUrl":"https:\/\/accesolatino.org\/wp-content\/uploads\/2020\/12\/Hispanic-Jobs.com-ofrece-empleos-para-jovenes-bilingues.png","datePublished":"2020-12-16T14:09:41+00:00","dateModified":"2025-10-16T22:55:18+00:00","description":"\u00bfBuscas empleo en Estados Unidos? Te compartimos algunas herramientas para capacitarte y encontrarlo - Acceso Latino","breadcrumb":{"@id":"https:\/\/accesolatino.org\/buscas-empleo\/hispanic-jobs-com-ofrece-empleos-para-jovenes-bilingues\/#breadcrumb"},"inLanguage":"en-US","potentialAction":[{"@type":"ReadAction","target":["https:\/\/accesolatino.org\/buscas-empleo\/hispanic-jobs-com-ofrece-empleos-para-jovenes-bilingues\/"]}]},{"@type":"ImageObject","inLanguage":"en-US","@id":"https:\/\/accesolatino.org\/buscas-empleo\/hispanic-jobs-com-ofrece-empleos-para-jovenes-bilingues\/#primaryimage","url":"https:\/\/accesolatino.org\/wp-content\/uploads\/2020\/12\/Hispanic-Jobs.com-ofrece-empleos-para-jovenes-bilingues.png","contentUrl":"https:\/\/accesolatino.org\/wp-content\/uploads\/2020\/12\/Hispanic-Jobs.com-ofrece-empleos-para-jovenes-bilingues.png","width":600,"height":338,"caption":"Hispanic-Jobs.com"},{"@type":"BreadcrumbList","@id":"https:\/\/accesolatino.org\/buscas-empleo\/hispanic-jobs-com-ofrece-empleos-para-jovenes-bilingues\/#breadcrumb","itemListElement":[{"@type":"ListItem","position":1,"name":"Portada","item":"https:\/\/accesolatino.org\/"},{"@type":"ListItem","position":2,"name":"Buscas Empleo","item":"https:\/\/accesolatino.org\/en\/buscas-empleo\/"},{"@type":"ListItem","position":3,"name":"Hispanic-Jobs.com ofrece empleos para j\u00f3venes biling\u00fces"}]},{"@type":"WebSite","@id":"https:\/\/accesolatino.org\/#website","url":"https:\/\/accesolatino.org\/","name":"Acceso Latino | Fundaci\u00f3n Carlos Slim","description":"Fundaci\u00f3n Carlos Slim","publisher":{"@id":"https:\/\/accesolatino.org\/#organization"},"potentialAction":[{"@type":"SearchAction","target":{"@type":"EntryPoint","urlTemplate":"https:\/\/accesolatino.org\/?s={search_term_string}"},"query-input":{"@type":"PropertyValueSpecification","valueRequired":true,"valueName":"search_term_string"}}],"inLanguage":"en-US"},{"@type":"Organization","@id":"https:\/\/accesolatino.org\/#organization","name":"Acceso Latino | Fundaci\u00f3n Carlos Slim","url":"https:\/\/accesolatino.org\/","logo":{"@type":"ImageObject","inLanguage":"en-US","@id":"https:\/\/accesolatino.org\/#\/schema\/logo\/image\/","url":"https:\/\/accesolatino.org\/wp-content\/uploads\/2021\/02\/logo-footer-acceso-latino.png","contentUrl":"https:\/\/accesolatino.org\/wp-content\/uploads\/2021\/02\/logo-footer-acceso-latino.png","width":240,"height":40,"caption":"Acceso Latino | Fundaci\u00f3n Carlos Slim"},"image":{"@id":"https:\/\/accesolatino.org\/#\/schema\/logo\/image\/"},"sameAs":["https:\/\/www.facebook.com\/AccesoLatinoOrg","https:\/\/x.com\/FAccLatino"]}]}},"_links":{"self":[{"href":"https:\/\/accesolatino.org\/en\/wp-json\/wp\/v2\/pages\/24753","targetHints":{"allow":["GET"]}}],"collection":[{"href":"https:\/\/accesolatino.org\/en\/wp-json\/wp\/v2\/pages"}],"about":[{"href":"https:\/\/accesolatino.org\/en\/wp-json\/wp\/v2\/types\/page"}],"author":[{"embeddable":true,"href":"https:\/\/accesolatino.org\/en\/wp-json\/wp\/v2\/users\/5"}],"replies":[{"embeddable":true,"href":"https:\/\/accesolatino.org\/en\/wp-json\/wp\/v2\/comments?post=24753"}],"version-history":[{"count":1,"href":"https:\/\/accesolatino.org\/en\/wp-json\/wp\/v2\/pages\/24753\/revisions"}],"predecessor-version":[{"id":64152,"href":"https:\/\/accesolatino.org\/en\/wp-json\/wp\/v2\/pages\/24753\/revisions\/64152"}],"up":[{"embeddable":true,"href":"https:\/\/accesolatino.org\/en\/wp-json\/wp\/v2\/pages\/2747"}],"wp:featuredmedia":[{"embeddable":true,"href":"https:\/\/accesolatino.org\/en\/wp-json\/wp\/v2\/media\/24755"}],"wp:attachment":[{"href":"https:\/\/accesolatino.org\/en\/wp-json\/wp\/v2\/media?parent=24753"}],"curies":[{"name":"wp","href":"https:\/\/api.w.org\/{rel}","templated":true}]}}