{"id":24731,"date":"2020-12-16T06:00:00","date_gmt":"2020-12-16T12:00:00","guid":{"rendered":"https:\/\/accesolatino.org\/?page_id=24731"},"modified":"2025-10-16T17:10:14","modified_gmt":"2025-10-16T23:10:14","slug":"united-latino-job-bank-te-ayuda-a-encontrar-un-empleo-u-oficio","status":"publish","type":"page","link":"https:\/\/accesolatino.org\/en\/buscas-empleo\/united-latino-job-bank-te-ayuda-a-encontrar-un-empleo-u-oficio\/","title":{"rendered":"United Latino Job Bank helps you find a job or occupation"},"content":{"rendered":"<div data-elementor-type=\"wp-post\" data-elementor-id=\"24731\" class=\"elementor elementor-24731\">\n\t\t\t\t\t\t<section class=\"elementor-section elementor-top-section elementor-element elementor-element-2e6df36 elementor-section-full_width elementor-section-height-min-height elementor-section-items-stretch elementor-section-height-default wpr-particle-no wpr-jarallax-no wpr-parallax-no wpr-sticky-section-no wpr-equal-height-no\" data-id=\"2e6df36\" data-element_type=\"section\" data-e-type=\"section\" data-settings=\"{&quot;background_background&quot;:&quot;classic&quot;}\">\n\t\t\t\t\t\t<div class=\"elementor-container elementor-column-gap-no\">\n\t\t\t\t\t<div class=\"elementor-column elementor-col-100 elementor-top-column elementor-element elementor-element-826c6f2\" data-id=\"826c6f2\" data-element_type=\"column\" data-e-type=\"column\">\n\t\t\t<div class=\"elementor-widget-wrap elementor-element-populated\">\n\t\t\t\t\t\t<div class=\"elementor-element elementor-element-9f8fa26 elementor--h-position-center elementor--v-position-middle elementor-widget elementor-widget-slides\" data-id=\"9f8fa26\" data-element_type=\"widget\" data-e-type=\"widget\" data-settings=\"{&quot;navigation&quot;:&quot;none&quot;,&quot;infinite&quot;:&quot;yes&quot;,&quot;transition&quot;:&quot;slide&quot;,&quot;transition_speed&quot;:500}\" data-widget_type=\"slides.default\">\n\t\t\t\t<div class=\"elementor-widget-container\">\n\t\t\t\t\t\t\t<div class=\"elementor-swiper\">\n\t\t\t<div class=\"elementor-slides-wrapper elementor-main-swiper swiper-container\" dir=\"ltr\" data-animation=\"\">\n\t\t\t\t<div class=\"swiper-wrapper elementor-slides\">\n\t\t\t\t\t\t\t\t\t\t<div class=\"elementor-repeater-item-d983a28 swiper-slide\"><div class=\"swiper-slide-bg\"><\/div><div class=\"swiper-slide-inner\" ><div class=\"swiper-slide-contents\"><div class=\"elementor-slide-heading\">Looking for a job?<\/div><\/div><\/div><\/div>\t\t\t\t<\/div>\n\t\t\t\t\t\t\t<\/div>\n\t\t<\/div>\n\t\t\t\t\t\t<\/div>\n\t\t\t\t<\/div>\n\t\t\t\t\t<\/div>\n\t\t<\/div>\n\t\t\t\t\t<\/div>\n\t\t<\/section>\n\t\t\t\t<section class=\"elementor-section elementor-top-section elementor-element elementor-element-f4f3ff5 elementor-section-stretched elementor-section-boxed elementor-section-height-default elementor-section-height-default wpr-particle-no wpr-jarallax-no wpr-parallax-no wpr-sticky-section-no wpr-equal-height-no\" data-id=\"f4f3ff5\" data-element_type=\"section\" data-e-type=\"section\" data-settings=\"{&quot;stretch_section&quot;:&quot;section-stretched&quot;,&quot;background_background&quot;:&quot;classic&quot;}\">\n\t\t\t\t\t\t<div class=\"elementor-container elementor-column-gap-default\">\n\t\t\t\t\t<div class=\"elementor-column elementor-col-100 elementor-top-column elementor-element elementor-element-457f26d\" data-id=\"457f26d\" data-element_type=\"column\" data-e-type=\"column\">\n\t\t\t<div class=\"elementor-widget-wrap elementor-element-populated\">\n\t\t\t\t\t\t<div class=\"elementor-element elementor-element-dd95f8d elementor-widget elementor-widget-heading\" data-id=\"dd95f8d\" data-element_type=\"widget\" data-e-type=\"widget\" data-widget_type=\"heading.default\">\n\t\t\t\t<div class=\"elementor-widget-container\">\n\t\t\t\t\t<h3 class=\"elementor-heading-title elementor-size-default\">United Latino Job Bank helps you find a job or occupation<\/h3>\t\t\t\t<\/div>\n\t\t\t\t<\/div>\n\t\t\t\t<div class=\"elementor-element elementor-element-17b28d1 elementor-widget elementor-widget-text-editor\" data-id=\"17b28d1\" data-element_type=\"widget\" data-e-type=\"widget\" data-widget_type=\"text-editor.default\">\n\t\t\t\t<div class=\"elementor-widget-container\">\n\t\t\t\t\t\t\t\t\t<p>In the section <a href=\"\/en\/buscas-empleo\/\">Buscas Empleo<\/a> de <b>Acceso Latino&nbsp;<\/b>est\u00e1 disponible la tarjeta <b>Bolsas de Empleo en EU<\/b>, donde hay distintos buscadores que se pueden adecuar al trabajo que deseas tener. <br><br>Uno de estos es <a href=\"http:\/\/hirelatinos.org\/\">United Latino Job Bank<\/a>, una iniciativa de LULAC (Liga de Ciudadanos Latinoamericanos Unidos), la organizaci\u00f3n hispana m\u00e1s grande y m\u00e1s antigua de Estados Unidos. El objetivo principal de LULAC es aumentar la diversidad en el mundo corporativo y en el gobierno federal para todos los latinos.<br><br>Puedes explorar entre 2,804 empleos en 2,009 compa\u00f1\u00edas. <br><br>Te da la opci\u00f3n de buscar por palabras clave, categor\u00eda, ciudad o estado. Si seleccionas palabras clave, puedes filtrar por categor\u00eda o por tipo de empleo. <br><br>Una vez que elijas el trabajo que m\u00e1s te llame la atenci\u00f3n, te mostrar\u00e1 la descripci\u00f3n del mismo, las responsabilidades que tendr\u00edas, la experiencia necesaria, cualidades requeridas, grado de escolaridad, ocupaci\u00f3n, la liga de la compa\u00f1\u00eda donde se explica mejor el puesto, y por \u00faltimo, en algunos casos, hasta un video de YouTube con las experiencias de quienes ya han tenido ese puesto. <br><br>Para solicitar empleo necesitas crear una cuenta. <br>Una vez que ya tengas una cuenta, puedes generar alertas del trabajo que m\u00e1s deseas y te ser\u00e1 enviado a tu correo electr\u00f3nico. <br><br>Tambi\u00e9n, da la opci\u00f3n a cazatalentos de publicar empleos. Simplemente se tiene que crear un perfil en la p\u00e1gina y ser\u00e1 suficiente. ULJB s\u00f3lo est\u00e1 disponible en ingl\u00e9s y para residentes en Estados Unidos.<\/p>\t\t\t\t\t\t\t\t<\/div>\n\t\t\t\t<\/div>\n\t\t\t\t<div class=\"elementor-element elementor-element-0292539 elementor-widget elementor-widget-spacer\" data-id=\"0292539\" data-element_type=\"widget\" data-e-type=\"widget\" data-widget_type=\"spacer.default\">\n\t\t\t\t<div class=\"elementor-widget-container\">\n\t\t\t\t\t\t\t<div class=\"elementor-spacer\">\n\t\t\t<div class=\"elementor-spacer-inner\"><\/div>\n\t\t<\/div>\n\t\t\t\t\t\t<\/div>\n\t\t\t\t<\/div>\n\t\t\t\t\t<\/div>\n\t\t<\/div>\n\t\t\t\t\t<\/div>\n\t\t<\/section>\n\t\t\t\t<\/div>","protected":false},"excerpt":{"rendered":"<p>\u00bfBuscas empleo? United Latino Job Bank te ayuda a encontrar un empleo u oficio En la secci\u00f3n Buscas Empleo de Acceso Latino&nbsp;est\u00e1 disponible la tarjeta Bolsas de Empleo en EU, donde hay distintos buscadores que se pueden adecuar al trabajo que deseas tener. Uno de estos es United Latino Job Bank, una iniciativa de LULAC (Liga de Ciudadanos Latinoamericanos Unidos), la organizaci\u00f3n hispana m\u00e1s grande y m\u00e1s antigua de Estados Unidos. El objetivo principal de LULAC es aumentar la diversidad en el mundo corporativo y en el gobierno federal para todos los latinos. Puedes explorar entre 2,804 empleos en 2,009 compa\u00f1\u00edas. Te da la opci\u00f3n de buscar por palabras clave, categor\u00eda, ciudad o estado. Si seleccionas palabras clave, puedes filtrar por categor\u00eda o por tipo de empleo. Una vez que elijas el trabajo que m\u00e1s te llame la atenci\u00f3n, te mostrar\u00e1 la descripci\u00f3n del mismo, las responsabilidades que tendr\u00edas, la experiencia necesaria, cualidades requeridas, grado de escolaridad, ocupaci\u00f3n, la liga de la compa\u00f1\u00eda donde se explica mejor el puesto, y por \u00faltimo, en algunos casos, hasta un video de YouTube con las experiencias de quienes ya han tenido ese puesto. Para solicitar empleo necesitas crear una cuenta. Una vez que ya tengas una cuenta, puedes generar alertas del trabajo que m\u00e1s deseas y te ser\u00e1 enviado a tu correo electr\u00f3nico. Tambi\u00e9n, da la opci\u00f3n a cazatalentos de publicar empleos. Simplemente se tiene que crear un perfil en la p\u00e1gina y ser\u00e1 suficiente. ULJB s\u00f3lo est\u00e1 disponible en ingl\u00e9s y para residentes en Estados Unidos.<\/p>","protected":false},"author":5,"featured_media":24733,"parent":2747,"menu_order":0,"comment_status":"closed","ping_status":"closed","template":"elementor_header_footer","meta":{"_uf_show_specific_survey":0,"_uf_disable_surveys":false,"footnotes":""},"class_list":["post-24731","page","type-page","status-publish","has-post-thumbnail"],"aioseo_notices":[],"yoast_head":"<!-- This site is optimized with the Yoast SEO plugin v27.5 - https:\/\/yoast.com\/product\/yoast-seo-wordpress\/ -->\n<title>United Latino Job Bank te ayuda a encontrar un empleo u oficio<\/title>\n<meta name=\"description\" content=\"\u00bfBuscas empleo en Estados Unidos? Te compartimos algunas herramientas para capacitarte y encontrarlo - Acceso Latino\" \/>\n<meta name=\"robots\" content=\"index, follow, max-snippet:-1, max-image-preview:large, max-video-preview:-1\" \/>\n<link rel=\"canonical\" href=\"https:\/\/accesolatino.org\/en\/buscas-empleo\/united-latino-job-bank-te-ayuda-a-encontrar-un-empleo-u-oficio\/\" \/>\n<meta property=\"og:locale\" content=\"en_US\" \/>\n<meta property=\"og:type\" content=\"article\" \/>\n<meta property=\"og:title\" content=\"Acceso Latino | United Latino Job Bank te ayuda a encontrar un empleo u oficio\" \/>\n<meta property=\"og:description\" content=\"\u00bfBuscas empleo en Estados Unidos? Te compartimos algunas herramientas para capacitarte y encontrarlo.\" \/>\n<meta property=\"og:url\" content=\"https:\/\/accesolatino.org\/en\/buscas-empleo\/united-latino-job-bank-te-ayuda-a-encontrar-un-empleo-u-oficio\/\" \/>\n<meta property=\"og:site_name\" content=\"Acceso Latino\" \/>\n<meta property=\"article:publisher\" content=\"https:\/\/www.facebook.com\/AccesoLatinoOrg\" \/>\n<meta property=\"article:modified_time\" content=\"2025-10-16T23:10:14+00:00\" \/>\n<meta property=\"og:image\" content=\"https:\/\/accesolatino.org\/wp-content\/uploads\/2020\/12\/United-Latino-Job-Bank-te-ayuda-a-encontrar-un-empleo-u-oficio.png\" \/>\n\t<meta property=\"og:image:width\" content=\"600\" \/>\n\t<meta property=\"og:image:height\" content=\"338\" \/>\n\t<meta property=\"og:image:type\" content=\"image\/png\" \/>\n<meta name=\"twitter:card\" content=\"summary_large_image\" \/>\n<meta name=\"twitter:title\" content=\"Acceso Latino | United Latino Job Bank te ayuda a encontrar un empleo u oficio\" \/>\n<meta name=\"twitter:description\" content=\"\u00bfBuscas empleo en Estados Unidos? Te compartimos algunas herramientas para capacitarte y encontrarlo.\" \/>\n<meta name=\"twitter:image\" content=\"https:\/\/accesolatino.org\/wp-content\/uploads\/2020\/12\/United-Latino-Job-Bank-te-ayuda-a-encontrar-un-empleo-u-oficio.png\" \/>\n<meta name=\"twitter:site\" content=\"@FAccLatino\" \/>\n<meta name=\"twitter:label1\" content=\"Est. reading time\" \/>\n\t<meta name=\"twitter:data1\" content=\"2 minutes\" \/>\n<script type=\"application\/ld+json\" class=\"yoast-schema-graph\">{\"@context\":\"https:\\\/\\\/schema.org\",\"@graph\":[{\"@type\":\"WebPage\",\"@id\":\"https:\\\/\\\/accesolatino.org\\\/en\\\/buscas-empleo\\\/united-latino-job-bank-te-ayuda-a-encontrar-un-empleo-u-oficio\\\/\",\"url\":\"https:\\\/\\\/accesolatino.org\\\/en\\\/buscas-empleo\\\/united-latino-job-bank-te-ayuda-a-encontrar-un-empleo-u-oficio\\\/\",\"name\":\"United Latino Job Bank te ayuda a encontrar un empleo u oficio\",\"isPartOf\":{\"@id\":\"https:\\\/\\\/accesolatino.org\\\/#website\"},\"primaryImageOfPage\":{\"@id\":\"https:\\\/\\\/accesolatino.org\\\/en\\\/buscas-empleo\\\/united-latino-job-bank-te-ayuda-a-encontrar-un-empleo-u-oficio\\\/#primaryimage\"},\"image\":{\"@id\":\"https:\\\/\\\/accesolatino.org\\\/en\\\/buscas-empleo\\\/united-latino-job-bank-te-ayuda-a-encontrar-un-empleo-u-oficio\\\/#primaryimage\"},\"thumbnailUrl\":\"https:\\\/\\\/accesolatino.org\\\/wp-content\\\/uploads\\\/2020\\\/12\\\/United-Latino-Job-Bank-te-ayuda-a-encontrar-un-empleo-u-oficio.png\",\"datePublished\":\"2020-12-16T12:00:00+00:00\",\"dateModified\":\"2025-10-16T23:10:14+00:00\",\"description\":\"\u00bfBuscas empleo en Estados Unidos? Te compartimos algunas herramientas para capacitarte y encontrarlo - Acceso Latino\",\"breadcrumb\":{\"@id\":\"https:\\\/\\\/accesolatino.org\\\/en\\\/buscas-empleo\\\/united-latino-job-bank-te-ayuda-a-encontrar-un-empleo-u-oficio\\\/#breadcrumb\"},\"inLanguage\":\"en-US\",\"potentialAction\":[{\"@type\":\"ReadAction\",\"target\":[\"https:\\\/\\\/accesolatino.org\\\/en\\\/buscas-empleo\\\/united-latino-job-bank-te-ayuda-a-encontrar-un-empleo-u-oficio\\\/\"]}]},{\"@type\":\"ImageObject\",\"inLanguage\":\"en-US\",\"@id\":\"https:\\\/\\\/accesolatino.org\\\/en\\\/buscas-empleo\\\/united-latino-job-bank-te-ayuda-a-encontrar-un-empleo-u-oficio\\\/#primaryimage\",\"url\":\"https:\\\/\\\/accesolatino.org\\\/wp-content\\\/uploads\\\/2020\\\/12\\\/United-Latino-Job-Bank-te-ayuda-a-encontrar-un-empleo-u-oficio.png\",\"contentUrl\":\"https:\\\/\\\/accesolatino.org\\\/wp-content\\\/uploads\\\/2020\\\/12\\\/United-Latino-Job-Bank-te-ayuda-a-encontrar-un-empleo-u-oficio.png\",\"width\":600,\"height\":338,\"caption\":\"job bank\"},{\"@type\":\"BreadcrumbList\",\"@id\":\"https:\\\/\\\/accesolatino.org\\\/en\\\/buscas-empleo\\\/united-latino-job-bank-te-ayuda-a-encontrar-un-empleo-u-oficio\\\/#breadcrumb\",\"itemListElement\":[{\"@type\":\"ListItem\",\"position\":1,\"name\":\"Portada\",\"item\":\"https:\\\/\\\/accesolatino.org\\\/\"},{\"@type\":\"ListItem\",\"position\":2,\"name\":\"Buscas Empleo\",\"item\":\"https:\\\/\\\/accesolatino.org\\\/en\\\/buscas-empleo\\\/\"},{\"@type\":\"ListItem\",\"position\":3,\"name\":\"United Latino Job Bank te ayuda a encontrar un empleo u oficio\"}]},{\"@type\":\"WebSite\",\"@id\":\"https:\\\/\\\/accesolatino.org\\\/#website\",\"url\":\"https:\\\/\\\/accesolatino.org\\\/\",\"name\":\"Acceso Latino | Fundaci\u00f3n Carlos Slim\",\"description\":\"Fundaci\u00f3n Carlos Slim\",\"publisher\":{\"@id\":\"https:\\\/\\\/accesolatino.org\\\/#organization\"},\"potentialAction\":[{\"@type\":\"SearchAction\",\"target\":{\"@type\":\"EntryPoint\",\"urlTemplate\":\"https:\\\/\\\/accesolatino.org\\\/?s={search_term_string}\"},\"query-input\":{\"@type\":\"PropertyValueSpecification\",\"valueRequired\":true,\"valueName\":\"search_term_string\"}}],\"inLanguage\":\"en-US\"},{\"@type\":\"Organization\",\"@id\":\"https:\\\/\\\/accesolatino.org\\\/#organization\",\"name\":\"Acceso Latino | Fundaci\u00f3n Carlos Slim\",\"url\":\"https:\\\/\\\/accesolatino.org\\\/\",\"logo\":{\"@type\":\"ImageObject\",\"inLanguage\":\"en-US\",\"@id\":\"https:\\\/\\\/accesolatino.org\\\/#\\\/schema\\\/logo\\\/image\\\/\",\"url\":\"https:\\\/\\\/accesolatino.org\\\/wp-content\\\/uploads\\\/2021\\\/02\\\/logo-footer-acceso-latino.png\",\"contentUrl\":\"https:\\\/\\\/accesolatino.org\\\/wp-content\\\/uploads\\\/2021\\\/02\\\/logo-footer-acceso-latino.png\",\"width\":240,\"height\":40,\"caption\":\"Acceso Latino | Fundaci\u00f3n Carlos Slim\"},\"image\":{\"@id\":\"https:\\\/\\\/accesolatino.org\\\/#\\\/schema\\\/logo\\\/image\\\/\"},\"sameAs\":[\"https:\\\/\\\/www.facebook.com\\\/AccesoLatinoOrg\",\"https:\\\/\\\/x.com\\\/FAccLatino\"]}]}<\/script>\n<!-- \/ Yoast SEO plugin. -->","yoast_head_json":{"title":"United Latino Job Bank helps you find a job or occupation","description":"\u00bfBuscas empleo en Estados Unidos? Te compartimos algunas herramientas para capacitarte y encontrarlo - Acceso Latino","robots":{"index":"index","follow":"follow","max-snippet":"max-snippet:-1","max-image-preview":"max-image-preview:large","max-video-preview":"max-video-preview:-1"},"canonical":"https:\/\/accesolatino.org\/en\/buscas-empleo\/united-latino-job-bank-te-ayuda-a-encontrar-un-empleo-u-oficio\/","og_locale":"en_US","og_type":"article","og_title":"Acceso Latino | United Latino Job Bank te ayuda a encontrar un empleo u oficio","og_description":"\u00bfBuscas empleo en Estados Unidos? Te compartimos algunas herramientas para capacitarte y encontrarlo.","og_url":"https:\/\/accesolatino.org\/en\/buscas-empleo\/united-latino-job-bank-te-ayuda-a-encontrar-un-empleo-u-oficio\/","og_site_name":"Acceso Latino","article_publisher":"https:\/\/www.facebook.com\/AccesoLatinoOrg","article_modified_time":"2025-10-16T23:10:14+00:00","og_image":[{"width":600,"height":338,"url":"https:\/\/accesolatino.org\/wp-content\/uploads\/2020\/12\/United-Latino-Job-Bank-te-ayuda-a-encontrar-un-empleo-u-oficio.png","type":"image\/png"}],"twitter_card":"summary_large_image","twitter_title":"Acceso Latino | United Latino Job Bank te ayuda a encontrar un empleo u oficio","twitter_description":"\u00bfBuscas empleo en Estados Unidos? Te compartimos algunas herramientas para capacitarte y encontrarlo.","twitter_image":"https:\/\/accesolatino.org\/wp-content\/uploads\/2020\/12\/United-Latino-Job-Bank-te-ayuda-a-encontrar-un-empleo-u-oficio.png","twitter_site":"@FAccLatino","twitter_misc":{"Est. reading time":"2 minutes"},"schema":{"@context":"https:\/\/schema.org","@graph":[{"@type":"WebPage","@id":"https:\/\/accesolatino.org\/en\/buscas-empleo\/united-latino-job-bank-te-ayuda-a-encontrar-un-empleo-u-oficio\/","url":"https:\/\/accesolatino.org\/en\/buscas-empleo\/united-latino-job-bank-te-ayuda-a-encontrar-un-empleo-u-oficio\/","name":"United Latino Job Bank helps you find a job or occupation","isPartOf":{"@id":"https:\/\/accesolatino.org\/#website"},"primaryImageOfPage":{"@id":"https:\/\/accesolatino.org\/en\/buscas-empleo\/united-latino-job-bank-te-ayuda-a-encontrar-un-empleo-u-oficio\/#primaryimage"},"image":{"@id":"https:\/\/accesolatino.org\/en\/buscas-empleo\/united-latino-job-bank-te-ayuda-a-encontrar-un-empleo-u-oficio\/#primaryimage"},"thumbnailUrl":"https:\/\/accesolatino.org\/wp-content\/uploads\/2020\/12\/United-Latino-Job-Bank-te-ayuda-a-encontrar-un-empleo-u-oficio.png","datePublished":"2020-12-16T12:00:00+00:00","dateModified":"2025-10-16T23:10:14+00:00","description":"\u00bfBuscas empleo en Estados Unidos? Te compartimos algunas herramientas para capacitarte y encontrarlo - Acceso Latino","breadcrumb":{"@id":"https:\/\/accesolatino.org\/en\/buscas-empleo\/united-latino-job-bank-te-ayuda-a-encontrar-un-empleo-u-oficio\/#breadcrumb"},"inLanguage":"en-US","potentialAction":[{"@type":"ReadAction","target":["https:\/\/accesolatino.org\/en\/buscas-empleo\/united-latino-job-bank-te-ayuda-a-encontrar-un-empleo-u-oficio\/"]}]},{"@type":"ImageObject","inLanguage":"en-US","@id":"https:\/\/accesolatino.org\/en\/buscas-empleo\/united-latino-job-bank-te-ayuda-a-encontrar-un-empleo-u-oficio\/#primaryimage","url":"https:\/\/accesolatino.org\/wp-content\/uploads\/2020\/12\/United-Latino-Job-Bank-te-ayuda-a-encontrar-un-empleo-u-oficio.png","contentUrl":"https:\/\/accesolatino.org\/wp-content\/uploads\/2020\/12\/United-Latino-Job-Bank-te-ayuda-a-encontrar-un-empleo-u-oficio.png","width":600,"height":338,"caption":"job bank"},{"@type":"BreadcrumbList","@id":"https:\/\/accesolatino.org\/en\/buscas-empleo\/united-latino-job-bank-te-ayuda-a-encontrar-un-empleo-u-oficio\/#breadcrumb","itemListElement":[{"@type":"ListItem","position":1,"name":"Portada","item":"https:\/\/accesolatino.org\/"},{"@type":"ListItem","position":2,"name":"Buscas Empleo","item":"https:\/\/accesolatino.org\/en\/buscas-empleo\/"},{"@type":"ListItem","position":3,"name":"United Latino Job Bank te ayuda a encontrar un empleo u oficio"}]},{"@type":"WebSite","@id":"https:\/\/accesolatino.org\/#website","url":"https:\/\/accesolatino.org\/","name":"Acceso Latino | Fundaci\u00f3n Carlos Slim","description":"Fundaci\u00f3n Carlos Slim","publisher":{"@id":"https:\/\/accesolatino.org\/#organization"},"potentialAction":[{"@type":"SearchAction","target":{"@type":"EntryPoint","urlTemplate":"https:\/\/accesolatino.org\/?s={search_term_string}"},"query-input":{"@type":"PropertyValueSpecification","valueRequired":true,"valueName":"search_term_string"}}],"inLanguage":"en-US"},{"@type":"Organization","@id":"https:\/\/accesolatino.org\/#organization","name":"Acceso Latino | Fundaci\u00f3n Carlos Slim","url":"https:\/\/accesolatino.org\/","logo":{"@type":"ImageObject","inLanguage":"en-US","@id":"https:\/\/accesolatino.org\/#\/schema\/logo\/image\/","url":"https:\/\/accesolatino.org\/wp-content\/uploads\/2021\/02\/logo-footer-acceso-latino.png","contentUrl":"https:\/\/accesolatino.org\/wp-content\/uploads\/2021\/02\/logo-footer-acceso-latino.png","width":240,"height":40,"caption":"Acceso Latino | Fundaci\u00f3n Carlos Slim"},"image":{"@id":"https:\/\/accesolatino.org\/#\/schema\/logo\/image\/"},"sameAs":["https:\/\/www.facebook.com\/AccesoLatinoOrg","https:\/\/x.com\/FAccLatino"]}]}},"_links":{"self":[{"href":"https:\/\/accesolatino.org\/en\/wp-json\/wp\/v2\/pages\/24731","targetHints":{"allow":["GET"]}}],"collection":[{"href":"https:\/\/accesolatino.org\/en\/wp-json\/wp\/v2\/pages"}],"about":[{"href":"https:\/\/accesolatino.org\/en\/wp-json\/wp\/v2\/types\/page"}],"author":[{"embeddable":true,"href":"https:\/\/accesolatino.org\/en\/wp-json\/wp\/v2\/users\/5"}],"replies":[{"embeddable":true,"href":"https:\/\/accesolatino.org\/en\/wp-json\/wp\/v2\/comments?post=24731"}],"version-history":[{"count":1,"href":"https:\/\/accesolatino.org\/en\/wp-json\/wp\/v2\/pages\/24731\/revisions"}],"predecessor-version":[{"id":64163,"href":"https:\/\/accesolatino.org\/en\/wp-json\/wp\/v2\/pages\/24731\/revisions\/64163"}],"up":[{"embeddable":true,"href":"https:\/\/accesolatino.org\/en\/wp-json\/wp\/v2\/pages\/2747"}],"wp:featuredmedia":[{"embeddable":true,"href":"https:\/\/accesolatino.org\/en\/wp-json\/wp\/v2\/media\/24733"}],"wp:attachment":[{"href":"https:\/\/accesolatino.org\/en\/wp-json\/wp\/v2\/media?parent=24731"}],"curies":[{"name":"wp","href":"https:\/\/api.w.org\/{rel}","templated":true}]}}