{"id":24306,"date":"2020-12-10T16:23:53","date_gmt":"2020-12-10T22:23:53","guid":{"rendered":"https:\/\/accesolatino.org\/?page_id=24306"},"modified":"2025-10-16T15:10:38","modified_gmt":"2025-10-16T21:10:38","slug":"salud-digital-portal-de-fundacion-carlos-slim","status":"publish","type":"page","link":"https:\/\/accesolatino.org\/en\/salud\/salud-digital-portal-de-fundacion-carlos-slim\/","title":{"rendered":"Salud Digital, a Carlos Slim Foundation portal offering information on COVID-19 for health professionals"},"content":{"rendered":"<div data-elementor-type=\"wp-post\" data-elementor-id=\"24306\" class=\"elementor elementor-24306\">\n\t\t\t\t\t\t<section class=\"elementor-section elementor-top-section elementor-element elementor-element-3447275 elementor-section-full_width elementor-section-height-min-height elementor-section-items-stretch elementor-section-height-default wpr-particle-no wpr-jarallax-no wpr-parallax-no wpr-sticky-section-no wpr-equal-height-no\" data-id=\"3447275\" data-element_type=\"section\" data-e-type=\"section\" data-settings=\"{&quot;background_background&quot;:&quot;classic&quot;}\">\n\t\t\t\t\t\t<div class=\"elementor-container elementor-column-gap-no\">\n\t\t\t\t\t<div class=\"elementor-column elementor-col-100 elementor-top-column elementor-element elementor-element-c8b47f7\" data-id=\"c8b47f7\" data-element_type=\"column\" data-e-type=\"column\">\n\t\t\t<div class=\"elementor-widget-wrap elementor-element-populated\">\n\t\t\t\t\t\t<div class=\"elementor-element elementor-element-da7e404 elementor--h-position-center elementor--v-position-middle elementor-widget elementor-widget-slides\" data-id=\"da7e404\" data-element_type=\"widget\" data-e-type=\"widget\" data-settings=\"{&quot;navigation&quot;:&quot;none&quot;,&quot;infinite&quot;:&quot;yes&quot;,&quot;transition&quot;:&quot;slide&quot;,&quot;transition_speed&quot;:500}\" data-widget_type=\"slides.default\">\n\t\t\t\t<div class=\"elementor-widget-container\">\n\t\t\t\t\t\t\t<div class=\"elementor-swiper\">\n\t\t\t<div class=\"elementor-slides-wrapper elementor-main-swiper swiper-container\" dir=\"ltr\" data-animation=\"\">\n\t\t\t\t<div class=\"swiper-wrapper elementor-slides\">\n\t\t\t\t\t\t\t\t\t\t<div class=\"elementor-repeater-item-d983a28 swiper-slide\"><div class=\"swiper-slide-bg\"><\/div><div class=\"swiper-slide-inner\" ><div class=\"swiper-slide-contents\"><div class=\"elementor-slide-heading\">Health<\/div><\/div><\/div><\/div>\t\t\t\t<\/div>\n\t\t\t\t\t\t\t<\/div>\n\t\t<\/div>\n\t\t\t\t\t\t<\/div>\n\t\t\t\t<\/div>\n\t\t\t\t\t<\/div>\n\t\t<\/div>\n\t\t\t\t\t<\/div>\n\t\t<\/section>\n\t\t\t\t<section class=\"elementor-section elementor-top-section elementor-element elementor-element-64fc5b4 elementor-section-stretched elementor-section-boxed elementor-section-height-default elementor-section-height-default wpr-particle-no wpr-jarallax-no wpr-parallax-no wpr-sticky-section-no wpr-equal-height-no\" data-id=\"64fc5b4\" data-element_type=\"section\" data-e-type=\"section\" data-settings=\"{&quot;stretch_section&quot;:&quot;section-stretched&quot;,&quot;background_background&quot;:&quot;classic&quot;}\">\n\t\t\t\t\t\t<div class=\"elementor-container elementor-column-gap-default\">\n\t\t\t\t\t<div class=\"elementor-column elementor-col-100 elementor-top-column elementor-element elementor-element-27e2464\" data-id=\"27e2464\" data-element_type=\"column\" data-e-type=\"column\">\n\t\t\t<div class=\"elementor-widget-wrap elementor-element-populated\">\n\t\t\t\t\t\t<div class=\"elementor-element elementor-element-7ccbf87 elementor-widget elementor-widget-heading\" data-id=\"7ccbf87\" data-element_type=\"widget\" data-e-type=\"widget\" data-widget_type=\"heading.default\">\n\t\t\t\t<div class=\"elementor-widget-container\">\n\t\t\t\t\t<h3 class=\"elementor-heading-title elementor-size-default\">Salud Digital, a Carlos Slim Foundation portal offering information on COVID-19 for health professionals<\/h3>\t\t\t\t<\/div>\n\t\t\t\t<\/div>\n\t\t\t\t<div class=\"elementor-element elementor-element-29b892e elementor-widget elementor-widget-text-editor\" data-id=\"29b892e\" data-element_type=\"widget\" data-e-type=\"widget\" data-widget_type=\"text-editor.default\">\n\t\t\t\t<div class=\"elementor-widget-container\">\n\t\t\t\t\t\t\t\t\t<p align=\"justify\"><span style=\"font-family: Arial, serif;\"><span style=\"font-size: medium;\"><b>Acceso Latino<\/b><\/span><\/span><span style=\"font-family: Arial, serif;\"><span style=\"font-size: medium;\"> se preocupa por tu salud y por esta raz\u00f3n te contamos sobre <\/span><\/span><span style=\"color: #0563c1;\"><u><a href=\"https:\/\/saluddigital.com\/\"><span style=\"font-family: Arial, serif;\"><span style=\"font-size: medium;\">Salud Digital<\/span><\/span><\/a><\/u><\/span><span style=\"font-family: Arial, serif;\"><span style=\"font-size: medium;\">, el portal de Fundaci\u00f3n Carlos Slim que ofrece cursos y tutoriales sobre COVID-19 para profesionales de la salud. <\/span><\/span><\/p><p align=\"justify\"><span style=\"font-family: Arial, serif;\"><span style=\"font-size: medium;\">In <\/span><\/span><span style=\"font-family: Arial, serif;\"><span style=\"font-size: medium;\">este portal encontrar\u00e1s:<\/span><\/span><\/p><p align=\"justify\"><span style=\"font-family: Arial, serif;\"><span style=\"font-size: medium;\"><b>Courses<\/b><\/span><\/span><span style=\"font-family: Arial, serif;\"><span style=\"font-size: medium;\"> sobre los siguientes temas:<\/span><\/span><\/p><ul><li><span style=\"font-family: Arial, serif;\"><span style=\"font-size: medium;\">Fundamentos de Terapia Respiratoria en \u00c9poca de COVID <\/span><\/span><\/li><li><span style=\"font-family: Arial, serif;\"><span style=\"font-size: medium;\">Para el Cuidado de la Salud Mental<\/span><\/span><\/li><li><span style=\"font-family: Arial, serif;\"><span style=\"font-size: medium;\">Atenci\u00f3n Hospitalaria<\/span><\/span><\/li><li><span style=\"font-family: Arial, serif;\"><span style=\"font-size: medium;\">Atenci\u00f3n Ambulatoria <\/span><\/span><\/li><\/ul><p align=\"justify\"><span style=\"font-family: Arial, serif;\"><span style=\"font-size: medium;\"><b>Informaci\u00f3n<\/b><\/span><\/span><span style=\"font-family: Arial, serif;\"><span style=\"font-size: medium;\"> acerca de: <\/span><\/span><\/p><ul><li><span style=\"font-family: Arial, serif;\"><span style=\"font-size: medium;\">Evidencia para la Atenci\u00f3n de COVID-19 en Escenarios Especiales <\/span><\/span><\/li><li><span style=\"font-family: Arial, serif;\"><span style=\"font-size: medium;\">Evidencia para la Atenci\u00f3n Ambulatoria de Pacientes con COVID-19 <\/span><\/span><\/li><li><span style=\"font-family: Arial, serif;\"><span style=\"font-size: medium;\">Evidencia para la Atenci\u00f3n Hospitalaria de Pacientes con COVID-19 <\/span><\/span><\/li><\/ul><p align=\"justify\"><span style=\"font-family: Arial, serif;\"><span style=\"font-size: medium;\"><b>Seminarios virtuales<\/b><\/span><\/span><span style=\"font-family: Arial, serif;\"><span style=\"font-size: medium;\"> impartidos por prestigiosas instituciones y reconocidos doctores:<\/span><\/span><\/p><ul><li><span style=\"font-family: Arial, serif;\"><span style=\"font-size: medium;\"><u>COVID-19 Manifestaciones Cl\u00ednicas<\/u><\/span><\/span><span style=\"font-family: Arial, serif;\"><span style=\"font-size: medium;\">: por Dr. Veller<\/span><\/span><\/li><li><span style=\"font-family: Arial, serif;\"><span style=\"font-size: medium;\"><u>100 d\u00edas de pandemia COVID-19<\/u><\/span><\/span><span style=\"font-family: Arial, serif;\"><span style=\"font-size: medium;\">: por FLS SCIENCE Hospital Clinic Barcelona<\/span><\/span><\/li><li><span style=\"font-family: Arial, serif;\"><span style=\"font-size: medium;\"><u>Coagulaci\u00f3n y Anticoagulaci\u00f3n en pacientes COVID-19<\/u><\/span><\/span><span style=\"font-family: Arial, serif;\"><span style=\"font-size: medium;\">: por SETH<\/span><\/span><\/li><li><span style=\"font-family: Arial, serif;\"><span style=\"font-size: medium;\"><u>Aspectos Hematol\u00f3gicos del COVID-19<\/u><\/span><\/span><span style=\"font-family: Arial, serif;\"><span style=\"font-size: medium;\">: por Universidad de Antioqu\u00eda <\/span><\/span><\/li><li><span style=\"font-family: Arial, serif;\"><span style=\"font-size: medium;\"><u>SARS-CoV-2 Una Pandemia<\/u><\/span><\/span><span style=\"font-family: Arial, serif;\"><span style=\"font-size: medium;\">: por FLS SCIENCE Hospital Clinic Barcelona <\/span><\/span><\/li><li><span style=\"font-family: Arial, serif;\"><span style=\"font-size: medium;\"><u>Salud Mental en Personal de Salud durante la Pandemia<\/u><\/span><\/span><span style=\"font-family: Arial, serif;\"><span style=\"font-size: medium;\">: por Universidad de Antioqu\u00eda<\/span><\/span><\/li><li><span style=\"font-family: Arial, serif;\"><span style=\"font-size: medium;\"><u>La Bio\u00e9tica en las Pandemias<\/u><\/span><\/span><span style=\"font-family: Arial, serif;\"><span style=\"font-size: medium;\">: por Universidad de Antioqu\u00eda<\/span><\/span><\/li><li><span style=\"font-family: Arial, serif;\"><span style=\"font-size: medium;\"><u>Habilidades No T\u00e9cnicas para Afrontar Situaciones de Crisis<\/u><\/span><\/span><span style=\"font-family: Arial, serif;\"><span style=\"font-size: medium;\">: por Universidad de Antioqu\u00eda <\/span><\/span><\/li><\/ul><p align=\"justify\"><span style=\"font-family: Arial, serif;\"><span style=\"font-size: medium;\">Adem\u00e1s, escucha los podcasts y lee los <\/span><\/span><span style=\"font-family: Arial, serif;\"><span style=\"font-size: medium;\"><i>factsheets<\/i><\/span><\/span><span style=\"font-family: Arial, serif;\"><span style=\"font-size: medium;\"> emitidos por la <\/span><\/span><span style=\"font-family: Arial, serif;\"><span style=\"font-size: medium;\"><b>Organizaci\u00f3n Panamericana de Salud (OPS).<\/b><\/span><\/span><\/p><p align=\"justify\"><span style=\"font-family: Arial, serif;\"><span style=\"font-size: medium;\"><b>Recursos<\/b><\/span><\/span><span style=\"font-family: Arial, serif;\"><span style=\"font-size: medium;\"> adicionales como Trasplantes y COVID-19, Recursos para la Atenci\u00f3n de la Salud y Recursos para el Cuidado de la Salud Mental del Personal de Salud.<\/span><\/span><\/p><p align=\"justify\"><span style=\"font-family: Arial, serif;\"><span style=\"font-size: medium;\">Para conocer m\u00e1s sobre Salud Digital, inscr\u00edbete a su newsletter y visita el portal que est\u00e1 al inicio de la nota<\/span><\/span><\/p>\t\t\t\t\t\t\t\t<\/div>\n\t\t\t\t<\/div>\n\t\t\t\t<div class=\"elementor-element elementor-element-9200dd8 elementor-widget elementor-widget-spacer\" data-id=\"9200dd8\" data-element_type=\"widget\" data-e-type=\"widget\" data-widget_type=\"spacer.default\">\n\t\t\t\t<div class=\"elementor-widget-container\">\n\t\t\t\t\t\t\t<div class=\"elementor-spacer\">\n\t\t\t<div class=\"elementor-spacer-inner\"><\/div>\n\t\t<\/div>\n\t\t\t\t\t\t<\/div>\n\t\t\t\t<\/div>\n\t\t\t\t\t<\/div>\n\t\t<\/div>\n\t\t\t\t\t<\/div>\n\t\t<\/section>\n\t\t\t\t<\/div>","protected":false},"excerpt":{"rendered":"<p>Salud Salud Digital, portal de Fundaci\u00f3n Carlos Slim que ofrece informaci\u00f3n sobre COVID-19 para profesionales de la salud Acceso Latino se preocupa por tu salud y por esta raz\u00f3n te contamos sobre Salud Digital, el portal de Fundaci\u00f3n Carlos Slim que ofrece cursos y tutoriales sobre COVID-19 para profesionales de la salud. En este portal encontrar\u00e1s: Cursos sobre los siguientes temas: Fundamentos de Terapia Respiratoria en \u00c9poca de COVID Para el Cuidado de la Salud Mental Atenci\u00f3n Hospitalaria Atenci\u00f3n Ambulatoria Informaci\u00f3n acerca de: Evidencia para la Atenci\u00f3n de COVID-19 en Escenarios Especiales Evidencia para la Atenci\u00f3n Ambulatoria de Pacientes con COVID-19 Evidencia para la Atenci\u00f3n Hospitalaria de Pacientes con COVID-19 Seminarios virtuales impartidos por prestigiosas instituciones y reconocidos doctores: COVID-19 Manifestaciones Cl\u00ednicas: por Dr. Veller 100 d\u00edas de pandemia COVID-19: por FLS SCIENCE Hospital Clinic Barcelona Coagulaci\u00f3n y Anticoagulaci\u00f3n en pacientes COVID-19: por SETH Aspectos Hematol\u00f3gicos del COVID-19: por Universidad de Antioqu\u00eda SARS-CoV-2 Una Pandemia: por FLS SCIENCE Hospital Clinic Barcelona Salud Mental en Personal de Salud durante la Pandemia: por Universidad de Antioqu\u00eda La Bio\u00e9tica en las Pandemias: por Universidad de Antioqu\u00eda Habilidades No T\u00e9cnicas para Afrontar Situaciones de Crisis: por Universidad de Antioqu\u00eda Adem\u00e1s, escucha los podcasts y lee los factsheets emitidos por la Organizaci\u00f3n Panamericana de Salud (OPS). Recursos adicionales como Trasplantes y COVID-19, Recursos para la Atenci\u00f3n de la Salud y Recursos para el Cuidado de la Salud Mental del Personal de Salud. Para conocer m\u00e1s sobre Salud Digital, inscr\u00edbete a su newsletter y visita el portal que est\u00e1 al inicio de la nota<\/p>","protected":false},"author":4,"featured_media":24308,"parent":4668,"menu_order":0,"comment_status":"closed","ping_status":"closed","template":"elementor_header_footer","meta":{"_uf_show_specific_survey":0,"_uf_disable_surveys":false,"footnotes":""},"class_list":["post-24306","page","type-page","status-publish","has-post-thumbnail"],"aioseo_notices":[],"yoast_head":"<!-- This site is optimized with the Yoast SEO plugin v27.4 - https:\/\/yoast.com\/product\/yoast-seo-wordpress\/ -->\n<title>Acceso Latino | Salud Digital, portal de Fundaci\u00f3n Carlos Slim que ofrece informaci\u00f3n sobre COVID-19 para profesionales de la salud<\/title>\n<meta name=\"description\" content=\"Conoce tus derechos y lo que Estados Unidos tiene para ofrecer a los migrantes en materia de Salud - Acceso Latino\" \/>\n<meta name=\"robots\" content=\"index, follow, max-snippet:-1, max-image-preview:large, max-video-preview:-1\" \/>\n<link rel=\"canonical\" href=\"https:\/\/accesolatino.org\/en\/salud\/salud-digital-portal-de-fundacion-carlos-slim\/\" \/>\n<meta property=\"og:locale\" content=\"en_US\" \/>\n<meta property=\"og:type\" content=\"article\" \/>\n<meta property=\"og:title\" content=\"Acceso Latino | Salud Digital, portal de Fundaci\u00f3n Carlos Slim que ofrece informaci\u00f3n sobre COVID-19 para profesionales de la salud\" \/>\n<meta property=\"og:description\" content=\"Conoce todo lo que Estados Unidos tiene para ofrecer a los migrantes en materia de Salud\" \/>\n<meta property=\"og:url\" content=\"https:\/\/accesolatino.org\/en\/salud\/salud-digital-portal-de-fundacion-carlos-slim\/\" \/>\n<meta property=\"og:site_name\" content=\"Acceso Latino\" \/>\n<meta property=\"article:publisher\" content=\"https:\/\/www.facebook.com\/AccesoLatinoOrg\" \/>\n<meta property=\"article:modified_time\" content=\"2025-10-16T21:10:38+00:00\" \/>\n<meta property=\"og:image\" content=\"https:\/\/accesolatino.org\/wp-content\/uploads\/2020\/12\/Salud-Digital-portal-que-ofrece-informacion-sobre-COVID-19.png\" \/>\n\t<meta property=\"og:image:width\" content=\"600\" \/>\n\t<meta property=\"og:image:height\" content=\"338\" \/>\n\t<meta property=\"og:image:type\" content=\"image\/png\" \/>\n<meta name=\"twitter:card\" content=\"summary_large_image\" \/>\n<meta name=\"twitter:title\" content=\"Acceso Latino | Salud Digital, portal de Fundaci\u00f3n Carlos Slim que ofrece informaci\u00f3n sobre COVID-19 para profesionales de la salud\" \/>\n<meta name=\"twitter:description\" content=\"Conoce todo lo que Estados Unidos tiene para ofrecer a los migrantes en materia de Salud\" \/>\n<meta name=\"twitter:image\" content=\"https:\/\/accesolatino.org\/wp-content\/uploads\/2020\/12\/Salud-Digital-portal-que-ofrece-informacion-sobre-COVID-19.png\" \/>\n<meta name=\"twitter:site\" content=\"@FAccLatino\" \/>\n<meta name=\"twitter:label1\" content=\"Est. reading time\" \/>\n\t<meta name=\"twitter:data1\" content=\"2 minutes\" \/>\n<script type=\"application\/ld+json\" class=\"yoast-schema-graph\">{\"@context\":\"https:\\\/\\\/schema.org\",\"@graph\":[{\"@type\":\"WebPage\",\"@id\":\"https:\\\/\\\/accesolatino.org\\\/salud\\\/salud-digital-portal-de-fundacion-carlos-slim\\\/\",\"url\":\"https:\\\/\\\/accesolatino.org\\\/salud\\\/salud-digital-portal-de-fundacion-carlos-slim\\\/\",\"name\":\"Acceso Latino | Salud Digital, portal de Fundaci\u00f3n Carlos Slim que ofrece informaci\u00f3n sobre COVID-19 para profesionales de la salud\",\"isPartOf\":{\"@id\":\"https:\\\/\\\/accesolatino.org\\\/#website\"},\"primaryImageOfPage\":{\"@id\":\"https:\\\/\\\/accesolatino.org\\\/salud\\\/salud-digital-portal-de-fundacion-carlos-slim\\\/#primaryimage\"},\"image\":{\"@id\":\"https:\\\/\\\/accesolatino.org\\\/salud\\\/salud-digital-portal-de-fundacion-carlos-slim\\\/#primaryimage\"},\"thumbnailUrl\":\"https:\\\/\\\/accesolatino.org\\\/wp-content\\\/uploads\\\/2020\\\/12\\\/Salud-Digital-portal-que-ofrece-informacion-sobre-COVID-19.png\",\"datePublished\":\"2020-12-10T22:23:53+00:00\",\"dateModified\":\"2025-10-16T21:10:38+00:00\",\"description\":\"Conoce tus derechos y lo que Estados Unidos tiene para ofrecer a los migrantes en materia de Salud - Acceso Latino\",\"breadcrumb\":{\"@id\":\"https:\\\/\\\/accesolatino.org\\\/salud\\\/salud-digital-portal-de-fundacion-carlos-slim\\\/#breadcrumb\"},\"inLanguage\":\"en-US\",\"potentialAction\":[{\"@type\":\"ReadAction\",\"target\":[\"https:\\\/\\\/accesolatino.org\\\/salud\\\/salud-digital-portal-de-fundacion-carlos-slim\\\/\"]}]},{\"@type\":\"ImageObject\",\"inLanguage\":\"en-US\",\"@id\":\"https:\\\/\\\/accesolatino.org\\\/salud\\\/salud-digital-portal-de-fundacion-carlos-slim\\\/#primaryimage\",\"url\":\"https:\\\/\\\/accesolatino.org\\\/wp-content\\\/uploads\\\/2020\\\/12\\\/Salud-Digital-portal-que-ofrece-informacion-sobre-COVID-19.png\",\"contentUrl\":\"https:\\\/\\\/accesolatino.org\\\/wp-content\\\/uploads\\\/2020\\\/12\\\/Salud-Digital-portal-que-ofrece-informacion-sobre-COVID-19.png\",\"width\":600,\"height\":338,\"caption\":\"salud digital\"},{\"@type\":\"BreadcrumbList\",\"@id\":\"https:\\\/\\\/accesolatino.org\\\/salud\\\/salud-digital-portal-de-fundacion-carlos-slim\\\/#breadcrumb\",\"itemListElement\":[{\"@type\":\"ListItem\",\"position\":1,\"name\":\"Portada\",\"item\":\"https:\\\/\\\/accesolatino.org\\\/\"},{\"@type\":\"ListItem\",\"position\":2,\"name\":\"Salud\",\"item\":\"https:\\\/\\\/accesolatino.org\\\/salud\\\/\"},{\"@type\":\"ListItem\",\"position\":3,\"name\":\"Salud Digital, portal de Fundaci\u00f3n Carlos Slim que ofrece informaci\u00f3n sobre COVID-19 para profesionales de la salud\"}]},{\"@type\":\"WebSite\",\"@id\":\"https:\\\/\\\/accesolatino.org\\\/#website\",\"url\":\"https:\\\/\\\/accesolatino.org\\\/\",\"name\":\"Acceso Latino | Fundaci\u00f3n Carlos Slim\",\"description\":\"Fundaci\u00f3n Carlos Slim\",\"publisher\":{\"@id\":\"https:\\\/\\\/accesolatino.org\\\/#organization\"},\"potentialAction\":[{\"@type\":\"SearchAction\",\"target\":{\"@type\":\"EntryPoint\",\"urlTemplate\":\"https:\\\/\\\/accesolatino.org\\\/?s={search_term_string}\"},\"query-input\":{\"@type\":\"PropertyValueSpecification\",\"valueRequired\":true,\"valueName\":\"search_term_string\"}}],\"inLanguage\":\"en-US\"},{\"@type\":\"Organization\",\"@id\":\"https:\\\/\\\/accesolatino.org\\\/#organization\",\"name\":\"Acceso Latino | Fundaci\u00f3n Carlos Slim\",\"url\":\"https:\\\/\\\/accesolatino.org\\\/\",\"logo\":{\"@type\":\"ImageObject\",\"inLanguage\":\"en-US\",\"@id\":\"https:\\\/\\\/accesolatino.org\\\/#\\\/schema\\\/logo\\\/image\\\/\",\"url\":\"https:\\\/\\\/accesolatino.org\\\/wp-content\\\/uploads\\\/2021\\\/02\\\/logo-footer-acceso-latino.png\",\"contentUrl\":\"https:\\\/\\\/accesolatino.org\\\/wp-content\\\/uploads\\\/2021\\\/02\\\/logo-footer-acceso-latino.png\",\"width\":240,\"height\":40,\"caption\":\"Acceso Latino | Fundaci\u00f3n Carlos Slim\"},\"image\":{\"@id\":\"https:\\\/\\\/accesolatino.org\\\/#\\\/schema\\\/logo\\\/image\\\/\"},\"sameAs\":[\"https:\\\/\\\/www.facebook.com\\\/AccesoLatinoOrg\",\"https:\\\/\\\/x.com\\\/FAccLatino\"]}]}<\/script>\n<!-- \/ Yoast SEO plugin. -->","yoast_head_json":{"title":"Acceso Latino | Salud Digital, portal de Fundaci\u00f3n Carlos Slim que ofrece informaci\u00f3n sobre COVID-19 para profesionales de la salud","description":"Conoce tus derechos y lo que Estados Unidos tiene para ofrecer a los migrantes en materia de Salud - Acceso Latino","robots":{"index":"index","follow":"follow","max-snippet":"max-snippet:-1","max-image-preview":"max-image-preview:large","max-video-preview":"max-video-preview:-1"},"canonical":"https:\/\/accesolatino.org\/en\/salud\/salud-digital-portal-de-fundacion-carlos-slim\/","og_locale":"en_US","og_type":"article","og_title":"Acceso Latino | Salud Digital, portal de Fundaci\u00f3n Carlos Slim que ofrece informaci\u00f3n sobre COVID-19 para profesionales de la salud","og_description":"Conoce todo lo que Estados Unidos tiene para ofrecer a los migrantes en materia de Salud","og_url":"https:\/\/accesolatino.org\/en\/salud\/salud-digital-portal-de-fundacion-carlos-slim\/","og_site_name":"Acceso Latino","article_publisher":"https:\/\/www.facebook.com\/AccesoLatinoOrg","article_modified_time":"2025-10-16T21:10:38+00:00","og_image":[{"width":600,"height":338,"url":"https:\/\/accesolatino.org\/wp-content\/uploads\/2020\/12\/Salud-Digital-portal-que-ofrece-informacion-sobre-COVID-19.png","type":"image\/png"}],"twitter_card":"summary_large_image","twitter_title":"Acceso Latino | Salud Digital, portal de Fundaci\u00f3n Carlos Slim que ofrece informaci\u00f3n sobre COVID-19 para profesionales de la salud","twitter_description":"Conoce todo lo que Estados Unidos tiene para ofrecer a los migrantes en materia de Salud","twitter_image":"https:\/\/accesolatino.org\/wp-content\/uploads\/2020\/12\/Salud-Digital-portal-que-ofrece-informacion-sobre-COVID-19.png","twitter_site":"@FAccLatino","twitter_misc":{"Est. reading time":"2 minutes"},"schema":{"@context":"https:\/\/schema.org","@graph":[{"@type":"WebPage","@id":"https:\/\/accesolatino.org\/salud\/salud-digital-portal-de-fundacion-carlos-slim\/","url":"https:\/\/accesolatino.org\/salud\/salud-digital-portal-de-fundacion-carlos-slim\/","name":"Acceso Latino | Salud Digital, portal de Fundaci\u00f3n Carlos Slim que ofrece informaci\u00f3n sobre COVID-19 para profesionales de la salud","isPartOf":{"@id":"https:\/\/accesolatino.org\/#website"},"primaryImageOfPage":{"@id":"https:\/\/accesolatino.org\/salud\/salud-digital-portal-de-fundacion-carlos-slim\/#primaryimage"},"image":{"@id":"https:\/\/accesolatino.org\/salud\/salud-digital-portal-de-fundacion-carlos-slim\/#primaryimage"},"thumbnailUrl":"https:\/\/accesolatino.org\/wp-content\/uploads\/2020\/12\/Salud-Digital-portal-que-ofrece-informacion-sobre-COVID-19.png","datePublished":"2020-12-10T22:23:53+00:00","dateModified":"2025-10-16T21:10:38+00:00","description":"Conoce tus derechos y lo que Estados Unidos tiene para ofrecer a los migrantes en materia de Salud - Acceso Latino","breadcrumb":{"@id":"https:\/\/accesolatino.org\/salud\/salud-digital-portal-de-fundacion-carlos-slim\/#breadcrumb"},"inLanguage":"en-US","potentialAction":[{"@type":"ReadAction","target":["https:\/\/accesolatino.org\/salud\/salud-digital-portal-de-fundacion-carlos-slim\/"]}]},{"@type":"ImageObject","inLanguage":"en-US","@id":"https:\/\/accesolatino.org\/salud\/salud-digital-portal-de-fundacion-carlos-slim\/#primaryimage","url":"https:\/\/accesolatino.org\/wp-content\/uploads\/2020\/12\/Salud-Digital-portal-que-ofrece-informacion-sobre-COVID-19.png","contentUrl":"https:\/\/accesolatino.org\/wp-content\/uploads\/2020\/12\/Salud-Digital-portal-que-ofrece-informacion-sobre-COVID-19.png","width":600,"height":338,"caption":"salud digital"},{"@type":"BreadcrumbList","@id":"https:\/\/accesolatino.org\/salud\/salud-digital-portal-de-fundacion-carlos-slim\/#breadcrumb","itemListElement":[{"@type":"ListItem","position":1,"name":"Portada","item":"https:\/\/accesolatino.org\/"},{"@type":"ListItem","position":2,"name":"Salud","item":"https:\/\/accesolatino.org\/salud\/"},{"@type":"ListItem","position":3,"name":"Salud Digital, portal de Fundaci\u00f3n Carlos Slim que ofrece informaci\u00f3n sobre COVID-19 para profesionales de la salud"}]},{"@type":"WebSite","@id":"https:\/\/accesolatino.org\/#website","url":"https:\/\/accesolatino.org\/","name":"Acceso Latino | Fundaci\u00f3n Carlos Slim","description":"Fundaci\u00f3n Carlos Slim","publisher":{"@id":"https:\/\/accesolatino.org\/#organization"},"potentialAction":[{"@type":"SearchAction","target":{"@type":"EntryPoint","urlTemplate":"https:\/\/accesolatino.org\/?s={search_term_string}"},"query-input":{"@type":"PropertyValueSpecification","valueRequired":true,"valueName":"search_term_string"}}],"inLanguage":"en-US"},{"@type":"Organization","@id":"https:\/\/accesolatino.org\/#organization","name":"Acceso Latino | Fundaci\u00f3n Carlos Slim","url":"https:\/\/accesolatino.org\/","logo":{"@type":"ImageObject","inLanguage":"en-US","@id":"https:\/\/accesolatino.org\/#\/schema\/logo\/image\/","url":"https:\/\/accesolatino.org\/wp-content\/uploads\/2021\/02\/logo-footer-acceso-latino.png","contentUrl":"https:\/\/accesolatino.org\/wp-content\/uploads\/2021\/02\/logo-footer-acceso-latino.png","width":240,"height":40,"caption":"Acceso Latino | Fundaci\u00f3n Carlos Slim"},"image":{"@id":"https:\/\/accesolatino.org\/#\/schema\/logo\/image\/"},"sameAs":["https:\/\/www.facebook.com\/AccesoLatinoOrg","https:\/\/x.com\/FAccLatino"]}]}},"_links":{"self":[{"href":"https:\/\/accesolatino.org\/en\/wp-json\/wp\/v2\/pages\/24306","targetHints":{"allow":["GET"]}}],"collection":[{"href":"https:\/\/accesolatino.org\/en\/wp-json\/wp\/v2\/pages"}],"about":[{"href":"https:\/\/accesolatino.org\/en\/wp-json\/wp\/v2\/types\/page"}],"author":[{"embeddable":true,"href":"https:\/\/accesolatino.org\/en\/wp-json\/wp\/v2\/users\/4"}],"replies":[{"embeddable":true,"href":"https:\/\/accesolatino.org\/en\/wp-json\/wp\/v2\/comments?post=24306"}],"version-history":[{"count":1,"href":"https:\/\/accesolatino.org\/en\/wp-json\/wp\/v2\/pages\/24306\/revisions"}],"predecessor-version":[{"id":64016,"href":"https:\/\/accesolatino.org\/en\/wp-json\/wp\/v2\/pages\/24306\/revisions\/64016"}],"up":[{"embeddable":true,"href":"https:\/\/accesolatino.org\/en\/wp-json\/wp\/v2\/pages\/4668"}],"wp:featuredmedia":[{"embeddable":true,"href":"https:\/\/accesolatino.org\/en\/wp-json\/wp\/v2\/media\/24308"}],"wp:attachment":[{"href":"https:\/\/accesolatino.org\/en\/wp-json\/wp\/v2\/media?parent=24306"}],"curies":[{"name":"wp","href":"https:\/\/api.w.org\/{rel}","templated":true}]}}