{"id":24261,"date":"2020-12-09T06:00:00","date_gmt":"2020-12-09T12:00:00","guid":{"rendered":"https:\/\/accesolatino.org\/?page_id=24261"},"modified":"2025-10-17T17:31:14","modified_gmt":"2025-10-17T23:31:14","slug":"requisitos-para-solicitar-daca-por-primera-vez","status":"publish","type":"page","link":"https:\/\/accesolatino.org\/en\/requisitos-para-solicitar-daca-por-primera-vez\/","title":{"rendered":"Requirements to apply for DACA for the first time"},"content":{"rendered":"<div data-elementor-type=\"wp-post\" data-elementor-id=\"24261\" class=\"elementor elementor-24261\">\n\t\t\t\t\t\t<section class=\"elementor-section elementor-top-section elementor-element elementor-element-ecf81a2 elementor-section-full_width elementor-section-height-min-height elementor-section-items-stretch elementor-section-height-default wpr-particle-no wpr-jarallax-no wpr-parallax-no wpr-sticky-section-no wpr-equal-height-no\" data-id=\"ecf81a2\" data-element_type=\"section\" data-e-type=\"section\" data-settings=\"{&quot;background_background&quot;:&quot;classic&quot;}\">\n\t\t\t\t\t\t<div class=\"elementor-container elementor-column-gap-no\">\n\t\t\t\t\t<div class=\"elementor-column elementor-col-100 elementor-top-column elementor-element elementor-element-8f7782c\" data-id=\"8f7782c\" data-element_type=\"column\" data-e-type=\"column\">\n\t\t\t<div class=\"elementor-widget-wrap elementor-element-populated\">\n\t\t\t\t\t\t<div class=\"elementor-element elementor-element-4a22e85 elementor--h-position-center elementor--v-position-middle elementor-widget elementor-widget-slides\" data-id=\"4a22e85\" data-element_type=\"widget\" data-e-type=\"widget\" data-settings=\"{&quot;navigation&quot;:&quot;none&quot;,&quot;infinite&quot;:&quot;yes&quot;,&quot;transition&quot;:&quot;slide&quot;,&quot;transition_speed&quot;:500}\" data-widget_type=\"slides.default\">\n\t\t\t\t<div class=\"elementor-widget-container\">\n\t\t\t\t\t\t\t<div class=\"elementor-swiper\">\n\t\t\t<div class=\"elementor-slides-wrapper elementor-main-swiper swiper-container\" dir=\"ltr\" data-animation=\"\">\n\t\t\t\t<div class=\"swiper-wrapper elementor-slides\">\n\t\t\t\t\t\t\t\t\t\t<div class=\"elementor-repeater-item-d983a28 swiper-slide\"><div class=\"swiper-slide-bg\"><\/div><div class=\"swiper-slide-inner\" ><div class=\"swiper-slide-contents\"><div class=\"elementor-slide-heading\">Legal Guidance<\/div><\/div><\/div><\/div>\t\t\t\t<\/div>\n\t\t\t\t\t\t\t<\/div>\n\t\t<\/div>\n\t\t\t\t\t\t<\/div>\n\t\t\t\t<\/div>\n\t\t\t\t\t<\/div>\n\t\t<\/div>\n\t\t\t\t\t<\/div>\n\t\t<\/section>\n\t\t\t\t<section class=\"elementor-section elementor-top-section elementor-element elementor-element-03ca104 elementor-section-stretched elementor-section-boxed elementor-section-height-default elementor-section-height-default wpr-particle-no wpr-jarallax-no wpr-parallax-no wpr-sticky-section-no wpr-equal-height-no\" data-id=\"03ca104\" data-element_type=\"section\" data-e-type=\"section\" data-settings=\"{&quot;stretch_section&quot;:&quot;section-stretched&quot;,&quot;background_background&quot;:&quot;classic&quot;}\">\n\t\t\t\t\t\t<div class=\"elementor-container elementor-column-gap-default\">\n\t\t\t\t\t<div class=\"elementor-column elementor-col-100 elementor-top-column elementor-element elementor-element-2bfeba9\" data-id=\"2bfeba9\" data-element_type=\"column\" data-e-type=\"column\">\n\t\t\t<div class=\"elementor-widget-wrap elementor-element-populated\">\n\t\t\t\t\t\t<div class=\"elementor-element elementor-element-c64ebbd elementor-widget elementor-widget-heading\" data-id=\"c64ebbd\" data-element_type=\"widget\" data-e-type=\"widget\" data-widget_type=\"heading.default\">\n\t\t\t\t<div class=\"elementor-widget-container\">\n\t\t\t\t\t<h3 class=\"elementor-heading-title elementor-size-default\">Requirements to apply for DACA for the first time<\/h3>\t\t\t\t<\/div>\n\t\t\t\t<\/div>\n\t\t\t\t<div class=\"elementor-element elementor-element-d6eb647 elementor-widget elementor-widget-text-editor\" data-id=\"d6eb647\" data-element_type=\"widget\" data-e-type=\"widget\" data-widget_type=\"text-editor.default\">\n\t\t\t\t<div class=\"elementor-widget-container\">\n\t\t\t\t\t\t\t\t\t<b>Acceso Latino<\/b> en su secci\u00f3n <a href=\"https:\/\/accesolatino.org\/en\/orientacion-legal\/\">Legal Guidance<\/a> te brinda informaci\u00f3n sobre el programa de Acci\u00f3n Diferida para los Llegados en la Infancia en la tarjeta \u201cAsesor\u00eda sobre DACA\u201d. <\/br><\/br>\nEn esta ocasi\u00f3n, te enumeramos algunos de los requisitos m\u00e1s significativos para solicitar DACA por primera vez: <\/br><\/br>\n\n<ul>\n \t<li>Tienes que haber llegado a Estados Unidos <b>antes del 15 de junio del 2007<\/b><\/li>\n \t<li>La edad m\u00ednima para solicitar DACA es de 15 a\u00f1os. Si entraste al pa\u00eds antes de cumplir los 16, calificas, pero si ten\u00edas esa edad, desafortunadamente no. <\/li>\n \t<li>Si estabas en el pa\u00eds antes de esa fecha, no es necesario que cuentes con registros que lo comprueben, aunque siempre es mejor prevenir. Si llegaste en el 2007, entonces a la fecha debes demostrar que has vivido en este pa\u00eds 13 a\u00f1os, y esto lo puedes hacer con certificados escolares y m\u00e9dicos, incluso si participaste dentro de un equipo deportivo tambi\u00e9n; entre m\u00e1s papeles, mejor.<\/li>\n \t<li>No tener r\u00e9cord criminal: esto implica nada de arrestos, felon\u00edas o delitos menores.<\/li>\n \t<li>Haberse graduado de High School o estar curs\u00e1ndolo aunque sea el 10\u00b0 grado. Si en tu pa\u00eds de origen s\u00f3lo acudiste a la primaria, te puedes inscribir al GED (examen de equivalencia de High School), y calificar presentando los comprobantes. <\/li>\n \t<li>Cuando <b>la ley fue firmada el 15 de junio del 2012<\/b>, ten\u00edas que ser menor de 31 a\u00f1os. Si hoy en d\u00eda tienes m\u00e1s de esa edad y no aplicaste en el pasado por diversas circunstancias, s\u00ed lo puedes hacer ya que cuando se dio la orden no ten\u00edas esa edad. <\/li>\n \t<li>Disponer de US$495 los cuales son destinados para USCIS (Servicio de Ciudadan\u00eda e Inmigraci\u00f3n de los Estados Unidos). De preferencia que no sea en cheque, porque si llega a rebotar, tu solicitud ser\u00e1 cancelada y deber\u00e1s comenzar de nuevo. Lo m\u00e1s recomendable es dinero en efectivo, un <i>money order<\/i> (giro postal) o un <i>cashier\u2019s check <\/i>(cheque de caja) emitido por un banco.<\/li>\n \t<li>Env\u00eda la solicitud por un servicio de correos confiable. <\/li>\n \t<li>Se puede volver a aplicar, pero se debe revisar por qu\u00e9 fuiste rechazado en el pasado. Si fue por un delito, tienes que acudir con un abogado. <\/li>\n \t<li>Si pasaste mucho tiempo sin renovar DACA lo puedes hacer; simplemente tienes que hacer el proceso como si fuera la primera vez.<\/li>\n \t<li>Si en tu pa\u00eds de origen hay una emergencia m\u00e9dica que te har\u00eda salir de EEUU, solicita comprobantes m\u00e9dicos, cartas de hospitalizaci\u00f3n o actas de defunci\u00f3n que te permitan regresar sin pausar el proceso. Si t\u00fa tienes una enfermedad y no puedes costearla en este pa\u00eds o no est\u00e1s convencido con el tratamiento que te proponen, entonces cuenta con cartas de m\u00e9dicos estadounidenses que digan que necesitas otra opini\u00f3n y por eso tienes que irte. En este caso, puedes pedir un <i>advance parole<\/i>(permiso de viaje). <\/li>\n<\/ul>\n<u>Recomendaciones<\/u>\n<ul>\n \t<li>No dejes ning\u00fan espacio en blanco y revisa bien tu solicitud, porque pueden cancelarla.<\/li>\n \t<li>No hay que dejar mucho tiempo entre un documento u otro al momento de presentar; tiene que ser un documento por mes o por trimestre. Lo m\u00e1s recomendable es de 1 a 2 por cada trimestre, como m\u00ednimo.<\/li>\n \t<li>La carga p\u00fablica no afecta al momento de solicitar. <\/li>\n \t<li>Todos los documentos tienen que ser traducidos al ingl\u00e9s.<\/li>\n \t<li>Cuenta con un pasaporte de tu pa\u00eds de origen en caso de salir del pa\u00eds.<\/li>\n \t<li>Manda tu paquete por FedEx, DHL o UPS, porque son r\u00e1pidos y confiables; de esta manera sabes cu\u00e1ndo lo recibi\u00f3 USCIS. <\/li>\n<\/ul>\nSi deseas m\u00e1s informaci\u00f3n o necesitas ayuda legal, no olvides que en esta misma secci\u00f3n en la tarjeta \u201cAbogados con costo\u201d, podr\u00e1s encontrar abogados confiables tanto con costo o pro bono, que te llevar\u00e1n de la mano para convertirte en <i>dreamer<\/i><\/br><\/br>\nFuente: Abogada Alma Rosa Nieto\t\t\t\t\t\t\t\t<\/div>\n\t\t\t\t<\/div>\n\t\t\t\t<div class=\"elementor-element elementor-element-76ac5ec elementor-widget elementor-widget-spacer\" data-id=\"76ac5ec\" data-element_type=\"widget\" data-e-type=\"widget\" data-widget_type=\"spacer.default\">\n\t\t\t\t<div class=\"elementor-widget-container\">\n\t\t\t\t\t\t\t<div class=\"elementor-spacer\">\n\t\t\t<div class=\"elementor-spacer-inner\"><\/div>\n\t\t<\/div>\n\t\t\t\t\t\t<\/div>\n\t\t\t\t<\/div>\n\t\t\t\t\t<\/div>\n\t\t<\/div>\n\t\t\t\t\t<\/div>\n\t\t<\/section>\n\t\t\t\t<\/div>","protected":false},"excerpt":{"rendered":"<p>Orientaci\u00f3n Legal Requisitos para solicitar DACA por primera vez Acceso Latino en su secci\u00f3n Orientaci\u00f3n Legal te brinda informaci\u00f3n sobre el programa de Acci\u00f3n Diferida para los Llegados en la Infancia en la tarjeta \u201cAsesor\u00eda sobre DACA\u201d. En esta ocasi\u00f3n, te enumeramos algunos de los requisitos m\u00e1s significativos para solicitar DACA por primera vez: Tienes que haber llegado a Estados Unidos antes del 15 de junio del 2007 La edad m\u00ednima para solicitar DACA es de 15 a\u00f1os. Si entraste al pa\u00eds antes de cumplir los 16, calificas, pero si ten\u00edas esa edad, desafortunadamente no. Si estabas en el pa\u00eds antes de esa fecha, no es necesario que cuentes con registros que lo comprueben, aunque siempre es mejor prevenir. Si llegaste en el 2007, entonces a la fecha debes demostrar que has vivido en este pa\u00eds 13 a\u00f1os, y esto lo puedes hacer con certificados escolares y m\u00e9dicos, incluso si participaste dentro de un equipo deportivo tambi\u00e9n; entre m\u00e1s papeles, mejor. No tener r\u00e9cord criminal: esto implica nada de arrestos, felon\u00edas o delitos menores. Haberse graduado de High School o estar curs\u00e1ndolo aunque sea el 10\u00b0 grado. Si en tu pa\u00eds de origen s\u00f3lo acudiste a la primaria, te puedes inscribir al GED (examen de equivalencia de High School), y calificar presentando los comprobantes. Cuando la ley fue firmada el 15 de junio del 2012, ten\u00edas que ser menor de 31 a\u00f1os. Si hoy en d\u00eda tienes m\u00e1s de esa edad y no aplicaste en el pasado por diversas circunstancias, s\u00ed lo puedes hacer ya que cuando se dio la orden no ten\u00edas esa edad. Disponer de US$495 los cuales son destinados para USCIS (Servicio de Ciudadan\u00eda e Inmigraci\u00f3n de los Estados Unidos). De preferencia que no sea en cheque, porque si llega a rebotar, tu solicitud ser\u00e1 cancelada y deber\u00e1s comenzar de nuevo. Lo m\u00e1s recomendable es dinero en efectivo, un money order (giro postal) o un cashier\u2019s check (cheque de caja) emitido por un banco. Env\u00eda la solicitud por un servicio de correos confiable. Se puede volver a aplicar, pero se debe revisar por qu\u00e9 fuiste rechazado en el pasado. Si fue por un delito, tienes que acudir con un abogado. Si pasaste mucho tiempo sin renovar DACA lo puedes hacer; simplemente tienes que hacer el proceso como si fuera la primera vez. Si en tu pa\u00eds de origen hay una emergencia m\u00e9dica que te har\u00eda salir de EEUU, solicita comprobantes m\u00e9dicos, cartas de hospitalizaci\u00f3n o actas de defunci\u00f3n que te permitan regresar sin pausar el proceso. Si t\u00fa tienes una enfermedad y no puedes costearla en este pa\u00eds o no est\u00e1s convencido con el tratamiento que te proponen, entonces cuenta con cartas de m\u00e9dicos estadounidenses que digan que necesitas otra opini\u00f3n y por eso tienes que irte. En este caso, puedes pedir un advance parole(permiso de viaje). Recomendaciones No dejes ning\u00fan espacio en blanco y revisa bien tu solicitud, porque pueden cancelarla. No hay que dejar mucho tiempo entre un documento u otro al momento de presentar; tiene que ser un documento por mes o por trimestre. Lo m\u00e1s recomendable es de 1 a 2 por cada trimestre, como m\u00ednimo. La carga p\u00fablica no afecta al momento de solicitar. Todos los documentos tienen que ser traducidos al ingl\u00e9s. Cuenta con un pasaporte de tu pa\u00eds de origen en caso de salir del pa\u00eds. Manda tu paquete por FedEx, DHL o UPS, porque son r\u00e1pidos y confiables; de esta manera sabes cu\u00e1ndo lo recibi\u00f3 USCIS. Si deseas m\u00e1s informaci\u00f3n o necesitas ayuda legal, no olvides que en esta misma secci\u00f3n en la tarjeta \u201cAbogados con costo\u201d, podr\u00e1s encontrar abogados confiables tanto con costo o pro bono, que te llevar\u00e1n de la mano para convertirte en dreamer Fuente: Abogada Alma Rosa Nieto<\/p>","protected":false},"author":8,"featured_media":24263,"parent":0,"menu_order":0,"comment_status":"closed","ping_status":"closed","template":"elementor_header_footer","meta":{"_uf_show_specific_survey":0,"_uf_disable_surveys":false,"footnotes":""},"class_list":["post-24261","page","type-page","status-publish","has-post-thumbnail"],"aioseo_notices":[],"yoast_head":"<!-- This site is optimized with the Yoast SEO plugin v27.4 - https:\/\/yoast.com\/product\/yoast-seo-wordpress\/ -->\n<title>Requisitos para solicitar DACA por primera vez<\/title>\n<meta name=\"description\" content=\"Requisitos para solicitar\u00a0DACA\u00a0por primera vez Acceso Latino en su secci\u00f3n Orientaci\u00f3n Legal te brinda informaci\u00f3n sobre el...\" \/>\n<meta name=\"robots\" content=\"index, follow, max-snippet:-1, max-image-preview:large, max-video-preview:-1\" \/>\n<link rel=\"canonical\" href=\"https:\/\/accesolatino.org\/en\/requisitos-para-solicitar-daca-por-primera-vez\/\" \/>\n<meta property=\"og:locale\" content=\"en_US\" \/>\n<meta property=\"og:type\" content=\"article\" \/>\n<meta property=\"og:title\" content=\"Acceso Latino | Requisitos para solicitar DACA por primera vez\" \/>\n<meta property=\"og:description\" content=\"Conoce las aplicaciones que te pueden ser de ayuda en otros pa\u00edses.\" \/>\n<meta property=\"og:url\" content=\"https:\/\/accesolatino.org\/en\/requisitos-para-solicitar-daca-por-primera-vez\/\" \/>\n<meta property=\"og:site_name\" content=\"Acceso Latino\" \/>\n<meta property=\"article:publisher\" content=\"https:\/\/www.facebook.com\/AccesoLatinoOrg\" \/>\n<meta property=\"article:modified_time\" content=\"2025-10-17T23:31:14+00:00\" \/>\n<meta property=\"og:image\" content=\"https:\/\/accesolatino.org\/wp-content\/uploads\/2020\/12\/Requisitos-para-solicitar-DACA-por-primera-vez.png\" \/>\n\t<meta property=\"og:image:width\" content=\"600\" \/>\n\t<meta property=\"og:image:height\" content=\"338\" \/>\n\t<meta property=\"og:image:type\" content=\"image\/png\" \/>\n<meta name=\"twitter:card\" content=\"summary_large_image\" \/>\n<meta name=\"twitter:title\" content=\"Acceso Latino | Requisitos para solicitar DACA por primera vez\" \/>\n<meta name=\"twitter:description\" content=\"Conoce las aplicaciones que te pueden ser de ayuda en otros pa\u00edses.\" \/>\n<meta name=\"twitter:image\" content=\"https:\/\/accesolatino.org\/wp-content\/uploads\/2020\/12\/Requisitos-para-solicitar-DACA-por-primera-vez.png\" \/>\n<meta name=\"twitter:site\" content=\"@FAccLatino\" \/>\n<meta name=\"twitter:label1\" content=\"Est. reading time\" \/>\n\t<meta name=\"twitter:data1\" content=\"4 minutes\" \/>\n<script type=\"application\/ld+json\" class=\"yoast-schema-graph\">{\"@context\":\"https:\\\/\\\/schema.org\",\"@graph\":[{\"@type\":\"WebPage\",\"@id\":\"https:\\\/\\\/accesolatino.org\\\/en\\\/requisitos-para-solicitar-daca-por-primera-vez\\\/\",\"url\":\"https:\\\/\\\/accesolatino.org\\\/en\\\/requisitos-para-solicitar-daca-por-primera-vez\\\/\",\"name\":\"Requisitos para solicitar DACA por primera vez\",\"isPartOf\":{\"@id\":\"https:\\\/\\\/accesolatino.org\\\/#website\"},\"primaryImageOfPage\":{\"@id\":\"https:\\\/\\\/accesolatino.org\\\/en\\\/requisitos-para-solicitar-daca-por-primera-vez\\\/#primaryimage\"},\"image\":{\"@id\":\"https:\\\/\\\/accesolatino.org\\\/en\\\/requisitos-para-solicitar-daca-por-primera-vez\\\/#primaryimage\"},\"thumbnailUrl\":\"https:\\\/\\\/accesolatino.org\\\/wp-content\\\/uploads\\\/2020\\\/12\\\/Requisitos-para-solicitar-DACA-por-primera-vez.png\",\"datePublished\":\"2020-12-09T12:00:00+00:00\",\"dateModified\":\"2025-10-17T23:31:14+00:00\",\"description\":\"Requisitos para solicitar\u00a0DACA\u00a0por primera vez Acceso Latino en su secci\u00f3n Orientaci\u00f3n Legal te brinda informaci\u00f3n sobre el...\",\"breadcrumb\":{\"@id\":\"https:\\\/\\\/accesolatino.org\\\/en\\\/requisitos-para-solicitar-daca-por-primera-vez\\\/#breadcrumb\"},\"inLanguage\":\"en-US\",\"potentialAction\":[{\"@type\":\"ReadAction\",\"target\":[\"https:\\\/\\\/accesolatino.org\\\/en\\\/requisitos-para-solicitar-daca-por-primera-vez\\\/\"]}]},{\"@type\":\"ImageObject\",\"inLanguage\":\"en-US\",\"@id\":\"https:\\\/\\\/accesolatino.org\\\/en\\\/requisitos-para-solicitar-daca-por-primera-vez\\\/#primaryimage\",\"url\":\"https:\\\/\\\/accesolatino.org\\\/wp-content\\\/uploads\\\/2020\\\/12\\\/Requisitos-para-solicitar-DACA-por-primera-vez.png\",\"contentUrl\":\"https:\\\/\\\/accesolatino.org\\\/wp-content\\\/uploads\\\/2020\\\/12\\\/Requisitos-para-solicitar-DACA-por-primera-vez.png\",\"width\":600,\"height\":338,\"caption\":\"daca\"},{\"@type\":\"BreadcrumbList\",\"@id\":\"https:\\\/\\\/accesolatino.org\\\/en\\\/requisitos-para-solicitar-daca-por-primera-vez\\\/#breadcrumb\",\"itemListElement\":[{\"@type\":\"ListItem\",\"position\":1,\"name\":\"Portada\",\"item\":\"https:\\\/\\\/accesolatino.org\\\/\"},{\"@type\":\"ListItem\",\"position\":2,\"name\":\"Requisitos para solicitar DACA por primera vez\"}]},{\"@type\":\"WebSite\",\"@id\":\"https:\\\/\\\/accesolatino.org\\\/#website\",\"url\":\"https:\\\/\\\/accesolatino.org\\\/\",\"name\":\"Acceso Latino | Fundaci\u00f3n Carlos Slim\",\"description\":\"Fundaci\u00f3n Carlos Slim\",\"publisher\":{\"@id\":\"https:\\\/\\\/accesolatino.org\\\/#organization\"},\"potentialAction\":[{\"@type\":\"SearchAction\",\"target\":{\"@type\":\"EntryPoint\",\"urlTemplate\":\"https:\\\/\\\/accesolatino.org\\\/?s={search_term_string}\"},\"query-input\":{\"@type\":\"PropertyValueSpecification\",\"valueRequired\":true,\"valueName\":\"search_term_string\"}}],\"inLanguage\":\"en-US\"},{\"@type\":\"Organization\",\"@id\":\"https:\\\/\\\/accesolatino.org\\\/#organization\",\"name\":\"Acceso Latino | Fundaci\u00f3n Carlos Slim\",\"url\":\"https:\\\/\\\/accesolatino.org\\\/\",\"logo\":{\"@type\":\"ImageObject\",\"inLanguage\":\"en-US\",\"@id\":\"https:\\\/\\\/accesolatino.org\\\/#\\\/schema\\\/logo\\\/image\\\/\",\"url\":\"https:\\\/\\\/accesolatino.org\\\/wp-content\\\/uploads\\\/2021\\\/02\\\/logo-footer-acceso-latino.png\",\"contentUrl\":\"https:\\\/\\\/accesolatino.org\\\/wp-content\\\/uploads\\\/2021\\\/02\\\/logo-footer-acceso-latino.png\",\"width\":240,\"height\":40,\"caption\":\"Acceso Latino | Fundaci\u00f3n Carlos Slim\"},\"image\":{\"@id\":\"https:\\\/\\\/accesolatino.org\\\/#\\\/schema\\\/logo\\\/image\\\/\"},\"sameAs\":[\"https:\\\/\\\/www.facebook.com\\\/AccesoLatinoOrg\",\"https:\\\/\\\/x.com\\\/FAccLatino\"]}]}<\/script>\n<!-- \/ Yoast SEO plugin. -->","yoast_head_json":{"title":"Requirements to apply for DACA for the first time","description":"Requisitos para solicitar\u00a0DACA\u00a0por primera vez Acceso Latino en su secci\u00f3n Orientaci\u00f3n Legal te brinda informaci\u00f3n sobre el...","robots":{"index":"index","follow":"follow","max-snippet":"max-snippet:-1","max-image-preview":"max-image-preview:large","max-video-preview":"max-video-preview:-1"},"canonical":"https:\/\/accesolatino.org\/en\/requisitos-para-solicitar-daca-por-primera-vez\/","og_locale":"en_US","og_type":"article","og_title":"Acceso Latino | Requisitos para solicitar DACA por primera vez","og_description":"Conoce las aplicaciones que te pueden ser de ayuda en otros pa\u00edses.","og_url":"https:\/\/accesolatino.org\/en\/requisitos-para-solicitar-daca-por-primera-vez\/","og_site_name":"Acceso Latino","article_publisher":"https:\/\/www.facebook.com\/AccesoLatinoOrg","article_modified_time":"2025-10-17T23:31:14+00:00","og_image":[{"width":600,"height":338,"url":"https:\/\/accesolatino.org\/wp-content\/uploads\/2020\/12\/Requisitos-para-solicitar-DACA-por-primera-vez.png","type":"image\/png"}],"twitter_card":"summary_large_image","twitter_title":"Acceso Latino | Requisitos para solicitar DACA por primera vez","twitter_description":"Conoce las aplicaciones que te pueden ser de ayuda en otros pa\u00edses.","twitter_image":"https:\/\/accesolatino.org\/wp-content\/uploads\/2020\/12\/Requisitos-para-solicitar-DACA-por-primera-vez.png","twitter_site":"@FAccLatino","twitter_misc":{"Est. reading time":"4 minutes"},"schema":{"@context":"https:\/\/schema.org","@graph":[{"@type":"WebPage","@id":"https:\/\/accesolatino.org\/en\/requisitos-para-solicitar-daca-por-primera-vez\/","url":"https:\/\/accesolatino.org\/en\/requisitos-para-solicitar-daca-por-primera-vez\/","name":"Requirements to apply for DACA for the first time","isPartOf":{"@id":"https:\/\/accesolatino.org\/#website"},"primaryImageOfPage":{"@id":"https:\/\/accesolatino.org\/en\/requisitos-para-solicitar-daca-por-primera-vez\/#primaryimage"},"image":{"@id":"https:\/\/accesolatino.org\/en\/requisitos-para-solicitar-daca-por-primera-vez\/#primaryimage"},"thumbnailUrl":"https:\/\/accesolatino.org\/wp-content\/uploads\/2020\/12\/Requisitos-para-solicitar-DACA-por-primera-vez.png","datePublished":"2020-12-09T12:00:00+00:00","dateModified":"2025-10-17T23:31:14+00:00","description":"Requisitos para solicitar\u00a0DACA\u00a0por primera vez Acceso Latino en su secci\u00f3n Orientaci\u00f3n Legal te brinda informaci\u00f3n sobre el...","breadcrumb":{"@id":"https:\/\/accesolatino.org\/en\/requisitos-para-solicitar-daca-por-primera-vez\/#breadcrumb"},"inLanguage":"en-US","potentialAction":[{"@type":"ReadAction","target":["https:\/\/accesolatino.org\/en\/requisitos-para-solicitar-daca-por-primera-vez\/"]}]},{"@type":"ImageObject","inLanguage":"en-US","@id":"https:\/\/accesolatino.org\/en\/requisitos-para-solicitar-daca-por-primera-vez\/#primaryimage","url":"https:\/\/accesolatino.org\/wp-content\/uploads\/2020\/12\/Requisitos-para-solicitar-DACA-por-primera-vez.png","contentUrl":"https:\/\/accesolatino.org\/wp-content\/uploads\/2020\/12\/Requisitos-para-solicitar-DACA-por-primera-vez.png","width":600,"height":338,"caption":"daca"},{"@type":"BreadcrumbList","@id":"https:\/\/accesolatino.org\/en\/requisitos-para-solicitar-daca-por-primera-vez\/#breadcrumb","itemListElement":[{"@type":"ListItem","position":1,"name":"Portada","item":"https:\/\/accesolatino.org\/"},{"@type":"ListItem","position":2,"name":"Requisitos para solicitar DACA por primera vez"}]},{"@type":"WebSite","@id":"https:\/\/accesolatino.org\/#website","url":"https:\/\/accesolatino.org\/","name":"Acceso Latino | Fundaci\u00f3n Carlos Slim","description":"Fundaci\u00f3n Carlos Slim","publisher":{"@id":"https:\/\/accesolatino.org\/#organization"},"potentialAction":[{"@type":"SearchAction","target":{"@type":"EntryPoint","urlTemplate":"https:\/\/accesolatino.org\/?s={search_term_string}"},"query-input":{"@type":"PropertyValueSpecification","valueRequired":true,"valueName":"search_term_string"}}],"inLanguage":"en-US"},{"@type":"Organization","@id":"https:\/\/accesolatino.org\/#organization","name":"Acceso Latino | Fundaci\u00f3n Carlos Slim","url":"https:\/\/accesolatino.org\/","logo":{"@type":"ImageObject","inLanguage":"en-US","@id":"https:\/\/accesolatino.org\/#\/schema\/logo\/image\/","url":"https:\/\/accesolatino.org\/wp-content\/uploads\/2021\/02\/logo-footer-acceso-latino.png","contentUrl":"https:\/\/accesolatino.org\/wp-content\/uploads\/2021\/02\/logo-footer-acceso-latino.png","width":240,"height":40,"caption":"Acceso Latino | Fundaci\u00f3n Carlos Slim"},"image":{"@id":"https:\/\/accesolatino.org\/#\/schema\/logo\/image\/"},"sameAs":["https:\/\/www.facebook.com\/AccesoLatinoOrg","https:\/\/x.com\/FAccLatino"]}]}},"_links":{"self":[{"href":"https:\/\/accesolatino.org\/en\/wp-json\/wp\/v2\/pages\/24261","targetHints":{"allow":["GET"]}}],"collection":[{"href":"https:\/\/accesolatino.org\/en\/wp-json\/wp\/v2\/pages"}],"about":[{"href":"https:\/\/accesolatino.org\/en\/wp-json\/wp\/v2\/types\/page"}],"author":[{"embeddable":true,"href":"https:\/\/accesolatino.org\/en\/wp-json\/wp\/v2\/users\/8"}],"replies":[{"embeddable":true,"href":"https:\/\/accesolatino.org\/en\/wp-json\/wp\/v2\/comments?post=24261"}],"version-history":[{"count":1,"href":"https:\/\/accesolatino.org\/en\/wp-json\/wp\/v2\/pages\/24261\/revisions"}],"predecessor-version":[{"id":60351,"href":"https:\/\/accesolatino.org\/en\/wp-json\/wp\/v2\/pages\/24261\/revisions\/60351"}],"wp:featuredmedia":[{"embeddable":true,"href":"https:\/\/accesolatino.org\/en\/wp-json\/wp\/v2\/media\/24263"}],"wp:attachment":[{"href":"https:\/\/accesolatino.org\/en\/wp-json\/wp\/v2\/media?parent=24261"}],"curies":[{"name":"wp","href":"https:\/\/api.w.org\/{rel}","templated":true}]}}