{"id":24087,"date":"2020-12-07T08:19:35","date_gmt":"2020-12-07T14:19:35","guid":{"rendered":"https:\/\/accesolatino.org\/?page_id=24087"},"modified":"2025-10-09T10:44:55","modified_gmt":"2025-10-09T16:44:55","slug":"chicanos-por-la-causa-organizacion-que-defiende-a-los-mexicoamericanos","status":"publish","type":"page","link":"https:\/\/accesolatino.org\/en\/apoyos-sociales\/chicanos-por-la-causa-organizacion-que-defiende-a-los-mexicoamericanos\/","title":{"rendered":"Chicanos Por La Causa, an organization that advocates for Mexican Americans"},"content":{"rendered":"<div data-elementor-type=\"wp-post\" data-elementor-id=\"24087\" class=\"elementor elementor-24087\">\n\t\t\t\t\t\t<section class=\"elementor-section elementor-top-section elementor-element elementor-element-4b48723 elementor-section-full_width elementor-section-height-min-height elementor-section-items-stretch elementor-section-height-default wpr-particle-no wpr-jarallax-no wpr-parallax-no wpr-sticky-section-no wpr-equal-height-no\" data-id=\"4b48723\" data-element_type=\"section\" data-e-type=\"section\" data-settings=\"{&quot;background_background&quot;:&quot;classic&quot;}\">\n\t\t\t\t\t\t<div class=\"elementor-container elementor-column-gap-no\">\n\t\t\t\t\t<div class=\"elementor-column elementor-col-100 elementor-top-column elementor-element elementor-element-3ec1d25\" data-id=\"3ec1d25\" data-element_type=\"column\" data-e-type=\"column\">\n\t\t\t<div class=\"elementor-widget-wrap elementor-element-populated\">\n\t\t\t\t\t\t<div class=\"elementor-element elementor-element-2b6756b elementor--h-position-center elementor--v-position-middle elementor-widget elementor-widget-slides\" data-id=\"2b6756b\" data-element_type=\"widget\" data-e-type=\"widget\" data-settings=\"{&quot;navigation&quot;:&quot;none&quot;,&quot;infinite&quot;:&quot;yes&quot;,&quot;transition&quot;:&quot;slide&quot;,&quot;transition_speed&quot;:500}\" data-widget_type=\"slides.default\">\n\t\t\t\t<div class=\"elementor-widget-container\">\n\t\t\t\t\t\t\t<div class=\"elementor-swiper\">\n\t\t\t<div class=\"elementor-slides-wrapper elementor-main-swiper swiper-container\" dir=\"ltr\" data-animation=\"\">\n\t\t\t\t<div class=\"swiper-wrapper elementor-slides\">\n\t\t\t\t\t\t\t\t\t\t<div class=\"elementor-repeater-item-d983a28 swiper-slide\"><div class=\"swiper-slide-bg\"><\/div><div class=\"swiper-slide-inner\" ><div class=\"swiper-slide-contents\"><div class=\"elementor-slide-heading\">Social Supports<\/div><\/div><\/div><\/div>\t\t\t\t<\/div>\n\t\t\t\t\t\t\t<\/div>\n\t\t<\/div>\n\t\t\t\t\t\t<\/div>\n\t\t\t\t<\/div>\n\t\t\t\t\t<\/div>\n\t\t<\/div>\n\t\t\t\t\t<\/div>\n\t\t<\/section>\n\t\t\t\t<section class=\"elementor-section elementor-top-section elementor-element elementor-element-88e6ce3 elementor-section-stretched elementor-section-boxed elementor-section-height-default elementor-section-height-default wpr-particle-no wpr-jarallax-no wpr-parallax-no wpr-sticky-section-no wpr-equal-height-no\" data-id=\"88e6ce3\" data-element_type=\"section\" data-e-type=\"section\" data-settings=\"{&quot;stretch_section&quot;:&quot;section-stretched&quot;,&quot;background_background&quot;:&quot;classic&quot;}\">\n\t\t\t\t\t\t<div class=\"elementor-container elementor-column-gap-default\">\n\t\t\t\t\t<div class=\"elementor-column elementor-col-100 elementor-top-column elementor-element elementor-element-9ee869a\" data-id=\"9ee869a\" data-element_type=\"column\" data-e-type=\"column\">\n\t\t\t<div class=\"elementor-widget-wrap elementor-element-populated\">\n\t\t\t\t\t\t<div class=\"elementor-element elementor-element-e60ac3e elementor-widget elementor-widget-heading\" data-id=\"e60ac3e\" data-element_type=\"widget\" data-e-type=\"widget\" data-widget_type=\"heading.default\">\n\t\t\t\t<div class=\"elementor-widget-container\">\n\t\t\t\t\t<h3 class=\"elementor-heading-title elementor-size-default\">Chicanos Por La Causa, an organization that advocates for Mexican Americans<\/h3>\t\t\t\t<\/div>\n\t\t\t\t<\/div>\n\t\t\t\t<div class=\"elementor-element elementor-element-ca8f816 elementor-widget elementor-widget-text-editor\" data-id=\"ca8f816\" data-element_type=\"widget\" data-e-type=\"widget\" data-widget_type=\"text-editor.default\">\n\t\t\t\t<div class=\"elementor-widget-container\">\n\t\t\t\t\t\t\t\t\t<p align=\"justify\"><span style=\"color: #0563c1;\"><u><a href=\"https:\/\/accesolatino.org\/en\/\"><span style=\"font-family: Arial, serif;\"><span style=\"font-size: medium;\">Acceso Latino<\/span><\/span><\/a><\/u><\/span><span style=\"font-family: Arial, serif;\"><span style=\"font-size: medium;\"> cuenta con alianzas que har\u00e1n que tu tiempo en Estados Unidos sea m\u00e1s llevadero en caso de tener un problema. <\/span><\/span><\/p><p align=\"justify\"><span style=\"font-family: Arial, serif;\"><span style=\"font-size: medium;\">En esta ocasi\u00f3n te presentamos <\/span><\/span><span style=\"color: #0563c1;\"><u><a href=\"https:\/\/www.cplc.org\/\"><span style=\"font-family: Arial, serif;\"><span style=\"font-size: medium;\">Chicanos Por La Causa, Inc.<\/span><\/span><\/a><\/u><\/span><span style=\"font-family: Arial, serif;\"><span style=\"font-size: medium;\"> una organizaci\u00f3n sin fines de lucro fundada en Arizona en 1969, creada para mejorar la calidad de vida de los mexicoamericanos en ese estado. <\/span><\/span><\/p><p align=\"justify\"><span style=\"font-family: Arial, serif;\"><span style=\"font-size: medium;\">Trabajan en el suroeste de Estados Unidos, impactando m\u00e1s de 375 mil vidas en los estados de Arizona, Nevada, Nuevo M\u00e9xico y Texas.<\/span><\/span><\/p><p align=\"justify\"><span style=\"font-family: Arial, serif;\"><span style=\"font-size: medium;\">Sus programas se enfocan en las siguientes \u00e1reas: <\/span><\/span><\/p><ul><li><span style=\"font-family: Arial, serif;\"><span style=\"font-size: medium;\"><i><b>Health &amp; Human Services<\/b><\/i><\/span><\/span><span style=\"font-family: Arial, serif;\"><span style=\"font-size: medium;\"><b> (Servicios de Salud y Humanos):<\/b><\/span><\/span><span style=\"font-family: Arial, serif;\"><span style=\"font-size: medium;\"> proveen servicios de salud conductual, violencia dom\u00e9stica, VIH, tr\u00e1fico humano, inmigraci\u00f3n, educaci\u00f3n para padres, alojamiento y comida para adultos mayores, y contra el abuso de sustancias. <\/span><\/span><\/li><li><span style=\"font-family: Arial, serif;\"><span style=\"font-size: medium;\"><i><b>Housing <\/b><\/i><\/span><\/span><span style=\"font-family: Arial, serif;\"><span style=\"font-size: medium;\"><b>(Alojamiento):<\/b><\/span><\/span><span style=\"font-family: Arial, serif;\"><span style=\"font-size: medium;\"> para personas sin techo, quienes quieren rentar, aquellos que buscan un hogar propio, asistencia para pagar el Servicio P\u00fablico el\u00e9ctrico de Arizona, adem\u00e1s de asesoramiento de vivienda, construcci\u00f3n de viviendas en \u00e1reas rurales, asesoramiento sobre viviendas unifamiliares o multifamiliares y asistencia en servicios p\u00fablicos.<\/span><\/span><\/li><li><span style=\"font-family: Arial, serif;\"><span style=\"font-size: medium;\"><i><b>Education<\/b><\/i><\/span><\/span><span style=\"font-family: Arial, serif;\"><span style=\"font-size: medium;\"><b> (Educaci\u00f3n): <\/b><\/span><\/span><span style=\"font-family: Arial, serif;\"><span style=\"font-size: medium;\">desarrollo a temprana edad, programas para que los j\u00f3venes no abandonen sus estudios en Phoenix y Tucson, escuelas comunitarias, becas, educaci\u00f3n para adultos y premios para maestros.<\/span><\/span><\/li><li><span style=\"font-family: Arial, serif;\"><span style=\"font-size: medium;\"><i><b>Economic Development<\/b><\/i><\/span><\/span><span style=\"font-family: Arial, serif;\"><span style=\"font-size: medium;\"><b> (Desarrollo Econ\u00f3mico):<\/b><\/span><\/span><span style=\"font-family: Arial, serif;\"><span style=\"font-size: medium;\"> pr\u00e9stamos para peque\u00f1as empresas, soluciones para el personal laboral y desarrollo comercial.<\/span><\/span><\/li><li><span style=\"font-family: Arial, serif;\"><span style=\"font-size: medium;\"><i><b>Advocacy <\/b><\/i><\/span><\/span><span style=\"font-family: Arial, serif;\"><span style=\"font-size: medium;\"><b>(Abogac\u00eda):<\/b><\/span><\/span><span style=\"font-family: Arial, serif;\"><span style=\"font-size: medium;\"> sobre DACA (Acci\u00f3n Diferida para los Llegados en la Infancia), censo nacional, acceso al transporte p\u00fablico, derechos civiles y de los migrantes, contra el tr\u00e1fico humano, acciones legislativas y asistencia m\u00e9dica. <\/span><\/span><\/li><\/ul><p align=\"justify\"><span style=\"font-family: Arial, serif;\"><span style=\"font-size: medium;\">Si quieres saber m\u00e1s sobre esta organizaci\u00f3n y ponerte en contacto con ellos, dale clic al enlace que est\u00e1 al principio de la nota.<\/span><\/span><\/p>\t\t\t\t\t\t\t\t<\/div>\n\t\t\t\t<\/div>\n\t\t\t\t<div class=\"elementor-element elementor-element-c0cda1d elementor-widget elementor-widget-spacer\" data-id=\"c0cda1d\" data-element_type=\"widget\" data-e-type=\"widget\" data-widget_type=\"spacer.default\">\n\t\t\t\t<div class=\"elementor-widget-container\">\n\t\t\t\t\t\t\t<div class=\"elementor-spacer\">\n\t\t\t<div class=\"elementor-spacer-inner\"><\/div>\n\t\t<\/div>\n\t\t\t\t\t\t<\/div>\n\t\t\t\t<\/div>\n\t\t\t\t\t<\/div>\n\t\t<\/div>\n\t\t\t\t\t<\/div>\n\t\t<\/section>\n\t\t\t\t<\/div>","protected":false},"excerpt":{"rendered":"<p>Apoyos Sociales Chicanos Por La Causa, organizaci\u00f3n que defiende a los mexicoamericanos Acceso Latino cuenta con alianzas que har\u00e1n que tu tiempo en Estados Unidos sea m\u00e1s llevadero en caso de tener un problema. En esta ocasi\u00f3n te presentamos Chicanos Por La Causa, Inc. una organizaci\u00f3n sin fines de lucro fundada en Arizona en 1969, creada para mejorar la calidad de vida de los mexicoamericanos en ese estado. Trabajan en el suroeste de Estados Unidos, impactando m\u00e1s de 375 mil vidas en los estados de Arizona, Nevada, Nuevo M\u00e9xico y Texas. Sus programas se enfocan en las siguientes \u00e1reas: Health &amp; Human Services (Servicios de Salud y Humanos): proveen servicios de salud conductual, violencia dom\u00e9stica, VIH, tr\u00e1fico humano, inmigraci\u00f3n, educaci\u00f3n para padres, alojamiento y comida para adultos mayores, y contra el abuso de sustancias. Housing (Alojamiento): para personas sin techo, quienes quieren rentar, aquellos que buscan un hogar propio, asistencia para pagar el Servicio P\u00fablico el\u00e9ctrico de Arizona, adem\u00e1s de asesoramiento de vivienda, construcci\u00f3n de viviendas en \u00e1reas rurales, asesoramiento sobre viviendas unifamiliares o multifamiliares y asistencia en servicios p\u00fablicos. Education (Educaci\u00f3n): desarrollo a temprana edad, programas para que los j\u00f3venes no abandonen sus estudios en Phoenix y Tucson, escuelas comunitarias, becas, educaci\u00f3n para adultos y premios para maestros. Economic Development (Desarrollo Econ\u00f3mico): pr\u00e9stamos para peque\u00f1as empresas, soluciones para el personal laboral y desarrollo comercial. Advocacy (Abogac\u00eda): sobre DACA (Acci\u00f3n Diferida para los Llegados en la Infancia), censo nacional, acceso al transporte p\u00fablico, derechos civiles y de los migrantes, contra el tr\u00e1fico humano, acciones legislativas y asistencia m\u00e9dica. Si quieres saber m\u00e1s sobre esta organizaci\u00f3n y ponerte en contacto con ellos, dale clic al enlace que est\u00e1 al principio de la nota.<\/p>","protected":false},"author":6,"featured_media":24089,"parent":1435,"menu_order":0,"comment_status":"closed","ping_status":"closed","template":"elementor_header_footer","meta":{"_uf_show_specific_survey":0,"_uf_disable_surveys":false,"footnotes":""},"class_list":["post-24087","page","type-page","status-publish","has-post-thumbnail"],"aioseo_notices":[],"yoast_head":"<!-- This site is optimized with the Yoast SEO plugin v27.5 - https:\/\/yoast.com\/product\/yoast-seo-wordpress\/ -->\n<title>Chicanos Por La Causa, organizaci\u00f3n que defiende mexicoamericanos<\/title>\n<meta name=\"description\" content=\"Conoce las diferentes formas en las que los migrantes se pueden ver beneficiados en Estados Unidos - Acceso Latino\" \/>\n<meta name=\"robots\" content=\"index, follow, max-snippet:-1, max-image-preview:large, max-video-preview:-1\" \/>\n<link rel=\"canonical\" href=\"https:\/\/accesolatino.org\/en\/apoyos-sociales\/chicanos-por-la-causa-organizacion-que-defiende-a-los-mexicoamericanos\/\" \/>\n<meta property=\"og:locale\" content=\"en_US\" \/>\n<meta property=\"og:type\" content=\"article\" \/>\n<meta property=\"og:title\" content=\"Acceso Latino | Chicanos Por La Causa, organizaci\u00f3n que defiende a los mexicoamericanos\" \/>\n<meta property=\"og:description\" content=\"Conoce las diferentes formas en las que los migrantes se pueden ver beneficiados en USA\" \/>\n<meta property=\"og:url\" content=\"https:\/\/accesolatino.org\/en\/apoyos-sociales\/chicanos-por-la-causa-organizacion-que-defiende-a-los-mexicoamericanos\/\" \/>\n<meta property=\"og:site_name\" content=\"Acceso Latino\" \/>\n<meta property=\"article:publisher\" content=\"https:\/\/www.facebook.com\/AccesoLatinoOrg\" \/>\n<meta property=\"article:modified_time\" content=\"2025-10-09T16:44:55+00:00\" \/>\n<meta property=\"og:image\" content=\"https:\/\/accesolatino.org\/wp-content\/uploads\/2020\/12\/Chicanos-Por-La-Causa-organizacion-que-defiende-a-los-mexicoamericanos.png\" \/>\n\t<meta property=\"og:image:width\" content=\"600\" \/>\n\t<meta property=\"og:image:height\" content=\"338\" \/>\n\t<meta property=\"og:image:type\" content=\"image\/png\" \/>\n<meta name=\"twitter:card\" content=\"summary_large_image\" \/>\n<meta name=\"twitter:title\" content=\"Acceso Latino | Chicanos Por La Causa, organizaci\u00f3n que defiende a los mexicoamericanos\" \/>\n<meta name=\"twitter:description\" content=\"Conoce las diferentes formas en las que los migrantes se pueden ver beneficiados en USA\" \/>\n<meta name=\"twitter:image\" content=\"https:\/\/accesolatino.org\/wp-content\/uploads\/2020\/12\/Chicanos-Por-La-Causa-organizacion-que-defiende-a-los-mexicoamericanos.png\" \/>\n<meta name=\"twitter:site\" content=\"@FAccLatino\" \/>\n<meta name=\"twitter:label1\" content=\"Est. reading time\" \/>\n\t<meta name=\"twitter:data1\" content=\"2 minutes\" \/>\n<script type=\"application\/ld+json\" class=\"yoast-schema-graph\">{\"@context\":\"https:\\\/\\\/schema.org\",\"@graph\":[{\"@type\":\"WebPage\",\"@id\":\"https:\\\/\\\/accesolatino.org\\\/en\\\/apoyos-sociales\\\/chicanos-por-la-causa-organizacion-que-defiende-a-los-mexicoamericanos\\\/\",\"url\":\"https:\\\/\\\/accesolatino.org\\\/en\\\/apoyos-sociales\\\/chicanos-por-la-causa-organizacion-que-defiende-a-los-mexicoamericanos\\\/\",\"name\":\"Chicanos Por La Causa, organizaci\u00f3n que defiende mexicoamericanos\",\"isPartOf\":{\"@id\":\"https:\\\/\\\/accesolatino.org\\\/#website\"},\"primaryImageOfPage\":{\"@id\":\"https:\\\/\\\/accesolatino.org\\\/en\\\/apoyos-sociales\\\/chicanos-por-la-causa-organizacion-que-defiende-a-los-mexicoamericanos\\\/#primaryimage\"},\"image\":{\"@id\":\"https:\\\/\\\/accesolatino.org\\\/en\\\/apoyos-sociales\\\/chicanos-por-la-causa-organizacion-que-defiende-a-los-mexicoamericanos\\\/#primaryimage\"},\"thumbnailUrl\":\"https:\\\/\\\/accesolatino.org\\\/wp-content\\\/uploads\\\/2020\\\/12\\\/Chicanos-Por-La-Causa-organizacion-que-defiende-a-los-mexicoamericanos.png\",\"datePublished\":\"2020-12-07T14:19:35+00:00\",\"dateModified\":\"2025-10-09T16:44:55+00:00\",\"description\":\"Conoce las diferentes formas en las que los migrantes se pueden ver beneficiados en Estados Unidos - Acceso Latino\",\"breadcrumb\":{\"@id\":\"https:\\\/\\\/accesolatino.org\\\/en\\\/apoyos-sociales\\\/chicanos-por-la-causa-organizacion-que-defiende-a-los-mexicoamericanos\\\/#breadcrumb\"},\"inLanguage\":\"en-US\",\"potentialAction\":[{\"@type\":\"ReadAction\",\"target\":[\"https:\\\/\\\/accesolatino.org\\\/en\\\/apoyos-sociales\\\/chicanos-por-la-causa-organizacion-que-defiende-a-los-mexicoamericanos\\\/\"]}]},{\"@type\":\"ImageObject\",\"inLanguage\":\"en-US\",\"@id\":\"https:\\\/\\\/accesolatino.org\\\/en\\\/apoyos-sociales\\\/chicanos-por-la-causa-organizacion-que-defiende-a-los-mexicoamericanos\\\/#primaryimage\",\"url\":\"https:\\\/\\\/accesolatino.org\\\/wp-content\\\/uploads\\\/2020\\\/12\\\/Chicanos-Por-La-Causa-organizacion-que-defiende-a-los-mexicoamericanos.png\",\"contentUrl\":\"https:\\\/\\\/accesolatino.org\\\/wp-content\\\/uploads\\\/2020\\\/12\\\/Chicanos-Por-La-Causa-organizacion-que-defiende-a-los-mexicoamericanos.png\",\"width\":600,\"height\":338,\"caption\":\"Chicanos Por La Causa\"},{\"@type\":\"BreadcrumbList\",\"@id\":\"https:\\\/\\\/accesolatino.org\\\/en\\\/apoyos-sociales\\\/chicanos-por-la-causa-organizacion-que-defiende-a-los-mexicoamericanos\\\/#breadcrumb\",\"itemListElement\":[{\"@type\":\"ListItem\",\"position\":1,\"name\":\"Portada\",\"item\":\"https:\\\/\\\/accesolatino.org\\\/\"},{\"@type\":\"ListItem\",\"position\":2,\"name\":\"Apoyos Sociales\",\"item\":\"https:\\\/\\\/accesolatino.org\\\/en\\\/apoyos-sociales\\\/\"},{\"@type\":\"ListItem\",\"position\":3,\"name\":\"Chicanos Por La Causa, organizaci\u00f3n que defiende a los mexicoamericanos\"}]},{\"@type\":\"WebSite\",\"@id\":\"https:\\\/\\\/accesolatino.org\\\/#website\",\"url\":\"https:\\\/\\\/accesolatino.org\\\/\",\"name\":\"Acceso Latino | Fundaci\u00f3n Carlos Slim\",\"description\":\"Fundaci\u00f3n Carlos Slim\",\"publisher\":{\"@id\":\"https:\\\/\\\/accesolatino.org\\\/#organization\"},\"potentialAction\":[{\"@type\":\"SearchAction\",\"target\":{\"@type\":\"EntryPoint\",\"urlTemplate\":\"https:\\\/\\\/accesolatino.org\\\/?s={search_term_string}\"},\"query-input\":{\"@type\":\"PropertyValueSpecification\",\"valueRequired\":true,\"valueName\":\"search_term_string\"}}],\"inLanguage\":\"en-US\"},{\"@type\":\"Organization\",\"@id\":\"https:\\\/\\\/accesolatino.org\\\/#organization\",\"name\":\"Acceso Latino | Fundaci\u00f3n Carlos Slim\",\"url\":\"https:\\\/\\\/accesolatino.org\\\/\",\"logo\":{\"@type\":\"ImageObject\",\"inLanguage\":\"en-US\",\"@id\":\"https:\\\/\\\/accesolatino.org\\\/#\\\/schema\\\/logo\\\/image\\\/\",\"url\":\"https:\\\/\\\/accesolatino.org\\\/wp-content\\\/uploads\\\/2021\\\/02\\\/logo-footer-acceso-latino.png\",\"contentUrl\":\"https:\\\/\\\/accesolatino.org\\\/wp-content\\\/uploads\\\/2021\\\/02\\\/logo-footer-acceso-latino.png\",\"width\":240,\"height\":40,\"caption\":\"Acceso Latino | Fundaci\u00f3n Carlos Slim\"},\"image\":{\"@id\":\"https:\\\/\\\/accesolatino.org\\\/#\\\/schema\\\/logo\\\/image\\\/\"},\"sameAs\":[\"https:\\\/\\\/www.facebook.com\\\/AccesoLatinoOrg\",\"https:\\\/\\\/x.com\\\/FAccLatino\"]}]}<\/script>\n<!-- \/ Yoast SEO plugin. -->","yoast_head_json":{"title":"Chicanos Por La Causa, organizaci\u00f3n que defiende mexicoamericanos","description":"Conoce las diferentes formas en las que los migrantes se pueden ver beneficiados en Estados Unidos - Acceso Latino","robots":{"index":"index","follow":"follow","max-snippet":"max-snippet:-1","max-image-preview":"max-image-preview:large","max-video-preview":"max-video-preview:-1"},"canonical":"https:\/\/accesolatino.org\/en\/apoyos-sociales\/chicanos-por-la-causa-organizacion-que-defiende-a-los-mexicoamericanos\/","og_locale":"en_US","og_type":"article","og_title":"Acceso Latino | Chicanos Por La Causa, organizaci\u00f3n que defiende a los mexicoamericanos","og_description":"Conoce las diferentes formas en las que los migrantes se pueden ver beneficiados en USA","og_url":"https:\/\/accesolatino.org\/en\/apoyos-sociales\/chicanos-por-la-causa-organizacion-que-defiende-a-los-mexicoamericanos\/","og_site_name":"Acceso Latino","article_publisher":"https:\/\/www.facebook.com\/AccesoLatinoOrg","article_modified_time":"2025-10-09T16:44:55+00:00","og_image":[{"width":600,"height":338,"url":"https:\/\/accesolatino.org\/wp-content\/uploads\/2020\/12\/Chicanos-Por-La-Causa-organizacion-que-defiende-a-los-mexicoamericanos.png","type":"image\/png"}],"twitter_card":"summary_large_image","twitter_title":"Acceso Latino | Chicanos Por La Causa, organizaci\u00f3n que defiende a los mexicoamericanos","twitter_description":"Conoce las diferentes formas en las que los migrantes se pueden ver beneficiados en USA","twitter_image":"https:\/\/accesolatino.org\/wp-content\/uploads\/2020\/12\/Chicanos-Por-La-Causa-organizacion-que-defiende-a-los-mexicoamericanos.png","twitter_site":"@FAccLatino","twitter_misc":{"Est. reading time":"2 minutes"},"schema":{"@context":"https:\/\/schema.org","@graph":[{"@type":"WebPage","@id":"https:\/\/accesolatino.org\/en\/apoyos-sociales\/chicanos-por-la-causa-organizacion-que-defiende-a-los-mexicoamericanos\/","url":"https:\/\/accesolatino.org\/en\/apoyos-sociales\/chicanos-por-la-causa-organizacion-que-defiende-a-los-mexicoamericanos\/","name":"Chicanos Por La Causa, organizaci\u00f3n que defiende mexicoamericanos","isPartOf":{"@id":"https:\/\/accesolatino.org\/#website"},"primaryImageOfPage":{"@id":"https:\/\/accesolatino.org\/en\/apoyos-sociales\/chicanos-por-la-causa-organizacion-que-defiende-a-los-mexicoamericanos\/#primaryimage"},"image":{"@id":"https:\/\/accesolatino.org\/en\/apoyos-sociales\/chicanos-por-la-causa-organizacion-que-defiende-a-los-mexicoamericanos\/#primaryimage"},"thumbnailUrl":"https:\/\/accesolatino.org\/wp-content\/uploads\/2020\/12\/Chicanos-Por-La-Causa-organizacion-que-defiende-a-los-mexicoamericanos.png","datePublished":"2020-12-07T14:19:35+00:00","dateModified":"2025-10-09T16:44:55+00:00","description":"Conoce las diferentes formas en las que los migrantes se pueden ver beneficiados en Estados Unidos - Acceso Latino","breadcrumb":{"@id":"https:\/\/accesolatino.org\/en\/apoyos-sociales\/chicanos-por-la-causa-organizacion-que-defiende-a-los-mexicoamericanos\/#breadcrumb"},"inLanguage":"en-US","potentialAction":[{"@type":"ReadAction","target":["https:\/\/accesolatino.org\/en\/apoyos-sociales\/chicanos-por-la-causa-organizacion-que-defiende-a-los-mexicoamericanos\/"]}]},{"@type":"ImageObject","inLanguage":"en-US","@id":"https:\/\/accesolatino.org\/en\/apoyos-sociales\/chicanos-por-la-causa-organizacion-que-defiende-a-los-mexicoamericanos\/#primaryimage","url":"https:\/\/accesolatino.org\/wp-content\/uploads\/2020\/12\/Chicanos-Por-La-Causa-organizacion-que-defiende-a-los-mexicoamericanos.png","contentUrl":"https:\/\/accesolatino.org\/wp-content\/uploads\/2020\/12\/Chicanos-Por-La-Causa-organizacion-que-defiende-a-los-mexicoamericanos.png","width":600,"height":338,"caption":"Chicanos Por La Causa"},{"@type":"BreadcrumbList","@id":"https:\/\/accesolatino.org\/en\/apoyos-sociales\/chicanos-por-la-causa-organizacion-que-defiende-a-los-mexicoamericanos\/#breadcrumb","itemListElement":[{"@type":"ListItem","position":1,"name":"Portada","item":"https:\/\/accesolatino.org\/"},{"@type":"ListItem","position":2,"name":"Apoyos Sociales","item":"https:\/\/accesolatino.org\/en\/apoyos-sociales\/"},{"@type":"ListItem","position":3,"name":"Chicanos Por La Causa, organizaci\u00f3n que defiende a los mexicoamericanos"}]},{"@type":"WebSite","@id":"https:\/\/accesolatino.org\/#website","url":"https:\/\/accesolatino.org\/","name":"Acceso Latino | Fundaci\u00f3n Carlos Slim","description":"Fundaci\u00f3n Carlos Slim","publisher":{"@id":"https:\/\/accesolatino.org\/#organization"},"potentialAction":[{"@type":"SearchAction","target":{"@type":"EntryPoint","urlTemplate":"https:\/\/accesolatino.org\/?s={search_term_string}"},"query-input":{"@type":"PropertyValueSpecification","valueRequired":true,"valueName":"search_term_string"}}],"inLanguage":"en-US"},{"@type":"Organization","@id":"https:\/\/accesolatino.org\/#organization","name":"Acceso Latino | Fundaci\u00f3n Carlos Slim","url":"https:\/\/accesolatino.org\/","logo":{"@type":"ImageObject","inLanguage":"en-US","@id":"https:\/\/accesolatino.org\/#\/schema\/logo\/image\/","url":"https:\/\/accesolatino.org\/wp-content\/uploads\/2021\/02\/logo-footer-acceso-latino.png","contentUrl":"https:\/\/accesolatino.org\/wp-content\/uploads\/2021\/02\/logo-footer-acceso-latino.png","width":240,"height":40,"caption":"Acceso Latino | Fundaci\u00f3n Carlos Slim"},"image":{"@id":"https:\/\/accesolatino.org\/#\/schema\/logo\/image\/"},"sameAs":["https:\/\/www.facebook.com\/AccesoLatinoOrg","https:\/\/x.com\/FAccLatino"]}]}},"_links":{"self":[{"href":"https:\/\/accesolatino.org\/en\/wp-json\/wp\/v2\/pages\/24087","targetHints":{"allow":["GET"]}}],"collection":[{"href":"https:\/\/accesolatino.org\/en\/wp-json\/wp\/v2\/pages"}],"about":[{"href":"https:\/\/accesolatino.org\/en\/wp-json\/wp\/v2\/types\/page"}],"author":[{"embeddable":true,"href":"https:\/\/accesolatino.org\/en\/wp-json\/wp\/v2\/users\/6"}],"replies":[{"embeddable":true,"href":"https:\/\/accesolatino.org\/en\/wp-json\/wp\/v2\/comments?post=24087"}],"version-history":[{"count":1,"href":"https:\/\/accesolatino.org\/en\/wp-json\/wp\/v2\/pages\/24087\/revisions"}],"predecessor-version":[{"id":63795,"href":"https:\/\/accesolatino.org\/en\/wp-json\/wp\/v2\/pages\/24087\/revisions\/63795"}],"up":[{"embeddable":true,"href":"https:\/\/accesolatino.org\/en\/wp-json\/wp\/v2\/pages\/1435"}],"wp:featuredmedia":[{"embeddable":true,"href":"https:\/\/accesolatino.org\/en\/wp-json\/wp\/v2\/media\/24089"}],"wp:attachment":[{"href":"https:\/\/accesolatino.org\/en\/wp-json\/wp\/v2\/media?parent=24087"}],"curies":[{"name":"wp","href":"https:\/\/api.w.org\/{rel}","templated":true}]}}