{"id":24008,"date":"2020-12-04T06:00:00","date_gmt":"2020-12-04T12:00:00","guid":{"rendered":"https:\/\/accesolatino.org\/?page_id=24008"},"modified":"2025-10-16T15:10:23","modified_gmt":"2025-10-16T21:10:23","slug":"orientacion-psicologica-por-centros-de-integracion-juvenil","status":"publish","type":"page","link":"https:\/\/accesolatino.org\/en\/salud\/orientacion-psicologica-por-centros-de-integracion-juvenil\/","title":{"rendered":"Orientaci\u00f3n Psicol\u00f3gica por parte de los Centros de Integraci\u00f3n Juvenil"},"content":{"rendered":"<div data-elementor-type=\"wp-post\" data-elementor-id=\"24008\" class=\"elementor elementor-24008\">\n\t\t\t\t\t\t<section class=\"elementor-section elementor-top-section elementor-element elementor-element-f0d62da elementor-section-full_width elementor-section-height-min-height elementor-section-items-stretch elementor-section-height-default wpr-particle-no wpr-jarallax-no wpr-parallax-no wpr-sticky-section-no wpr-equal-height-no\" data-id=\"f0d62da\" data-element_type=\"section\" data-e-type=\"section\" data-settings=\"{&quot;background_background&quot;:&quot;classic&quot;}\">\n\t\t\t\t\t\t<div class=\"elementor-container elementor-column-gap-no\">\n\t\t\t\t\t<div class=\"elementor-column elementor-col-100 elementor-top-column elementor-element elementor-element-5aebd49\" data-id=\"5aebd49\" data-element_type=\"column\" data-e-type=\"column\">\n\t\t\t<div class=\"elementor-widget-wrap elementor-element-populated\">\n\t\t\t\t\t\t<div class=\"elementor-element elementor-element-a07af81 elementor--h-position-center elementor--v-position-middle elementor-widget elementor-widget-slides\" data-id=\"a07af81\" data-element_type=\"widget\" data-e-type=\"widget\" data-settings=\"{&quot;navigation&quot;:&quot;none&quot;,&quot;infinite&quot;:&quot;yes&quot;,&quot;transition&quot;:&quot;slide&quot;,&quot;transition_speed&quot;:500}\" data-widget_type=\"slides.default\">\n\t\t\t\t<div class=\"elementor-widget-container\">\n\t\t\t\t\t\t\t<div class=\"elementor-swiper\">\n\t\t\t<div class=\"elementor-slides-wrapper elementor-main-swiper swiper-container\" dir=\"ltr\" data-animation=\"\">\n\t\t\t\t<div class=\"swiper-wrapper elementor-slides\">\n\t\t\t\t\t\t\t\t\t\t<div class=\"elementor-repeater-item-d983a28 swiper-slide\"><div class=\"swiper-slide-bg\"><\/div><div class=\"swiper-slide-inner\" ><div class=\"swiper-slide-contents\"><div class=\"elementor-slide-heading\">Health<\/div><\/div><\/div><\/div>\t\t\t\t<\/div>\n\t\t\t\t\t\t\t<\/div>\n\t\t<\/div>\n\t\t\t\t\t\t<\/div>\n\t\t\t\t<\/div>\n\t\t\t\t\t<\/div>\n\t\t<\/div>\n\t\t\t\t\t<\/div>\n\t\t<\/section>\n\t\t\t\t<section class=\"elementor-section elementor-top-section elementor-element elementor-element-7cc1bf1 elementor-section-stretched elementor-section-boxed elementor-section-height-default elementor-section-height-default wpr-particle-no wpr-jarallax-no wpr-parallax-no wpr-sticky-section-no wpr-equal-height-no\" data-id=\"7cc1bf1\" data-element_type=\"section\" data-e-type=\"section\" data-settings=\"{&quot;stretch_section&quot;:&quot;section-stretched&quot;,&quot;background_background&quot;:&quot;classic&quot;}\">\n\t\t\t\t\t\t<div class=\"elementor-container elementor-column-gap-default\">\n\t\t\t\t\t<div class=\"elementor-column elementor-col-100 elementor-top-column elementor-element elementor-element-bbbecda\" data-id=\"bbbecda\" data-element_type=\"column\" data-e-type=\"column\">\n\t\t\t<div class=\"elementor-widget-wrap elementor-element-populated\">\n\t\t\t\t\t\t<div class=\"elementor-element elementor-element-d29fa62 elementor-widget elementor-widget-heading\" data-id=\"d29fa62\" data-element_type=\"widget\" data-e-type=\"widget\" data-widget_type=\"heading.default\">\n\t\t\t\t<div class=\"elementor-widget-container\">\n\t\t\t\t\t<h3 class=\"elementor-heading-title elementor-size-default\">Receive psychological counseling from the Juvenile Integration Centers.<\/h3>\t\t\t\t<\/div>\n\t\t\t\t<\/div>\n\t\t\t\t<div class=\"elementor-element elementor-element-45ca045 elementor-widget elementor-widget-text-editor\" data-id=\"45ca045\" data-element_type=\"widget\" data-e-type=\"widget\" data-widget_type=\"text-editor.default\">\n\t\t\t\t<div class=\"elementor-widget-container\">\n\t\t\t\t\t\t\t\t\t<p align=\"justify\"><span style=\"font-family: Arial, serif;\"><span style=\"font-size: medium;\">Hoy m\u00e1s que nunca estamos pasando por momentos dif\u00edciles, y <\/span><\/span><span style=\"font-family: Arial, serif;\"><span style=\"font-size: medium;\"><b>Acceso Latino<\/b><\/span><\/span><span style=\"font-family: Arial, serif;\"><span style=\"font-size: medium;\"> lo sabe, por lo que junto con los Centros de Integraci\u00f3n Juvenil, A.C. te da la oportunidad de recibir Orientaci\u00f3n Psicol\u00f3gica. Para saber m\u00e1s sobre este y otros programas relacionados con la <\/span><\/span><span style=\"color: #0563c1;\"><u><a href=\"https:\/\/accesolatino.org\/en\/salud\/\"><span style=\"font-family: Arial, serif;\"><span style=\"font-size: medium;\">Health<\/span><\/span><\/a><\/u><\/span><span style=\"font-family: Arial, serif;\"><span style=\"font-size: medium;\">, da clic en esa secci\u00f3n. <\/span><\/span><\/p><p align=\"justify\"><span style=\"font-family: Arial, serif;\"><span style=\"font-size: medium;\">Puedes hablar con un especialista ya sea a trav\u00e9s del tel\u00e9fono 1 55 5212 1212, o por WhatsApp al +52 1 55 45 55 12 12. <\/span><\/span><\/p><p align=\"justify\"><span style=\"font-family: Arial, serif;\"><span style=\"font-size: medium;\">Tambi\u00e9n, si acabas de regresar a M\u00e9xico, te proporcionamos los centros de atenci\u00f3n que se encuentran en la frontera:<\/span><\/span><\/p><ul><li><span style=\"font-family: Arial, serif;\"><span style=\"font-size: medium;\"><b>Albergue Roca de Salvaci\u00f3n:<\/b><\/span><\/span><span style=\"font-family: Arial, serif;\"><span style=\"font-size: medium;\"> Huajicori #20704, Ca\u00f1\u00f3n de la Raza, en Tijuana. <\/span><\/span><\/li><\/ul><p style=\"padding-left: 40px;\" align=\"justify\"><span style=\"font-family: Arial, serif;\"><span style=\"font-size: medium;\">Horario: jueves y s\u00e1bado de 10am a 2pm.<\/span><\/span><\/p><ul><li><span style=\"font-family: Arial, serif;\"><span style=\"font-size: medium;\"><b>Hotel Migrante:<\/b><\/span><\/span><span style=\"font-family: Arial, serif;\"><span style=\"font-size: medium;\"> Avenida Reforma #220, Cuauht\u00e9moc Norte, en Mexicali.<\/span><\/span><\/li><\/ul><p style=\"padding-left: 40px;\" align=\"justify\"><span style=\"font-family: Arial, serif;\"><span style=\"font-size: medium;\">Horario: lunes, martes y jueves de 5:30pm a 8pm.<\/span><\/span><\/p><ul><li><span style=\"font-family: Arial, serif;\"><span style=\"font-size: medium;\"><b>Grupo Beta Protecci\u00f3n a Migrantes:<\/b><\/span><\/span><span style=\"font-family: Arial, serif;\"><span style=\"font-size: medium;\"> Calle Reforma #465, colonia Del Rosario, en Nogales, Sonora.<\/span><\/span><\/li><\/ul><p style=\"padding-left: 40px;\" align=\"justify\"><span style=\"font-family: Arial, serif;\"><span style=\"font-size: medium;\">Horario: lunes a viernes de 10am a 3pm. <\/span><\/span><\/p><ul><li><span style=\"font-family: Arial, serif;\"><span style=\"font-size: medium;\"><b>Casa del Migrante de Ciudad Ju\u00e1rez:<\/b><\/span><\/span><span style=\"font-family: Arial, serif;\"><span style=\"font-size: medium;\"> Calle Neptuno #1855, Las Am\u00e9ricas. <\/span><\/span><\/li><\/ul><p style=\"padding-left: 40px;\" align=\"justify\"><span style=\"font-family: Arial, serif;\"><span style=\"font-size: medium;\">Horario: lunes a viernes de 8am a 1pm. <\/span><\/span><\/p><ul><li><span style=\"font-family: Arial, serif;\"><span style=\"font-size: medium;\"><b>Centro de Atenci\u00f3n para Menores Fronterizos del DIF Tamaulipas:<\/b><\/span><\/span><span style=\"font-family: Arial, serif;\"><span style=\"font-size: medium;\"> Toulon #110, Fern\u00e1ndez G\u00f3mez, en Reynosa.<\/span><\/span><\/li><\/ul><p style=\"padding-left: 40px;\" align=\"justify\"><span style=\"font-family: Arial, serif;\"><span style=\"font-size: medium;\">Horario: lunes a viernes de 9am a 2pm. <\/span><\/span><\/p><p align=\"justify\"><span style=\"font-family: Arial, serif;\"><span style=\"font-size: medium;\">Para conocer el resto de los centros, ingresa <\/span><\/span><span style=\"color: #0563c1;\"><u><a href=\"https:\/\/accesolatino.org\/en\/salud\/orientacion-psicologica\/\"><span style=\"font-family: Arial, serif;\"><span style=\"font-size: medium;\">here<\/span><\/span><\/a><\/u><\/span><span style=\"font-family: Arial, serif;\"><span style=\"font-size: medium;\">. <\/span><\/span><\/p><p align=\"justify\"><span style=\"font-family: Arial, serif;\"><span style=\"font-size: medium;\">Por \u00faltimo, CIJ ofrece ayuda psicol\u00f3gica en l\u00ednea en su p\u00e1gina <\/span><\/span><\/p><p align=\"justify\"><span style=\"color: #0563c1;\"><u><a href=\"http:\/\/www.cij.gob.mx\/cijcontigo\/\"><span style=\"font-family: Arial, serif;\"><span style=\"font-size: medium;\">http:\/\/www.cij.gob.mx\/cijcontigo\/<\/span><\/span><\/a><\/u><\/span><span style=\"font-family: Arial, serif;\"><span style=\"font-size: medium;\">.<\/span><\/span><\/p>\t\t\t\t\t\t\t\t<\/div>\n\t\t\t\t<\/div>\n\t\t\t\t<div class=\"elementor-element elementor-element-382df75 elementor-widget elementor-widget-spacer\" data-id=\"382df75\" data-element_type=\"widget\" data-e-type=\"widget\" data-widget_type=\"spacer.default\">\n\t\t\t\t<div class=\"elementor-widget-container\">\n\t\t\t\t\t\t\t<div class=\"elementor-spacer\">\n\t\t\t<div class=\"elementor-spacer-inner\"><\/div>\n\t\t<\/div>\n\t\t\t\t\t\t<\/div>\n\t\t\t\t<\/div>\n\t\t\t\t\t<\/div>\n\t\t<\/div>\n\t\t\t\t\t<\/div>\n\t\t<\/section>\n\t\t\t\t<\/div>","protected":false},"excerpt":{"rendered":"<p>Salud Recibe Orientaci\u00f3n Psicol\u00f3gica por parte de los Centros de Integraci\u00f3n Juvenil Hoy m\u00e1s que nunca estamos pasando por momentos dif\u00edciles, y Acceso Latino lo sabe, por lo que junto con los Centros de Integraci\u00f3n Juvenil, A.C. te da la oportunidad de recibir Orientaci\u00f3n Psicol\u00f3gica. Para saber m\u00e1s sobre este y otros programas relacionados con la Salud, da clic en esa secci\u00f3n. Puedes hablar con un especialista ya sea a trav\u00e9s del tel\u00e9fono 1 55 5212 1212, o por WhatsApp al +52 1 55 45 55 12 12. Tambi\u00e9n, si acabas de regresar a M\u00e9xico, te proporcionamos los centros de atenci\u00f3n que se encuentran en la frontera: Albergue Roca de Salvaci\u00f3n: Huajicori #20704, Ca\u00f1\u00f3n de la Raza, en Tijuana. Horario: jueves y s\u00e1bado de 10am a 2pm. Hotel Migrante: Avenida Reforma #220, Cuauht\u00e9moc Norte, en Mexicali. Horario: lunes, martes y jueves de 5:30pm a 8pm. Grupo Beta Protecci\u00f3n a Migrantes: Calle Reforma #465, colonia Del Rosario, en Nogales, Sonora. Horario: lunes a viernes de 10am a 3pm. Casa del Migrante de Ciudad Ju\u00e1rez: Calle Neptuno #1855, Las Am\u00e9ricas. Horario: lunes a viernes de 8am a 1pm. Centro de Atenci\u00f3n para Menores Fronterizos del DIF Tamaulipas: Toulon #110, Fern\u00e1ndez G\u00f3mez, en Reynosa. Horario: lunes a viernes de 9am a 2pm. Para conocer el resto de los centros, ingresa aqu\u00ed. Por \u00faltimo, CIJ ofrece ayuda psicol\u00f3gica en l\u00ednea en su p\u00e1gina http:\/\/www.cij.gob.mx\/cijcontigo\/.<\/p>","protected":false},"author":4,"featured_media":24010,"parent":4668,"menu_order":0,"comment_status":"closed","ping_status":"closed","template":"elementor_header_footer","meta":{"_uf_show_specific_survey":0,"_uf_disable_surveys":false,"footnotes":""},"class_list":["post-24008","page","type-page","status-publish","has-post-thumbnail"],"aioseo_notices":[],"yoast_head":"<!-- This site is optimized with the Yoast SEO plugin v27.4 - https:\/\/yoast.com\/product\/yoast-seo-wordpress\/ -->\n<title>Orientaci\u00f3n Psicol\u00f3gica por parte de los Centros de Integraci\u00f3n Juvenil<\/title>\n<meta name=\"description\" content=\"Conoce tus derechos y lo que Estados Unidos tiene para ofrecer a los migrantes en materia de Salud - Acceso Latino\" \/>\n<meta name=\"robots\" content=\"index, follow, max-snippet:-1, max-image-preview:large, max-video-preview:-1\" \/>\n<link rel=\"canonical\" href=\"https:\/\/accesolatino.org\/en\/salud\/orientacion-psicologica-por-centros-de-integracion-juvenil\/\" \/>\n<meta property=\"og:locale\" content=\"en_US\" \/>\n<meta property=\"og:type\" content=\"article\" \/>\n<meta property=\"og:title\" content=\"Acceso Latino | Orientaci\u00f3n Psicol\u00f3gica por parte de los Centros de Integraci\u00f3n Juvenil\" \/>\n<meta property=\"og:description\" content=\"Conoce todo lo que Estados Unidos tiene para ofrecer a los migrantes en materia de Salud\" \/>\n<meta property=\"og:url\" content=\"https:\/\/accesolatino.org\/en\/salud\/orientacion-psicologica-por-centros-de-integracion-juvenil\/\" \/>\n<meta property=\"og:site_name\" content=\"Acceso Latino\" \/>\n<meta property=\"article:publisher\" content=\"https:\/\/www.facebook.com\/AccesoLatinoOrg\" \/>\n<meta property=\"article:modified_time\" content=\"2025-10-16T21:10:23+00:00\" \/>\n<meta property=\"og:image\" content=\"https:\/\/accesolatino.org\/wp-content\/uploads\/2020\/12\/Recibe-Orientacion-Psicologica-por-parte-de-los-Centros-de-Integracion-Juvenil.png\" \/>\n\t<meta property=\"og:image:width\" content=\"600\" \/>\n\t<meta property=\"og:image:height\" content=\"338\" \/>\n\t<meta property=\"og:image:type\" content=\"image\/png\" \/>\n<meta name=\"twitter:card\" content=\"summary_large_image\" \/>\n<meta name=\"twitter:title\" content=\"Acceso Latino | Orientaci\u00f3n Psicol\u00f3gica por parte de los Centros de Integraci\u00f3n Juvenil\" \/>\n<meta name=\"twitter:description\" content=\"Conoce todo lo que Estados Unidos tiene para ofrecer a los migrantes en materia de Salud\" \/>\n<meta name=\"twitter:image\" content=\"https:\/\/accesolatino.org\/wp-content\/uploads\/2020\/12\/Recibe-Orientacion-Psicologica-por-parte-de-los-Centros-de-Integracion-Juvenil.png\" \/>\n<meta name=\"twitter:site\" content=\"@FAccLatino\" \/>\n<meta name=\"twitter:label1\" content=\"Est. reading time\" \/>\n\t<meta name=\"twitter:data1\" content=\"2 minutes\" \/>\n<script type=\"application\/ld+json\" class=\"yoast-schema-graph\">{\"@context\":\"https:\\\/\\\/schema.org\",\"@graph\":[{\"@type\":\"WebPage\",\"@id\":\"https:\\\/\\\/accesolatino.org\\\/salud\\\/orientacion-psicologica-por-centros-de-integracion-juvenil\\\/\",\"url\":\"https:\\\/\\\/accesolatino.org\\\/salud\\\/orientacion-psicologica-por-centros-de-integracion-juvenil\\\/\",\"name\":\"Orientaci\u00f3n Psicol\u00f3gica por parte de los Centros de Integraci\u00f3n Juvenil\",\"isPartOf\":{\"@id\":\"https:\\\/\\\/accesolatino.org\\\/#website\"},\"primaryImageOfPage\":{\"@id\":\"https:\\\/\\\/accesolatino.org\\\/salud\\\/orientacion-psicologica-por-centros-de-integracion-juvenil\\\/#primaryimage\"},\"image\":{\"@id\":\"https:\\\/\\\/accesolatino.org\\\/salud\\\/orientacion-psicologica-por-centros-de-integracion-juvenil\\\/#primaryimage\"},\"thumbnailUrl\":\"https:\\\/\\\/accesolatino.org\\\/wp-content\\\/uploads\\\/2020\\\/12\\\/Recibe-Orientacion-Psicologica-por-parte-de-los-Centros-de-Integracion-Juvenil.png\",\"datePublished\":\"2020-12-04T12:00:00+00:00\",\"dateModified\":\"2025-10-16T21:10:23+00:00\",\"description\":\"Conoce tus derechos y lo que Estados Unidos tiene para ofrecer a los migrantes en materia de Salud - Acceso Latino\",\"breadcrumb\":{\"@id\":\"https:\\\/\\\/accesolatino.org\\\/salud\\\/orientacion-psicologica-por-centros-de-integracion-juvenil\\\/#breadcrumb\"},\"inLanguage\":\"en-US\",\"potentialAction\":[{\"@type\":\"ReadAction\",\"target\":[\"https:\\\/\\\/accesolatino.org\\\/salud\\\/orientacion-psicologica-por-centros-de-integracion-juvenil\\\/\"]}]},{\"@type\":\"ImageObject\",\"inLanguage\":\"en-US\",\"@id\":\"https:\\\/\\\/accesolatino.org\\\/salud\\\/orientacion-psicologica-por-centros-de-integracion-juvenil\\\/#primaryimage\",\"url\":\"https:\\\/\\\/accesolatino.org\\\/wp-content\\\/uploads\\\/2020\\\/12\\\/Recibe-Orientacion-Psicologica-por-parte-de-los-Centros-de-Integracion-Juvenil.png\",\"contentUrl\":\"https:\\\/\\\/accesolatino.org\\\/wp-content\\\/uploads\\\/2020\\\/12\\\/Recibe-Orientacion-Psicologica-por-parte-de-los-Centros-de-Integracion-Juvenil.png\",\"width\":600,\"height\":338,\"caption\":\"Orientaci\u00f3n Psicol\u00f3gica\"},{\"@type\":\"BreadcrumbList\",\"@id\":\"https:\\\/\\\/accesolatino.org\\\/salud\\\/orientacion-psicologica-por-centros-de-integracion-juvenil\\\/#breadcrumb\",\"itemListElement\":[{\"@type\":\"ListItem\",\"position\":1,\"name\":\"Portada\",\"item\":\"https:\\\/\\\/accesolatino.org\\\/\"},{\"@type\":\"ListItem\",\"position\":2,\"name\":\"Salud\",\"item\":\"https:\\\/\\\/accesolatino.org\\\/salud\\\/\"},{\"@type\":\"ListItem\",\"position\":3,\"name\":\"Orientaci\u00f3n Psicol\u00f3gica por parte de los Centros de Integraci\u00f3n Juvenil\"}]},{\"@type\":\"WebSite\",\"@id\":\"https:\\\/\\\/accesolatino.org\\\/#website\",\"url\":\"https:\\\/\\\/accesolatino.org\\\/\",\"name\":\"Acceso Latino | Fundaci\u00f3n Carlos Slim\",\"description\":\"Fundaci\u00f3n Carlos Slim\",\"publisher\":{\"@id\":\"https:\\\/\\\/accesolatino.org\\\/#organization\"},\"potentialAction\":[{\"@type\":\"SearchAction\",\"target\":{\"@type\":\"EntryPoint\",\"urlTemplate\":\"https:\\\/\\\/accesolatino.org\\\/?s={search_term_string}\"},\"query-input\":{\"@type\":\"PropertyValueSpecification\",\"valueRequired\":true,\"valueName\":\"search_term_string\"}}],\"inLanguage\":\"en-US\"},{\"@type\":\"Organization\",\"@id\":\"https:\\\/\\\/accesolatino.org\\\/#organization\",\"name\":\"Acceso Latino | Fundaci\u00f3n Carlos Slim\",\"url\":\"https:\\\/\\\/accesolatino.org\\\/\",\"logo\":{\"@type\":\"ImageObject\",\"inLanguage\":\"en-US\",\"@id\":\"https:\\\/\\\/accesolatino.org\\\/#\\\/schema\\\/logo\\\/image\\\/\",\"url\":\"https:\\\/\\\/accesolatino.org\\\/wp-content\\\/uploads\\\/2021\\\/02\\\/logo-footer-acceso-latino.png\",\"contentUrl\":\"https:\\\/\\\/accesolatino.org\\\/wp-content\\\/uploads\\\/2021\\\/02\\\/logo-footer-acceso-latino.png\",\"width\":240,\"height\":40,\"caption\":\"Acceso Latino | Fundaci\u00f3n Carlos Slim\"},\"image\":{\"@id\":\"https:\\\/\\\/accesolatino.org\\\/#\\\/schema\\\/logo\\\/image\\\/\"},\"sameAs\":[\"https:\\\/\\\/www.facebook.com\\\/AccesoLatinoOrg\",\"https:\\\/\\\/x.com\\\/FAccLatino\"]}]}<\/script>\n<!-- \/ Yoast SEO plugin. -->","yoast_head_json":{"title":"Orientaci\u00f3n Psicol\u00f3gica por parte de los Centros de Integraci\u00f3n Juvenil","description":"Conoce tus derechos y lo que Estados Unidos tiene para ofrecer a los migrantes en materia de Salud - Acceso Latino","robots":{"index":"index","follow":"follow","max-snippet":"max-snippet:-1","max-image-preview":"max-image-preview:large","max-video-preview":"max-video-preview:-1"},"canonical":"https:\/\/accesolatino.org\/en\/salud\/orientacion-psicologica-por-centros-de-integracion-juvenil\/","og_locale":"en_US","og_type":"article","og_title":"Acceso Latino | Orientaci\u00f3n Psicol\u00f3gica por parte de los Centros de Integraci\u00f3n Juvenil","og_description":"Conoce todo lo que Estados Unidos tiene para ofrecer a los migrantes en materia de Salud","og_url":"https:\/\/accesolatino.org\/en\/salud\/orientacion-psicologica-por-centros-de-integracion-juvenil\/","og_site_name":"Acceso Latino","article_publisher":"https:\/\/www.facebook.com\/AccesoLatinoOrg","article_modified_time":"2025-10-16T21:10:23+00:00","og_image":[{"width":600,"height":338,"url":"https:\/\/accesolatino.org\/wp-content\/uploads\/2020\/12\/Recibe-Orientacion-Psicologica-por-parte-de-los-Centros-de-Integracion-Juvenil.png","type":"image\/png"}],"twitter_card":"summary_large_image","twitter_title":"Acceso Latino | Orientaci\u00f3n Psicol\u00f3gica por parte de los Centros de Integraci\u00f3n Juvenil","twitter_description":"Conoce todo lo que Estados Unidos tiene para ofrecer a los migrantes en materia de Salud","twitter_image":"https:\/\/accesolatino.org\/wp-content\/uploads\/2020\/12\/Recibe-Orientacion-Psicologica-por-parte-de-los-Centros-de-Integracion-Juvenil.png","twitter_site":"@FAccLatino","twitter_misc":{"Est. reading time":"2 minutes"},"schema":{"@context":"https:\/\/schema.org","@graph":[{"@type":"WebPage","@id":"https:\/\/accesolatino.org\/salud\/orientacion-psicologica-por-centros-de-integracion-juvenil\/","url":"https:\/\/accesolatino.org\/salud\/orientacion-psicologica-por-centros-de-integracion-juvenil\/","name":"Orientaci\u00f3n Psicol\u00f3gica por parte de los Centros de Integraci\u00f3n Juvenil","isPartOf":{"@id":"https:\/\/accesolatino.org\/#website"},"primaryImageOfPage":{"@id":"https:\/\/accesolatino.org\/salud\/orientacion-psicologica-por-centros-de-integracion-juvenil\/#primaryimage"},"image":{"@id":"https:\/\/accesolatino.org\/salud\/orientacion-psicologica-por-centros-de-integracion-juvenil\/#primaryimage"},"thumbnailUrl":"https:\/\/accesolatino.org\/wp-content\/uploads\/2020\/12\/Recibe-Orientacion-Psicologica-por-parte-de-los-Centros-de-Integracion-Juvenil.png","datePublished":"2020-12-04T12:00:00+00:00","dateModified":"2025-10-16T21:10:23+00:00","description":"Conoce tus derechos y lo que Estados Unidos tiene para ofrecer a los migrantes en materia de Salud - Acceso Latino","breadcrumb":{"@id":"https:\/\/accesolatino.org\/salud\/orientacion-psicologica-por-centros-de-integracion-juvenil\/#breadcrumb"},"inLanguage":"en-US","potentialAction":[{"@type":"ReadAction","target":["https:\/\/accesolatino.org\/salud\/orientacion-psicologica-por-centros-de-integracion-juvenil\/"]}]},{"@type":"ImageObject","inLanguage":"en-US","@id":"https:\/\/accesolatino.org\/salud\/orientacion-psicologica-por-centros-de-integracion-juvenil\/#primaryimage","url":"https:\/\/accesolatino.org\/wp-content\/uploads\/2020\/12\/Recibe-Orientacion-Psicologica-por-parte-de-los-Centros-de-Integracion-Juvenil.png","contentUrl":"https:\/\/accesolatino.org\/wp-content\/uploads\/2020\/12\/Recibe-Orientacion-Psicologica-por-parte-de-los-Centros-de-Integracion-Juvenil.png","width":600,"height":338,"caption":"Orientaci\u00f3n Psicol\u00f3gica"},{"@type":"BreadcrumbList","@id":"https:\/\/accesolatino.org\/salud\/orientacion-psicologica-por-centros-de-integracion-juvenil\/#breadcrumb","itemListElement":[{"@type":"ListItem","position":1,"name":"Portada","item":"https:\/\/accesolatino.org\/"},{"@type":"ListItem","position":2,"name":"Salud","item":"https:\/\/accesolatino.org\/salud\/"},{"@type":"ListItem","position":3,"name":"Orientaci\u00f3n Psicol\u00f3gica por parte de los Centros de Integraci\u00f3n Juvenil"}]},{"@type":"WebSite","@id":"https:\/\/accesolatino.org\/#website","url":"https:\/\/accesolatino.org\/","name":"Acceso Latino | Fundaci\u00f3n Carlos Slim","description":"Fundaci\u00f3n Carlos Slim","publisher":{"@id":"https:\/\/accesolatino.org\/#organization"},"potentialAction":[{"@type":"SearchAction","target":{"@type":"EntryPoint","urlTemplate":"https:\/\/accesolatino.org\/?s={search_term_string}"},"query-input":{"@type":"PropertyValueSpecification","valueRequired":true,"valueName":"search_term_string"}}],"inLanguage":"en-US"},{"@type":"Organization","@id":"https:\/\/accesolatino.org\/#organization","name":"Acceso Latino | Fundaci\u00f3n Carlos Slim","url":"https:\/\/accesolatino.org\/","logo":{"@type":"ImageObject","inLanguage":"en-US","@id":"https:\/\/accesolatino.org\/#\/schema\/logo\/image\/","url":"https:\/\/accesolatino.org\/wp-content\/uploads\/2021\/02\/logo-footer-acceso-latino.png","contentUrl":"https:\/\/accesolatino.org\/wp-content\/uploads\/2021\/02\/logo-footer-acceso-latino.png","width":240,"height":40,"caption":"Acceso Latino | Fundaci\u00f3n Carlos Slim"},"image":{"@id":"https:\/\/accesolatino.org\/#\/schema\/logo\/image\/"},"sameAs":["https:\/\/www.facebook.com\/AccesoLatinoOrg","https:\/\/x.com\/FAccLatino"]}]}},"_links":{"self":[{"href":"https:\/\/accesolatino.org\/en\/wp-json\/wp\/v2\/pages\/24008","targetHints":{"allow":["GET"]}}],"collection":[{"href":"https:\/\/accesolatino.org\/en\/wp-json\/wp\/v2\/pages"}],"about":[{"href":"https:\/\/accesolatino.org\/en\/wp-json\/wp\/v2\/types\/page"}],"author":[{"embeddable":true,"href":"https:\/\/accesolatino.org\/en\/wp-json\/wp\/v2\/users\/4"}],"replies":[{"embeddable":true,"href":"https:\/\/accesolatino.org\/en\/wp-json\/wp\/v2\/comments?post=24008"}],"version-history":[{"count":1,"href":"https:\/\/accesolatino.org\/en\/wp-json\/wp\/v2\/pages\/24008\/revisions"}],"predecessor-version":[{"id":64020,"href":"https:\/\/accesolatino.org\/en\/wp-json\/wp\/v2\/pages\/24008\/revisions\/64020"}],"up":[{"embeddable":true,"href":"https:\/\/accesolatino.org\/en\/wp-json\/wp\/v2\/pages\/4668"}],"wp:featuredmedia":[{"embeddable":true,"href":"https:\/\/accesolatino.org\/en\/wp-json\/wp\/v2\/media\/24010"}],"wp:attachment":[{"href":"https:\/\/accesolatino.org\/en\/wp-json\/wp\/v2\/media?parent=24008"}],"curies":[{"name":"wp","href":"https:\/\/api.w.org\/{rel}","templated":true}]}}