{"id":23988,"date":"2020-12-02T16:56:36","date_gmt":"2020-12-02T22:56:36","guid":{"rendered":"https:\/\/accesolatino.org\/?page_id=23988"},"modified":"2025-11-06T18:25:07","modified_gmt":"2025-11-07T00:25:07","slug":"cndh-salvaguarda-tus-derechos","status":"publish","type":"page","link":"https:\/\/accesolatino.org\/en\/apoyos-sociales\/cndh-salvaguarda-tus-derechos\/","title":{"rendered":"CNDH safeguards your rights"},"content":{"rendered":"<div data-elementor-type=\"wp-post\" data-elementor-id=\"23988\" class=\"elementor elementor-23988\">\n\t\t\t\t\t\t<section class=\"elementor-section elementor-top-section elementor-element elementor-element-75c79d2 elementor-section-full_width elementor-section-height-min-height elementor-section-items-stretch elementor-section-height-default wpr-particle-no wpr-jarallax-no wpr-parallax-no wpr-sticky-section-no wpr-equal-height-no\" data-id=\"75c79d2\" data-element_type=\"section\" data-e-type=\"section\" data-settings=\"{&quot;background_background&quot;:&quot;classic&quot;}\">\n\t\t\t\t\t\t<div class=\"elementor-container elementor-column-gap-no\">\n\t\t\t\t\t<div class=\"elementor-column elementor-col-100 elementor-top-column elementor-element elementor-element-cedcc7f\" data-id=\"cedcc7f\" data-element_type=\"column\" data-e-type=\"column\">\n\t\t\t<div class=\"elementor-widget-wrap elementor-element-populated\">\n\t\t\t\t\t\t<div class=\"elementor-element elementor-element-3caaf70 elementor--h-position-center elementor--v-position-middle elementor-widget elementor-widget-slides\" data-id=\"3caaf70\" data-element_type=\"widget\" data-e-type=\"widget\" data-settings=\"{&quot;navigation&quot;:&quot;none&quot;,&quot;infinite&quot;:&quot;yes&quot;,&quot;transition&quot;:&quot;slide&quot;,&quot;transition_speed&quot;:500}\" data-widget_type=\"slides.default\">\n\t\t\t\t<div class=\"elementor-widget-container\">\n\t\t\t\t\t\t\t<div class=\"elementor-swiper\">\n\t\t\t<div class=\"elementor-slides-wrapper elementor-main-swiper swiper-container\" dir=\"ltr\" data-animation=\"\">\n\t\t\t\t<div class=\"swiper-wrapper elementor-slides\">\n\t\t\t\t\t\t\t\t\t\t<div class=\"elementor-repeater-item-d983a28 swiper-slide\"><div class=\"swiper-slide-bg\"><\/div><div class=\"swiper-slide-inner\" ><div class=\"swiper-slide-contents\"><div class=\"elementor-slide-heading\">Social Supports<\/div><\/div><\/div><\/div>\t\t\t\t<\/div>\n\t\t\t\t\t\t\t<\/div>\n\t\t<\/div>\n\t\t\t\t\t\t<\/div>\n\t\t\t\t<\/div>\n\t\t\t\t\t<\/div>\n\t\t<\/div>\n\t\t\t\t\t<\/div>\n\t\t<\/section>\n\t\t\t\t<section class=\"elementor-section elementor-top-section elementor-element elementor-element-7a8ce22 elementor-section-stretched elementor-section-boxed elementor-section-height-default elementor-section-height-default wpr-particle-no wpr-jarallax-no wpr-parallax-no wpr-sticky-section-no wpr-equal-height-no\" data-id=\"7a8ce22\" data-element_type=\"section\" data-e-type=\"section\" data-settings=\"{&quot;stretch_section&quot;:&quot;section-stretched&quot;,&quot;background_background&quot;:&quot;classic&quot;}\">\n\t\t\t\t\t\t<div class=\"elementor-container elementor-column-gap-default\">\n\t\t\t\t\t<div class=\"elementor-column elementor-col-100 elementor-top-column elementor-element elementor-element-cd96e38\" data-id=\"cd96e38\" data-element_type=\"column\" data-e-type=\"column\">\n\t\t\t<div class=\"elementor-widget-wrap elementor-element-populated\">\n\t\t\t\t\t\t<div class=\"elementor-element elementor-element-5cc47fd elementor-widget elementor-widget-heading\" data-id=\"5cc47fd\" data-element_type=\"widget\" data-e-type=\"widget\" data-widget_type=\"heading.default\">\n\t\t\t\t<div class=\"elementor-widget-container\">\n\t\t\t\t\t<h3 class=\"elementor-heading-title elementor-size-default\">CNDH safeguards your rights<\/h3>\t\t\t\t<\/div>\n\t\t\t\t<\/div>\n\t\t\t\t<div class=\"elementor-element elementor-element-5b9f839 elementor-widget elementor-widget-text-editor\" data-id=\"5b9f839\" data-element_type=\"widget\" data-e-type=\"widget\" data-widget_type=\"text-editor.default\">\n\t\t\t\t<div class=\"elementor-widget-container\">\n\t\t\t\t\t\t\t\t\t<p align=\"justify\"><span style=\"color: #0563c1;\"><u><a href=\"https:\/\/accesolatino.org\/en\/\"><span style=\"font-family: Arial, serif;\"><span style=\"font-size: medium;\">Acceso Latino<\/span><\/span><\/a><\/u><\/span><span style=\"font-family: Arial, serif;\"><span style=\"font-size: medium;\"> cuenta con alianzas que har\u00e1n que tu tiempo en Estados Unidos sea m\u00e1s llevadero en caso de tener un problema. <\/span><\/span><\/p><p align=\"justify\"><span style=\"font-family: Arial, serif;\"><span style=\"font-size: medium;\">En esta ocasi\u00f3n te presentamos la <\/span><\/span><span style=\"color: #0563c1;\"><u><a href=\"https:\/\/www.cndh.org.mx\/\"><span style=\"font-family: Arial, serif;\"><span style=\"font-size: medium;\">CNDH<\/span><\/span><\/a><\/u><\/span><span style=\"font-family: Arial, serif;\"><span style=\"font-size: medium;\"> (Comisi\u00f3n Nacional de los Derechos Humanos) un organismo p\u00fablico aut\u00f3nomo del Estado mexicano, cuya misi\u00f3n es la defensa, promoci\u00f3n, estudio y divulgaci\u00f3n de los derechos humanos. <\/span><\/span><\/p><p align=\"justify\"><span style=\"font-family: Arial, serif;\"><span style=\"font-size: medium;\">Su compromiso con los mexicanos est\u00e1 presente a\u00fan m\u00e1s all\u00e1 de sus fronteras, por lo que cuenta con el programa <\/span><\/span><span style=\"font-family: Arial, serif;\"><span style=\"font-size: medium;\"><b>\"Migrant person, the Plan is to have a Plan\"<\/b><\/span><\/span><span style=\"font-family: Arial, serif;\"><span style=\"font-size: medium;\">, el cual te da las siguientes opciones:<\/span><\/span><\/p><ul><li><span style=\"font-family: Arial, serif;\"><span style=\"font-size: medium;\"><b>\u00bfEst\u00e1s en E.U.A.?:<\/b><\/span><\/span><span style=\"font-family: Arial, serif;\"><span style=\"font-size: medium;\"> inf\u00f3rmate a trav\u00e9s de enlaces donde encontrar\u00e1s informaci\u00f3n sobre redadas, ubicaci\u00f3n de consulados, protecci\u00f3n de tu familia, identifica un abogado, bienes y documentos, tarjeta de derechos, etc. Asimismo, orientaci\u00f3n en caso de retenci\u00f3n, ante acusaci\u00f3n penal, cambio de estado migratorio, entre otros. Otras alternativas que ofrece son reportes de delitos sufridos en M\u00e9xico desde Estados Unidos, defensa en caso de una detenci\u00f3n, recuperaci\u00f3n de salarios y m\u00e1s datos importantes. <\/span><\/span><\/li><li><span style=\"font-family: Arial, serif;\"><span style=\"font-size: medium;\"><b>\u00bfEst\u00e1s en M\u00e9xico?:<\/b><\/span><\/span><span style=\"font-family: Arial, serif;\"><span style=\"font-size: medium;\"> te da la bienvenida, explic\u00e1ndote tus derechos de alojamiento y comida, ni\u00f1ez no acompa\u00f1ada y regreso al lugar de origen. Adem\u00e1s, te integra en temas de salud, DACA, educaci\u00f3n y bolsa de trabajo. Por \u00faltimo, te apoya con lugares de entrada al pa\u00eds, instituciones y sitios de inter\u00e9s. <\/span><\/span><\/li><li><span style=\"font-family: Arial, serif;\"><span style=\"font-size: medium;\"><b>\u00bfEst\u00e1s en tr\u00e1nsito por M\u00e9xico?:<\/b><\/span><\/span><span style=\"font-family: Arial, serif;\"><span style=\"font-size: medium;\"> en este apartado se encuentran asuntos como no criminalizaci\u00f3n, atenci\u00f3n m\u00e9dica, visa humanitaria, instituciones, etc. Si llegas a ser detenido tus derechos est\u00e1n protegidos, ya que puedes contar con un lugar para quedarte seguro, al igual que con aclaraci\u00f3n de tus dudas sobre deportaci\u00f3n y retorno asistido durante el procedimiento administrativo.<\/span><\/span><\/li><\/ul><p align=\"justify\"><span style=\"font-family: Arial, serif;\"><span style=\"font-size: medium;\">La CNDH tambi\u00e9n te da la posibilidad de emitir una queja si fuiste v\u00edctima de violaci\u00f3n de derechos.<\/span><\/span><\/p><p align=\"justify\"><span style=\"font-family: Arial, serif;\"><span style=\"font-size: medium;\">Para m\u00e1s informaci\u00f3n, consulta la p\u00e1gina que se encuentra al principio de esta nota o en la secci\u00f3n <\/span><\/span><span style=\"color: #0563c1;\"><u><a href=\"https:\/\/accesolatino.org\/en\/tus-derechos\/\"><span style=\"font-family: Arial, serif;\"><span style=\"font-size: medium;\">Your Rights<\/span><\/span><\/a><\/u><\/span><span style=\"font-family: Arial, serif;\"><span style=\"font-size: medium;\">.<\/span><\/span><\/p>\t\t\t\t\t\t\t\t<\/div>\n\t\t\t\t<\/div>\n\t\t\t\t<div class=\"elementor-element elementor-element-b865837 elementor-widget elementor-widget-spacer\" data-id=\"b865837\" data-element_type=\"widget\" data-e-type=\"widget\" data-widget_type=\"spacer.default\">\n\t\t\t\t<div class=\"elementor-widget-container\">\n\t\t\t\t\t\t\t<div class=\"elementor-spacer\">\n\t\t\t<div class=\"elementor-spacer-inner\"><\/div>\n\t\t<\/div>\n\t\t\t\t\t\t<\/div>\n\t\t\t\t<\/div>\n\t\t\t\t\t<\/div>\n\t\t<\/div>\n\t\t\t\t\t<\/div>\n\t\t<\/section>\n\t\t\t\t<\/div>","protected":false},"excerpt":{"rendered":"<p>Apoyos Sociales CNDH salvaguarda tus derechos Acceso Latino cuenta con alianzas que har\u00e1n que tu tiempo en Estados Unidos sea m\u00e1s llevadero en caso de tener un problema. En esta ocasi\u00f3n te presentamos la CNDH (Comisi\u00f3n Nacional de los Derechos Humanos) un organismo p\u00fablico aut\u00f3nomo del Estado mexicano, cuya misi\u00f3n es la defensa, promoci\u00f3n, estudio y divulgaci\u00f3n de los derechos humanos. Su compromiso con los mexicanos est\u00e1 presente a\u00fan m\u00e1s all\u00e1 de sus fronteras, por lo que cuenta con el programa \u201cPersona migrante, el Plan es tener un Plan\u201d, el cual te da las siguientes opciones: \u00bfEst\u00e1s en E.U.A.?: inf\u00f3rmate a trav\u00e9s de enlaces donde encontrar\u00e1s informaci\u00f3n sobre redadas, ubicaci\u00f3n de consulados, protecci\u00f3n de tu familia, identifica un abogado, bienes y documentos, tarjeta de derechos, etc. Asimismo, orientaci\u00f3n en caso de retenci\u00f3n, ante acusaci\u00f3n penal, cambio de estado migratorio, entre otros. Otras alternativas que ofrece son reportes de delitos sufridos en M\u00e9xico desde Estados Unidos, defensa en caso de una detenci\u00f3n, recuperaci\u00f3n de salarios y m\u00e1s datos importantes. \u00bfEst\u00e1s en M\u00e9xico?: te da la bienvenida, explic\u00e1ndote tus derechos de alojamiento y comida, ni\u00f1ez no acompa\u00f1ada y regreso al lugar de origen. Adem\u00e1s, te integra en temas de salud, DACA, educaci\u00f3n y bolsa de trabajo. Por \u00faltimo, te apoya con lugares de entrada al pa\u00eds, instituciones y sitios de inter\u00e9s. \u00bfEst\u00e1s en tr\u00e1nsito por M\u00e9xico?: en este apartado se encuentran asuntos como no criminalizaci\u00f3n, atenci\u00f3n m\u00e9dica, visa humanitaria, instituciones, etc. Si llegas a ser detenido tus derechos est\u00e1n protegidos, ya que puedes contar con un lugar para quedarte seguro, al igual que con aclaraci\u00f3n de tus dudas sobre deportaci\u00f3n y retorno asistido durante el procedimiento administrativo. La CNDH tambi\u00e9n te da la posibilidad de emitir una queja si fuiste v\u00edctima de violaci\u00f3n de derechos. Para m\u00e1s informaci\u00f3n, consulta la p\u00e1gina que se encuentra al principio de esta nota o en la secci\u00f3n Tus Derechos.<\/p>","protected":false},"author":6,"featured_media":23990,"parent":1435,"menu_order":0,"comment_status":"closed","ping_status":"closed","template":"elementor_header_footer","meta":{"_uf_show_specific_survey":0,"_uf_disable_surveys":false,"footnotes":""},"class_list":["post-23988","page","type-page","status-publish","has-post-thumbnail"],"aioseo_notices":[],"yoast_head":"<!-- This site is optimized with the Yoast SEO plugin v27.5 - https:\/\/yoast.com\/product\/yoast-seo-wordpress\/ -->\n<title>CNDH salvaguarda tus derechos<\/title>\n<meta name=\"description\" content=\"Conoce las diferentes formas en las que los migrantes se pueden ver beneficiados en USA - CNDH salvaguarda tus derechos\" \/>\n<meta name=\"robots\" content=\"index, follow, max-snippet:-1, max-image-preview:large, max-video-preview:-1\" \/>\n<link rel=\"canonical\" href=\"https:\/\/accesolatino.org\/en\/apoyos-sociales\/cndh-salvaguarda-tus-derechos\/\" \/>\n<meta property=\"og:locale\" content=\"en_US\" \/>\n<meta property=\"og:type\" content=\"article\" \/>\n<meta property=\"og:title\" content=\"Acceso Latino | CNDH salvaguarda tus derechos\" \/>\n<meta property=\"og:description\" content=\"Conoce las diferentes formas en las que los migrantes se pueden ver beneficiados en USA\" \/>\n<meta property=\"og:url\" content=\"https:\/\/accesolatino.org\/en\/apoyos-sociales\/cndh-salvaguarda-tus-derechos\/\" \/>\n<meta property=\"og:site_name\" content=\"Acceso Latino\" \/>\n<meta property=\"article:publisher\" content=\"https:\/\/www.facebook.com\/AccesoLatinoOrg\" \/>\n<meta property=\"article:modified_time\" content=\"2025-11-07T00:25:07+00:00\" \/>\n<meta property=\"og:image\" content=\"https:\/\/accesolatino.org\/wp-content\/uploads\/2020\/12\/CNDH-salvaguarda-tus-derechos.png\" \/>\n\t<meta property=\"og:image:width\" content=\"600\" \/>\n\t<meta property=\"og:image:height\" content=\"338\" \/>\n\t<meta property=\"og:image:type\" content=\"image\/png\" \/>\n<meta name=\"twitter:card\" content=\"summary_large_image\" \/>\n<meta name=\"twitter:title\" content=\"Acceso Latino | CNDH salvaguarda tus derechos\" \/>\n<meta name=\"twitter:description\" content=\"Conoce las diferentes formas en las que los migrantes se pueden ver beneficiados en USA\" \/>\n<meta name=\"twitter:image\" content=\"https:\/\/accesolatino.org\/wp-content\/uploads\/2020\/12\/CNDH-salvaguarda-tus-derechos.png\" \/>\n<meta name=\"twitter:site\" content=\"@FAccLatino\" \/>\n<meta name=\"twitter:label1\" content=\"Est. reading time\" \/>\n\t<meta name=\"twitter:data1\" content=\"2 minutes\" \/>\n<script type=\"application\/ld+json\" class=\"yoast-schema-graph\">{\"@context\":\"https:\\\/\\\/schema.org\",\"@graph\":[{\"@type\":\"WebPage\",\"@id\":\"https:\\\/\\\/accesolatino.org\\\/apoyos-sociales\\\/cndh-salvaguarda-tus-derechos\\\/\",\"url\":\"https:\\\/\\\/accesolatino.org\\\/apoyos-sociales\\\/cndh-salvaguarda-tus-derechos\\\/\",\"name\":\"CNDH salvaguarda tus derechos\",\"isPartOf\":{\"@id\":\"https:\\\/\\\/accesolatino.org\\\/#website\"},\"primaryImageOfPage\":{\"@id\":\"https:\\\/\\\/accesolatino.org\\\/apoyos-sociales\\\/cndh-salvaguarda-tus-derechos\\\/#primaryimage\"},\"image\":{\"@id\":\"https:\\\/\\\/accesolatino.org\\\/apoyos-sociales\\\/cndh-salvaguarda-tus-derechos\\\/#primaryimage\"},\"thumbnailUrl\":\"https:\\\/\\\/accesolatino.org\\\/wp-content\\\/uploads\\\/2020\\\/12\\\/CNDH-salvaguarda-tus-derechos.png\",\"datePublished\":\"2020-12-02T22:56:36+00:00\",\"dateModified\":\"2025-11-07T00:25:07+00:00\",\"description\":\"Conoce las diferentes formas en las que los migrantes se pueden ver beneficiados en USA - CNDH salvaguarda tus derechos\",\"breadcrumb\":{\"@id\":\"https:\\\/\\\/accesolatino.org\\\/apoyos-sociales\\\/cndh-salvaguarda-tus-derechos\\\/#breadcrumb\"},\"inLanguage\":\"en-US\",\"potentialAction\":[{\"@type\":\"ReadAction\",\"target\":[\"https:\\\/\\\/accesolatino.org\\\/apoyos-sociales\\\/cndh-salvaguarda-tus-derechos\\\/\"]}]},{\"@type\":\"ImageObject\",\"inLanguage\":\"en-US\",\"@id\":\"https:\\\/\\\/accesolatino.org\\\/apoyos-sociales\\\/cndh-salvaguarda-tus-derechos\\\/#primaryimage\",\"url\":\"https:\\\/\\\/accesolatino.org\\\/wp-content\\\/uploads\\\/2020\\\/12\\\/CNDH-salvaguarda-tus-derechos.png\",\"contentUrl\":\"https:\\\/\\\/accesolatino.org\\\/wp-content\\\/uploads\\\/2020\\\/12\\\/CNDH-salvaguarda-tus-derechos.png\",\"width\":600,\"height\":338,\"caption\":\"CNDH salvaguarda tus derechos\"},{\"@type\":\"BreadcrumbList\",\"@id\":\"https:\\\/\\\/accesolatino.org\\\/apoyos-sociales\\\/cndh-salvaguarda-tus-derechos\\\/#breadcrumb\",\"itemListElement\":[{\"@type\":\"ListItem\",\"position\":1,\"name\":\"Portada\",\"item\":\"https:\\\/\\\/accesolatino.org\\\/\"},{\"@type\":\"ListItem\",\"position\":2,\"name\":\"Apoyos Sociales\",\"item\":\"https:\\\/\\\/accesolatino.org\\\/en\\\/apoyos-sociales\\\/\"},{\"@type\":\"ListItem\",\"position\":3,\"name\":\"CNDH salvaguarda tus derechos\"}]},{\"@type\":\"WebSite\",\"@id\":\"https:\\\/\\\/accesolatino.org\\\/#website\",\"url\":\"https:\\\/\\\/accesolatino.org\\\/\",\"name\":\"Acceso Latino | Fundaci\u00f3n Carlos Slim\",\"description\":\"Fundaci\u00f3n Carlos Slim\",\"publisher\":{\"@id\":\"https:\\\/\\\/accesolatino.org\\\/#organization\"},\"potentialAction\":[{\"@type\":\"SearchAction\",\"target\":{\"@type\":\"EntryPoint\",\"urlTemplate\":\"https:\\\/\\\/accesolatino.org\\\/?s={search_term_string}\"},\"query-input\":{\"@type\":\"PropertyValueSpecification\",\"valueRequired\":true,\"valueName\":\"search_term_string\"}}],\"inLanguage\":\"en-US\"},{\"@type\":\"Organization\",\"@id\":\"https:\\\/\\\/accesolatino.org\\\/#organization\",\"name\":\"Acceso Latino | Fundaci\u00f3n Carlos Slim\",\"url\":\"https:\\\/\\\/accesolatino.org\\\/\",\"logo\":{\"@type\":\"ImageObject\",\"inLanguage\":\"en-US\",\"@id\":\"https:\\\/\\\/accesolatino.org\\\/#\\\/schema\\\/logo\\\/image\\\/\",\"url\":\"https:\\\/\\\/accesolatino.org\\\/wp-content\\\/uploads\\\/2021\\\/02\\\/logo-footer-acceso-latino.png\",\"contentUrl\":\"https:\\\/\\\/accesolatino.org\\\/wp-content\\\/uploads\\\/2021\\\/02\\\/logo-footer-acceso-latino.png\",\"width\":240,\"height\":40,\"caption\":\"Acceso Latino | Fundaci\u00f3n Carlos Slim\"},\"image\":{\"@id\":\"https:\\\/\\\/accesolatino.org\\\/#\\\/schema\\\/logo\\\/image\\\/\"},\"sameAs\":[\"https:\\\/\\\/www.facebook.com\\\/AccesoLatinoOrg\",\"https:\\\/\\\/x.com\\\/FAccLatino\"]}]}<\/script>\n<!-- \/ Yoast SEO plugin. -->","yoast_head_json":{"title":"CNDH safeguards your rights","description":"Conoce las diferentes formas en las que los migrantes se pueden ver beneficiados en USA - CNDH salvaguarda tus derechos","robots":{"index":"index","follow":"follow","max-snippet":"max-snippet:-1","max-image-preview":"max-image-preview:large","max-video-preview":"max-video-preview:-1"},"canonical":"https:\/\/accesolatino.org\/en\/apoyos-sociales\/cndh-salvaguarda-tus-derechos\/","og_locale":"en_US","og_type":"article","og_title":"Acceso Latino | CNDH salvaguarda tus derechos","og_description":"Conoce las diferentes formas en las que los migrantes se pueden ver beneficiados en USA","og_url":"https:\/\/accesolatino.org\/en\/apoyos-sociales\/cndh-salvaguarda-tus-derechos\/","og_site_name":"Acceso Latino","article_publisher":"https:\/\/www.facebook.com\/AccesoLatinoOrg","article_modified_time":"2025-11-07T00:25:07+00:00","og_image":[{"width":600,"height":338,"url":"https:\/\/accesolatino.org\/wp-content\/uploads\/2020\/12\/CNDH-salvaguarda-tus-derechos.png","type":"image\/png"}],"twitter_card":"summary_large_image","twitter_title":"Acceso Latino | CNDH salvaguarda tus derechos","twitter_description":"Conoce las diferentes formas en las que los migrantes se pueden ver beneficiados en USA","twitter_image":"https:\/\/accesolatino.org\/wp-content\/uploads\/2020\/12\/CNDH-salvaguarda-tus-derechos.png","twitter_site":"@FAccLatino","twitter_misc":{"Est. reading time":"2 minutes"},"schema":{"@context":"https:\/\/schema.org","@graph":[{"@type":"WebPage","@id":"https:\/\/accesolatino.org\/apoyos-sociales\/cndh-salvaguarda-tus-derechos\/","url":"https:\/\/accesolatino.org\/apoyos-sociales\/cndh-salvaguarda-tus-derechos\/","name":"CNDH safeguards your rights","isPartOf":{"@id":"https:\/\/accesolatino.org\/#website"},"primaryImageOfPage":{"@id":"https:\/\/accesolatino.org\/apoyos-sociales\/cndh-salvaguarda-tus-derechos\/#primaryimage"},"image":{"@id":"https:\/\/accesolatino.org\/apoyos-sociales\/cndh-salvaguarda-tus-derechos\/#primaryimage"},"thumbnailUrl":"https:\/\/accesolatino.org\/wp-content\/uploads\/2020\/12\/CNDH-salvaguarda-tus-derechos.png","datePublished":"2020-12-02T22:56:36+00:00","dateModified":"2025-11-07T00:25:07+00:00","description":"Conoce las diferentes formas en las que los migrantes se pueden ver beneficiados en USA - CNDH salvaguarda tus derechos","breadcrumb":{"@id":"https:\/\/accesolatino.org\/apoyos-sociales\/cndh-salvaguarda-tus-derechos\/#breadcrumb"},"inLanguage":"en-US","potentialAction":[{"@type":"ReadAction","target":["https:\/\/accesolatino.org\/apoyos-sociales\/cndh-salvaguarda-tus-derechos\/"]}]},{"@type":"ImageObject","inLanguage":"en-US","@id":"https:\/\/accesolatino.org\/apoyos-sociales\/cndh-salvaguarda-tus-derechos\/#primaryimage","url":"https:\/\/accesolatino.org\/wp-content\/uploads\/2020\/12\/CNDH-salvaguarda-tus-derechos.png","contentUrl":"https:\/\/accesolatino.org\/wp-content\/uploads\/2020\/12\/CNDH-salvaguarda-tus-derechos.png","width":600,"height":338,"caption":"CNDH salvaguarda tus derechos"},{"@type":"BreadcrumbList","@id":"https:\/\/accesolatino.org\/apoyos-sociales\/cndh-salvaguarda-tus-derechos\/#breadcrumb","itemListElement":[{"@type":"ListItem","position":1,"name":"Portada","item":"https:\/\/accesolatino.org\/"},{"@type":"ListItem","position":2,"name":"Apoyos Sociales","item":"https:\/\/accesolatino.org\/en\/apoyos-sociales\/"},{"@type":"ListItem","position":3,"name":"CNDH salvaguarda tus derechos"}]},{"@type":"WebSite","@id":"https:\/\/accesolatino.org\/#website","url":"https:\/\/accesolatino.org\/","name":"Acceso Latino | Fundaci\u00f3n Carlos Slim","description":"Fundaci\u00f3n Carlos Slim","publisher":{"@id":"https:\/\/accesolatino.org\/#organization"},"potentialAction":[{"@type":"SearchAction","target":{"@type":"EntryPoint","urlTemplate":"https:\/\/accesolatino.org\/?s={search_term_string}"},"query-input":{"@type":"PropertyValueSpecification","valueRequired":true,"valueName":"search_term_string"}}],"inLanguage":"en-US"},{"@type":"Organization","@id":"https:\/\/accesolatino.org\/#organization","name":"Acceso Latino | Fundaci\u00f3n Carlos Slim","url":"https:\/\/accesolatino.org\/","logo":{"@type":"ImageObject","inLanguage":"en-US","@id":"https:\/\/accesolatino.org\/#\/schema\/logo\/image\/","url":"https:\/\/accesolatino.org\/wp-content\/uploads\/2021\/02\/logo-footer-acceso-latino.png","contentUrl":"https:\/\/accesolatino.org\/wp-content\/uploads\/2021\/02\/logo-footer-acceso-latino.png","width":240,"height":40,"caption":"Acceso Latino | Fundaci\u00f3n Carlos Slim"},"image":{"@id":"https:\/\/accesolatino.org\/#\/schema\/logo\/image\/"},"sameAs":["https:\/\/www.facebook.com\/AccesoLatinoOrg","https:\/\/x.com\/FAccLatino"]}]}},"_links":{"self":[{"href":"https:\/\/accesolatino.org\/en\/wp-json\/wp\/v2\/pages\/23988","targetHints":{"allow":["GET"]}}],"collection":[{"href":"https:\/\/accesolatino.org\/en\/wp-json\/wp\/v2\/pages"}],"about":[{"href":"https:\/\/accesolatino.org\/en\/wp-json\/wp\/v2\/types\/page"}],"author":[{"embeddable":true,"href":"https:\/\/accesolatino.org\/en\/wp-json\/wp\/v2\/users\/6"}],"replies":[{"embeddable":true,"href":"https:\/\/accesolatino.org\/en\/wp-json\/wp\/v2\/comments?post=23988"}],"version-history":[{"count":1,"href":"https:\/\/accesolatino.org\/en\/wp-json\/wp\/v2\/pages\/23988\/revisions"}],"predecessor-version":[{"id":68585,"href":"https:\/\/accesolatino.org\/en\/wp-json\/wp\/v2\/pages\/23988\/revisions\/68585"}],"up":[{"embeddable":true,"href":"https:\/\/accesolatino.org\/en\/wp-json\/wp\/v2\/pages\/1435"}],"wp:featuredmedia":[{"embeddable":true,"href":"https:\/\/accesolatino.org\/en\/wp-json\/wp\/v2\/media\/23990"}],"wp:attachment":[{"href":"https:\/\/accesolatino.org\/en\/wp-json\/wp\/v2\/media?parent=23988"}],"curies":[{"name":"wp","href":"https:\/\/api.w.org\/{rel}","templated":true}]}}