{"id":23941,"date":"2020-12-02T06:00:00","date_gmt":"2020-12-02T12:00:00","guid":{"rendered":"https:\/\/accesolatino.org\/?page_id=23941"},"modified":"2025-10-17T17:14:23","modified_gmt":"2025-10-17T23:14:23","slug":"la-ley-green-light-de-nueva-york-sobrevive-apelacion","status":"publish","type":"page","link":"https:\/\/accesolatino.org\/en\/la-ley-green-light-de-nueva-york-sobrevive-apelacion\/","title":{"rendered":"New York's Green Light law survives appeal"},"content":{"rendered":"<div data-elementor-type=\"wp-post\" data-elementor-id=\"23941\" class=\"elementor elementor-23941\">\n\t\t\t\t\t\t<section class=\"elementor-section elementor-top-section elementor-element elementor-element-867835d elementor-section-full_width elementor-section-height-min-height elementor-section-items-stretch elementor-section-height-default wpr-particle-no wpr-jarallax-no wpr-parallax-no wpr-sticky-section-no\" data-id=\"867835d\" data-element_type=\"section\" data-e-type=\"section\" data-settings=\"{&quot;background_background&quot;:&quot;classic&quot;}\">\n\t\t\t\t\t\t<div class=\"elementor-container elementor-column-gap-no\">\n\t\t\t\t\t<div class=\"elementor-column elementor-col-100 elementor-top-column elementor-element elementor-element-96d70be\" data-id=\"96d70be\" data-element_type=\"column\" data-e-type=\"column\">\n\t\t\t<div class=\"elementor-widget-wrap elementor-element-populated\">\n\t\t\t\t\t\t<div class=\"elementor-element elementor-element-3800905 elementor--h-position-center elementor--v-position-middle elementor-widget elementor-widget-slides\" data-id=\"3800905\" data-element_type=\"widget\" data-e-type=\"widget\" data-settings=\"{&quot;navigation&quot;:&quot;none&quot;,&quot;infinite&quot;:&quot;yes&quot;,&quot;transition&quot;:&quot;slide&quot;,&quot;transition_speed&quot;:500}\" data-widget_type=\"slides.default\">\n\t\t\t\t<div class=\"elementor-widget-container\">\n\t\t\t\t\t\t\t<div class=\"elementor-swiper\">\n\t\t\t<div class=\"elementor-slides-wrapper elementor-main-swiper swiper-container\" dir=\"ltr\" data-animation=\"\">\n\t\t\t\t<div class=\"swiper-wrapper elementor-slides\">\n\t\t\t\t\t\t\t\t\t\t<div class=\"elementor-repeater-item-d983a28 swiper-slide\"><div class=\"swiper-slide-bg\"><\/div><div class=\"swiper-slide-inner\" ><div class=\"swiper-slide-contents\"><div class=\"elementor-slide-heading\">Processing of Licenses<\/div><\/div><\/div><\/div>\t\t\t\t<\/div>\n\t\t\t\t\t\t\t<\/div>\n\t\t<\/div>\n\t\t\t\t\t\t<\/div>\n\t\t\t\t<\/div>\n\t\t\t\t\t<\/div>\n\t\t<\/div>\n\t\t\t\t\t<\/div>\n\t\t<\/section>\n\t\t\t\t<section class=\"elementor-section elementor-top-section elementor-element elementor-element-9c577cd elementor-section-stretched elementor-section-boxed elementor-section-height-default elementor-section-height-default wpr-particle-no wpr-jarallax-no wpr-parallax-no wpr-sticky-section-no\" data-id=\"9c577cd\" data-element_type=\"section\" data-e-type=\"section\" data-settings=\"{&quot;stretch_section&quot;:&quot;section-stretched&quot;,&quot;background_background&quot;:&quot;classic&quot;}\">\n\t\t\t\t\t\t<div class=\"elementor-container elementor-column-gap-default\">\n\t\t\t\t\t<div class=\"elementor-column elementor-col-100 elementor-top-column elementor-element elementor-element-e29ffb4\" data-id=\"e29ffb4\" data-element_type=\"column\" data-e-type=\"column\">\n\t\t\t<div class=\"elementor-widget-wrap elementor-element-populated\">\n\t\t\t\t\t\t<div class=\"elementor-element elementor-element-5072345 elementor-widget elementor-widget-heading\" data-id=\"5072345\" data-element_type=\"widget\" data-e-type=\"widget\" data-widget_type=\"heading.default\">\n\t\t\t\t<div class=\"elementor-widget-container\">\n\t\t\t\t\t<h3 class=\"elementor-heading-title elementor-size-default\">New York's Green Light law survives appeal<\/h3>\t\t\t\t<\/div>\n\t\t\t\t<\/div>\n\t\t\t\t<div class=\"elementor-element elementor-element-6423fda elementor-widget elementor-widget-text-editor\" data-id=\"6423fda\" data-element_type=\"widget\" data-e-type=\"widget\" data-widget_type=\"text-editor.default\">\n\t\t\t\t<div class=\"elementor-widget-container\">\n\t\t\t\t\t\t\t\t\t<p align=\"justify\"><span style=\"font-family: Arial, serif;\"><span style=\"font-size: medium;\"><b>Acceso Latino <\/b><\/span><\/span><span style=\"font-family: Arial, serif;\"><span style=\"font-size: medium;\">te informa sobre las \u00faltimas novedades en cuanto a temas migratorios, y esta apelaci\u00f3n de la ley <\/span><\/span><span style=\"font-family: Arial, serif;\"><span style=\"font-size: medium;\"><i>Green Light<\/i><\/span><\/span><span style=\"font-family: Arial, serif;\"><span style=\"font-size: medium;\"> de Nueva York no es la excepci\u00f3n. Este estado es el 13\u00b0 en conceder <\/span><\/span><span style=\"color: #0563c1;\"><u><a href=\"https:\/\/accesolatino.org\/en\/licencias\/\"><span style=\"font-family: Arial, serif;\"><span style=\"font-size: medium;\">Driver's licenses<\/span><\/span><\/a><\/u><\/span><span style=\"font-family: Arial, serif;\"><span style=\"font-size: medium;\"> a inmigrantes indocumentados sin estatus migratorio legal o n\u00famero de Seguridad Social. Si quieres conocer el resto de los estados que te dan esa posibilidad, entra a esa secci\u00f3n. <\/span><\/span><\/p><p align=\"justify\"><span style=\"font-family: Arial, serif;\"><span style=\"font-size: medium;\">El lunes fue cuando se dio el fallo en una Corte Federal, brindando esta oportunidad a inmigrantes indocumentados de aplicar y recibir una licencia de conducir. <\/span><\/span><\/p><p align=\"justify\"><span style=\"font-family: Arial, serif;\"><span style=\"font-size: medium;\">La fiscal general del estado, Letitia James, explic\u00f3 que \u201cla ley <\/span><\/span><span style=\"font-family: Arial, serif;\"><span style=\"font-size: medium;\"><i>Green Light<\/i><\/span><\/span><span style=\"font-family: Arial, serif;\"><span style=\"font-size: medium;\"> es legal y aplicable, y esta decisi\u00f3n marca la tercera Corte Federal que desestima las impugnaciones presentadas para imponer la ley\u201d. Agreg\u00f3 que \u201cesta ley protege a todos los neoyorquinos al hacer nuestras carreteras m\u00e1s seguras, creciendo nuestra econom\u00eda y permitiendo a los inmigrantes salir de las sombras al registrarse como conductores legales en nuestro estado\u201d. <\/span><\/span><\/p><p align=\"justify\"><span style=\"font-family: Arial, serif;\"><span style=\"font-size: medium;\">Las licencias tambi\u00e9n les permiten trabajar, viajar con su familia y llevarlos a donde necesiten, al igual que inscribirse en una universidad y encontrar un hogar.<\/span><\/span><\/p><p align=\"justify\"><span style=\"font-family: Arial, serif;\"><span style=\"font-size: medium;\">Nueva York tambi\u00e9n modific\u00f3 la ley que permit\u00eda acceder a los registros del DMV (Departamento de Veh\u00edculos Motorizados) de manera ilimitada a principios de este a\u00f1o. <\/span><\/span><\/p><p align=\"justify\"><span style=\"font-family: Arial, serif;\"><span style=\"font-size: medium;\">Cuando esta ley fue aprobada en el 2019, se estim\u00f3 que alrededor de 265 mil inmigrantes sin documentos legales solicitar\u00edan y obtendr\u00edan su licencia para fines del 2022.<\/span><\/span><\/p><p align=\"justify\"><span style=\"font-family: Arial, serif;\"><span style=\"font-size: medium;\">Fuente: Spectrum News\/News10 ABC<\/span><\/span><\/p>\t\t\t\t\t\t\t\t<\/div>\n\t\t\t\t<\/div>\n\t\t\t\t<div class=\"elementor-element elementor-element-8d7c7b7 elementor-widget elementor-widget-spacer\" data-id=\"8d7c7b7\" data-element_type=\"widget\" data-e-type=\"widget\" data-widget_type=\"spacer.default\">\n\t\t\t\t<div class=\"elementor-widget-container\">\n\t\t\t\t\t\t\t<div class=\"elementor-spacer\">\n\t\t\t<div class=\"elementor-spacer-inner\"><\/div>\n\t\t<\/div>\n\t\t\t\t\t\t<\/div>\n\t\t\t\t<\/div>\n\t\t\t\t\t<\/div>\n\t\t<\/div>\n\t\t\t\t\t<\/div>\n\t\t<\/section>\n\t\t\t\t<\/div>","protected":false},"excerpt":{"rendered":"<p>Tr\u00e1mite de Licencias La ley Green Light de Nueva York sobrevive apelaci\u00f3n Acceso Latino te informa sobre las \u00faltimas novedades en cuanto a temas migratorios, y esta apelaci\u00f3n de la ley Green Light de Nueva York no es la excepci\u00f3n. Este estado es el 13\u00b0 en conceder Licencias de conducir a inmigrantes indocumentados sin estatus migratorio legal o n\u00famero de Seguridad Social. Si quieres conocer el resto de los estados que te dan esa posibilidad, entra a esa secci\u00f3n. El lunes fue cuando se dio el fallo en una Corte Federal, brindando esta oportunidad a inmigrantes indocumentados de aplicar y recibir una licencia de conducir. La fiscal general del estado, Letitia James, explic\u00f3 que \u201cla ley Green Light es legal y aplicable, y esta decisi\u00f3n marca la tercera Corte Federal que desestima las impugnaciones presentadas para imponer la ley\u201d. Agreg\u00f3 que \u201cesta ley protege a todos los neoyorquinos al hacer nuestras carreteras m\u00e1s seguras, creciendo nuestra econom\u00eda y permitiendo a los inmigrantes salir de las sombras al registrarse como conductores legales en nuestro estado\u201d. Las licencias tambi\u00e9n les permiten trabajar, viajar con su familia y llevarlos a donde necesiten, al igual que inscribirse en una universidad y encontrar un hogar. Nueva York tambi\u00e9n modific\u00f3 la ley que permit\u00eda acceder a los registros del DMV (Departamento de Veh\u00edculos Motorizados) de manera ilimitada a principios de este a\u00f1o. Cuando esta ley fue aprobada en el 2019, se estim\u00f3 que alrededor de 265 mil inmigrantes sin documentos legales solicitar\u00edan y obtendr\u00edan su licencia para fines del 2022. Fuente: Spectrum News\/News10 ABC<\/p>","protected":false},"author":9,"featured_media":2770,"parent":0,"menu_order":0,"comment_status":"closed","ping_status":"closed","template":"elementor_header_footer","meta":{"_uf_show_specific_survey":0,"_uf_disable_surveys":false,"footnotes":""},"class_list":["post-23941","page","type-page","status-publish","has-post-thumbnail"],"aioseo_notices":[],"yoast_head":"<!-- This site is optimized with the Yoast SEO plugin v27.3 - https:\/\/yoast.com\/product\/yoast-seo-wordpress\/ -->\n<title>La ley Green Light de Nueva York sobrevive apelaci\u00f3n<\/title>\n<meta name=\"description\" content=\"Tr\u00e1mite de Licencias: La ley\u00a0Green\u00a0Light\u00a0de Nueva York sobrevive apelaci\u00f3n Acceso Latino te informa sobre las \u00faltimas novedades en cuanto...\" \/>\n<meta name=\"robots\" content=\"index, follow, max-snippet:-1, max-image-preview:large, max-video-preview:-1\" \/>\n<link rel=\"canonical\" href=\"https:\/\/accesolatino.org\/en\/la-ley-green-light-de-nueva-york-sobrevive-apelacion\/\" \/>\n<meta property=\"og:locale\" content=\"en_US\" \/>\n<meta property=\"og:type\" content=\"article\" \/>\n<meta property=\"og:title\" content=\"Acceso Latino | La ley Green Light de Nueva York sobrevive apelaci\u00f3n\" \/>\n<meta property=\"og:description\" content=\"La ley Green Light de Nueva York sobrevive apelaci\u00f3n\" \/>\n<meta property=\"og:url\" content=\"https:\/\/accesolatino.org\/en\/la-ley-green-light-de-nueva-york-sobrevive-apelacion\/\" \/>\n<meta property=\"og:site_name\" content=\"Acceso Latino\" \/>\n<meta property=\"article:publisher\" content=\"https:\/\/www.facebook.com\/AccesoLatinoOrg\" \/>\n<meta property=\"article:modified_time\" content=\"2025-10-17T23:14:23+00:00\" \/>\n<meta property=\"og:image\" content=\"https:\/\/accesolatino.org\/wp-content\/uploads\/2018\/03\/colorado.jpg\" \/>\n\t<meta property=\"og:image:width\" content=\"852\" \/>\n\t<meta property=\"og:image:height\" content=\"480\" \/>\n\t<meta property=\"og:image:type\" content=\"image\/jpeg\" \/>\n<meta name=\"twitter:card\" content=\"summary_large_image\" \/>\n<meta name=\"twitter:title\" content=\"Acceso Latino | La ley Green Light de Nueva York sobrevive apelaci\u00f3n\" \/>\n<meta name=\"twitter:description\" content=\"La ley Green Light de Nueva York sobrevive apelaci\u00f3n\" \/>\n<meta name=\"twitter:image\" content=\"https:\/\/accesolatino.org\/wp-content\/uploads\/2018\/03\/colorado.jpg\" \/>\n<meta name=\"twitter:site\" content=\"@FAccLatino\" \/>\n<meta name=\"twitter:label1\" content=\"Est. reading time\" \/>\n\t<meta name=\"twitter:data1\" content=\"2 minutes\" \/>\n<script type=\"application\/ld+json\" class=\"yoast-schema-graph\">{\"@context\":\"https:\\\/\\\/schema.org\",\"@graph\":[{\"@type\":\"WebPage\",\"@id\":\"https:\\\/\\\/accesolatino.org\\\/la-ley-green-light-de-nueva-york-sobrevive-apelacion\\\/\",\"url\":\"https:\\\/\\\/accesolatino.org\\\/la-ley-green-light-de-nueva-york-sobrevive-apelacion\\\/\",\"name\":\"La ley Green Light de Nueva York sobrevive apelaci\u00f3n\",\"isPartOf\":{\"@id\":\"https:\\\/\\\/accesolatino.org\\\/#website\"},\"primaryImageOfPage\":{\"@id\":\"https:\\\/\\\/accesolatino.org\\\/la-ley-green-light-de-nueva-york-sobrevive-apelacion\\\/#primaryimage\"},\"image\":{\"@id\":\"https:\\\/\\\/accesolatino.org\\\/la-ley-green-light-de-nueva-york-sobrevive-apelacion\\\/#primaryimage\"},\"thumbnailUrl\":\"https:\\\/\\\/accesolatino.org\\\/wp-content\\\/uploads\\\/2018\\\/03\\\/colorado.jpg\",\"datePublished\":\"2020-12-02T12:00:00+00:00\",\"dateModified\":\"2025-10-17T23:14:23+00:00\",\"description\":\"Tr\u00e1mite de Licencias: La ley\u00a0Green\u00a0Light\u00a0de Nueva York sobrevive apelaci\u00f3n Acceso Latino te informa sobre las \u00faltimas novedades en cuanto...\",\"breadcrumb\":{\"@id\":\"https:\\\/\\\/accesolatino.org\\\/la-ley-green-light-de-nueva-york-sobrevive-apelacion\\\/#breadcrumb\"},\"inLanguage\":\"en-US\",\"potentialAction\":[{\"@type\":\"ReadAction\",\"target\":[\"https:\\\/\\\/accesolatino.org\\\/la-ley-green-light-de-nueva-york-sobrevive-apelacion\\\/\"]}]},{\"@type\":\"ImageObject\",\"inLanguage\":\"en-US\",\"@id\":\"https:\\\/\\\/accesolatino.org\\\/la-ley-green-light-de-nueva-york-sobrevive-apelacion\\\/#primaryimage\",\"url\":\"https:\\\/\\\/accesolatino.org\\\/wp-content\\\/uploads\\\/2018\\\/03\\\/colorado.jpg\",\"contentUrl\":\"https:\\\/\\\/accesolatino.org\\\/wp-content\\\/uploads\\\/2018\\\/03\\\/colorado.jpg\",\"width\":\"852\",\"height\":\"480\",\"caption\":\"Green Light\"},{\"@type\":\"BreadcrumbList\",\"@id\":\"https:\\\/\\\/accesolatino.org\\\/la-ley-green-light-de-nueva-york-sobrevive-apelacion\\\/#breadcrumb\",\"itemListElement\":[{\"@type\":\"ListItem\",\"position\":1,\"name\":\"Portada\",\"item\":\"https:\\\/\\\/accesolatino.org\\\/\"},{\"@type\":\"ListItem\",\"position\":2,\"name\":\"La ley Green Light de Nueva York sobrevive apelaci\u00f3n\"}]},{\"@type\":\"WebSite\",\"@id\":\"https:\\\/\\\/accesolatino.org\\\/#website\",\"url\":\"https:\\\/\\\/accesolatino.org\\\/\",\"name\":\"Acceso Latino | Fundaci\u00f3n Carlos Slim\",\"description\":\"Fundaci\u00f3n Carlos Slim\",\"publisher\":{\"@id\":\"https:\\\/\\\/accesolatino.org\\\/#organization\"},\"potentialAction\":[{\"@type\":\"SearchAction\",\"target\":{\"@type\":\"EntryPoint\",\"urlTemplate\":\"https:\\\/\\\/accesolatino.org\\\/?s={search_term_string}\"},\"query-input\":{\"@type\":\"PropertyValueSpecification\",\"valueRequired\":true,\"valueName\":\"search_term_string\"}}],\"inLanguage\":\"en-US\"},{\"@type\":\"Organization\",\"@id\":\"https:\\\/\\\/accesolatino.org\\\/#organization\",\"name\":\"Acceso Latino | Fundaci\u00f3n Carlos Slim\",\"url\":\"https:\\\/\\\/accesolatino.org\\\/\",\"logo\":{\"@type\":\"ImageObject\",\"inLanguage\":\"en-US\",\"@id\":\"https:\\\/\\\/accesolatino.org\\\/#\\\/schema\\\/logo\\\/image\\\/\",\"url\":\"https:\\\/\\\/accesolatino.org\\\/wp-content\\\/uploads\\\/2021\\\/02\\\/logo-footer-acceso-latino.png\",\"contentUrl\":\"https:\\\/\\\/accesolatino.org\\\/wp-content\\\/uploads\\\/2021\\\/02\\\/logo-footer-acceso-latino.png\",\"width\":240,\"height\":40,\"caption\":\"Acceso Latino | Fundaci\u00f3n Carlos Slim\"},\"image\":{\"@id\":\"https:\\\/\\\/accesolatino.org\\\/#\\\/schema\\\/logo\\\/image\\\/\"},\"sameAs\":[\"https:\\\/\\\/www.facebook.com\\\/AccesoLatinoOrg\",\"https:\\\/\\\/x.com\\\/FAccLatino\"]}]}<\/script>\n<!-- \/ Yoast SEO plugin. -->","yoast_head_json":{"title":"New York's Green Light law survives appeal","description":"Tr\u00e1mite de Licencias: La ley\u00a0Green\u00a0Light\u00a0de Nueva York sobrevive apelaci\u00f3n Acceso Latino te informa sobre las \u00faltimas novedades en cuanto...","robots":{"index":"index","follow":"follow","max-snippet":"max-snippet:-1","max-image-preview":"max-image-preview:large","max-video-preview":"max-video-preview:-1"},"canonical":"https:\/\/accesolatino.org\/en\/la-ley-green-light-de-nueva-york-sobrevive-apelacion\/","og_locale":"en_US","og_type":"article","og_title":"Acceso Latino | La ley Green Light de Nueva York sobrevive apelaci\u00f3n","og_description":"La ley Green Light de Nueva York sobrevive apelaci\u00f3n","og_url":"https:\/\/accesolatino.org\/en\/la-ley-green-light-de-nueva-york-sobrevive-apelacion\/","og_site_name":"Acceso Latino","article_publisher":"https:\/\/www.facebook.com\/AccesoLatinoOrg","article_modified_time":"2025-10-17T23:14:23+00:00","og_image":[{"width":852,"height":480,"url":"https:\/\/accesolatino.org\/wp-content\/uploads\/2018\/03\/colorado.jpg","type":"image\/jpeg"}],"twitter_card":"summary_large_image","twitter_title":"Acceso Latino | La ley Green Light de Nueva York sobrevive apelaci\u00f3n","twitter_description":"La ley Green Light de Nueva York sobrevive apelaci\u00f3n","twitter_image":"https:\/\/accesolatino.org\/wp-content\/uploads\/2018\/03\/colorado.jpg","twitter_site":"@FAccLatino","twitter_misc":{"Est. reading time":"2 minutes"},"schema":{"@context":"https:\/\/schema.org","@graph":[{"@type":"WebPage","@id":"https:\/\/accesolatino.org\/la-ley-green-light-de-nueva-york-sobrevive-apelacion\/","url":"https:\/\/accesolatino.org\/la-ley-green-light-de-nueva-york-sobrevive-apelacion\/","name":"New York's Green Light law survives appeal","isPartOf":{"@id":"https:\/\/accesolatino.org\/#website"},"primaryImageOfPage":{"@id":"https:\/\/accesolatino.org\/la-ley-green-light-de-nueva-york-sobrevive-apelacion\/#primaryimage"},"image":{"@id":"https:\/\/accesolatino.org\/la-ley-green-light-de-nueva-york-sobrevive-apelacion\/#primaryimage"},"thumbnailUrl":"https:\/\/accesolatino.org\/wp-content\/uploads\/2018\/03\/colorado.jpg","datePublished":"2020-12-02T12:00:00+00:00","dateModified":"2025-10-17T23:14:23+00:00","description":"Tr\u00e1mite de Licencias: La ley\u00a0Green\u00a0Light\u00a0de Nueva York sobrevive apelaci\u00f3n Acceso Latino te informa sobre las \u00faltimas novedades en cuanto...","breadcrumb":{"@id":"https:\/\/accesolatino.org\/la-ley-green-light-de-nueva-york-sobrevive-apelacion\/#breadcrumb"},"inLanguage":"en-US","potentialAction":[{"@type":"ReadAction","target":["https:\/\/accesolatino.org\/la-ley-green-light-de-nueva-york-sobrevive-apelacion\/"]}]},{"@type":"ImageObject","inLanguage":"en-US","@id":"https:\/\/accesolatino.org\/la-ley-green-light-de-nueva-york-sobrevive-apelacion\/#primaryimage","url":"https:\/\/accesolatino.org\/wp-content\/uploads\/2018\/03\/colorado.jpg","contentUrl":"https:\/\/accesolatino.org\/wp-content\/uploads\/2018\/03\/colorado.jpg","width":"852","height":"480","caption":"Green Light"},{"@type":"BreadcrumbList","@id":"https:\/\/accesolatino.org\/la-ley-green-light-de-nueva-york-sobrevive-apelacion\/#breadcrumb","itemListElement":[{"@type":"ListItem","position":1,"name":"Portada","item":"https:\/\/accesolatino.org\/"},{"@type":"ListItem","position":2,"name":"La ley Green Light de Nueva York sobrevive apelaci\u00f3n"}]},{"@type":"WebSite","@id":"https:\/\/accesolatino.org\/#website","url":"https:\/\/accesolatino.org\/","name":"Acceso Latino | Fundaci\u00f3n Carlos Slim","description":"Fundaci\u00f3n Carlos Slim","publisher":{"@id":"https:\/\/accesolatino.org\/#organization"},"potentialAction":[{"@type":"SearchAction","target":{"@type":"EntryPoint","urlTemplate":"https:\/\/accesolatino.org\/?s={search_term_string}"},"query-input":{"@type":"PropertyValueSpecification","valueRequired":true,"valueName":"search_term_string"}}],"inLanguage":"en-US"},{"@type":"Organization","@id":"https:\/\/accesolatino.org\/#organization","name":"Acceso Latino | Fundaci\u00f3n Carlos Slim","url":"https:\/\/accesolatino.org\/","logo":{"@type":"ImageObject","inLanguage":"en-US","@id":"https:\/\/accesolatino.org\/#\/schema\/logo\/image\/","url":"https:\/\/accesolatino.org\/wp-content\/uploads\/2021\/02\/logo-footer-acceso-latino.png","contentUrl":"https:\/\/accesolatino.org\/wp-content\/uploads\/2021\/02\/logo-footer-acceso-latino.png","width":240,"height":40,"caption":"Acceso Latino | Fundaci\u00f3n Carlos Slim"},"image":{"@id":"https:\/\/accesolatino.org\/#\/schema\/logo\/image\/"},"sameAs":["https:\/\/www.facebook.com\/AccesoLatinoOrg","https:\/\/x.com\/FAccLatino"]}]}},"_links":{"self":[{"href":"https:\/\/accesolatino.org\/en\/wp-json\/wp\/v2\/pages\/23941","targetHints":{"allow":["GET"]}}],"collection":[{"href":"https:\/\/accesolatino.org\/en\/wp-json\/wp\/v2\/pages"}],"about":[{"href":"https:\/\/accesolatino.org\/en\/wp-json\/wp\/v2\/types\/page"}],"author":[{"embeddable":true,"href":"https:\/\/accesolatino.org\/en\/wp-json\/wp\/v2\/users\/9"}],"replies":[{"embeddable":true,"href":"https:\/\/accesolatino.org\/en\/wp-json\/wp\/v2\/comments?post=23941"}],"version-history":[{"count":1,"href":"https:\/\/accesolatino.org\/en\/wp-json\/wp\/v2\/pages\/23941\/revisions"}],"predecessor-version":[{"id":64247,"href":"https:\/\/accesolatino.org\/en\/wp-json\/wp\/v2\/pages\/23941\/revisions\/64247"}],"wp:featuredmedia":[{"embeddable":true,"href":"https:\/\/accesolatino.org\/en\/wp-json\/wp\/v2\/media\/2770"}],"wp:attachment":[{"href":"https:\/\/accesolatino.org\/en\/wp-json\/wp\/v2\/media?parent=23941"}],"curies":[{"name":"wp","href":"https:\/\/api.w.org\/{rel}","templated":true}]}}