{"id":23902,"date":"2020-11-30T08:18:40","date_gmt":"2020-11-30T14:18:40","guid":{"rendered":"https:\/\/accesolatino.org\/?page_id=23902"},"modified":"2025-11-18T19:33:01","modified_gmt":"2025-11-19T01:33:01","slug":"unam-la-institucion-que-se-preocupa-por-sus-connacionales","status":"publish","type":"page","link":"https:\/\/accesolatino.org\/en\/apoyos-sociales\/unam-la-institucion-que-se-preocupa-por-sus-connacionales\/","title":{"rendered":"UNAM, the institution that cares about its nationals"},"content":{"rendered":"<div data-elementor-type=\"wp-post\" data-elementor-id=\"23902\" class=\"elementor elementor-23902\">\n\t\t\t\t\t\t<section class=\"elementor-section elementor-top-section elementor-element elementor-element-9c0cdd9 elementor-section-full_width elementor-section-height-min-height elementor-section-items-stretch elementor-section-height-default wpr-particle-no wpr-jarallax-no wpr-parallax-no wpr-sticky-section-no\" data-id=\"9c0cdd9\" data-element_type=\"section\" data-e-type=\"section\" data-settings=\"{&quot;background_background&quot;:&quot;classic&quot;}\">\n\t\t\t\t\t\t<div class=\"elementor-container elementor-column-gap-no\">\n\t\t\t\t\t<div class=\"elementor-column elementor-col-100 elementor-top-column elementor-element elementor-element-17edc50\" data-id=\"17edc50\" data-element_type=\"column\" data-e-type=\"column\">\n\t\t\t<div class=\"elementor-widget-wrap elementor-element-populated\">\n\t\t\t\t\t\t<div class=\"elementor-element elementor-element-a2964e5 elementor--h-position-center elementor--v-position-middle elementor-widget elementor-widget-slides\" data-id=\"a2964e5\" data-element_type=\"widget\" data-e-type=\"widget\" data-settings=\"{&quot;navigation&quot;:&quot;none&quot;,&quot;infinite&quot;:&quot;yes&quot;,&quot;transition&quot;:&quot;slide&quot;,&quot;transition_speed&quot;:500}\" data-widget_type=\"slides.default\">\n\t\t\t\t<div class=\"elementor-widget-container\">\n\t\t\t\t\t\t\t<div class=\"elementor-swiper\">\n\t\t\t<div class=\"elementor-slides-wrapper elementor-main-swiper swiper-container\" dir=\"ltr\" data-animation=\"\">\n\t\t\t\t<div class=\"swiper-wrapper elementor-slides\">\n\t\t\t\t\t\t\t\t\t\t<div class=\"elementor-repeater-item-d983a28 swiper-slide\"><div class=\"swiper-slide-bg\"><\/div><div class=\"swiper-slide-inner\" ><div class=\"swiper-slide-contents\"><div class=\"elementor-slide-heading\">Social Supports<\/div><\/div><\/div><\/div>\t\t\t\t<\/div>\n\t\t\t\t\t\t\t<\/div>\n\t\t<\/div>\n\t\t\t\t\t\t<\/div>\n\t\t\t\t<\/div>\n\t\t\t\t\t<\/div>\n\t\t<\/div>\n\t\t\t\t\t<\/div>\n\t\t<\/section>\n\t\t\t\t<section class=\"elementor-section elementor-top-section elementor-element elementor-element-e748d73 elementor-section-stretched elementor-section-boxed elementor-section-height-default elementor-section-height-default wpr-particle-no wpr-jarallax-no wpr-parallax-no wpr-sticky-section-no\" data-id=\"e748d73\" data-element_type=\"section\" data-e-type=\"section\" data-settings=\"{&quot;stretch_section&quot;:&quot;section-stretched&quot;,&quot;background_background&quot;:&quot;classic&quot;}\">\n\t\t\t\t\t\t<div class=\"elementor-container elementor-column-gap-default\">\n\t\t\t\t\t<div class=\"elementor-column elementor-col-100 elementor-top-column elementor-element elementor-element-34dcdab\" data-id=\"34dcdab\" data-element_type=\"column\" data-e-type=\"column\">\n\t\t\t<div class=\"elementor-widget-wrap elementor-element-populated\">\n\t\t\t\t\t\t<div class=\"elementor-element elementor-element-25541de elementor-widget elementor-widget-heading\" data-id=\"25541de\" data-element_type=\"widget\" data-e-type=\"widget\" data-widget_type=\"heading.default\">\n\t\t\t\t<div class=\"elementor-widget-container\">\n\t\t\t\t\t<h3 class=\"elementor-heading-title elementor-size-default\">UNAM, the institution that cares about its nationals<\/h3>\t\t\t\t<\/div>\n\t\t\t\t<\/div>\n\t\t\t\t<div class=\"elementor-element elementor-element-6d1456f elementor-widget elementor-widget-text-editor\" data-id=\"6d1456f\" data-element_type=\"widget\" data-e-type=\"widget\" data-widget_type=\"text-editor.default\">\n\t\t\t\t<div class=\"elementor-widget-container\">\n\t\t\t\t\t\t\t\t\t<p align=\"justify\"><span style=\"color: #0563c1;\"><u><a href=\"https:\/\/accesolatino.org\/en\/\"><span style=\"font-family: Arial, serif;\"><span style=\"font-size: medium;\">Acceso Latino<\/span><\/span><\/a><\/u><\/span><span style=\"font-family: Arial, serif;\"><span style=\"font-size: medium;\"> cuenta con alianzas que har\u00e1n que tu tiempo en Estados Unidos sea m\u00e1s llevadero en caso de tener un problema. <\/span><\/span><\/p><p align=\"justify\"><span style=\"font-family: Arial, serif;\"><span style=\"font-size: medium;\">En esta ocasi\u00f3n te presentamos la <\/span><\/span><span style=\"color: #0563c1;\"><u><a href=\"https:\/\/www.unam.mx\/\"><span style=\"font-family: Arial, serif;\"><span style=\"font-size: medium;\">UNAM<\/span><\/span><\/a><\/u><\/span><span style=\"font-family: Arial, serif;\"><span style=\"font-size: medium;\"> (Universidad Nacional Aut\u00f3noma de M\u00e9xico), que es la m\u00e1s grande e importante instituci\u00f3n de M\u00e9xico e Iberoam\u00e9rica. Tiene como prop\u00f3sito primordial estar al servicio del pa\u00eds y de la humanidad. <\/span><\/span><\/p><p align=\"justify\"><span style=\"font-family: Arial, serif;\"><span style=\"font-size: medium;\">La universidad de la naci\u00f3n, se preocupa por sus connacionales, por lo que cuenta con 6 sedes donde puedes continuar o iniciar tus estudios:<\/span><\/span><\/p><ul><li><span style=\"color: #0563c1;\"><u><a href=\"https:\/\/unamsa.edu\/es\/\"><span style=\"font-family: Arial, serif;\"><span style=\"font-size: medium;\">UNAM San Antonio<\/span><\/span><\/a><\/u><\/span><\/li><li><span style=\"color: #0563c1;\"><u><a href=\"https:\/\/www.unamchicago.org\/\"><span style=\"font-family: Arial, serif;\"><span style=\"font-size: medium;\">UNAM Chicago<\/span><\/span><\/a><\/u><\/span><\/li><li><span style=\"color: #0563c1;\"><u><a href=\"https:\/\/www.unamla.org\/\"><span style=\"font-family: Arial, serif;\"><span style=\"font-size: medium;\">UNAM Los \u00c1ngeles<\/span><\/span><\/a><\/u><\/span><\/li><li><span style=\"color: #0563c1;\"><u><a href=\"http:\/\/www.seattle.unam.mx\/\"><span style=\"font-family: Arial, serif;\"><span style=\"font-size: medium;\">UNAM Seattle<\/span><\/span><\/a><\/u><\/span><\/li><li><span style=\"color: #0563c1;\"><u><a href=\"https:\/\/www.tucson.unam.mx\/\"><span style=\"font-family: Arial, serif;\"><span style=\"font-size: medium;\">UNAM Tucson<\/span><\/span><\/a><\/u><\/span><\/li><li><span style=\"color: #0563c1;\"><u><a href=\"http:\/\/www.boston.unam.mx\/\"><span style=\"font-family: Arial, serif;\"><span style=\"font-size: medium;\">UNAM Boston<\/span><\/span><\/a><\/u><\/span><\/li><\/ul><p align=\"justify\"><span style=\"font-family: Arial, serif;\"><span style=\"font-size: medium;\">En cada uno de estos planteles, y m\u00e1s en estos momentos por la emergencia sanitaria, se imparten cursos, licenciaturas, especializaciones, maestr\u00edas, doctorados, entre muchas otras opciones. Es cuesti\u00f3n de que entres a cada una de sus p\u00e1ginas para que veas qu\u00e9 es lo que est\u00e1s buscando.<\/span><\/span><\/p><p align=\"justify\"><span style=\"font-family: Arial, serif;\"><span style=\"font-size: medium;\">Asimismo, junto con Coursera, imparte un <\/span><\/span><span style=\"color: #0563c1;\"><u><a href=\"https:\/\/www.coursera.org\/learn\/enlinea?fbclid=IwAR3nu25BraD_8JzWdvGTerNyJ05Quhe1-F_uMkQr2lOhdMY8hi3-XKI4sy4\"><span style=\"font-family: Arial, serif;\"><span style=\"font-size: medium;\">curso<\/span><\/span><\/a><\/u><\/span><span style=\"font-family: Arial, serif;\"><span style=\"font-size: medium;\"> en el que te permite dise\u00f1ar uno y estructurarlo en 20 horas de la mano de dos profesoras de la m\u00e1xima casa de estudios.<\/span><\/span><\/p>\t\t\t\t\t\t\t\t<\/div>\n\t\t\t\t<\/div>\n\t\t\t\t<div class=\"elementor-element elementor-element-2c224ec elementor-widget elementor-widget-spacer\" data-id=\"2c224ec\" data-element_type=\"widget\" data-e-type=\"widget\" data-widget_type=\"spacer.default\">\n\t\t\t\t<div class=\"elementor-widget-container\">\n\t\t\t\t\t\t\t<div class=\"elementor-spacer\">\n\t\t\t<div class=\"elementor-spacer-inner\"><\/div>\n\t\t<\/div>\n\t\t\t\t\t\t<\/div>\n\t\t\t\t<\/div>\n\t\t\t\t\t<\/div>\n\t\t<\/div>\n\t\t\t\t\t<\/div>\n\t\t<\/section>\n\t\t\t\t<\/div>","protected":false},"excerpt":{"rendered":"<p>Apoyos Sociales UNAM, la instituci\u00f3n que se preocupa por sus connacionales Acceso Latino cuenta con alianzas que har\u00e1n que tu tiempo en Estados Unidos sea m\u00e1s llevadero en caso de tener un problema. En esta ocasi\u00f3n te presentamos la UNAM (Universidad Nacional Aut\u00f3noma de M\u00e9xico), que es la m\u00e1s grande e importante instituci\u00f3n de M\u00e9xico e Iberoam\u00e9rica. Tiene como prop\u00f3sito primordial estar al servicio del pa\u00eds y de la humanidad. La universidad de la naci\u00f3n, se preocupa por sus connacionales, por lo que cuenta con 6 sedes donde puedes continuar o iniciar tus estudios: UNAM San Antonio UNAM Chicago UNAM Los \u00c1ngeles UNAM Seattle UNAM Tucson UNAM Boston En cada uno de estos planteles, y m\u00e1s en estos momentos por la emergencia sanitaria, se imparten cursos, licenciaturas, especializaciones, maestr\u00edas, doctorados, entre muchas otras opciones. Es cuesti\u00f3n de que entres a cada una de sus p\u00e1ginas para que veas qu\u00e9 es lo que est\u00e1s buscando. Asimismo, junto con Coursera, imparte un curso en el que te permite dise\u00f1ar uno y estructurarlo en 20 horas de la mano de dos profesoras de la m\u00e1xima casa de estudios.<\/p>","protected":false},"author":6,"featured_media":23904,"parent":1435,"menu_order":0,"comment_status":"closed","ping_status":"closed","template":"elementor_header_footer","meta":{"_uf_show_specific_survey":0,"_uf_disable_surveys":false,"footnotes":""},"class_list":["post-23902","page","type-page","status-publish","has-post-thumbnail"],"aioseo_notices":[],"yoast_head":"<!-- This site is optimized with the Yoast SEO plugin v27.3 - https:\/\/yoast.com\/product\/yoast-seo-wordpress\/ -->\n<title>UNAM, la instituci\u00f3n que se preocupa por sus connacionales<\/title>\n<meta name=\"description\" content=\"Conoce las diferentes formas en las que los migrantes se pueden ver beneficiados en Estados Unidos - Acceso Latino\" \/>\n<meta name=\"robots\" content=\"index, follow, max-snippet:-1, max-image-preview:large, max-video-preview:-1\" \/>\n<link rel=\"canonical\" href=\"https:\/\/accesolatino.org\/en\/apoyos-sociales\/unam-la-institucion-que-se-preocupa-por-sus-connacionales\/\" \/>\n<meta property=\"og:locale\" content=\"en_US\" \/>\n<meta property=\"og:type\" content=\"article\" \/>\n<meta property=\"og:title\" content=\"Acceso Latino | UNAM, la instituci\u00f3n que se preocupa por sus connacionales\" \/>\n<meta property=\"og:description\" content=\"Conoce las diferentes formas en las que los migrantes se pueden ver beneficiados en USA\" \/>\n<meta property=\"og:url\" content=\"https:\/\/accesolatino.org\/en\/apoyos-sociales\/unam-la-institucion-que-se-preocupa-por-sus-connacionales\/\" \/>\n<meta property=\"og:site_name\" content=\"Acceso Latino\" \/>\n<meta property=\"article:publisher\" content=\"https:\/\/www.facebook.com\/AccesoLatinoOrg\" \/>\n<meta property=\"article:modified_time\" content=\"2025-11-19T01:33:01+00:00\" \/>\n<meta property=\"og:image\" content=\"https:\/\/accesolatino.org\/wp-content\/uploads\/2020\/11\/UNAM-la-institucion-que-se-preocupa-por-sus-connacionales.png\" \/>\n\t<meta property=\"og:image:width\" content=\"600\" \/>\n\t<meta property=\"og:image:height\" content=\"338\" \/>\n\t<meta property=\"og:image:type\" content=\"image\/png\" \/>\n<meta name=\"twitter:card\" content=\"summary_large_image\" \/>\n<meta name=\"twitter:title\" content=\"Acceso Latino | UNAM, la instituci\u00f3n que se preocupa por sus connacionales\" \/>\n<meta name=\"twitter:description\" content=\"Conoce las diferentes formas en las que los migrantes se pueden ver beneficiados en USA\" \/>\n<meta name=\"twitter:image\" content=\"https:\/\/accesolatino.org\/wp-content\/uploads\/2020\/11\/UNAM-la-institucion-que-se-preocupa-por-sus-connacionales.png\" \/>\n<meta name=\"twitter:site\" content=\"@FAccLatino\" \/>\n<meta name=\"twitter:label1\" content=\"Est. reading time\" \/>\n\t<meta name=\"twitter:data1\" content=\"2 minutes\" \/>\n<script type=\"application\/ld+json\" class=\"yoast-schema-graph\">{\"@context\":\"https:\\\/\\\/schema.org\",\"@graph\":[{\"@type\":\"WebPage\",\"@id\":\"https:\\\/\\\/accesolatino.org\\\/apoyos-sociales\\\/unam-la-institucion-que-se-preocupa-por-sus-connacionales\\\/\",\"url\":\"https:\\\/\\\/accesolatino.org\\\/apoyos-sociales\\\/unam-la-institucion-que-se-preocupa-por-sus-connacionales\\\/\",\"name\":\"UNAM, la instituci\u00f3n que se preocupa por sus connacionales\",\"isPartOf\":{\"@id\":\"https:\\\/\\\/accesolatino.org\\\/#website\"},\"primaryImageOfPage\":{\"@id\":\"https:\\\/\\\/accesolatino.org\\\/apoyos-sociales\\\/unam-la-institucion-que-se-preocupa-por-sus-connacionales\\\/#primaryimage\"},\"image\":{\"@id\":\"https:\\\/\\\/accesolatino.org\\\/apoyos-sociales\\\/unam-la-institucion-que-se-preocupa-por-sus-connacionales\\\/#primaryimage\"},\"thumbnailUrl\":\"https:\\\/\\\/accesolatino.org\\\/wp-content\\\/uploads\\\/2020\\\/11\\\/UNAM-la-institucion-que-se-preocupa-por-sus-connacionales.png\",\"datePublished\":\"2020-11-30T14:18:40+00:00\",\"dateModified\":\"2025-11-19T01:33:01+00:00\",\"description\":\"Conoce las diferentes formas en las que los migrantes se pueden ver beneficiados en Estados Unidos - Acceso Latino\",\"breadcrumb\":{\"@id\":\"https:\\\/\\\/accesolatino.org\\\/apoyos-sociales\\\/unam-la-institucion-que-se-preocupa-por-sus-connacionales\\\/#breadcrumb\"},\"inLanguage\":\"en-US\",\"potentialAction\":[{\"@type\":\"ReadAction\",\"target\":[\"https:\\\/\\\/accesolatino.org\\\/apoyos-sociales\\\/unam-la-institucion-que-se-preocupa-por-sus-connacionales\\\/\"]}]},{\"@type\":\"ImageObject\",\"inLanguage\":\"en-US\",\"@id\":\"https:\\\/\\\/accesolatino.org\\\/apoyos-sociales\\\/unam-la-institucion-que-se-preocupa-por-sus-connacionales\\\/#primaryimage\",\"url\":\"https:\\\/\\\/accesolatino.org\\\/wp-content\\\/uploads\\\/2020\\\/11\\\/UNAM-la-institucion-que-se-preocupa-por-sus-connacionales.png\",\"contentUrl\":\"https:\\\/\\\/accesolatino.org\\\/wp-content\\\/uploads\\\/2020\\\/11\\\/UNAM-la-institucion-que-se-preocupa-por-sus-connacionales.png\",\"width\":600,\"height\":338,\"caption\":\"unam\"},{\"@type\":\"BreadcrumbList\",\"@id\":\"https:\\\/\\\/accesolatino.org\\\/apoyos-sociales\\\/unam-la-institucion-que-se-preocupa-por-sus-connacionales\\\/#breadcrumb\",\"itemListElement\":[{\"@type\":\"ListItem\",\"position\":1,\"name\":\"Portada\",\"item\":\"https:\\\/\\\/accesolatino.org\\\/\"},{\"@type\":\"ListItem\",\"position\":2,\"name\":\"Apoyos Sociales\",\"item\":\"https:\\\/\\\/accesolatino.org\\\/en\\\/apoyos-sociales\\\/\"},{\"@type\":\"ListItem\",\"position\":3,\"name\":\"UNAM, la instituci\u00f3n que se preocupa por sus connacionales\"}]},{\"@type\":\"WebSite\",\"@id\":\"https:\\\/\\\/accesolatino.org\\\/#website\",\"url\":\"https:\\\/\\\/accesolatino.org\\\/\",\"name\":\"Acceso Latino | Fundaci\u00f3n Carlos Slim\",\"description\":\"Fundaci\u00f3n Carlos Slim\",\"publisher\":{\"@id\":\"https:\\\/\\\/accesolatino.org\\\/#organization\"},\"potentialAction\":[{\"@type\":\"SearchAction\",\"target\":{\"@type\":\"EntryPoint\",\"urlTemplate\":\"https:\\\/\\\/accesolatino.org\\\/?s={search_term_string}\"},\"query-input\":{\"@type\":\"PropertyValueSpecification\",\"valueRequired\":true,\"valueName\":\"search_term_string\"}}],\"inLanguage\":\"en-US\"},{\"@type\":\"Organization\",\"@id\":\"https:\\\/\\\/accesolatino.org\\\/#organization\",\"name\":\"Acceso Latino | Fundaci\u00f3n Carlos Slim\",\"url\":\"https:\\\/\\\/accesolatino.org\\\/\",\"logo\":{\"@type\":\"ImageObject\",\"inLanguage\":\"en-US\",\"@id\":\"https:\\\/\\\/accesolatino.org\\\/#\\\/schema\\\/logo\\\/image\\\/\",\"url\":\"https:\\\/\\\/accesolatino.org\\\/wp-content\\\/uploads\\\/2021\\\/02\\\/logo-footer-acceso-latino.png\",\"contentUrl\":\"https:\\\/\\\/accesolatino.org\\\/wp-content\\\/uploads\\\/2021\\\/02\\\/logo-footer-acceso-latino.png\",\"width\":240,\"height\":40,\"caption\":\"Acceso Latino | Fundaci\u00f3n Carlos Slim\"},\"image\":{\"@id\":\"https:\\\/\\\/accesolatino.org\\\/#\\\/schema\\\/logo\\\/image\\\/\"},\"sameAs\":[\"https:\\\/\\\/www.facebook.com\\\/AccesoLatinoOrg\",\"https:\\\/\\\/x.com\\\/FAccLatino\"]}]}<\/script>\n<!-- \/ Yoast SEO plugin. -->","yoast_head_json":{"title":"UNAM, the institution that cares about its nationals","description":"Conoce las diferentes formas en las que los migrantes se pueden ver beneficiados en Estados Unidos - Acceso Latino","robots":{"index":"index","follow":"follow","max-snippet":"max-snippet:-1","max-image-preview":"max-image-preview:large","max-video-preview":"max-video-preview:-1"},"canonical":"https:\/\/accesolatino.org\/en\/apoyos-sociales\/unam-la-institucion-que-se-preocupa-por-sus-connacionales\/","og_locale":"en_US","og_type":"article","og_title":"Acceso Latino | UNAM, la instituci\u00f3n que se preocupa por sus connacionales","og_description":"Conoce las diferentes formas en las que los migrantes se pueden ver beneficiados en USA","og_url":"https:\/\/accesolatino.org\/en\/apoyos-sociales\/unam-la-institucion-que-se-preocupa-por-sus-connacionales\/","og_site_name":"Acceso Latino","article_publisher":"https:\/\/www.facebook.com\/AccesoLatinoOrg","article_modified_time":"2025-11-19T01:33:01+00:00","og_image":[{"width":600,"height":338,"url":"https:\/\/accesolatino.org\/wp-content\/uploads\/2020\/11\/UNAM-la-institucion-que-se-preocupa-por-sus-connacionales.png","type":"image\/png"}],"twitter_card":"summary_large_image","twitter_title":"Acceso Latino | UNAM, la instituci\u00f3n que se preocupa por sus connacionales","twitter_description":"Conoce las diferentes formas en las que los migrantes se pueden ver beneficiados en USA","twitter_image":"https:\/\/accesolatino.org\/wp-content\/uploads\/2020\/11\/UNAM-la-institucion-que-se-preocupa-por-sus-connacionales.png","twitter_site":"@FAccLatino","twitter_misc":{"Est. reading time":"2 minutes"},"schema":{"@context":"https:\/\/schema.org","@graph":[{"@type":"WebPage","@id":"https:\/\/accesolatino.org\/apoyos-sociales\/unam-la-institucion-que-se-preocupa-por-sus-connacionales\/","url":"https:\/\/accesolatino.org\/apoyos-sociales\/unam-la-institucion-que-se-preocupa-por-sus-connacionales\/","name":"UNAM, the institution that cares about its nationals","isPartOf":{"@id":"https:\/\/accesolatino.org\/#website"},"primaryImageOfPage":{"@id":"https:\/\/accesolatino.org\/apoyos-sociales\/unam-la-institucion-que-se-preocupa-por-sus-connacionales\/#primaryimage"},"image":{"@id":"https:\/\/accesolatino.org\/apoyos-sociales\/unam-la-institucion-que-se-preocupa-por-sus-connacionales\/#primaryimage"},"thumbnailUrl":"https:\/\/accesolatino.org\/wp-content\/uploads\/2020\/11\/UNAM-la-institucion-que-se-preocupa-por-sus-connacionales.png","datePublished":"2020-11-30T14:18:40+00:00","dateModified":"2025-11-19T01:33:01+00:00","description":"Conoce las diferentes formas en las que los migrantes se pueden ver beneficiados en Estados Unidos - Acceso Latino","breadcrumb":{"@id":"https:\/\/accesolatino.org\/apoyos-sociales\/unam-la-institucion-que-se-preocupa-por-sus-connacionales\/#breadcrumb"},"inLanguage":"en-US","potentialAction":[{"@type":"ReadAction","target":["https:\/\/accesolatino.org\/apoyos-sociales\/unam-la-institucion-que-se-preocupa-por-sus-connacionales\/"]}]},{"@type":"ImageObject","inLanguage":"en-US","@id":"https:\/\/accesolatino.org\/apoyos-sociales\/unam-la-institucion-que-se-preocupa-por-sus-connacionales\/#primaryimage","url":"https:\/\/accesolatino.org\/wp-content\/uploads\/2020\/11\/UNAM-la-institucion-que-se-preocupa-por-sus-connacionales.png","contentUrl":"https:\/\/accesolatino.org\/wp-content\/uploads\/2020\/11\/UNAM-la-institucion-que-se-preocupa-por-sus-connacionales.png","width":600,"height":338,"caption":"unam"},{"@type":"BreadcrumbList","@id":"https:\/\/accesolatino.org\/apoyos-sociales\/unam-la-institucion-que-se-preocupa-por-sus-connacionales\/#breadcrumb","itemListElement":[{"@type":"ListItem","position":1,"name":"Portada","item":"https:\/\/accesolatino.org\/"},{"@type":"ListItem","position":2,"name":"Apoyos Sociales","item":"https:\/\/accesolatino.org\/en\/apoyos-sociales\/"},{"@type":"ListItem","position":3,"name":"UNAM, la instituci\u00f3n que se preocupa por sus connacionales"}]},{"@type":"WebSite","@id":"https:\/\/accesolatino.org\/#website","url":"https:\/\/accesolatino.org\/","name":"Acceso Latino | Fundaci\u00f3n Carlos Slim","description":"Fundaci\u00f3n Carlos Slim","publisher":{"@id":"https:\/\/accesolatino.org\/#organization"},"potentialAction":[{"@type":"SearchAction","target":{"@type":"EntryPoint","urlTemplate":"https:\/\/accesolatino.org\/?s={search_term_string}"},"query-input":{"@type":"PropertyValueSpecification","valueRequired":true,"valueName":"search_term_string"}}],"inLanguage":"en-US"},{"@type":"Organization","@id":"https:\/\/accesolatino.org\/#organization","name":"Acceso Latino | Fundaci\u00f3n Carlos Slim","url":"https:\/\/accesolatino.org\/","logo":{"@type":"ImageObject","inLanguage":"en-US","@id":"https:\/\/accesolatino.org\/#\/schema\/logo\/image\/","url":"https:\/\/accesolatino.org\/wp-content\/uploads\/2021\/02\/logo-footer-acceso-latino.png","contentUrl":"https:\/\/accesolatino.org\/wp-content\/uploads\/2021\/02\/logo-footer-acceso-latino.png","width":240,"height":40,"caption":"Acceso Latino | Fundaci\u00f3n Carlos Slim"},"image":{"@id":"https:\/\/accesolatino.org\/#\/schema\/logo\/image\/"},"sameAs":["https:\/\/www.facebook.com\/AccesoLatinoOrg","https:\/\/x.com\/FAccLatino"]}]}},"_links":{"self":[{"href":"https:\/\/accesolatino.org\/en\/wp-json\/wp\/v2\/pages\/23902","targetHints":{"allow":["GET"]}}],"collection":[{"href":"https:\/\/accesolatino.org\/en\/wp-json\/wp\/v2\/pages"}],"about":[{"href":"https:\/\/accesolatino.org\/en\/wp-json\/wp\/v2\/types\/page"}],"author":[{"embeddable":true,"href":"https:\/\/accesolatino.org\/en\/wp-json\/wp\/v2\/users\/6"}],"replies":[{"embeddable":true,"href":"https:\/\/accesolatino.org\/en\/wp-json\/wp\/v2\/comments?post=23902"}],"version-history":[{"count":1,"href":"https:\/\/accesolatino.org\/en\/wp-json\/wp\/v2\/pages\/23902\/revisions"}],"predecessor-version":[{"id":68894,"href":"https:\/\/accesolatino.org\/en\/wp-json\/wp\/v2\/pages\/23902\/revisions\/68894"}],"up":[{"embeddable":true,"href":"https:\/\/accesolatino.org\/en\/wp-json\/wp\/v2\/pages\/1435"}],"wp:featuredmedia":[{"embeddable":true,"href":"https:\/\/accesolatino.org\/en\/wp-json\/wp\/v2\/media\/23904"}],"wp:attachment":[{"href":"https:\/\/accesolatino.org\/en\/wp-json\/wp\/v2\/media?parent=23902"}],"curies":[{"name":"wp","href":"https:\/\/api.w.org\/{rel}","templated":true}]}}