{"id":23731,"date":"2020-11-18T17:00:36","date_gmt":"2020-11-18T23:00:36","guid":{"rendered":"https:\/\/accesolatino.org\/?page_id=23731"},"modified":"2025-10-17T18:03:37","modified_gmt":"2025-10-18T00:03:37","slug":"uscis-planea-un-nuevo-examen-de-naturalizacion","status":"publish","type":"page","link":"https:\/\/accesolatino.org\/en\/uscis-planea-un-nuevo-examen-de-naturalizacion\/","title":{"rendered":"USCIS planea un nuevo examen de naturalizaci\u00f3n"},"content":{"rendered":"<div data-elementor-type=\"wp-post\" data-elementor-id=\"23731\" class=\"elementor elementor-23731\">\n\t\t\t\t\t\t<section class=\"elementor-section elementor-top-section elementor-element elementor-element-2251ab0 elementor-section-full_width elementor-section-height-min-height elementor-section-items-stretch elementor-section-height-default wpr-particle-no wpr-jarallax-no wpr-parallax-no wpr-sticky-section-no wpr-equal-height-no\" data-id=\"2251ab0\" data-element_type=\"section\" data-e-type=\"section\" data-settings=\"{&quot;background_background&quot;:&quot;classic&quot;}\">\n\t\t\t\t\t\t<div class=\"elementor-container elementor-column-gap-no\">\n\t\t\t\t\t<div class=\"elementor-column elementor-col-100 elementor-top-column elementor-element elementor-element-b81fcb8\" data-id=\"b81fcb8\" data-element_type=\"column\" data-e-type=\"column\">\n\t\t\t<div class=\"elementor-widget-wrap elementor-element-populated\">\n\t\t\t\t\t\t<div class=\"elementor-element elementor-element-5cd8798 elementor--h-position-center elementor--v-position-middle elementor-widget elementor-widget-slides\" data-id=\"5cd8798\" data-element_type=\"widget\" data-e-type=\"widget\" data-settings=\"{&quot;navigation&quot;:&quot;none&quot;,&quot;infinite&quot;:&quot;yes&quot;,&quot;transition&quot;:&quot;slide&quot;,&quot;transition_speed&quot;:500}\" data-widget_type=\"slides.default\">\n\t\t\t\t<div class=\"elementor-widget-container\">\n\t\t\t\t\t\t\t<div class=\"elementor-swiper\">\n\t\t\t<div class=\"elementor-slides-wrapper elementor-main-swiper swiper-container\" dir=\"ltr\" data-animation=\"\">\n\t\t\t\t<div class=\"swiper-wrapper elementor-slides\">\n\t\t\t\t\t\t\t\t\t\t<div class=\"elementor-repeater-item-d983a28 swiper-slide\"><div class=\"swiper-slide-bg\"><\/div><div class=\"swiper-slide-inner\" ><div class=\"swiper-slide-contents\"><div class=\"elementor-slide-heading\">Health<\/div><\/div><\/div><\/div>\t\t\t\t<\/div>\n\t\t\t\t\t\t\t<\/div>\n\t\t<\/div>\n\t\t\t\t\t\t<\/div>\n\t\t\t\t<\/div>\n\t\t\t\t\t<\/div>\n\t\t<\/div>\n\t\t\t\t\t<\/div>\n\t\t<\/section>\n\t\t\t\t<section class=\"elementor-section elementor-top-section elementor-element elementor-element-4086705 elementor-section-stretched elementor-section-boxed elementor-section-height-default elementor-section-height-default wpr-particle-no wpr-jarallax-no wpr-parallax-no wpr-sticky-section-no wpr-equal-height-no\" data-id=\"4086705\" data-element_type=\"section\" data-e-type=\"section\" data-settings=\"{&quot;stretch_section&quot;:&quot;section-stretched&quot;,&quot;background_background&quot;:&quot;classic&quot;}\">\n\t\t\t\t\t\t<div class=\"elementor-container elementor-column-gap-default\">\n\t\t\t\t\t<div class=\"elementor-column elementor-col-100 elementor-top-column elementor-element elementor-element-a4e1ab9\" data-id=\"a4e1ab9\" data-element_type=\"column\" data-e-type=\"column\">\n\t\t\t<div class=\"elementor-widget-wrap elementor-element-populated\">\n\t\t\t\t\t\t<div class=\"elementor-element elementor-element-b660b6a elementor-widget elementor-widget-heading\" data-id=\"b660b6a\" data-element_type=\"widget\" data-e-type=\"widget\" data-widget_type=\"heading.default\">\n\t\t\t\t<div class=\"elementor-widget-container\">\n\t\t\t\t\t<h3 class=\"elementor-heading-title elementor-size-default\">USCIS planea un nuevo examen de naturalizaci\u00f3n<\/h3>\t\t\t\t<\/div>\n\t\t\t\t<\/div>\n\t\t\t\t<div class=\"elementor-element elementor-element-8c4f133 elementor-widget elementor-widget-text-editor\" data-id=\"8c4f133\" data-element_type=\"widget\" data-e-type=\"widget\" data-widget_type=\"text-editor.default\">\n\t\t\t\t<div class=\"elementor-widget-container\">\n\t\t\t\t\t\t\t\t\t<b>Acceso Latino<\/b> te explica lo sencillo que es el proceso para obtener la ciudadan\u00eda americana en su secci\u00f3n <a href=\"https:\/\/ciudadanizate.accesolatino.org\/#video3\">\"Citizenship\" (Ciudadan\u00edzate in english)<\/a>\n<br><br>Por eso te contamos que USCIS (Servicio de Ciudadan\u00eda e Inmigraci\u00f3n de los Estados Unidos) planea un nuevo examen de naturalizaci\u00f3n, el cual requerir\u00e1 12 aciertos como m\u00ednimo a 20 preguntas realizadas de forma oral y en ingl\u00e9s.<br><br>\nSi presentaste tu <a href=\"https:\/\/www.uscis.gov\/es\/n-400\">Formulario N-400<\/a> a partir del 1\u00b0 de diciembre de este a\u00f1o, realizar\u00e1s la nueva prueba de educaci\u00f3n c\u00edvica con estas <a href=\"https:\/\/www.uscis.gov\/citizenship-resource-center\/the-2020-version-of-the-civics-test\/128-civics-questions-and-answers-2020-version\">128 preguntas<\/a>. <br><br>\nPero si presentaste tu solicitud antes de esa fecha, te corresponde la versi\u00f3n <a href=\"https:\/\/www.uscis.gov\/citizenship\/find-study-materials-and-resources\/study-for-the-test\">2008<\/a> del examen. <br><br>\nAlgunas de las respuestas del examen pueden cambiar por nombramientos o elecciones, as\u00ed que mejor revisa si hay alguna <a href=\"https:\/\/www.uscis.gov\/citizenship\/find-study-materials-and-resources\/check-for-test-updates\">actualizaci\u00f3n<\/a> sobre la prueba. <br><br>\n\nSi tienes m\u00e1s de 65 a\u00f1os o has sido un residente permanente de manera legal, puedes estudiar solo las 20 preguntas que tienen un <b>asterisco<\/b><b>(*)<\/b> al final de cada pregunta, al igual que hacer el examen en el idioma que quieras.<br><br>\n*Fuente: La Opini\u00f3n\t\t\t\t\t\t\t\t<\/div>\n\t\t\t\t<\/div>\n\t\t\t\t<div class=\"elementor-element elementor-element-f8ece98 elementor-widget elementor-widget-spacer\" data-id=\"f8ece98\" data-element_type=\"widget\" data-e-type=\"widget\" data-widget_type=\"spacer.default\">\n\t\t\t\t<div class=\"elementor-widget-container\">\n\t\t\t\t\t\t\t<div class=\"elementor-spacer\">\n\t\t\t<div class=\"elementor-spacer-inner\"><\/div>\n\t\t<\/div>\n\t\t\t\t\t\t<\/div>\n\t\t\t\t<\/div>\n\t\t\t\t\t<\/div>\n\t\t<\/div>\n\t\t\t\t\t<\/div>\n\t\t<\/section>\n\t\t\t\t<\/div>","protected":false},"excerpt":{"rendered":"<p>Salud USCIS planea un nuevo examen de naturalizaci\u00f3n Acceso Latino te explica lo sencillo que es el proceso para obtener la ciudadan\u00eda americana en su secci\u00f3n Ciudadan\u00edzate Por eso te contamos que USCIS (Servicio de Ciudadan\u00eda e Inmigraci\u00f3n de los Estados Unidos) planea un nuevo examen de naturalizaci\u00f3n, el cual requerir\u00e1 12 aciertos como m\u00ednimo a 20 preguntas realizadas de forma oral y en ingl\u00e9s. Si presentaste tu Formulario N-400 a partir del 1\u00b0 de diciembre de este a\u00f1o, realizar\u00e1s la nueva prueba de educaci\u00f3n c\u00edvica con estas 128 preguntas. Pero si presentaste tu solicitud antes de esa fecha, te corresponde la versi\u00f3n 2008 del examen. Algunas de las respuestas del examen pueden cambiar por nombramientos o elecciones, as\u00ed que mejor revisa si hay alguna actualizaci\u00f3n sobre la prueba. Si tienes m\u00e1s de 65 a\u00f1os o has sido un residente permanente de manera legal, puedes estudiar solo las 20 preguntas que tienen un asterisco(*) al final de cada pregunta, al igual que hacer el examen en el idioma que quieras. *Fuente: La Opini\u00f3n<\/p>","protected":false},"author":4,"featured_media":23733,"parent":0,"menu_order":0,"comment_status":"closed","ping_status":"closed","template":"elementor_header_footer","meta":{"_uf_show_specific_survey":0,"_uf_disable_surveys":false,"footnotes":""},"class_list":["post-23731","page","type-page","status-publish","has-post-thumbnail"],"aioseo_notices":[],"yoast_head":"<!-- This site is optimized with the Yoast SEO plugin v27.4 - https:\/\/yoast.com\/product\/yoast-seo-wordpress\/ -->\n<title>USCIS planea un nuevo examen de naturalizaci\u00f3n<\/title>\n<meta name=\"description\" content=\"USCIS\u00a0planea un nuevo examen de naturalizaci\u00f3n Acceso Latino te explica lo sencillo que es el proceso para obtener la ciudadan\u00eda americana...\" \/>\n<meta name=\"robots\" content=\"index, follow, max-snippet:-1, max-image-preview:large, max-video-preview:-1\" \/>\n<link rel=\"canonical\" href=\"https:\/\/accesolatino.org\/en\/uscis-planea-un-nuevo-examen-de-naturalizacion\/\" \/>\n<meta property=\"og:locale\" content=\"en_US\" \/>\n<meta property=\"og:type\" content=\"article\" \/>\n<meta property=\"og:title\" content=\"Acceso Latino | USCIS planea un nuevo examen de naturalizaci\u00f3n\" \/>\n<meta property=\"og:description\" content=\"Conoce las Instituciones que te pueden ser de ayuda en otros pa\u00edses.\" \/>\n<meta property=\"og:url\" content=\"https:\/\/accesolatino.org\/en\/uscis-planea-un-nuevo-examen-de-naturalizacion\/\" \/>\n<meta property=\"og:site_name\" content=\"Acceso Latino\" \/>\n<meta property=\"article:publisher\" content=\"https:\/\/www.facebook.com\/AccesoLatinoOrg\" \/>\n<meta property=\"article:modified_time\" content=\"2025-10-18T00:03:37+00:00\" \/>\n<meta property=\"og:image\" content=\"https:\/\/accesolatino.org\/wp-content\/uploads\/2020\/11\/USCIS-planea-un-nuevo-examen-de-naturalizacion.png\" \/>\n\t<meta property=\"og:image:width\" content=\"600\" \/>\n\t<meta property=\"og:image:height\" content=\"338\" \/>\n\t<meta property=\"og:image:type\" content=\"image\/png\" \/>\n<meta name=\"twitter:card\" content=\"summary_large_image\" \/>\n<meta name=\"twitter:title\" content=\"Acceso Latino | USCIS planea un nuevo examen de naturalizaci\u00f3n\" \/>\n<meta name=\"twitter:description\" content=\"Conoce las Instituciones que te pueden ser de ayuda en otros pa\u00edses.\" \/>\n<meta name=\"twitter:image\" content=\"https:\/\/accesolatino.org\/wp-content\/uploads\/2020\/11\/USCIS-planea-un-nuevo-examen-de-naturalizacion.png\" \/>\n<meta name=\"twitter:site\" content=\"@FAccLatino\" \/>\n<meta name=\"twitter:label1\" content=\"Est. reading time\" \/>\n\t<meta name=\"twitter:data1\" content=\"1 minute\" \/>\n<script type=\"application\/ld+json\" class=\"yoast-schema-graph\">{\"@context\":\"https:\\\/\\\/schema.org\",\"@graph\":[{\"@type\":\"WebPage\",\"@id\":\"https:\\\/\\\/accesolatino.org\\\/en\\\/uscis-planea-un-nuevo-examen-de-naturalizacion\\\/\",\"url\":\"https:\\\/\\\/accesolatino.org\\\/en\\\/uscis-planea-un-nuevo-examen-de-naturalizacion\\\/\",\"name\":\"USCIS planea un nuevo examen de naturalizaci\u00f3n\",\"isPartOf\":{\"@id\":\"https:\\\/\\\/accesolatino.org\\\/#website\"},\"primaryImageOfPage\":{\"@id\":\"https:\\\/\\\/accesolatino.org\\\/en\\\/uscis-planea-un-nuevo-examen-de-naturalizacion\\\/#primaryimage\"},\"image\":{\"@id\":\"https:\\\/\\\/accesolatino.org\\\/en\\\/uscis-planea-un-nuevo-examen-de-naturalizacion\\\/#primaryimage\"},\"thumbnailUrl\":\"https:\\\/\\\/accesolatino.org\\\/wp-content\\\/uploads\\\/2020\\\/11\\\/USCIS-planea-un-nuevo-examen-de-naturalizacion.png\",\"datePublished\":\"2020-11-18T23:00:36+00:00\",\"dateModified\":\"2025-10-18T00:03:37+00:00\",\"description\":\"USCIS\u00a0planea un nuevo examen de naturalizaci\u00f3n Acceso Latino te explica lo sencillo que es el proceso para obtener la ciudadan\u00eda americana...\",\"breadcrumb\":{\"@id\":\"https:\\\/\\\/accesolatino.org\\\/en\\\/uscis-planea-un-nuevo-examen-de-naturalizacion\\\/#breadcrumb\"},\"inLanguage\":\"en-US\",\"potentialAction\":[{\"@type\":\"ReadAction\",\"target\":[\"https:\\\/\\\/accesolatino.org\\\/en\\\/uscis-planea-un-nuevo-examen-de-naturalizacion\\\/\"]}]},{\"@type\":\"ImageObject\",\"inLanguage\":\"en-US\",\"@id\":\"https:\\\/\\\/accesolatino.org\\\/en\\\/uscis-planea-un-nuevo-examen-de-naturalizacion\\\/#primaryimage\",\"url\":\"https:\\\/\\\/accesolatino.org\\\/wp-content\\\/uploads\\\/2020\\\/11\\\/USCIS-planea-un-nuevo-examen-de-naturalizacion.png\",\"contentUrl\":\"https:\\\/\\\/accesolatino.org\\\/wp-content\\\/uploads\\\/2020\\\/11\\\/USCIS-planea-un-nuevo-examen-de-naturalizacion.png\",\"width\":600,\"height\":338,\"caption\":\"USCIS\"},{\"@type\":\"BreadcrumbList\",\"@id\":\"https:\\\/\\\/accesolatino.org\\\/en\\\/uscis-planea-un-nuevo-examen-de-naturalizacion\\\/#breadcrumb\",\"itemListElement\":[{\"@type\":\"ListItem\",\"position\":1,\"name\":\"Portada\",\"item\":\"https:\\\/\\\/accesolatino.org\\\/\"},{\"@type\":\"ListItem\",\"position\":2,\"name\":\"USCIS planea un nuevo examen de naturalizaci\u00f3n\"}]},{\"@type\":\"WebSite\",\"@id\":\"https:\\\/\\\/accesolatino.org\\\/#website\",\"url\":\"https:\\\/\\\/accesolatino.org\\\/\",\"name\":\"Acceso Latino | Fundaci\u00f3n Carlos Slim\",\"description\":\"Fundaci\u00f3n Carlos Slim\",\"publisher\":{\"@id\":\"https:\\\/\\\/accesolatino.org\\\/#organization\"},\"potentialAction\":[{\"@type\":\"SearchAction\",\"target\":{\"@type\":\"EntryPoint\",\"urlTemplate\":\"https:\\\/\\\/accesolatino.org\\\/?s={search_term_string}\"},\"query-input\":{\"@type\":\"PropertyValueSpecification\",\"valueRequired\":true,\"valueName\":\"search_term_string\"}}],\"inLanguage\":\"en-US\"},{\"@type\":\"Organization\",\"@id\":\"https:\\\/\\\/accesolatino.org\\\/#organization\",\"name\":\"Acceso Latino | Fundaci\u00f3n Carlos Slim\",\"url\":\"https:\\\/\\\/accesolatino.org\\\/\",\"logo\":{\"@type\":\"ImageObject\",\"inLanguage\":\"en-US\",\"@id\":\"https:\\\/\\\/accesolatino.org\\\/#\\\/schema\\\/logo\\\/image\\\/\",\"url\":\"https:\\\/\\\/accesolatino.org\\\/wp-content\\\/uploads\\\/2021\\\/02\\\/logo-footer-acceso-latino.png\",\"contentUrl\":\"https:\\\/\\\/accesolatino.org\\\/wp-content\\\/uploads\\\/2021\\\/02\\\/logo-footer-acceso-latino.png\",\"width\":240,\"height\":40,\"caption\":\"Acceso Latino | Fundaci\u00f3n Carlos Slim\"},\"image\":{\"@id\":\"https:\\\/\\\/accesolatino.org\\\/#\\\/schema\\\/logo\\\/image\\\/\"},\"sameAs\":[\"https:\\\/\\\/www.facebook.com\\\/AccesoLatinoOrg\",\"https:\\\/\\\/x.com\\\/FAccLatino\"]}]}<\/script>\n<!-- \/ Yoast SEO plugin. -->","yoast_head_json":{"title":"USCIS planea un nuevo examen de naturalizaci\u00f3n","description":"USCIS\u00a0planea un nuevo examen de naturalizaci\u00f3n Acceso Latino te explica lo sencillo que es el proceso para obtener la ciudadan\u00eda americana...","robots":{"index":"index","follow":"follow","max-snippet":"max-snippet:-1","max-image-preview":"max-image-preview:large","max-video-preview":"max-video-preview:-1"},"canonical":"https:\/\/accesolatino.org\/en\/uscis-planea-un-nuevo-examen-de-naturalizacion\/","og_locale":"en_US","og_type":"article","og_title":"Acceso Latino | USCIS planea un nuevo examen de naturalizaci\u00f3n","og_description":"Conoce las Instituciones que te pueden ser de ayuda en otros pa\u00edses.","og_url":"https:\/\/accesolatino.org\/en\/uscis-planea-un-nuevo-examen-de-naturalizacion\/","og_site_name":"Acceso Latino","article_publisher":"https:\/\/www.facebook.com\/AccesoLatinoOrg","article_modified_time":"2025-10-18T00:03:37+00:00","og_image":[{"width":600,"height":338,"url":"https:\/\/accesolatino.org\/wp-content\/uploads\/2020\/11\/USCIS-planea-un-nuevo-examen-de-naturalizacion.png","type":"image\/png"}],"twitter_card":"summary_large_image","twitter_title":"Acceso Latino | USCIS planea un nuevo examen de naturalizaci\u00f3n","twitter_description":"Conoce las Instituciones que te pueden ser de ayuda en otros pa\u00edses.","twitter_image":"https:\/\/accesolatino.org\/wp-content\/uploads\/2020\/11\/USCIS-planea-un-nuevo-examen-de-naturalizacion.png","twitter_site":"@FAccLatino","twitter_misc":{"Est. reading time":"1 minute"},"schema":{"@context":"https:\/\/schema.org","@graph":[{"@type":"WebPage","@id":"https:\/\/accesolatino.org\/en\/uscis-planea-un-nuevo-examen-de-naturalizacion\/","url":"https:\/\/accesolatino.org\/en\/uscis-planea-un-nuevo-examen-de-naturalizacion\/","name":"USCIS planea un nuevo examen de naturalizaci\u00f3n","isPartOf":{"@id":"https:\/\/accesolatino.org\/#website"},"primaryImageOfPage":{"@id":"https:\/\/accesolatino.org\/en\/uscis-planea-un-nuevo-examen-de-naturalizacion\/#primaryimage"},"image":{"@id":"https:\/\/accesolatino.org\/en\/uscis-planea-un-nuevo-examen-de-naturalizacion\/#primaryimage"},"thumbnailUrl":"https:\/\/accesolatino.org\/wp-content\/uploads\/2020\/11\/USCIS-planea-un-nuevo-examen-de-naturalizacion.png","datePublished":"2020-11-18T23:00:36+00:00","dateModified":"2025-10-18T00:03:37+00:00","description":"USCIS\u00a0planea un nuevo examen de naturalizaci\u00f3n Acceso Latino te explica lo sencillo que es el proceso para obtener la ciudadan\u00eda americana...","breadcrumb":{"@id":"https:\/\/accesolatino.org\/en\/uscis-planea-un-nuevo-examen-de-naturalizacion\/#breadcrumb"},"inLanguage":"en-US","potentialAction":[{"@type":"ReadAction","target":["https:\/\/accesolatino.org\/en\/uscis-planea-un-nuevo-examen-de-naturalizacion\/"]}]},{"@type":"ImageObject","inLanguage":"en-US","@id":"https:\/\/accesolatino.org\/en\/uscis-planea-un-nuevo-examen-de-naturalizacion\/#primaryimage","url":"https:\/\/accesolatino.org\/wp-content\/uploads\/2020\/11\/USCIS-planea-un-nuevo-examen-de-naturalizacion.png","contentUrl":"https:\/\/accesolatino.org\/wp-content\/uploads\/2020\/11\/USCIS-planea-un-nuevo-examen-de-naturalizacion.png","width":600,"height":338,"caption":"USCIS"},{"@type":"BreadcrumbList","@id":"https:\/\/accesolatino.org\/en\/uscis-planea-un-nuevo-examen-de-naturalizacion\/#breadcrumb","itemListElement":[{"@type":"ListItem","position":1,"name":"Portada","item":"https:\/\/accesolatino.org\/"},{"@type":"ListItem","position":2,"name":"USCIS planea un nuevo examen de naturalizaci\u00f3n"}]},{"@type":"WebSite","@id":"https:\/\/accesolatino.org\/#website","url":"https:\/\/accesolatino.org\/","name":"Acceso Latino | Fundaci\u00f3n Carlos Slim","description":"Fundaci\u00f3n Carlos Slim","publisher":{"@id":"https:\/\/accesolatino.org\/#organization"},"potentialAction":[{"@type":"SearchAction","target":{"@type":"EntryPoint","urlTemplate":"https:\/\/accesolatino.org\/?s={search_term_string}"},"query-input":{"@type":"PropertyValueSpecification","valueRequired":true,"valueName":"search_term_string"}}],"inLanguage":"en-US"},{"@type":"Organization","@id":"https:\/\/accesolatino.org\/#organization","name":"Acceso Latino | Fundaci\u00f3n Carlos Slim","url":"https:\/\/accesolatino.org\/","logo":{"@type":"ImageObject","inLanguage":"en-US","@id":"https:\/\/accesolatino.org\/#\/schema\/logo\/image\/","url":"https:\/\/accesolatino.org\/wp-content\/uploads\/2021\/02\/logo-footer-acceso-latino.png","contentUrl":"https:\/\/accesolatino.org\/wp-content\/uploads\/2021\/02\/logo-footer-acceso-latino.png","width":240,"height":40,"caption":"Acceso Latino | Fundaci\u00f3n Carlos Slim"},"image":{"@id":"https:\/\/accesolatino.org\/#\/schema\/logo\/image\/"},"sameAs":["https:\/\/www.facebook.com\/AccesoLatinoOrg","https:\/\/x.com\/FAccLatino"]}]}},"_links":{"self":[{"href":"https:\/\/accesolatino.org\/en\/wp-json\/wp\/v2\/pages\/23731","targetHints":{"allow":["GET"]}}],"collection":[{"href":"https:\/\/accesolatino.org\/en\/wp-json\/wp\/v2\/pages"}],"about":[{"href":"https:\/\/accesolatino.org\/en\/wp-json\/wp\/v2\/types\/page"}],"author":[{"embeddable":true,"href":"https:\/\/accesolatino.org\/en\/wp-json\/wp\/v2\/users\/4"}],"replies":[{"embeddable":true,"href":"https:\/\/accesolatino.org\/en\/wp-json\/wp\/v2\/comments?post=23731"}],"version-history":[{"count":1,"href":"https:\/\/accesolatino.org\/en\/wp-json\/wp\/v2\/pages\/23731\/revisions"}],"predecessor-version":[{"id":64272,"href":"https:\/\/accesolatino.org\/en\/wp-json\/wp\/v2\/pages\/23731\/revisions\/64272"}],"wp:featuredmedia":[{"embeddable":true,"href":"https:\/\/accesolatino.org\/en\/wp-json\/wp\/v2\/media\/23733"}],"wp:attachment":[{"href":"https:\/\/accesolatino.org\/en\/wp-json\/wp\/v2\/media?parent=23731"}],"curies":[{"name":"wp","href":"https:\/\/api.w.org\/{rel}","templated":true}]}}