{"id":23670,"date":"2020-11-17T06:00:23","date_gmt":"2020-11-17T12:00:23","guid":{"rendered":"https:\/\/accesolatino.org\/?page_id=23670"},"modified":"2025-10-17T14:04:31","modified_gmt":"2025-10-17T20:04:31","slug":"encuentra-la-embajada-o-consulados-de-el-salvador","status":"publish","type":"page","link":"https:\/\/accesolatino.org\/en\/encuentra-la-embajada-o-consulados-de-el-salvador\/","title":{"rendered":"Find the Embassy or Consulate in El Salvador"},"content":{"rendered":"<div data-elementor-type=\"wp-post\" data-elementor-id=\"23670\" class=\"elementor elementor-23670\">\n\t\t\t\t\t\t<section class=\"elementor-section elementor-top-section elementor-element elementor-element-17b921a elementor-section-stretched elementor-section-boxed elementor-section-height-default elementor-section-height-default wpr-particle-no wpr-jarallax-no wpr-parallax-no wpr-sticky-section-no wpr-equal-height-no\" data-id=\"17b921a\" data-element_type=\"section\" data-e-type=\"section\" data-settings=\"{&quot;stretch_section&quot;:&quot;section-stretched&quot;,&quot;background_background&quot;:&quot;classic&quot;}\">\n\t\t\t\t\t\t<div class=\"elementor-container elementor-column-gap-default\">\n\t\t\t\t\t<div class=\"elementor-column elementor-col-100 elementor-top-column elementor-element elementor-element-813686b\" data-id=\"813686b\" data-element_type=\"column\" data-e-type=\"column\">\n\t\t\t<div class=\"elementor-widget-wrap elementor-element-populated\">\n\t\t\t\t\t\t<div class=\"elementor-element elementor-element-8657742 elementor-widget elementor-widget-heading\" data-id=\"8657742\" data-element_type=\"widget\" data-e-type=\"widget\" data-widget_type=\"heading.default\">\n\t\t\t\t<div class=\"elementor-widget-container\">\n\t\t\t\t\t<h3 class=\"elementor-heading-title elementor-size-default\">Find the Embassy or Consulate in El Salvador<\/h3>\t\t\t\t<\/div>\n\t\t\t\t<\/div>\n\t\t\t\t<div class=\"elementor-element elementor-element-baa8517 elementor-widget elementor-widget-text-editor\" data-id=\"baa8517\" data-element_type=\"widget\" data-e-type=\"widget\" data-widget_type=\"text-editor.default\">\n\t\t\t\t<div class=\"elementor-widget-container\">\n\t\t\t\t\t\t\t\t\t<p align=\"justify\"><span style=\"color: #0563c1;\"><u><a href=\"https:\/\/accesolatino.org\/en\/\"><span style=\"font-family: Arial, serif;\"><span style=\"font-size: medium;\">Acceso Latino<\/span><\/span><\/a><\/u><\/span><span style=\"font-family: Arial, serif;\"><span style=\"font-size: medium;\"> pone a tu disposici\u00f3n la Embajada y la lista de los Consulados de El Salvador para que sepas a d\u00f3nde acudir en caso de ser necesario.<\/span><\/span><\/p><p align=\"justify\"><span style=\"font-family: Arial, serif;\"><span style=\"font-size: medium;\">Encu\u00e9ntralos aqu\u00ed:<\/span><\/span><\/p><p align=\"justify\"><span style=\"font-family: Arial, serif;\"><span style=\"font-size: medium;\"><u>Embajada<\/u><\/span><\/span><span style=\"font-family: Arial, serif;\"><span style=\"font-size: medium;\">:<\/span><\/span><\/p><p align=\"justify\"><span style=\"font-family: Arial, serif;\"><span style=\"font-size: medium;\"><b>Washington, D.C.:<\/b><\/span><\/span> <span style=\"font-family: Arial, serif;\"><span style=\"font-size: medium;\">1400, 16th. Street, N.W., Suite 100 <\/span><\/span><\/p><p align=\"justify\"><span style=\"font-family: Arial, serif;\"><span style=\"font-size: medium;\">Tel\u00e9fonos: 202-595-7500 \/ (866) 876-4568<\/span><\/span><\/p><p align=\"justify\"><span style=\"font-family: Arial, serif;\"><span style=\"font-size: medium;\"><u>Consulates<\/u><\/span><\/span><span style=\"font-family: Arial, serif;\"><span style=\"font-size: medium;\">: <\/span><\/span><\/p><p align=\"justify\"><span style=\"font-family: Arial, serif;\"><span style=\"font-size: medium;\"><b>Atlanta:<\/b><\/span><\/span><span style=\"font-family: Arial, serif;\"><span style=\"font-size: medium;\"> 6735 Peachtree Industrial Boulevard #150<\/span><\/span><\/p><p align=\"justify\"><span style=\"font-family: Arial, serif;\"><span style=\"font-size: medium;\">Tel\u00e9fonos: 770 591 4140 \/ 678 557 0482<\/span><\/span><\/p><p align=\"justify\"><span style=\"font-family: Arial, serif;\"><span style=\"font-size: medium;\"><b>Aurora, Colorado:<\/b><\/span><\/span><span style=\"font-family: Arial, serif;\"><span style=\"font-size: medium;\"> 1450, S. Havana Street #100<\/span><\/span><\/p><p align=\"justify\"><span style=\"font-family: Arial, serif;\"><span style=\"font-size: medium;\">Tel\u00e9fono: (720)485-5412<\/span><\/span><\/p><p align=\"justify\"><span style=\"font-family: Arial, serif;\"><span style=\"font-size: medium;\"><b>Boston:<\/b><\/span><\/span><span style=\"font-family: Arial, serif;\"><span style=\"font-size: medium;\"> 46 Bennington Street <\/span><\/span><\/p><p align=\"justify\"><span style=\"font-family: Arial, serif;\"><span style=\"font-size: medium;\">Tel\u00e9fonos: 857 326-2727 \/ 857 326 2732 \/ 617 510 8802<\/span><\/span><\/p><p align=\"justify\"><span style=\"font-family: Arial, serif;\"><span style=\"font-size: medium;\"><b>Charlotte, Carolina del Norte:<\/b><\/span><\/span><span style=\"font-family: Arial, serif;\"><span style=\"font-size: medium;\"> 1520 W. Boulevard <\/span><\/span><\/p><p align=\"justify\"><span style=\"font-family: Arial, serif;\"><span style=\"font-size: medium;\">Tel\u00e9fono: 704 870 7046 \/ 704 750 5507<\/span><\/span><\/p><p align=\"justify\"><span style=\"font-family: Arial, serif;\"><span style=\"font-size: medium;\"><b>Chicago:<\/b><\/span><\/span><span style=\"font-family: Arial, serif;\"><span style=\"font-size: medium;\"> 177 N. State, Street #2<\/span><\/span><\/p><p align=\"justify\"><span style=\"font-family: Arial, serif;\"><span style=\"font-size: medium;\">Tel\u00e9fonos: 312 579 4756 \/ 630 449 8650<\/span><\/span><\/p><p align=\"justify\"><span style=\"font-family: Arial, serif;\"><span style=\"font-size: medium;\"><b>Dallas:<\/b><\/span><\/span><span style=\"font-family: Arial, serif;\"><span style=\"font-size: medium;\"> 7610 N. Stemmons Freeway #400<\/span><\/span><\/p><p align=\"justify\"><span style=\"font-family: Arial, serif;\"><span style=\"font-size: medium;\">Tel\u00e9fonos: 469 951 4655 \/ 469 441 8677<\/span><\/span><\/p><p align=\"justify\"><span style=\"font-family: Arial, serif;\"><span style=\"font-size: medium;\"><b>Doral, Florida:<\/b><\/span><\/span><span style=\"font-family: Arial, serif;\"><span style=\"font-size: medium;\"> 8550 N.W. 33rd Street #100<\/span><\/span><\/p><p align=\"justify\"><span style=\"font-family: Arial, serif;\"><span style=\"font-size: medium;\">Tel\u00e9fono: 305 799 2530<\/span><\/span><\/p><p align=\"justify\"><span style=\"font-family: Arial, serif;\"><span style=\"font-size: medium;\"><b>Elizabeth, Nueva Jersey:<\/b><\/span><\/span><span style=\"font-family: Arial, serif;\"><span style=\"font-size: medium;\"> 40 Parker Road #100<\/span><\/span><\/p><p align=\"justify\"><span style=\"font-family: Arial, serif;\"><span style=\"font-size: medium;\">Tel\u00e9fono: 908 820 0881<\/span><\/span><\/p><p align=\"justify\"><span style=\"font-family: Arial, serif;\"><span style=\"font-size: medium;\"><b>El Paso:<\/b><\/span><\/span><span style=\"font-family: Arial, serif;\"><span style=\"font-size: medium;\"> 400 W. San Antonio, Suite B<\/span><\/span><\/p><p align=\"justify\"><span style=\"font-family: Arial, serif;\"><span style=\"font-size: medium;\">Tel\u00e9fonos: 915 600 5423 \/ 915 600 5966 \/ 915 250 8442<\/span><\/span><\/p><p align=\"justify\"><span style=\"font-family: Arial, serif;\"><span style=\"font-size: medium;\"><b>Houston:<\/b><\/span><\/span><span style=\"font-family: Arial, serif;\"><span style=\"font-size: medium;\"> 8300 Bissonnet Street, Suite #400<\/span><\/span><\/p><p align=\"justify\"><span style=\"font-family: Arial, serif;\"><span style=\"font-size: medium;\">Tel\u00e9fono: 346 571 5198<\/span><\/span><\/p><p align=\"justify\"><span style=\"font-family: Arial, serif;\"><span style=\"font-size: medium;\"><b>Laredo:<\/b><\/span><\/span><span style=\"font-family: Arial, serif;\"><span style=\"font-size: medium;\"> 6010 McPherson Road #140<\/span><\/span><\/p><p align=\"justify\"><span style=\"font-family: Arial, serif;\"><span style=\"font-size: medium;\">Tel\u00e9fonos: 956 612 3306 \/ 956 404 9541<\/span><\/span><\/p><p align=\"justify\"><span style=\"font-family: Arial, serif;\"><span style=\"font-size: medium;\"><b>Las Vegas:<\/b><\/span><\/span><span style=\"font-family: Arial, serif;\"><span style=\"font-size: medium;\"> 765 N. Nellis Boulevard #5<\/span><\/span><\/p><p align=\"justify\"><span style=\"font-family: Arial, serif;\"><span style=\"font-size: medium;\">Tel\u00e9fonos: 702 437 5337 \/ 702 437 5339 \/ 702 437 5340 \/ 725 261 1558<\/span><\/span><\/p><p align=\"justify\"><span style=\"font-family: Arial, serif;\"><span style=\"font-size: medium;\"><b>Los \u00c1ngeles:<\/b><\/span><\/span><span style=\"font-family: Arial, serif;\"><span style=\"font-size: medium;\"> 3250 Wilshire Boulevard #550<\/span><\/span><\/p><p align=\"justify\"><span style=\"font-family: Arial, serif;\"><span style=\"font-size: medium;\">Tel\u00e9fono: 323 490 8223<\/span><\/span><\/p><p align=\"justify\"><span style=\"font-family: Arial, serif;\"><span style=\"font-size: medium;\"><b>Manhattan:<\/b><\/span><\/span><span style=\"font-family: Arial, serif;\"><span style=\"font-size: medium;\"> 46 Park Avenue<\/span><\/span><\/p><p align=\"justify\"><span style=\"font-family: Arial, serif;\"><span style=\"font-size: medium;\">Tel\u00e9fono: 646 203 5346<\/span><\/span><\/p><p align=\"justify\"><span style=\"font-family: Arial, serif;\"><span style=\"font-size: medium;\"><b>McAllen:<\/b><\/span><\/span><span style=\"font-family: Arial, serif;\"><span style=\"font-size: medium;\"> 701 S. Broadway Street<\/span><\/span><\/p><p align=\"justify\"><span style=\"font-family: Arial, serif;\"><span style=\"font-size: medium;\">Tel\u00e9fono: 956 215 1552<\/span><\/span><\/p><p align=\"justify\"><span style=\"font-family: Arial, serif;\"><span style=\"font-size: medium;\"><b>San Francisco:<\/b><\/span><\/span><span style=\"font-family: Arial, serif;\"><span style=\"font-size: medium;\"> 507 Polk Street #280<\/span><\/span><\/p><p align=\"justify\"><span style=\"font-family: Arial, serif;\"><span style=\"font-size: medium;\">Tel\u00e9fono: 415 685 9396<\/span><\/span><\/p><p align=\"justify\"><span style=\"font-family: Arial, serif;\"><span style=\"font-size: medium;\"><b>Seattle:<\/b><\/span><\/span><span style=\"font-family: Arial, serif;\"><span style=\"font-size: medium;\"> The Broderick Building 615, 2nd Avenue #50<\/span><\/span><\/p><p align=\"justify\"><span style=\"font-family: Arial, serif;\"><span style=\"font-size: medium;\">Tel\u00e9fono: 206 602 0132<\/span><\/span><\/p><p align=\"justify\"><span style=\"font-family: Arial, serif;\"><span style=\"font-size: medium;\"><b>Silver Spring, Maryland:<\/b><\/span><\/span><span style=\"font-family: Arial, serif;\"><span style=\"font-size: medium;\"> 926 Philadelphia Avenue<\/span><\/span><\/p><p align=\"justify\"><span style=\"font-family: Arial, serif;\"><span style=\"font-size: medium;\">Tel\u00e9fono: 240 302 0947<\/span><\/span><\/p><p align=\"justify\"><span style=\"font-family: Arial, serif;\"><span style=\"font-size: medium;\"><b>Tucson:<\/b><\/span><\/span><span style=\"font-family: Arial, serif;\"><span style=\"font-size: medium;\"> 1039 N., 6th Avenue<\/span><\/span><\/p><p align=\"justify\"><span style=\"font-family: Arial, serif;\"><span style=\"font-size: medium;\">Tel\u00e9fonos: 520 318 0410 \/ 520 318 0411<\/span><\/span><\/p><p align=\"justify\"><span style=\"font-family: Arial, serif;\"><span style=\"font-size: medium;\"><b>Woodbridge, Virginia:<\/b><\/span><\/span><span style=\"font-family: Arial, serif;\"><span style=\"font-size: medium;\"> 14572 Potomac Mills Road<\/span><\/span><\/p><p align=\"justify\"><span style=\"font-family: Arial, serif;\"><span style=\"font-size: medium;\">Tel\u00e9fonos: 571 383 1990 \/ 703 398 3930 \/ 571 572 0952 \/ 703 582 6236<\/span><\/span><\/p><p align=\"justify\"><span style=\"font-family: Arial, serif;\"><span style=\"font-size: medium;\">Para m\u00e1s informaci\u00f3n, contacta directamente a tu Embajada o Consulado.<\/span><\/span><\/p>\t\t\t\t\t\t\t\t<\/div>\n\t\t\t\t<\/div>\n\t\t\t\t<div class=\"elementor-element elementor-element-dc8f0bc elementor-widget elementor-widget-spacer\" data-id=\"dc8f0bc\" data-element_type=\"widget\" data-e-type=\"widget\" data-widget_type=\"spacer.default\">\n\t\t\t\t<div class=\"elementor-widget-container\">\n\t\t\t\t\t\t\t<div class=\"elementor-spacer\">\n\t\t\t<div class=\"elementor-spacer-inner\"><\/div>\n\t\t<\/div>\n\t\t\t\t\t\t<\/div>\n\t\t\t\t<\/div>\n\t\t\t\t\t<\/div>\n\t\t<\/div>\n\t\t\t\t\t<\/div>\n\t\t<\/section>\n\t\t\t\t<\/div>","protected":false},"excerpt":{"rendered":"<p>Encuentra la Embajada o Consulados de El Salvador Acceso Latino pone a tu disposici\u00f3n la Embajada y la lista de los Consulados de El Salvador para que sepas a d\u00f3nde acudir en caso de ser necesario. Encu\u00e9ntralos aqu\u00ed: Embajada: Washington, D.C.: 1400, 16th. Street, N.W., Suite 100 Tel\u00e9fonos: 202-595-7500 \/ (866) 876-4568 Consulados: Atlanta: 6735 Peachtree Industrial Boulevard #150 Tel\u00e9fonos: 770 591 4140 \/ 678 557 0482 Aurora, Colorado: 1450, S. Havana Street #100 Tel\u00e9fono: (720)485-5412 Boston: 46 Bennington Street Tel\u00e9fonos: 857 326-2727 \/ 857 326 2732 \/ 617 510 8802 Charlotte, Carolina del Norte: 1520 W. Boulevard Tel\u00e9fono: 704 870 7046 \/ 704 750 5507 Chicago: 177 N. State, Street #2 Tel\u00e9fonos: 312 579 4756 \/ 630 449 8650 Dallas: 7610 N. Stemmons Freeway #400 Tel\u00e9fonos: 469 951 4655 \/ 469 441 8677 Doral, Florida: 8550 N.W. 33rd Street #100 Tel\u00e9fono: 305 799 2530 Elizabeth, Nueva Jersey: 40 Parker Road #100 Tel\u00e9fono: 908 820 0881 El Paso: 400 W. San Antonio, Suite B Tel\u00e9fonos: 915 600 5423 \/ 915 600 5966 \/ 915 250 8442 Houston: 8300 Bissonnet Street, Suite #400 Tel\u00e9fono: 346 571 5198 Laredo: 6010 McPherson Road #140 Tel\u00e9fonos: 956 612 3306 \/ 956 404 9541 Las Vegas: 765 N. Nellis Boulevard #5 Tel\u00e9fonos: 702 437 5337 \/ 702 437 5339 \/ 702 437 5340 \/ 725 261 1558 Los \u00c1ngeles: 3250 Wilshire Boulevard #550 Tel\u00e9fono: 323 490 8223 Manhattan: 46 Park Avenue Tel\u00e9fono: 646 203 5346 McAllen: 701 S. Broadway Street Tel\u00e9fono: 956 215 1552 San Francisco: 507 Polk Street #280 Tel\u00e9fono: 415 685 9396 Seattle: The Broderick Building 615, 2nd Avenue #50 Tel\u00e9fono: 206 602 0132 Silver Spring, Maryland: 926 Philadelphia Avenue Tel\u00e9fono: 240 302 0947 Tucson: 1039 N., 6th Avenue Tel\u00e9fonos: 520 318 0410 \/ 520 318 0411 Woodbridge, Virginia: 14572 Potomac Mills Road Tel\u00e9fonos: 571 383 1990 \/ 703 398 3930 \/ 571 572 0952 \/ 703 582 6236 Para m\u00e1s informaci\u00f3n, contacta directamente a tu Embajada o Consulado.<\/p>","protected":false},"author":8,"featured_media":23672,"parent":0,"menu_order":0,"comment_status":"closed","ping_status":"closed","template":"elementor_header_footer","meta":{"_uf_show_specific_survey":0,"_uf_disable_surveys":false,"footnotes":""},"class_list":["post-23670","page","type-page","status-publish","has-post-thumbnail"],"aioseo_notices":[],"yoast_head":"<!-- This site is optimized with the Yoast SEO plugin v27.4 - https:\/\/yoast.com\/product\/yoast-seo-wordpress\/ -->\n<title>Encuentra la Embajada o Consulados de El Salvador<\/title>\n<meta name=\"description\" content=\"Encuentra la\u00a0Embajada\u00a0o Consulados de El Salvador Acceso Latino pone a tu disposici\u00f3n la\u00a0Embajada\u00a0y la lista de los Consulados de El Salvador\" \/>\n<meta name=\"robots\" content=\"index, follow, max-snippet:-1, max-image-preview:large, max-video-preview:-1\" \/>\n<link rel=\"canonical\" href=\"https:\/\/accesolatino.org\/en\/encuentra-la-embajada-o-consulados-de-el-salvador\/\" \/>\n<meta property=\"og:locale\" content=\"en_US\" \/>\n<meta property=\"og:type\" content=\"article\" \/>\n<meta property=\"og:title\" content=\"Acceso Latino | Encuentra la Embajada o Consulados de El Salvador\" \/>\n<meta property=\"og:description\" content=\"Encuentra la Embajada o Consulados de El Salvador\" \/>\n<meta property=\"og:url\" content=\"https:\/\/accesolatino.org\/en\/encuentra-la-embajada-o-consulados-de-el-salvador\/\" \/>\n<meta property=\"og:site_name\" content=\"Acceso Latino\" \/>\n<meta property=\"article:publisher\" content=\"https:\/\/www.facebook.com\/AccesoLatinoOrg\" \/>\n<meta property=\"article:modified_time\" content=\"2025-10-17T20:04:31+00:00\" \/>\n<meta property=\"og:image\" content=\"https:\/\/accesolatino.org\/wp-content\/uploads\/2020\/11\/Encuentra-la-Embajada-o-Consulados-de-El-Salvador.png\" \/>\n\t<meta property=\"og:image:width\" content=\"600\" \/>\n\t<meta property=\"og:image:height\" content=\"338\" \/>\n\t<meta property=\"og:image:type\" content=\"image\/png\" \/>\n<meta name=\"twitter:card\" content=\"summary_large_image\" \/>\n<meta name=\"twitter:title\" content=\"Acceso Latino | Encuentra la Embajada o Consulados de El Salvador\" \/>\n<meta name=\"twitter:description\" content=\"Encuentra la Embajada o Consulados de El Salvador\" \/>\n<meta name=\"twitter:image\" content=\"https:\/\/accesolatino.org\/wp-content\/uploads\/2020\/11\/Encuentra-la-Embajada-o-Consulados-de-El-Salvador.png\" \/>\n<meta name=\"twitter:site\" content=\"@FAccLatino\" \/>\n<meta name=\"twitter:label1\" content=\"Est. reading time\" \/>\n\t<meta name=\"twitter:data1\" content=\"2 minutes\" \/>\n<script type=\"application\/ld+json\" class=\"yoast-schema-graph\">{\"@context\":\"https:\\\/\\\/schema.org\",\"@graph\":[{\"@type\":\"WebPage\",\"@id\":\"https:\\\/\\\/accesolatino.org\\\/en\\\/encuentra-la-embajada-o-consulados-de-el-salvador\\\/\",\"url\":\"https:\\\/\\\/accesolatino.org\\\/en\\\/encuentra-la-embajada-o-consulados-de-el-salvador\\\/\",\"name\":\"Encuentra la Embajada o Consulados de El Salvador\",\"isPartOf\":{\"@id\":\"https:\\\/\\\/accesolatino.org\\\/#website\"},\"primaryImageOfPage\":{\"@id\":\"https:\\\/\\\/accesolatino.org\\\/en\\\/encuentra-la-embajada-o-consulados-de-el-salvador\\\/#primaryimage\"},\"image\":{\"@id\":\"https:\\\/\\\/accesolatino.org\\\/en\\\/encuentra-la-embajada-o-consulados-de-el-salvador\\\/#primaryimage\"},\"thumbnailUrl\":\"https:\\\/\\\/accesolatino.org\\\/wp-content\\\/uploads\\\/2020\\\/11\\\/Encuentra-la-Embajada-o-Consulados-de-El-Salvador.png\",\"datePublished\":\"2020-11-17T12:00:23+00:00\",\"dateModified\":\"2025-10-17T20:04:31+00:00\",\"description\":\"Encuentra la\u00a0Embajada\u00a0o Consulados de El Salvador Acceso Latino pone a tu disposici\u00f3n la\u00a0Embajada\u00a0y la lista de los Consulados de El Salvador\",\"breadcrumb\":{\"@id\":\"https:\\\/\\\/accesolatino.org\\\/en\\\/encuentra-la-embajada-o-consulados-de-el-salvador\\\/#breadcrumb\"},\"inLanguage\":\"en-US\",\"potentialAction\":[{\"@type\":\"ReadAction\",\"target\":[\"https:\\\/\\\/accesolatino.org\\\/en\\\/encuentra-la-embajada-o-consulados-de-el-salvador\\\/\"]}]},{\"@type\":\"ImageObject\",\"inLanguage\":\"en-US\",\"@id\":\"https:\\\/\\\/accesolatino.org\\\/en\\\/encuentra-la-embajada-o-consulados-de-el-salvador\\\/#primaryimage\",\"url\":\"https:\\\/\\\/accesolatino.org\\\/wp-content\\\/uploads\\\/2020\\\/11\\\/Encuentra-la-Embajada-o-Consulados-de-El-Salvador.png\",\"contentUrl\":\"https:\\\/\\\/accesolatino.org\\\/wp-content\\\/uploads\\\/2020\\\/11\\\/Encuentra-la-Embajada-o-Consulados-de-El-Salvador.png\",\"width\":600,\"height\":338,\"caption\":\"embajada\"},{\"@type\":\"BreadcrumbList\",\"@id\":\"https:\\\/\\\/accesolatino.org\\\/en\\\/encuentra-la-embajada-o-consulados-de-el-salvador\\\/#breadcrumb\",\"itemListElement\":[{\"@type\":\"ListItem\",\"position\":1,\"name\":\"Portada\",\"item\":\"https:\\\/\\\/accesolatino.org\\\/\"},{\"@type\":\"ListItem\",\"position\":2,\"name\":\"Encuentra la Embajada o Consulados de El Salvador\"}]},{\"@type\":\"WebSite\",\"@id\":\"https:\\\/\\\/accesolatino.org\\\/#website\",\"url\":\"https:\\\/\\\/accesolatino.org\\\/\",\"name\":\"Acceso Latino | Fundaci\u00f3n Carlos Slim\",\"description\":\"Fundaci\u00f3n Carlos Slim\",\"publisher\":{\"@id\":\"https:\\\/\\\/accesolatino.org\\\/#organization\"},\"potentialAction\":[{\"@type\":\"SearchAction\",\"target\":{\"@type\":\"EntryPoint\",\"urlTemplate\":\"https:\\\/\\\/accesolatino.org\\\/?s={search_term_string}\"},\"query-input\":{\"@type\":\"PropertyValueSpecification\",\"valueRequired\":true,\"valueName\":\"search_term_string\"}}],\"inLanguage\":\"en-US\"},{\"@type\":\"Organization\",\"@id\":\"https:\\\/\\\/accesolatino.org\\\/#organization\",\"name\":\"Acceso Latino | Fundaci\u00f3n Carlos Slim\",\"url\":\"https:\\\/\\\/accesolatino.org\\\/\",\"logo\":{\"@type\":\"ImageObject\",\"inLanguage\":\"en-US\",\"@id\":\"https:\\\/\\\/accesolatino.org\\\/#\\\/schema\\\/logo\\\/image\\\/\",\"url\":\"https:\\\/\\\/accesolatino.org\\\/wp-content\\\/uploads\\\/2021\\\/02\\\/logo-footer-acceso-latino.png\",\"contentUrl\":\"https:\\\/\\\/accesolatino.org\\\/wp-content\\\/uploads\\\/2021\\\/02\\\/logo-footer-acceso-latino.png\",\"width\":240,\"height\":40,\"caption\":\"Acceso Latino | Fundaci\u00f3n Carlos Slim\"},\"image\":{\"@id\":\"https:\\\/\\\/accesolatino.org\\\/#\\\/schema\\\/logo\\\/image\\\/\"},\"sameAs\":[\"https:\\\/\\\/www.facebook.com\\\/AccesoLatinoOrg\",\"https:\\\/\\\/x.com\\\/FAccLatino\"]}]}<\/script>\n<!-- \/ Yoast SEO plugin. -->","yoast_head_json":{"title":"Find the Embassy or Consulate in El Salvador","description":"Encuentra la\u00a0Embajada\u00a0o Consulados de El Salvador Acceso Latino pone a tu disposici\u00f3n la\u00a0Embajada\u00a0y la lista de los Consulados de El Salvador","robots":{"index":"index","follow":"follow","max-snippet":"max-snippet:-1","max-image-preview":"max-image-preview:large","max-video-preview":"max-video-preview:-1"},"canonical":"https:\/\/accesolatino.org\/en\/encuentra-la-embajada-o-consulados-de-el-salvador\/","og_locale":"en_US","og_type":"article","og_title":"Acceso Latino | Encuentra la Embajada o Consulados de El Salvador","og_description":"Encuentra la Embajada o Consulados de El Salvador","og_url":"https:\/\/accesolatino.org\/en\/encuentra-la-embajada-o-consulados-de-el-salvador\/","og_site_name":"Acceso Latino","article_publisher":"https:\/\/www.facebook.com\/AccesoLatinoOrg","article_modified_time":"2025-10-17T20:04:31+00:00","og_image":[{"width":600,"height":338,"url":"https:\/\/accesolatino.org\/wp-content\/uploads\/2020\/11\/Encuentra-la-Embajada-o-Consulados-de-El-Salvador.png","type":"image\/png"}],"twitter_card":"summary_large_image","twitter_title":"Acceso Latino | Encuentra la Embajada o Consulados de El Salvador","twitter_description":"Encuentra la Embajada o Consulados de El Salvador","twitter_image":"https:\/\/accesolatino.org\/wp-content\/uploads\/2020\/11\/Encuentra-la-Embajada-o-Consulados-de-El-Salvador.png","twitter_site":"@FAccLatino","twitter_misc":{"Est. reading time":"2 minutes"},"schema":{"@context":"https:\/\/schema.org","@graph":[{"@type":"WebPage","@id":"https:\/\/accesolatino.org\/en\/encuentra-la-embajada-o-consulados-de-el-salvador\/","url":"https:\/\/accesolatino.org\/en\/encuentra-la-embajada-o-consulados-de-el-salvador\/","name":"Find the Embassy or Consulate in El Salvador","isPartOf":{"@id":"https:\/\/accesolatino.org\/#website"},"primaryImageOfPage":{"@id":"https:\/\/accesolatino.org\/en\/encuentra-la-embajada-o-consulados-de-el-salvador\/#primaryimage"},"image":{"@id":"https:\/\/accesolatino.org\/en\/encuentra-la-embajada-o-consulados-de-el-salvador\/#primaryimage"},"thumbnailUrl":"https:\/\/accesolatino.org\/wp-content\/uploads\/2020\/11\/Encuentra-la-Embajada-o-Consulados-de-El-Salvador.png","datePublished":"2020-11-17T12:00:23+00:00","dateModified":"2025-10-17T20:04:31+00:00","description":"Encuentra la\u00a0Embajada\u00a0o Consulados de El Salvador Acceso Latino pone a tu disposici\u00f3n la\u00a0Embajada\u00a0y la lista de los Consulados de El Salvador","breadcrumb":{"@id":"https:\/\/accesolatino.org\/en\/encuentra-la-embajada-o-consulados-de-el-salvador\/#breadcrumb"},"inLanguage":"en-US","potentialAction":[{"@type":"ReadAction","target":["https:\/\/accesolatino.org\/en\/encuentra-la-embajada-o-consulados-de-el-salvador\/"]}]},{"@type":"ImageObject","inLanguage":"en-US","@id":"https:\/\/accesolatino.org\/en\/encuentra-la-embajada-o-consulados-de-el-salvador\/#primaryimage","url":"https:\/\/accesolatino.org\/wp-content\/uploads\/2020\/11\/Encuentra-la-Embajada-o-Consulados-de-El-Salvador.png","contentUrl":"https:\/\/accesolatino.org\/wp-content\/uploads\/2020\/11\/Encuentra-la-Embajada-o-Consulados-de-El-Salvador.png","width":600,"height":338,"caption":"embajada"},{"@type":"BreadcrumbList","@id":"https:\/\/accesolatino.org\/en\/encuentra-la-embajada-o-consulados-de-el-salvador\/#breadcrumb","itemListElement":[{"@type":"ListItem","position":1,"name":"Portada","item":"https:\/\/accesolatino.org\/"},{"@type":"ListItem","position":2,"name":"Encuentra la Embajada o Consulados de El Salvador"}]},{"@type":"WebSite","@id":"https:\/\/accesolatino.org\/#website","url":"https:\/\/accesolatino.org\/","name":"Acceso Latino | Fundaci\u00f3n Carlos Slim","description":"Fundaci\u00f3n Carlos Slim","publisher":{"@id":"https:\/\/accesolatino.org\/#organization"},"potentialAction":[{"@type":"SearchAction","target":{"@type":"EntryPoint","urlTemplate":"https:\/\/accesolatino.org\/?s={search_term_string}"},"query-input":{"@type":"PropertyValueSpecification","valueRequired":true,"valueName":"search_term_string"}}],"inLanguage":"en-US"},{"@type":"Organization","@id":"https:\/\/accesolatino.org\/#organization","name":"Acceso Latino | Fundaci\u00f3n Carlos Slim","url":"https:\/\/accesolatino.org\/","logo":{"@type":"ImageObject","inLanguage":"en-US","@id":"https:\/\/accesolatino.org\/#\/schema\/logo\/image\/","url":"https:\/\/accesolatino.org\/wp-content\/uploads\/2021\/02\/logo-footer-acceso-latino.png","contentUrl":"https:\/\/accesolatino.org\/wp-content\/uploads\/2021\/02\/logo-footer-acceso-latino.png","width":240,"height":40,"caption":"Acceso Latino | Fundaci\u00f3n Carlos Slim"},"image":{"@id":"https:\/\/accesolatino.org\/#\/schema\/logo\/image\/"},"sameAs":["https:\/\/www.facebook.com\/AccesoLatinoOrg","https:\/\/x.com\/FAccLatino"]}]}},"_links":{"self":[{"href":"https:\/\/accesolatino.org\/en\/wp-json\/wp\/v2\/pages\/23670","targetHints":{"allow":["GET"]}}],"collection":[{"href":"https:\/\/accesolatino.org\/en\/wp-json\/wp\/v2\/pages"}],"about":[{"href":"https:\/\/accesolatino.org\/en\/wp-json\/wp\/v2\/types\/page"}],"author":[{"embeddable":true,"href":"https:\/\/accesolatino.org\/en\/wp-json\/wp\/v2\/users\/8"}],"replies":[{"embeddable":true,"href":"https:\/\/accesolatino.org\/en\/wp-json\/wp\/v2\/comments?post=23670"}],"version-history":[{"count":1,"href":"https:\/\/accesolatino.org\/en\/wp-json\/wp\/v2\/pages\/23670\/revisions"}],"predecessor-version":[{"id":64214,"href":"https:\/\/accesolatino.org\/en\/wp-json\/wp\/v2\/pages\/23670\/revisions\/64214"}],"wp:featuredmedia":[{"embeddable":true,"href":"https:\/\/accesolatino.org\/en\/wp-json\/wp\/v2\/media\/23672"}],"wp:attachment":[{"href":"https:\/\/accesolatino.org\/en\/wp-json\/wp\/v2\/media?parent=23670"}],"curies":[{"name":"wp","href":"https:\/\/api.w.org\/{rel}","templated":true}]}}