{"id":23602,"date":"2020-11-12T06:00:00","date_gmt":"2020-11-12T12:00:00","guid":{"rendered":"https:\/\/accesolatino.org\/?page_id=23602"},"modified":"2025-10-17T17:08:19","modified_gmt":"2025-10-17T23:08:19","slug":"limitantes-para-viajar-con-licencias-para-todos-de-oregon","status":"publish","type":"page","link":"https:\/\/accesolatino.org\/en\/limitantes-para-viajar-con-licencias-para-todos-de-oregon\/","title":{"rendered":"Limitantes para viajar con &#8220;Licencias para Todos&#8221; de Oreg\u00f3n"},"content":{"rendered":"<div data-elementor-type=\"wp-post\" data-elementor-id=\"23602\" class=\"elementor elementor-23602\">\n\t\t\t\t\t\t<section class=\"elementor-section elementor-top-section elementor-element elementor-element-8ea5196 elementor-section-full_width elementor-section-height-min-height elementor-section-items-stretch elementor-section-height-default wpr-particle-no wpr-jarallax-no wpr-parallax-no wpr-sticky-section-no\" data-id=\"8ea5196\" data-element_type=\"section\" data-e-type=\"section\" data-settings=\"{&quot;background_background&quot;:&quot;classic&quot;}\">\n\t\t\t\t\t\t<div class=\"elementor-container elementor-column-gap-no\">\n\t\t\t\t\t<div class=\"elementor-column elementor-col-100 elementor-top-column elementor-element elementor-element-662d6ca\" data-id=\"662d6ca\" data-element_type=\"column\" data-e-type=\"column\">\n\t\t\t<div class=\"elementor-widget-wrap elementor-element-populated\">\n\t\t\t\t\t\t<div class=\"elementor-element elementor-element-4db5034 elementor--h-position-center elementor--v-position-middle elementor-widget elementor-widget-slides\" data-id=\"4db5034\" data-element_type=\"widget\" data-e-type=\"widget\" data-settings=\"{&quot;navigation&quot;:&quot;none&quot;,&quot;infinite&quot;:&quot;yes&quot;,&quot;transition&quot;:&quot;slide&quot;,&quot;transition_speed&quot;:500}\" data-widget_type=\"slides.default\">\n\t\t\t\t<div class=\"elementor-widget-container\">\n\t\t\t\t\t\t\t<div class=\"elementor-swiper\">\n\t\t\t<div class=\"elementor-slides-wrapper elementor-main-swiper swiper-container\" dir=\"ltr\" data-animation=\"\">\n\t\t\t\t<div class=\"swiper-wrapper elementor-slides\">\n\t\t\t\t\t\t\t\t\t\t<div class=\"elementor-repeater-item-d983a28 swiper-slide\"><div class=\"swiper-slide-bg\"><\/div><div class=\"swiper-slide-inner\" ><div class=\"swiper-slide-contents\"><div class=\"elementor-slide-heading\">Processing of Licenses<\/div><\/div><\/div><\/div>\t\t\t\t<\/div>\n\t\t\t\t\t\t\t<\/div>\n\t\t<\/div>\n\t\t\t\t\t\t<\/div>\n\t\t\t\t<\/div>\n\t\t\t\t\t<\/div>\n\t\t<\/div>\n\t\t\t\t\t<\/div>\n\t\t<\/section>\n\t\t\t\t<section class=\"elementor-section elementor-top-section elementor-element elementor-element-f03fa67 elementor-section-stretched elementor-section-boxed elementor-section-height-default elementor-section-height-default wpr-particle-no wpr-jarallax-no wpr-parallax-no wpr-sticky-section-no\" data-id=\"f03fa67\" data-element_type=\"section\" data-e-type=\"section\" data-settings=\"{&quot;stretch_section&quot;:&quot;section-stretched&quot;,&quot;background_background&quot;:&quot;classic&quot;}\">\n\t\t\t\t\t\t<div class=\"elementor-container elementor-column-gap-default\">\n\t\t\t\t\t<div class=\"elementor-column elementor-col-100 elementor-top-column elementor-element elementor-element-93222c6\" data-id=\"93222c6\" data-element_type=\"column\" data-e-type=\"column\">\n\t\t\t<div class=\"elementor-widget-wrap elementor-element-populated\">\n\t\t\t\t\t\t<div class=\"elementor-element elementor-element-6720600 elementor-widget elementor-widget-heading\" data-id=\"6720600\" data-element_type=\"widget\" data-e-type=\"widget\" data-widget_type=\"heading.default\">\n\t\t\t\t<div class=\"elementor-widget-container\">\n\t\t\t\t\t<h3 class=\"elementor-heading-title elementor-size-default\">Limitantes para viajar con \"Licencias para Todos\" de Oreg\u00f3n<\/h3>\t\t\t\t<\/div>\n\t\t\t\t<\/div>\n\t\t\t\t<div class=\"elementor-element elementor-element-4c8efd7 elementor-widget elementor-widget-text-editor\" data-id=\"4c8efd7\" data-element_type=\"widget\" data-e-type=\"widget\" data-widget_type=\"text-editor.default\">\n\t\t\t\t<div class=\"elementor-widget-container\">\n\t\t\t\t\t\t\t\t\tEl pr\u00f3ximo 1\u00b0 de enero del 2021, la Ley HB-2015 entrar\u00e1 en vigor en Oreg\u00f3n, permitiendo a indocumentados contar este privilegio. <b>Acceso Latino<\/b>, en su secci\u00f3n <a href=\"https:\/\/accesolatino.org\/en\/licencias\/\">Driver's licenses<\/a>, te da la lista de los estados que permiten a migrantes sin documentos manejar sin que se les pregunte por su estatus migratorio. <br>\nSin embargo, hay algunas limitantes para viajar con \u201cLicencias para Todos\u201d de Oreg\u00f3n, como el ir a Alaska o Hawaii, porque al pasar por aguas internacionales pueden llegar a un chequeo de aduanas, por lo que es preferible no intentar salir hacia esos territorios.<br><br>\nLos viajes internacionales ser\u00e1n permitidos, siempre y cuando se demuestre que ya no se quiere regresar a Estados Unidos. <br><br>\nEn los aeropuertos, los agentes de seguridad no tienen autoridad para hacer detenciones o cuestionamientos, pero s\u00ed ICE (Servicio de Control de Inmigraci\u00f3n y Aduanas). <br><br>\nEl 21 de octubre del 2021, la Ley <i>Real ID<\/i>comenzar\u00e1 a funcionar, y ser\u00e1 necesario presentar 2 identificaciones con fotograf\u00eda; mientras tanto, se puede seguir viajando mostrando \u00fanicamente la licencia.<br><br>\nLa Ley HB-2015 protege a los indocumentados sobre su estatus migratorio, al igual que el DMV que no comparte la informaci\u00f3n del programa de licencias con agentes migratorios.<br><br>\nFuente: Univisi\u00f3n Portland\t\t\t\t\t\t\t\t<\/div>\n\t\t\t\t<\/div>\n\t\t\t\t<div class=\"elementor-element elementor-element-5e5fe8e elementor-widget elementor-widget-spacer\" data-id=\"5e5fe8e\" data-element_type=\"widget\" data-e-type=\"widget\" data-widget_type=\"spacer.default\">\n\t\t\t\t<div class=\"elementor-widget-container\">\n\t\t\t\t\t\t\t<div class=\"elementor-spacer\">\n\t\t\t<div class=\"elementor-spacer-inner\"><\/div>\n\t\t<\/div>\n\t\t\t\t\t\t<\/div>\n\t\t\t\t<\/div>\n\t\t\t\t\t<\/div>\n\t\t<\/div>\n\t\t\t\t\t<\/div>\n\t\t<\/section>\n\t\t\t\t<\/div>","protected":false},"excerpt":{"rendered":"<p>Tr\u00e1mite de Licencias Limitantes para viajar con &#8220;Licencias para Todos&#8221; de Oreg\u00f3n El pr\u00f3ximo 1\u00b0 de enero del 2021, la Ley HB-2015 entrar\u00e1 en vigor en Oreg\u00f3n, permitiendo a indocumentados contar este privilegio. Acceso Latino, en su secci\u00f3n Licencias de conducir, te da la lista de los estados que permiten a migrantes sin documentos manejar sin que se les pregunte por su estatus migratorio. Sin embargo, hay algunas limitantes para viajar con \u201cLicencias para Todos\u201d de Oreg\u00f3n, como el ir a Alaska o Hawaii, porque al pasar por aguas internacionales pueden llegar a un chequeo de aduanas, por lo que es preferible no intentar salir hacia esos territorios. Los viajes internacionales ser\u00e1n permitidos, siempre y cuando se demuestre que ya no se quiere regresar a Estados Unidos. En los aeropuertos, los agentes de seguridad no tienen autoridad para hacer detenciones o cuestionamientos, pero s\u00ed ICE (Servicio de Control de Inmigraci\u00f3n y Aduanas). El 21 de octubre del 2021, la Ley Real IDcomenzar\u00e1 a funcionar, y ser\u00e1 necesario presentar 2 identificaciones con fotograf\u00eda; mientras tanto, se puede seguir viajando mostrando \u00fanicamente la licencia. La Ley HB-2015 protege a los indocumentados sobre su estatus migratorio, al igual que el DMV que no comparte la informaci\u00f3n del programa de licencias con agentes migratorios. Fuente: Univisi\u00f3n Portland<\/p>","protected":false},"author":9,"featured_media":23604,"parent":0,"menu_order":0,"comment_status":"closed","ping_status":"closed","template":"elementor_header_footer","meta":{"_uf_show_specific_survey":0,"_uf_disable_surveys":false,"footnotes":""},"class_list":["post-23602","page","type-page","status-publish","has-post-thumbnail"],"aioseo_notices":[],"yoast_head":"<!-- This site is optimized with the Yoast SEO plugin v27.3 - https:\/\/yoast.com\/product\/yoast-seo-wordpress\/ -->\n<title>Limitantes para viajar con &quot;Licencias para Todos&quot; de Oreg\u00f3n<\/title>\n<meta name=\"description\" content=\"Tr\u00e1mite de\u00a0Licencias:\u00a0Limitantes para viajar con &quot;Licencias\u00a0para Todos&quot; de Oreg\u00f3n El pr\u00f3ximo 1\u00b0 de enero del 2021, la Ley HB-2015 entrar\u00e1...\" \/>\n<meta name=\"robots\" content=\"index, follow, max-snippet:-1, max-image-preview:large, max-video-preview:-1\" \/>\n<link rel=\"canonical\" href=\"https:\/\/accesolatino.org\/en\/limitantes-para-viajar-con-licencias-para-todos-de-oregon\/\" \/>\n<meta property=\"og:locale\" content=\"en_US\" \/>\n<meta property=\"og:type\" content=\"article\" \/>\n<meta property=\"og:title\" content=\"Acceso Latino | Limitantes para viajar con &quot;Licencias para Todos&quot; de Oreg\u00f3n\" \/>\n<meta property=\"og:description\" content=\"Conoce la documentaci\u00f3n requerida para tramitar una licencia en cada uno de los estados de USA\" \/>\n<meta property=\"og:url\" content=\"https:\/\/accesolatino.org\/en\/limitantes-para-viajar-con-licencias-para-todos-de-oregon\/\" \/>\n<meta property=\"og:site_name\" content=\"Acceso Latino\" \/>\n<meta property=\"article:publisher\" content=\"https:\/\/www.facebook.com\/AccesoLatinoOrg\" \/>\n<meta property=\"article:modified_time\" content=\"2025-10-17T23:08:19+00:00\" \/>\n<meta property=\"og:image\" content=\"https:\/\/accesolatino.org\/wp-content\/uploads\/2020\/11\/Limitantes-para-viajar-con-Licencias-para-Todos-de-Oregon.png\" \/>\n\t<meta property=\"og:image:width\" content=\"600\" \/>\n\t<meta property=\"og:image:height\" content=\"338\" \/>\n\t<meta property=\"og:image:type\" content=\"image\/png\" \/>\n<meta name=\"twitter:card\" content=\"summary_large_image\" \/>\n<meta name=\"twitter:title\" content=\"Acceso Latino | Limitantes para viajar con &quot;Licencias para Todos&quot; de Oreg\u00f3n\" \/>\n<meta name=\"twitter:description\" content=\"Conoce la documentaci\u00f3n requerida para tramitar una licencia en cada uno de los estados de USA\" \/>\n<meta name=\"twitter:image\" content=\"https:\/\/accesolatino.org\/wp-content\/uploads\/2020\/11\/Limitantes-para-viajar-con-Licencias-para-Todos-de-Oregon.png\" \/>\n<meta name=\"twitter:site\" content=\"@FAccLatino\" \/>\n<meta name=\"twitter:label1\" content=\"Est. reading time\" \/>\n\t<meta name=\"twitter:data1\" content=\"2 minutes\" \/>\n<script type=\"application\/ld+json\" class=\"yoast-schema-graph\">{\"@context\":\"https:\\\/\\\/schema.org\",\"@graph\":[{\"@type\":\"WebPage\",\"@id\":\"https:\\\/\\\/accesolatino.org\\\/en\\\/limitantes-para-viajar-con-licencias-para-todos-de-oregon\\\/\",\"url\":\"https:\\\/\\\/accesolatino.org\\\/en\\\/limitantes-para-viajar-con-licencias-para-todos-de-oregon\\\/\",\"name\":\"Limitantes para viajar con \\\"Licencias para Todos\\\" de Oreg\u00f3n\",\"isPartOf\":{\"@id\":\"https:\\\/\\\/accesolatino.org\\\/#website\"},\"primaryImageOfPage\":{\"@id\":\"https:\\\/\\\/accesolatino.org\\\/en\\\/limitantes-para-viajar-con-licencias-para-todos-de-oregon\\\/#primaryimage\"},\"image\":{\"@id\":\"https:\\\/\\\/accesolatino.org\\\/en\\\/limitantes-para-viajar-con-licencias-para-todos-de-oregon\\\/#primaryimage\"},\"thumbnailUrl\":\"https:\\\/\\\/accesolatino.org\\\/wp-content\\\/uploads\\\/2020\\\/11\\\/Limitantes-para-viajar-con-Licencias-para-Todos-de-Oregon.png\",\"datePublished\":\"2020-11-12T12:00:00+00:00\",\"dateModified\":\"2025-10-17T23:08:19+00:00\",\"description\":\"Tr\u00e1mite de\u00a0Licencias:\u00a0Limitantes para viajar con \\\"Licencias\u00a0para Todos\\\" de Oreg\u00f3n El pr\u00f3ximo 1\u00b0 de enero del 2021, la Ley HB-2015 entrar\u00e1...\",\"breadcrumb\":{\"@id\":\"https:\\\/\\\/accesolatino.org\\\/en\\\/limitantes-para-viajar-con-licencias-para-todos-de-oregon\\\/#breadcrumb\"},\"inLanguage\":\"en-US\",\"potentialAction\":[{\"@type\":\"ReadAction\",\"target\":[\"https:\\\/\\\/accesolatino.org\\\/en\\\/limitantes-para-viajar-con-licencias-para-todos-de-oregon\\\/\"]}]},{\"@type\":\"ImageObject\",\"inLanguage\":\"en-US\",\"@id\":\"https:\\\/\\\/accesolatino.org\\\/en\\\/limitantes-para-viajar-con-licencias-para-todos-de-oregon\\\/#primaryimage\",\"url\":\"https:\\\/\\\/accesolatino.org\\\/wp-content\\\/uploads\\\/2020\\\/11\\\/Limitantes-para-viajar-con-Licencias-para-Todos-de-Oregon.png\",\"contentUrl\":\"https:\\\/\\\/accesolatino.org\\\/wp-content\\\/uploads\\\/2020\\\/11\\\/Limitantes-para-viajar-con-Licencias-para-Todos-de-Oregon.png\",\"width\":600,\"height\":338,\"caption\":\"licencias\"},{\"@type\":\"BreadcrumbList\",\"@id\":\"https:\\\/\\\/accesolatino.org\\\/en\\\/limitantes-para-viajar-con-licencias-para-todos-de-oregon\\\/#breadcrumb\",\"itemListElement\":[{\"@type\":\"ListItem\",\"position\":1,\"name\":\"Portada\",\"item\":\"https:\\\/\\\/accesolatino.org\\\/\"},{\"@type\":\"ListItem\",\"position\":2,\"name\":\"Limitantes para viajar con &#8220;Licencias para Todos&#8221; de Oreg\u00f3n\"}]},{\"@type\":\"WebSite\",\"@id\":\"https:\\\/\\\/accesolatino.org\\\/#website\",\"url\":\"https:\\\/\\\/accesolatino.org\\\/\",\"name\":\"Acceso Latino | Fundaci\u00f3n Carlos Slim\",\"description\":\"Fundaci\u00f3n Carlos Slim\",\"publisher\":{\"@id\":\"https:\\\/\\\/accesolatino.org\\\/#organization\"},\"potentialAction\":[{\"@type\":\"SearchAction\",\"target\":{\"@type\":\"EntryPoint\",\"urlTemplate\":\"https:\\\/\\\/accesolatino.org\\\/?s={search_term_string}\"},\"query-input\":{\"@type\":\"PropertyValueSpecification\",\"valueRequired\":true,\"valueName\":\"search_term_string\"}}],\"inLanguage\":\"en-US\"},{\"@type\":\"Organization\",\"@id\":\"https:\\\/\\\/accesolatino.org\\\/#organization\",\"name\":\"Acceso Latino | Fundaci\u00f3n Carlos Slim\",\"url\":\"https:\\\/\\\/accesolatino.org\\\/\",\"logo\":{\"@type\":\"ImageObject\",\"inLanguage\":\"en-US\",\"@id\":\"https:\\\/\\\/accesolatino.org\\\/#\\\/schema\\\/logo\\\/image\\\/\",\"url\":\"https:\\\/\\\/accesolatino.org\\\/wp-content\\\/uploads\\\/2021\\\/02\\\/logo-footer-acceso-latino.png\",\"contentUrl\":\"https:\\\/\\\/accesolatino.org\\\/wp-content\\\/uploads\\\/2021\\\/02\\\/logo-footer-acceso-latino.png\",\"width\":240,\"height\":40,\"caption\":\"Acceso Latino | Fundaci\u00f3n Carlos Slim\"},\"image\":{\"@id\":\"https:\\\/\\\/accesolatino.org\\\/#\\\/schema\\\/logo\\\/image\\\/\"},\"sameAs\":[\"https:\\\/\\\/www.facebook.com\\\/AccesoLatinoOrg\",\"https:\\\/\\\/x.com\\\/FAccLatino\"]}]}<\/script>\n<!-- \/ Yoast SEO plugin. -->","yoast_head_json":{"title":"Limitantes para viajar con \"Licencias para Todos\" de Oreg\u00f3n","description":"Tr\u00e1mite de\u00a0Licencias:\u00a0Limitantes para viajar con \"Licencias\u00a0para Todos\" de Oreg\u00f3n El pr\u00f3ximo 1\u00b0 de enero del 2021, la Ley HB-2015 entrar\u00e1...","robots":{"index":"index","follow":"follow","max-snippet":"max-snippet:-1","max-image-preview":"max-image-preview:large","max-video-preview":"max-video-preview:-1"},"canonical":"https:\/\/accesolatino.org\/en\/limitantes-para-viajar-con-licencias-para-todos-de-oregon\/","og_locale":"en_US","og_type":"article","og_title":"Acceso Latino | Limitantes para viajar con \"Licencias para Todos\" de Oreg\u00f3n","og_description":"Conoce la documentaci\u00f3n requerida para tramitar una licencia en cada uno de los estados de USA","og_url":"https:\/\/accesolatino.org\/en\/limitantes-para-viajar-con-licencias-para-todos-de-oregon\/","og_site_name":"Acceso Latino","article_publisher":"https:\/\/www.facebook.com\/AccesoLatinoOrg","article_modified_time":"2025-10-17T23:08:19+00:00","og_image":[{"width":600,"height":338,"url":"https:\/\/accesolatino.org\/wp-content\/uploads\/2020\/11\/Limitantes-para-viajar-con-Licencias-para-Todos-de-Oregon.png","type":"image\/png"}],"twitter_card":"summary_large_image","twitter_title":"Acceso Latino | Limitantes para viajar con \"Licencias para Todos\" de Oreg\u00f3n","twitter_description":"Conoce la documentaci\u00f3n requerida para tramitar una licencia en cada uno de los estados de USA","twitter_image":"https:\/\/accesolatino.org\/wp-content\/uploads\/2020\/11\/Limitantes-para-viajar-con-Licencias-para-Todos-de-Oregon.png","twitter_site":"@FAccLatino","twitter_misc":{"Est. reading time":"2 minutes"},"schema":{"@context":"https:\/\/schema.org","@graph":[{"@type":"WebPage","@id":"https:\/\/accesolatino.org\/en\/limitantes-para-viajar-con-licencias-para-todos-de-oregon\/","url":"https:\/\/accesolatino.org\/en\/limitantes-para-viajar-con-licencias-para-todos-de-oregon\/","name":"Limitantes para viajar con \"Licencias para Todos\" de Oreg\u00f3n","isPartOf":{"@id":"https:\/\/accesolatino.org\/#website"},"primaryImageOfPage":{"@id":"https:\/\/accesolatino.org\/en\/limitantes-para-viajar-con-licencias-para-todos-de-oregon\/#primaryimage"},"image":{"@id":"https:\/\/accesolatino.org\/en\/limitantes-para-viajar-con-licencias-para-todos-de-oregon\/#primaryimage"},"thumbnailUrl":"https:\/\/accesolatino.org\/wp-content\/uploads\/2020\/11\/Limitantes-para-viajar-con-Licencias-para-Todos-de-Oregon.png","datePublished":"2020-11-12T12:00:00+00:00","dateModified":"2025-10-17T23:08:19+00:00","description":"Tr\u00e1mite de\u00a0Licencias:\u00a0Limitantes para viajar con \"Licencias\u00a0para Todos\" de Oreg\u00f3n El pr\u00f3ximo 1\u00b0 de enero del 2021, la Ley HB-2015 entrar\u00e1...","breadcrumb":{"@id":"https:\/\/accesolatino.org\/en\/limitantes-para-viajar-con-licencias-para-todos-de-oregon\/#breadcrumb"},"inLanguage":"en-US","potentialAction":[{"@type":"ReadAction","target":["https:\/\/accesolatino.org\/en\/limitantes-para-viajar-con-licencias-para-todos-de-oregon\/"]}]},{"@type":"ImageObject","inLanguage":"en-US","@id":"https:\/\/accesolatino.org\/en\/limitantes-para-viajar-con-licencias-para-todos-de-oregon\/#primaryimage","url":"https:\/\/accesolatino.org\/wp-content\/uploads\/2020\/11\/Limitantes-para-viajar-con-Licencias-para-Todos-de-Oregon.png","contentUrl":"https:\/\/accesolatino.org\/wp-content\/uploads\/2020\/11\/Limitantes-para-viajar-con-Licencias-para-Todos-de-Oregon.png","width":600,"height":338,"caption":"licencias"},{"@type":"BreadcrumbList","@id":"https:\/\/accesolatino.org\/en\/limitantes-para-viajar-con-licencias-para-todos-de-oregon\/#breadcrumb","itemListElement":[{"@type":"ListItem","position":1,"name":"Portada","item":"https:\/\/accesolatino.org\/"},{"@type":"ListItem","position":2,"name":"Limitantes para viajar con &#8220;Licencias para Todos&#8221; de Oreg\u00f3n"}]},{"@type":"WebSite","@id":"https:\/\/accesolatino.org\/#website","url":"https:\/\/accesolatino.org\/","name":"Acceso Latino | Fundaci\u00f3n Carlos Slim","description":"Fundaci\u00f3n Carlos Slim","publisher":{"@id":"https:\/\/accesolatino.org\/#organization"},"potentialAction":[{"@type":"SearchAction","target":{"@type":"EntryPoint","urlTemplate":"https:\/\/accesolatino.org\/?s={search_term_string}"},"query-input":{"@type":"PropertyValueSpecification","valueRequired":true,"valueName":"search_term_string"}}],"inLanguage":"en-US"},{"@type":"Organization","@id":"https:\/\/accesolatino.org\/#organization","name":"Acceso Latino | Fundaci\u00f3n Carlos Slim","url":"https:\/\/accesolatino.org\/","logo":{"@type":"ImageObject","inLanguage":"en-US","@id":"https:\/\/accesolatino.org\/#\/schema\/logo\/image\/","url":"https:\/\/accesolatino.org\/wp-content\/uploads\/2021\/02\/logo-footer-acceso-latino.png","contentUrl":"https:\/\/accesolatino.org\/wp-content\/uploads\/2021\/02\/logo-footer-acceso-latino.png","width":240,"height":40,"caption":"Acceso Latino | Fundaci\u00f3n Carlos Slim"},"image":{"@id":"https:\/\/accesolatino.org\/#\/schema\/logo\/image\/"},"sameAs":["https:\/\/www.facebook.com\/AccesoLatinoOrg","https:\/\/x.com\/FAccLatino"]}]}},"_links":{"self":[{"href":"https:\/\/accesolatino.org\/en\/wp-json\/wp\/v2\/pages\/23602","targetHints":{"allow":["GET"]}}],"collection":[{"href":"https:\/\/accesolatino.org\/en\/wp-json\/wp\/v2\/pages"}],"about":[{"href":"https:\/\/accesolatino.org\/en\/wp-json\/wp\/v2\/types\/page"}],"author":[{"embeddable":true,"href":"https:\/\/accesolatino.org\/en\/wp-json\/wp\/v2\/users\/9"}],"replies":[{"embeddable":true,"href":"https:\/\/accesolatino.org\/en\/wp-json\/wp\/v2\/comments?post=23602"}],"version-history":[{"count":1,"href":"https:\/\/accesolatino.org\/en\/wp-json\/wp\/v2\/pages\/23602\/revisions"}],"predecessor-version":[{"id":60329,"href":"https:\/\/accesolatino.org\/en\/wp-json\/wp\/v2\/pages\/23602\/revisions\/60329"}],"wp:featuredmedia":[{"embeddable":true,"href":"https:\/\/accesolatino.org\/en\/wp-json\/wp\/v2\/media\/23604"}],"wp:attachment":[{"href":"https:\/\/accesolatino.org\/en\/wp-json\/wp\/v2\/media?parent=23602"}],"curies":[{"name":"wp","href":"https:\/\/api.w.org\/{rel}","templated":true}]}}