{"id":23579,"date":"2020-11-11T06:00:00","date_gmt":"2020-11-11T12:00:00","guid":{"rendered":"https:\/\/accesolatino.org\/?page_id=23579"},"modified":"2025-10-17T14:03:08","modified_gmt":"2025-10-17T20:03:08","slug":"encuentra-la-embajada-o-consulados-de-ecuador","status":"publish","type":"page","link":"https:\/\/accesolatino.org\/en\/encuentra-la-embajada-o-consulados-de-ecuador\/","title":{"rendered":"Find the Embassy or Consulate of Ecuador"},"content":{"rendered":"<div data-elementor-type=\"wp-post\" data-elementor-id=\"23579\" class=\"elementor elementor-23579\">\n\t\t\t\t\t\t<section class=\"elementor-section elementor-top-section elementor-element elementor-element-7737361 elementor-section-stretched elementor-section-boxed elementor-section-height-default elementor-section-height-default wpr-particle-no wpr-jarallax-no wpr-parallax-no wpr-sticky-section-no wpr-equal-height-no\" data-id=\"7737361\" data-element_type=\"section\" data-e-type=\"section\" data-settings=\"{&quot;stretch_section&quot;:&quot;section-stretched&quot;,&quot;background_background&quot;:&quot;classic&quot;}\">\n\t\t\t\t\t\t<div class=\"elementor-container elementor-column-gap-default\">\n\t\t\t\t\t<div class=\"elementor-column elementor-col-100 elementor-top-column elementor-element elementor-element-af028e6\" data-id=\"af028e6\" data-element_type=\"column\" data-e-type=\"column\">\n\t\t\t<div class=\"elementor-widget-wrap elementor-element-populated\">\n\t\t\t\t\t\t<div class=\"elementor-element elementor-element-ea0fd26 elementor-widget elementor-widget-heading\" data-id=\"ea0fd26\" data-element_type=\"widget\" data-e-type=\"widget\" data-widget_type=\"heading.default\">\n\t\t\t\t<div class=\"elementor-widget-container\">\n\t\t\t\t\t<h3 class=\"elementor-heading-title elementor-size-default\">Find the Embassy or Consulate of Ecuador\n<\/h3>\t\t\t\t<\/div>\n\t\t\t\t<\/div>\n\t\t\t\t<div class=\"elementor-element elementor-element-a44ce7c elementor-widget elementor-widget-text-editor\" data-id=\"a44ce7c\" data-element_type=\"widget\" data-e-type=\"widget\" data-widget_type=\"text-editor.default\">\n\t\t\t\t<div class=\"elementor-widget-container\">\n\t\t\t\t\t\t\t\t\t<p align=\"justify\"><span style=\"color: #0563c1;\"><u><a href=\"https:\/\/accesolatino.org\/en\/\"><span style=\"font-family: Arial, serif;\"><span style=\"font-size: medium;\">Acceso Latino<\/span><\/span><\/a><\/u><\/span><span style=\"font-family: Arial, serif;\"><span style=\"font-size: medium;\"> pone a tu disposici\u00f3n la Embajada y la lista de los Consulados de Ecuador para que sepas a d\u00f3nde acudir en caso de ser necesario.<\/span><\/span><\/p><p align=\"justify\"><span style=\"font-family: Arial, serif;\"><span style=\"font-size: medium;\">Encu\u00e9ntralos aqu\u00ed:<\/span><\/span><\/p><p align=\"justify\"><span style=\"font-family: Arial, serif;\"><span style=\"font-size: medium;\"><u>Embajada<\/u><\/span><\/span><span style=\"font-family: Arial, serif;\"><span style=\"font-size: medium;\">:<\/span><\/span><\/p><p align=\"justify\"><span style=\"font-family: Arial, serif;\"><span style=\"font-size: medium;\"><b>Washington, D.C.:<\/b><\/span><\/span><span style=\"font-family: Arial, serif;\"><span style=\"font-size: medium;\"> 2535 15th Street N.W.<\/span><\/span><\/p><p align=\"justify\"><span style=\"font-family: Arial, serif;\"><span style=\"font-size: medium;\">Tel\u00e9fono: 202 234 7200<\/span><\/span><\/p><p align=\"justify\"><span style=\"font-family: Arial, serif;\"><span style=\"font-size: medium;\"><u>Consulates<\/u><\/span><\/span><span style=\"font-family: Arial, serif;\"><span style=\"font-size: medium;\">:<\/span><\/span><\/p><p align=\"justify\"><span style=\"font-family: Arial, serif;\"><span style=\"font-size: medium;\"><b>Atlanta:<\/b><\/span><\/span><span style=\"font-family: Arial, serif;\"><span style=\"font-size: medium;\"> 3495 Piedmont Road N.E., edificio 12, Suite 403<\/span><\/span><\/p><p align=\"justify\"><span style=\"font-family: Arial, serif;\"><span style=\"font-size: medium;\">Tel\u00e9fono: 404 731 2163<\/span><\/span><\/p><p align=\"justify\"><span style=\"font-family: Arial, serif;\"><span style=\"font-size: medium;\"><b>Chicago:<\/b><\/span><\/span><span style=\"font-family: Arial, serif;\"><span style=\"font-size: medium;\"> 180 N. Wabash Avenue #400<\/span><\/span><\/p><p align=\"justify\"><span style=\"font-family: Arial, serif;\"><span style=\"font-size: medium;\">Tel\u00e9fono: 312 478 4505<\/span><\/span><\/p><p align=\"justify\"><span style=\"font-family: Arial, serif;\"><span style=\"font-size: medium;\"><b>New Haven, Connecticut:<\/b><\/span><\/span><span style=\"font-family: Arial, serif;\"><span style=\"font-size: medium;\"> 1 Church Street<\/span><\/span><\/p><p align=\"justify\"><span style=\"font-family: Arial, serif;\"><span style=\"font-size: medium;\">Tel\u00e9fono: 230 360 7546<\/span><\/span><\/p><p align=\"justify\"><span style=\"font-family: Arial, serif;\"><span style=\"font-size: medium;\"><b>Houston:<\/b><\/span><\/span><span style=\"font-family: Arial, serif;\"><span style=\"font-size: medium;\"> 2603 Augusta Drive #810 <\/span><\/span><\/p><p align=\"justify\"><span style=\"font-family: Arial, serif;\"><span style=\"font-size: medium;\">Tel\u00e9fono: 713 572 8731<\/span><\/span><\/p><p align=\"justify\"><span style=\"font-family: Arial, serif;\"><span style=\"font-size: medium;\"><b>Los \u00c1ngeles:<\/b><\/span><\/span><span style=\"font-family: Arial, serif;\"><span style=\"font-size: medium;\"> 3600 Wilshire Boulevard #1404<\/span><\/span><\/p><p align=\"justify\"><span style=\"font-family: Arial, serif;\"><span style=\"font-size: medium;\">Tel\u00e9fono: 323 943 3303<\/span><\/span><\/p><p align=\"justify\"><span style=\"font-family: Arial, serif;\"><span style=\"font-size: medium;\"><b>Minneapolis:<\/b><\/span><\/span><span style=\"font-family: Arial, serif;\"><span style=\"font-size: medium;\"> 2310 Central Avenue N.E.<\/span><\/span><\/p><p align=\"justify\"><span style=\"font-family: Arial, serif;\"><span style=\"font-size: medium;\">Tel\u00e9fono: 612 478 0388<\/span><\/span><\/p><p align=\"justify\"><span style=\"font-family: Arial, serif;\"><span style=\"font-size: medium;\"><b>Newark:<\/b><\/span><\/span><span style=\"font-family: Arial, serif;\"><span style=\"font-size: medium;\"> 400 Market Street, 4th Floor<\/span><\/span><\/p><p align=\"justify\"><span style=\"font-family: Arial, serif;\"><span style=\"font-size: medium;\">Tel\u00e9fono: 973 344 8852<\/span><\/span><\/p><p align=\"justify\"><span style=\"font-family: Arial, serif;\"><span style=\"font-size: medium;\"><b>Nueva York:<\/b><\/span><\/span><span style=\"font-family: Arial, serif;\"><span style=\"font-size: medium;\"> 800 2nd Avenue, 2th Floor<\/span><\/span><\/p><p align=\"justify\"><span style=\"font-family: Arial, serif;\"><span style=\"font-size: medium;\">Tel\u00e9fono: 212 808 0170<\/span><\/span><\/p><p align=\"justify\"><span style=\"font-family: Arial, serif;\"><span style=\"font-size: medium;\"><b>Phoenix:<\/b><\/span><\/span><span style=\"font-family: Arial, serif;\"><span style=\"font-size: medium;\"> 645 E. Missouri Avenue #132<\/span><\/span><\/p><p align=\"justify\"><span style=\"font-family: Arial, serif;\"><span style=\"font-size: medium;\">Tel\u00e9fonos: 979 739 2573 \/ 480 658 8657<\/span><\/span><\/p><p align=\"justify\"><span style=\"font-family: Arial, serif;\"><span style=\"font-size: medium;\"><b>Queens, Nueva York:<\/b><\/span><\/span><span style=\"font-family: Arial, serif;\"><span style=\"font-size: medium;\"> 24-15 Queens Plaza N. <\/span><\/span><\/p><p align=\"justify\"><span style=\"font-family: Arial, serif;\"><span style=\"font-size: medium;\">Tel\u00e9fono: 718 517 1571<\/span><\/span><\/p><p align=\"justify\"><span style=\"font-family: Arial, serif;\"><span style=\"font-size: medium;\"><b>Washington, D.C.:<\/b><\/span><\/span><span style=\"font-family: Arial, serif;\"><span style=\"font-size: medium;\"> 2535 15th Street N.W. <\/span><\/span><\/p><p align=\"justify\"><span style=\"font-family: Arial, serif;\"><span style=\"font-size: medium;\">Tel\u00e9fono: 202 234 7166<\/span><\/span><\/p><p align=\"justify\"><span style=\"font-family: Arial, serif;\"><span style=\"font-size: medium;\"><b>Miami:<\/b><\/span><\/span><span style=\"font-family: Arial, serif;\"><span style=\"font-size: medium;\"> 117 N.W., 42nd Avenue<\/span><\/span><\/p><p><span style=\"font-family: Arial, serif;\"><span style=\"font-size: medium;\">Tel\u00e9fonos: 786 237 2302 \/ 786 376 0875<\/span><\/span><\/p><p align=\"justify\"><span style=\"font-family: Arial, serif;\"><span style=\"font-size: medium;\"><u>Misi\u00f3n Permanente<\/u><\/span><\/span><span style=\"font-family: Arial, serif;\"><span style=\"font-size: medium;\">:<\/span><\/span><\/p><p align=\"justify\"><span style=\"font-family: Arial, serif;\"><span style=\"font-size: medium;\"><b>Nueva York:<\/b><\/span><\/span><span style=\"font-family: Arial, serif;\"><span style=\"font-size: medium;\"> 866 United Nations Plaza, Room 516<\/span><\/span><\/p><p align=\"justify\"><span style=\"font-family: Arial, serif;\"><span style=\"font-size: medium;\">Tel\u00e9fono: 212 935 1680 \/ 212 935 1835<\/span><\/span><\/p><p align=\"justify\"><span style=\"font-family: Arial, serif;\"><span style=\"font-size: medium;\">Para m\u00e1s informaci\u00f3n, contacta directamente a tu Embajada o Consulado.<\/span><\/span><\/p>\t\t\t\t\t\t\t\t<\/div>\n\t\t\t\t<\/div>\n\t\t\t\t<div class=\"elementor-element elementor-element-0731ba9 elementor-widget elementor-widget-spacer\" data-id=\"0731ba9\" data-element_type=\"widget\" data-e-type=\"widget\" data-widget_type=\"spacer.default\">\n\t\t\t\t<div class=\"elementor-widget-container\">\n\t\t\t\t\t\t\t<div class=\"elementor-spacer\">\n\t\t\t<div class=\"elementor-spacer-inner\"><\/div>\n\t\t<\/div>\n\t\t\t\t\t\t<\/div>\n\t\t\t\t<\/div>\n\t\t\t\t\t<\/div>\n\t\t<\/div>\n\t\t\t\t\t<\/div>\n\t\t<\/section>\n\t\t\t\t<\/div>","protected":false},"excerpt":{"rendered":"<p>Encuentra la Embajada o Consulados de Ecuador Acceso Latino pone a tu disposici\u00f3n la Embajada y la lista de los Consulados de Ecuador para que sepas a d\u00f3nde acudir en caso de ser necesario. Encu\u00e9ntralos aqu\u00ed: Embajada: Washington, D.C.: 2535 15th Street N.W. Tel\u00e9fono: 202 234 7200 Consulados: Atlanta: 3495 Piedmont Road N.E., edificio 12, Suite 403 Tel\u00e9fono: 404 731 2163 Chicago: 180 N. Wabash Avenue #400 Tel\u00e9fono: 312 478 4505 New Haven, Connecticut: 1 Church Street Tel\u00e9fono: 230 360 7546 Houston: 2603 Augusta Drive #810 Tel\u00e9fono: 713 572 8731 Los \u00c1ngeles: 3600 Wilshire Boulevard #1404 Tel\u00e9fono: 323 943 3303 Minneapolis: 2310 Central Avenue N.E. Tel\u00e9fono: 612 478 0388 Newark: 400 Market Street, 4th Floor Tel\u00e9fono: 973 344 8852 Nueva York: 800 2nd Avenue, 2th Floor Tel\u00e9fono: 212 808 0170 Phoenix: 645 E. Missouri Avenue #132 Tel\u00e9fonos: 979 739 2573 \/ 480 658 8657 Queens, Nueva York: 24-15 Queens Plaza N. Tel\u00e9fono: 718 517 1571 Washington, D.C.: 2535 15th Street N.W. Tel\u00e9fono: 202 234 7166 Miami: 117 N.W., 42nd Avenue Tel\u00e9fonos: 786 237 2302 \/ 786 376 0875 Misi\u00f3n Permanente: Nueva York: 866 United Nations Plaza, Room 516 Tel\u00e9fono: 212 935 1680 \/ 212 935 1835 Para m\u00e1s informaci\u00f3n, contacta directamente a tu Embajada o Consulado.<\/p>","protected":false},"author":8,"featured_media":23581,"parent":0,"menu_order":0,"comment_status":"closed","ping_status":"closed","template":"elementor_header_footer","meta":{"_uf_show_specific_survey":0,"_uf_disable_surveys":false,"footnotes":""},"class_list":["post-23579","page","type-page","status-publish","has-post-thumbnail"],"aioseo_notices":[],"yoast_head":"<!-- This site is optimized with the Yoast SEO plugin v27.4 - https:\/\/yoast.com\/product\/yoast-seo-wordpress\/ -->\n<title>Encuentra la Embajada o Consulados de Ecuador<\/title>\n<meta name=\"description\" content=\"Encuentra la Embajada o Consulados de Ecuador Acceso Latino pone a tu disposici\u00f3n la Embajada y la lista de los Consulados de Ecuador...\" \/>\n<meta name=\"robots\" content=\"index, follow, max-snippet:-1, max-image-preview:large, max-video-preview:-1\" \/>\n<link rel=\"canonical\" href=\"https:\/\/accesolatino.org\/en\/encuentra-la-embajada-o-consulados-de-ecuador\/\" \/>\n<meta property=\"og:locale\" content=\"en_US\" \/>\n<meta property=\"og:type\" content=\"article\" \/>\n<meta property=\"og:title\" content=\"Acceso Latino | Encuentra la Embajada o Consulados de Ecuador\" \/>\n<meta property=\"og:description\" content=\"Encuentra la Embajada o Consulados de Ecuador\" \/>\n<meta property=\"og:url\" content=\"https:\/\/accesolatino.org\/en\/encuentra-la-embajada-o-consulados-de-ecuador\/\" \/>\n<meta property=\"og:site_name\" content=\"Acceso Latino\" \/>\n<meta property=\"article:publisher\" content=\"https:\/\/www.facebook.com\/AccesoLatinoOrg\" \/>\n<meta property=\"article:modified_time\" content=\"2025-10-17T20:03:08+00:00\" \/>\n<meta property=\"og:image\" content=\"https:\/\/accesolatino.org\/wp-content\/uploads\/2020\/11\/Encuentra-la-Embajada-o-Consulados-de-Ecuador.png\" \/>\n\t<meta property=\"og:image:width\" content=\"600\" \/>\n\t<meta property=\"og:image:height\" content=\"338\" \/>\n\t<meta property=\"og:image:type\" content=\"image\/png\" \/>\n<meta name=\"twitter:card\" content=\"summary_large_image\" \/>\n<meta name=\"twitter:title\" content=\"Acceso Latino | Encuentra la Embajada o Consulados de Ecuador\" \/>\n<meta name=\"twitter:description\" content=\"Encuentra la Embajada o Consulados de Ecuador\" \/>\n<meta name=\"twitter:image\" content=\"https:\/\/accesolatino.org\/wp-content\/uploads\/2020\/11\/Encuentra-la-Embajada-o-Consulados-de-Ecuador.png\" \/>\n<meta name=\"twitter:site\" content=\"@FAccLatino\" \/>\n<meta name=\"twitter:label1\" content=\"Est. reading time\" \/>\n\t<meta name=\"twitter:data1\" content=\"2 minutes\" \/>\n<script type=\"application\/ld+json\" class=\"yoast-schema-graph\">{\"@context\":\"https:\\\/\\\/schema.org\",\"@graph\":[{\"@type\":\"WebPage\",\"@id\":\"https:\\\/\\\/accesolatino.org\\\/en\\\/encuentra-la-embajada-o-consulados-de-ecuador\\\/\",\"url\":\"https:\\\/\\\/accesolatino.org\\\/en\\\/encuentra-la-embajada-o-consulados-de-ecuador\\\/\",\"name\":\"Encuentra la Embajada o Consulados de Ecuador\",\"isPartOf\":{\"@id\":\"https:\\\/\\\/accesolatino.org\\\/#website\"},\"primaryImageOfPage\":{\"@id\":\"https:\\\/\\\/accesolatino.org\\\/en\\\/encuentra-la-embajada-o-consulados-de-ecuador\\\/#primaryimage\"},\"image\":{\"@id\":\"https:\\\/\\\/accesolatino.org\\\/en\\\/encuentra-la-embajada-o-consulados-de-ecuador\\\/#primaryimage\"},\"thumbnailUrl\":\"https:\\\/\\\/accesolatino.org\\\/wp-content\\\/uploads\\\/2020\\\/11\\\/Encuentra-la-Embajada-o-Consulados-de-Ecuador.png\",\"datePublished\":\"2020-11-11T12:00:00+00:00\",\"dateModified\":\"2025-10-17T20:03:08+00:00\",\"description\":\"Encuentra la Embajada o Consulados de Ecuador Acceso Latino pone a tu disposici\u00f3n la Embajada y la lista de los Consulados de Ecuador...\",\"breadcrumb\":{\"@id\":\"https:\\\/\\\/accesolatino.org\\\/en\\\/encuentra-la-embajada-o-consulados-de-ecuador\\\/#breadcrumb\"},\"inLanguage\":\"en-US\",\"potentialAction\":[{\"@type\":\"ReadAction\",\"target\":[\"https:\\\/\\\/accesolatino.org\\\/en\\\/encuentra-la-embajada-o-consulados-de-ecuador\\\/\"]}]},{\"@type\":\"ImageObject\",\"inLanguage\":\"en-US\",\"@id\":\"https:\\\/\\\/accesolatino.org\\\/en\\\/encuentra-la-embajada-o-consulados-de-ecuador\\\/#primaryimage\",\"url\":\"https:\\\/\\\/accesolatino.org\\\/wp-content\\\/uploads\\\/2020\\\/11\\\/Encuentra-la-Embajada-o-Consulados-de-Ecuador.png\",\"contentUrl\":\"https:\\\/\\\/accesolatino.org\\\/wp-content\\\/uploads\\\/2020\\\/11\\\/Encuentra-la-Embajada-o-Consulados-de-Ecuador.png\",\"width\":600,\"height\":338,\"caption\":\"embajada\"},{\"@type\":\"BreadcrumbList\",\"@id\":\"https:\\\/\\\/accesolatino.org\\\/en\\\/encuentra-la-embajada-o-consulados-de-ecuador\\\/#breadcrumb\",\"itemListElement\":[{\"@type\":\"ListItem\",\"position\":1,\"name\":\"Portada\",\"item\":\"https:\\\/\\\/accesolatino.org\\\/\"},{\"@type\":\"ListItem\",\"position\":2,\"name\":\"Encuentra la Embajada o Consulados de Ecuador\"}]},{\"@type\":\"WebSite\",\"@id\":\"https:\\\/\\\/accesolatino.org\\\/#website\",\"url\":\"https:\\\/\\\/accesolatino.org\\\/\",\"name\":\"Acceso Latino | Fundaci\u00f3n Carlos Slim\",\"description\":\"Fundaci\u00f3n Carlos Slim\",\"publisher\":{\"@id\":\"https:\\\/\\\/accesolatino.org\\\/#organization\"},\"potentialAction\":[{\"@type\":\"SearchAction\",\"target\":{\"@type\":\"EntryPoint\",\"urlTemplate\":\"https:\\\/\\\/accesolatino.org\\\/?s={search_term_string}\"},\"query-input\":{\"@type\":\"PropertyValueSpecification\",\"valueRequired\":true,\"valueName\":\"search_term_string\"}}],\"inLanguage\":\"en-US\"},{\"@type\":\"Organization\",\"@id\":\"https:\\\/\\\/accesolatino.org\\\/#organization\",\"name\":\"Acceso Latino | Fundaci\u00f3n Carlos Slim\",\"url\":\"https:\\\/\\\/accesolatino.org\\\/\",\"logo\":{\"@type\":\"ImageObject\",\"inLanguage\":\"en-US\",\"@id\":\"https:\\\/\\\/accesolatino.org\\\/#\\\/schema\\\/logo\\\/image\\\/\",\"url\":\"https:\\\/\\\/accesolatino.org\\\/wp-content\\\/uploads\\\/2021\\\/02\\\/logo-footer-acceso-latino.png\",\"contentUrl\":\"https:\\\/\\\/accesolatino.org\\\/wp-content\\\/uploads\\\/2021\\\/02\\\/logo-footer-acceso-latino.png\",\"width\":240,\"height\":40,\"caption\":\"Acceso Latino | Fundaci\u00f3n Carlos Slim\"},\"image\":{\"@id\":\"https:\\\/\\\/accesolatino.org\\\/#\\\/schema\\\/logo\\\/image\\\/\"},\"sameAs\":[\"https:\\\/\\\/www.facebook.com\\\/AccesoLatinoOrg\",\"https:\\\/\\\/x.com\\\/FAccLatino\"]}]}<\/script>\n<!-- \/ Yoast SEO plugin. -->","yoast_head_json":{"title":"Find the Embassy or Consulate of Ecuador","description":"Encuentra la Embajada o Consulados de Ecuador Acceso Latino pone a tu disposici\u00f3n la Embajada y la lista de los Consulados de Ecuador...","robots":{"index":"index","follow":"follow","max-snippet":"max-snippet:-1","max-image-preview":"max-image-preview:large","max-video-preview":"max-video-preview:-1"},"canonical":"https:\/\/accesolatino.org\/en\/encuentra-la-embajada-o-consulados-de-ecuador\/","og_locale":"en_US","og_type":"article","og_title":"Acceso Latino | Encuentra la Embajada o Consulados de Ecuador","og_description":"Encuentra la Embajada o Consulados de Ecuador","og_url":"https:\/\/accesolatino.org\/en\/encuentra-la-embajada-o-consulados-de-ecuador\/","og_site_name":"Acceso Latino","article_publisher":"https:\/\/www.facebook.com\/AccesoLatinoOrg","article_modified_time":"2025-10-17T20:03:08+00:00","og_image":[{"width":600,"height":338,"url":"https:\/\/accesolatino.org\/wp-content\/uploads\/2020\/11\/Encuentra-la-Embajada-o-Consulados-de-Ecuador.png","type":"image\/png"}],"twitter_card":"summary_large_image","twitter_title":"Acceso Latino | Encuentra la Embajada o Consulados de Ecuador","twitter_description":"Encuentra la Embajada o Consulados de Ecuador","twitter_image":"https:\/\/accesolatino.org\/wp-content\/uploads\/2020\/11\/Encuentra-la-Embajada-o-Consulados-de-Ecuador.png","twitter_site":"@FAccLatino","twitter_misc":{"Est. reading time":"2 minutes"},"schema":{"@context":"https:\/\/schema.org","@graph":[{"@type":"WebPage","@id":"https:\/\/accesolatino.org\/en\/encuentra-la-embajada-o-consulados-de-ecuador\/","url":"https:\/\/accesolatino.org\/en\/encuentra-la-embajada-o-consulados-de-ecuador\/","name":"Find the Embassy or Consulate of Ecuador","isPartOf":{"@id":"https:\/\/accesolatino.org\/#website"},"primaryImageOfPage":{"@id":"https:\/\/accesolatino.org\/en\/encuentra-la-embajada-o-consulados-de-ecuador\/#primaryimage"},"image":{"@id":"https:\/\/accesolatino.org\/en\/encuentra-la-embajada-o-consulados-de-ecuador\/#primaryimage"},"thumbnailUrl":"https:\/\/accesolatino.org\/wp-content\/uploads\/2020\/11\/Encuentra-la-Embajada-o-Consulados-de-Ecuador.png","datePublished":"2020-11-11T12:00:00+00:00","dateModified":"2025-10-17T20:03:08+00:00","description":"Encuentra la Embajada o Consulados de Ecuador Acceso Latino pone a tu disposici\u00f3n la Embajada y la lista de los Consulados de Ecuador...","breadcrumb":{"@id":"https:\/\/accesolatino.org\/en\/encuentra-la-embajada-o-consulados-de-ecuador\/#breadcrumb"},"inLanguage":"en-US","potentialAction":[{"@type":"ReadAction","target":["https:\/\/accesolatino.org\/en\/encuentra-la-embajada-o-consulados-de-ecuador\/"]}]},{"@type":"ImageObject","inLanguage":"en-US","@id":"https:\/\/accesolatino.org\/en\/encuentra-la-embajada-o-consulados-de-ecuador\/#primaryimage","url":"https:\/\/accesolatino.org\/wp-content\/uploads\/2020\/11\/Encuentra-la-Embajada-o-Consulados-de-Ecuador.png","contentUrl":"https:\/\/accesolatino.org\/wp-content\/uploads\/2020\/11\/Encuentra-la-Embajada-o-Consulados-de-Ecuador.png","width":600,"height":338,"caption":"embajada"},{"@type":"BreadcrumbList","@id":"https:\/\/accesolatino.org\/en\/encuentra-la-embajada-o-consulados-de-ecuador\/#breadcrumb","itemListElement":[{"@type":"ListItem","position":1,"name":"Portada","item":"https:\/\/accesolatino.org\/"},{"@type":"ListItem","position":2,"name":"Encuentra la Embajada o Consulados de Ecuador"}]},{"@type":"WebSite","@id":"https:\/\/accesolatino.org\/#website","url":"https:\/\/accesolatino.org\/","name":"Acceso Latino | Fundaci\u00f3n Carlos Slim","description":"Fundaci\u00f3n Carlos Slim","publisher":{"@id":"https:\/\/accesolatino.org\/#organization"},"potentialAction":[{"@type":"SearchAction","target":{"@type":"EntryPoint","urlTemplate":"https:\/\/accesolatino.org\/?s={search_term_string}"},"query-input":{"@type":"PropertyValueSpecification","valueRequired":true,"valueName":"search_term_string"}}],"inLanguage":"en-US"},{"@type":"Organization","@id":"https:\/\/accesolatino.org\/#organization","name":"Acceso Latino | Fundaci\u00f3n Carlos Slim","url":"https:\/\/accesolatino.org\/","logo":{"@type":"ImageObject","inLanguage":"en-US","@id":"https:\/\/accesolatino.org\/#\/schema\/logo\/image\/","url":"https:\/\/accesolatino.org\/wp-content\/uploads\/2021\/02\/logo-footer-acceso-latino.png","contentUrl":"https:\/\/accesolatino.org\/wp-content\/uploads\/2021\/02\/logo-footer-acceso-latino.png","width":240,"height":40,"caption":"Acceso Latino | Fundaci\u00f3n Carlos Slim"},"image":{"@id":"https:\/\/accesolatino.org\/#\/schema\/logo\/image\/"},"sameAs":["https:\/\/www.facebook.com\/AccesoLatinoOrg","https:\/\/x.com\/FAccLatino"]}]}},"_links":{"self":[{"href":"https:\/\/accesolatino.org\/en\/wp-json\/wp\/v2\/pages\/23579","targetHints":{"allow":["GET"]}}],"collection":[{"href":"https:\/\/accesolatino.org\/en\/wp-json\/wp\/v2\/pages"}],"about":[{"href":"https:\/\/accesolatino.org\/en\/wp-json\/wp\/v2\/types\/page"}],"author":[{"embeddable":true,"href":"https:\/\/accesolatino.org\/en\/wp-json\/wp\/v2\/users\/8"}],"replies":[{"embeddable":true,"href":"https:\/\/accesolatino.org\/en\/wp-json\/wp\/v2\/comments?post=23579"}],"version-history":[{"count":1,"href":"https:\/\/accesolatino.org\/en\/wp-json\/wp\/v2\/pages\/23579\/revisions"}],"predecessor-version":[{"id":64213,"href":"https:\/\/accesolatino.org\/en\/wp-json\/wp\/v2\/pages\/23579\/revisions\/64213"}],"wp:featuredmedia":[{"embeddable":true,"href":"https:\/\/accesolatino.org\/en\/wp-json\/wp\/v2\/media\/23581"}],"wp:attachment":[{"href":"https:\/\/accesolatino.org\/en\/wp-json\/wp\/v2\/media?parent=23579"}],"curies":[{"name":"wp","href":"https:\/\/api.w.org\/{rel}","templated":true}]}}