{"id":23555,"date":"2020-11-10T06:00:36","date_gmt":"2020-11-10T12:00:36","guid":{"rendered":"https:\/\/accesolatino.org\/?page_id=23555"},"modified":"2025-10-16T19:26:08","modified_gmt":"2025-10-17T01:26:08","slug":"cursos-gratuitos-en-aprende-org","status":"publish","type":"page","link":"https:\/\/accesolatino.org\/en\/cursos-gratuitos-en-aprende-org\/","title":{"rendered":"Free courses on Aprende.org"},"content":{"rendered":"<div data-elementor-type=\"wp-post\" data-elementor-id=\"23555\" class=\"elementor elementor-23555\">\n\t\t\t\t\t\t<section class=\"elementor-section elementor-top-section elementor-element elementor-element-2b4907f elementor-section-full_width elementor-section-height-min-height elementor-section-items-stretch elementor-section-height-default wpr-particle-no wpr-jarallax-no wpr-parallax-no wpr-sticky-section-no wpr-equal-height-no\" data-id=\"2b4907f\" data-element_type=\"section\" data-e-type=\"section\" data-settings=\"{&quot;background_background&quot;:&quot;classic&quot;}\">\n\t\t\t\t\t\t<div class=\"elementor-container elementor-column-gap-no\">\n\t\t\t\t\t<div class=\"elementor-column elementor-col-100 elementor-top-column elementor-element elementor-element-ad868e9\" data-id=\"ad868e9\" data-element_type=\"column\" data-e-type=\"column\">\n\t\t\t<div class=\"elementor-widget-wrap elementor-element-populated\">\n\t\t\t\t\t\t<div class=\"elementor-element elementor-element-7df4eff elementor--h-position-center elementor--v-position-middle elementor-widget elementor-widget-slides\" data-id=\"7df4eff\" data-element_type=\"widget\" data-e-type=\"widget\" data-settings=\"{&quot;navigation&quot;:&quot;none&quot;,&quot;infinite&quot;:&quot;yes&quot;,&quot;transition&quot;:&quot;slide&quot;,&quot;transition_speed&quot;:500}\" data-widget_type=\"slides.default\">\n\t\t\t\t<div class=\"elementor-widget-container\">\n\t\t\t\t\t\t\t<div class=\"elementor-swiper\">\n\t\t\t<div class=\"elementor-slides-wrapper elementor-main-swiper swiper-container\" dir=\"ltr\" data-animation=\"\">\n\t\t\t\t<div class=\"swiper-wrapper elementor-slides\">\n\t\t\t\t\t\t\t\t\t\t<div class=\"elementor-repeater-item-d983a28 swiper-slide\"><div class=\"swiper-slide-bg\"><\/div><div class=\"swiper-slide-inner\" ><div class=\"swiper-slide-contents\"><div class=\"elementor-slide-heading\">Education<\/div><\/div><\/div><\/div>\t\t\t\t<\/div>\n\t\t\t\t\t\t\t<\/div>\n\t\t<\/div>\n\t\t\t\t\t\t<\/div>\n\t\t\t\t<\/div>\n\t\t\t\t\t<\/div>\n\t\t<\/div>\n\t\t\t\t\t<\/div>\n\t\t<\/section>\n\t\t\t\t<section class=\"elementor-section elementor-top-section elementor-element elementor-element-5176307 elementor-section-stretched elementor-section-boxed elementor-section-height-default elementor-section-height-default wpr-particle-no wpr-jarallax-no wpr-parallax-no wpr-sticky-section-no wpr-equal-height-no\" data-id=\"5176307\" data-element_type=\"section\" data-e-type=\"section\" data-settings=\"{&quot;stretch_section&quot;:&quot;section-stretched&quot;,&quot;background_background&quot;:&quot;classic&quot;}\">\n\t\t\t\t\t\t<div class=\"elementor-container elementor-column-gap-default\">\n\t\t\t\t\t<div class=\"elementor-column elementor-col-100 elementor-top-column elementor-element elementor-element-c01a82c\" data-id=\"c01a82c\" data-element_type=\"column\" data-e-type=\"column\">\n\t\t\t<div class=\"elementor-widget-wrap elementor-element-populated\">\n\t\t\t\t\t\t<div class=\"elementor-element elementor-element-ed8716f elementor-widget elementor-widget-heading\" data-id=\"ed8716f\" data-element_type=\"widget\" data-e-type=\"widget\" data-widget_type=\"heading.default\">\n\t\t\t\t<div class=\"elementor-widget-container\">\n\t\t\t\t\t<h3 class=\"elementor-heading-title elementor-size-default\">Free courses on Aprende.org<\/h3>\t\t\t\t<\/div>\n\t\t\t\t<\/div>\n\t\t\t\t<div class=\"elementor-element elementor-element-3497363 elementor-widget elementor-widget-text-editor\" data-id=\"3497363\" data-element_type=\"widget\" data-e-type=\"widget\" data-widget_type=\"text-editor.default\">\n\t\t\t\t<div class=\"elementor-widget-container\">\n\t\t\t\t\t\t\t\t\tDebido a la pandemia, <a href=\"https:\/\/aprende.org\/\">Aprende.org<\/a> pone a tu disposici\u00f3n cursos gratuitos en su plataforma educativa. Puedes ingresar directamente a su p\u00e1gina o descargar la aplicaci\u00f3n que se encuentra en la p\u00e1gina de inicio de <a href=\"https:\/\/accesolatino.org\/en\/\"> Acceso Latino<\/a><br><br>Certif\u00edcate en los siguientes cursos:<\/span><\/span><\/p>\n\n<ul>\n \t<li><b>Atr\u00e9vete a saber:<\/b> podcasts y videos en los que descubrir\u00e1s historia, el derecho y la justicia, \u00bfqu\u00e9 hubieras hecho t\u00fa? y el contexto de la coyuntura, de la mano de expertos en la materia, para que desarrolles tu capacidad de racionamiento moral.<\/li>\n \t<li><b>Formaci\u00f3n humana:<\/b> en los m\u00f3dulos Constructor de paz y Facilitador ASUME, conocer\u00e1s c\u00f3mo la paz nos hace mejores personas, y de esta manera podemos crear mejores sociedades, al igual que ayudarnos en sensibilizarnos personal, familiar, laboral y socialmente.<\/li>\n \t<li><b>Habilidades digitales:<\/b> si eres fan de la tecnolog\u00eda, en este apartado podr\u00e1s ser el creador de gifs, tu propio videoblog o podcast, al igual que de una app, o si apenas est\u00e1s conociendo el internet, en Digital\u00edzate te explican c\u00f3mo puedes perderle el miedo. <\/li>\n \t<li><b>Medio ambiente:<\/b> si amas la naturaleza y quieres preservarla, pero no sabes c\u00f3mo empezar, en esta secci\u00f3n te explicar\u00e1n c\u00f3mo cosechar y cultivar el agua, instalar paneles solares o techos verdes, entre muchos otros temas interesantes para que aportes tu granito de arena.<\/li>\n \t<li><b>Aprende idiomas:<\/b> por medio de la app LearnMatch (disponible tanto en la App Store como en Google Play), tendr\u00e1s la posibilidad de hablar el idioma que tanto has querido saber, y te permitir\u00e1 expresarte tanto de manera oral como escrita.<\/li>\n<\/ul>\nSi quieres conocer m\u00e1s cursos que ofrece Aprende.org, no dudes en entrar a su p\u00e1gina.<br><br>\n*Fuente: UnoTV\t\t\t\t\t\t\t\t<\/div>\n\t\t\t\t<\/div>\n\t\t\t\t<div class=\"elementor-element elementor-element-59e9e10 elementor-widget elementor-widget-spacer\" data-id=\"59e9e10\" data-element_type=\"widget\" data-e-type=\"widget\" data-widget_type=\"spacer.default\">\n\t\t\t\t<div class=\"elementor-widget-container\">\n\t\t\t\t\t\t\t<div class=\"elementor-spacer\">\n\t\t\t<div class=\"elementor-spacer-inner\"><\/div>\n\t\t<\/div>\n\t\t\t\t\t\t<\/div>\n\t\t\t\t<\/div>\n\t\t\t\t\t<\/div>\n\t\t<\/div>\n\t\t\t\t\t<\/div>\n\t\t<\/section>\n\t\t\t\t<\/div>","protected":false},"excerpt":{"rendered":"<p>Educaci\u00f3n Cursos gratuitos en Aprende.org Debido a la pandemia, Aprende.org pone a tu disposici\u00f3n cursos gratuitos en su plataforma educativa. Puedes ingresar directamente a su p\u00e1gina o descargar la aplicaci\u00f3n que se encuentra en la p\u00e1gina de inicio de Acceso Latino Certif\u00edcate en los siguientes cursos: Atr\u00e9vete a saber: podcasts y videos en los que descubrir\u00e1s historia, el derecho y la justicia, \u00bfqu\u00e9 hubieras hecho t\u00fa? y el contexto de la coyuntura, de la mano de expertos en la materia, para que desarrolles tu capacidad de racionamiento moral. Formaci\u00f3n humana: en los m\u00f3dulos Constructor de paz y Facilitador ASUME, conocer\u00e1s c\u00f3mo la paz nos hace mejores personas, y de esta manera podemos crear mejores sociedades, al igual que ayudarnos en sensibilizarnos personal, familiar, laboral y socialmente. Habilidades digitales: si eres fan de la tecnolog\u00eda, en este apartado podr\u00e1s ser el creador de gifs, tu propio videoblog o podcast, al igual que de una app, o si apenas est\u00e1s conociendo el internet, en Digital\u00edzate te explican c\u00f3mo puedes perderle el miedo. Medio ambiente: si amas la naturaleza y quieres preservarla, pero no sabes c\u00f3mo empezar, en esta secci\u00f3n te explicar\u00e1n c\u00f3mo cosechar y cultivar el agua, instalar paneles solares o techos verdes, entre muchos otros temas interesantes para que aportes tu granito de arena. Aprende idiomas: por medio de la app LearnMatch (disponible tanto en la App Store como en Google Play), tendr\u00e1s la posibilidad de hablar el idioma que tanto has querido saber, y te permitir\u00e1 expresarte tanto de manera oral como escrita. Si quieres conocer m\u00e1s cursos que ofrece Aprende.org, no dudes en entrar a su p\u00e1gina. *Fuente: UnoTV<\/p>","protected":false},"author":7,"featured_media":23557,"parent":0,"menu_order":0,"comment_status":"closed","ping_status":"closed","template":"elementor_header_footer","meta":{"_uf_show_specific_survey":0,"_uf_disable_surveys":false,"footnotes":""},"class_list":["post-23555","page","type-page","status-publish","has-post-thumbnail"],"aioseo_notices":[],"yoast_head":"<!-- This site is optimized with the Yoast SEO plugin v27.5 - https:\/\/yoast.com\/product\/yoast-seo-wordpress\/ -->\n<title>Cursos gratuitos en Aprende.org<\/title>\n<meta name=\"description\" content=\"Cursos gratuitos en\u00a0Aprende.org\u00a0Debido a la pandemia,\u00a0Aprende.org\u00a0pone a tu disposici\u00f3n cursos gratuitos en su plataforma educativa.\" \/>\n<meta name=\"robots\" content=\"index, follow, max-snippet:-1, max-image-preview:large, max-video-preview:-1\" \/>\n<link rel=\"canonical\" href=\"https:\/\/accesolatino.org\/en\/cursos-gratuitos-en-aprende-org\/\" \/>\n<meta property=\"og:locale\" content=\"en_US\" \/>\n<meta property=\"og:type\" content=\"article\" \/>\n<meta property=\"og:title\" content=\"Acceso Latino | Cursos gratuitos en Aprende.org\" \/>\n<meta property=\"og:description\" content=\"Cursos gratuitos en Aprende.org\" \/>\n<meta property=\"og:url\" content=\"https:\/\/accesolatino.org\/en\/cursos-gratuitos-en-aprende-org\/\" \/>\n<meta property=\"og:site_name\" content=\"Acceso Latino\" \/>\n<meta property=\"article:publisher\" content=\"https:\/\/www.facebook.com\/AccesoLatinoOrg\" \/>\n<meta property=\"article:modified_time\" content=\"2025-10-17T01:26:08+00:00\" \/>\n<meta property=\"og:image\" content=\"https:\/\/accesolatino.org\/wp-content\/uploads\/2020\/11\/Cursos-gratuitos-en-Aprende.org_.png\" \/>\n\t<meta property=\"og:image:width\" content=\"600\" \/>\n\t<meta property=\"og:image:height\" content=\"338\" \/>\n\t<meta property=\"og:image:type\" content=\"image\/png\" \/>\n<meta name=\"twitter:card\" content=\"summary_large_image\" \/>\n<meta name=\"twitter:title\" content=\"Acceso Latino | Cursos gratuitos en Aprende.org\" \/>\n<meta name=\"twitter:description\" content=\"Cursos gratuitos en Aprende.org\" \/>\n<meta name=\"twitter:image\" content=\"https:\/\/accesolatino.org\/wp-content\/uploads\/2020\/11\/Cursos-gratuitos-en-Aprende.org_.png\" \/>\n<meta name=\"twitter:site\" content=\"@FAccLatino\" \/>\n<meta name=\"twitter:label1\" content=\"Est. reading time\" \/>\n\t<meta name=\"twitter:data1\" content=\"2 minutes\" \/>\n<script type=\"application\/ld+json\" class=\"yoast-schema-graph\">{\"@context\":\"https:\\\/\\\/schema.org\",\"@graph\":[{\"@type\":\"WebPage\",\"@id\":\"https:\\\/\\\/accesolatino.org\\\/cursos-gratuitos-en-aprende-org\\\/\",\"url\":\"https:\\\/\\\/accesolatino.org\\\/cursos-gratuitos-en-aprende-org\\\/\",\"name\":\"Cursos gratuitos en Aprende.org\",\"isPartOf\":{\"@id\":\"https:\\\/\\\/accesolatino.org\\\/#website\"},\"primaryImageOfPage\":{\"@id\":\"https:\\\/\\\/accesolatino.org\\\/cursos-gratuitos-en-aprende-org\\\/#primaryimage\"},\"image\":{\"@id\":\"https:\\\/\\\/accesolatino.org\\\/cursos-gratuitos-en-aprende-org\\\/#primaryimage\"},\"thumbnailUrl\":\"https:\\\/\\\/accesolatino.org\\\/wp-content\\\/uploads\\\/2020\\\/11\\\/Cursos-gratuitos-en-Aprende.org_.png\",\"datePublished\":\"2020-11-10T12:00:36+00:00\",\"dateModified\":\"2025-10-17T01:26:08+00:00\",\"description\":\"Cursos gratuitos en\u00a0Aprende.org\u00a0Debido a la pandemia,\u00a0Aprende.org\u00a0pone a tu disposici\u00f3n cursos gratuitos en su plataforma educativa.\",\"breadcrumb\":{\"@id\":\"https:\\\/\\\/accesolatino.org\\\/cursos-gratuitos-en-aprende-org\\\/#breadcrumb\"},\"inLanguage\":\"en-US\",\"potentialAction\":[{\"@type\":\"ReadAction\",\"target\":[\"https:\\\/\\\/accesolatino.org\\\/cursos-gratuitos-en-aprende-org\\\/\"]}]},{\"@type\":\"ImageObject\",\"inLanguage\":\"en-US\",\"@id\":\"https:\\\/\\\/accesolatino.org\\\/cursos-gratuitos-en-aprende-org\\\/#primaryimage\",\"url\":\"https:\\\/\\\/accesolatino.org\\\/wp-content\\\/uploads\\\/2020\\\/11\\\/Cursos-gratuitos-en-Aprende.org_.png\",\"contentUrl\":\"https:\\\/\\\/accesolatino.org\\\/wp-content\\\/uploads\\\/2020\\\/11\\\/Cursos-gratuitos-en-Aprende.org_.png\",\"width\":600,\"height\":338,\"caption\":\"aprende.org\"},{\"@type\":\"BreadcrumbList\",\"@id\":\"https:\\\/\\\/accesolatino.org\\\/cursos-gratuitos-en-aprende-org\\\/#breadcrumb\",\"itemListElement\":[{\"@type\":\"ListItem\",\"position\":1,\"name\":\"Portada\",\"item\":\"https:\\\/\\\/accesolatino.org\\\/\"},{\"@type\":\"ListItem\",\"position\":2,\"name\":\"Cursos gratuitos en Aprende.org\"}]},{\"@type\":\"WebSite\",\"@id\":\"https:\\\/\\\/accesolatino.org\\\/#website\",\"url\":\"https:\\\/\\\/accesolatino.org\\\/\",\"name\":\"Acceso Latino | Fundaci\u00f3n Carlos Slim\",\"description\":\"Fundaci\u00f3n Carlos Slim\",\"publisher\":{\"@id\":\"https:\\\/\\\/accesolatino.org\\\/#organization\"},\"potentialAction\":[{\"@type\":\"SearchAction\",\"target\":{\"@type\":\"EntryPoint\",\"urlTemplate\":\"https:\\\/\\\/accesolatino.org\\\/?s={search_term_string}\"},\"query-input\":{\"@type\":\"PropertyValueSpecification\",\"valueRequired\":true,\"valueName\":\"search_term_string\"}}],\"inLanguage\":\"en-US\"},{\"@type\":\"Organization\",\"@id\":\"https:\\\/\\\/accesolatino.org\\\/#organization\",\"name\":\"Acceso Latino | Fundaci\u00f3n Carlos Slim\",\"url\":\"https:\\\/\\\/accesolatino.org\\\/\",\"logo\":{\"@type\":\"ImageObject\",\"inLanguage\":\"en-US\",\"@id\":\"https:\\\/\\\/accesolatino.org\\\/#\\\/schema\\\/logo\\\/image\\\/\",\"url\":\"https:\\\/\\\/accesolatino.org\\\/wp-content\\\/uploads\\\/2021\\\/02\\\/logo-footer-acceso-latino.png\",\"contentUrl\":\"https:\\\/\\\/accesolatino.org\\\/wp-content\\\/uploads\\\/2021\\\/02\\\/logo-footer-acceso-latino.png\",\"width\":240,\"height\":40,\"caption\":\"Acceso Latino | Fundaci\u00f3n Carlos Slim\"},\"image\":{\"@id\":\"https:\\\/\\\/accesolatino.org\\\/#\\\/schema\\\/logo\\\/image\\\/\"},\"sameAs\":[\"https:\\\/\\\/www.facebook.com\\\/AccesoLatinoOrg\",\"https:\\\/\\\/x.com\\\/FAccLatino\"]}]}<\/script>\n<!-- \/ Yoast SEO plugin. -->","yoast_head_json":{"title":"Free courses on Aprende.org","description":"Cursos gratuitos en\u00a0Aprende.org\u00a0Debido a la pandemia,\u00a0Aprende.org\u00a0pone a tu disposici\u00f3n cursos gratuitos en su plataforma educativa.","robots":{"index":"index","follow":"follow","max-snippet":"max-snippet:-1","max-image-preview":"max-image-preview:large","max-video-preview":"max-video-preview:-1"},"canonical":"https:\/\/accesolatino.org\/en\/cursos-gratuitos-en-aprende-org\/","og_locale":"en_US","og_type":"article","og_title":"Acceso Latino | Cursos gratuitos en Aprende.org","og_description":"Cursos gratuitos en Aprende.org","og_url":"https:\/\/accesolatino.org\/en\/cursos-gratuitos-en-aprende-org\/","og_site_name":"Acceso Latino","article_publisher":"https:\/\/www.facebook.com\/AccesoLatinoOrg","article_modified_time":"2025-10-17T01:26:08+00:00","og_image":[{"width":600,"height":338,"url":"https:\/\/accesolatino.org\/wp-content\/uploads\/2020\/11\/Cursos-gratuitos-en-Aprende.org_.png","type":"image\/png"}],"twitter_card":"summary_large_image","twitter_title":"Acceso Latino | Cursos gratuitos en Aprende.org","twitter_description":"Cursos gratuitos en Aprende.org","twitter_image":"https:\/\/accesolatino.org\/wp-content\/uploads\/2020\/11\/Cursos-gratuitos-en-Aprende.org_.png","twitter_site":"@FAccLatino","twitter_misc":{"Est. reading time":"2 minutes"},"schema":{"@context":"https:\/\/schema.org","@graph":[{"@type":"WebPage","@id":"https:\/\/accesolatino.org\/cursos-gratuitos-en-aprende-org\/","url":"https:\/\/accesolatino.org\/cursos-gratuitos-en-aprende-org\/","name":"Free courses on Aprende.org","isPartOf":{"@id":"https:\/\/accesolatino.org\/#website"},"primaryImageOfPage":{"@id":"https:\/\/accesolatino.org\/cursos-gratuitos-en-aprende-org\/#primaryimage"},"image":{"@id":"https:\/\/accesolatino.org\/cursos-gratuitos-en-aprende-org\/#primaryimage"},"thumbnailUrl":"https:\/\/accesolatino.org\/wp-content\/uploads\/2020\/11\/Cursos-gratuitos-en-Aprende.org_.png","datePublished":"2020-11-10T12:00:36+00:00","dateModified":"2025-10-17T01:26:08+00:00","description":"Cursos gratuitos en\u00a0Aprende.org\u00a0Debido a la pandemia,\u00a0Aprende.org\u00a0pone a tu disposici\u00f3n cursos gratuitos en su plataforma educativa.","breadcrumb":{"@id":"https:\/\/accesolatino.org\/cursos-gratuitos-en-aprende-org\/#breadcrumb"},"inLanguage":"en-US","potentialAction":[{"@type":"ReadAction","target":["https:\/\/accesolatino.org\/cursos-gratuitos-en-aprende-org\/"]}]},{"@type":"ImageObject","inLanguage":"en-US","@id":"https:\/\/accesolatino.org\/cursos-gratuitos-en-aprende-org\/#primaryimage","url":"https:\/\/accesolatino.org\/wp-content\/uploads\/2020\/11\/Cursos-gratuitos-en-Aprende.org_.png","contentUrl":"https:\/\/accesolatino.org\/wp-content\/uploads\/2020\/11\/Cursos-gratuitos-en-Aprende.org_.png","width":600,"height":338,"caption":"aprende.org"},{"@type":"BreadcrumbList","@id":"https:\/\/accesolatino.org\/cursos-gratuitos-en-aprende-org\/#breadcrumb","itemListElement":[{"@type":"ListItem","position":1,"name":"Portada","item":"https:\/\/accesolatino.org\/"},{"@type":"ListItem","position":2,"name":"Cursos gratuitos en Aprende.org"}]},{"@type":"WebSite","@id":"https:\/\/accesolatino.org\/#website","url":"https:\/\/accesolatino.org\/","name":"Acceso Latino | Fundaci\u00f3n Carlos Slim","description":"Fundaci\u00f3n Carlos Slim","publisher":{"@id":"https:\/\/accesolatino.org\/#organization"},"potentialAction":[{"@type":"SearchAction","target":{"@type":"EntryPoint","urlTemplate":"https:\/\/accesolatino.org\/?s={search_term_string}"},"query-input":{"@type":"PropertyValueSpecification","valueRequired":true,"valueName":"search_term_string"}}],"inLanguage":"en-US"},{"@type":"Organization","@id":"https:\/\/accesolatino.org\/#organization","name":"Acceso Latino | Fundaci\u00f3n Carlos Slim","url":"https:\/\/accesolatino.org\/","logo":{"@type":"ImageObject","inLanguage":"en-US","@id":"https:\/\/accesolatino.org\/#\/schema\/logo\/image\/","url":"https:\/\/accesolatino.org\/wp-content\/uploads\/2021\/02\/logo-footer-acceso-latino.png","contentUrl":"https:\/\/accesolatino.org\/wp-content\/uploads\/2021\/02\/logo-footer-acceso-latino.png","width":240,"height":40,"caption":"Acceso Latino | Fundaci\u00f3n Carlos Slim"},"image":{"@id":"https:\/\/accesolatino.org\/#\/schema\/logo\/image\/"},"sameAs":["https:\/\/www.facebook.com\/AccesoLatinoOrg","https:\/\/x.com\/FAccLatino"]}]}},"_links":{"self":[{"href":"https:\/\/accesolatino.org\/en\/wp-json\/wp\/v2\/pages\/23555","targetHints":{"allow":["GET"]}}],"collection":[{"href":"https:\/\/accesolatino.org\/en\/wp-json\/wp\/v2\/pages"}],"about":[{"href":"https:\/\/accesolatino.org\/en\/wp-json\/wp\/v2\/types\/page"}],"author":[{"embeddable":true,"href":"https:\/\/accesolatino.org\/en\/wp-json\/wp\/v2\/users\/7"}],"replies":[{"embeddable":true,"href":"https:\/\/accesolatino.org\/en\/wp-json\/wp\/v2\/comments?post=23555"}],"version-history":[{"count":1,"href":"https:\/\/accesolatino.org\/en\/wp-json\/wp\/v2\/pages\/23555\/revisions"}],"predecessor-version":[{"id":64195,"href":"https:\/\/accesolatino.org\/en\/wp-json\/wp\/v2\/pages\/23555\/revisions\/64195"}],"wp:featuredmedia":[{"embeddable":true,"href":"https:\/\/accesolatino.org\/en\/wp-json\/wp\/v2\/media\/23557"}],"wp:attachment":[{"href":"https:\/\/accesolatino.org\/en\/wp-json\/wp\/v2\/media?parent=23555"}],"curies":[{"name":"wp","href":"https:\/\/api.w.org\/{rel}","templated":true}]}}