{"id":23531,"date":"2020-11-09T06:00:00","date_gmt":"2020-11-09T12:00:00","guid":{"rendered":"https:\/\/accesolatino.org\/?page_id=23531"},"modified":"2025-10-17T15:39:11","modified_gmt":"2025-10-17T21:39:11","slug":"nuevo-requisito-para-solicitar-carta-de-asilo","status":"publish","type":"page","link":"https:\/\/accesolatino.org\/en\/nuevo-requisito-para-solicitar-carta-de-asilo\/","title":{"rendered":"New requirement to apply for an asylum letter"},"content":{"rendered":"<div data-elementor-type=\"wp-post\" data-elementor-id=\"23531\" class=\"elementor elementor-23531\">\n\t\t\t\t\t\t<section class=\"elementor-section elementor-top-section elementor-element elementor-element-7744fa4 elementor-section-full_width elementor-section-height-min-height elementor-section-items-stretch elementor-section-height-default wpr-particle-no wpr-jarallax-no wpr-parallax-no wpr-sticky-section-no wpr-equal-height-no\" data-id=\"7744fa4\" data-element_type=\"section\" data-e-type=\"section\" data-settings=\"{&quot;background_background&quot;:&quot;classic&quot;}\">\n\t\t\t\t\t\t<div class=\"elementor-container elementor-column-gap-no\">\n\t\t\t\t\t<div class=\"elementor-column elementor-col-100 elementor-top-column elementor-element elementor-element-2290da3\" data-id=\"2290da3\" data-element_type=\"column\" data-e-type=\"column\">\n\t\t\t<div class=\"elementor-widget-wrap elementor-element-populated\">\n\t\t\t\t\t\t<div class=\"elementor-element elementor-element-1664fa8 elementor--h-position-center elementor--v-position-middle elementor-widget elementor-widget-slides\" data-id=\"1664fa8\" data-element_type=\"widget\" data-e-type=\"widget\" data-settings=\"{&quot;navigation&quot;:&quot;none&quot;,&quot;infinite&quot;:&quot;yes&quot;,&quot;transition&quot;:&quot;slide&quot;,&quot;transition_speed&quot;:500}\" data-widget_type=\"slides.default\">\n\t\t\t\t<div class=\"elementor-widget-container\">\n\t\t\t\t\t\t\t<div class=\"elementor-swiper\">\n\t\t\t<div class=\"elementor-slides-wrapper elementor-main-swiper swiper-container\" dir=\"ltr\" data-animation=\"\">\n\t\t\t\t<div class=\"swiper-wrapper elementor-slides\">\n\t\t\t\t\t\t\t\t\t\t<div class=\"elementor-repeater-item-d983a28 swiper-slide\"><div class=\"swiper-slide-bg\"><\/div><div class=\"swiper-slide-inner\" ><div class=\"swiper-slide-contents\"><div class=\"elementor-slide-heading\">Legal Guidance<\/div><\/div><\/div><\/div>\t\t\t\t<\/div>\n\t\t\t\t\t\t\t<\/div>\n\t\t<\/div>\n\t\t\t\t\t\t<\/div>\n\t\t\t\t<\/div>\n\t\t\t\t\t<\/div>\n\t\t<\/div>\n\t\t\t\t\t<\/div>\n\t\t<\/section>\n\t\t\t\t<section class=\"elementor-section elementor-top-section elementor-element elementor-element-ad5269d elementor-section-stretched elementor-section-boxed elementor-section-height-default elementor-section-height-default wpr-particle-no wpr-jarallax-no wpr-parallax-no wpr-sticky-section-no wpr-equal-height-no\" data-id=\"ad5269d\" data-element_type=\"section\" data-e-type=\"section\" data-settings=\"{&quot;stretch_section&quot;:&quot;section-stretched&quot;,&quot;background_background&quot;:&quot;classic&quot;}\">\n\t\t\t\t\t\t<div class=\"elementor-container elementor-column-gap-default\">\n\t\t\t\t\t<div class=\"elementor-column elementor-col-100 elementor-top-column elementor-element elementor-element-672b911\" data-id=\"672b911\" data-element_type=\"column\" data-e-type=\"column\">\n\t\t\t<div class=\"elementor-widget-wrap elementor-element-populated\">\n\t\t\t\t\t\t<div class=\"elementor-element elementor-element-c1d9881 elementor-widget elementor-widget-heading\" data-id=\"c1d9881\" data-element_type=\"widget\" data-e-type=\"widget\" data-widget_type=\"heading.default\">\n\t\t\t\t<div class=\"elementor-widget-container\">\n\t\t\t\t\t<h3 class=\"elementor-heading-title elementor-size-default\">New requirement to apply for an asylum letter<\/h3>\t\t\t\t<\/div>\n\t\t\t\t<\/div>\n\t\t\t\t<div class=\"elementor-element elementor-element-6b79cd9 elementor-widget elementor-widget-text-editor\" data-id=\"6b79cd9\" data-element_type=\"widget\" data-e-type=\"widget\" data-widget_type=\"text-editor.default\">\n\t\t\t\t<div class=\"elementor-widget-container\">\n\t\t\t\t\t\t\t\t\t<b>Acceso Latino<\/b> te explica sobre este nuevo requisito para solicitar una carta de asilo a USCIS (Servicio de Inmigraci\u00f3n y Ciudadan\u00eda). Si requieres de m\u00e1s ayuda, recuerda que siempre puedes contar con abogados prestigiosos tanto de pago como gratuitos, disponibles en la secci\u00f3n <\/br><\/br><a href=\"https:\/\/accesolatino.org\/en\/orientacion-legal\/\">Legal Guidance<\/a><\/u>.<\/br><\/br>\nCuando llenes el <a href=\"https:\/\/www.uscis.gov\/es\/i-589\">Formulario I-589<\/a> sobre Solicitud de Asilo y Suspensi\u00f3n de Remoci\u00f3n, ahora <b>deber\u00e1s adjuntar una carta detallando por qu\u00e9 quieres este beneficio<\/b>. Debes ser muy convincente, y por eso es conveniente que cuentes con asesor\u00eda legal, porque de lo contrario posiblemente cancelen tu solicitud y te deporten. <\/br><\/br>\nEsta orden entr\u00f3 en vigor el pasado lunes y asegura que las oficinas de asilo \u201cya no aceptar\u00e1n la presentaci\u00f3n del Formulario I-589\u201d, sino que ahora deber\u00e1n presentarse en el nuevo Centro de Verificaci\u00f3n de Asilo ubicado en Atlanta, Georgia. <\/br><\/br>\nEn esta lista, detallamos los solicitantes de asilo que deben cumplir con este nuevo requisito:\n<ul>\n \t<li><b>Aquellos que perdieron el estatus despu\u00e9s de la aprobaci\u00f3n de asilo, pero antes del ajuste del estatus Nunc Pro Tunc:<\/b> si eres un asilado derivado y no puedes ajustar tu estatus a residente legal, tienes la opci\u00f3n de enviar un nuevo Formulario I-589, incluyendo informaci\u00f3n sobre tu formulario anterior y explicando que lo est\u00e1s presentando de forma independiente como principal solicitante. <\/li>\n \t<li><b>Aquellos que perdieron el estatus despu\u00e9s de presentaci\u00f3n inicial, pero antes de la \u00faltima decisi\u00f3n:<\/b> si te retiraste del Formulario I-589 del principal como dependiente, o si lo perdiste por matrimonio, divorcio o muerte del solicitante principal, entonces ahora puedes presentar t\u00fa uno como solicitante principal. En la carta debe incluir informaci\u00f3n del formulario anterior y explicar que ahora lo presentas de forma independiente como principal solicitante.<\/li>\n \t<li><b>Aquellos que presentaron a la vez una petici\u00f3n como solicitante principal y como solicitante derivado:<\/b><\/span><\/span><span style=\"font-family: Arial, serif;\"><span style=\"font-size: medium;\"> si ya tienes un Formulario I-589 pendiente como solicitante derivado, puedes presentar otro formulario como solicitante principal. En la carta debe venir informaci\u00f3n sobre cualquiera de los formularios y exponer que ahora est\u00e1s presentando la solicitud de forma independiente.<\/li>\n \t<li><b>Aquellos que manifestaron una Acci\u00f3n Final por parte de USCIS en un Formulario I-589:<\/b> si recibiste una denegaci\u00f3n, un aviso de desestimaci\u00f3n o retiraste tu Formulario I-589 con USCIS, y no est\u00e1 en procedimientos de la corte de migraci\u00f3n, entonces puedes presentar un nuevo formulario.<\/li>\n \t<li><b>Aquellos cuyos casos est\u00e1n en un tribunal de inmigraci\u00f3n en proceso<\/b>, y cree que USCIS pueda tener jurisdicci\u00f3n en tu Formulario I-589.<\/li>\n \t<li><b>Aquellos cuyos casos no est\u00e9n enumerados, pero tienen el consentimiento de la Oficina de Asilo o del jefe de la Divisi\u00f3n de Asilo:<\/b> el centro no aceptar\u00e1 el Formulario I-589 si no hay informaci\u00f3n al respecto. <\/li>\n<\/ul>\nEsta regla afecta a los asilos afirmativos y a los defensivos.<\/br><\/br>\nFuente: Univisi\u00f3n Noticias\t\t\t\t\t\t\t\t<\/ul><\/ul><\/div>\n\t\t\t\t<\/div>\n\t\t\t\t<div class=\"elementor-element elementor-element-d0be4af elementor-widget elementor-widget-spacer\" data-id=\"d0be4af\" data-element_type=\"widget\" data-e-type=\"widget\" data-widget_type=\"spacer.default\">\n\t\t\t\t<div class=\"elementor-widget-container\">\n\t\t\t\t\t\t\t<div class=\"elementor-spacer\">\n\t\t\t<div class=\"elementor-spacer-inner\"><\/div>\n\t\t<\/div>\n\t\t\t\t\t\t<\/div>\n\t\t\t\t<\/div>\n\t\t\t\t\t<\/div>\n\t\t<\/div>\n\t\t\t\t\t<\/div>\n\t\t<\/section>\n\t\t\t\t<\/div>","protected":false},"excerpt":{"rendered":"<p>Orientaci\u00f3n Legal Nuevo requisito para solicitar carta de asilo Acceso Latino te explica sobre este nuevo requisito para solicitar una carta de asilo a USCIS (Servicio de Inmigraci\u00f3n y Ciudadan\u00eda). Si requieres de m\u00e1s ayuda, recuerda que siempre puedes contar con abogados prestigiosos tanto de pago como gratuitos, disponibles en la secci\u00f3n Orientaci\u00f3n Legal. Cuando llenes el Formulario I-589 sobre Solicitud de Asilo y Suspensi\u00f3n de Remoci\u00f3n, ahora deber\u00e1s adjuntar una carta detallando por qu\u00e9 quieres este beneficio. Debes ser muy convincente, y por eso es conveniente que cuentes con asesor\u00eda legal, porque de lo contrario posiblemente cancelen tu solicitud y te deporten. Esta orden entr\u00f3 en vigor el pasado lunes y asegura que las oficinas de asilo \u201cya no aceptar\u00e1n la presentaci\u00f3n del Formulario I-589\u201d, sino que ahora deber\u00e1n presentarse en el nuevo Centro de Verificaci\u00f3n de Asilo ubicado en Atlanta, Georgia. En esta lista, detallamos los solicitantes de asilo que deben cumplir con este nuevo requisito: Aquellos que perdieron el estatus despu\u00e9s de la aprobaci\u00f3n de asilo, pero antes del ajuste del estatus Nunc Pro Tunc: si eres un asilado derivado y no puedes ajustar tu estatus a residente legal, tienes la opci\u00f3n de enviar un nuevo Formulario I-589, incluyendo informaci\u00f3n sobre tu formulario anterior y explicando que lo est\u00e1s presentando de forma independiente como principal solicitante. Aquellos que perdieron el estatus despu\u00e9s de presentaci\u00f3n inicial, pero antes de la \u00faltima decisi\u00f3n: si te retiraste del Formulario I-589 del principal como dependiente, o si lo perdiste por matrimonio, divorcio o muerte del solicitante principal, entonces ahora puedes presentar t\u00fa uno como solicitante principal. En la carta debe incluir informaci\u00f3n del formulario anterior y explicar que ahora lo presentas de forma independiente como principal solicitante. Aquellos que presentaron a la vez una petici\u00f3n como solicitante principal y como solicitante derivado: si ya tienes un Formulario I-589 pendiente como solicitante derivado, puedes presentar otro formulario como solicitante principal. En la carta debe venir informaci\u00f3n sobre cualquiera de los formularios y exponer que ahora est\u00e1s presentando la solicitud de forma independiente. Aquellos que manifestaron una Acci\u00f3n Final por parte de USCIS en un Formulario I-589: si recibiste una denegaci\u00f3n, un aviso de desestimaci\u00f3n o retiraste tu Formulario I-589 con USCIS, y no est\u00e1 en procedimientos de la corte de migraci\u00f3n, entonces puedes presentar un nuevo formulario. Aquellos cuyos casos est\u00e1n en un tribunal de inmigraci\u00f3n en proceso, y cree que USCIS pueda tener jurisdicci\u00f3n en tu Formulario I-589. Aquellos cuyos casos no est\u00e9n enumerados, pero tienen el consentimiento de la Oficina de Asilo o del jefe de la Divisi\u00f3n de Asilo: el centro no aceptar\u00e1 el Formulario I-589 si no hay informaci\u00f3n al respecto. Esta regla afecta a los asilos afirmativos y a los defensivos. Fuente: Univisi\u00f3n Noticias<\/p>","protected":false},"author":8,"featured_media":23533,"parent":0,"menu_order":0,"comment_status":"closed","ping_status":"closed","template":"elementor_header_footer","meta":{"_uf_show_specific_survey":0,"_uf_disable_surveys":false,"footnotes":""},"class_list":["post-23531","page","type-page","status-publish","has-post-thumbnail"],"aioseo_notices":[],"yoast_head":"<!-- This site is optimized with the Yoast SEO plugin v27.4 - https:\/\/yoast.com\/product\/yoast-seo-wordpress\/ -->\n<title>Nuevo requisito para solicitar carta de asilo<\/title>\n<meta name=\"description\" content=\"Orientaci\u00f3n Lega:l Nuevo requisito para solicitar carta de\u00a0asilo\u00a0Acceso Latino te explica sobre este nuevo requisito para solicitar una...\" \/>\n<meta name=\"robots\" content=\"index, follow, max-snippet:-1, max-image-preview:large, max-video-preview:-1\" \/>\n<link rel=\"canonical\" href=\"https:\/\/accesolatino.org\/en\/nuevo-requisito-para-solicitar-carta-de-asilo\/\" \/>\n<meta property=\"og:locale\" content=\"en_US\" \/>\n<meta property=\"og:type\" content=\"article\" \/>\n<meta property=\"og:title\" content=\"Acceso Latino | Nuevo requisito para solicitar carta de asilo\" \/>\n<meta property=\"og:description\" content=\"Nuevo requisito para solicitar carta de asilo\" \/>\n<meta property=\"og:url\" content=\"https:\/\/accesolatino.org\/en\/nuevo-requisito-para-solicitar-carta-de-asilo\/\" \/>\n<meta property=\"og:site_name\" content=\"Acceso Latino\" \/>\n<meta property=\"article:publisher\" content=\"https:\/\/www.facebook.com\/AccesoLatinoOrg\" \/>\n<meta property=\"article:modified_time\" content=\"2025-10-17T21:39:11+00:00\" \/>\n<meta property=\"og:image\" content=\"https:\/\/accesolatino.org\/wp-content\/uploads\/2020\/11\/Nuevo-requisito-para-solicitar-carta-de-asilo.png\" \/>\n\t<meta property=\"og:image:width\" content=\"600\" \/>\n\t<meta property=\"og:image:height\" content=\"338\" \/>\n\t<meta property=\"og:image:type\" content=\"image\/png\" \/>\n<meta name=\"twitter:card\" content=\"summary_large_image\" \/>\n<meta name=\"twitter:title\" content=\"Acceso Latino | Nuevo requisito para solicitar carta de asilo\" \/>\n<meta name=\"twitter:description\" content=\"Nuevo requisito para solicitar carta de asilo\" \/>\n<meta name=\"twitter:image\" content=\"https:\/\/accesolatino.org\/wp-content\/uploads\/2020\/11\/Nuevo-requisito-para-solicitar-carta-de-asilo.png\" \/>\n<meta name=\"twitter:site\" content=\"@FAccLatino\" \/>\n<meta name=\"twitter:label1\" content=\"Est. reading time\" \/>\n\t<meta name=\"twitter:data1\" content=\"3 minutes\" \/>\n<script type=\"application\/ld+json\" class=\"yoast-schema-graph\">{\"@context\":\"https:\\\/\\\/schema.org\",\"@graph\":[{\"@type\":\"WebPage\",\"@id\":\"https:\\\/\\\/accesolatino.org\\\/en\\\/nuevo-requisito-para-solicitar-carta-de-asilo\\\/\",\"url\":\"https:\\\/\\\/accesolatino.org\\\/en\\\/nuevo-requisito-para-solicitar-carta-de-asilo\\\/\",\"name\":\"Nuevo requisito para solicitar carta de asilo\",\"isPartOf\":{\"@id\":\"https:\\\/\\\/accesolatino.org\\\/#website\"},\"primaryImageOfPage\":{\"@id\":\"https:\\\/\\\/accesolatino.org\\\/en\\\/nuevo-requisito-para-solicitar-carta-de-asilo\\\/#primaryimage\"},\"image\":{\"@id\":\"https:\\\/\\\/accesolatino.org\\\/en\\\/nuevo-requisito-para-solicitar-carta-de-asilo\\\/#primaryimage\"},\"thumbnailUrl\":\"https:\\\/\\\/accesolatino.org\\\/wp-content\\\/uploads\\\/2020\\\/11\\\/Nuevo-requisito-para-solicitar-carta-de-asilo.png\",\"datePublished\":\"2020-11-09T12:00:00+00:00\",\"dateModified\":\"2025-10-17T21:39:11+00:00\",\"description\":\"Orientaci\u00f3n Lega:l Nuevo requisito para solicitar carta de\u00a0asilo\u00a0Acceso Latino te explica sobre este nuevo requisito para solicitar una...\",\"breadcrumb\":{\"@id\":\"https:\\\/\\\/accesolatino.org\\\/en\\\/nuevo-requisito-para-solicitar-carta-de-asilo\\\/#breadcrumb\"},\"inLanguage\":\"en-US\",\"potentialAction\":[{\"@type\":\"ReadAction\",\"target\":[\"https:\\\/\\\/accesolatino.org\\\/en\\\/nuevo-requisito-para-solicitar-carta-de-asilo\\\/\"]}]},{\"@type\":\"ImageObject\",\"inLanguage\":\"en-US\",\"@id\":\"https:\\\/\\\/accesolatino.org\\\/en\\\/nuevo-requisito-para-solicitar-carta-de-asilo\\\/#primaryimage\",\"url\":\"https:\\\/\\\/accesolatino.org\\\/wp-content\\\/uploads\\\/2020\\\/11\\\/Nuevo-requisito-para-solicitar-carta-de-asilo.png\",\"contentUrl\":\"https:\\\/\\\/accesolatino.org\\\/wp-content\\\/uploads\\\/2020\\\/11\\\/Nuevo-requisito-para-solicitar-carta-de-asilo.png\",\"width\":600,\"height\":338},{\"@type\":\"BreadcrumbList\",\"@id\":\"https:\\\/\\\/accesolatino.org\\\/en\\\/nuevo-requisito-para-solicitar-carta-de-asilo\\\/#breadcrumb\",\"itemListElement\":[{\"@type\":\"ListItem\",\"position\":1,\"name\":\"Portada\",\"item\":\"https:\\\/\\\/accesolatino.org\\\/\"},{\"@type\":\"ListItem\",\"position\":2,\"name\":\"Nuevo requisito para solicitar carta de asilo\"}]},{\"@type\":\"WebSite\",\"@id\":\"https:\\\/\\\/accesolatino.org\\\/#website\",\"url\":\"https:\\\/\\\/accesolatino.org\\\/\",\"name\":\"Acceso Latino | Fundaci\u00f3n Carlos Slim\",\"description\":\"Fundaci\u00f3n Carlos Slim\",\"publisher\":{\"@id\":\"https:\\\/\\\/accesolatino.org\\\/#organization\"},\"potentialAction\":[{\"@type\":\"SearchAction\",\"target\":{\"@type\":\"EntryPoint\",\"urlTemplate\":\"https:\\\/\\\/accesolatino.org\\\/?s={search_term_string}\"},\"query-input\":{\"@type\":\"PropertyValueSpecification\",\"valueRequired\":true,\"valueName\":\"search_term_string\"}}],\"inLanguage\":\"en-US\"},{\"@type\":\"Organization\",\"@id\":\"https:\\\/\\\/accesolatino.org\\\/#organization\",\"name\":\"Acceso Latino | Fundaci\u00f3n Carlos Slim\",\"url\":\"https:\\\/\\\/accesolatino.org\\\/\",\"logo\":{\"@type\":\"ImageObject\",\"inLanguage\":\"en-US\",\"@id\":\"https:\\\/\\\/accesolatino.org\\\/#\\\/schema\\\/logo\\\/image\\\/\",\"url\":\"https:\\\/\\\/accesolatino.org\\\/wp-content\\\/uploads\\\/2021\\\/02\\\/logo-footer-acceso-latino.png\",\"contentUrl\":\"https:\\\/\\\/accesolatino.org\\\/wp-content\\\/uploads\\\/2021\\\/02\\\/logo-footer-acceso-latino.png\",\"width\":240,\"height\":40,\"caption\":\"Acceso Latino | Fundaci\u00f3n Carlos Slim\"},\"image\":{\"@id\":\"https:\\\/\\\/accesolatino.org\\\/#\\\/schema\\\/logo\\\/image\\\/\"},\"sameAs\":[\"https:\\\/\\\/www.facebook.com\\\/AccesoLatinoOrg\",\"https:\\\/\\\/x.com\\\/FAccLatino\"]}]}<\/script>\n<!-- \/ Yoast SEO plugin. -->","yoast_head_json":{"title":"New requirement to apply for an asylum letter","description":"Orientaci\u00f3n Lega:l Nuevo requisito para solicitar carta de\u00a0asilo\u00a0Acceso Latino te explica sobre este nuevo requisito para solicitar una...","robots":{"index":"index","follow":"follow","max-snippet":"max-snippet:-1","max-image-preview":"max-image-preview:large","max-video-preview":"max-video-preview:-1"},"canonical":"https:\/\/accesolatino.org\/en\/nuevo-requisito-para-solicitar-carta-de-asilo\/","og_locale":"en_US","og_type":"article","og_title":"Acceso Latino | Nuevo requisito para solicitar carta de asilo","og_description":"Nuevo requisito para solicitar carta de asilo","og_url":"https:\/\/accesolatino.org\/en\/nuevo-requisito-para-solicitar-carta-de-asilo\/","og_site_name":"Acceso Latino","article_publisher":"https:\/\/www.facebook.com\/AccesoLatinoOrg","article_modified_time":"2025-10-17T21:39:11+00:00","og_image":[{"width":600,"height":338,"url":"https:\/\/accesolatino.org\/wp-content\/uploads\/2020\/11\/Nuevo-requisito-para-solicitar-carta-de-asilo.png","type":"image\/png"}],"twitter_card":"summary_large_image","twitter_title":"Acceso Latino | Nuevo requisito para solicitar carta de asilo","twitter_description":"Nuevo requisito para solicitar carta de asilo","twitter_image":"https:\/\/accesolatino.org\/wp-content\/uploads\/2020\/11\/Nuevo-requisito-para-solicitar-carta-de-asilo.png","twitter_site":"@FAccLatino","twitter_misc":{"Est. reading time":"3 minutes"},"schema":{"@context":"https:\/\/schema.org","@graph":[{"@type":"WebPage","@id":"https:\/\/accesolatino.org\/en\/nuevo-requisito-para-solicitar-carta-de-asilo\/","url":"https:\/\/accesolatino.org\/en\/nuevo-requisito-para-solicitar-carta-de-asilo\/","name":"New requirement to apply for an asylum letter","isPartOf":{"@id":"https:\/\/accesolatino.org\/#website"},"primaryImageOfPage":{"@id":"https:\/\/accesolatino.org\/en\/nuevo-requisito-para-solicitar-carta-de-asilo\/#primaryimage"},"image":{"@id":"https:\/\/accesolatino.org\/en\/nuevo-requisito-para-solicitar-carta-de-asilo\/#primaryimage"},"thumbnailUrl":"https:\/\/accesolatino.org\/wp-content\/uploads\/2020\/11\/Nuevo-requisito-para-solicitar-carta-de-asilo.png","datePublished":"2020-11-09T12:00:00+00:00","dateModified":"2025-10-17T21:39:11+00:00","description":"Orientaci\u00f3n Lega:l Nuevo requisito para solicitar carta de\u00a0asilo\u00a0Acceso Latino te explica sobre este nuevo requisito para solicitar una...","breadcrumb":{"@id":"https:\/\/accesolatino.org\/en\/nuevo-requisito-para-solicitar-carta-de-asilo\/#breadcrumb"},"inLanguage":"en-US","potentialAction":[{"@type":"ReadAction","target":["https:\/\/accesolatino.org\/en\/nuevo-requisito-para-solicitar-carta-de-asilo\/"]}]},{"@type":"ImageObject","inLanguage":"en-US","@id":"https:\/\/accesolatino.org\/en\/nuevo-requisito-para-solicitar-carta-de-asilo\/#primaryimage","url":"https:\/\/accesolatino.org\/wp-content\/uploads\/2020\/11\/Nuevo-requisito-para-solicitar-carta-de-asilo.png","contentUrl":"https:\/\/accesolatino.org\/wp-content\/uploads\/2020\/11\/Nuevo-requisito-para-solicitar-carta-de-asilo.png","width":600,"height":338},{"@type":"BreadcrumbList","@id":"https:\/\/accesolatino.org\/en\/nuevo-requisito-para-solicitar-carta-de-asilo\/#breadcrumb","itemListElement":[{"@type":"ListItem","position":1,"name":"Portada","item":"https:\/\/accesolatino.org\/"},{"@type":"ListItem","position":2,"name":"Nuevo requisito para solicitar carta de asilo"}]},{"@type":"WebSite","@id":"https:\/\/accesolatino.org\/#website","url":"https:\/\/accesolatino.org\/","name":"Acceso Latino | Fundaci\u00f3n Carlos Slim","description":"Fundaci\u00f3n Carlos Slim","publisher":{"@id":"https:\/\/accesolatino.org\/#organization"},"potentialAction":[{"@type":"SearchAction","target":{"@type":"EntryPoint","urlTemplate":"https:\/\/accesolatino.org\/?s={search_term_string}"},"query-input":{"@type":"PropertyValueSpecification","valueRequired":true,"valueName":"search_term_string"}}],"inLanguage":"en-US"},{"@type":"Organization","@id":"https:\/\/accesolatino.org\/#organization","name":"Acceso Latino | Fundaci\u00f3n Carlos Slim","url":"https:\/\/accesolatino.org\/","logo":{"@type":"ImageObject","inLanguage":"en-US","@id":"https:\/\/accesolatino.org\/#\/schema\/logo\/image\/","url":"https:\/\/accesolatino.org\/wp-content\/uploads\/2021\/02\/logo-footer-acceso-latino.png","contentUrl":"https:\/\/accesolatino.org\/wp-content\/uploads\/2021\/02\/logo-footer-acceso-latino.png","width":240,"height":40,"caption":"Acceso Latino | Fundaci\u00f3n Carlos Slim"},"image":{"@id":"https:\/\/accesolatino.org\/#\/schema\/logo\/image\/"},"sameAs":["https:\/\/www.facebook.com\/AccesoLatinoOrg","https:\/\/x.com\/FAccLatino"]}]}},"_links":{"self":[{"href":"https:\/\/accesolatino.org\/en\/wp-json\/wp\/v2\/pages\/23531","targetHints":{"allow":["GET"]}}],"collection":[{"href":"https:\/\/accesolatino.org\/en\/wp-json\/wp\/v2\/pages"}],"about":[{"href":"https:\/\/accesolatino.org\/en\/wp-json\/wp\/v2\/types\/page"}],"author":[{"embeddable":true,"href":"https:\/\/accesolatino.org\/en\/wp-json\/wp\/v2\/users\/8"}],"replies":[{"embeddable":true,"href":"https:\/\/accesolatino.org\/en\/wp-json\/wp\/v2\/comments?post=23531"}],"version-history":[{"count":1,"href":"https:\/\/accesolatino.org\/en\/wp-json\/wp\/v2\/pages\/23531\/revisions"}],"predecessor-version":[{"id":60347,"href":"https:\/\/accesolatino.org\/en\/wp-json\/wp\/v2\/pages\/23531\/revisions\/60347"}],"wp:featuredmedia":[{"embeddable":true,"href":"https:\/\/accesolatino.org\/en\/wp-json\/wp\/v2\/media\/23533"}],"wp:attachment":[{"href":"https:\/\/accesolatino.org\/en\/wp-json\/wp\/v2\/media?parent=23531"}],"curies":[{"name":"wp","href":"https:\/\/api.w.org\/{rel}","templated":true}]}}