{"id":23491,"date":"2020-11-05T06:00:00","date_gmt":"2020-11-05T12:00:00","guid":{"rendered":"https:\/\/accesolatino.org\/?page_id=23491"},"modified":"2025-10-17T13:58:28","modified_gmt":"2025-10-17T19:58:28","slug":"encuentra-la-embajada-o-consulados-de-costa-rica","status":"publish","type":"page","link":"https:\/\/accesolatino.org\/en\/encuentra-la-embajada-o-consulados-de-costa-rica\/","title":{"rendered":"Find Costa Rican Embassy or Consulate in Costa Rica"},"content":{"rendered":"<div data-elementor-type=\"wp-post\" data-elementor-id=\"23491\" class=\"elementor elementor-23491\">\n\t\t\t\t\t\t<section class=\"elementor-section elementor-top-section elementor-element elementor-element-046ab9a elementor-section-stretched elementor-section-boxed elementor-section-height-default elementor-section-height-default wpr-particle-no wpr-jarallax-no wpr-parallax-no wpr-sticky-section-no wpr-equal-height-no\" data-id=\"046ab9a\" data-element_type=\"section\" data-e-type=\"section\" data-settings=\"{&quot;stretch_section&quot;:&quot;section-stretched&quot;,&quot;background_background&quot;:&quot;classic&quot;}\">\n\t\t\t\t\t\t<div class=\"elementor-container elementor-column-gap-default\">\n\t\t\t\t\t<div class=\"elementor-column elementor-col-100 elementor-top-column elementor-element elementor-element-566e6cd\" data-id=\"566e6cd\" data-element_type=\"column\" data-e-type=\"column\">\n\t\t\t<div class=\"elementor-widget-wrap elementor-element-populated\">\n\t\t\t\t\t\t<div class=\"elementor-element elementor-element-4fffaa3 elementor-widget elementor-widget-heading\" data-id=\"4fffaa3\" data-element_type=\"widget\" data-e-type=\"widget\" data-widget_type=\"heading.default\">\n\t\t\t\t<div class=\"elementor-widget-container\">\n\t\t\t\t\t<h3 class=\"elementor-heading-title elementor-size-default\">Find Costa Rican Embassy or Consulate in Costa Rica<\/h3>\t\t\t\t<\/div>\n\t\t\t\t<\/div>\n\t\t\t\t<div class=\"elementor-element elementor-element-edb743e elementor-widget elementor-widget-text-editor\" data-id=\"edb743e\" data-element_type=\"widget\" data-e-type=\"widget\" data-widget_type=\"text-editor.default\">\n\t\t\t\t<div class=\"elementor-widget-container\">\n\t\t\t\t\t\t\t\t\t<p align=\"justify\"><span style=\"color: #0563c1;\"><u><a href=\"https:\/\/accesolatino.org\/en\/\"><span style=\"font-family: Arial, serif;\"><span style=\"font-size: medium;\">Acceso Latino<\/span><\/span><\/a><\/u><\/span><span style=\"font-family: Arial, serif;\"><span style=\"font-size: medium;\"> pone a tu disposici\u00f3n la Embajada y la lista de los Consulados de Costa Rica para que sepas a d\u00f3nde acudir en caso de ser necesario.<\/span><\/span><\/p><p align=\"justify\"><span style=\"font-family: Arial, serif;\"><span style=\"font-size: medium;\">Encu\u00e9ntralos aqu\u00ed:<\/span><\/span><\/p><p align=\"justify\"><span style=\"font-family: Arial, serif;\"><span style=\"font-size: medium;\"><u>Embajada<\/u><\/span><\/span><span style=\"font-family: Arial, serif;\"><span style=\"font-size: medium;\">:<\/span><\/span><\/p><p align=\"justify\"><span style=\"font-family: Arial, serif;\"><span style=\"font-size: medium;\"><b>Washington, D.C.: <\/b><\/span><\/span><span style=\"font-family: Arial, serif;\"><span style=\"font-size: medium;\">2114 S. Street, N.W.<\/span><\/span><\/p><p align=\"justify\"><span style=\"font-family: Arial, serif;\"><span style=\"font-size: medium;\">Tel\u00e9fono: 202 499 2980<\/span><\/span><\/p><p align=\"justify\"><span style=\"font-family: Arial, serif;\"><span style=\"font-size: medium;\"><u>Consulates<\/u><\/span><\/span><span style=\"font-family: Arial, serif;\"><span style=\"font-size: medium;\">: <\/span><\/span><\/p><p align=\"justify\"><span style=\"font-family: Arial, serif;\"><span style=\"font-size: medium;\"><b>Atlanta:<\/b><\/span><\/span><span style=\"font-family: Arial, serif;\"><span style=\"font-size: medium;\"> 1870 The Exchange, Suite 120<\/span><\/span><\/p><p align=\"justify\"><span style=\"font-family: Arial, serif;\"><span style=\"font-size: medium;\">Tel\u00e9fono: 770 951 7025 <\/span><\/span><\/p><p align=\"justify\"><span style=\"font-family: Arial, serif;\"><span style=\"font-size: medium;\"><b>Chicago:<\/b><\/span><\/span><span style=\"font-family: Arial, serif;\"><span style=\"font-size: medium;\"> 30 N. Michigan Avenue, Suite 1922<\/span><\/span><\/p><p align=\"justify\"><span style=\"font-family: Arial, serif;\"><span style=\"font-size: medium;\">Tel\u00e9fonos: 312 470 0282 \/ 312 577 4267<\/span><\/span><\/p><p align=\"justify\"><span style=\"font-family: Arial, serif;\"><span style=\"font-size: medium;\"><b>Houston:<\/b><\/span><\/span><span style=\"font-family: Arial, serif;\"><span style=\"font-size: medium;\"> 3100 Wilcrest Drive, Suite 260<\/span><\/span><\/p><p align=\"justify\"><span style=\"font-family: Arial, serif;\"><span style=\"font-size: medium;\">Tel\u00e9fono: 713 266 0484<\/span><\/span><\/p><p align=\"justify\"><span style=\"font-family: Arial, serif;\"><span style=\"font-size: medium;\"><b>Los \u00c1ngeles:<\/b><\/span><\/span><span style=\"font-family: Arial, serif;\"><span style=\"font-size: medium;\"> 8383 Wilshire Boulevard, Suite 641<\/span><\/span><\/p><p align=\"justify\"><span style=\"font-family: Arial, serif;\"><span style=\"font-size: medium;\">Tel\u00e9fonos: 323 424 7112 \/ 323 424 7161 \/ 323 424 7106 <\/span><\/span><\/p><p align=\"justify\"><span style=\"font-family: Arial, serif;\"><span style=\"font-size: medium;\"><b>Miami:<\/b><\/span><\/span><span style=\"font-family: Arial, serif;\"><span style=\"font-size: medium;\"> 2730 S.W., 3rd Avenue, Suite 401<\/span><\/span><\/p><p align=\"justify\"><span style=\"font-family: Arial, serif;\"><span style=\"font-size: medium;\">Tel\u00e9fono: 786 655 0990<\/span><\/span><\/p><p align=\"justify\"><span style=\"font-family: Arial, serif;\"><span style=\"font-size: medium;\">WhatsApp: +1 305 772 5958<\/span><\/span><\/p><p align=\"justify\"><span style=\"font-family: Arial, serif;\"><span style=\"font-size: medium;\"><b>Nueva York:<\/b><\/span><\/span><span style=\"font-family: Arial, serif;\"><span style=\"font-size: medium;\"> 15 W., 37th Street, piso 12<\/span><\/span><\/p><p align=\"justify\"><span style=\"font-family: Arial, serif;\"><span style=\"font-size: medium;\">Tel\u00e9fono: 212 564 2921<\/span><\/span><\/p><p align=\"justify\"><span style=\"font-family: Arial, serif;\"><span style=\"font-size: medium;\">WhatsApp (\u00fanicamente para emergencias): +1 908 414 6303<\/span><\/span><\/p><p align=\"justify\"><span style=\"font-family: Arial, serif;\"><span style=\"font-size: medium;\"><b>Saint Paul, Minnesota:<\/b><\/span><\/span><span style=\"font-family: Arial, serif;\"><span style=\"font-size: medium;\"> 6 W., 5th Street, Suite 201<\/span><\/span><\/p><p align=\"justify\"><span style=\"font-family: Arial, serif;\"><span style=\"font-size: medium;\">Tel\u00e9fono: 651 293 1816<\/span><\/span><\/p><p align=\"justify\"><span style=\"font-family: Arial, serif;\"><span style=\"font-size: medium;\"><b>Tucson:<\/b><\/span><\/span><span style=\"font-family: Arial, serif;\"><span style=\"font-size: medium;\"> 3567 E. Sunrise Drive, Suite 235<\/span><\/span><\/p><p align=\"justify\"><span style=\"font-family: Arial, serif;\"><span style=\"font-size: medium;\">Tel\u00e9fono: 520 529 7068<\/span><\/span><\/p><p align=\"justify\"><span style=\"font-family: Arial, serif;\"><span style=\"font-size: medium;\"><b>Washington, D.C.:<\/b><\/span><\/span><span style=\"font-family: Arial, serif;\"><span style=\"font-size: medium;\"> 2112 S. Street, N.W. <\/span><\/span><\/p><p align=\"justify\"><span style=\"font-family: Arial, serif;\"><span style=\"font-size: medium;\">Tel\u00e9fono: 202 499 2991<\/span><\/span><\/p><p align=\"justify\"><span style=\"font-family: Arial, serif;\"><span style=\"font-size: medium;\">Para m\u00e1s informaci\u00f3n, contacta directamente a tu Embajada o Consulado.<\/span><\/span><\/p>\t\t\t\t\t\t\t\t<\/div>\n\t\t\t\t<\/div>\n\t\t\t\t<div class=\"elementor-element elementor-element-abf27c1 elementor-widget elementor-widget-spacer\" data-id=\"abf27c1\" data-element_type=\"widget\" data-e-type=\"widget\" data-widget_type=\"spacer.default\">\n\t\t\t\t<div class=\"elementor-widget-container\">\n\t\t\t\t\t\t\t<div class=\"elementor-spacer\">\n\t\t\t<div class=\"elementor-spacer-inner\"><\/div>\n\t\t<\/div>\n\t\t\t\t\t\t<\/div>\n\t\t\t\t<\/div>\n\t\t\t\t\t<\/div>\n\t\t<\/div>\n\t\t\t\t\t<\/div>\n\t\t<\/section>\n\t\t\t\t<\/div>","protected":false},"excerpt":{"rendered":"<p>Encuentra la Embajada o Consulados de Costa Rica Acceso Latino pone a tu disposici\u00f3n la Embajada y la lista de los Consulados de Costa Rica para que sepas a d\u00f3nde acudir en caso de ser necesario. Encu\u00e9ntralos aqu\u00ed: Embajada: Washington, D.C.: 2114 S. Street, N.W. Tel\u00e9fono: 202 499 2980 Consulados: Atlanta: 1870 The Exchange, Suite 120 Tel\u00e9fono: 770 951 7025 Chicago: 30 N. Michigan Avenue, Suite 1922 Tel\u00e9fonos: 312 470 0282 \/ 312 577 4267 Houston: 3100 Wilcrest Drive, Suite 260 Tel\u00e9fono: 713 266 0484 Los \u00c1ngeles: 8383 Wilshire Boulevard, Suite 641 Tel\u00e9fonos: 323 424 7112 \/ 323 424 7161 \/ 323 424 7106 Miami: 2730 S.W., 3rd Avenue, Suite 401 Tel\u00e9fono: 786 655 0990 WhatsApp: +1 305 772 5958 Nueva York: 15 W., 37th Street, piso 12 Tel\u00e9fono: 212 564 2921 WhatsApp (\u00fanicamente para emergencias): +1 908 414 6303 Saint Paul, Minnesota: 6 W., 5th Street, Suite 201 Tel\u00e9fono: 651 293 1816 Tucson: 3567 E. Sunrise Drive, Suite 235 Tel\u00e9fono: 520 529 7068 Washington, D.C.: 2112 S. Street, N.W. Tel\u00e9fono: 202 499 2991 Para m\u00e1s informaci\u00f3n, contacta directamente a tu Embajada o Consulado.<\/p>","protected":false},"author":8,"featured_media":23493,"parent":0,"menu_order":0,"comment_status":"closed","ping_status":"closed","template":"elementor_header_footer","meta":{"_uf_show_specific_survey":0,"_uf_disable_surveys":false,"footnotes":""},"class_list":["post-23491","page","type-page","status-publish","has-post-thumbnail"],"aioseo_notices":[],"yoast_head":"<!-- This site is optimized with the Yoast SEO plugin v27.4 - https:\/\/yoast.com\/product\/yoast-seo-wordpress\/ -->\n<title>Encuentra la Embajada o Consulados de Costa Rica<\/title>\n<meta name=\"description\" content=\"Encuentra la\u00a0Embajada\u00a0o Consulados de Costa Rica Acceso Latino pone a tu disposici\u00f3n la\u00a0Embajada\u00a0y la lista de los Consulados de Costa Rica...\" \/>\n<meta name=\"robots\" content=\"index, follow, max-snippet:-1, max-image-preview:large, max-video-preview:-1\" \/>\n<link rel=\"canonical\" href=\"https:\/\/accesolatino.org\/en\/encuentra-la-embajada-o-consulados-de-costa-rica\/\" \/>\n<meta property=\"og:locale\" content=\"en_US\" \/>\n<meta property=\"og:type\" content=\"article\" \/>\n<meta property=\"og:title\" content=\"Acceso Latino | Encuentra la Embajada o Consulados de Costa Rica\" \/>\n<meta property=\"og:description\" content=\"Encuentra la Embajada o Consulados de Costa Rica\" \/>\n<meta property=\"og:url\" content=\"https:\/\/accesolatino.org\/en\/encuentra-la-embajada-o-consulados-de-costa-rica\/\" \/>\n<meta property=\"og:site_name\" content=\"Acceso Latino\" \/>\n<meta property=\"article:publisher\" content=\"https:\/\/www.facebook.com\/AccesoLatinoOrg\" \/>\n<meta property=\"article:modified_time\" content=\"2025-10-17T19:58:28+00:00\" \/>\n<meta property=\"og:image\" content=\"https:\/\/accesolatino.org\/wp-content\/uploads\/2020\/11\/Encuentra-la-Embajada-o-Consulados-de-Costa-Rica.png\" \/>\n\t<meta property=\"og:image:width\" content=\"600\" \/>\n\t<meta property=\"og:image:height\" content=\"338\" \/>\n\t<meta property=\"og:image:type\" content=\"image\/png\" \/>\n<meta name=\"twitter:card\" content=\"summary_large_image\" \/>\n<meta name=\"twitter:title\" content=\"Acceso Latino | Encuentra la Embajada o Consulados de Costa Rica\" \/>\n<meta name=\"twitter:description\" content=\"Encuentra la Embajada o Consulados de Costa Rica\" \/>\n<meta name=\"twitter:image\" content=\"https:\/\/accesolatino.org\/wp-content\/uploads\/2020\/11\/Encuentra-la-Embajada-o-Consulados-de-Costa-Rica.png\" \/>\n<meta name=\"twitter:site\" content=\"@FAccLatino\" \/>\n<meta name=\"twitter:label1\" content=\"Est. reading time\" \/>\n\t<meta name=\"twitter:data1\" content=\"2 minutes\" \/>\n<script type=\"application\/ld+json\" class=\"yoast-schema-graph\">{\"@context\":\"https:\\\/\\\/schema.org\",\"@graph\":[{\"@type\":\"WebPage\",\"@id\":\"https:\\\/\\\/accesolatino.org\\\/encuentra-la-embajada-o-consulados-de-costa-rica\\\/\",\"url\":\"https:\\\/\\\/accesolatino.org\\\/encuentra-la-embajada-o-consulados-de-costa-rica\\\/\",\"name\":\"Encuentra la Embajada o Consulados de Costa Rica\",\"isPartOf\":{\"@id\":\"https:\\\/\\\/accesolatino.org\\\/#website\"},\"primaryImageOfPage\":{\"@id\":\"https:\\\/\\\/accesolatino.org\\\/encuentra-la-embajada-o-consulados-de-costa-rica\\\/#primaryimage\"},\"image\":{\"@id\":\"https:\\\/\\\/accesolatino.org\\\/encuentra-la-embajada-o-consulados-de-costa-rica\\\/#primaryimage\"},\"thumbnailUrl\":\"https:\\\/\\\/accesolatino.org\\\/wp-content\\\/uploads\\\/2020\\\/11\\\/Encuentra-la-Embajada-o-Consulados-de-Costa-Rica.png\",\"datePublished\":\"2020-11-05T12:00:00+00:00\",\"dateModified\":\"2025-10-17T19:58:28+00:00\",\"description\":\"Encuentra la\u00a0Embajada\u00a0o Consulados de Costa Rica Acceso Latino pone a tu disposici\u00f3n la\u00a0Embajada\u00a0y la lista de los Consulados de Costa Rica...\",\"breadcrumb\":{\"@id\":\"https:\\\/\\\/accesolatino.org\\\/encuentra-la-embajada-o-consulados-de-costa-rica\\\/#breadcrumb\"},\"inLanguage\":\"en-US\",\"potentialAction\":[{\"@type\":\"ReadAction\",\"target\":[\"https:\\\/\\\/accesolatino.org\\\/encuentra-la-embajada-o-consulados-de-costa-rica\\\/\"]}]},{\"@type\":\"ImageObject\",\"inLanguage\":\"en-US\",\"@id\":\"https:\\\/\\\/accesolatino.org\\\/encuentra-la-embajada-o-consulados-de-costa-rica\\\/#primaryimage\",\"url\":\"https:\\\/\\\/accesolatino.org\\\/wp-content\\\/uploads\\\/2020\\\/11\\\/Encuentra-la-Embajada-o-Consulados-de-Costa-Rica.png\",\"contentUrl\":\"https:\\\/\\\/accesolatino.org\\\/wp-content\\\/uploads\\\/2020\\\/11\\\/Encuentra-la-Embajada-o-Consulados-de-Costa-Rica.png\",\"width\":600,\"height\":338,\"caption\":\"embajada\"},{\"@type\":\"BreadcrumbList\",\"@id\":\"https:\\\/\\\/accesolatino.org\\\/encuentra-la-embajada-o-consulados-de-costa-rica\\\/#breadcrumb\",\"itemListElement\":[{\"@type\":\"ListItem\",\"position\":1,\"name\":\"Portada\",\"item\":\"https:\\\/\\\/accesolatino.org\\\/\"},{\"@type\":\"ListItem\",\"position\":2,\"name\":\"Encuentra la Embajada o Consulados de Costa Rica\"}]},{\"@type\":\"WebSite\",\"@id\":\"https:\\\/\\\/accesolatino.org\\\/#website\",\"url\":\"https:\\\/\\\/accesolatino.org\\\/\",\"name\":\"Acceso Latino | Fundaci\u00f3n Carlos Slim\",\"description\":\"Fundaci\u00f3n Carlos Slim\",\"publisher\":{\"@id\":\"https:\\\/\\\/accesolatino.org\\\/#organization\"},\"potentialAction\":[{\"@type\":\"SearchAction\",\"target\":{\"@type\":\"EntryPoint\",\"urlTemplate\":\"https:\\\/\\\/accesolatino.org\\\/?s={search_term_string}\"},\"query-input\":{\"@type\":\"PropertyValueSpecification\",\"valueRequired\":true,\"valueName\":\"search_term_string\"}}],\"inLanguage\":\"en-US\"},{\"@type\":\"Organization\",\"@id\":\"https:\\\/\\\/accesolatino.org\\\/#organization\",\"name\":\"Acceso Latino | Fundaci\u00f3n Carlos Slim\",\"url\":\"https:\\\/\\\/accesolatino.org\\\/\",\"logo\":{\"@type\":\"ImageObject\",\"inLanguage\":\"en-US\",\"@id\":\"https:\\\/\\\/accesolatino.org\\\/#\\\/schema\\\/logo\\\/image\\\/\",\"url\":\"https:\\\/\\\/accesolatino.org\\\/wp-content\\\/uploads\\\/2021\\\/02\\\/logo-footer-acceso-latino.png\",\"contentUrl\":\"https:\\\/\\\/accesolatino.org\\\/wp-content\\\/uploads\\\/2021\\\/02\\\/logo-footer-acceso-latino.png\",\"width\":240,\"height\":40,\"caption\":\"Acceso Latino | Fundaci\u00f3n Carlos Slim\"},\"image\":{\"@id\":\"https:\\\/\\\/accesolatino.org\\\/#\\\/schema\\\/logo\\\/image\\\/\"},\"sameAs\":[\"https:\\\/\\\/www.facebook.com\\\/AccesoLatinoOrg\",\"https:\\\/\\\/x.com\\\/FAccLatino\"]}]}<\/script>\n<!-- \/ Yoast SEO plugin. -->","yoast_head_json":{"title":"Find Costa Rican Embassy or Consulate in Costa Rica","description":"Encuentra la\u00a0Embajada\u00a0o Consulados de Costa Rica Acceso Latino pone a tu disposici\u00f3n la\u00a0Embajada\u00a0y la lista de los Consulados de Costa Rica...","robots":{"index":"index","follow":"follow","max-snippet":"max-snippet:-1","max-image-preview":"max-image-preview:large","max-video-preview":"max-video-preview:-1"},"canonical":"https:\/\/accesolatino.org\/en\/encuentra-la-embajada-o-consulados-de-costa-rica\/","og_locale":"en_US","og_type":"article","og_title":"Acceso Latino | Encuentra la Embajada o Consulados de Costa Rica","og_description":"Encuentra la Embajada o Consulados de Costa Rica","og_url":"https:\/\/accesolatino.org\/en\/encuentra-la-embajada-o-consulados-de-costa-rica\/","og_site_name":"Acceso Latino","article_publisher":"https:\/\/www.facebook.com\/AccesoLatinoOrg","article_modified_time":"2025-10-17T19:58:28+00:00","og_image":[{"width":600,"height":338,"url":"https:\/\/accesolatino.org\/wp-content\/uploads\/2020\/11\/Encuentra-la-Embajada-o-Consulados-de-Costa-Rica.png","type":"image\/png"}],"twitter_card":"summary_large_image","twitter_title":"Acceso Latino | Encuentra la Embajada o Consulados de Costa Rica","twitter_description":"Encuentra la Embajada o Consulados de Costa Rica","twitter_image":"https:\/\/accesolatino.org\/wp-content\/uploads\/2020\/11\/Encuentra-la-Embajada-o-Consulados-de-Costa-Rica.png","twitter_site":"@FAccLatino","twitter_misc":{"Est. reading time":"2 minutes"},"schema":{"@context":"https:\/\/schema.org","@graph":[{"@type":"WebPage","@id":"https:\/\/accesolatino.org\/encuentra-la-embajada-o-consulados-de-costa-rica\/","url":"https:\/\/accesolatino.org\/encuentra-la-embajada-o-consulados-de-costa-rica\/","name":"Find Costa Rican Embassy or Consulate in Costa Rica","isPartOf":{"@id":"https:\/\/accesolatino.org\/#website"},"primaryImageOfPage":{"@id":"https:\/\/accesolatino.org\/encuentra-la-embajada-o-consulados-de-costa-rica\/#primaryimage"},"image":{"@id":"https:\/\/accesolatino.org\/encuentra-la-embajada-o-consulados-de-costa-rica\/#primaryimage"},"thumbnailUrl":"https:\/\/accesolatino.org\/wp-content\/uploads\/2020\/11\/Encuentra-la-Embajada-o-Consulados-de-Costa-Rica.png","datePublished":"2020-11-05T12:00:00+00:00","dateModified":"2025-10-17T19:58:28+00:00","description":"Encuentra la\u00a0Embajada\u00a0o Consulados de Costa Rica Acceso Latino pone a tu disposici\u00f3n la\u00a0Embajada\u00a0y la lista de los Consulados de Costa Rica...","breadcrumb":{"@id":"https:\/\/accesolatino.org\/encuentra-la-embajada-o-consulados-de-costa-rica\/#breadcrumb"},"inLanguage":"en-US","potentialAction":[{"@type":"ReadAction","target":["https:\/\/accesolatino.org\/encuentra-la-embajada-o-consulados-de-costa-rica\/"]}]},{"@type":"ImageObject","inLanguage":"en-US","@id":"https:\/\/accesolatino.org\/encuentra-la-embajada-o-consulados-de-costa-rica\/#primaryimage","url":"https:\/\/accesolatino.org\/wp-content\/uploads\/2020\/11\/Encuentra-la-Embajada-o-Consulados-de-Costa-Rica.png","contentUrl":"https:\/\/accesolatino.org\/wp-content\/uploads\/2020\/11\/Encuentra-la-Embajada-o-Consulados-de-Costa-Rica.png","width":600,"height":338,"caption":"embajada"},{"@type":"BreadcrumbList","@id":"https:\/\/accesolatino.org\/encuentra-la-embajada-o-consulados-de-costa-rica\/#breadcrumb","itemListElement":[{"@type":"ListItem","position":1,"name":"Portada","item":"https:\/\/accesolatino.org\/"},{"@type":"ListItem","position":2,"name":"Encuentra la Embajada o Consulados de Costa Rica"}]},{"@type":"WebSite","@id":"https:\/\/accesolatino.org\/#website","url":"https:\/\/accesolatino.org\/","name":"Acceso Latino | Fundaci\u00f3n Carlos Slim","description":"Fundaci\u00f3n Carlos Slim","publisher":{"@id":"https:\/\/accesolatino.org\/#organization"},"potentialAction":[{"@type":"SearchAction","target":{"@type":"EntryPoint","urlTemplate":"https:\/\/accesolatino.org\/?s={search_term_string}"},"query-input":{"@type":"PropertyValueSpecification","valueRequired":true,"valueName":"search_term_string"}}],"inLanguage":"en-US"},{"@type":"Organization","@id":"https:\/\/accesolatino.org\/#organization","name":"Acceso Latino | Fundaci\u00f3n Carlos Slim","url":"https:\/\/accesolatino.org\/","logo":{"@type":"ImageObject","inLanguage":"en-US","@id":"https:\/\/accesolatino.org\/#\/schema\/logo\/image\/","url":"https:\/\/accesolatino.org\/wp-content\/uploads\/2021\/02\/logo-footer-acceso-latino.png","contentUrl":"https:\/\/accesolatino.org\/wp-content\/uploads\/2021\/02\/logo-footer-acceso-latino.png","width":240,"height":40,"caption":"Acceso Latino | Fundaci\u00f3n Carlos Slim"},"image":{"@id":"https:\/\/accesolatino.org\/#\/schema\/logo\/image\/"},"sameAs":["https:\/\/www.facebook.com\/AccesoLatinoOrg","https:\/\/x.com\/FAccLatino"]}]}},"_links":{"self":[{"href":"https:\/\/accesolatino.org\/en\/wp-json\/wp\/v2\/pages\/23491","targetHints":{"allow":["GET"]}}],"collection":[{"href":"https:\/\/accesolatino.org\/en\/wp-json\/wp\/v2\/pages"}],"about":[{"href":"https:\/\/accesolatino.org\/en\/wp-json\/wp\/v2\/types\/page"}],"author":[{"embeddable":true,"href":"https:\/\/accesolatino.org\/en\/wp-json\/wp\/v2\/users\/8"}],"replies":[{"embeddable":true,"href":"https:\/\/accesolatino.org\/en\/wp-json\/wp\/v2\/comments?post=23491"}],"version-history":[{"count":1,"href":"https:\/\/accesolatino.org\/en\/wp-json\/wp\/v2\/pages\/23491\/revisions"}],"predecessor-version":[{"id":64212,"href":"https:\/\/accesolatino.org\/en\/wp-json\/wp\/v2\/pages\/23491\/revisions\/64212"}],"wp:featuredmedia":[{"embeddable":true,"href":"https:\/\/accesolatino.org\/en\/wp-json\/wp\/v2\/media\/23493"}],"wp:attachment":[{"href":"https:\/\/accesolatino.org\/en\/wp-json\/wp\/v2\/media?parent=23491"}],"curies":[{"name":"wp","href":"https:\/\/api.w.org\/{rel}","templated":true}]}}