{"id":23461,"date":"2020-11-03T08:18:17","date_gmt":"2020-11-03T14:18:17","guid":{"rendered":"https:\/\/accesolatino.org\/?page_id=23461"},"modified":"2025-10-16T15:09:34","modified_gmt":"2025-10-16T21:09:34","slug":"educacion-inicial-2","status":"publish","type":"page","link":"https:\/\/accesolatino.org\/en\/salud\/educacion-inicial-2\/","title":{"rendered":"Educaci\u00f3n inicial para el cuidado y el desarrollo de tu hijo"},"content":{"rendered":"<div data-elementor-type=\"wp-post\" data-elementor-id=\"23461\" class=\"elementor elementor-23461\">\n\t\t\t\t\t\t<section class=\"elementor-section elementor-top-section elementor-element elementor-element-10728ca elementor-section-full_width elementor-section-height-min-height elementor-section-items-stretch elementor-section-height-default wpr-particle-no wpr-jarallax-no wpr-parallax-no wpr-sticky-section-no wpr-equal-height-no\" data-id=\"10728ca\" data-element_type=\"section\" data-e-type=\"section\" data-settings=\"{&quot;background_background&quot;:&quot;classic&quot;}\">\n\t\t\t\t\t\t<div class=\"elementor-container elementor-column-gap-no\">\n\t\t\t\t\t<div class=\"elementor-column elementor-col-100 elementor-top-column elementor-element elementor-element-e4fdf35\" data-id=\"e4fdf35\" data-element_type=\"column\" data-e-type=\"column\">\n\t\t\t<div class=\"elementor-widget-wrap elementor-element-populated\">\n\t\t\t\t\t\t<div class=\"elementor-element elementor-element-1f43e9d elementor--h-position-center elementor--v-position-middle elementor-widget elementor-widget-slides\" data-id=\"1f43e9d\" data-element_type=\"widget\" data-e-type=\"widget\" data-settings=\"{&quot;navigation&quot;:&quot;none&quot;,&quot;infinite&quot;:&quot;yes&quot;,&quot;transition&quot;:&quot;slide&quot;,&quot;transition_speed&quot;:500}\" data-widget_type=\"slides.default\">\n\t\t\t\t<div class=\"elementor-widget-container\">\n\t\t\t\t\t\t\t<div class=\"elementor-swiper\">\n\t\t\t<div class=\"elementor-slides-wrapper elementor-main-swiper swiper-container\" dir=\"ltr\" data-animation=\"\">\n\t\t\t\t<div class=\"swiper-wrapper elementor-slides\">\n\t\t\t\t\t\t\t\t\t\t<div class=\"elementor-repeater-item-d983a28 swiper-slide\"><div class=\"swiper-slide-bg\"><\/div><div class=\"swiper-slide-inner\" ><div class=\"swiper-slide-contents\"><div class=\"elementor-slide-heading\">Health<\/div><\/div><\/div><\/div>\t\t\t\t<\/div>\n\t\t\t\t\t\t\t<\/div>\n\t\t<\/div>\n\t\t\t\t\t\t<\/div>\n\t\t\t\t<\/div>\n\t\t\t\t\t<\/div>\n\t\t<\/div>\n\t\t\t\t\t<\/div>\n\t\t<\/section>\n\t\t\t\t<section class=\"elementor-section elementor-top-section elementor-element elementor-element-027a05d elementor-section-stretched elementor-section-boxed elementor-section-height-default elementor-section-height-default wpr-particle-no wpr-jarallax-no wpr-parallax-no wpr-sticky-section-no wpr-equal-height-no\" data-id=\"027a05d\" data-element_type=\"section\" data-e-type=\"section\" data-settings=\"{&quot;stretch_section&quot;:&quot;section-stretched&quot;,&quot;background_background&quot;:&quot;classic&quot;}\">\n\t\t\t\t\t\t<div class=\"elementor-container elementor-column-gap-default\">\n\t\t\t\t\t<div class=\"elementor-column elementor-col-100 elementor-top-column elementor-element elementor-element-7084e33\" data-id=\"7084e33\" data-element_type=\"column\" data-e-type=\"column\">\n\t\t\t<div class=\"elementor-widget-wrap elementor-element-populated\">\n\t\t\t\t\t\t<div class=\"elementor-element elementor-element-9185dbc elementor-widget elementor-widget-heading\" data-id=\"9185dbc\" data-element_type=\"widget\" data-e-type=\"widget\" data-widget_type=\"heading.default\">\n\t\t\t\t<div class=\"elementor-widget-container\">\n\t\t\t\t\t<h3 class=\"elementor-heading-title elementor-size-default\">Tips for your child's care and development from the hand of Early Education<\/h3>\t\t\t\t<\/div>\n\t\t\t\t<\/div>\n\t\t\t\t<div class=\"elementor-element elementor-element-97bc0ce elementor-widget elementor-widget-text-editor\" data-id=\"97bc0ce\" data-element_type=\"widget\" data-e-type=\"widget\" data-widget_type=\"text-editor.default\">\n\t\t\t\t<div class=\"elementor-widget-container\">\n\t\t\t\t\t\t\t\t\tIn the section <a href=\"https:\/\/accesolatino.org\/en\/salud\/\">Health<\/a> de <b>Acceso Latino<\/b> encontrar\u00e1s la Gu\u00eda pr\u00e1ctica para el desarrollo de tu hijo, que te dar\u00e1 consejos para su cuidado y crecimiento de la mano de Educaci\u00f3n Inicial, programa de Fundaci\u00f3n Carlos Slim.<br><br>Esta gu\u00eda, la cual est\u00e1 avalada por el Hospital Infantil de Pediatr\u00eda Federico G\u00f3mez, al igual que por la Academia Mexicana de Pediatr\u00eda, es una gran herramienta que te da informaci\u00f3n sobre salud, dentici\u00f3n, nutrici\u00f3n, masajes, higiene, primeros auxilios y v\u00ednculo afectivo de tu beb\u00e9. Adem\u00e1s, incluye actividades que son muy f\u00e1ciles para estimular su desarrollo y darle un seguimiento integral.<br><br>No s\u00f3lo se comentan sobre esos temas para tu reci\u00e9n nacido, sino tambi\u00e9n se habla sobre c\u00f3mo amamantarlo, sobre cu\u00e1ndo va al ba\u00f1o, tiene diarrea o estre\u00f1imiento, del cambio de pa\u00f1al y aseo en general; si es ni\u00f1o, se cuenta sobre la circuncisi\u00f3n. Otros temas son: ba\u00f1o, ba\u00f1os de sol, llanto, cuando les da temperatura o c\u00f3licos, y sobre el sue\u00f1o y el descanso.<br><br>Por su parte, tambi\u00e9n se habla de las etapas del desarrollo del ni\u00f1o, explicadas perfectamente de los 0 hasta los 4 a\u00f1os. Al igual que del gateo, comunicaci\u00f3n afectiva, aliento y l\u00edmites. <br><br>No dudes en revisar esta gran gu\u00eda que tiene ilustraciones y tablas para sacarte de cualquier duda.\t\t\t\t\t\t\t\t<\/div>\n\t\t\t\t<\/div>\n\t\t\t\t<div class=\"elementor-element elementor-element-eab111d elementor-widget elementor-widget-spacer\" data-id=\"eab111d\" data-element_type=\"widget\" data-e-type=\"widget\" data-widget_type=\"spacer.default\">\n\t\t\t\t<div class=\"elementor-widget-container\">\n\t\t\t\t\t\t\t<div class=\"elementor-spacer\">\n\t\t\t<div class=\"elementor-spacer-inner\"><\/div>\n\t\t<\/div>\n\t\t\t\t\t\t<\/div>\n\t\t\t\t<\/div>\n\t\t\t\t\t<\/div>\n\t\t<\/div>\n\t\t\t\t\t<\/div>\n\t\t<\/section>\n\t\t\t\t<\/div>","protected":false},"excerpt":{"rendered":"<p>Salud Consejos para el cuidado y el desarrollo de tu hijo de la mano de Educaci\u00f3n Inicial En la secci\u00f3n Salud de Acceso Latino encontrar\u00e1s la Gu\u00eda pr\u00e1ctica para el desarrollo de tu hijo, que te dar\u00e1 consejos para su cuidado y crecimiento de la mano de Educaci\u00f3n Inicial, programa de Fundaci\u00f3n Carlos Slim. Esta gu\u00eda, la cual est\u00e1 avalada por el Hospital Infantil de Pediatr\u00eda Federico G\u00f3mez, al igual que por la Academia Mexicana de Pediatr\u00eda, es una gran herramienta que te da informaci\u00f3n sobre salud, dentici\u00f3n, nutrici\u00f3n, masajes, higiene, primeros auxilios y v\u00ednculo afectivo de tu beb\u00e9. Adem\u00e1s, incluye actividades que son muy f\u00e1ciles para estimular su desarrollo y darle un seguimiento integral. No s\u00f3lo se comentan sobre esos temas para tu reci\u00e9n nacido, sino tambi\u00e9n se habla sobre c\u00f3mo amamantarlo, sobre cu\u00e1ndo va al ba\u00f1o, tiene diarrea o estre\u00f1imiento, del cambio de pa\u00f1al y aseo en general; si es ni\u00f1o, se cuenta sobre la circuncisi\u00f3n. Otros temas son: ba\u00f1o, ba\u00f1os de sol, llanto, cuando les da temperatura o c\u00f3licos, y sobre el sue\u00f1o y el descanso. Por su parte, tambi\u00e9n se habla de las etapas del desarrollo del ni\u00f1o, explicadas perfectamente de los 0 hasta los 4 a\u00f1os. Al igual que del gateo, comunicaci\u00f3n afectiva, aliento y l\u00edmites. No dudes en revisar esta gran gu\u00eda que tiene ilustraciones y tablas para sacarte de cualquier duda.<\/p>","protected":false},"author":4,"featured_media":23463,"parent":4668,"menu_order":0,"comment_status":"closed","ping_status":"closed","template":"elementor_header_footer","meta":{"_uf_show_specific_survey":0,"_uf_disable_surveys":false,"footnotes":""},"class_list":["post-23461","page","type-page","status-publish","has-post-thumbnail"],"aioseo_notices":[],"yoast_head":"<!-- This site is optimized with the Yoast SEO plugin v27.4 - https:\/\/yoast.com\/product\/yoast-seo-wordpress\/ -->\n<title>Educaci\u00f3n inicial para el cuidado y el desarrollo de tu hijo<\/title>\n<meta name=\"description\" content=\"Conoce todo lo que Estados Unidos tiene para ofrecer a los migrantes en materia de Salud y Educaci\u00f3n Inicial - Acceso Latino\" \/>\n<meta name=\"robots\" content=\"index, follow, max-snippet:-1, max-image-preview:large, max-video-preview:-1\" \/>\n<link rel=\"canonical\" href=\"https:\/\/accesolatino.org\/en\/salud\/educacion-inicial-2\/\" \/>\n<meta property=\"og:locale\" content=\"en_US\" \/>\n<meta property=\"og:type\" content=\"article\" \/>\n<meta property=\"og:title\" content=\"Acceso Latino | Educaci\u00f3n inicial para el cuidado y el desarrollo de tu hijo\" \/>\n<meta property=\"og:description\" content=\"Conoce todo lo que Estados Unidos tiene para ofrecer a los migrantes en materia de Salud\" \/>\n<meta property=\"og:url\" content=\"https:\/\/accesolatino.org\/en\/salud\/educacion-inicial-2\/\" \/>\n<meta property=\"og:site_name\" content=\"Acceso Latino\" \/>\n<meta property=\"article:publisher\" content=\"https:\/\/www.facebook.com\/AccesoLatinoOrg\" \/>\n<meta property=\"article:modified_time\" content=\"2025-10-16T21:09:34+00:00\" \/>\n<meta property=\"og:image\" content=\"https:\/\/accesolatino.org\/wp-content\/uploads\/2020\/11\/Consejos-para-el-cuidado-y-el-desarrollo-de-tu-hijo-de-la-mano-de-Educacion-Inicial.png\" \/>\n\t<meta property=\"og:image:width\" content=\"600\" \/>\n\t<meta property=\"og:image:height\" content=\"338\" \/>\n\t<meta property=\"og:image:type\" content=\"image\/png\" \/>\n<meta name=\"twitter:card\" content=\"summary_large_image\" \/>\n<meta name=\"twitter:title\" content=\"Acceso Latino | Educaci\u00f3n inicial para el cuidado y el desarrollo de tu hijo\" \/>\n<meta name=\"twitter:description\" content=\"Conoce todo lo que Estados Unidos tiene para ofrecer a los migrantes en materia de Salud\" \/>\n<meta name=\"twitter:image\" content=\"https:\/\/accesolatino.org\/wp-content\/uploads\/2020\/11\/Consejos-para-el-cuidado-y-el-desarrollo-de-tu-hijo-de-la-mano-de-Educacion-Inicial.png\" \/>\n<meta name=\"twitter:site\" content=\"@FAccLatino\" \/>\n<meta name=\"twitter:label1\" content=\"Est. reading time\" \/>\n\t<meta name=\"twitter:data1\" content=\"2 minutes\" \/>\n<script type=\"application\/ld+json\" class=\"yoast-schema-graph\">{\"@context\":\"https:\\\/\\\/schema.org\",\"@graph\":[{\"@type\":\"WebPage\",\"@id\":\"https:\\\/\\\/accesolatino.org\\\/en\\\/salud\\\/educacion-inicial-2\\\/\",\"url\":\"https:\\\/\\\/accesolatino.org\\\/en\\\/salud\\\/educacion-inicial-2\\\/\",\"name\":\"Educaci\u00f3n inicial para el cuidado y el desarrollo de tu hijo\",\"isPartOf\":{\"@id\":\"https:\\\/\\\/accesolatino.org\\\/#website\"},\"primaryImageOfPage\":{\"@id\":\"https:\\\/\\\/accesolatino.org\\\/en\\\/salud\\\/educacion-inicial-2\\\/#primaryimage\"},\"image\":{\"@id\":\"https:\\\/\\\/accesolatino.org\\\/en\\\/salud\\\/educacion-inicial-2\\\/#primaryimage\"},\"thumbnailUrl\":\"https:\\\/\\\/accesolatino.org\\\/wp-content\\\/uploads\\\/2020\\\/11\\\/Consejos-para-el-cuidado-y-el-desarrollo-de-tu-hijo-de-la-mano-de-Educacion-Inicial.png\",\"datePublished\":\"2020-11-03T14:18:17+00:00\",\"dateModified\":\"2025-10-16T21:09:34+00:00\",\"description\":\"Conoce todo lo que Estados Unidos tiene para ofrecer a los migrantes en materia de Salud y Educaci\u00f3n Inicial - Acceso Latino\",\"breadcrumb\":{\"@id\":\"https:\\\/\\\/accesolatino.org\\\/en\\\/salud\\\/educacion-inicial-2\\\/#breadcrumb\"},\"inLanguage\":\"en-US\",\"potentialAction\":[{\"@type\":\"ReadAction\",\"target\":[\"https:\\\/\\\/accesolatino.org\\\/en\\\/salud\\\/educacion-inicial-2\\\/\"]}]},{\"@type\":\"ImageObject\",\"inLanguage\":\"en-US\",\"@id\":\"https:\\\/\\\/accesolatino.org\\\/en\\\/salud\\\/educacion-inicial-2\\\/#primaryimage\",\"url\":\"https:\\\/\\\/accesolatino.org\\\/wp-content\\\/uploads\\\/2020\\\/11\\\/Consejos-para-el-cuidado-y-el-desarrollo-de-tu-hijo-de-la-mano-de-Educacion-Inicial.png\",\"contentUrl\":\"https:\\\/\\\/accesolatino.org\\\/wp-content\\\/uploads\\\/2020\\\/11\\\/Consejos-para-el-cuidado-y-el-desarrollo-de-tu-hijo-de-la-mano-de-Educacion-Inicial.png\",\"width\":600,\"height\":338,\"caption\":\"educaci\u00f3n inicial\"},{\"@type\":\"BreadcrumbList\",\"@id\":\"https:\\\/\\\/accesolatino.org\\\/en\\\/salud\\\/educacion-inicial-2\\\/#breadcrumb\",\"itemListElement\":[{\"@type\":\"ListItem\",\"position\":1,\"name\":\"Portada\",\"item\":\"https:\\\/\\\/accesolatino.org\\\/\"},{\"@type\":\"ListItem\",\"position\":2,\"name\":\"Salud\",\"item\":\"https:\\\/\\\/accesolatino.org\\\/salud\\\/\"},{\"@type\":\"ListItem\",\"position\":3,\"name\":\"Educaci\u00f3n inicial para el cuidado y el desarrollo de tu hijo\"}]},{\"@type\":\"WebSite\",\"@id\":\"https:\\\/\\\/accesolatino.org\\\/#website\",\"url\":\"https:\\\/\\\/accesolatino.org\\\/\",\"name\":\"Acceso Latino | Fundaci\u00f3n Carlos Slim\",\"description\":\"Fundaci\u00f3n Carlos Slim\",\"publisher\":{\"@id\":\"https:\\\/\\\/accesolatino.org\\\/#organization\"},\"potentialAction\":[{\"@type\":\"SearchAction\",\"target\":{\"@type\":\"EntryPoint\",\"urlTemplate\":\"https:\\\/\\\/accesolatino.org\\\/?s={search_term_string}\"},\"query-input\":{\"@type\":\"PropertyValueSpecification\",\"valueRequired\":true,\"valueName\":\"search_term_string\"}}],\"inLanguage\":\"en-US\"},{\"@type\":\"Organization\",\"@id\":\"https:\\\/\\\/accesolatino.org\\\/#organization\",\"name\":\"Acceso Latino | Fundaci\u00f3n Carlos Slim\",\"url\":\"https:\\\/\\\/accesolatino.org\\\/\",\"logo\":{\"@type\":\"ImageObject\",\"inLanguage\":\"en-US\",\"@id\":\"https:\\\/\\\/accesolatino.org\\\/#\\\/schema\\\/logo\\\/image\\\/\",\"url\":\"https:\\\/\\\/accesolatino.org\\\/wp-content\\\/uploads\\\/2021\\\/02\\\/logo-footer-acceso-latino.png\",\"contentUrl\":\"https:\\\/\\\/accesolatino.org\\\/wp-content\\\/uploads\\\/2021\\\/02\\\/logo-footer-acceso-latino.png\",\"width\":240,\"height\":40,\"caption\":\"Acceso Latino | Fundaci\u00f3n Carlos Slim\"},\"image\":{\"@id\":\"https:\\\/\\\/accesolatino.org\\\/#\\\/schema\\\/logo\\\/image\\\/\"},\"sameAs\":[\"https:\\\/\\\/www.facebook.com\\\/AccesoLatinoOrg\",\"https:\\\/\\\/x.com\\\/FAccLatino\"]}]}<\/script>\n<!-- \/ Yoast SEO plugin. -->","yoast_head_json":{"title":"Educaci\u00f3n inicial para el cuidado y el desarrollo de tu hijo","description":"Conoce todo lo que Estados Unidos tiene para ofrecer a los migrantes en materia de Salud y Educaci\u00f3n Inicial - Acceso Latino","robots":{"index":"index","follow":"follow","max-snippet":"max-snippet:-1","max-image-preview":"max-image-preview:large","max-video-preview":"max-video-preview:-1"},"canonical":"https:\/\/accesolatino.org\/en\/salud\/educacion-inicial-2\/","og_locale":"en_US","og_type":"article","og_title":"Acceso Latino | Educaci\u00f3n inicial para el cuidado y el desarrollo de tu hijo","og_description":"Conoce todo lo que Estados Unidos tiene para ofrecer a los migrantes en materia de Salud","og_url":"https:\/\/accesolatino.org\/en\/salud\/educacion-inicial-2\/","og_site_name":"Acceso Latino","article_publisher":"https:\/\/www.facebook.com\/AccesoLatinoOrg","article_modified_time":"2025-10-16T21:09:34+00:00","og_image":[{"width":600,"height":338,"url":"https:\/\/accesolatino.org\/wp-content\/uploads\/2020\/11\/Consejos-para-el-cuidado-y-el-desarrollo-de-tu-hijo-de-la-mano-de-Educacion-Inicial.png","type":"image\/png"}],"twitter_card":"summary_large_image","twitter_title":"Acceso Latino | Educaci\u00f3n inicial para el cuidado y el desarrollo de tu hijo","twitter_description":"Conoce todo lo que Estados Unidos tiene para ofrecer a los migrantes en materia de Salud","twitter_image":"https:\/\/accesolatino.org\/wp-content\/uploads\/2020\/11\/Consejos-para-el-cuidado-y-el-desarrollo-de-tu-hijo-de-la-mano-de-Educacion-Inicial.png","twitter_site":"@FAccLatino","twitter_misc":{"Est. reading time":"2 minutes"},"schema":{"@context":"https:\/\/schema.org","@graph":[{"@type":"WebPage","@id":"https:\/\/accesolatino.org\/en\/salud\/educacion-inicial-2\/","url":"https:\/\/accesolatino.org\/en\/salud\/educacion-inicial-2\/","name":"Educaci\u00f3n inicial para el cuidado y el desarrollo de tu hijo","isPartOf":{"@id":"https:\/\/accesolatino.org\/#website"},"primaryImageOfPage":{"@id":"https:\/\/accesolatino.org\/en\/salud\/educacion-inicial-2\/#primaryimage"},"image":{"@id":"https:\/\/accesolatino.org\/en\/salud\/educacion-inicial-2\/#primaryimage"},"thumbnailUrl":"https:\/\/accesolatino.org\/wp-content\/uploads\/2020\/11\/Consejos-para-el-cuidado-y-el-desarrollo-de-tu-hijo-de-la-mano-de-Educacion-Inicial.png","datePublished":"2020-11-03T14:18:17+00:00","dateModified":"2025-10-16T21:09:34+00:00","description":"Conoce todo lo que Estados Unidos tiene para ofrecer a los migrantes en materia de Salud y Educaci\u00f3n Inicial - Acceso Latino","breadcrumb":{"@id":"https:\/\/accesolatino.org\/en\/salud\/educacion-inicial-2\/#breadcrumb"},"inLanguage":"en-US","potentialAction":[{"@type":"ReadAction","target":["https:\/\/accesolatino.org\/en\/salud\/educacion-inicial-2\/"]}]},{"@type":"ImageObject","inLanguage":"en-US","@id":"https:\/\/accesolatino.org\/en\/salud\/educacion-inicial-2\/#primaryimage","url":"https:\/\/accesolatino.org\/wp-content\/uploads\/2020\/11\/Consejos-para-el-cuidado-y-el-desarrollo-de-tu-hijo-de-la-mano-de-Educacion-Inicial.png","contentUrl":"https:\/\/accesolatino.org\/wp-content\/uploads\/2020\/11\/Consejos-para-el-cuidado-y-el-desarrollo-de-tu-hijo-de-la-mano-de-Educacion-Inicial.png","width":600,"height":338,"caption":"educaci\u00f3n inicial"},{"@type":"BreadcrumbList","@id":"https:\/\/accesolatino.org\/en\/salud\/educacion-inicial-2\/#breadcrumb","itemListElement":[{"@type":"ListItem","position":1,"name":"Portada","item":"https:\/\/accesolatino.org\/"},{"@type":"ListItem","position":2,"name":"Salud","item":"https:\/\/accesolatino.org\/salud\/"},{"@type":"ListItem","position":3,"name":"Educaci\u00f3n inicial para el cuidado y el desarrollo de tu hijo"}]},{"@type":"WebSite","@id":"https:\/\/accesolatino.org\/#website","url":"https:\/\/accesolatino.org\/","name":"Acceso Latino | Fundaci\u00f3n Carlos Slim","description":"Fundaci\u00f3n Carlos Slim","publisher":{"@id":"https:\/\/accesolatino.org\/#organization"},"potentialAction":[{"@type":"SearchAction","target":{"@type":"EntryPoint","urlTemplate":"https:\/\/accesolatino.org\/?s={search_term_string}"},"query-input":{"@type":"PropertyValueSpecification","valueRequired":true,"valueName":"search_term_string"}}],"inLanguage":"en-US"},{"@type":"Organization","@id":"https:\/\/accesolatino.org\/#organization","name":"Acceso Latino | Fundaci\u00f3n Carlos Slim","url":"https:\/\/accesolatino.org\/","logo":{"@type":"ImageObject","inLanguage":"en-US","@id":"https:\/\/accesolatino.org\/#\/schema\/logo\/image\/","url":"https:\/\/accesolatino.org\/wp-content\/uploads\/2021\/02\/logo-footer-acceso-latino.png","contentUrl":"https:\/\/accesolatino.org\/wp-content\/uploads\/2021\/02\/logo-footer-acceso-latino.png","width":240,"height":40,"caption":"Acceso Latino | Fundaci\u00f3n Carlos Slim"},"image":{"@id":"https:\/\/accesolatino.org\/#\/schema\/logo\/image\/"},"sameAs":["https:\/\/www.facebook.com\/AccesoLatinoOrg","https:\/\/x.com\/FAccLatino"]}]}},"_links":{"self":[{"href":"https:\/\/accesolatino.org\/en\/wp-json\/wp\/v2\/pages\/23461","targetHints":{"allow":["GET"]}}],"collection":[{"href":"https:\/\/accesolatino.org\/en\/wp-json\/wp\/v2\/pages"}],"about":[{"href":"https:\/\/accesolatino.org\/en\/wp-json\/wp\/v2\/types\/page"}],"author":[{"embeddable":true,"href":"https:\/\/accesolatino.org\/en\/wp-json\/wp\/v2\/users\/4"}],"replies":[{"embeddable":true,"href":"https:\/\/accesolatino.org\/en\/wp-json\/wp\/v2\/comments?post=23461"}],"version-history":[{"count":1,"href":"https:\/\/accesolatino.org\/en\/wp-json\/wp\/v2\/pages\/23461\/revisions"}],"predecessor-version":[{"id":63986,"href":"https:\/\/accesolatino.org\/en\/wp-json\/wp\/v2\/pages\/23461\/revisions\/63986"}],"up":[{"embeddable":true,"href":"https:\/\/accesolatino.org\/en\/wp-json\/wp\/v2\/pages\/4668"}],"wp:featuredmedia":[{"embeddable":true,"href":"https:\/\/accesolatino.org\/en\/wp-json\/wp\/v2\/media\/23463"}],"wp:attachment":[{"href":"https:\/\/accesolatino.org\/en\/wp-json\/wp\/v2\/media?parent=23461"}],"curies":[{"name":"wp","href":"https:\/\/api.w.org\/{rel}","templated":true}]}}