{"id":23402,"date":"2020-10-28T08:30:26","date_gmt":"2020-10-28T14:30:26","guid":{"rendered":"https:\/\/accesolatino.org\/?page_id=23402"},"modified":"2025-10-17T13:37:26","modified_gmt":"2025-10-17T19:37:26","slug":"encuentra-la-embajada-o-consulados-de-colombia","status":"publish","type":"page","link":"https:\/\/accesolatino.org\/en\/encuentra-la-embajada-o-consulados-de-colombia\/","title":{"rendered":"Find the Embassy or Consulate of Colombia"},"content":{"rendered":"<div data-elementor-type=\"wp-post\" data-elementor-id=\"23402\" class=\"elementor elementor-23402\">\n\t\t\t\t\t\t<section class=\"elementor-section elementor-top-section elementor-element elementor-element-11e5292 elementor-section-stretched elementor-section-boxed elementor-section-height-default elementor-section-height-default wpr-particle-no wpr-jarallax-no wpr-parallax-no wpr-sticky-section-no wpr-equal-height-no\" data-id=\"11e5292\" data-element_type=\"section\" data-e-type=\"section\" data-settings=\"{&quot;stretch_section&quot;:&quot;section-stretched&quot;,&quot;background_background&quot;:&quot;classic&quot;}\">\n\t\t\t\t\t\t<div class=\"elementor-container elementor-column-gap-default\">\n\t\t\t\t\t<div class=\"elementor-column elementor-col-100 elementor-top-column elementor-element elementor-element-6f1295c\" data-id=\"6f1295c\" data-element_type=\"column\" data-e-type=\"column\">\n\t\t\t<div class=\"elementor-widget-wrap elementor-element-populated\">\n\t\t\t\t\t\t<div class=\"elementor-element elementor-element-9be207c elementor-widget elementor-widget-heading\" data-id=\"9be207c\" data-element_type=\"widget\" data-e-type=\"widget\" data-widget_type=\"heading.default\">\n\t\t\t\t<div class=\"elementor-widget-container\">\n\t\t\t\t\t<h3 class=\"elementor-heading-title elementor-size-default\">Find the Embassy or Consulate of Colombia<\/h3>\t\t\t\t<\/div>\n\t\t\t\t<\/div>\n\t\t\t\t<div class=\"elementor-element elementor-element-f4fbb40 elementor-widget elementor-widget-text-editor\" data-id=\"f4fbb40\" data-element_type=\"widget\" data-e-type=\"widget\" data-widget_type=\"text-editor.default\">\n\t\t\t\t<div class=\"elementor-widget-container\">\n\t\t\t\t\t\t\t\t\t<p align=\"justify\"><u><a href=\"https:\/\/accesolatino.org\/en\/\"><span style=\"font-family: Arial, serif;\"><span style=\"font-size: medium;\">Acceso Latino<\/span><\/span><\/a><\/u><span style=\"font-family: Arial, serif;\"><span style=\"font-size: medium;\"> pone a tu disposici\u00f3n la lista de la Embajada y los Consulados de Colombia para que sepas a d\u00f3nde acudir en caso de ser necesario.<\/span><\/span><\/p><p align=\"justify\"><span style=\"font-family: Arial, serif;\"><span style=\"font-size: medium;\">Encu\u00e9ntralos aqu\u00ed:<\/span><\/span><\/p><p align=\"justify\"><span style=\"font-family: Arial, serif;\"><span style=\"font-size: medium;\"><u>Embajada<\/u><\/span><\/span><span style=\"font-family: Arial, serif;\"><span style=\"font-size: medium;\">:<\/span><\/span><\/p><p align=\"justify\"><span style=\"font-family: Arial, serif;\"><span style=\"font-size: medium;\"><b>Washington, D.C.: <\/b><\/span><\/span><span style=\"font-family: Arial, serif;\"><span style=\"font-size: medium;\">1724 Massachusetts Avenue N.W. <\/span><\/span><\/p><p align=\"justify\"><span style=\"font-family: Arial, serif;\"><span style=\"font-size: medium;\">Tel\u00e9fono: 202 387 8338<\/span><\/span><\/p><p align=\"justify\"><span style=\"font-family: Arial, serif;\"><span style=\"font-size: medium;\"><u>Consulates<\/u><\/span><\/span><span style=\"font-family: Arial, serif;\"><span style=\"font-size: medium;\">:<\/span><\/span><\/p><p align=\"justify\"><span style=\"font-family: Arial, serif;\"><span style=\"font-size: medium;\"><b>Atlanta:<\/b><\/span><\/span><span style=\"font-family: Arial, serif;\"><span style=\"font-size: medium;\"> 1117 Perimeter Center West, Edificio Norte, 4\u00b0 Piso, Oficina N401<\/span><\/span><\/p><p align=\"justify\"><span style=\"font-family: Arial, serif;\"><span style=\"font-size: medium;\">Tel\u00e9fono: 404 254 3206<\/span><\/span><\/p><p align=\"justify\"><span style=\"font-family: Arial, serif;\"><span style=\"font-size: medium;\"><b>Boston:<\/b><\/span><\/span><span style=\"font-family: Arial, serif;\"><span style=\"font-size: medium;\"> 31 Saint James Avenue, Suite 960<\/span><\/span><\/p><p align=\"justify\"><span style=\"font-family: Arial, serif;\"><span style=\"font-size: medium;\">Tel\u00e9fono: 617 536 6222<\/span><\/span><\/p><p align=\"justify\"><span style=\"font-family: Arial, serif;\"><span style=\"font-size: medium;\"><b>Chicago:<\/b><\/span><\/span><span style=\"font-family: Arial, serif;\"><span style=\"font-size: medium;\"> 500 N. Michigan Avenue, Suite 1960<\/span><\/span><\/p><p align=\"justify\"><span style=\"font-family: Arial, serif;\"><span style=\"font-size: medium;\">Tel\u00e9fonos: 312 923 1196 \/ 312 923 9034 \/ 312 923 9035 <\/span><\/span><\/p><p align=\"justify\"><span style=\"font-family: Arial, serif;\"><span style=\"font-size: medium;\"><b>Houston:<\/b><\/span><\/span><span style=\"font-family: Arial, serif;\"><span style=\"font-size: medium;\"> 2400 Augusta Drive, Suite 400<\/span><\/span><\/p><p align=\"justify\"><span style=\"font-family: Arial, serif;\"><span style=\"font-size: medium;\">Tel\u00e9fono: 346 204 4664 <\/span><\/span><\/p><p align=\"justify\"><span style=\"font-family: Arial, serif;\"><span style=\"font-size: medium;\"><b>Los \u00c1ngeles:<\/b><\/span><\/span><span style=\"font-family: Arial, serif;\"><span style=\"font-size: medium;\"> 8383 Wilshire Boulevar, Suite 420<\/span><\/span><\/p><p align=\"justify\"><span style=\"font-family: Arial, serif;\"><span style=\"font-size: medium;\">Tel\u00e9fonos: 323 653 4299 \/ 323 433 7248<\/span><\/span><\/p><p align=\"justify\"><span style=\"font-family: Arial, serif;\"><span style=\"font-size: medium;\">L\u00ednea gratuita 24\/7: 888 764 3326<\/span><\/span><\/p><p align=\"justify\"><span style=\"font-family: Arial, serif;\"><span style=\"font-size: medium;\"><b>Miami:<\/b><\/span><\/span><span style=\"font-family: Arial, serif;\"><span style=\"font-size: medium;\"> 280 Aragon Avenue, Coral Gables, Florida<\/span><\/span><\/p><p align=\"justify\"><span style=\"font-family: Arial, serif;\"><span style=\"font-size: medium;\">Tel\u00e9fono: 305 902 4602<\/span><\/span><\/p><p align=\"justify\"><span style=\"font-family: Arial, serif;\"><span style=\"font-size: medium;\"><b>Newark:<\/b><\/span><\/span><span style=\"font-family: Arial, serif;\"><span style=\"font-size: medium;\"> 550 Broad Street, 15th Floor<\/span><\/span><\/p><p align=\"justify\"><span style=\"font-family: Arial, serif;\"><span style=\"font-size: medium;\">Tel\u00e9fonos: 862 279 7888 \/ 862 279 7886<\/span><\/span><\/p><p align=\"justify\"><span style=\"font-family: Arial, serif;\"><span style=\"font-size: medium;\">L\u00ednea gratuita: 1888 764 3326<\/span><\/span><\/p><p align=\"justify\"><span style=\"font-family: Arial, serif;\"><span style=\"font-size: medium;\"><b>Nueva York:<\/b><\/span><\/span><span style=\"font-family: Arial, serif;\"><span style=\"font-size: medium;\"> 10 East, 46th Street<\/span><\/span><\/p><p align=\"justify\"><span style=\"font-family: Arial, serif;\"><span style=\"font-size: medium;\">Tel\u00e9fono: 888 764 3326<\/span><\/span><\/p><p align=\"justify\"><span style=\"font-family: Arial, serif;\"><span style=\"font-size: medium;\"><b>Orlando:<\/b><\/span><\/span><span style=\"font-family: Arial, serif;\"><span style=\"font-size: medium;\"> 5850 T.G. Lee Boulevard, Edificio Citadel 1, Suite 260<\/span><\/span><\/p><p align=\"justify\"><span style=\"font-family: Arial, serif;\"><span style=\"font-size: medium;\">Tel\u00e9fono: 407 650 4274<\/span><\/span><\/p><p align=\"justify\"><span style=\"font-family: Arial, serif;\"><span style=\"font-size: medium;\"><b>San Francisco:<\/b><\/span><\/span><span style=\"font-family: Arial, serif;\"><span style=\"font-size: medium;\"> 595 Market Street, Suite 1190<\/span><\/span><\/p><p align=\"justify\"><span style=\"font-family: Arial, serif;\"><span style=\"font-size: medium;\">Tel\u00e9fonos: 415 495 7195 \/ 415 495 7196<\/span><\/span><\/p><p align=\"justify\"><span style=\"font-family: Arial, serif;\"><span style=\"font-size: medium;\"><b>Washington, D.C.:<\/b><\/span><\/span><span style=\"font-family: Arial, serif;\"><span style=\"font-size: medium;\"> 1724 Massachusetts Avenue N.W., Piso 2<\/span><\/span><\/p><p align=\"justify\"><span style=\"font-family: Arial, serif;\"><span style=\"font-size: medium;\">Tel\u00e9fono: 202 885 9279<\/span><\/span><\/p><p align=\"justify\"><span style=\"font-family: Arial, serif;\"><span style=\"font-size: medium;\">Para m\u00e1s informaci\u00f3n, contacta directamente a tu Embajada o Consulado.<\/span><\/span><\/p>\t\t\t\t\t\t\t\t<\/div>\n\t\t\t\t<\/div>\n\t\t\t\t<div class=\"elementor-element elementor-element-64b0741 elementor-widget elementor-widget-spacer\" data-id=\"64b0741\" data-element_type=\"widget\" data-e-type=\"widget\" data-widget_type=\"spacer.default\">\n\t\t\t\t<div class=\"elementor-widget-container\">\n\t\t\t\t\t\t\t<div class=\"elementor-spacer\">\n\t\t\t<div class=\"elementor-spacer-inner\"><\/div>\n\t\t<\/div>\n\t\t\t\t\t\t<\/div>\n\t\t\t\t<\/div>\n\t\t\t\t\t<\/div>\n\t\t<\/div>\n\t\t\t\t\t<\/div>\n\t\t<\/section>\n\t\t\t\t<\/div>","protected":false},"excerpt":{"rendered":"<p>Encuentra la Embajada o Consulados de Colombia Acceso Latino pone a tu disposici\u00f3n la lista de la Embajada y los Consulados de Colombia para que sepas a d\u00f3nde acudir en caso de ser necesario. Encu\u00e9ntralos aqu\u00ed: Embajada: Washington, D.C.: 1724 Massachusetts Avenue N.W. Tel\u00e9fono: 202 387 8338 Consulados: Atlanta: 1117 Perimeter Center West, Edificio Norte, 4\u00b0 Piso, Oficina N401 Tel\u00e9fono: 404 254 3206 Boston: 31 Saint James Avenue, Suite 960 Tel\u00e9fono: 617 536 6222 Chicago: 500 N. Michigan Avenue, Suite 1960 Tel\u00e9fonos: 312 923 1196 \/ 312 923 9034 \/ 312 923 9035 Houston: 2400 Augusta Drive, Suite 400 Tel\u00e9fono: 346 204 4664 Los \u00c1ngeles: 8383 Wilshire Boulevar, Suite 420 Tel\u00e9fonos: 323 653 4299 \/ 323 433 7248 L\u00ednea gratuita 24\/7: 888 764 3326 Miami: 280 Aragon Avenue, Coral Gables, Florida Tel\u00e9fono: 305 902 4602 Newark: 550 Broad Street, 15th Floor Tel\u00e9fonos: 862 279 7888 \/ 862 279 7886 L\u00ednea gratuita: 1888 764 3326 Nueva York: 10 East, 46th Street Tel\u00e9fono: 888 764 3326 Orlando: 5850 T.G. Lee Boulevard, Edificio Citadel 1, Suite 260 Tel\u00e9fono: 407 650 4274 San Francisco: 595 Market Street, Suite 1190 Tel\u00e9fonos: 415 495 7195 \/ 415 495 7196 Washington, D.C.: 1724 Massachusetts Avenue N.W., Piso 2 Tel\u00e9fono: 202 885 9279 Para m\u00e1s informaci\u00f3n, contacta directamente a tu Embajada o Consulado.<\/p>","protected":false},"author":8,"featured_media":23404,"parent":0,"menu_order":0,"comment_status":"closed","ping_status":"closed","template":"elementor_header_footer","meta":{"_uf_show_specific_survey":0,"_uf_disable_surveys":false,"footnotes":""},"class_list":["post-23402","page","type-page","status-publish","has-post-thumbnail"],"aioseo_notices":[],"yoast_head":"<!-- This site is optimized with the Yoast SEO plugin v27.4 - https:\/\/yoast.com\/product\/yoast-seo-wordpress\/ -->\n<title>Encuentra la Embajada o Consulados de Colombia<\/title>\n<meta name=\"description\" content=\"Encuentra la\u00a0Embajada\u00a0o Consulados de Colombia Acceso Latino pone a tu disposici\u00f3n la lista de la\u00a0Embajada\u00a0y los Consulados de Colombia...\" \/>\n<meta name=\"robots\" content=\"index, follow, max-snippet:-1, max-image-preview:large, max-video-preview:-1\" \/>\n<link rel=\"canonical\" href=\"https:\/\/accesolatino.org\/en\/encuentra-la-embajada-o-consulados-de-colombia\/\" \/>\n<meta property=\"og:locale\" content=\"en_US\" \/>\n<meta property=\"og:type\" content=\"article\" \/>\n<meta property=\"og:title\" content=\"Acceso Latino | Encuentra la Embajada o Consulados de Colombia\" \/>\n<meta property=\"og:description\" content=\"Encuentra la Embajada o Consulados de Colombia\" \/>\n<meta property=\"og:url\" content=\"https:\/\/accesolatino.org\/en\/encuentra-la-embajada-o-consulados-de-colombia\/\" \/>\n<meta property=\"og:site_name\" content=\"Acceso Latino\" \/>\n<meta property=\"article:publisher\" content=\"https:\/\/www.facebook.com\/AccesoLatinoOrg\" \/>\n<meta property=\"article:modified_time\" content=\"2025-10-17T19:37:26+00:00\" \/>\n<meta property=\"og:image\" content=\"https:\/\/accesolatino.org\/wp-content\/uploads\/2020\/10\/Encuentra-la-Embajada-o-Consulado-de-Colombia.png\" \/>\n\t<meta property=\"og:image:width\" content=\"600\" \/>\n\t<meta property=\"og:image:height\" content=\"338\" \/>\n\t<meta property=\"og:image:type\" content=\"image\/png\" \/>\n<meta name=\"twitter:card\" content=\"summary_large_image\" \/>\n<meta name=\"twitter:title\" content=\"Acceso Latino | Encuentra la Embajada o Consulados de Colombia\" \/>\n<meta name=\"twitter:description\" content=\"Encuentra la Embajada o Consulados de Colombia\" \/>\n<meta name=\"twitter:image\" content=\"https:\/\/accesolatino.org\/wp-content\/uploads\/2020\/10\/Encuentra-la-Embajada-o-Consulado-de-Colombia.png\" \/>\n<meta name=\"twitter:site\" content=\"@FAccLatino\" \/>\n<meta name=\"twitter:label1\" content=\"Est. reading time\" \/>\n\t<meta name=\"twitter:data1\" content=\"2 minutes\" \/>\n<script type=\"application\/ld+json\" class=\"yoast-schema-graph\">{\"@context\":\"https:\\\/\\\/schema.org\",\"@graph\":[{\"@type\":\"WebPage\",\"@id\":\"https:\\\/\\\/accesolatino.org\\\/en\\\/encuentra-la-embajada-o-consulados-de-colombia\\\/\",\"url\":\"https:\\\/\\\/accesolatino.org\\\/en\\\/encuentra-la-embajada-o-consulados-de-colombia\\\/\",\"name\":\"Encuentra la Embajada o Consulados de Colombia\",\"isPartOf\":{\"@id\":\"https:\\\/\\\/accesolatino.org\\\/#website\"},\"primaryImageOfPage\":{\"@id\":\"https:\\\/\\\/accesolatino.org\\\/en\\\/encuentra-la-embajada-o-consulados-de-colombia\\\/#primaryimage\"},\"image\":{\"@id\":\"https:\\\/\\\/accesolatino.org\\\/en\\\/encuentra-la-embajada-o-consulados-de-colombia\\\/#primaryimage\"},\"thumbnailUrl\":\"https:\\\/\\\/accesolatino.org\\\/wp-content\\\/uploads\\\/2020\\\/10\\\/Encuentra-la-Embajada-o-Consulado-de-Colombia.png\",\"datePublished\":\"2020-10-28T14:30:26+00:00\",\"dateModified\":\"2025-10-17T19:37:26+00:00\",\"description\":\"Encuentra la\u00a0Embajada\u00a0o Consulados de Colombia Acceso Latino pone a tu disposici\u00f3n la lista de la\u00a0Embajada\u00a0y los Consulados de Colombia...\",\"breadcrumb\":{\"@id\":\"https:\\\/\\\/accesolatino.org\\\/en\\\/encuentra-la-embajada-o-consulados-de-colombia\\\/#breadcrumb\"},\"inLanguage\":\"en-US\",\"potentialAction\":[{\"@type\":\"ReadAction\",\"target\":[\"https:\\\/\\\/accesolatino.org\\\/en\\\/encuentra-la-embajada-o-consulados-de-colombia\\\/\"]}]},{\"@type\":\"ImageObject\",\"inLanguage\":\"en-US\",\"@id\":\"https:\\\/\\\/accesolatino.org\\\/en\\\/encuentra-la-embajada-o-consulados-de-colombia\\\/#primaryimage\",\"url\":\"https:\\\/\\\/accesolatino.org\\\/wp-content\\\/uploads\\\/2020\\\/10\\\/Encuentra-la-Embajada-o-Consulado-de-Colombia.png\",\"contentUrl\":\"https:\\\/\\\/accesolatino.org\\\/wp-content\\\/uploads\\\/2020\\\/10\\\/Encuentra-la-Embajada-o-Consulado-de-Colombia.png\",\"width\":600,\"height\":338,\"caption\":\"embajada\"},{\"@type\":\"BreadcrumbList\",\"@id\":\"https:\\\/\\\/accesolatino.org\\\/en\\\/encuentra-la-embajada-o-consulados-de-colombia\\\/#breadcrumb\",\"itemListElement\":[{\"@type\":\"ListItem\",\"position\":1,\"name\":\"Portada\",\"item\":\"https:\\\/\\\/accesolatino.org\\\/\"},{\"@type\":\"ListItem\",\"position\":2,\"name\":\"Encuentra la Embajada o Consulados de Colombia\"}]},{\"@type\":\"WebSite\",\"@id\":\"https:\\\/\\\/accesolatino.org\\\/#website\",\"url\":\"https:\\\/\\\/accesolatino.org\\\/\",\"name\":\"Acceso Latino | Fundaci\u00f3n Carlos Slim\",\"description\":\"Fundaci\u00f3n Carlos Slim\",\"publisher\":{\"@id\":\"https:\\\/\\\/accesolatino.org\\\/#organization\"},\"potentialAction\":[{\"@type\":\"SearchAction\",\"target\":{\"@type\":\"EntryPoint\",\"urlTemplate\":\"https:\\\/\\\/accesolatino.org\\\/?s={search_term_string}\"},\"query-input\":{\"@type\":\"PropertyValueSpecification\",\"valueRequired\":true,\"valueName\":\"search_term_string\"}}],\"inLanguage\":\"en-US\"},{\"@type\":\"Organization\",\"@id\":\"https:\\\/\\\/accesolatino.org\\\/#organization\",\"name\":\"Acceso Latino | Fundaci\u00f3n Carlos Slim\",\"url\":\"https:\\\/\\\/accesolatino.org\\\/\",\"logo\":{\"@type\":\"ImageObject\",\"inLanguage\":\"en-US\",\"@id\":\"https:\\\/\\\/accesolatino.org\\\/#\\\/schema\\\/logo\\\/image\\\/\",\"url\":\"https:\\\/\\\/accesolatino.org\\\/wp-content\\\/uploads\\\/2021\\\/02\\\/logo-footer-acceso-latino.png\",\"contentUrl\":\"https:\\\/\\\/accesolatino.org\\\/wp-content\\\/uploads\\\/2021\\\/02\\\/logo-footer-acceso-latino.png\",\"width\":240,\"height\":40,\"caption\":\"Acceso Latino | Fundaci\u00f3n Carlos Slim\"},\"image\":{\"@id\":\"https:\\\/\\\/accesolatino.org\\\/#\\\/schema\\\/logo\\\/image\\\/\"},\"sameAs\":[\"https:\\\/\\\/www.facebook.com\\\/AccesoLatinoOrg\",\"https:\\\/\\\/x.com\\\/FAccLatino\"]}]}<\/script>\n<!-- \/ Yoast SEO plugin. -->","yoast_head_json":{"title":"Find the Embassy or Consulate of Colombia","description":"Encuentra la\u00a0Embajada\u00a0o Consulados de Colombia Acceso Latino pone a tu disposici\u00f3n la lista de la\u00a0Embajada\u00a0y los Consulados de Colombia...","robots":{"index":"index","follow":"follow","max-snippet":"max-snippet:-1","max-image-preview":"max-image-preview:large","max-video-preview":"max-video-preview:-1"},"canonical":"https:\/\/accesolatino.org\/en\/encuentra-la-embajada-o-consulados-de-colombia\/","og_locale":"en_US","og_type":"article","og_title":"Acceso Latino | Encuentra la Embajada o Consulados de Colombia","og_description":"Encuentra la Embajada o Consulados de Colombia","og_url":"https:\/\/accesolatino.org\/en\/encuentra-la-embajada-o-consulados-de-colombia\/","og_site_name":"Acceso Latino","article_publisher":"https:\/\/www.facebook.com\/AccesoLatinoOrg","article_modified_time":"2025-10-17T19:37:26+00:00","og_image":[{"width":600,"height":338,"url":"https:\/\/accesolatino.org\/wp-content\/uploads\/2020\/10\/Encuentra-la-Embajada-o-Consulado-de-Colombia.png","type":"image\/png"}],"twitter_card":"summary_large_image","twitter_title":"Acceso Latino | Encuentra la Embajada o Consulados de Colombia","twitter_description":"Encuentra la Embajada o Consulados de Colombia","twitter_image":"https:\/\/accesolatino.org\/wp-content\/uploads\/2020\/10\/Encuentra-la-Embajada-o-Consulado-de-Colombia.png","twitter_site":"@FAccLatino","twitter_misc":{"Est. reading time":"2 minutes"},"schema":{"@context":"https:\/\/schema.org","@graph":[{"@type":"WebPage","@id":"https:\/\/accesolatino.org\/en\/encuentra-la-embajada-o-consulados-de-colombia\/","url":"https:\/\/accesolatino.org\/en\/encuentra-la-embajada-o-consulados-de-colombia\/","name":"Find the Embassy or Consulate of Colombia","isPartOf":{"@id":"https:\/\/accesolatino.org\/#website"},"primaryImageOfPage":{"@id":"https:\/\/accesolatino.org\/en\/encuentra-la-embajada-o-consulados-de-colombia\/#primaryimage"},"image":{"@id":"https:\/\/accesolatino.org\/en\/encuentra-la-embajada-o-consulados-de-colombia\/#primaryimage"},"thumbnailUrl":"https:\/\/accesolatino.org\/wp-content\/uploads\/2020\/10\/Encuentra-la-Embajada-o-Consulado-de-Colombia.png","datePublished":"2020-10-28T14:30:26+00:00","dateModified":"2025-10-17T19:37:26+00:00","description":"Encuentra la\u00a0Embajada\u00a0o Consulados de Colombia Acceso Latino pone a tu disposici\u00f3n la lista de la\u00a0Embajada\u00a0y los Consulados de Colombia...","breadcrumb":{"@id":"https:\/\/accesolatino.org\/en\/encuentra-la-embajada-o-consulados-de-colombia\/#breadcrumb"},"inLanguage":"en-US","potentialAction":[{"@type":"ReadAction","target":["https:\/\/accesolatino.org\/en\/encuentra-la-embajada-o-consulados-de-colombia\/"]}]},{"@type":"ImageObject","inLanguage":"en-US","@id":"https:\/\/accesolatino.org\/en\/encuentra-la-embajada-o-consulados-de-colombia\/#primaryimage","url":"https:\/\/accesolatino.org\/wp-content\/uploads\/2020\/10\/Encuentra-la-Embajada-o-Consulado-de-Colombia.png","contentUrl":"https:\/\/accesolatino.org\/wp-content\/uploads\/2020\/10\/Encuentra-la-Embajada-o-Consulado-de-Colombia.png","width":600,"height":338,"caption":"embajada"},{"@type":"BreadcrumbList","@id":"https:\/\/accesolatino.org\/en\/encuentra-la-embajada-o-consulados-de-colombia\/#breadcrumb","itemListElement":[{"@type":"ListItem","position":1,"name":"Portada","item":"https:\/\/accesolatino.org\/"},{"@type":"ListItem","position":2,"name":"Encuentra la Embajada o Consulados de Colombia"}]},{"@type":"WebSite","@id":"https:\/\/accesolatino.org\/#website","url":"https:\/\/accesolatino.org\/","name":"Acceso Latino | Fundaci\u00f3n Carlos Slim","description":"Fundaci\u00f3n Carlos Slim","publisher":{"@id":"https:\/\/accesolatino.org\/#organization"},"potentialAction":[{"@type":"SearchAction","target":{"@type":"EntryPoint","urlTemplate":"https:\/\/accesolatino.org\/?s={search_term_string}"},"query-input":{"@type":"PropertyValueSpecification","valueRequired":true,"valueName":"search_term_string"}}],"inLanguage":"en-US"},{"@type":"Organization","@id":"https:\/\/accesolatino.org\/#organization","name":"Acceso Latino | Fundaci\u00f3n Carlos Slim","url":"https:\/\/accesolatino.org\/","logo":{"@type":"ImageObject","inLanguage":"en-US","@id":"https:\/\/accesolatino.org\/#\/schema\/logo\/image\/","url":"https:\/\/accesolatino.org\/wp-content\/uploads\/2021\/02\/logo-footer-acceso-latino.png","contentUrl":"https:\/\/accesolatino.org\/wp-content\/uploads\/2021\/02\/logo-footer-acceso-latino.png","width":240,"height":40,"caption":"Acceso Latino | Fundaci\u00f3n Carlos Slim"},"image":{"@id":"https:\/\/accesolatino.org\/#\/schema\/logo\/image\/"},"sameAs":["https:\/\/www.facebook.com\/AccesoLatinoOrg","https:\/\/x.com\/FAccLatino"]}]}},"_links":{"self":[{"href":"https:\/\/accesolatino.org\/en\/wp-json\/wp\/v2\/pages\/23402","targetHints":{"allow":["GET"]}}],"collection":[{"href":"https:\/\/accesolatino.org\/en\/wp-json\/wp\/v2\/pages"}],"about":[{"href":"https:\/\/accesolatino.org\/en\/wp-json\/wp\/v2\/types\/page"}],"author":[{"embeddable":true,"href":"https:\/\/accesolatino.org\/en\/wp-json\/wp\/v2\/users\/8"}],"replies":[{"embeddable":true,"href":"https:\/\/accesolatino.org\/en\/wp-json\/wp\/v2\/comments?post=23402"}],"version-history":[{"count":1,"href":"https:\/\/accesolatino.org\/en\/wp-json\/wp\/v2\/pages\/23402\/revisions"}],"predecessor-version":[{"id":64211,"href":"https:\/\/accesolatino.org\/en\/wp-json\/wp\/v2\/pages\/23402\/revisions\/64211"}],"wp:featuredmedia":[{"embeddable":true,"href":"https:\/\/accesolatino.org\/en\/wp-json\/wp\/v2\/media\/23404"}],"wp:attachment":[{"href":"https:\/\/accesolatino.org\/en\/wp-json\/wp\/v2\/media?parent=23402"}],"curies":[{"name":"wp","href":"https:\/\/api.w.org\/{rel}","templated":true}]}}