{"id":23352,"date":"2020-10-23T06:00:00","date_gmt":"2020-10-23T11:00:00","guid":{"rendered":"https:\/\/accesolatino.org\/?page_id=23352"},"modified":"2025-10-15T13:56:35","modified_gmt":"2025-10-15T19:56:35","slug":"clikisalud-net-tu-aliado-de-la-salud","status":"publish","type":"page","link":"https:\/\/accesolatino.org\/en\/salud\/clikisalud-net-tu-aliado-de-la-salud\/","title":{"rendered":"ClikiSalud.net your health ally"},"content":{"rendered":"<div data-elementor-type=\"wp-post\" data-elementor-id=\"23352\" class=\"elementor elementor-23352\">\n\t\t\t\t\t\t<section class=\"elementor-section elementor-top-section elementor-element elementor-element-12581af elementor-section-full_width elementor-section-height-min-height elementor-section-items-stretch elementor-section-height-default wpr-particle-no wpr-jarallax-no wpr-parallax-no wpr-sticky-section-no wpr-equal-height-no\" data-id=\"12581af\" data-element_type=\"section\" data-e-type=\"section\" data-settings=\"{&quot;background_background&quot;:&quot;classic&quot;}\">\n\t\t\t\t\t\t<div class=\"elementor-container elementor-column-gap-no\">\n\t\t\t\t\t<div class=\"elementor-column elementor-col-100 elementor-top-column elementor-element elementor-element-d03ecf7\" data-id=\"d03ecf7\" data-element_type=\"column\" data-e-type=\"column\">\n\t\t\t<div class=\"elementor-widget-wrap elementor-element-populated\">\n\t\t\t\t\t\t<div class=\"elementor-element elementor-element-ca51121 elementor--h-position-center elementor--v-position-middle elementor-widget elementor-widget-slides\" data-id=\"ca51121\" data-element_type=\"widget\" data-e-type=\"widget\" data-settings=\"{&quot;navigation&quot;:&quot;none&quot;,&quot;infinite&quot;:&quot;yes&quot;,&quot;transition&quot;:&quot;slide&quot;,&quot;transition_speed&quot;:500}\" data-widget_type=\"slides.default\">\n\t\t\t\t<div class=\"elementor-widget-container\">\n\t\t\t\t\t\t\t<div class=\"elementor-swiper\">\n\t\t\t<div class=\"elementor-slides-wrapper elementor-main-swiper swiper-container\" dir=\"ltr\" data-animation=\"\">\n\t\t\t\t<div class=\"swiper-wrapper elementor-slides\">\n\t\t\t\t\t\t\t\t\t\t<div class=\"elementor-repeater-item-d983a28 swiper-slide\"><div class=\"swiper-slide-bg\"><\/div><div class=\"swiper-slide-inner\" ><div class=\"swiper-slide-contents\"><div class=\"elementor-slide-heading\">Health<\/div><\/div><\/div><\/div>\t\t\t\t<\/div>\n\t\t\t\t\t\t\t<\/div>\n\t\t<\/div>\n\t\t\t\t\t\t<\/div>\n\t\t\t\t<\/div>\n\t\t\t\t\t<\/div>\n\t\t<\/div>\n\t\t\t\t\t<\/div>\n\t\t<\/section>\n\t\t\t\t<section class=\"elementor-section elementor-top-section elementor-element elementor-element-9a0caab elementor-section-stretched elementor-section-boxed elementor-section-height-default elementor-section-height-default wpr-particle-no wpr-jarallax-no wpr-parallax-no wpr-sticky-section-no wpr-equal-height-no\" data-id=\"9a0caab\" data-element_type=\"section\" data-e-type=\"section\" data-settings=\"{&quot;stretch_section&quot;:&quot;section-stretched&quot;,&quot;background_background&quot;:&quot;classic&quot;}\">\n\t\t\t\t\t\t<div class=\"elementor-container elementor-column-gap-default\">\n\t\t\t\t\t<div class=\"elementor-column elementor-col-100 elementor-top-column elementor-element elementor-element-48c4895\" data-id=\"48c4895\" data-element_type=\"column\" data-e-type=\"column\">\n\t\t\t<div class=\"elementor-widget-wrap elementor-element-populated\">\n\t\t\t\t\t\t<div class=\"elementor-element elementor-element-62b7096 elementor-widget elementor-widget-heading\" data-id=\"62b7096\" data-element_type=\"widget\" data-e-type=\"widget\" data-widget_type=\"heading.default\">\n\t\t\t\t<div class=\"elementor-widget-container\">\n\t\t\t\t\t<h3 class=\"elementor-heading-title elementor-size-default\">ClikiSalud.net your health ally<\/h3>\t\t\t\t<\/div>\n\t\t\t\t<\/div>\n\t\t\t\t<div class=\"elementor-element elementor-element-88a6a94 elementor-widget elementor-widget-text-editor\" data-id=\"88a6a94\" data-element_type=\"widget\" data-e-type=\"widget\" data-widget_type=\"text-editor.default\">\n\t\t\t\t<div class=\"elementor-widget-container\">\n\t\t\t\t\t\t\t\t\tTodo lo que quieras saber sobre salud, lo puedes encontrar en <a href=\"https:\/\/www.clikisalud.net\/\">ClikiSalud.net<\/a>, el portal educativo de Fundaci\u00f3n Carlos Slim. <br><br>Adem\u00e1s de toda la actualidad sobre el coronavirus, esta plataforma educativa habla acerca de los siguientes temas que son importantes para ti: \n\n<ul>\n \t<li>Addictions<\/li>\n \t<li>Autismo<\/li>\n \t<li>C\u00e1ncer<\/li>\n \t<li>Colitis y Gastritis<\/li>\n \t<li>COVID-19<\/li>\n \t<li>Diabetes<\/li>\n \t<li>Dislexia<\/li>\n \t<li>Eco salud<\/li>\n \t<li>Embarazo<\/li>\n \t<li>Epilepsia<\/li>\n \t<li>Hipertensi\u00f3n y Coraz\u00f3n<\/li>\n \t<li>Infarto cerebral <\/li>\n \t<li>Insuficiencia renal y Ri\u00f1\u00f3n<\/li>\n \t<li>Obesidad y Nutrici\u00f3n<\/li>\n \t<li>Salud bucal<\/li>\n \t<li>Salud Mental<\/li>\n \t<li>Salud sexual<\/li>\n \t<li>Vacunaci\u00f3n<\/li>\n \t<li>VIH\/SIDA<\/li>\n<\/ul>\nAdem\u00e1s ofrece herramientas como G\u00e1nale a la Diabetes, que brinda consejos y estrategias para enfrentar esta enfermedad.<br><br>Tambi\u00e9n, encontrar\u00e1s noticias con las \u00faltimas novedades, tips y sugerencias de muchos temas relacionados con tu salud.<br><br>Como en cada etapa las situaciones que vivimos no son las mismas, a trav\u00e9s de los Manuales Tu Salud podr\u00e1s conocer qu\u00e9 sucede en cada una de ellas: crecimiento y desarrollo, alimentaci\u00f3n, higiene y salud, prop\u00f3sitos y h\u00e1bitos, y mitos y realidades. <br><br>La l\u00ednea se divide as\u00ed:\n\n<ul>\n \t<li>0 a 5 a\u00f1os<\/li>\n \t<li>6 a 12 a\u00f1os<\/li>\n \t<li>13 a 17 a\u00f1os<\/li>\n \t<li>18 a 39 a\u00f1os<\/li>\n \t<li>40 a 69 a\u00f1os<\/li>\n \t<li>70 a\u00f1os y m\u00e1s<\/li>\n<\/ul>\nAsimismo, puedes encontrar estas herramientas: APPS de Salud, Calculadoras de Salud, AlimentAccci\u00f3n, el consejo del mes, aprende.org, cuida tu salud despu\u00e9s del sismo y todo lo que necesitas saber sobre el COVID-19.\t\t\t\t\t\t\t\t<\/div>\n\t\t\t\t<\/div>\n\t\t\t\t<div class=\"elementor-element elementor-element-de89bc6 elementor-widget elementor-widget-spacer\" data-id=\"de89bc6\" data-element_type=\"widget\" data-e-type=\"widget\" data-widget_type=\"spacer.default\">\n\t\t\t\t<div class=\"elementor-widget-container\">\n\t\t\t\t\t\t\t<div class=\"elementor-spacer\">\n\t\t\t<div class=\"elementor-spacer-inner\"><\/div>\n\t\t<\/div>\n\t\t\t\t\t\t<\/div>\n\t\t\t\t<\/div>\n\t\t\t\t\t<\/div>\n\t\t<\/div>\n\t\t\t\t\t<\/div>\n\t\t<\/section>\n\t\t\t\t<\/div>","protected":false},"excerpt":{"rendered":"<p>Salud ClikiSalud.net tu aliado de la salud Todo lo que quieras saber sobre salud, lo puedes encontrar en ClikiSalud.net, el portal educativo de Fundaci\u00f3n Carlos Slim. Adem\u00e1s de toda la actualidad sobre el coronavirus, esta plataforma educativa habla acerca de los siguientes temas que son importantes para ti: Adicciones Autismo C\u00e1ncer Colitis y Gastritis COVID-19 Diabetes Dislexia Eco salud Embarazo Epilepsia Hipertensi\u00f3n y Coraz\u00f3n Infarto cerebral Insuficiencia renal y Ri\u00f1\u00f3n Obesidad y Nutrici\u00f3n Salud bucal Salud Mental Salud sexual Vacunaci\u00f3n VIH\/SIDA Adem\u00e1s ofrece herramientas como G\u00e1nale a la Diabetes, que brinda consejos y estrategias para enfrentar esta enfermedad. Tambi\u00e9n, encontrar\u00e1s noticias con las \u00faltimas novedades, tips y sugerencias de muchos temas relacionados con tu salud. Como en cada etapa las situaciones que vivimos no son las mismas, a trav\u00e9s de los Manuales Tu Salud podr\u00e1s conocer qu\u00e9 sucede en cada una de ellas: crecimiento y desarrollo, alimentaci\u00f3n, higiene y salud, prop\u00f3sitos y h\u00e1bitos, y mitos y realidades. La l\u00ednea se divide as\u00ed: 0 a 5 a\u00f1os 6 a 12 a\u00f1os 13 a 17 a\u00f1os 18 a 39 a\u00f1os 40 a 69 a\u00f1os 70 a\u00f1os y m\u00e1s Asimismo, puedes encontrar estas herramientas: APPS de Salud, Calculadoras de Salud, AlimentAccci\u00f3n, el consejo del mes, aprende.org, cuida tu salud despu\u00e9s del sismo y todo lo que necesitas saber sobre el COVID-19.<\/p>","protected":false},"author":4,"featured_media":23354,"parent":4668,"menu_order":0,"comment_status":"closed","ping_status":"closed","template":"elementor_header_footer","meta":{"_uf_show_specific_survey":0,"_uf_disable_surveys":false,"footnotes":""},"class_list":["post-23352","page","type-page","status-publish","has-post-thumbnail"],"aioseo_notices":[],"yoast_head":"<!-- This site is optimized with the Yoast SEO plugin v27.4 - https:\/\/yoast.com\/product\/yoast-seo-wordpress\/ -->\n<title>ClikiSalud.net tu aliado de la salud<\/title>\n<meta name=\"description\" content=\"Conoce tus derechos y lo que Estados Unidos tiene para ofrecer a los migrantes en materia de Salud - Acceso Latino\" \/>\n<meta name=\"robots\" content=\"index, follow, max-snippet:-1, max-image-preview:large, max-video-preview:-1\" \/>\n<link rel=\"canonical\" href=\"https:\/\/accesolatino.org\/en\/salud\/clikisalud-net-tu-aliado-de-la-salud\/\" \/>\n<meta property=\"og:locale\" content=\"en_US\" \/>\n<meta property=\"og:type\" content=\"article\" \/>\n<meta property=\"og:title\" content=\"Acceso Latino | ClikiSalud.net tu aliado de la salud\" \/>\n<meta property=\"og:description\" content=\"Conoce todo lo que Estados Unidos tiene para ofrecer a los migrantes en materia de Salud\" \/>\n<meta property=\"og:url\" content=\"https:\/\/accesolatino.org\/en\/salud\/clikisalud-net-tu-aliado-de-la-salud\/\" \/>\n<meta property=\"og:site_name\" content=\"Acceso Latino\" \/>\n<meta property=\"article:publisher\" content=\"https:\/\/www.facebook.com\/AccesoLatinoOrg\" \/>\n<meta property=\"article:modified_time\" content=\"2025-10-15T19:56:35+00:00\" \/>\n<meta property=\"og:image\" content=\"https:\/\/accesolatino.org\/wp-content\/uploads\/2020\/10\/ClikiSalud.net-tu-aliado-de-la-salud.png\" \/>\n\t<meta property=\"og:image:width\" content=\"600\" \/>\n\t<meta property=\"og:image:height\" content=\"339\" \/>\n\t<meta property=\"og:image:type\" content=\"image\/png\" \/>\n<meta name=\"twitter:card\" content=\"summary_large_image\" \/>\n<meta name=\"twitter:title\" content=\"Acceso Latino | ClikiSalud.net tu aliado de la salud\" \/>\n<meta name=\"twitter:description\" content=\"Conoce todo lo que Estados Unidos tiene para ofrecer a los migrantes en materia de Salud\" \/>\n<meta name=\"twitter:image\" content=\"https:\/\/accesolatino.org\/wp-content\/uploads\/2020\/10\/ClikiSalud.net-tu-aliado-de-la-salud.png\" \/>\n<meta name=\"twitter:site\" content=\"@FAccLatino\" \/>\n<meta name=\"twitter:label1\" content=\"Est. reading time\" \/>\n\t<meta name=\"twitter:data1\" content=\"2 minutes\" \/>\n<script type=\"application\/ld+json\" class=\"yoast-schema-graph\">{\"@context\":\"https:\\\/\\\/schema.org\",\"@graph\":[{\"@type\":\"WebPage\",\"@id\":\"https:\\\/\\\/accesolatino.org\\\/en\\\/salud\\\/clikisalud-net-tu-aliado-de-la-salud\\\/\",\"url\":\"https:\\\/\\\/accesolatino.org\\\/en\\\/salud\\\/clikisalud-net-tu-aliado-de-la-salud\\\/\",\"name\":\"ClikiSalud.net tu aliado de la salud\",\"isPartOf\":{\"@id\":\"https:\\\/\\\/accesolatino.org\\\/#website\"},\"primaryImageOfPage\":{\"@id\":\"https:\\\/\\\/accesolatino.org\\\/en\\\/salud\\\/clikisalud-net-tu-aliado-de-la-salud\\\/#primaryimage\"},\"image\":{\"@id\":\"https:\\\/\\\/accesolatino.org\\\/en\\\/salud\\\/clikisalud-net-tu-aliado-de-la-salud\\\/#primaryimage\"},\"thumbnailUrl\":\"https:\\\/\\\/accesolatino.org\\\/wp-content\\\/uploads\\\/2020\\\/10\\\/ClikiSalud.net-tu-aliado-de-la-salud.png\",\"datePublished\":\"2020-10-23T11:00:00+00:00\",\"dateModified\":\"2025-10-15T19:56:35+00:00\",\"description\":\"Conoce tus derechos y lo que Estados Unidos tiene para ofrecer a los migrantes en materia de Salud - Acceso Latino\",\"breadcrumb\":{\"@id\":\"https:\\\/\\\/accesolatino.org\\\/en\\\/salud\\\/clikisalud-net-tu-aliado-de-la-salud\\\/#breadcrumb\"},\"inLanguage\":\"en-US\",\"potentialAction\":[{\"@type\":\"ReadAction\",\"target\":[\"https:\\\/\\\/accesolatino.org\\\/en\\\/salud\\\/clikisalud-net-tu-aliado-de-la-salud\\\/\"]}]},{\"@type\":\"ImageObject\",\"inLanguage\":\"en-US\",\"@id\":\"https:\\\/\\\/accesolatino.org\\\/en\\\/salud\\\/clikisalud-net-tu-aliado-de-la-salud\\\/#primaryimage\",\"url\":\"https:\\\/\\\/accesolatino.org\\\/wp-content\\\/uploads\\\/2020\\\/10\\\/ClikiSalud.net-tu-aliado-de-la-salud.png\",\"contentUrl\":\"https:\\\/\\\/accesolatino.org\\\/wp-content\\\/uploads\\\/2020\\\/10\\\/ClikiSalud.net-tu-aliado-de-la-salud.png\",\"width\":600,\"height\":339,\"caption\":\"clikisalud\"},{\"@type\":\"BreadcrumbList\",\"@id\":\"https:\\\/\\\/accesolatino.org\\\/en\\\/salud\\\/clikisalud-net-tu-aliado-de-la-salud\\\/#breadcrumb\",\"itemListElement\":[{\"@type\":\"ListItem\",\"position\":1,\"name\":\"Portada\",\"item\":\"https:\\\/\\\/accesolatino.org\\\/\"},{\"@type\":\"ListItem\",\"position\":2,\"name\":\"Salud\",\"item\":\"https:\\\/\\\/accesolatino.org\\\/salud\\\/\"},{\"@type\":\"ListItem\",\"position\":3,\"name\":\"ClikiSalud.net tu aliado de la salud\"}]},{\"@type\":\"WebSite\",\"@id\":\"https:\\\/\\\/accesolatino.org\\\/#website\",\"url\":\"https:\\\/\\\/accesolatino.org\\\/\",\"name\":\"Acceso Latino | Fundaci\u00f3n Carlos Slim\",\"description\":\"Fundaci\u00f3n Carlos Slim\",\"publisher\":{\"@id\":\"https:\\\/\\\/accesolatino.org\\\/#organization\"},\"potentialAction\":[{\"@type\":\"SearchAction\",\"target\":{\"@type\":\"EntryPoint\",\"urlTemplate\":\"https:\\\/\\\/accesolatino.org\\\/?s={search_term_string}\"},\"query-input\":{\"@type\":\"PropertyValueSpecification\",\"valueRequired\":true,\"valueName\":\"search_term_string\"}}],\"inLanguage\":\"en-US\"},{\"@type\":\"Organization\",\"@id\":\"https:\\\/\\\/accesolatino.org\\\/#organization\",\"name\":\"Acceso Latino | Fundaci\u00f3n Carlos Slim\",\"url\":\"https:\\\/\\\/accesolatino.org\\\/\",\"logo\":{\"@type\":\"ImageObject\",\"inLanguage\":\"en-US\",\"@id\":\"https:\\\/\\\/accesolatino.org\\\/#\\\/schema\\\/logo\\\/image\\\/\",\"url\":\"https:\\\/\\\/accesolatino.org\\\/wp-content\\\/uploads\\\/2021\\\/02\\\/logo-footer-acceso-latino.png\",\"contentUrl\":\"https:\\\/\\\/accesolatino.org\\\/wp-content\\\/uploads\\\/2021\\\/02\\\/logo-footer-acceso-latino.png\",\"width\":240,\"height\":40,\"caption\":\"Acceso Latino | Fundaci\u00f3n Carlos Slim\"},\"image\":{\"@id\":\"https:\\\/\\\/accesolatino.org\\\/#\\\/schema\\\/logo\\\/image\\\/\"},\"sameAs\":[\"https:\\\/\\\/www.facebook.com\\\/AccesoLatinoOrg\",\"https:\\\/\\\/x.com\\\/FAccLatino\"]}]}<\/script>\n<!-- \/ Yoast SEO plugin. -->","yoast_head_json":{"title":"ClikiSalud.net your health ally","description":"Conoce tus derechos y lo que Estados Unidos tiene para ofrecer a los migrantes en materia de Salud - Acceso Latino","robots":{"index":"index","follow":"follow","max-snippet":"max-snippet:-1","max-image-preview":"max-image-preview:large","max-video-preview":"max-video-preview:-1"},"canonical":"https:\/\/accesolatino.org\/en\/salud\/clikisalud-net-tu-aliado-de-la-salud\/","og_locale":"en_US","og_type":"article","og_title":"Acceso Latino | ClikiSalud.net tu aliado de la salud","og_description":"Conoce todo lo que Estados Unidos tiene para ofrecer a los migrantes en materia de Salud","og_url":"https:\/\/accesolatino.org\/en\/salud\/clikisalud-net-tu-aliado-de-la-salud\/","og_site_name":"Acceso Latino","article_publisher":"https:\/\/www.facebook.com\/AccesoLatinoOrg","article_modified_time":"2025-10-15T19:56:35+00:00","og_image":[{"width":600,"height":339,"url":"https:\/\/accesolatino.org\/wp-content\/uploads\/2020\/10\/ClikiSalud.net-tu-aliado-de-la-salud.png","type":"image\/png"}],"twitter_card":"summary_large_image","twitter_title":"Acceso Latino | ClikiSalud.net tu aliado de la salud","twitter_description":"Conoce todo lo que Estados Unidos tiene para ofrecer a los migrantes en materia de Salud","twitter_image":"https:\/\/accesolatino.org\/wp-content\/uploads\/2020\/10\/ClikiSalud.net-tu-aliado-de-la-salud.png","twitter_site":"@FAccLatino","twitter_misc":{"Est. reading time":"2 minutes"},"schema":{"@context":"https:\/\/schema.org","@graph":[{"@type":"WebPage","@id":"https:\/\/accesolatino.org\/en\/salud\/clikisalud-net-tu-aliado-de-la-salud\/","url":"https:\/\/accesolatino.org\/en\/salud\/clikisalud-net-tu-aliado-de-la-salud\/","name":"ClikiSalud.net your health ally","isPartOf":{"@id":"https:\/\/accesolatino.org\/#website"},"primaryImageOfPage":{"@id":"https:\/\/accesolatino.org\/en\/salud\/clikisalud-net-tu-aliado-de-la-salud\/#primaryimage"},"image":{"@id":"https:\/\/accesolatino.org\/en\/salud\/clikisalud-net-tu-aliado-de-la-salud\/#primaryimage"},"thumbnailUrl":"https:\/\/accesolatino.org\/wp-content\/uploads\/2020\/10\/ClikiSalud.net-tu-aliado-de-la-salud.png","datePublished":"2020-10-23T11:00:00+00:00","dateModified":"2025-10-15T19:56:35+00:00","description":"Conoce tus derechos y lo que Estados Unidos tiene para ofrecer a los migrantes en materia de Salud - Acceso Latino","breadcrumb":{"@id":"https:\/\/accesolatino.org\/en\/salud\/clikisalud-net-tu-aliado-de-la-salud\/#breadcrumb"},"inLanguage":"en-US","potentialAction":[{"@type":"ReadAction","target":["https:\/\/accesolatino.org\/en\/salud\/clikisalud-net-tu-aliado-de-la-salud\/"]}]},{"@type":"ImageObject","inLanguage":"en-US","@id":"https:\/\/accesolatino.org\/en\/salud\/clikisalud-net-tu-aliado-de-la-salud\/#primaryimage","url":"https:\/\/accesolatino.org\/wp-content\/uploads\/2020\/10\/ClikiSalud.net-tu-aliado-de-la-salud.png","contentUrl":"https:\/\/accesolatino.org\/wp-content\/uploads\/2020\/10\/ClikiSalud.net-tu-aliado-de-la-salud.png","width":600,"height":339,"caption":"clikisalud"},{"@type":"BreadcrumbList","@id":"https:\/\/accesolatino.org\/en\/salud\/clikisalud-net-tu-aliado-de-la-salud\/#breadcrumb","itemListElement":[{"@type":"ListItem","position":1,"name":"Portada","item":"https:\/\/accesolatino.org\/"},{"@type":"ListItem","position":2,"name":"Salud","item":"https:\/\/accesolatino.org\/salud\/"},{"@type":"ListItem","position":3,"name":"ClikiSalud.net tu aliado de la salud"}]},{"@type":"WebSite","@id":"https:\/\/accesolatino.org\/#website","url":"https:\/\/accesolatino.org\/","name":"Acceso Latino | Fundaci\u00f3n Carlos Slim","description":"Fundaci\u00f3n Carlos Slim","publisher":{"@id":"https:\/\/accesolatino.org\/#organization"},"potentialAction":[{"@type":"SearchAction","target":{"@type":"EntryPoint","urlTemplate":"https:\/\/accesolatino.org\/?s={search_term_string}"},"query-input":{"@type":"PropertyValueSpecification","valueRequired":true,"valueName":"search_term_string"}}],"inLanguage":"en-US"},{"@type":"Organization","@id":"https:\/\/accesolatino.org\/#organization","name":"Acceso Latino | Fundaci\u00f3n Carlos Slim","url":"https:\/\/accesolatino.org\/","logo":{"@type":"ImageObject","inLanguage":"en-US","@id":"https:\/\/accesolatino.org\/#\/schema\/logo\/image\/","url":"https:\/\/accesolatino.org\/wp-content\/uploads\/2021\/02\/logo-footer-acceso-latino.png","contentUrl":"https:\/\/accesolatino.org\/wp-content\/uploads\/2021\/02\/logo-footer-acceso-latino.png","width":240,"height":40,"caption":"Acceso Latino | Fundaci\u00f3n Carlos Slim"},"image":{"@id":"https:\/\/accesolatino.org\/#\/schema\/logo\/image\/"},"sameAs":["https:\/\/www.facebook.com\/AccesoLatinoOrg","https:\/\/x.com\/FAccLatino"]}]}},"_links":{"self":[{"href":"https:\/\/accesolatino.org\/en\/wp-json\/wp\/v2\/pages\/23352","targetHints":{"allow":["GET"]}}],"collection":[{"href":"https:\/\/accesolatino.org\/en\/wp-json\/wp\/v2\/pages"}],"about":[{"href":"https:\/\/accesolatino.org\/en\/wp-json\/wp\/v2\/types\/page"}],"author":[{"embeddable":true,"href":"https:\/\/accesolatino.org\/en\/wp-json\/wp\/v2\/users\/4"}],"replies":[{"embeddable":true,"href":"https:\/\/accesolatino.org\/en\/wp-json\/wp\/v2\/comments?post=23352"}],"version-history":[{"count":1,"href":"https:\/\/accesolatino.org\/en\/wp-json\/wp\/v2\/pages\/23352\/revisions"}],"predecessor-version":[{"id":63999,"href":"https:\/\/accesolatino.org\/en\/wp-json\/wp\/v2\/pages\/23352\/revisions\/63999"}],"up":[{"embeddable":true,"href":"https:\/\/accesolatino.org\/en\/wp-json\/wp\/v2\/pages\/4668"}],"wp:featuredmedia":[{"embeddable":true,"href":"https:\/\/accesolatino.org\/en\/wp-json\/wp\/v2\/media\/23354"}],"wp:attachment":[{"href":"https:\/\/accesolatino.org\/en\/wp-json\/wp\/v2\/media?parent=23352"}],"curies":[{"name":"wp","href":"https:\/\/api.w.org\/{rel}","templated":true}]}}