{"id":23291,"date":"2020-10-19T08:19:35","date_gmt":"2020-10-19T13:19:35","guid":{"rendered":"https:\/\/accesolatino.org\/?page_id=23291"},"modified":"2025-10-17T17:06:24","modified_gmt":"2025-10-17T23:06:24","slug":"lo-que-necesitas-para-solicitar-una-carta-de-asilo","status":"publish","type":"page","link":"https:\/\/accesolatino.org\/en\/lo-que-necesitas-para-solicitar-una-carta-de-asilo\/","title":{"rendered":"What you need to apply for a letter of asylum"},"content":{"rendered":"<div data-elementor-type=\"wp-post\" data-elementor-id=\"23291\" class=\"elementor elementor-23291\">\n\t\t\t\t\t\t<section class=\"elementor-section elementor-top-section elementor-element elementor-element-4fdfe37 elementor-section-full_width elementor-section-height-min-height elementor-section-items-stretch elementor-section-height-default wpr-particle-no wpr-jarallax-no wpr-parallax-no wpr-sticky-section-no wpr-equal-height-no\" data-id=\"4fdfe37\" data-element_type=\"section\" data-e-type=\"section\" data-settings=\"{&quot;background_background&quot;:&quot;classic&quot;}\">\n\t\t\t\t\t\t<div class=\"elementor-container elementor-column-gap-no\">\n\t\t\t\t\t<div class=\"elementor-column elementor-col-100 elementor-top-column elementor-element elementor-element-77fb5bc\" data-id=\"77fb5bc\" data-element_type=\"column\" data-e-type=\"column\">\n\t\t\t<div class=\"elementor-widget-wrap elementor-element-populated\">\n\t\t\t\t\t\t<div class=\"elementor-element elementor-element-b8e6810 elementor--h-position-center elementor--v-position-middle elementor-widget elementor-widget-slides\" data-id=\"b8e6810\" data-element_type=\"widget\" data-e-type=\"widget\" data-settings=\"{&quot;navigation&quot;:&quot;none&quot;,&quot;infinite&quot;:&quot;yes&quot;,&quot;transition&quot;:&quot;slide&quot;,&quot;transition_speed&quot;:500}\" data-widget_type=\"slides.default\">\n\t\t\t\t<div class=\"elementor-widget-container\">\n\t\t\t\t\t\t\t<div class=\"elementor-swiper\">\n\t\t\t<div class=\"elementor-slides-wrapper elementor-main-swiper swiper-container\" dir=\"ltr\" data-animation=\"\">\n\t\t\t\t<div class=\"swiper-wrapper elementor-slides\">\n\t\t\t\t\t\t\t\t\t\t<div class=\"elementor-repeater-item-d983a28 swiper-slide\"><div class=\"swiper-slide-bg\"><\/div><div class=\"swiper-slide-inner\" ><div class=\"swiper-slide-contents\"><div class=\"elementor-slide-heading\">Legal Guidance<\/div><\/div><\/div><\/div>\t\t\t\t<\/div>\n\t\t\t\t\t\t\t<\/div>\n\t\t<\/div>\n\t\t\t\t\t\t<\/div>\n\t\t\t\t<\/div>\n\t\t\t\t\t<\/div>\n\t\t<\/div>\n\t\t\t\t\t<\/div>\n\t\t<\/section>\n\t\t\t\t<section class=\"elementor-section elementor-top-section elementor-element elementor-element-37d4def elementor-section-stretched elementor-section-boxed elementor-section-height-default elementor-section-height-default wpr-particle-no wpr-jarallax-no wpr-parallax-no wpr-sticky-section-no wpr-equal-height-no\" data-id=\"37d4def\" data-element_type=\"section\" data-e-type=\"section\" data-settings=\"{&quot;stretch_section&quot;:&quot;section-stretched&quot;,&quot;background_background&quot;:&quot;classic&quot;}\">\n\t\t\t\t\t\t<div class=\"elementor-container elementor-column-gap-default\">\n\t\t\t\t\t<div class=\"elementor-column elementor-col-100 elementor-top-column elementor-element elementor-element-3b3dda1\" data-id=\"3b3dda1\" data-element_type=\"column\" data-e-type=\"column\">\n\t\t\t<div class=\"elementor-widget-wrap elementor-element-populated\">\n\t\t\t\t\t\t<div class=\"elementor-element elementor-element-51a816b elementor-widget elementor-widget-heading\" data-id=\"51a816b\" data-element_type=\"widget\" data-e-type=\"widget\" data-widget_type=\"heading.default\">\n\t\t\t\t<div class=\"elementor-widget-container\">\n\t\t\t\t\t<h3 class=\"elementor-heading-title elementor-size-default\">What you need to apply for a letter of asylum<\/h3>\t\t\t\t<\/div>\n\t\t\t\t<\/div>\n\t\t\t\t<div class=\"elementor-element elementor-element-4f2a184 elementor-widget elementor-widget-text-editor\" data-id=\"4f2a184\" data-element_type=\"widget\" data-e-type=\"widget\" data-widget_type=\"text-editor.default\">\n\t\t\t\t<div class=\"elementor-widget-container\">\n\t\t\t\t\t\t\t\t\tIn <b>Acceso Latino<\/b> te explicamos lo que necesitas para solicitar una carta de asilo al Servicio de Inmigraci\u00f3n y Ciudadan\u00eda (USCIS, por sus siglas en ingl\u00e9s). Si piensas pedirla, necesitas ayuda de un abogado, y por eso en la secci\u00f3n <a href=\"https:\/\/accesolatino.org\/en\/orientacion-legal\/\">Legal Guidance<\/a> recuerda que pueden atenderte tanto gratuitamente como con costo. <br>\n\nLa carta de declaraci\u00f3n personal del solicitante de asilo afirmativo o del asilo defensivo en corte, es imprescindible para la solicitud, ya que de esta manera Estados Unidos puede aceptar tu condici\u00f3n de asilado.<br>\n\nLa carta de asilo se env\u00eda a la corte o a USCIS junto con el formulario <b> I-589<\/b>. Para que la aprueben, debe ser cre\u00edble, por lo que no debes caer en inconsistencias en lo escrito y en lo que se alegar\u00e1 posteriormente. No debe haber grandes diferencias porque podr\u00edan pensar que est\u00e1s mintiendo y por ende, no te otorgar\u00edan el asilo.<br>\n\nLo m\u00e1s importante que debe decir en la carta, es por qu\u00e9 has dejado tu pa\u00eds y los temores que tienes por regresar a \u00e9l. Seguido, es importante detallar los incidentes que sufriste por religi\u00f3n, raza, nacionalidad, opini\u00f3n pol\u00edtica o por pertenecer a un determinado grupo social. No es necesario poner las fechas, pero s\u00ed una cronolog\u00eda que concuerde con lo que pas\u00f3. Tus familiares y\/o amigos tambi\u00e9n deben describir el momento por el que pasaste. <br>\n\nJunto con tu abogado, deben explicar por qu\u00e9 el gobierno no debe rechazar tu solicitud por creer que te aplican alguna de las prohibiciones legales para obtener este beneficio. Un ejemplo com\u00fan, es que el gobierno alegue que ya has vivido en un tercer pa\u00eds, por lo que debes aclarar que no es as\u00ed.<br>\n\nYa lista tu carta, debes presentar documentos que prueben lo que has dicho sobre tu pa\u00eds de origen, como: recortes de peri\u00f3dico; declaraciones juradas de expertos y testigos; expedientes m\u00e9dicos o psicol\u00f3gicos; fotos que comprueben agresiones, como golpes; diarios personales; documentos oficiales, como expediente de retenciones; cualquier documento que contenga amenazas; carnets de pertenencia a un partido pol\u00edtico; tus declaraciones de solicitud de asilo en forma de carta; entre otros.<br>\n\nEl gobierno sabe que hay documentos que no son f\u00e1ciles de obtener o que no se pueden presentar, y por eso tu abogado debe explicar la situaci\u00f3n. Nunca presentes documentos falsos.<br>\n\nLa carta puede ser escrita en cualquier idioma, pero esta y el resto de los documentos deben estar traducidos al ingl\u00e9s, por lo que necesitas del apoyo de un traductor jurado que certifique la traducci\u00f3n. Hay ciertos documentos que no se deben adjuntar, por lo que lo id\u00f3neo es enviar copias de los mismos. La raz\u00f3n de las copias es porque se pueden quedar con los originales y ya no los podr\u00edas recuperar. El d\u00eda de tu cita, debes llevar los documentos originales para que comprueben que son los mismos que anteriormente mandaste.<br>\n\nRecuerda que debes solicitar el apoyo de un abogado de inmigraci\u00f3n, y los mejores se encuentran en Acceso Latino.<br>\n\n\nFuente: ThoughtCo.\t\t\t\t\t\t\t\t<\/div>\n\t\t\t\t<\/div>\n\t\t\t\t<div class=\"elementor-element elementor-element-e7f75ff elementor-widget elementor-widget-spacer\" data-id=\"e7f75ff\" data-element_type=\"widget\" data-e-type=\"widget\" data-widget_type=\"spacer.default\">\n\t\t\t\t<div class=\"elementor-widget-container\">\n\t\t\t\t\t\t\t<div class=\"elementor-spacer\">\n\t\t\t<div class=\"elementor-spacer-inner\"><\/div>\n\t\t<\/div>\n\t\t\t\t\t\t<\/div>\n\t\t\t\t<\/div>\n\t\t\t\t\t<\/div>\n\t\t<\/div>\n\t\t\t\t\t<\/div>\n\t\t<\/section>\n\t\t\t\t<\/div>","protected":false},"excerpt":{"rendered":"<p>Orientaci\u00f3n Legal Lo que necesitas para solicitar una carta de asilo En Acceso Latino te explicamos lo que necesitas para solicitar una carta de asilo al Servicio de Inmigraci\u00f3n y Ciudadan\u00eda (USCIS, por sus siglas en ingl\u00e9s). Si piensas pedirla, necesitas ayuda de un abogado, y por eso en la secci\u00f3n Orientaci\u00f3n Legal recuerda que pueden atenderte tanto gratuitamente como con costo. La carta de declaraci\u00f3n personal del solicitante de asilo afirmativo o del asilo defensivo en corte, es imprescindible para la solicitud, ya que de esta manera Estados Unidos puede aceptar tu condici\u00f3n de asilado. La carta de asilo se env\u00eda a la corte o a USCIS junto con el formulario I-589. Para que la aprueben, debe ser cre\u00edble, por lo que no debes caer en inconsistencias en lo escrito y en lo que se alegar\u00e1 posteriormente. No debe haber grandes diferencias porque podr\u00edan pensar que est\u00e1s mintiendo y por ende, no te otorgar\u00edan el asilo. Lo m\u00e1s importante que debe decir en la carta, es por qu\u00e9 has dejado tu pa\u00eds y los temores que tienes por regresar a \u00e9l. Seguido, es importante detallar los incidentes que sufriste por religi\u00f3n, raza, nacionalidad, opini\u00f3n pol\u00edtica o por pertenecer a un determinado grupo social. No es necesario poner las fechas, pero s\u00ed una cronolog\u00eda que concuerde con lo que pas\u00f3. Tus familiares y\/o amigos tambi\u00e9n deben describir el momento por el que pasaste. Junto con tu abogado, deben explicar por qu\u00e9 el gobierno no debe rechazar tu solicitud por creer que te aplican alguna de las prohibiciones legales para obtener este beneficio. Un ejemplo com\u00fan, es que el gobierno alegue que ya has vivido en un tercer pa\u00eds, por lo que debes aclarar que no es as\u00ed. Ya lista tu carta, debes presentar documentos que prueben lo que has dicho sobre tu pa\u00eds de origen, como: recortes de peri\u00f3dico; declaraciones juradas de expertos y testigos; expedientes m\u00e9dicos o psicol\u00f3gicos; fotos que comprueben agresiones, como golpes; diarios personales; documentos oficiales, como expediente de retenciones; cualquier documento que contenga amenazas; carnets de pertenencia a un partido pol\u00edtico; tus declaraciones de solicitud de asilo en forma de carta; entre otros. El gobierno sabe que hay documentos que no son f\u00e1ciles de obtener o que no se pueden presentar, y por eso tu abogado debe explicar la situaci\u00f3n. Nunca presentes documentos falsos. La carta puede ser escrita en cualquier idioma, pero esta y el resto de los documentos deben estar traducidos al ingl\u00e9s, por lo que necesitas del apoyo de un traductor jurado que certifique la traducci\u00f3n. Hay ciertos documentos que no se deben adjuntar, por lo que lo id\u00f3neo es enviar copias de los mismos. La raz\u00f3n de las copias es porque se pueden quedar con los originales y ya no los podr\u00edas recuperar. El d\u00eda de tu cita, debes llevar los documentos originales para que comprueben que son los mismos que anteriormente mandaste. Recuerda que debes solicitar el apoyo de un abogado de inmigraci\u00f3n, y los mejores se encuentran en Acceso Latino. Fuente: ThoughtCo.<\/p>","protected":false},"author":8,"featured_media":23293,"parent":0,"menu_order":0,"comment_status":"closed","ping_status":"closed","template":"elementor_header_footer","meta":{"_uf_show_specific_survey":0,"_uf_disable_surveys":false,"footnotes":""},"class_list":["post-23291","page","type-page","status-publish","has-post-thumbnail"],"aioseo_notices":[],"yoast_head":"<!-- This site is optimized with the Yoast SEO plugin v27.4 - https:\/\/yoast.com\/product\/yoast-seo-wordpress\/ -->\n<title>Lo que necesitas para solicitar una carta de asilo<\/title>\n<meta name=\"description\" content=\"Orientaci\u00f3n Legal: Lo que necesitas para solicitar una carta de\u00a0asilo\u00a0En Acceso Latino te explicamos lo que necesitas para solicitar una...\" \/>\n<meta name=\"robots\" content=\"index, follow, max-snippet:-1, max-image-preview:large, max-video-preview:-1\" \/>\n<link rel=\"canonical\" href=\"https:\/\/accesolatino.org\/en\/lo-que-necesitas-para-solicitar-una-carta-de-asilo\/\" \/>\n<meta property=\"og:locale\" content=\"en_US\" \/>\n<meta property=\"og:type\" content=\"article\" \/>\n<meta property=\"og:title\" content=\"Acceso Latino | Lo que necesitas para solicitar una carta de asilo\" \/>\n<meta property=\"og:description\" content=\"Lo que necesitas para solicitar una carta de asilo\" \/>\n<meta property=\"og:url\" content=\"https:\/\/accesolatino.org\/en\/lo-que-necesitas-para-solicitar-una-carta-de-asilo\/\" \/>\n<meta property=\"og:site_name\" content=\"Acceso Latino\" \/>\n<meta property=\"article:publisher\" content=\"https:\/\/www.facebook.com\/AccesoLatinoOrg\" \/>\n<meta property=\"article:modified_time\" content=\"2025-10-17T23:06:24+00:00\" \/>\n<meta property=\"og:image\" content=\"https:\/\/accesolatino.org\/wp-content\/uploads\/2020\/10\/Lo-que-necesitas-para-solicitar-una-carta-de-asilo.png\" \/>\n\t<meta property=\"og:image:width\" content=\"600\" \/>\n\t<meta property=\"og:image:height\" content=\"338\" \/>\n\t<meta property=\"og:image:type\" content=\"image\/png\" \/>\n<meta name=\"twitter:card\" content=\"summary_large_image\" \/>\n<meta name=\"twitter:title\" content=\"Acceso Latino | Lo que necesitas para solicitar una carta de asilo\" \/>\n<meta name=\"twitter:description\" content=\"Lo que necesitas para solicitar una carta de asilo\" \/>\n<meta name=\"twitter:image\" content=\"https:\/\/accesolatino.org\/wp-content\/uploads\/2020\/10\/Lo-que-necesitas-para-solicitar-una-carta-de-asilo.png\" \/>\n<meta name=\"twitter:site\" content=\"@FAccLatino\" \/>\n<meta name=\"twitter:label1\" content=\"Est. reading time\" \/>\n\t<meta name=\"twitter:data1\" content=\"3 minutes\" \/>\n<script type=\"application\/ld+json\" class=\"yoast-schema-graph\">{\"@context\":\"https:\\\/\\\/schema.org\",\"@graph\":[{\"@type\":\"WebPage\",\"@id\":\"https:\\\/\\\/accesolatino.org\\\/lo-que-necesitas-para-solicitar-una-carta-de-asilo\\\/\",\"url\":\"https:\\\/\\\/accesolatino.org\\\/lo-que-necesitas-para-solicitar-una-carta-de-asilo\\\/\",\"name\":\"Lo que necesitas para solicitar una carta de asilo\",\"isPartOf\":{\"@id\":\"https:\\\/\\\/accesolatino.org\\\/#website\"},\"primaryImageOfPage\":{\"@id\":\"https:\\\/\\\/accesolatino.org\\\/lo-que-necesitas-para-solicitar-una-carta-de-asilo\\\/#primaryimage\"},\"image\":{\"@id\":\"https:\\\/\\\/accesolatino.org\\\/lo-que-necesitas-para-solicitar-una-carta-de-asilo\\\/#primaryimage\"},\"thumbnailUrl\":\"https:\\\/\\\/accesolatino.org\\\/wp-content\\\/uploads\\\/2020\\\/10\\\/Lo-que-necesitas-para-solicitar-una-carta-de-asilo.png\",\"datePublished\":\"2020-10-19T13:19:35+00:00\",\"dateModified\":\"2025-10-17T23:06:24+00:00\",\"description\":\"Orientaci\u00f3n Legal: Lo que necesitas para solicitar una carta de\u00a0asilo\u00a0En Acceso Latino te explicamos lo que necesitas para solicitar una...\",\"breadcrumb\":{\"@id\":\"https:\\\/\\\/accesolatino.org\\\/lo-que-necesitas-para-solicitar-una-carta-de-asilo\\\/#breadcrumb\"},\"inLanguage\":\"en-US\",\"potentialAction\":[{\"@type\":\"ReadAction\",\"target\":[\"https:\\\/\\\/accesolatino.org\\\/lo-que-necesitas-para-solicitar-una-carta-de-asilo\\\/\"]}]},{\"@type\":\"ImageObject\",\"inLanguage\":\"en-US\",\"@id\":\"https:\\\/\\\/accesolatino.org\\\/lo-que-necesitas-para-solicitar-una-carta-de-asilo\\\/#primaryimage\",\"url\":\"https:\\\/\\\/accesolatino.org\\\/wp-content\\\/uploads\\\/2020\\\/10\\\/Lo-que-necesitas-para-solicitar-una-carta-de-asilo.png\",\"contentUrl\":\"https:\\\/\\\/accesolatino.org\\\/wp-content\\\/uploads\\\/2020\\\/10\\\/Lo-que-necesitas-para-solicitar-una-carta-de-asilo.png\",\"width\":600,\"height\":338,\"caption\":\"asilo\"},{\"@type\":\"BreadcrumbList\",\"@id\":\"https:\\\/\\\/accesolatino.org\\\/lo-que-necesitas-para-solicitar-una-carta-de-asilo\\\/#breadcrumb\",\"itemListElement\":[{\"@type\":\"ListItem\",\"position\":1,\"name\":\"Portada\",\"item\":\"https:\\\/\\\/accesolatino.org\\\/\"},{\"@type\":\"ListItem\",\"position\":2,\"name\":\"Lo que necesitas para solicitar una carta de asilo\"}]},{\"@type\":\"WebSite\",\"@id\":\"https:\\\/\\\/accesolatino.org\\\/#website\",\"url\":\"https:\\\/\\\/accesolatino.org\\\/\",\"name\":\"Acceso Latino | Fundaci\u00f3n Carlos Slim\",\"description\":\"Fundaci\u00f3n Carlos Slim\",\"publisher\":{\"@id\":\"https:\\\/\\\/accesolatino.org\\\/#organization\"},\"potentialAction\":[{\"@type\":\"SearchAction\",\"target\":{\"@type\":\"EntryPoint\",\"urlTemplate\":\"https:\\\/\\\/accesolatino.org\\\/?s={search_term_string}\"},\"query-input\":{\"@type\":\"PropertyValueSpecification\",\"valueRequired\":true,\"valueName\":\"search_term_string\"}}],\"inLanguage\":\"en-US\"},{\"@type\":\"Organization\",\"@id\":\"https:\\\/\\\/accesolatino.org\\\/#organization\",\"name\":\"Acceso Latino | Fundaci\u00f3n Carlos Slim\",\"url\":\"https:\\\/\\\/accesolatino.org\\\/\",\"logo\":{\"@type\":\"ImageObject\",\"inLanguage\":\"en-US\",\"@id\":\"https:\\\/\\\/accesolatino.org\\\/#\\\/schema\\\/logo\\\/image\\\/\",\"url\":\"https:\\\/\\\/accesolatino.org\\\/wp-content\\\/uploads\\\/2021\\\/02\\\/logo-footer-acceso-latino.png\",\"contentUrl\":\"https:\\\/\\\/accesolatino.org\\\/wp-content\\\/uploads\\\/2021\\\/02\\\/logo-footer-acceso-latino.png\",\"width\":240,\"height\":40,\"caption\":\"Acceso Latino | Fundaci\u00f3n Carlos Slim\"},\"image\":{\"@id\":\"https:\\\/\\\/accesolatino.org\\\/#\\\/schema\\\/logo\\\/image\\\/\"},\"sameAs\":[\"https:\\\/\\\/www.facebook.com\\\/AccesoLatinoOrg\",\"https:\\\/\\\/x.com\\\/FAccLatino\"]}]}<\/script>\n<!-- \/ Yoast SEO plugin. -->","yoast_head_json":{"title":"What you need to apply for a letter of asylum","description":"Orientaci\u00f3n Legal: Lo que necesitas para solicitar una carta de\u00a0asilo\u00a0En Acceso Latino te explicamos lo que necesitas para solicitar una...","robots":{"index":"index","follow":"follow","max-snippet":"max-snippet:-1","max-image-preview":"max-image-preview:large","max-video-preview":"max-video-preview:-1"},"canonical":"https:\/\/accesolatino.org\/en\/lo-que-necesitas-para-solicitar-una-carta-de-asilo\/","og_locale":"en_US","og_type":"article","og_title":"Acceso Latino | Lo que necesitas para solicitar una carta de asilo","og_description":"Lo que necesitas para solicitar una carta de asilo","og_url":"https:\/\/accesolatino.org\/en\/lo-que-necesitas-para-solicitar-una-carta-de-asilo\/","og_site_name":"Acceso Latino","article_publisher":"https:\/\/www.facebook.com\/AccesoLatinoOrg","article_modified_time":"2025-10-17T23:06:24+00:00","og_image":[{"width":600,"height":338,"url":"https:\/\/accesolatino.org\/wp-content\/uploads\/2020\/10\/Lo-que-necesitas-para-solicitar-una-carta-de-asilo.png","type":"image\/png"}],"twitter_card":"summary_large_image","twitter_title":"Acceso Latino | Lo que necesitas para solicitar una carta de asilo","twitter_description":"Lo que necesitas para solicitar una carta de asilo","twitter_image":"https:\/\/accesolatino.org\/wp-content\/uploads\/2020\/10\/Lo-que-necesitas-para-solicitar-una-carta-de-asilo.png","twitter_site":"@FAccLatino","twitter_misc":{"Est. reading time":"3 minutes"},"schema":{"@context":"https:\/\/schema.org","@graph":[{"@type":"WebPage","@id":"https:\/\/accesolatino.org\/lo-que-necesitas-para-solicitar-una-carta-de-asilo\/","url":"https:\/\/accesolatino.org\/lo-que-necesitas-para-solicitar-una-carta-de-asilo\/","name":"What you need to apply for a letter of asylum","isPartOf":{"@id":"https:\/\/accesolatino.org\/#website"},"primaryImageOfPage":{"@id":"https:\/\/accesolatino.org\/lo-que-necesitas-para-solicitar-una-carta-de-asilo\/#primaryimage"},"image":{"@id":"https:\/\/accesolatino.org\/lo-que-necesitas-para-solicitar-una-carta-de-asilo\/#primaryimage"},"thumbnailUrl":"https:\/\/accesolatino.org\/wp-content\/uploads\/2020\/10\/Lo-que-necesitas-para-solicitar-una-carta-de-asilo.png","datePublished":"2020-10-19T13:19:35+00:00","dateModified":"2025-10-17T23:06:24+00:00","description":"Orientaci\u00f3n Legal: Lo que necesitas para solicitar una carta de\u00a0asilo\u00a0En Acceso Latino te explicamos lo que necesitas para solicitar una...","breadcrumb":{"@id":"https:\/\/accesolatino.org\/lo-que-necesitas-para-solicitar-una-carta-de-asilo\/#breadcrumb"},"inLanguage":"en-US","potentialAction":[{"@type":"ReadAction","target":["https:\/\/accesolatino.org\/lo-que-necesitas-para-solicitar-una-carta-de-asilo\/"]}]},{"@type":"ImageObject","inLanguage":"en-US","@id":"https:\/\/accesolatino.org\/lo-que-necesitas-para-solicitar-una-carta-de-asilo\/#primaryimage","url":"https:\/\/accesolatino.org\/wp-content\/uploads\/2020\/10\/Lo-que-necesitas-para-solicitar-una-carta-de-asilo.png","contentUrl":"https:\/\/accesolatino.org\/wp-content\/uploads\/2020\/10\/Lo-que-necesitas-para-solicitar-una-carta-de-asilo.png","width":600,"height":338,"caption":"asilo"},{"@type":"BreadcrumbList","@id":"https:\/\/accesolatino.org\/lo-que-necesitas-para-solicitar-una-carta-de-asilo\/#breadcrumb","itemListElement":[{"@type":"ListItem","position":1,"name":"Portada","item":"https:\/\/accesolatino.org\/"},{"@type":"ListItem","position":2,"name":"Lo que necesitas para solicitar una carta de asilo"}]},{"@type":"WebSite","@id":"https:\/\/accesolatino.org\/#website","url":"https:\/\/accesolatino.org\/","name":"Acceso Latino | Fundaci\u00f3n Carlos Slim","description":"Fundaci\u00f3n Carlos Slim","publisher":{"@id":"https:\/\/accesolatino.org\/#organization"},"potentialAction":[{"@type":"SearchAction","target":{"@type":"EntryPoint","urlTemplate":"https:\/\/accesolatino.org\/?s={search_term_string}"},"query-input":{"@type":"PropertyValueSpecification","valueRequired":true,"valueName":"search_term_string"}}],"inLanguage":"en-US"},{"@type":"Organization","@id":"https:\/\/accesolatino.org\/#organization","name":"Acceso Latino | Fundaci\u00f3n Carlos Slim","url":"https:\/\/accesolatino.org\/","logo":{"@type":"ImageObject","inLanguage":"en-US","@id":"https:\/\/accesolatino.org\/#\/schema\/logo\/image\/","url":"https:\/\/accesolatino.org\/wp-content\/uploads\/2021\/02\/logo-footer-acceso-latino.png","contentUrl":"https:\/\/accesolatino.org\/wp-content\/uploads\/2021\/02\/logo-footer-acceso-latino.png","width":240,"height":40,"caption":"Acceso Latino | Fundaci\u00f3n Carlos Slim"},"image":{"@id":"https:\/\/accesolatino.org\/#\/schema\/logo\/image\/"},"sameAs":["https:\/\/www.facebook.com\/AccesoLatinoOrg","https:\/\/x.com\/FAccLatino"]}]}},"_links":{"self":[{"href":"https:\/\/accesolatino.org\/en\/wp-json\/wp\/v2\/pages\/23291","targetHints":{"allow":["GET"]}}],"collection":[{"href":"https:\/\/accesolatino.org\/en\/wp-json\/wp\/v2\/pages"}],"about":[{"href":"https:\/\/accesolatino.org\/en\/wp-json\/wp\/v2\/types\/page"}],"author":[{"embeddable":true,"href":"https:\/\/accesolatino.org\/en\/wp-json\/wp\/v2\/users\/8"}],"replies":[{"embeddable":true,"href":"https:\/\/accesolatino.org\/en\/wp-json\/wp\/v2\/comments?post=23291"}],"version-history":[{"count":1,"href":"https:\/\/accesolatino.org\/en\/wp-json\/wp\/v2\/pages\/23291\/revisions"}],"predecessor-version":[{"id":60320,"href":"https:\/\/accesolatino.org\/en\/wp-json\/wp\/v2\/pages\/23291\/revisions\/60320"}],"wp:featuredmedia":[{"embeddable":true,"href":"https:\/\/accesolatino.org\/en\/wp-json\/wp\/v2\/media\/23293"}],"wp:attachment":[{"href":"https:\/\/accesolatino.org\/en\/wp-json\/wp\/v2\/media?parent=23291"}],"curies":[{"name":"wp","href":"https:\/\/api.w.org\/{rel}","templated":true}]}}