{"id":23273,"date":"2020-10-16T06:00:00","date_gmt":"2020-10-16T11:00:00","guid":{"rendered":"https:\/\/accesolatino.org\/?page_id=23273"},"modified":"2025-10-17T18:21:10","modified_gmt":"2025-10-18T00:21:10","slug":"virginia-autoriza-licencias-de-conducir-a-indocumentados","status":"publish","type":"page","link":"https:\/\/accesolatino.org\/en\/virginia-autoriza-licencias-de-conducir-a-indocumentados\/","title":{"rendered":"Virginia authorizes driver's licenses for undocumented immigrants"},"content":{"rendered":"<div data-elementor-type=\"wp-post\" data-elementor-id=\"23273\" class=\"elementor elementor-23273\">\n\t\t\t\t\t\t<section class=\"elementor-section elementor-top-section elementor-element elementor-element-b630953 elementor-section-full_width elementor-section-height-min-height elementor-section-items-stretch elementor-section-height-default wpr-particle-no wpr-jarallax-no wpr-parallax-no wpr-sticky-section-no wpr-equal-height-no\" data-id=\"b630953\" data-element_type=\"section\" data-e-type=\"section\" data-settings=\"{&quot;background_background&quot;:&quot;classic&quot;}\">\n\t\t\t\t\t\t<div class=\"elementor-container elementor-column-gap-no\">\n\t\t\t\t\t<div class=\"elementor-column elementor-col-100 elementor-top-column elementor-element elementor-element-8fd0bf2\" data-id=\"8fd0bf2\" data-element_type=\"column\" data-e-type=\"column\">\n\t\t\t<div class=\"elementor-widget-wrap elementor-element-populated\">\n\t\t\t\t\t\t<div class=\"elementor-element elementor-element-d69b87d elementor--h-position-center elementor--v-position-middle elementor-widget elementor-widget-slides\" data-id=\"d69b87d\" data-element_type=\"widget\" data-e-type=\"widget\" data-settings=\"{&quot;navigation&quot;:&quot;none&quot;,&quot;infinite&quot;:&quot;yes&quot;,&quot;transition&quot;:&quot;slide&quot;,&quot;transition_speed&quot;:500}\" data-widget_type=\"slides.default\">\n\t\t\t\t<div class=\"elementor-widget-container\">\n\t\t\t\t\t\t\t<div class=\"elementor-swiper\">\n\t\t\t<div class=\"elementor-slides-wrapper elementor-main-swiper swiper-container\" dir=\"ltr\" data-animation=\"\">\n\t\t\t\t<div class=\"swiper-wrapper elementor-slides\">\n\t\t\t\t\t\t\t\t\t\t<div class=\"elementor-repeater-item-d983a28 swiper-slide\"><div class=\"swiper-slide-bg\"><\/div><div class=\"swiper-slide-inner\" ><div class=\"swiper-slide-contents\"><div class=\"elementor-slide-heading\">Processing of Licenses<\/div><\/div><\/div><\/div>\t\t\t\t<\/div>\n\t\t\t\t\t\t\t<\/div>\n\t\t<\/div>\n\t\t\t\t\t\t<\/div>\n\t\t\t\t<\/div>\n\t\t\t\t\t<\/div>\n\t\t<\/div>\n\t\t\t\t\t<\/div>\n\t\t<\/section>\n\t\t\t\t<section class=\"elementor-section elementor-top-section elementor-element elementor-element-06c080f elementor-section-stretched elementor-section-boxed elementor-section-height-default elementor-section-height-default wpr-particle-no wpr-jarallax-no wpr-parallax-no wpr-sticky-section-no wpr-equal-height-no\" data-id=\"06c080f\" data-element_type=\"section\" data-e-type=\"section\" data-settings=\"{&quot;stretch_section&quot;:&quot;section-stretched&quot;,&quot;background_background&quot;:&quot;classic&quot;}\">\n\t\t\t\t\t\t<div class=\"elementor-container elementor-column-gap-default\">\n\t\t\t\t\t<div class=\"elementor-column elementor-col-100 elementor-top-column elementor-element elementor-element-7d55778\" data-id=\"7d55778\" data-element_type=\"column\" data-e-type=\"column\">\n\t\t\t<div class=\"elementor-widget-wrap elementor-element-populated\">\n\t\t\t\t\t\t<div class=\"elementor-element elementor-element-c32e777 elementor-widget elementor-widget-heading\" data-id=\"c32e777\" data-element_type=\"widget\" data-e-type=\"widget\" data-widget_type=\"heading.default\">\n\t\t\t\t<div class=\"elementor-widget-container\">\n\t\t\t\t\t<h3 class=\"elementor-heading-title elementor-size-default\">Virginia authorizes driver's licenses for undocumented immigrants<\/h3>\t\t\t\t<\/div>\n\t\t\t\t<\/div>\n\t\t\t\t<div class=\"elementor-element elementor-element-418781f elementor-widget elementor-widget-text-editor\" data-id=\"418781f\" data-element_type=\"widget\" data-e-type=\"widget\" data-widget_type=\"text-editor.default\">\n\t\t\t\t<div class=\"elementor-widget-container\">\n\t\t\t\t\t\t\t\t\t<p>In the section <a href=\"https:\/\/accesolatino.org\/en\/licencias\/\">Licencias de Conducir<\/a> de Acceso Latino, hay para ti informaci\u00f3n relacionada con la obtenci\u00f3n de una licencia para manejar.<\/p><p>Por esta raz\u00f3n, te decimos que hay buenas noticias para los habitantes del estado de Virginia que son indocumentados.<\/p><p>Alrededor de 25 mil inmigrantes sin documentos en menos de 3 meses podr\u00e1n beneficiarse de contar con su licencia para conducir veh\u00edculos no comerciales sin temor alguno.<\/p><p>La C\u00e1mara Baja del estado asegura que no necesitar\u00e1n demostrar su estatus migratorio con papeles. Y la C\u00e1mara Alta, por otro lado, emitir\u00e1 un permiso diferente al de la licencia s\u00f3lo para este grupo de personas.<\/p><p>A pesar de que esta regla entra vigor el 1\u00b0 de enero del 2021, si quieres tu licencia de conducir, debes sacar la cita desde ya en la del DMV de Virginia, porque debido a la pandemia est\u00e1n presentando demoras en la entrega de las licencias.<br \/><br \/><br \/>Organizaciones defensoras de inmigrantes est\u00e1n en pl\u00e1ticas con el gobierno local para ver los requisitos necesarios y si se pueden canjear las licencias de otros estados por las de Virginia.<br \/><br \/>* Fuente: noticias ya\/Mundo Hisp\u00e1nico<\/p>\t\t\t\t\t\t\t\t<\/div>\n\t\t\t\t<\/div>\n\t\t\t\t<div class=\"elementor-element elementor-element-d314d6a elementor-widget elementor-widget-spacer\" data-id=\"d314d6a\" data-element_type=\"widget\" data-e-type=\"widget\" data-widget_type=\"spacer.default\">\n\t\t\t\t<div class=\"elementor-widget-container\">\n\t\t\t\t\t\t\t<div class=\"elementor-spacer\">\n\t\t\t<div class=\"elementor-spacer-inner\"><\/div>\n\t\t<\/div>\n\t\t\t\t\t\t<\/div>\n\t\t\t\t<\/div>\n\t\t\t\t\t<\/div>\n\t\t<\/div>\n\t\t\t\t\t<\/div>\n\t\t<\/section>\n\t\t\t\t<\/div>","protected":false},"excerpt":{"rendered":"<p>Tr\u00e1mite de Licencias Virginia autoriza licencias de conducir a indocumentados En la secci\u00f3n Licencias de Conducir de Acceso Latino, hay para ti informaci\u00f3n relacionada con la obtenci\u00f3n de una licencia para manejar. Por esta raz\u00f3n, te decimos que hay buenas noticias para los habitantes del estado de Virginia que son indocumentados. Alrededor de 25 mil inmigrantes sin documentos en menos de 3 meses podr\u00e1n beneficiarse de contar con su licencia para conducir veh\u00edculos no comerciales sin temor alguno. La C\u00e1mara Baja del estado asegura que no necesitar\u00e1n demostrar su estatus migratorio con papeles. Y la C\u00e1mara Alta, por otro lado, emitir\u00e1 un permiso diferente al de la licencia s\u00f3lo para este grupo de personas. A pesar de que esta regla entra vigor el 1\u00b0 de enero del 2021, si quieres tu licencia de conducir, debes sacar la cita desde ya en la del DMV de Virginia, porque debido a la pandemia est\u00e1n presentando demoras en la entrega de las licencias. Organizaciones defensoras de inmigrantes est\u00e1n en pl\u00e1ticas con el gobierno local para ver los requisitos necesarios y si se pueden canjear las licencias de otros estados por las de Virginia. * Fuente: noticias ya\/Mundo Hisp\u00e1nico<\/p>","protected":false},"author":9,"featured_media":23275,"parent":0,"menu_order":0,"comment_status":"closed","ping_status":"closed","template":"elementor_header_footer","meta":{"_uf_show_specific_survey":0,"_uf_disable_surveys":false,"footnotes":""},"class_list":["post-23273","page","type-page","status-publish","has-post-thumbnail"],"aioseo_notices":[],"yoast_head":"<!-- This site is optimized with the Yoast SEO plugin v27.5 - https:\/\/yoast.com\/product\/yoast-seo-wordpress\/ -->\n<title>Virginia autoriza licencias de conducir a indocumentados<\/title>\n<meta name=\"description\" content=\"Conoce las Instituciones que te pueden ser de ayuda en otros pa\u00edses.\" \/>\n<meta name=\"robots\" content=\"index, follow, max-snippet:-1, max-image-preview:large, max-video-preview:-1\" \/>\n<link rel=\"canonical\" href=\"https:\/\/accesolatino.org\/en\/virginia-autoriza-licencias-de-conducir-a-indocumentados\/\" \/>\n<meta property=\"og:locale\" content=\"en_US\" \/>\n<meta property=\"og:type\" content=\"article\" \/>\n<meta property=\"og:title\" content=\"Acceso Latino | Virginia autoriza licencias de conducir a indocumentados\" \/>\n<meta property=\"og:description\" content=\"Conoce las Instituciones que te pueden ser de ayuda en otros pa\u00edses.\" \/>\n<meta property=\"og:url\" content=\"https:\/\/accesolatino.org\/en\/virginia-autoriza-licencias-de-conducir-a-indocumentados\/\" \/>\n<meta property=\"og:site_name\" content=\"Acceso Latino\" \/>\n<meta property=\"article:publisher\" content=\"https:\/\/www.facebook.com\/AccesoLatinoOrg\" \/>\n<meta property=\"article:modified_time\" content=\"2025-10-18T00:21:10+00:00\" \/>\n<meta property=\"og:image\" content=\"https:\/\/accesolatino.org\/wp-content\/uploads\/2020\/10\/Virginia-autoriza-licencia-de-conducir-a-indocumentados.png\" \/>\n\t<meta property=\"og:image:width\" content=\"600\" \/>\n\t<meta property=\"og:image:height\" content=\"338\" \/>\n\t<meta property=\"og:image:type\" content=\"image\/png\" \/>\n<meta name=\"twitter:card\" content=\"summary_large_image\" \/>\n<meta name=\"twitter:title\" content=\"Acceso Latino | Virginia autoriza licencias de conducir a indocumentados\" \/>\n<meta name=\"twitter:description\" content=\"Conoce las Instituciones que te pueden ser de ayuda en otros pa\u00edses.\" \/>\n<meta name=\"twitter:image\" content=\"https:\/\/accesolatino.org\/wp-content\/uploads\/2020\/10\/Virginia-autoriza-licencia-de-conducir-a-indocumentados.png\" \/>\n<meta name=\"twitter:site\" content=\"@FAccLatino\" \/>\n<meta name=\"twitter:label1\" content=\"Est. reading time\" \/>\n\t<meta name=\"twitter:data1\" content=\"2 minutes\" \/>\n<script type=\"application\/ld+json\" class=\"yoast-schema-graph\">{\"@context\":\"https:\\\/\\\/schema.org\",\"@graph\":[{\"@type\":\"WebPage\",\"@id\":\"https:\\\/\\\/accesolatino.org\\\/en\\\/virginia-autoriza-licencias-de-conducir-a-indocumentados\\\/\",\"url\":\"https:\\\/\\\/accesolatino.org\\\/en\\\/virginia-autoriza-licencias-de-conducir-a-indocumentados\\\/\",\"name\":\"Virginia autoriza licencias de conducir a indocumentados\",\"isPartOf\":{\"@id\":\"https:\\\/\\\/accesolatino.org\\\/#website\"},\"primaryImageOfPage\":{\"@id\":\"https:\\\/\\\/accesolatino.org\\\/en\\\/virginia-autoriza-licencias-de-conducir-a-indocumentados\\\/#primaryimage\"},\"image\":{\"@id\":\"https:\\\/\\\/accesolatino.org\\\/en\\\/virginia-autoriza-licencias-de-conducir-a-indocumentados\\\/#primaryimage\"},\"thumbnailUrl\":\"https:\\\/\\\/accesolatino.org\\\/wp-content\\\/uploads\\\/2020\\\/10\\\/Virginia-autoriza-licencia-de-conducir-a-indocumentados.png\",\"datePublished\":\"2020-10-16T11:00:00+00:00\",\"dateModified\":\"2025-10-18T00:21:10+00:00\",\"description\":\"Conoce las Instituciones que te pueden ser de ayuda en otros pa\u00edses.\",\"breadcrumb\":{\"@id\":\"https:\\\/\\\/accesolatino.org\\\/en\\\/virginia-autoriza-licencias-de-conducir-a-indocumentados\\\/#breadcrumb\"},\"inLanguage\":\"en-US\",\"potentialAction\":[{\"@type\":\"ReadAction\",\"target\":[\"https:\\\/\\\/accesolatino.org\\\/en\\\/virginia-autoriza-licencias-de-conducir-a-indocumentados\\\/\"]}]},{\"@type\":\"ImageObject\",\"inLanguage\":\"en-US\",\"@id\":\"https:\\\/\\\/accesolatino.org\\\/en\\\/virginia-autoriza-licencias-de-conducir-a-indocumentados\\\/#primaryimage\",\"url\":\"https:\\\/\\\/accesolatino.org\\\/wp-content\\\/uploads\\\/2020\\\/10\\\/Virginia-autoriza-licencia-de-conducir-a-indocumentados.png\",\"contentUrl\":\"https:\\\/\\\/accesolatino.org\\\/wp-content\\\/uploads\\\/2020\\\/10\\\/Virginia-autoriza-licencia-de-conducir-a-indocumentados.png\",\"width\":600,\"height\":338},{\"@type\":\"BreadcrumbList\",\"@id\":\"https:\\\/\\\/accesolatino.org\\\/en\\\/virginia-autoriza-licencias-de-conducir-a-indocumentados\\\/#breadcrumb\",\"itemListElement\":[{\"@type\":\"ListItem\",\"position\":1,\"name\":\"Portada\",\"item\":\"https:\\\/\\\/accesolatino.org\\\/\"},{\"@type\":\"ListItem\",\"position\":2,\"name\":\"Virginia autoriza licencias de conducir a indocumentados\"}]},{\"@type\":\"WebSite\",\"@id\":\"https:\\\/\\\/accesolatino.org\\\/#website\",\"url\":\"https:\\\/\\\/accesolatino.org\\\/\",\"name\":\"Acceso Latino | Fundaci\u00f3n Carlos Slim\",\"description\":\"Fundaci\u00f3n Carlos Slim\",\"publisher\":{\"@id\":\"https:\\\/\\\/accesolatino.org\\\/#organization\"},\"potentialAction\":[{\"@type\":\"SearchAction\",\"target\":{\"@type\":\"EntryPoint\",\"urlTemplate\":\"https:\\\/\\\/accesolatino.org\\\/?s={search_term_string}\"},\"query-input\":{\"@type\":\"PropertyValueSpecification\",\"valueRequired\":true,\"valueName\":\"search_term_string\"}}],\"inLanguage\":\"en-US\"},{\"@type\":\"Organization\",\"@id\":\"https:\\\/\\\/accesolatino.org\\\/#organization\",\"name\":\"Acceso Latino | Fundaci\u00f3n Carlos Slim\",\"url\":\"https:\\\/\\\/accesolatino.org\\\/\",\"logo\":{\"@type\":\"ImageObject\",\"inLanguage\":\"en-US\",\"@id\":\"https:\\\/\\\/accesolatino.org\\\/#\\\/schema\\\/logo\\\/image\\\/\",\"url\":\"https:\\\/\\\/accesolatino.org\\\/wp-content\\\/uploads\\\/2021\\\/02\\\/logo-footer-acceso-latino.png\",\"contentUrl\":\"https:\\\/\\\/accesolatino.org\\\/wp-content\\\/uploads\\\/2021\\\/02\\\/logo-footer-acceso-latino.png\",\"width\":240,\"height\":40,\"caption\":\"Acceso Latino | Fundaci\u00f3n Carlos Slim\"},\"image\":{\"@id\":\"https:\\\/\\\/accesolatino.org\\\/#\\\/schema\\\/logo\\\/image\\\/\"},\"sameAs\":[\"https:\\\/\\\/www.facebook.com\\\/AccesoLatinoOrg\",\"https:\\\/\\\/x.com\\\/FAccLatino\"]}]}<\/script>\n<!-- \/ Yoast SEO plugin. -->","yoast_head_json":{"title":"Virginia authorizes driver's licenses for undocumented immigrants","description":"Conoce las Instituciones que te pueden ser de ayuda en otros pa\u00edses.","robots":{"index":"index","follow":"follow","max-snippet":"max-snippet:-1","max-image-preview":"max-image-preview:large","max-video-preview":"max-video-preview:-1"},"canonical":"https:\/\/accesolatino.org\/en\/virginia-autoriza-licencias-de-conducir-a-indocumentados\/","og_locale":"en_US","og_type":"article","og_title":"Acceso Latino | Virginia autoriza licencias de conducir a indocumentados","og_description":"Conoce las Instituciones que te pueden ser de ayuda en otros pa\u00edses.","og_url":"https:\/\/accesolatino.org\/en\/virginia-autoriza-licencias-de-conducir-a-indocumentados\/","og_site_name":"Acceso Latino","article_publisher":"https:\/\/www.facebook.com\/AccesoLatinoOrg","article_modified_time":"2025-10-18T00:21:10+00:00","og_image":[{"width":600,"height":338,"url":"https:\/\/accesolatino.org\/wp-content\/uploads\/2020\/10\/Virginia-autoriza-licencia-de-conducir-a-indocumentados.png","type":"image\/png"}],"twitter_card":"summary_large_image","twitter_title":"Acceso Latino | Virginia autoriza licencias de conducir a indocumentados","twitter_description":"Conoce las Instituciones que te pueden ser de ayuda en otros pa\u00edses.","twitter_image":"https:\/\/accesolatino.org\/wp-content\/uploads\/2020\/10\/Virginia-autoriza-licencia-de-conducir-a-indocumentados.png","twitter_site":"@FAccLatino","twitter_misc":{"Est. reading time":"2 minutes"},"schema":{"@context":"https:\/\/schema.org","@graph":[{"@type":"WebPage","@id":"https:\/\/accesolatino.org\/en\/virginia-autoriza-licencias-de-conducir-a-indocumentados\/","url":"https:\/\/accesolatino.org\/en\/virginia-autoriza-licencias-de-conducir-a-indocumentados\/","name":"Virginia authorizes driver's licenses for undocumented immigrants","isPartOf":{"@id":"https:\/\/accesolatino.org\/#website"},"primaryImageOfPage":{"@id":"https:\/\/accesolatino.org\/en\/virginia-autoriza-licencias-de-conducir-a-indocumentados\/#primaryimage"},"image":{"@id":"https:\/\/accesolatino.org\/en\/virginia-autoriza-licencias-de-conducir-a-indocumentados\/#primaryimage"},"thumbnailUrl":"https:\/\/accesolatino.org\/wp-content\/uploads\/2020\/10\/Virginia-autoriza-licencia-de-conducir-a-indocumentados.png","datePublished":"2020-10-16T11:00:00+00:00","dateModified":"2025-10-18T00:21:10+00:00","description":"Conoce las Instituciones que te pueden ser de ayuda en otros pa\u00edses.","breadcrumb":{"@id":"https:\/\/accesolatino.org\/en\/virginia-autoriza-licencias-de-conducir-a-indocumentados\/#breadcrumb"},"inLanguage":"en-US","potentialAction":[{"@type":"ReadAction","target":["https:\/\/accesolatino.org\/en\/virginia-autoriza-licencias-de-conducir-a-indocumentados\/"]}]},{"@type":"ImageObject","inLanguage":"en-US","@id":"https:\/\/accesolatino.org\/en\/virginia-autoriza-licencias-de-conducir-a-indocumentados\/#primaryimage","url":"https:\/\/accesolatino.org\/wp-content\/uploads\/2020\/10\/Virginia-autoriza-licencia-de-conducir-a-indocumentados.png","contentUrl":"https:\/\/accesolatino.org\/wp-content\/uploads\/2020\/10\/Virginia-autoriza-licencia-de-conducir-a-indocumentados.png","width":600,"height":338},{"@type":"BreadcrumbList","@id":"https:\/\/accesolatino.org\/en\/virginia-autoriza-licencias-de-conducir-a-indocumentados\/#breadcrumb","itemListElement":[{"@type":"ListItem","position":1,"name":"Portada","item":"https:\/\/accesolatino.org\/"},{"@type":"ListItem","position":2,"name":"Virginia autoriza licencias de conducir a indocumentados"}]},{"@type":"WebSite","@id":"https:\/\/accesolatino.org\/#website","url":"https:\/\/accesolatino.org\/","name":"Acceso Latino | Fundaci\u00f3n Carlos Slim","description":"Fundaci\u00f3n Carlos Slim","publisher":{"@id":"https:\/\/accesolatino.org\/#organization"},"potentialAction":[{"@type":"SearchAction","target":{"@type":"EntryPoint","urlTemplate":"https:\/\/accesolatino.org\/?s={search_term_string}"},"query-input":{"@type":"PropertyValueSpecification","valueRequired":true,"valueName":"search_term_string"}}],"inLanguage":"en-US"},{"@type":"Organization","@id":"https:\/\/accesolatino.org\/#organization","name":"Acceso Latino | Fundaci\u00f3n Carlos Slim","url":"https:\/\/accesolatino.org\/","logo":{"@type":"ImageObject","inLanguage":"en-US","@id":"https:\/\/accesolatino.org\/#\/schema\/logo\/image\/","url":"https:\/\/accesolatino.org\/wp-content\/uploads\/2021\/02\/logo-footer-acceso-latino.png","contentUrl":"https:\/\/accesolatino.org\/wp-content\/uploads\/2021\/02\/logo-footer-acceso-latino.png","width":240,"height":40,"caption":"Acceso Latino | Fundaci\u00f3n Carlos Slim"},"image":{"@id":"https:\/\/accesolatino.org\/#\/schema\/logo\/image\/"},"sameAs":["https:\/\/www.facebook.com\/AccesoLatinoOrg","https:\/\/x.com\/FAccLatino"]}]}},"_links":{"self":[{"href":"https:\/\/accesolatino.org\/en\/wp-json\/wp\/v2\/pages\/23273","targetHints":{"allow":["GET"]}}],"collection":[{"href":"https:\/\/accesolatino.org\/en\/wp-json\/wp\/v2\/pages"}],"about":[{"href":"https:\/\/accesolatino.org\/en\/wp-json\/wp\/v2\/types\/page"}],"author":[{"embeddable":true,"href":"https:\/\/accesolatino.org\/en\/wp-json\/wp\/v2\/users\/9"}],"replies":[{"embeddable":true,"href":"https:\/\/accesolatino.org\/en\/wp-json\/wp\/v2\/comments?post=23273"}],"version-history":[{"count":1,"href":"https:\/\/accesolatino.org\/en\/wp-json\/wp\/v2\/pages\/23273\/revisions"}],"predecessor-version":[{"id":64285,"href":"https:\/\/accesolatino.org\/en\/wp-json\/wp\/v2\/pages\/23273\/revisions\/64285"}],"wp:featuredmedia":[{"embeddable":true,"href":"https:\/\/accesolatino.org\/en\/wp-json\/wp\/v2\/media\/23275"}],"wp:attachment":[{"href":"https:\/\/accesolatino.org\/en\/wp-json\/wp\/v2\/media?parent=23273"}],"curies":[{"name":"wp","href":"https:\/\/api.w.org\/{rel}","templated":true}]}}