{"id":23094,"date":"2020-10-05T08:17:38","date_gmt":"2020-10-05T13:17:38","guid":{"rendered":"https:\/\/accesolatino.org\/?page_id=23094"},"modified":"2025-10-13T13:14:54","modified_gmt":"2025-10-13T19:14:54","slug":"solicita-vivienda-en-seccion-8","status":"publish","type":"page","link":"https:\/\/accesolatino.org\/en\/apoyos-sociales\/solicita-vivienda-en-seccion-8\/","title":{"rendered":"Apply for housing in Section 8"},"content":{"rendered":"<div data-elementor-type=\"wp-post\" data-elementor-id=\"23094\" class=\"elementor elementor-23094\">\n\t\t\t\t\t\t<section class=\"elementor-section elementor-top-section elementor-element elementor-element-a65cb34 elementor-section-full_width elementor-section-height-min-height elementor-section-items-stretch elementor-section-height-default wpr-particle-no wpr-jarallax-no wpr-parallax-no wpr-sticky-section-no wpr-equal-height-no\" data-id=\"a65cb34\" data-element_type=\"section\" data-e-type=\"section\" data-settings=\"{&quot;background_background&quot;:&quot;classic&quot;}\">\n\t\t\t\t\t\t<div class=\"elementor-container elementor-column-gap-no\">\n\t\t\t\t\t<div class=\"elementor-column elementor-col-100 elementor-top-column elementor-element elementor-element-e99a807\" data-id=\"e99a807\" data-element_type=\"column\" data-e-type=\"column\">\n\t\t\t<div class=\"elementor-widget-wrap elementor-element-populated\">\n\t\t\t\t\t\t<div class=\"elementor-element elementor-element-f0e8c17 elementor--h-position-center elementor--v-position-middle elementor-widget elementor-widget-slides\" data-id=\"f0e8c17\" data-element_type=\"widget\" data-e-type=\"widget\" data-settings=\"{&quot;navigation&quot;:&quot;none&quot;,&quot;infinite&quot;:&quot;yes&quot;,&quot;transition&quot;:&quot;slide&quot;,&quot;transition_speed&quot;:500}\" data-widget_type=\"slides.default\">\n\t\t\t\t<div class=\"elementor-widget-container\">\n\t\t\t\t\t\t\t<div class=\"elementor-swiper\">\n\t\t\t<div class=\"elementor-slides-wrapper elementor-main-swiper swiper-container\" dir=\"ltr\" data-animation=\"\">\n\t\t\t\t<div class=\"swiper-wrapper elementor-slides\">\n\t\t\t\t\t\t\t\t\t\t<div class=\"elementor-repeater-item-d983a28 swiper-slide\"><div class=\"swiper-slide-bg\"><\/div><div class=\"swiper-slide-inner\" ><div class=\"swiper-slide-contents\"><div class=\"elementor-slide-heading\">Social Supports<\/div><\/div><\/div><\/div>\t\t\t\t<\/div>\n\t\t\t\t\t\t\t<\/div>\n\t\t<\/div>\n\t\t\t\t\t\t<\/div>\n\t\t\t\t<\/div>\n\t\t\t\t\t<\/div>\n\t\t<\/div>\n\t\t\t\t\t<\/div>\n\t\t<\/section>\n\t\t\t\t<section class=\"elementor-section elementor-top-section elementor-element elementor-element-136db44 elementor-section-stretched elementor-section-boxed elementor-section-height-default elementor-section-height-default wpr-particle-no wpr-jarallax-no wpr-parallax-no wpr-sticky-section-no wpr-equal-height-no\" data-id=\"136db44\" data-element_type=\"section\" data-e-type=\"section\" data-settings=\"{&quot;stretch_section&quot;:&quot;section-stretched&quot;,&quot;background_background&quot;:&quot;classic&quot;}\">\n\t\t\t\t\t\t<div class=\"elementor-container elementor-column-gap-default\">\n\t\t\t\t\t<div class=\"elementor-column elementor-col-100 elementor-top-column elementor-element elementor-element-0e2f582\" data-id=\"0e2f582\" data-element_type=\"column\" data-e-type=\"column\">\n\t\t\t<div class=\"elementor-widget-wrap elementor-element-populated\">\n\t\t\t\t\t\t<div class=\"elementor-element elementor-element-3b2ad04 elementor-widget elementor-widget-heading\" data-id=\"3b2ad04\" data-element_type=\"widget\" data-e-type=\"widget\" data-widget_type=\"heading.default\">\n\t\t\t\t<div class=\"elementor-widget-container\">\n\t\t\t\t\t<h3 class=\"elementor-heading-title elementor-size-default\">Apply for housing in Section 8<\/h3>\t\t\t\t<\/div>\n\t\t\t\t<\/div>\n\t\t\t\t<div class=\"elementor-element elementor-element-ac28513 elementor-widget elementor-widget-text-editor\" data-id=\"ac28513\" data-element_type=\"widget\" data-e-type=\"widget\" data-widget_type=\"text-editor.default\">\n\t\t\t\t<div class=\"elementor-widget-container\">\n\t\t\t\t\t\t\t\t\t<p>\u00bfBuscas la casa de tus sue\u00f1os?\u00a0 \u00a1Acceso Latino te ayuda a conseguirla! En la secci\u00f3n Apoyos Sociales se encuentra informaci\u00f3n sobre Section 8 (Secci\u00f3n 8), el cual es el programa del Gobierno Federal en el que puedes solicitar una vivienda.<\/p><p>El programa de vales de elecci\u00f3n de vivienda asiste a familias de muy bajos ingresos, personas de la tercera edad y discapacitados para que puedan acceder a un hogar decente, seguro e higi\u00e9nico en el mercado privado. Te dan la opci\u00f3n de elegir todo tipo de vivienda, como propia, unifamiliar, casas en la ciudad y departamentos.<\/p><p>Las agencias de vivienda p\u00fablica (PHA, por sus siglas en ingl\u00e9s) de cada estado son las encargadas de facilitar los vales. Una vez que tienes el vale, debes buscar un hogar de alquiler (o puede ser donde actualmente vives), pero debes hacerte responsable de pagarlo. PHA es la encargada de pagar el subsidio al propietario a nombre de la familia, pero ustedes deben ser los que paguen la diferencia entre la renta real cobrada por el propietario y la cantidad que el gobierno subsidia.<\/p><p>\u00bfC\u00f3mo saber si re\u00fanes los requisitos?: en la p\u00e1gina de Benefits.gov viene un <a href=\"https:\/\/www.benefits.gov\/es\/benefit\/710\">cuestionario <\/a>sobre la Secci\u00f3n 8 para que sepas si eres elegible para el beneficio, pero aqu\u00ed te decimos un poco lo que necesitas: el ingreso de tu familia no puede sobrepasar el 50% de los ingresos medios del condado o \u00e1rea metropolitana donde quieras vivir; PHA solicitar\u00e1 informaci\u00f3n sobre tus ingresos, bienes y sobre tu familia, y la corroborar\u00e1 con otras agencias locales, tu jefe y el banco; una vez aceptado, PHA te pondr\u00e1 en una lista de espera y despu\u00e9s te otorgar\u00e1 el vale.<\/p><p><br \/>La PHA puede dar preferencia a familias que no tengan d\u00f3nde vivir o sus condiciones de vivienda son muy malas, pague m\u00e1s del 50% de sus ingresos en la renta, o sean desalojadas involuntariamente. Una duda muy com\u00fan es que si a pesar de que ya no vives en esa casa puedes continuar recibiendo los vales, y la respuesta es s\u00ed, siempre y cuando la PHA sepa con anticipaci\u00f3n. Puedes escoger otra vivienda si viv\u00edan bajo la jurisdicci\u00f3n de la PHA emisora del vale cuando pidieron la ayuda.<\/p><p>Si quieres saber m\u00e1s sobre la Secci\u00f3n 8, consulta la tarjeta \u201cOtros Apoyos\u201d dentro de Apoyos Sociales de Acceso Latino.\u00a0<\/p>\t\t\t\t\t\t\t\t<\/div>\n\t\t\t\t<\/div>\n\t\t\t\t<div class=\"elementor-element elementor-element-d8ba049 elementor-widget elementor-widget-spacer\" data-id=\"d8ba049\" data-element_type=\"widget\" data-e-type=\"widget\" data-widget_type=\"spacer.default\">\n\t\t\t\t<div class=\"elementor-widget-container\">\n\t\t\t\t\t\t\t<div class=\"elementor-spacer\">\n\t\t\t<div class=\"elementor-spacer-inner\"><\/div>\n\t\t<\/div>\n\t\t\t\t\t\t<\/div>\n\t\t\t\t<\/div>\n\t\t\t\t\t<\/div>\n\t\t<\/div>\n\t\t\t\t\t<\/div>\n\t\t<\/section>\n\t\t\t\t<\/div>","protected":false},"excerpt":{"rendered":"<p>Apoyos Sociales Solicita vivienda en Secci\u00f3n 8 \u00bfBuscas la casa de tus sue\u00f1os?\u00a0 \u00a1Acceso Latino te ayuda a conseguirla! En la secci\u00f3n Apoyos Sociales se encuentra informaci\u00f3n sobre Section 8 (Secci\u00f3n 8), el cual es el programa del Gobierno Federal en el que puedes solicitar una vivienda. El programa de vales de elecci\u00f3n de vivienda asiste a familias de muy bajos ingresos, personas de la tercera edad y discapacitados para que puedan acceder a un hogar decente, seguro e higi\u00e9nico en el mercado privado. Te dan la opci\u00f3n de elegir todo tipo de vivienda, como propia, unifamiliar, casas en la ciudad y departamentos. Las agencias de vivienda p\u00fablica (PHA, por sus siglas en ingl\u00e9s) de cada estado son las encargadas de facilitar los vales. Una vez que tienes el vale, debes buscar un hogar de alquiler (o puede ser donde actualmente vives), pero debes hacerte responsable de pagarlo. PHA es la encargada de pagar el subsidio al propietario a nombre de la familia, pero ustedes deben ser los que paguen la diferencia entre la renta real cobrada por el propietario y la cantidad que el gobierno subsidia. \u00bfC\u00f3mo saber si re\u00fanes los requisitos?: en la p\u00e1gina de Benefits.gov viene un cuestionario sobre la Secci\u00f3n 8 para que sepas si eres elegible para el beneficio, pero aqu\u00ed te decimos un poco lo que necesitas: el ingreso de tu familia no puede sobrepasar el 50% de los ingresos medios del condado o \u00e1rea metropolitana donde quieras vivir; PHA solicitar\u00e1 informaci\u00f3n sobre tus ingresos, bienes y sobre tu familia, y la corroborar\u00e1 con otras agencias locales, tu jefe y el banco; una vez aceptado, PHA te pondr\u00e1 en una lista de espera y despu\u00e9s te otorgar\u00e1 el vale. La PHA puede dar preferencia a familias que no tengan d\u00f3nde vivir o sus condiciones de vivienda son muy malas, pague m\u00e1s del 50% de sus ingresos en la renta, o sean desalojadas involuntariamente. Una duda muy com\u00fan es que si a pesar de que ya no vives en esa casa puedes continuar recibiendo los vales, y la respuesta es s\u00ed, siempre y cuando la PHA sepa con anticipaci\u00f3n. Puedes escoger otra vivienda si viv\u00edan bajo la jurisdicci\u00f3n de la PHA emisora del vale cuando pidieron la ayuda. Si quieres saber m\u00e1s sobre la Secci\u00f3n 8, consulta la tarjeta \u201cOtros Apoyos\u201d dentro de Apoyos Sociales de Acceso Latino.\u00a0<\/p>","protected":false},"author":6,"featured_media":23096,"parent":1435,"menu_order":0,"comment_status":"closed","ping_status":"closed","template":"elementor_header_footer","meta":{"_uf_show_specific_survey":0,"_uf_disable_surveys":false,"footnotes":""},"class_list":["post-23094","page","type-page","status-publish","has-post-thumbnail"],"aioseo_notices":[],"yoast_head":"<!-- This site is optimized with the Yoast SEO plugin v27.5 - https:\/\/yoast.com\/product\/yoast-seo-wordpress\/ -->\n<title>Solicita vivienda en Secci\u00f3n 8<\/title>\n<meta name=\"description\" content=\"Conoce las diferentes formas en las que los migrantes se pueden ver beneficiados en Estados Unidos - Acceso Latino\" \/>\n<meta name=\"robots\" content=\"index, follow, max-snippet:-1, max-image-preview:large, max-video-preview:-1\" \/>\n<link rel=\"canonical\" href=\"https:\/\/accesolatino.org\/en\/apoyos-sociales\/solicita-vivienda-en-seccion-8\/\" \/>\n<meta property=\"og:locale\" content=\"en_US\" \/>\n<meta property=\"og:type\" content=\"article\" \/>\n<meta property=\"og:title\" content=\"Acceso Latino | Solicita vivienda en Secci\u00f3n 8\" \/>\n<meta property=\"og:description\" content=\"Conoce las diferentes formas en las que los migrantes se pueden ver beneficiados en USA\" \/>\n<meta property=\"og:url\" content=\"https:\/\/accesolatino.org\/en\/apoyos-sociales\/solicita-vivienda-en-seccion-8\/\" \/>\n<meta property=\"og:site_name\" content=\"Acceso Latino\" \/>\n<meta property=\"article:publisher\" content=\"https:\/\/www.facebook.com\/AccesoLatinoOrg\" \/>\n<meta property=\"article:modified_time\" content=\"2025-10-13T19:14:54+00:00\" \/>\n<meta property=\"og:image\" content=\"https:\/\/accesolatino.org\/wp-content\/uploads\/2020\/10\/Solicita-vivienda-en-Seccion-8.png\" \/>\n\t<meta property=\"og:image:width\" content=\"600\" \/>\n\t<meta property=\"og:image:height\" content=\"338\" \/>\n\t<meta property=\"og:image:type\" content=\"image\/png\" \/>\n<meta name=\"twitter:card\" content=\"summary_large_image\" \/>\n<meta name=\"twitter:title\" content=\"Acceso Latino | Solicita vivienda en Secci\u00f3n 8\" \/>\n<meta name=\"twitter:description\" content=\"Conoce las diferentes formas en las que los migrantes se pueden ver beneficiados en USA\" \/>\n<meta name=\"twitter:image\" content=\"https:\/\/accesolatino.org\/wp-content\/uploads\/2020\/10\/Solicita-vivienda-en-Seccion-8.png\" \/>\n<meta name=\"twitter:site\" content=\"@FAccLatino\" \/>\n<meta name=\"twitter:label1\" content=\"Est. reading time\" \/>\n\t<meta name=\"twitter:data1\" content=\"3 minutes\" \/>\n<script type=\"application\/ld+json\" class=\"yoast-schema-graph\">{\"@context\":\"https:\\\/\\\/schema.org\",\"@graph\":[{\"@type\":\"WebPage\",\"@id\":\"https:\\\/\\\/accesolatino.org\\\/en\\\/apoyos-sociales\\\/solicita-vivienda-en-seccion-8\\\/\",\"url\":\"https:\\\/\\\/accesolatino.org\\\/en\\\/apoyos-sociales\\\/solicita-vivienda-en-seccion-8\\\/\",\"name\":\"Solicita vivienda en Secci\u00f3n 8\",\"isPartOf\":{\"@id\":\"https:\\\/\\\/accesolatino.org\\\/#website\"},\"primaryImageOfPage\":{\"@id\":\"https:\\\/\\\/accesolatino.org\\\/en\\\/apoyos-sociales\\\/solicita-vivienda-en-seccion-8\\\/#primaryimage\"},\"image\":{\"@id\":\"https:\\\/\\\/accesolatino.org\\\/en\\\/apoyos-sociales\\\/solicita-vivienda-en-seccion-8\\\/#primaryimage\"},\"thumbnailUrl\":\"https:\\\/\\\/accesolatino.org\\\/wp-content\\\/uploads\\\/2020\\\/10\\\/Solicita-vivienda-en-Seccion-8.png\",\"datePublished\":\"2020-10-05T13:17:38+00:00\",\"dateModified\":\"2025-10-13T19:14:54+00:00\",\"description\":\"Conoce las diferentes formas en las que los migrantes se pueden ver beneficiados en Estados Unidos - Acceso Latino\",\"breadcrumb\":{\"@id\":\"https:\\\/\\\/accesolatino.org\\\/en\\\/apoyos-sociales\\\/solicita-vivienda-en-seccion-8\\\/#breadcrumb\"},\"inLanguage\":\"en-US\",\"potentialAction\":[{\"@type\":\"ReadAction\",\"target\":[\"https:\\\/\\\/accesolatino.org\\\/en\\\/apoyos-sociales\\\/solicita-vivienda-en-seccion-8\\\/\"]}]},{\"@type\":\"ImageObject\",\"inLanguage\":\"en-US\",\"@id\":\"https:\\\/\\\/accesolatino.org\\\/en\\\/apoyos-sociales\\\/solicita-vivienda-en-seccion-8\\\/#primaryimage\",\"url\":\"https:\\\/\\\/accesolatino.org\\\/wp-content\\\/uploads\\\/2020\\\/10\\\/Solicita-vivienda-en-Seccion-8.png\",\"contentUrl\":\"https:\\\/\\\/accesolatino.org\\\/wp-content\\\/uploads\\\/2020\\\/10\\\/Solicita-vivienda-en-Seccion-8.png\",\"width\":600,\"height\":338,\"caption\":\"Solicita vivienda\"},{\"@type\":\"BreadcrumbList\",\"@id\":\"https:\\\/\\\/accesolatino.org\\\/en\\\/apoyos-sociales\\\/solicita-vivienda-en-seccion-8\\\/#breadcrumb\",\"itemListElement\":[{\"@type\":\"ListItem\",\"position\":1,\"name\":\"Portada\",\"item\":\"https:\\\/\\\/accesolatino.org\\\/\"},{\"@type\":\"ListItem\",\"position\":2,\"name\":\"Apoyos Sociales\",\"item\":\"https:\\\/\\\/accesolatino.org\\\/en\\\/apoyos-sociales\\\/\"},{\"@type\":\"ListItem\",\"position\":3,\"name\":\"Solicita vivienda en Secci\u00f3n 8\"}]},{\"@type\":\"WebSite\",\"@id\":\"https:\\\/\\\/accesolatino.org\\\/#website\",\"url\":\"https:\\\/\\\/accesolatino.org\\\/\",\"name\":\"Acceso Latino | Fundaci\u00f3n Carlos Slim\",\"description\":\"Fundaci\u00f3n Carlos Slim\",\"publisher\":{\"@id\":\"https:\\\/\\\/accesolatino.org\\\/#organization\"},\"potentialAction\":[{\"@type\":\"SearchAction\",\"target\":{\"@type\":\"EntryPoint\",\"urlTemplate\":\"https:\\\/\\\/accesolatino.org\\\/?s={search_term_string}\"},\"query-input\":{\"@type\":\"PropertyValueSpecification\",\"valueRequired\":true,\"valueName\":\"search_term_string\"}}],\"inLanguage\":\"en-US\"},{\"@type\":\"Organization\",\"@id\":\"https:\\\/\\\/accesolatino.org\\\/#organization\",\"name\":\"Acceso Latino | Fundaci\u00f3n Carlos Slim\",\"url\":\"https:\\\/\\\/accesolatino.org\\\/\",\"logo\":{\"@type\":\"ImageObject\",\"inLanguage\":\"en-US\",\"@id\":\"https:\\\/\\\/accesolatino.org\\\/#\\\/schema\\\/logo\\\/image\\\/\",\"url\":\"https:\\\/\\\/accesolatino.org\\\/wp-content\\\/uploads\\\/2021\\\/02\\\/logo-footer-acceso-latino.png\",\"contentUrl\":\"https:\\\/\\\/accesolatino.org\\\/wp-content\\\/uploads\\\/2021\\\/02\\\/logo-footer-acceso-latino.png\",\"width\":240,\"height\":40,\"caption\":\"Acceso Latino | Fundaci\u00f3n Carlos Slim\"},\"image\":{\"@id\":\"https:\\\/\\\/accesolatino.org\\\/#\\\/schema\\\/logo\\\/image\\\/\"},\"sameAs\":[\"https:\\\/\\\/www.facebook.com\\\/AccesoLatinoOrg\",\"https:\\\/\\\/x.com\\\/FAccLatino\"]}]}<\/script>\n<!-- \/ Yoast SEO plugin. -->","yoast_head_json":{"title":"Apply for housing in Section 8","description":"Conoce las diferentes formas en las que los migrantes se pueden ver beneficiados en Estados Unidos - Acceso Latino","robots":{"index":"index","follow":"follow","max-snippet":"max-snippet:-1","max-image-preview":"max-image-preview:large","max-video-preview":"max-video-preview:-1"},"canonical":"https:\/\/accesolatino.org\/en\/apoyos-sociales\/solicita-vivienda-en-seccion-8\/","og_locale":"en_US","og_type":"article","og_title":"Acceso Latino | Solicita vivienda en Secci\u00f3n 8","og_description":"Conoce las diferentes formas en las que los migrantes se pueden ver beneficiados en USA","og_url":"https:\/\/accesolatino.org\/en\/apoyos-sociales\/solicita-vivienda-en-seccion-8\/","og_site_name":"Acceso Latino","article_publisher":"https:\/\/www.facebook.com\/AccesoLatinoOrg","article_modified_time":"2025-10-13T19:14:54+00:00","og_image":[{"width":600,"height":338,"url":"https:\/\/accesolatino.org\/wp-content\/uploads\/2020\/10\/Solicita-vivienda-en-Seccion-8.png","type":"image\/png"}],"twitter_card":"summary_large_image","twitter_title":"Acceso Latino | Solicita vivienda en Secci\u00f3n 8","twitter_description":"Conoce las diferentes formas en las que los migrantes se pueden ver beneficiados en USA","twitter_image":"https:\/\/accesolatino.org\/wp-content\/uploads\/2020\/10\/Solicita-vivienda-en-Seccion-8.png","twitter_site":"@FAccLatino","twitter_misc":{"Est. reading time":"3 minutes"},"schema":{"@context":"https:\/\/schema.org","@graph":[{"@type":"WebPage","@id":"https:\/\/accesolatino.org\/en\/apoyos-sociales\/solicita-vivienda-en-seccion-8\/","url":"https:\/\/accesolatino.org\/en\/apoyos-sociales\/solicita-vivienda-en-seccion-8\/","name":"Apply for housing in Section 8","isPartOf":{"@id":"https:\/\/accesolatino.org\/#website"},"primaryImageOfPage":{"@id":"https:\/\/accesolatino.org\/en\/apoyos-sociales\/solicita-vivienda-en-seccion-8\/#primaryimage"},"image":{"@id":"https:\/\/accesolatino.org\/en\/apoyos-sociales\/solicita-vivienda-en-seccion-8\/#primaryimage"},"thumbnailUrl":"https:\/\/accesolatino.org\/wp-content\/uploads\/2020\/10\/Solicita-vivienda-en-Seccion-8.png","datePublished":"2020-10-05T13:17:38+00:00","dateModified":"2025-10-13T19:14:54+00:00","description":"Conoce las diferentes formas en las que los migrantes se pueden ver beneficiados en Estados Unidos - Acceso Latino","breadcrumb":{"@id":"https:\/\/accesolatino.org\/en\/apoyos-sociales\/solicita-vivienda-en-seccion-8\/#breadcrumb"},"inLanguage":"en-US","potentialAction":[{"@type":"ReadAction","target":["https:\/\/accesolatino.org\/en\/apoyos-sociales\/solicita-vivienda-en-seccion-8\/"]}]},{"@type":"ImageObject","inLanguage":"en-US","@id":"https:\/\/accesolatino.org\/en\/apoyos-sociales\/solicita-vivienda-en-seccion-8\/#primaryimage","url":"https:\/\/accesolatino.org\/wp-content\/uploads\/2020\/10\/Solicita-vivienda-en-Seccion-8.png","contentUrl":"https:\/\/accesolatino.org\/wp-content\/uploads\/2020\/10\/Solicita-vivienda-en-Seccion-8.png","width":600,"height":338,"caption":"Solicita vivienda"},{"@type":"BreadcrumbList","@id":"https:\/\/accesolatino.org\/en\/apoyos-sociales\/solicita-vivienda-en-seccion-8\/#breadcrumb","itemListElement":[{"@type":"ListItem","position":1,"name":"Portada","item":"https:\/\/accesolatino.org\/"},{"@type":"ListItem","position":2,"name":"Apoyos Sociales","item":"https:\/\/accesolatino.org\/en\/apoyos-sociales\/"},{"@type":"ListItem","position":3,"name":"Solicita vivienda en Secci\u00f3n 8"}]},{"@type":"WebSite","@id":"https:\/\/accesolatino.org\/#website","url":"https:\/\/accesolatino.org\/","name":"Acceso Latino | Fundaci\u00f3n Carlos Slim","description":"Fundaci\u00f3n Carlos Slim","publisher":{"@id":"https:\/\/accesolatino.org\/#organization"},"potentialAction":[{"@type":"SearchAction","target":{"@type":"EntryPoint","urlTemplate":"https:\/\/accesolatino.org\/?s={search_term_string}"},"query-input":{"@type":"PropertyValueSpecification","valueRequired":true,"valueName":"search_term_string"}}],"inLanguage":"en-US"},{"@type":"Organization","@id":"https:\/\/accesolatino.org\/#organization","name":"Acceso Latino | Fundaci\u00f3n Carlos Slim","url":"https:\/\/accesolatino.org\/","logo":{"@type":"ImageObject","inLanguage":"en-US","@id":"https:\/\/accesolatino.org\/#\/schema\/logo\/image\/","url":"https:\/\/accesolatino.org\/wp-content\/uploads\/2021\/02\/logo-footer-acceso-latino.png","contentUrl":"https:\/\/accesolatino.org\/wp-content\/uploads\/2021\/02\/logo-footer-acceso-latino.png","width":240,"height":40,"caption":"Acceso Latino | Fundaci\u00f3n Carlos Slim"},"image":{"@id":"https:\/\/accesolatino.org\/#\/schema\/logo\/image\/"},"sameAs":["https:\/\/www.facebook.com\/AccesoLatinoOrg","https:\/\/x.com\/FAccLatino"]}]}},"_links":{"self":[{"href":"https:\/\/accesolatino.org\/en\/wp-json\/wp\/v2\/pages\/23094","targetHints":{"allow":["GET"]}}],"collection":[{"href":"https:\/\/accesolatino.org\/en\/wp-json\/wp\/v2\/pages"}],"about":[{"href":"https:\/\/accesolatino.org\/en\/wp-json\/wp\/v2\/types\/page"}],"author":[{"embeddable":true,"href":"https:\/\/accesolatino.org\/en\/wp-json\/wp\/v2\/users\/6"}],"replies":[{"embeddable":true,"href":"https:\/\/accesolatino.org\/en\/wp-json\/wp\/v2\/comments?post=23094"}],"version-history":[{"count":1,"href":"https:\/\/accesolatino.org\/en\/wp-json\/wp\/v2\/pages\/23094\/revisions"}],"predecessor-version":[{"id":63939,"href":"https:\/\/accesolatino.org\/en\/wp-json\/wp\/v2\/pages\/23094\/revisions\/63939"}],"up":[{"embeddable":true,"href":"https:\/\/accesolatino.org\/en\/wp-json\/wp\/v2\/pages\/1435"}],"wp:featuredmedia":[{"embeddable":true,"href":"https:\/\/accesolatino.org\/en\/wp-json\/wp\/v2\/media\/23096"}],"wp:attachment":[{"href":"https:\/\/accesolatino.org\/en\/wp-json\/wp\/v2\/media?parent=23094"}],"curies":[{"name":"wp","href":"https:\/\/api.w.org\/{rel}","templated":true}]}}