{"id":23021,"date":"2020-09-29T10:00:13","date_gmt":"2020-09-29T15:00:13","guid":{"rendered":"https:\/\/accesolatino.org\/?page_id=23021"},"modified":"2025-10-17T14:24:16","modified_gmt":"2025-10-17T20:24:16","slug":"indocumentados-de-nueva-jersey-enfrentarian-dificiles-requisitos-para-obtener-su-licencia","status":"publish","type":"page","link":"https:\/\/accesolatino.org\/en\/indocumentados-de-nueva-jersey-enfrentarian-dificiles-requisitos-para-obtener-su-licencia\/","title":{"rendered":"New Jersey's undocumented immigrants would face difficult licensing requirements"},"content":{"rendered":"<div data-elementor-type=\"wp-post\" data-elementor-id=\"23021\" class=\"elementor elementor-23021\">\n\t\t\t\t\t\t<section class=\"elementor-section elementor-top-section elementor-element elementor-element-275339b elementor-section-full_width elementor-section-height-min-height elementor-section-items-stretch elementor-section-height-default wpr-particle-no wpr-jarallax-no wpr-parallax-no wpr-sticky-section-no\" data-id=\"275339b\" data-element_type=\"section\" data-e-type=\"section\" data-settings=\"{&quot;background_background&quot;:&quot;classic&quot;}\">\n\t\t\t\t\t\t<div class=\"elementor-container elementor-column-gap-no\">\n\t\t\t\t\t<div class=\"elementor-column elementor-col-100 elementor-top-column elementor-element elementor-element-25c4e30\" data-id=\"25c4e30\" data-element_type=\"column\" data-e-type=\"column\">\n\t\t\t<div class=\"elementor-widget-wrap elementor-element-populated\">\n\t\t\t\t\t\t<div class=\"elementor-element elementor-element-f49767e elementor--h-position-center elementor--v-position-middle elementor-widget elementor-widget-slides\" data-id=\"f49767e\" data-element_type=\"widget\" data-e-type=\"widget\" data-settings=\"{&quot;navigation&quot;:&quot;none&quot;,&quot;infinite&quot;:&quot;yes&quot;,&quot;transition&quot;:&quot;slide&quot;,&quot;transition_speed&quot;:500}\" data-widget_type=\"slides.default\">\n\t\t\t\t<div class=\"elementor-widget-container\">\n\t\t\t\t\t\t\t<div class=\"elementor-swiper\">\n\t\t\t<div class=\"elementor-slides-wrapper elementor-main-swiper swiper-container\" dir=\"ltr\" data-animation=\"\">\n\t\t\t\t<div class=\"swiper-wrapper elementor-slides\">\n\t\t\t\t\t\t\t\t\t\t<div class=\"elementor-repeater-item-d983a28 swiper-slide\"><div class=\"swiper-slide-bg\"><\/div><div class=\"swiper-slide-inner\" ><div class=\"swiper-slide-contents\"><div class=\"elementor-slide-heading\">Processing of Licenses<\/div><\/div><\/div><\/div>\t\t\t\t<\/div>\n\t\t\t\t\t\t\t<\/div>\n\t\t<\/div>\n\t\t\t\t\t\t<\/div>\n\t\t\t\t<\/div>\n\t\t\t\t\t<\/div>\n\t\t<\/div>\n\t\t\t\t\t<\/div>\n\t\t<\/section>\n\t\t\t\t<section class=\"elementor-section elementor-top-section elementor-element elementor-element-4769ac3 elementor-section-stretched elementor-section-boxed elementor-section-height-default elementor-section-height-default wpr-particle-no wpr-jarallax-no wpr-parallax-no wpr-sticky-section-no\" data-id=\"4769ac3\" data-element_type=\"section\" data-e-type=\"section\" data-settings=\"{&quot;stretch_section&quot;:&quot;section-stretched&quot;,&quot;background_background&quot;:&quot;classic&quot;}\">\n\t\t\t\t\t\t<div class=\"elementor-container elementor-column-gap-default\">\n\t\t\t\t\t<div class=\"elementor-column elementor-col-100 elementor-top-column elementor-element elementor-element-9025505\" data-id=\"9025505\" data-element_type=\"column\" data-e-type=\"column\">\n\t\t\t<div class=\"elementor-widget-wrap elementor-element-populated\">\n\t\t\t\t\t\t<div class=\"elementor-element elementor-element-437ee92 elementor-widget elementor-widget-heading\" data-id=\"437ee92\" data-element_type=\"widget\" data-e-type=\"widget\" data-widget_type=\"heading.default\">\n\t\t\t\t<div class=\"elementor-widget-container\">\n\t\t\t\t\t<h3 class=\"elementor-heading-title elementor-size-default\">New Jersey's undocumented immigrants would face difficult licensing requirements<\/h3>\t\t\t\t<\/div>\n\t\t\t\t<\/div>\n\t\t\t\t<div class=\"elementor-element elementor-element-f714fc4 elementor-widget elementor-widget-text-editor\" data-id=\"f714fc4\" data-element_type=\"widget\" data-e-type=\"widget\" data-widget_type=\"text-editor.default\">\n\t\t\t\t<div class=\"elementor-widget-container\">\n\t\t\t\t\t\t\t\t\tIn <b>Acceso Latino<\/b> te explicamos todo lo relacionado con las <\/span><a href=\"https:\/\/accesolatino.org\/en\/licencias\/\"><span style=\"font-size: 12.0pt;\">licencias de conducir<\/span><\/a>por eso, te compartimos que los indocumentados que viven en el estado de Nueva Jersey a partir de enero del 2021 podr\u00e1n obtener su licencia; sin embargo, enfrentar\u00edan dif\u00edciles requisitos. <\/span><\/p>\nNueva Jersey es el decimoquinto estado en otorgar licencias a personas sin documentos, tras California, Colorado, Connecticut, Delaware, Haw\u00e1i, Illinois, Maryland, Nevada, Nuevo M\u00e9xico, Nueva\nYork, Oreg\u00f3n, Utah, Vermont y Washington.\n\n<br><br>M\u00e1s de 400 mil indocumentados, al igual que\ndesamparados y sobrevivientes de violencia dom\u00e9stica, pueden beneficiarse de\nesta gran noticia, pero los requisitos que solicita la Comisi\u00f3n de Veh\u00edculos\nMotorizados (DMV, por sus siglas en ingl\u00e9s), son \u201conerosos\u201d y no permiten que\notros documentos que demuestren la identidad y la residencia en estado sean\npresentados, al igual que deben fortalecer las protecciones de privacidad.\n<br><br>La ley promovida por el gobernador Phil\nMurphy, considera 2 tipos de licencia: la que cumple con la Ley Federal de\nIdentificaci\u00f3n Real (que da la posibilidad de abordar vuelos nacionales), y la \u201clicencia de conducir est\u00e1ndar; letter-spacing: 0.2px;&#8221;>\u201d\n(\u00fanicamente para manejar dentro de Nueva Jersey), que es a la que los\nindocumentados tendr\u00e1n acceso.\n\n\n<br><br>Para tenerla, deber\u00e1s pasar el examen de manejo, probar que vives en este estado proporcionar tu n\u00famero de Seguro Social<\/b>Si no tienes ese n\u00famero, las\nregulaciones sugieren el N\u00famero de Identificaci\u00f3n del Contribuyente (ITIN, por sus siglas en ingl\u00e9s).\nNo obstante, si tampoco tienes el ITIN, estas\nreglas proponen que una carta de la Administraci\u00f3n del Seguro Social, sea la\nque indique por qu\u00e9 no se puede contar con un n\u00famero de Seguro Social.\n\n<br><br>Varios defensores de justicia, exigen al\ngobierno que se permita presentar cartas de proveedores de servicios a v\u00edctimas\nde violencia dom\u00e9stica, entre otros, como prueba. <br><br>La DMV aceptar\u00e1 que los solicitantes muestren documentos expedidos en otros pa\u00edses, por lo que los consulados se deben de encargar\nde verificarlos, validarlos y revisar si est\u00e1n vigentes o que no haya vencido\nen 3 a\u00f1os. Si no est\u00e1n en ingl\u00e9s, la traducci\u00f3n debe ser certificada.<\/span><\/p>\n<p style=\"text-align: justify;\"><span style=\"font-family: Arial, sans-serif; font-size: 12pt; font-weight: var( --e-global-typography-text-font-weight ); letter-spacing: 0.2px;\">Fuente: Telemundo 47<\/span><\/p>\t\t\t\t\t\t\t\t<\/div>\n\t\t\t\t<\/div>\n\t\t\t\t<div class=\"elementor-element elementor-element-e309d8a elementor-widget elementor-widget-spacer\" data-id=\"e309d8a\" data-element_type=\"widget\" data-e-type=\"widget\" data-widget_type=\"spacer.default\">\n\t\t\t\t<div class=\"elementor-widget-container\">\n\t\t\t\t\t\t\t<div class=\"elementor-spacer\">\n\t\t\t<div class=\"elementor-spacer-inner\"><\/div>\n\t\t<\/div>\n\t\t\t\t\t\t<\/div>\n\t\t\t\t<\/div>\n\t\t\t\t\t<\/div>\n\t\t<\/div>\n\t\t\t\t\t<\/div>\n\t\t<\/section>\n\t\t\t\t<\/div>","protected":false},"excerpt":{"rendered":"<p>Tr\u00e1mite de Licencias Indocumentados de Nueva Jersey enfrentar\u00edan dif\u00edciles requisitos para obtener su licencia En Acceso Latino te explicamos todo lo relacionado con las licencias de conducirpor eso, te compartimos que los indocumentados que viven en el estado de Nueva Jersey a partir de enero del 2021 podr\u00e1n obtener su licencia; sin embargo, enfrentar\u00edan dif\u00edciles requisitos. Nueva Jersey es el decimoquinto estado en otorgar licencias a personas sin documentos, tras California, Colorado, Connecticut, Delaware, Haw\u00e1i, Illinois, Maryland, Nevada, Nuevo M\u00e9xico, Nueva York, Oreg\u00f3n, Utah, Vermont y Washington. M\u00e1s de 400 mil indocumentados, al igual que desamparados y sobrevivientes de violencia dom\u00e9stica, pueden beneficiarse de esta gran noticia, pero los requisitos que solicita la Comisi\u00f3n de Veh\u00edculos Motorizados (DMV, por sus siglas en ingl\u00e9s), son \u201conerosos\u201d y no permiten que otros documentos que demuestren la identidad y la residencia en estado sean presentados, al igual que deben fortalecer las protecciones de privacidad. La ley promovida por el gobernador Phil Murphy, considera 2 tipos de licencia: la que cumple con la Ley Federal de Identificaci\u00f3n Real (que da la posibilidad de abordar vuelos nacionales), y la \u201clicencia de conducir est\u00e1ndar; letter-spacing: 0.2px;&#8221;>\u201d (\u00fanicamente para manejar dentro de Nueva Jersey), que es a la que los indocumentados tendr\u00e1n acceso. Para tenerla, deber\u00e1s pasar el examen de manejo, probar que vives en este estado proporcionar tu n\u00famero de Seguro SocialSi no tienes ese n\u00famero, las regulaciones sugieren el N\u00famero de Identificaci\u00f3n del Contribuyente (ITIN, por sus siglas en ingl\u00e9s). No obstante, si tampoco tienes el ITIN, estas reglas proponen que una carta de la Administraci\u00f3n del Seguro Social, sea la que indique por qu\u00e9 no se puede contar con un n\u00famero de Seguro Social. Varios defensores de justicia, exigen al gobierno que se permita presentar cartas de proveedores de servicios a v\u00edctimas de violencia dom\u00e9stica, entre otros, como prueba. La DMV aceptar\u00e1 que los solicitantes muestren documentos expedidos en otros pa\u00edses, por lo que los consulados se deben de encargar de verificarlos, validarlos y revisar si est\u00e1n vigentes o que no haya vencido en 3 a\u00f1os. Si no est\u00e1n en ingl\u00e9s, la traducci\u00f3n debe ser certificada. Fuente: Telemundo 47<\/p>","protected":false},"author":9,"featured_media":23022,"parent":0,"menu_order":0,"comment_status":"closed","ping_status":"closed","template":"elementor_header_footer","meta":{"_uf_show_specific_survey":0,"_uf_disable_surveys":false,"footnotes":""},"class_list":["post-23021","page","type-page","status-publish","has-post-thumbnail"],"aioseo_notices":[],"yoast_head":"<!-- This site is optimized with the Yoast SEO plugin v27.3 - https:\/\/yoast.com\/product\/yoast-seo-wordpress\/ -->\n<title>Indocumentados de Nueva Jersey enfrentar\u00edan dif\u00edciles requisitos para obtener su licencia<\/title>\n<meta name=\"description\" content=\"Indocumentados de Nueva Jersey enfrentar\u00edan dif\u00edciles requisitos para obtener su\u00a0licencia\u00a0En Acceso Latino te explicamos todo lo ...\" \/>\n<meta name=\"robots\" content=\"index, follow, max-snippet:-1, max-image-preview:large, max-video-preview:-1\" \/>\n<link rel=\"canonical\" href=\"https:\/\/accesolatino.org\/en\/indocumentados-de-nueva-jersey-enfrentarian-dificiles-requisitos-para-obtener-su-licencia\/\" \/>\n<meta property=\"og:locale\" content=\"en_US\" \/>\n<meta property=\"og:type\" content=\"article\" \/>\n<meta property=\"og:title\" content=\"Acceso Latino | Indocumentados de Nueva Jersey enfrentar\u00edan dif\u00edciles requisitos para obtener su licencia\" \/>\n<meta property=\"og:description\" content=\"Conoce la documentaci\u00f3n requerida para tramitar una licencia en cada uno de los estados de USA\" \/>\n<meta property=\"og:url\" content=\"https:\/\/accesolatino.org\/en\/indocumentados-de-nueva-jersey-enfrentarian-dificiles-requisitos-para-obtener-su-licencia\/\" \/>\n<meta property=\"og:site_name\" content=\"Acceso Latino\" \/>\n<meta property=\"article:publisher\" content=\"https:\/\/www.facebook.com\/AccesoLatinoOrg\" \/>\n<meta property=\"article:modified_time\" content=\"2025-10-17T20:24:16+00:00\" \/>\n<meta property=\"og:image\" content=\"https:\/\/accesolatino.org\/wp-content\/uploads\/2020\/09\/Indocumentados-de-Nueva-Jersey-enfrentarian-dificiles-requisitos-para-obtener-su-licencia.png\" \/>\n\t<meta property=\"og:image:width\" content=\"600\" \/>\n\t<meta property=\"og:image:height\" content=\"338\" \/>\n\t<meta property=\"og:image:type\" content=\"image\/png\" \/>\n<meta name=\"twitter:card\" content=\"summary_large_image\" \/>\n<meta name=\"twitter:title\" content=\"Acceso Latino | Indocumentados de Nueva Jersey enfrentar\u00edan dif\u00edciles requisitos para obtener su licencia\" \/>\n<meta name=\"twitter:description\" content=\"Conoce la documentaci\u00f3n requerida para tramitar una licencia en cada uno de los estados de USA\" \/>\n<meta name=\"twitter:image\" content=\"https:\/\/accesolatino.org\/wp-content\/uploads\/2020\/09\/Indocumentados-de-Nueva-Jersey-enfrentarian-dificiles-requisitos-para-obtener-su-licencia.png\" \/>\n<meta name=\"twitter:site\" content=\"@FAccLatino\" \/>\n<meta name=\"twitter:label1\" content=\"Est. reading time\" \/>\n\t<meta name=\"twitter:data1\" content=\"2 minutes\" \/>\n<script type=\"application\/ld+json\" class=\"yoast-schema-graph\">{\"@context\":\"https:\\\/\\\/schema.org\",\"@graph\":[{\"@type\":\"WebPage\",\"@id\":\"https:\\\/\\\/accesolatino.org\\\/indocumentados-de-nueva-jersey-enfrentarian-dificiles-requisitos-para-obtener-su-licencia\\\/\",\"url\":\"https:\\\/\\\/accesolatino.org\\\/indocumentados-de-nueva-jersey-enfrentarian-dificiles-requisitos-para-obtener-su-licencia\\\/\",\"name\":\"Indocumentados de Nueva Jersey enfrentar\u00edan dif\u00edciles requisitos para obtener su licencia\",\"isPartOf\":{\"@id\":\"https:\\\/\\\/accesolatino.org\\\/#website\"},\"primaryImageOfPage\":{\"@id\":\"https:\\\/\\\/accesolatino.org\\\/indocumentados-de-nueva-jersey-enfrentarian-dificiles-requisitos-para-obtener-su-licencia\\\/#primaryimage\"},\"image\":{\"@id\":\"https:\\\/\\\/accesolatino.org\\\/indocumentados-de-nueva-jersey-enfrentarian-dificiles-requisitos-para-obtener-su-licencia\\\/#primaryimage\"},\"thumbnailUrl\":\"https:\\\/\\\/accesolatino.org\\\/wp-content\\\/uploads\\\/2020\\\/09\\\/Indocumentados-de-Nueva-Jersey-enfrentarian-dificiles-requisitos-para-obtener-su-licencia.png\",\"datePublished\":\"2020-09-29T15:00:13+00:00\",\"dateModified\":\"2025-10-17T20:24:16+00:00\",\"description\":\"Indocumentados de Nueva Jersey enfrentar\u00edan dif\u00edciles requisitos para obtener su\u00a0licencia\u00a0En Acceso Latino te explicamos todo lo ...\",\"breadcrumb\":{\"@id\":\"https:\\\/\\\/accesolatino.org\\\/indocumentados-de-nueva-jersey-enfrentarian-dificiles-requisitos-para-obtener-su-licencia\\\/#breadcrumb\"},\"inLanguage\":\"en-US\",\"potentialAction\":[{\"@type\":\"ReadAction\",\"target\":[\"https:\\\/\\\/accesolatino.org\\\/indocumentados-de-nueva-jersey-enfrentarian-dificiles-requisitos-para-obtener-su-licencia\\\/\"]}]},{\"@type\":\"ImageObject\",\"inLanguage\":\"en-US\",\"@id\":\"https:\\\/\\\/accesolatino.org\\\/indocumentados-de-nueva-jersey-enfrentarian-dificiles-requisitos-para-obtener-su-licencia\\\/#primaryimage\",\"url\":\"https:\\\/\\\/accesolatino.org\\\/wp-content\\\/uploads\\\/2020\\\/09\\\/Indocumentados-de-Nueva-Jersey-enfrentarian-dificiles-requisitos-para-obtener-su-licencia.png\",\"contentUrl\":\"https:\\\/\\\/accesolatino.org\\\/wp-content\\\/uploads\\\/2020\\\/09\\\/Indocumentados-de-Nueva-Jersey-enfrentarian-dificiles-requisitos-para-obtener-su-licencia.png\",\"width\":600,\"height\":338,\"caption\":\"licencia\"},{\"@type\":\"BreadcrumbList\",\"@id\":\"https:\\\/\\\/accesolatino.org\\\/indocumentados-de-nueva-jersey-enfrentarian-dificiles-requisitos-para-obtener-su-licencia\\\/#breadcrumb\",\"itemListElement\":[{\"@type\":\"ListItem\",\"position\":1,\"name\":\"Portada\",\"item\":\"https:\\\/\\\/accesolatino.org\\\/\"},{\"@type\":\"ListItem\",\"position\":2,\"name\":\"Indocumentados de Nueva Jersey enfrentar\u00edan dif\u00edciles requisitos para obtener su licencia\"}]},{\"@type\":\"WebSite\",\"@id\":\"https:\\\/\\\/accesolatino.org\\\/#website\",\"url\":\"https:\\\/\\\/accesolatino.org\\\/\",\"name\":\"Acceso Latino | Fundaci\u00f3n Carlos Slim\",\"description\":\"Fundaci\u00f3n Carlos Slim\",\"publisher\":{\"@id\":\"https:\\\/\\\/accesolatino.org\\\/#organization\"},\"potentialAction\":[{\"@type\":\"SearchAction\",\"target\":{\"@type\":\"EntryPoint\",\"urlTemplate\":\"https:\\\/\\\/accesolatino.org\\\/?s={search_term_string}\"},\"query-input\":{\"@type\":\"PropertyValueSpecification\",\"valueRequired\":true,\"valueName\":\"search_term_string\"}}],\"inLanguage\":\"en-US\"},{\"@type\":\"Organization\",\"@id\":\"https:\\\/\\\/accesolatino.org\\\/#organization\",\"name\":\"Acceso Latino | Fundaci\u00f3n Carlos Slim\",\"url\":\"https:\\\/\\\/accesolatino.org\\\/\",\"logo\":{\"@type\":\"ImageObject\",\"inLanguage\":\"en-US\",\"@id\":\"https:\\\/\\\/accesolatino.org\\\/#\\\/schema\\\/logo\\\/image\\\/\",\"url\":\"https:\\\/\\\/accesolatino.org\\\/wp-content\\\/uploads\\\/2021\\\/02\\\/logo-footer-acceso-latino.png\",\"contentUrl\":\"https:\\\/\\\/accesolatino.org\\\/wp-content\\\/uploads\\\/2021\\\/02\\\/logo-footer-acceso-latino.png\",\"width\":240,\"height\":40,\"caption\":\"Acceso Latino | Fundaci\u00f3n Carlos Slim\"},\"image\":{\"@id\":\"https:\\\/\\\/accesolatino.org\\\/#\\\/schema\\\/logo\\\/image\\\/\"},\"sameAs\":[\"https:\\\/\\\/www.facebook.com\\\/AccesoLatinoOrg\",\"https:\\\/\\\/x.com\\\/FAccLatino\"]}]}<\/script>\n<!-- \/ Yoast SEO plugin. -->","yoast_head_json":{"title":"New Jersey's undocumented immigrants would face difficult licensing requirements","description":"Indocumentados de Nueva Jersey enfrentar\u00edan dif\u00edciles requisitos para obtener su\u00a0licencia\u00a0En Acceso Latino te explicamos todo lo ...","robots":{"index":"index","follow":"follow","max-snippet":"max-snippet:-1","max-image-preview":"max-image-preview:large","max-video-preview":"max-video-preview:-1"},"canonical":"https:\/\/accesolatino.org\/en\/indocumentados-de-nueva-jersey-enfrentarian-dificiles-requisitos-para-obtener-su-licencia\/","og_locale":"en_US","og_type":"article","og_title":"Acceso Latino | Indocumentados de Nueva Jersey enfrentar\u00edan dif\u00edciles requisitos para obtener su licencia","og_description":"Conoce la documentaci\u00f3n requerida para tramitar una licencia en cada uno de los estados de USA","og_url":"https:\/\/accesolatino.org\/en\/indocumentados-de-nueva-jersey-enfrentarian-dificiles-requisitos-para-obtener-su-licencia\/","og_site_name":"Acceso Latino","article_publisher":"https:\/\/www.facebook.com\/AccesoLatinoOrg","article_modified_time":"2025-10-17T20:24:16+00:00","og_image":[{"width":600,"height":338,"url":"https:\/\/accesolatino.org\/wp-content\/uploads\/2020\/09\/Indocumentados-de-Nueva-Jersey-enfrentarian-dificiles-requisitos-para-obtener-su-licencia.png","type":"image\/png"}],"twitter_card":"summary_large_image","twitter_title":"Acceso Latino | Indocumentados de Nueva Jersey enfrentar\u00edan dif\u00edciles requisitos para obtener su licencia","twitter_description":"Conoce la documentaci\u00f3n requerida para tramitar una licencia en cada uno de los estados de USA","twitter_image":"https:\/\/accesolatino.org\/wp-content\/uploads\/2020\/09\/Indocumentados-de-Nueva-Jersey-enfrentarian-dificiles-requisitos-para-obtener-su-licencia.png","twitter_site":"@FAccLatino","twitter_misc":{"Est. reading time":"2 minutes"},"schema":{"@context":"https:\/\/schema.org","@graph":[{"@type":"WebPage","@id":"https:\/\/accesolatino.org\/indocumentados-de-nueva-jersey-enfrentarian-dificiles-requisitos-para-obtener-su-licencia\/","url":"https:\/\/accesolatino.org\/indocumentados-de-nueva-jersey-enfrentarian-dificiles-requisitos-para-obtener-su-licencia\/","name":"New Jersey's undocumented immigrants would face difficult licensing requirements","isPartOf":{"@id":"https:\/\/accesolatino.org\/#website"},"primaryImageOfPage":{"@id":"https:\/\/accesolatino.org\/indocumentados-de-nueva-jersey-enfrentarian-dificiles-requisitos-para-obtener-su-licencia\/#primaryimage"},"image":{"@id":"https:\/\/accesolatino.org\/indocumentados-de-nueva-jersey-enfrentarian-dificiles-requisitos-para-obtener-su-licencia\/#primaryimage"},"thumbnailUrl":"https:\/\/accesolatino.org\/wp-content\/uploads\/2020\/09\/Indocumentados-de-Nueva-Jersey-enfrentarian-dificiles-requisitos-para-obtener-su-licencia.png","datePublished":"2020-09-29T15:00:13+00:00","dateModified":"2025-10-17T20:24:16+00:00","description":"Indocumentados de Nueva Jersey enfrentar\u00edan dif\u00edciles requisitos para obtener su\u00a0licencia\u00a0En Acceso Latino te explicamos todo lo ...","breadcrumb":{"@id":"https:\/\/accesolatino.org\/indocumentados-de-nueva-jersey-enfrentarian-dificiles-requisitos-para-obtener-su-licencia\/#breadcrumb"},"inLanguage":"en-US","potentialAction":[{"@type":"ReadAction","target":["https:\/\/accesolatino.org\/indocumentados-de-nueva-jersey-enfrentarian-dificiles-requisitos-para-obtener-su-licencia\/"]}]},{"@type":"ImageObject","inLanguage":"en-US","@id":"https:\/\/accesolatino.org\/indocumentados-de-nueva-jersey-enfrentarian-dificiles-requisitos-para-obtener-su-licencia\/#primaryimage","url":"https:\/\/accesolatino.org\/wp-content\/uploads\/2020\/09\/Indocumentados-de-Nueva-Jersey-enfrentarian-dificiles-requisitos-para-obtener-su-licencia.png","contentUrl":"https:\/\/accesolatino.org\/wp-content\/uploads\/2020\/09\/Indocumentados-de-Nueva-Jersey-enfrentarian-dificiles-requisitos-para-obtener-su-licencia.png","width":600,"height":338,"caption":"licencia"},{"@type":"BreadcrumbList","@id":"https:\/\/accesolatino.org\/indocumentados-de-nueva-jersey-enfrentarian-dificiles-requisitos-para-obtener-su-licencia\/#breadcrumb","itemListElement":[{"@type":"ListItem","position":1,"name":"Portada","item":"https:\/\/accesolatino.org\/"},{"@type":"ListItem","position":2,"name":"Indocumentados de Nueva Jersey enfrentar\u00edan dif\u00edciles requisitos para obtener su licencia"}]},{"@type":"WebSite","@id":"https:\/\/accesolatino.org\/#website","url":"https:\/\/accesolatino.org\/","name":"Acceso Latino | Fundaci\u00f3n Carlos Slim","description":"Fundaci\u00f3n Carlos Slim","publisher":{"@id":"https:\/\/accesolatino.org\/#organization"},"potentialAction":[{"@type":"SearchAction","target":{"@type":"EntryPoint","urlTemplate":"https:\/\/accesolatino.org\/?s={search_term_string}"},"query-input":{"@type":"PropertyValueSpecification","valueRequired":true,"valueName":"search_term_string"}}],"inLanguage":"en-US"},{"@type":"Organization","@id":"https:\/\/accesolatino.org\/#organization","name":"Acceso Latino | Fundaci\u00f3n Carlos Slim","url":"https:\/\/accesolatino.org\/","logo":{"@type":"ImageObject","inLanguage":"en-US","@id":"https:\/\/accesolatino.org\/#\/schema\/logo\/image\/","url":"https:\/\/accesolatino.org\/wp-content\/uploads\/2021\/02\/logo-footer-acceso-latino.png","contentUrl":"https:\/\/accesolatino.org\/wp-content\/uploads\/2021\/02\/logo-footer-acceso-latino.png","width":240,"height":40,"caption":"Acceso Latino | Fundaci\u00f3n Carlos Slim"},"image":{"@id":"https:\/\/accesolatino.org\/#\/schema\/logo\/image\/"},"sameAs":["https:\/\/www.facebook.com\/AccesoLatinoOrg","https:\/\/x.com\/FAccLatino"]}]}},"_links":{"self":[{"href":"https:\/\/accesolatino.org\/en\/wp-json\/wp\/v2\/pages\/23021","targetHints":{"allow":["GET"]}}],"collection":[{"href":"https:\/\/accesolatino.org\/en\/wp-json\/wp\/v2\/pages"}],"about":[{"href":"https:\/\/accesolatino.org\/en\/wp-json\/wp\/v2\/types\/page"}],"author":[{"embeddable":true,"href":"https:\/\/accesolatino.org\/en\/wp-json\/wp\/v2\/users\/9"}],"replies":[{"embeddable":true,"href":"https:\/\/accesolatino.org\/en\/wp-json\/wp\/v2\/comments?post=23021"}],"version-history":[{"count":1,"href":"https:\/\/accesolatino.org\/en\/wp-json\/wp\/v2\/pages\/23021\/revisions"}],"predecessor-version":[{"id":64229,"href":"https:\/\/accesolatino.org\/en\/wp-json\/wp\/v2\/pages\/23021\/revisions\/64229"}],"wp:featuredmedia":[{"embeddable":true,"href":"https:\/\/accesolatino.org\/en\/wp-json\/wp\/v2\/media\/23022"}],"wp:attachment":[{"href":"https:\/\/accesolatino.org\/en\/wp-json\/wp\/v2\/media?parent=23021"}],"curies":[{"name":"wp","href":"https:\/\/api.w.org\/{rel}","templated":true}]}}