{"id":22901,"date":"2020-09-21T06:00:00","date_gmt":"2020-09-21T11:00:00","guid":{"rendered":"https:\/\/accesolatino.org\/?page_id=22901"},"modified":"2025-11-06T18:25:21","modified_gmt":"2025-11-07T00:25:21","slug":"te-accidentaste-en-el-trabajo-acceso-latino-te-dice-como-te-pueden-indemnizar","status":"publish","type":"page","link":"https:\/\/accesolatino.org\/en\/apoyos-sociales\/te-accidentaste-en-el-trabajo-acceso-latino-te-dice-como-te-pueden-indemnizar\/","title":{"rendered":"Did you have an accident at work? Acceso Latino tells you how you can be compensated"},"content":{"rendered":"<div data-elementor-type=\"wp-post\" data-elementor-id=\"22901\" class=\"elementor elementor-22901\">\n\t\t\t\t\t\t<section class=\"elementor-section elementor-top-section elementor-element elementor-element-33fe4f7 elementor-section-full_width elementor-section-height-min-height elementor-section-items-stretch elementor-section-height-default wpr-particle-no wpr-jarallax-no wpr-parallax-no wpr-sticky-section-no wpr-equal-height-no\" data-id=\"33fe4f7\" data-element_type=\"section\" data-e-type=\"section\" data-settings=\"{&quot;background_background&quot;:&quot;classic&quot;}\">\n\t\t\t\t\t\t<div class=\"elementor-container elementor-column-gap-no\">\n\t\t\t\t\t<div class=\"elementor-column elementor-col-100 elementor-top-column elementor-element elementor-element-357926c\" data-id=\"357926c\" data-element_type=\"column\" data-e-type=\"column\">\n\t\t\t<div class=\"elementor-widget-wrap elementor-element-populated\">\n\t\t\t\t\t\t<div class=\"elementor-element elementor-element-5b2f08b elementor--h-position-center elementor--v-position-middle elementor-widget elementor-widget-slides\" data-id=\"5b2f08b\" data-element_type=\"widget\" data-e-type=\"widget\" data-settings=\"{&quot;navigation&quot;:&quot;none&quot;,&quot;infinite&quot;:&quot;yes&quot;,&quot;transition&quot;:&quot;slide&quot;,&quot;transition_speed&quot;:500}\" data-widget_type=\"slides.default\">\n\t\t\t\t<div class=\"elementor-widget-container\">\n\t\t\t\t\t\t\t<div class=\"elementor-swiper\">\n\t\t\t<div class=\"elementor-slides-wrapper elementor-main-swiper swiper-container\" dir=\"ltr\" data-animation=\"\">\n\t\t\t\t<div class=\"swiper-wrapper elementor-slides\">\n\t\t\t\t\t\t\t\t\t\t<div class=\"elementor-repeater-item-d983a28 swiper-slide\"><div class=\"swiper-slide-bg\"><\/div><div class=\"swiper-slide-inner\" ><div class=\"swiper-slide-contents\"><div class=\"elementor-slide-heading\">Social Supports<\/div><\/div><\/div><\/div>\t\t\t\t<\/div>\n\t\t\t\t\t\t\t<\/div>\n\t\t<\/div>\n\t\t\t\t\t\t<\/div>\n\t\t\t\t<\/div>\n\t\t\t\t\t<\/div>\n\t\t<\/div>\n\t\t\t\t\t<\/div>\n\t\t<\/section>\n\t\t\t\t<section class=\"elementor-section elementor-top-section elementor-element elementor-element-f1ad123 elementor-section-stretched elementor-section-boxed elementor-section-height-default elementor-section-height-default wpr-particle-no wpr-jarallax-no wpr-parallax-no wpr-sticky-section-no wpr-equal-height-no\" data-id=\"f1ad123\" data-element_type=\"section\" data-e-type=\"section\" data-settings=\"{&quot;stretch_section&quot;:&quot;section-stretched&quot;,&quot;background_background&quot;:&quot;classic&quot;}\">\n\t\t\t\t\t\t<div class=\"elementor-container elementor-column-gap-default\">\n\t\t\t\t\t<div class=\"elementor-column elementor-col-100 elementor-top-column elementor-element elementor-element-f9ce6cb\" data-id=\"f9ce6cb\" data-element_type=\"column\" data-e-type=\"column\">\n\t\t\t<div class=\"elementor-widget-wrap elementor-element-populated\">\n\t\t\t\t\t\t<div class=\"elementor-element elementor-element-8d277b0 elementor-widget elementor-widget-heading\" data-id=\"8d277b0\" data-element_type=\"widget\" data-e-type=\"widget\" data-widget_type=\"heading.default\">\n\t\t\t\t<div class=\"elementor-widget-container\">\n\t\t\t\t\t<h3 class=\"elementor-heading-title elementor-size-default\">Did you have an accident at work? Acceso Latino tells you how you can be compensated<\/h3>\t\t\t\t<\/div>\n\t\t\t\t<\/div>\n\t\t\t\t<div class=\"elementor-element elementor-element-93481dc elementor-widget elementor-widget-text-editor\" data-id=\"93481dc\" data-element_type=\"widget\" data-e-type=\"widget\" data-widget_type=\"text-editor.default\">\n\t\t\t\t<div class=\"elementor-widget-container\">\n\t\t\t\t\t\t\t\t\t<p>Si tuviste un accidente en el trabajo, <strong>Acceso Latino<\/strong> pone a tu disposici\u00f3n en la secci\u00f3n <a href=\"https:\/\/accesolatino.org\/en\/apoyos-sociales\/\">Social Supports<\/a> la Oficina de Programas de Compensaci\u00f3n para Trabajadores (OWCP por sus siglas en ingl\u00e9s) del gobierno de Estados Unidos.<\/p><p>Esta oficina del Departamento del Trabajo administra 4 importantes programas de compensaci\u00f3n econ\u00f3mica por discapacidad que brinda a los trabajadores federales (o sus dependientes) y otros grupos espec\u00edficos que se lesionan en el trabajo o contraen una enfermedad mientras hacen su trabajo, beneficios como<strong> reemplazo salarial<\/strong>, <strong>tratamiento m\u00e9dico<\/strong>, <strong>rehabilitaci\u00f3n para poder regresar a laborar<\/strong> y otros.<\/p><p>Si perteneces a un grupo espec\u00edfico, estar\u00e1s respaldado por:<\/p><ul><li>Programa de Compensaci\u00f3n para Empleados Federales.<\/li><li>Programa de Compensaci\u00f3n para Estibadores y Trabajadores Portuarios.<\/li><li>Programa de Compensaci\u00f3n para Trabajadores de Minas de Carb\u00f3n.<\/li><li>Programa de Compensaci\u00f3n para Enfermedades Ocupacionales de Trabajadores de la Energ\u00eda.<\/li><\/ul><p>La informaci\u00f3n de estos programas se encuentra disponible en espa\u00f1ol.<\/p><p>Estos programas proporcionan a los grupos espec\u00edficos cobertura bajo los estatutos y regulaciones que mitigan la carga financiera que resulta lastimarse en el trabajo. Si tu accidente ocurri\u00f3 en una compa\u00f1\u00eda privada o en una estatal o local, ponte en contacto con la <a href=\"https:\/\/www.dol.gov\/owcp\/dfec\/regs\/compliance\/wc.htm\">Junta Estatal de Compensaci\u00f3n para Trabajadores<\/a> (disponible s\u00f3lo en ingl\u00e9s).\u00a0<\/p>\t\t\t\t\t\t\t\t<\/div>\n\t\t\t\t<\/div>\n\t\t\t\t<div class=\"elementor-element elementor-element-2b5b2e6 elementor-widget elementor-widget-spacer\" data-id=\"2b5b2e6\" data-element_type=\"widget\" data-e-type=\"widget\" data-widget_type=\"spacer.default\">\n\t\t\t\t<div class=\"elementor-widget-container\">\n\t\t\t\t\t\t\t<div class=\"elementor-spacer\">\n\t\t\t<div class=\"elementor-spacer-inner\"><\/div>\n\t\t<\/div>\n\t\t\t\t\t\t<\/div>\n\t\t\t\t<\/div>\n\t\t\t\t\t<\/div>\n\t\t<\/div>\n\t\t\t\t\t<\/div>\n\t\t<\/section>\n\t\t\t\t<\/div>","protected":false},"excerpt":{"rendered":"<p>Apoyos Sociales \u00bfTe accidentaste en el trabajo? Acceso Latino te dice c\u00f3mo te pueden indemnizar Si tuviste un accidente en el trabajo, Acceso Latino pone a tu disposici\u00f3n en la secci\u00f3n Apoyos Sociales la Oficina de Programas de Compensaci\u00f3n para Trabajadores (OWCP por sus siglas en ingl\u00e9s) del gobierno de Estados Unidos. Esta oficina del Departamento del Trabajo administra 4 importantes programas de compensaci\u00f3n econ\u00f3mica por discapacidad que brinda a los trabajadores federales (o sus dependientes) y otros grupos espec\u00edficos que se lesionan en el trabajo o contraen una enfermedad mientras hacen su trabajo, beneficios como reemplazo salarial, tratamiento m\u00e9dico, rehabilitaci\u00f3n para poder regresar a laborar y otros. Si perteneces a un grupo espec\u00edfico, estar\u00e1s respaldado por: Programa de Compensaci\u00f3n para Empleados Federales. Programa de Compensaci\u00f3n para Estibadores y Trabajadores Portuarios. Programa de Compensaci\u00f3n para Trabajadores de Minas de Carb\u00f3n. Programa de Compensaci\u00f3n para Enfermedades Ocupacionales de Trabajadores de la Energ\u00eda. La informaci\u00f3n de estos programas se encuentra disponible en espa\u00f1ol. Estos programas proporcionan a los grupos espec\u00edficos cobertura bajo los estatutos y regulaciones que mitigan la carga financiera que resulta lastimarse en el trabajo. Si tu accidente ocurri\u00f3 en una compa\u00f1\u00eda privada o en una estatal o local, ponte en contacto con la Junta Estatal de Compensaci\u00f3n para Trabajadores (disponible s\u00f3lo en ingl\u00e9s).\u00a0<\/p>","protected":false},"author":6,"featured_media":22892,"parent":1435,"menu_order":0,"comment_status":"closed","ping_status":"closed","template":"elementor_header_footer","meta":{"_uf_show_specific_survey":0,"_uf_disable_surveys":false,"footnotes":""},"class_list":["post-22901","page","type-page","status-publish","has-post-thumbnail"],"aioseo_notices":[],"yoast_head":"<!-- This site is optimized with the Yoast SEO plugin v27.5 - https:\/\/yoast.com\/product\/yoast-seo-wordpress\/ -->\n<title>\u00bfTe accidentaste en el trabajo? Acceso Latino te dice c\u00f3mo te pueden indemnizar<\/title>\n<meta name=\"description\" content=\"Conoce las diferentes formas en las que los migrantes se pueden ver beneficiados en USA\" \/>\n<meta name=\"robots\" content=\"index, follow, max-snippet:-1, max-image-preview:large, max-video-preview:-1\" \/>\n<link rel=\"canonical\" href=\"https:\/\/accesolatino.org\/en\/apoyos-sociales\/te-accidentaste-en-el-trabajo-acceso-latino-te-dice-como-te-pueden-indemnizar\/\" \/>\n<meta property=\"og:locale\" content=\"en_US\" \/>\n<meta property=\"og:type\" content=\"article\" \/>\n<meta property=\"og:title\" content=\"Acceso Latino | Apoyos Sociales\" \/>\n<meta property=\"og:description\" content=\"Conoce las diferentes formas en las que los migrantes se pueden ver beneficiados en USA\" \/>\n<meta property=\"og:url\" content=\"https:\/\/accesolatino.org\/en\/apoyos-sociales\/te-accidentaste-en-el-trabajo-acceso-latino-te-dice-como-te-pueden-indemnizar\/\" \/>\n<meta property=\"og:site_name\" content=\"Acceso Latino\" \/>\n<meta property=\"article:publisher\" content=\"https:\/\/www.facebook.com\/AccesoLatinoOrg\" \/>\n<meta property=\"article:modified_time\" content=\"2025-11-07T00:25:21+00:00\" \/>\n<meta property=\"og:image\" content=\"https:\/\/accesolatino.org\/wp-content\/uploads\/2020\/09\/Te-accidentaste-en-el-trabajo-Acceso-Latino-te-dice-como-te-pueden-indemnizar.jpg\" \/>\n\t<meta property=\"og:image:width\" content=\"600\" \/>\n\t<meta property=\"og:image:height\" content=\"338\" \/>\n\t<meta property=\"og:image:type\" content=\"image\/jpeg\" \/>\n<meta name=\"twitter:card\" content=\"summary_large_image\" \/>\n<meta name=\"twitter:title\" content=\"Acceso Latino | Apoyos Sociales\" \/>\n<meta name=\"twitter:description\" content=\"Conoce las diferentes formas en las que los migrantes se pueden ver beneficiados en USA\" \/>\n<meta name=\"twitter:image\" content=\"https:\/\/accesolatino.org\/wp-content\/uploads\/2020\/09\/Te-accidentaste-en-el-trabajo-Acceso-Latino-te-dice-como-te-pueden-indemnizar.jpg\" \/>\n<meta name=\"twitter:site\" content=\"@FAccLatino\" \/>\n<meta name=\"twitter:label1\" content=\"Est. reading time\" \/>\n\t<meta name=\"twitter:data1\" content=\"2 minutes\" \/>\n<script type=\"application\/ld+json\" class=\"yoast-schema-graph\">{\"@context\":\"https:\\\/\\\/schema.org\",\"@graph\":[{\"@type\":\"WebPage\",\"@id\":\"https:\\\/\\\/accesolatino.org\\\/en\\\/apoyos-sociales\\\/te-accidentaste-en-el-trabajo-acceso-latino-te-dice-como-te-pueden-indemnizar\\\/\",\"url\":\"https:\\\/\\\/accesolatino.org\\\/en\\\/apoyos-sociales\\\/te-accidentaste-en-el-trabajo-acceso-latino-te-dice-como-te-pueden-indemnizar\\\/\",\"name\":\"\u00bfTe accidentaste en el trabajo? Acceso Latino te dice c\u00f3mo te pueden indemnizar\",\"isPartOf\":{\"@id\":\"https:\\\/\\\/accesolatino.org\\\/#website\"},\"primaryImageOfPage\":{\"@id\":\"https:\\\/\\\/accesolatino.org\\\/en\\\/apoyos-sociales\\\/te-accidentaste-en-el-trabajo-acceso-latino-te-dice-como-te-pueden-indemnizar\\\/#primaryimage\"},\"image\":{\"@id\":\"https:\\\/\\\/accesolatino.org\\\/en\\\/apoyos-sociales\\\/te-accidentaste-en-el-trabajo-acceso-latino-te-dice-como-te-pueden-indemnizar\\\/#primaryimage\"},\"thumbnailUrl\":\"https:\\\/\\\/accesolatino.org\\\/wp-content\\\/uploads\\\/2020\\\/09\\\/Te-accidentaste-en-el-trabajo-Acceso-Latino-te-dice-como-te-pueden-indemnizar.jpg\",\"datePublished\":\"2020-09-21T11:00:00+00:00\",\"dateModified\":\"2025-11-07T00:25:21+00:00\",\"description\":\"Conoce las diferentes formas en las que los migrantes se pueden ver beneficiados en USA\",\"breadcrumb\":{\"@id\":\"https:\\\/\\\/accesolatino.org\\\/en\\\/apoyos-sociales\\\/te-accidentaste-en-el-trabajo-acceso-latino-te-dice-como-te-pueden-indemnizar\\\/#breadcrumb\"},\"inLanguage\":\"en-US\",\"potentialAction\":[{\"@type\":\"ReadAction\",\"target\":[\"https:\\\/\\\/accesolatino.org\\\/en\\\/apoyos-sociales\\\/te-accidentaste-en-el-trabajo-acceso-latino-te-dice-como-te-pueden-indemnizar\\\/\"]}]},{\"@type\":\"ImageObject\",\"inLanguage\":\"en-US\",\"@id\":\"https:\\\/\\\/accesolatino.org\\\/en\\\/apoyos-sociales\\\/te-accidentaste-en-el-trabajo-acceso-latino-te-dice-como-te-pueden-indemnizar\\\/#primaryimage\",\"url\":\"https:\\\/\\\/accesolatino.org\\\/wp-content\\\/uploads\\\/2020\\\/09\\\/Te-accidentaste-en-el-trabajo-Acceso-Latino-te-dice-como-te-pueden-indemnizar.jpg\",\"contentUrl\":\"https:\\\/\\\/accesolatino.org\\\/wp-content\\\/uploads\\\/2020\\\/09\\\/Te-accidentaste-en-el-trabajo-Acceso-Latino-te-dice-como-te-pueden-indemnizar.jpg\",\"width\":600,\"height\":338,\"caption\":\"indemnizar\"},{\"@type\":\"BreadcrumbList\",\"@id\":\"https:\\\/\\\/accesolatino.org\\\/en\\\/apoyos-sociales\\\/te-accidentaste-en-el-trabajo-acceso-latino-te-dice-como-te-pueden-indemnizar\\\/#breadcrumb\",\"itemListElement\":[{\"@type\":\"ListItem\",\"position\":1,\"name\":\"Portada\",\"item\":\"https:\\\/\\\/accesolatino.org\\\/\"},{\"@type\":\"ListItem\",\"position\":2,\"name\":\"Apoyos Sociales\",\"item\":\"https:\\\/\\\/accesolatino.org\\\/en\\\/apoyos-sociales\\\/\"},{\"@type\":\"ListItem\",\"position\":3,\"name\":\"\u00bfTe accidentaste en el trabajo? Acceso Latino te dice c\u00f3mo te pueden indemnizar\"}]},{\"@type\":\"WebSite\",\"@id\":\"https:\\\/\\\/accesolatino.org\\\/#website\",\"url\":\"https:\\\/\\\/accesolatino.org\\\/\",\"name\":\"Acceso Latino | Fundaci\u00f3n Carlos Slim\",\"description\":\"Fundaci\u00f3n Carlos Slim\",\"publisher\":{\"@id\":\"https:\\\/\\\/accesolatino.org\\\/#organization\"},\"potentialAction\":[{\"@type\":\"SearchAction\",\"target\":{\"@type\":\"EntryPoint\",\"urlTemplate\":\"https:\\\/\\\/accesolatino.org\\\/?s={search_term_string}\"},\"query-input\":{\"@type\":\"PropertyValueSpecification\",\"valueRequired\":true,\"valueName\":\"search_term_string\"}}],\"inLanguage\":\"en-US\"},{\"@type\":\"Organization\",\"@id\":\"https:\\\/\\\/accesolatino.org\\\/#organization\",\"name\":\"Acceso Latino | Fundaci\u00f3n Carlos Slim\",\"url\":\"https:\\\/\\\/accesolatino.org\\\/\",\"logo\":{\"@type\":\"ImageObject\",\"inLanguage\":\"en-US\",\"@id\":\"https:\\\/\\\/accesolatino.org\\\/#\\\/schema\\\/logo\\\/image\\\/\",\"url\":\"https:\\\/\\\/accesolatino.org\\\/wp-content\\\/uploads\\\/2021\\\/02\\\/logo-footer-acceso-latino.png\",\"contentUrl\":\"https:\\\/\\\/accesolatino.org\\\/wp-content\\\/uploads\\\/2021\\\/02\\\/logo-footer-acceso-latino.png\",\"width\":240,\"height\":40,\"caption\":\"Acceso Latino | Fundaci\u00f3n Carlos Slim\"},\"image\":{\"@id\":\"https:\\\/\\\/accesolatino.org\\\/#\\\/schema\\\/logo\\\/image\\\/\"},\"sameAs\":[\"https:\\\/\\\/www.facebook.com\\\/AccesoLatinoOrg\",\"https:\\\/\\\/x.com\\\/FAccLatino\"]}]}<\/script>\n<!-- \/ Yoast SEO plugin. -->","yoast_head_json":{"title":"Did you have an accident at work? Acceso Latino tells you how you can be compensated","description":"Conoce las diferentes formas en las que los migrantes se pueden ver beneficiados en USA","robots":{"index":"index","follow":"follow","max-snippet":"max-snippet:-1","max-image-preview":"max-image-preview:large","max-video-preview":"max-video-preview:-1"},"canonical":"https:\/\/accesolatino.org\/en\/apoyos-sociales\/te-accidentaste-en-el-trabajo-acceso-latino-te-dice-como-te-pueden-indemnizar\/","og_locale":"en_US","og_type":"article","og_title":"Acceso Latino | Apoyos Sociales","og_description":"Conoce las diferentes formas en las que los migrantes se pueden ver beneficiados en USA","og_url":"https:\/\/accesolatino.org\/en\/apoyos-sociales\/te-accidentaste-en-el-trabajo-acceso-latino-te-dice-como-te-pueden-indemnizar\/","og_site_name":"Acceso Latino","article_publisher":"https:\/\/www.facebook.com\/AccesoLatinoOrg","article_modified_time":"2025-11-07T00:25:21+00:00","og_image":[{"width":600,"height":338,"url":"https:\/\/accesolatino.org\/wp-content\/uploads\/2020\/09\/Te-accidentaste-en-el-trabajo-Acceso-Latino-te-dice-como-te-pueden-indemnizar.jpg","type":"image\/jpeg"}],"twitter_card":"summary_large_image","twitter_title":"Acceso Latino | Apoyos Sociales","twitter_description":"Conoce las diferentes formas en las que los migrantes se pueden ver beneficiados en USA","twitter_image":"https:\/\/accesolatino.org\/wp-content\/uploads\/2020\/09\/Te-accidentaste-en-el-trabajo-Acceso-Latino-te-dice-como-te-pueden-indemnizar.jpg","twitter_site":"@FAccLatino","twitter_misc":{"Est. reading time":"2 minutes"},"schema":{"@context":"https:\/\/schema.org","@graph":[{"@type":"WebPage","@id":"https:\/\/accesolatino.org\/en\/apoyos-sociales\/te-accidentaste-en-el-trabajo-acceso-latino-te-dice-como-te-pueden-indemnizar\/","url":"https:\/\/accesolatino.org\/en\/apoyos-sociales\/te-accidentaste-en-el-trabajo-acceso-latino-te-dice-como-te-pueden-indemnizar\/","name":"Did you have an accident at work? Acceso Latino tells you how you can be compensated","isPartOf":{"@id":"https:\/\/accesolatino.org\/#website"},"primaryImageOfPage":{"@id":"https:\/\/accesolatino.org\/en\/apoyos-sociales\/te-accidentaste-en-el-trabajo-acceso-latino-te-dice-como-te-pueden-indemnizar\/#primaryimage"},"image":{"@id":"https:\/\/accesolatino.org\/en\/apoyos-sociales\/te-accidentaste-en-el-trabajo-acceso-latino-te-dice-como-te-pueden-indemnizar\/#primaryimage"},"thumbnailUrl":"https:\/\/accesolatino.org\/wp-content\/uploads\/2020\/09\/Te-accidentaste-en-el-trabajo-Acceso-Latino-te-dice-como-te-pueden-indemnizar.jpg","datePublished":"2020-09-21T11:00:00+00:00","dateModified":"2025-11-07T00:25:21+00:00","description":"Conoce las diferentes formas en las que los migrantes se pueden ver beneficiados en USA","breadcrumb":{"@id":"https:\/\/accesolatino.org\/en\/apoyos-sociales\/te-accidentaste-en-el-trabajo-acceso-latino-te-dice-como-te-pueden-indemnizar\/#breadcrumb"},"inLanguage":"en-US","potentialAction":[{"@type":"ReadAction","target":["https:\/\/accesolatino.org\/en\/apoyos-sociales\/te-accidentaste-en-el-trabajo-acceso-latino-te-dice-como-te-pueden-indemnizar\/"]}]},{"@type":"ImageObject","inLanguage":"en-US","@id":"https:\/\/accesolatino.org\/en\/apoyos-sociales\/te-accidentaste-en-el-trabajo-acceso-latino-te-dice-como-te-pueden-indemnizar\/#primaryimage","url":"https:\/\/accesolatino.org\/wp-content\/uploads\/2020\/09\/Te-accidentaste-en-el-trabajo-Acceso-Latino-te-dice-como-te-pueden-indemnizar.jpg","contentUrl":"https:\/\/accesolatino.org\/wp-content\/uploads\/2020\/09\/Te-accidentaste-en-el-trabajo-Acceso-Latino-te-dice-como-te-pueden-indemnizar.jpg","width":600,"height":338,"caption":"indemnizar"},{"@type":"BreadcrumbList","@id":"https:\/\/accesolatino.org\/en\/apoyos-sociales\/te-accidentaste-en-el-trabajo-acceso-latino-te-dice-como-te-pueden-indemnizar\/#breadcrumb","itemListElement":[{"@type":"ListItem","position":1,"name":"Portada","item":"https:\/\/accesolatino.org\/"},{"@type":"ListItem","position":2,"name":"Apoyos Sociales","item":"https:\/\/accesolatino.org\/en\/apoyos-sociales\/"},{"@type":"ListItem","position":3,"name":"\u00bfTe accidentaste en el trabajo? Acceso Latino te dice c\u00f3mo te pueden indemnizar"}]},{"@type":"WebSite","@id":"https:\/\/accesolatino.org\/#website","url":"https:\/\/accesolatino.org\/","name":"Acceso Latino | Fundaci\u00f3n Carlos Slim","description":"Fundaci\u00f3n Carlos Slim","publisher":{"@id":"https:\/\/accesolatino.org\/#organization"},"potentialAction":[{"@type":"SearchAction","target":{"@type":"EntryPoint","urlTemplate":"https:\/\/accesolatino.org\/?s={search_term_string}"},"query-input":{"@type":"PropertyValueSpecification","valueRequired":true,"valueName":"search_term_string"}}],"inLanguage":"en-US"},{"@type":"Organization","@id":"https:\/\/accesolatino.org\/#organization","name":"Acceso Latino | Fundaci\u00f3n Carlos Slim","url":"https:\/\/accesolatino.org\/","logo":{"@type":"ImageObject","inLanguage":"en-US","@id":"https:\/\/accesolatino.org\/#\/schema\/logo\/image\/","url":"https:\/\/accesolatino.org\/wp-content\/uploads\/2021\/02\/logo-footer-acceso-latino.png","contentUrl":"https:\/\/accesolatino.org\/wp-content\/uploads\/2021\/02\/logo-footer-acceso-latino.png","width":240,"height":40,"caption":"Acceso Latino | Fundaci\u00f3n Carlos Slim"},"image":{"@id":"https:\/\/accesolatino.org\/#\/schema\/logo\/image\/"},"sameAs":["https:\/\/www.facebook.com\/AccesoLatinoOrg","https:\/\/x.com\/FAccLatino"]}]}},"_links":{"self":[{"href":"https:\/\/accesolatino.org\/en\/wp-json\/wp\/v2\/pages\/22901","targetHints":{"allow":["GET"]}}],"collection":[{"href":"https:\/\/accesolatino.org\/en\/wp-json\/wp\/v2\/pages"}],"about":[{"href":"https:\/\/accesolatino.org\/en\/wp-json\/wp\/v2\/types\/page"}],"author":[{"embeddable":true,"href":"https:\/\/accesolatino.org\/en\/wp-json\/wp\/v2\/users\/6"}],"replies":[{"embeddable":true,"href":"https:\/\/accesolatino.org\/en\/wp-json\/wp\/v2\/comments?post=22901"}],"version-history":[{"count":1,"href":"https:\/\/accesolatino.org\/en\/wp-json\/wp\/v2\/pages\/22901\/revisions"}],"predecessor-version":[{"id":68587,"href":"https:\/\/accesolatino.org\/en\/wp-json\/wp\/v2\/pages\/22901\/revisions\/68587"}],"up":[{"embeddable":true,"href":"https:\/\/accesolatino.org\/en\/wp-json\/wp\/v2\/pages\/1435"}],"wp:featuredmedia":[{"embeddable":true,"href":"https:\/\/accesolatino.org\/en\/wp-json\/wp\/v2\/media\/22892"}],"wp:attachment":[{"href":"https:\/\/accesolatino.org\/en\/wp-json\/wp\/v2\/media?parent=22901"}],"curies":[{"name":"wp","href":"https:\/\/api.w.org\/{rel}","templated":true}]}}