{"id":22883,"date":"2020-09-18T09:19:32","date_gmt":"2020-09-18T14:19:32","guid":{"rendered":"https:\/\/accesolatino.org\/?page_id=22883"},"modified":"2025-10-16T17:46:34","modified_gmt":"2025-10-16T23:46:34","slug":"conoce-las-apps-que-acceso-latino-pone-a-tu-alcance","status":"publish","type":"page","link":"https:\/\/accesolatino.org\/en\/conoce-las-apps-que-acceso-latino-pone-a-tu-alcance\/","title":{"rendered":"Conoce las aplicaciones que Acceso Latino pone a tu alcance"},"content":{"rendered":"<div data-elementor-type=\"wp-post\" data-elementor-id=\"22883\" class=\"elementor elementor-22883\">\n\t\t\t\t\t\t<section class=\"elementor-section elementor-top-section elementor-element elementor-element-30dda72 elementor-section-full_width elementor-section-height-min-height elementor-section-items-stretch elementor-section-height-default wpr-particle-no wpr-jarallax-no wpr-parallax-no wpr-sticky-section-no wpr-equal-height-no\" data-id=\"30dda72\" data-element_type=\"section\" data-e-type=\"section\" data-settings=\"{&quot;background_background&quot;:&quot;classic&quot;}\">\n\t\t\t\t\t\t<div class=\"elementor-container elementor-column-gap-no\">\n\t\t\t\t\t<div class=\"elementor-column elementor-col-100 elementor-top-column elementor-element elementor-element-cf8862e\" data-id=\"cf8862e\" data-element_type=\"column\" data-e-type=\"column\">\n\t\t\t<div class=\"elementor-widget-wrap elementor-element-populated\">\n\t\t\t\t\t\t<div class=\"elementor-element elementor-element-cbf81c6 elementor--h-position-center elementor--v-position-middle elementor-widget elementor-widget-slides\" data-id=\"cbf81c6\" data-element_type=\"widget\" data-e-type=\"widget\" data-settings=\"{&quot;navigation&quot;:&quot;none&quot;,&quot;infinite&quot;:&quot;yes&quot;,&quot;transition&quot;:&quot;slide&quot;,&quot;transition_speed&quot;:500}\" data-widget_type=\"slides.default\">\n\t\t\t\t<div class=\"elementor-widget-container\">\n\t\t\t\t\t\t\t<div class=\"elementor-swiper\">\n\t\t\t<div class=\"elementor-slides-wrapper elementor-main-swiper swiper-container\" dir=\"ltr\" data-animation=\"\">\n\t\t\t\t<div class=\"swiper-wrapper elementor-slides\">\n\t\t\t\t\t\t\t\t\t\t<div class=\"elementor-repeater-item-d983a28 swiper-slide\"><div class=\"swiper-slide-bg\"><\/div><div class=\"swiper-slide-inner\" ><div class=\"swiper-slide-contents\"><div class=\"elementor-slide-heading\">Education<\/div><\/div><\/div><\/div>\t\t\t\t<\/div>\n\t\t\t\t\t\t\t<\/div>\n\t\t<\/div>\n\t\t\t\t\t\t<\/div>\n\t\t\t\t<\/div>\n\t\t\t\t\t<\/div>\n\t\t<\/div>\n\t\t\t\t\t<\/div>\n\t\t<\/section>\n\t\t\t\t<section class=\"elementor-section elementor-top-section elementor-element elementor-element-8b17db4 elementor-section-stretched elementor-section-boxed elementor-section-height-default elementor-section-height-default wpr-particle-no wpr-jarallax-no wpr-parallax-no wpr-sticky-section-no wpr-equal-height-no\" data-id=\"8b17db4\" data-element_type=\"section\" data-e-type=\"section\" data-settings=\"{&quot;stretch_section&quot;:&quot;section-stretched&quot;,&quot;background_background&quot;:&quot;classic&quot;}\">\n\t\t\t\t\t\t<div class=\"elementor-container elementor-column-gap-default\">\n\t\t\t\t\t<div class=\"elementor-column elementor-col-100 elementor-top-column elementor-element elementor-element-ea0ff8f\" data-id=\"ea0ff8f\" data-element_type=\"column\" data-e-type=\"column\">\n\t\t\t<div class=\"elementor-widget-wrap elementor-element-populated\">\n\t\t\t\t\t\t<div class=\"elementor-element elementor-element-a1f69b8 elementor-widget elementor-widget-heading\" data-id=\"a1f69b8\" data-element_type=\"widget\" data-e-type=\"widget\" data-widget_type=\"heading.default\">\n\t\t\t\t<div class=\"elementor-widget-container\">\n\t\t\t\t\t<h3 class=\"elementor-heading-title elementor-size-default\">Conoce las apps que Acceso Latino pone a tu alcance<\/h3>\t\t\t\t<\/div>\n\t\t\t\t<\/div>\n\t\t\t\t<div class=\"elementor-element elementor-element-74aa0c7 elementor-widget elementor-widget-text-editor\" data-id=\"74aa0c7\" data-element_type=\"widget\" data-e-type=\"widget\" data-widget_type=\"text-editor.default\">\n\t\t\t\t<div class=\"elementor-widget-container\">\n\t\t\t\t\t\t\t\t\t<p><strong>Acceso Latino<\/strong> adem\u00e1s de darte informaci\u00f3n sobre todo lo relacionado con tu estancia legal en Estados Unidos, tambi\u00e9n pone a tu alcance las siguientes apps que te ser\u00e1n de gran utilidad.<\/p><p>En la p\u00e1gina de <a href=\"https:\/\/accesolatino.org\/en\/\">inicio<\/a> es donde est\u00e1n disponibles:\u00a0<\/p><ul><li><strong>App-prende:<\/strong> te ofrece cursos y certificados de forma gratuita. Encontrar\u00e1s secciones de educaci\u00f3n y cultura, al igual que Capac\u00edtate para el Empleo donde hallar\u00e1s diplomados y cursos de diferentes \u00e1reas y podr\u00e1s guardar tu avance lecci\u00f3n por lecci\u00f3n. La puedes descargar en Android y iOS.<strong>\u00a0<\/strong><\/li><\/ul><ul><li><strong>MigrantAPP:<\/strong> conocida como MigApp, es la aplicaci\u00f3n de la Organizaci\u00f3n Internacional de las Migraciones y forma parte de la ONU. Brinda apoyo para migrar de manera segura. Cuenta con servicios como informaci\u00f3n de viaje, transferencia de dinero en l\u00ednea, m\u00e9dicos de habla universal, informaci\u00f3n sobre fen\u00f3menos naturales en el pa\u00eds al que te diriges, opci\u00f3n para agendar una cita m\u00e9dica en ese pa\u00eds, seguridad de tus documentos y consejos de viaje en general. La puedes descargar en Android y iOS.<\/li><li><strong>MiConsulmex:<\/strong> esta aplicaci\u00f3n est\u00e1 a cargo de la Secretar\u00eda de Relaciones Exteriores de M\u00e9xico y da asistencia a los connacionales que se encuentren fuera de su pa\u00eds. Puedes encontrar tu Embajada o Consulado m\u00e1s cercanos, informaci\u00f3n para tramitar tu pasaporte, asistencia y en caso de emergencia, cuenta con un bot\u00f3n para contactar a tu Consulado en Estados Unidos, si fuiste arrestado, detenido o deportado, al igual que para contactar a alg\u00fan familiar desaparecido, denunciar discriminaci\u00f3n, abusos o ataques f\u00edsicos, etc. Si tu vida corre peligro, puedes llamar al 911. La puedes descargar en Android y iOS.<\/li><li><strong>LULAC Oportunidad:<\/strong> la Liga de Ciudadanos Latinoamericanos Unidos (LULAC) proporciona informaci\u00f3n sobre compromiso civil, inmigraci\u00f3n, empoderamiento econ\u00f3mico, abogados gratuitos o de bajo costo de fuentes confiables. Su geolocalizaci\u00f3n permite que encuentres tu consejo LULAC m\u00e1s cercano. Est\u00e1 disponible en ingl\u00e9s y espa\u00f1ol y s\u00f3lo se puede descargar en iOS.<\/li><li><strong>La Red Hispana:<\/strong> escucha programas de radio que informar y empoderan a la comunidad hispana en EEUU. Mantente al d\u00eda con noticias las 24 horas del d\u00eda los 365 d\u00edas del a\u00f1o. La puedes descargar en Android y iOS.<\/li><\/ul>\t\t\t\t\t\t\t\t<\/div>\n\t\t\t\t<\/div>\n\t\t\t\t<div class=\"elementor-element elementor-element-1ec62d9 elementor-widget elementor-widget-spacer\" data-id=\"1ec62d9\" data-element_type=\"widget\" data-e-type=\"widget\" data-widget_type=\"spacer.default\">\n\t\t\t\t<div class=\"elementor-widget-container\">\n\t\t\t\t\t\t\t<div class=\"elementor-spacer\">\n\t\t\t<div class=\"elementor-spacer-inner\"><\/div>\n\t\t<\/div>\n\t\t\t\t\t\t<\/div>\n\t\t\t\t<\/div>\n\t\t\t\t\t<\/div>\n\t\t<\/div>\n\t\t\t\t\t<\/div>\n\t\t<\/section>\n\t\t\t\t<\/div>","protected":false},"excerpt":{"rendered":"<p>Educaci\u00f3n Conoce las apps que Acceso Latino pone a tu alcance Acceso Latino adem\u00e1s de darte informaci\u00f3n sobre todo lo relacionado con tu estancia legal en Estados Unidos, tambi\u00e9n pone a tu alcance las siguientes apps que te ser\u00e1n de gran utilidad. En la p\u00e1gina de inicio es donde est\u00e1n disponibles:\u00a0 App-prende: te ofrece cursos y certificados de forma gratuita. Encontrar\u00e1s secciones de educaci\u00f3n y cultura, al igual que Capac\u00edtate para el Empleo donde hallar\u00e1s diplomados y cursos de diferentes \u00e1reas y podr\u00e1s guardar tu avance lecci\u00f3n por lecci\u00f3n. La puedes descargar en Android y iOS.\u00a0 MigrantAPP: conocida como MigApp, es la aplicaci\u00f3n de la Organizaci\u00f3n Internacional de las Migraciones y forma parte de la ONU. Brinda apoyo para migrar de manera segura. Cuenta con servicios como informaci\u00f3n de viaje, transferencia de dinero en l\u00ednea, m\u00e9dicos de habla universal, informaci\u00f3n sobre fen\u00f3menos naturales en el pa\u00eds al que te diriges, opci\u00f3n para agendar una cita m\u00e9dica en ese pa\u00eds, seguridad de tus documentos y consejos de viaje en general. La puedes descargar en Android y iOS. MiConsulmex: esta aplicaci\u00f3n est\u00e1 a cargo de la Secretar\u00eda de Relaciones Exteriores de M\u00e9xico y da asistencia a los connacionales que se encuentren fuera de su pa\u00eds. Puedes encontrar tu Embajada o Consulado m\u00e1s cercanos, informaci\u00f3n para tramitar tu pasaporte, asistencia y en caso de emergencia, cuenta con un bot\u00f3n para contactar a tu Consulado en Estados Unidos, si fuiste arrestado, detenido o deportado, al igual que para contactar a alg\u00fan familiar desaparecido, denunciar discriminaci\u00f3n, abusos o ataques f\u00edsicos, etc. Si tu vida corre peligro, puedes llamar al 911. La puedes descargar en Android y iOS. LULAC Oportunidad: la Liga de Ciudadanos Latinoamericanos Unidos (LULAC) proporciona informaci\u00f3n sobre compromiso civil, inmigraci\u00f3n, empoderamiento econ\u00f3mico, abogados gratuitos o de bajo costo de fuentes confiables. Su geolocalizaci\u00f3n permite que encuentres tu consejo LULAC m\u00e1s cercano. Est\u00e1 disponible en ingl\u00e9s y espa\u00f1ol y s\u00f3lo se puede descargar en iOS. La Red Hispana: escucha programas de radio que informar y empoderan a la comunidad hispana en EEUU. Mantente al d\u00eda con noticias las 24 horas del d\u00eda los 365 d\u00edas del a\u00f1o. La puedes descargar en Android y iOS.<\/p>","protected":false},"author":7,"featured_media":22873,"parent":0,"menu_order":0,"comment_status":"closed","ping_status":"closed","template":"elementor_header_footer","meta":{"_uf_show_specific_survey":0,"_uf_disable_surveys":false,"footnotes":""},"class_list":["post-22883","page","type-page","status-publish","has-post-thumbnail"],"aioseo_notices":[],"yoast_head":"<!-- This site is optimized with the Yoast SEO plugin v27.4 - https:\/\/yoast.com\/product\/yoast-seo-wordpress\/ -->\n<title>Conoce las apps que Acceso Latino pone a tu alcance<\/title>\n<meta name=\"description\" content=\"Conoce las apps que Acceso Latino pone a tu alcance Acceso Latino adem\u00e1s de darte informaci\u00f3n sobre todo lo relacionado con tu estancia legal\" \/>\n<meta name=\"robots\" content=\"index, follow, max-snippet:-1, max-image-preview:large, max-video-preview:-1\" \/>\n<link rel=\"canonical\" href=\"https:\/\/accesolatino.org\/en\/conoce-las-apps-que-acceso-latino-pone-a-tu-alcance\/\" \/>\n<meta property=\"og:locale\" content=\"en_US\" \/>\n<meta property=\"og:type\" content=\"article\" \/>\n<meta property=\"og:title\" content=\"Conoce las apps que Acceso Latino pone a tu alcance\" \/>\n<meta property=\"og:description\" content=\"Conoce las apps que Acceso Latino pone a tu alcance Acceso Latino adem\u00e1s de darte informaci\u00f3n sobre todo lo relacionado con tu estancia legal\" \/>\n<meta property=\"og:url\" content=\"https:\/\/accesolatino.org\/en\/conoce-las-apps-que-acceso-latino-pone-a-tu-alcance\/\" \/>\n<meta property=\"og:site_name\" content=\"Acceso Latino\" \/>\n<meta property=\"article:publisher\" content=\"https:\/\/www.facebook.com\/AccesoLatinoOrg\" \/>\n<meta property=\"article:modified_time\" content=\"2025-10-16T23:46:34+00:00\" \/>\n<meta property=\"og:image\" content=\"https:\/\/accesolatino.org\/wp-content\/uploads\/2020\/09\/Conoce-las-apps-que-Acceso-Latino-pone-a-tu-alcance.jpg\" \/>\n\t<meta property=\"og:image:width\" content=\"600\" \/>\n\t<meta property=\"og:image:height\" content=\"338\" \/>\n\t<meta property=\"og:image:type\" content=\"image\/jpeg\" \/>\n<meta name=\"twitter:card\" content=\"summary_large_image\" \/>\n<meta name=\"twitter:site\" content=\"@FAccLatino\" \/>\n<meta name=\"twitter:label1\" content=\"Est. reading time\" \/>\n\t<meta name=\"twitter:data1\" content=\"2 minutes\" \/>\n<script type=\"application\/ld+json\" class=\"yoast-schema-graph\">{\"@context\":\"https:\\\/\\\/schema.org\",\"@graph\":[{\"@type\":\"WebPage\",\"@id\":\"https:\\\/\\\/accesolatino.org\\\/conoce-las-apps-que-acceso-latino-pone-a-tu-alcance\\\/\",\"url\":\"https:\\\/\\\/accesolatino.org\\\/conoce-las-apps-que-acceso-latino-pone-a-tu-alcance\\\/\",\"name\":\"Conoce las apps que Acceso Latino pone a tu alcance\",\"isPartOf\":{\"@id\":\"https:\\\/\\\/accesolatino.org\\\/#website\"},\"primaryImageOfPage\":{\"@id\":\"https:\\\/\\\/accesolatino.org\\\/conoce-las-apps-que-acceso-latino-pone-a-tu-alcance\\\/#primaryimage\"},\"image\":{\"@id\":\"https:\\\/\\\/accesolatino.org\\\/conoce-las-apps-que-acceso-latino-pone-a-tu-alcance\\\/#primaryimage\"},\"thumbnailUrl\":\"https:\\\/\\\/accesolatino.org\\\/wp-content\\\/uploads\\\/2020\\\/09\\\/Conoce-las-apps-que-Acceso-Latino-pone-a-tu-alcance.jpg\",\"datePublished\":\"2020-09-18T14:19:32+00:00\",\"dateModified\":\"2025-10-16T23:46:34+00:00\",\"description\":\"Conoce las apps que Acceso Latino pone a tu alcance Acceso Latino adem\u00e1s de darte informaci\u00f3n sobre todo lo relacionado con tu estancia legal\",\"breadcrumb\":{\"@id\":\"https:\\\/\\\/accesolatino.org\\\/conoce-las-apps-que-acceso-latino-pone-a-tu-alcance\\\/#breadcrumb\"},\"inLanguage\":\"en-US\",\"potentialAction\":[{\"@type\":\"ReadAction\",\"target\":[\"https:\\\/\\\/accesolatino.org\\\/conoce-las-apps-que-acceso-latino-pone-a-tu-alcance\\\/\"]}]},{\"@type\":\"ImageObject\",\"inLanguage\":\"en-US\",\"@id\":\"https:\\\/\\\/accesolatino.org\\\/conoce-las-apps-que-acceso-latino-pone-a-tu-alcance\\\/#primaryimage\",\"url\":\"https:\\\/\\\/accesolatino.org\\\/wp-content\\\/uploads\\\/2020\\\/09\\\/Conoce-las-apps-que-Acceso-Latino-pone-a-tu-alcance.jpg\",\"contentUrl\":\"https:\\\/\\\/accesolatino.org\\\/wp-content\\\/uploads\\\/2020\\\/09\\\/Conoce-las-apps-que-Acceso-Latino-pone-a-tu-alcance.jpg\",\"width\":600,\"height\":338,\"caption\":\"aplicaciones\"},{\"@type\":\"BreadcrumbList\",\"@id\":\"https:\\\/\\\/accesolatino.org\\\/conoce-las-apps-que-acceso-latino-pone-a-tu-alcance\\\/#breadcrumb\",\"itemListElement\":[{\"@type\":\"ListItem\",\"position\":1,\"name\":\"Portada\",\"item\":\"https:\\\/\\\/accesolatino.org\\\/\"},{\"@type\":\"ListItem\",\"position\":2,\"name\":\"Conoce las aplicaciones que Acceso Latino pone a tu alcance\"}]},{\"@type\":\"WebSite\",\"@id\":\"https:\\\/\\\/accesolatino.org\\\/#website\",\"url\":\"https:\\\/\\\/accesolatino.org\\\/\",\"name\":\"Acceso Latino | Fundaci\u00f3n Carlos Slim\",\"description\":\"Fundaci\u00f3n Carlos Slim\",\"publisher\":{\"@id\":\"https:\\\/\\\/accesolatino.org\\\/#organization\"},\"potentialAction\":[{\"@type\":\"SearchAction\",\"target\":{\"@type\":\"EntryPoint\",\"urlTemplate\":\"https:\\\/\\\/accesolatino.org\\\/?s={search_term_string}\"},\"query-input\":{\"@type\":\"PropertyValueSpecification\",\"valueRequired\":true,\"valueName\":\"search_term_string\"}}],\"inLanguage\":\"en-US\"},{\"@type\":\"Organization\",\"@id\":\"https:\\\/\\\/accesolatino.org\\\/#organization\",\"name\":\"Acceso Latino | Fundaci\u00f3n Carlos Slim\",\"url\":\"https:\\\/\\\/accesolatino.org\\\/\",\"logo\":{\"@type\":\"ImageObject\",\"inLanguage\":\"en-US\",\"@id\":\"https:\\\/\\\/accesolatino.org\\\/#\\\/schema\\\/logo\\\/image\\\/\",\"url\":\"https:\\\/\\\/accesolatino.org\\\/wp-content\\\/uploads\\\/2021\\\/02\\\/logo-footer-acceso-latino.png\",\"contentUrl\":\"https:\\\/\\\/accesolatino.org\\\/wp-content\\\/uploads\\\/2021\\\/02\\\/logo-footer-acceso-latino.png\",\"width\":240,\"height\":40,\"caption\":\"Acceso Latino | Fundaci\u00f3n Carlos Slim\"},\"image\":{\"@id\":\"https:\\\/\\\/accesolatino.org\\\/#\\\/schema\\\/logo\\\/image\\\/\"},\"sameAs\":[\"https:\\\/\\\/www.facebook.com\\\/AccesoLatinoOrg\",\"https:\\\/\\\/x.com\\\/FAccLatino\"]}]}<\/script>\n<!-- \/ Yoast SEO plugin. -->","yoast_head_json":{"title":"Conoce las apps que Acceso Latino pone a tu alcance","description":"Conoce las apps que Acceso Latino pone a tu alcance Acceso Latino adem\u00e1s de darte informaci\u00f3n sobre todo lo relacionado con tu estancia legal","robots":{"index":"index","follow":"follow","max-snippet":"max-snippet:-1","max-image-preview":"max-image-preview:large","max-video-preview":"max-video-preview:-1"},"canonical":"https:\/\/accesolatino.org\/en\/conoce-las-apps-que-acceso-latino-pone-a-tu-alcance\/","og_locale":"en_US","og_type":"article","og_title":"Conoce las apps que Acceso Latino pone a tu alcance","og_description":"Conoce las apps que Acceso Latino pone a tu alcance Acceso Latino adem\u00e1s de darte informaci\u00f3n sobre todo lo relacionado con tu estancia legal","og_url":"https:\/\/accesolatino.org\/en\/conoce-las-apps-que-acceso-latino-pone-a-tu-alcance\/","og_site_name":"Acceso Latino","article_publisher":"https:\/\/www.facebook.com\/AccesoLatinoOrg","article_modified_time":"2025-10-16T23:46:34+00:00","og_image":[{"width":600,"height":338,"url":"https:\/\/accesolatino.org\/wp-content\/uploads\/2020\/09\/Conoce-las-apps-que-Acceso-Latino-pone-a-tu-alcance.jpg","type":"image\/jpeg"}],"twitter_card":"summary_large_image","twitter_site":"@FAccLatino","twitter_misc":{"Est. reading time":"2 minutes"},"schema":{"@context":"https:\/\/schema.org","@graph":[{"@type":"WebPage","@id":"https:\/\/accesolatino.org\/conoce-las-apps-que-acceso-latino-pone-a-tu-alcance\/","url":"https:\/\/accesolatino.org\/conoce-las-apps-que-acceso-latino-pone-a-tu-alcance\/","name":"Conoce las apps que Acceso Latino pone a tu alcance","isPartOf":{"@id":"https:\/\/accesolatino.org\/#website"},"primaryImageOfPage":{"@id":"https:\/\/accesolatino.org\/conoce-las-apps-que-acceso-latino-pone-a-tu-alcance\/#primaryimage"},"image":{"@id":"https:\/\/accesolatino.org\/conoce-las-apps-que-acceso-latino-pone-a-tu-alcance\/#primaryimage"},"thumbnailUrl":"https:\/\/accesolatino.org\/wp-content\/uploads\/2020\/09\/Conoce-las-apps-que-Acceso-Latino-pone-a-tu-alcance.jpg","datePublished":"2020-09-18T14:19:32+00:00","dateModified":"2025-10-16T23:46:34+00:00","description":"Conoce las apps que Acceso Latino pone a tu alcance Acceso Latino adem\u00e1s de darte informaci\u00f3n sobre todo lo relacionado con tu estancia legal","breadcrumb":{"@id":"https:\/\/accesolatino.org\/conoce-las-apps-que-acceso-latino-pone-a-tu-alcance\/#breadcrumb"},"inLanguage":"en-US","potentialAction":[{"@type":"ReadAction","target":["https:\/\/accesolatino.org\/conoce-las-apps-que-acceso-latino-pone-a-tu-alcance\/"]}]},{"@type":"ImageObject","inLanguage":"en-US","@id":"https:\/\/accesolatino.org\/conoce-las-apps-que-acceso-latino-pone-a-tu-alcance\/#primaryimage","url":"https:\/\/accesolatino.org\/wp-content\/uploads\/2020\/09\/Conoce-las-apps-que-Acceso-Latino-pone-a-tu-alcance.jpg","contentUrl":"https:\/\/accesolatino.org\/wp-content\/uploads\/2020\/09\/Conoce-las-apps-que-Acceso-Latino-pone-a-tu-alcance.jpg","width":600,"height":338,"caption":"aplicaciones"},{"@type":"BreadcrumbList","@id":"https:\/\/accesolatino.org\/conoce-las-apps-que-acceso-latino-pone-a-tu-alcance\/#breadcrumb","itemListElement":[{"@type":"ListItem","position":1,"name":"Portada","item":"https:\/\/accesolatino.org\/"},{"@type":"ListItem","position":2,"name":"Conoce las aplicaciones que Acceso Latino pone a tu alcance"}]},{"@type":"WebSite","@id":"https:\/\/accesolatino.org\/#website","url":"https:\/\/accesolatino.org\/","name":"Acceso Latino | Fundaci\u00f3n Carlos Slim","description":"Fundaci\u00f3n Carlos Slim","publisher":{"@id":"https:\/\/accesolatino.org\/#organization"},"potentialAction":[{"@type":"SearchAction","target":{"@type":"EntryPoint","urlTemplate":"https:\/\/accesolatino.org\/?s={search_term_string}"},"query-input":{"@type":"PropertyValueSpecification","valueRequired":true,"valueName":"search_term_string"}}],"inLanguage":"en-US"},{"@type":"Organization","@id":"https:\/\/accesolatino.org\/#organization","name":"Acceso Latino | Fundaci\u00f3n Carlos Slim","url":"https:\/\/accesolatino.org\/","logo":{"@type":"ImageObject","inLanguage":"en-US","@id":"https:\/\/accesolatino.org\/#\/schema\/logo\/image\/","url":"https:\/\/accesolatino.org\/wp-content\/uploads\/2021\/02\/logo-footer-acceso-latino.png","contentUrl":"https:\/\/accesolatino.org\/wp-content\/uploads\/2021\/02\/logo-footer-acceso-latino.png","width":240,"height":40,"caption":"Acceso Latino | Fundaci\u00f3n Carlos Slim"},"image":{"@id":"https:\/\/accesolatino.org\/#\/schema\/logo\/image\/"},"sameAs":["https:\/\/www.facebook.com\/AccesoLatinoOrg","https:\/\/x.com\/FAccLatino"]}]}},"_links":{"self":[{"href":"https:\/\/accesolatino.org\/en\/wp-json\/wp\/v2\/pages\/22883","targetHints":{"allow":["GET"]}}],"collection":[{"href":"https:\/\/accesolatino.org\/en\/wp-json\/wp\/v2\/pages"}],"about":[{"href":"https:\/\/accesolatino.org\/en\/wp-json\/wp\/v2\/types\/page"}],"author":[{"embeddable":true,"href":"https:\/\/accesolatino.org\/en\/wp-json\/wp\/v2\/users\/7"}],"replies":[{"embeddable":true,"href":"https:\/\/accesolatino.org\/en\/wp-json\/wp\/v2\/comments?post=22883"}],"version-history":[{"count":1,"href":"https:\/\/accesolatino.org\/en\/wp-json\/wp\/v2\/pages\/22883\/revisions"}],"predecessor-version":[{"id":64182,"href":"https:\/\/accesolatino.org\/en\/wp-json\/wp\/v2\/pages\/22883\/revisions\/64182"}],"wp:featuredmedia":[{"embeddable":true,"href":"https:\/\/accesolatino.org\/en\/wp-json\/wp\/v2\/media\/22873"}],"wp:attachment":[{"href":"https:\/\/accesolatino.org\/en\/wp-json\/wp\/v2\/media?parent=22883"}],"curies":[{"name":"wp","href":"https:\/\/api.w.org\/{rel}","templated":true}]}}