{"id":22835,"date":"2020-09-15T06:00:00","date_gmt":"2020-09-15T11:00:00","guid":{"rendered":"https:\/\/accesolatino.org\/?page_id=22835"},"modified":"2025-10-16T16:15:55","modified_gmt":"2025-10-16T22:15:55","slug":"quieres-iniciar-tu-negocio-acceso-latino-te-capacita","status":"publish","type":"page","link":"https:\/\/accesolatino.org\/en\/buscas-empleo\/quieres-iniciar-tu-negocio-acceso-latino-te-capacita\/","title":{"rendered":"Do you want to start your business? Acceso Latino trains you"},"content":{"rendered":"<div data-elementor-type=\"wp-post\" data-elementor-id=\"22835\" class=\"elementor elementor-22835\">\n\t\t\t\t\t\t<section class=\"elementor-section elementor-top-section elementor-element elementor-element-6dc7fd6 elementor-section-full_width elementor-section-height-min-height elementor-section-items-stretch elementor-section-height-default wpr-particle-no wpr-jarallax-no wpr-parallax-no wpr-sticky-section-no wpr-equal-height-no\" data-id=\"6dc7fd6\" data-element_type=\"section\" data-e-type=\"section\" data-settings=\"{&quot;background_background&quot;:&quot;classic&quot;}\">\n\t\t\t\t\t\t<div class=\"elementor-container elementor-column-gap-no\">\n\t\t\t\t\t<div class=\"elementor-column elementor-col-100 elementor-top-column elementor-element elementor-element-f2e6ef7\" data-id=\"f2e6ef7\" data-element_type=\"column\" data-e-type=\"column\">\n\t\t\t<div class=\"elementor-widget-wrap elementor-element-populated\">\n\t\t\t\t\t\t<div class=\"elementor-element elementor-element-ef8c72e elementor--h-position-center elementor--v-position-middle elementor-widget elementor-widget-slides\" data-id=\"ef8c72e\" data-element_type=\"widget\" data-e-type=\"widget\" data-settings=\"{&quot;navigation&quot;:&quot;none&quot;,&quot;infinite&quot;:&quot;yes&quot;,&quot;transition&quot;:&quot;slide&quot;,&quot;transition_speed&quot;:500}\" data-widget_type=\"slides.default\">\n\t\t\t\t<div class=\"elementor-widget-container\">\n\t\t\t\t\t\t\t<div class=\"elementor-swiper\">\n\t\t\t<div class=\"elementor-slides-wrapper elementor-main-swiper swiper-container\" dir=\"ltr\" data-animation=\"\">\n\t\t\t\t<div class=\"swiper-wrapper elementor-slides\">\n\t\t\t\t\t\t\t\t\t\t<div class=\"elementor-repeater-item-d983a28 swiper-slide\"><div class=\"swiper-slide-bg\"><\/div><div class=\"swiper-slide-inner\" ><div class=\"swiper-slide-contents\"><div class=\"elementor-slide-heading\">Looking for a job?<\/div><\/div><\/div><\/div>\t\t\t\t<\/div>\n\t\t\t\t\t\t\t<\/div>\n\t\t<\/div>\n\t\t\t\t\t\t<\/div>\n\t\t\t\t<\/div>\n\t\t\t\t\t<\/div>\n\t\t<\/div>\n\t\t\t\t\t<\/div>\n\t\t<\/section>\n\t\t\t\t<section class=\"elementor-section elementor-top-section elementor-element elementor-element-ea909bf elementor-section-stretched elementor-section-boxed elementor-section-height-default elementor-section-height-default wpr-particle-no wpr-jarallax-no wpr-parallax-no wpr-sticky-section-no wpr-equal-height-no\" data-id=\"ea909bf\" data-element_type=\"section\" data-e-type=\"section\" data-settings=\"{&quot;stretch_section&quot;:&quot;section-stretched&quot;,&quot;background_background&quot;:&quot;classic&quot;}\">\n\t\t\t\t\t\t<div class=\"elementor-container elementor-column-gap-default\">\n\t\t\t\t\t<div class=\"elementor-column elementor-col-100 elementor-top-column elementor-element elementor-element-9194d7a\" data-id=\"9194d7a\" data-element_type=\"column\" data-e-type=\"column\">\n\t\t\t<div class=\"elementor-widget-wrap elementor-element-populated\">\n\t\t\t\t\t\t<div class=\"elementor-element elementor-element-c612737 elementor-widget elementor-widget-heading\" data-id=\"c612737\" data-element_type=\"widget\" data-e-type=\"widget\" data-widget_type=\"heading.default\">\n\t\t\t\t<div class=\"elementor-widget-container\">\n\t\t\t\t\t<h3 class=\"elementor-heading-title elementor-size-default\">Do you want to start your business? Acceso Latino trains you <\/h3>\t\t\t\t<\/div>\n\t\t\t\t<\/div>\n\t\t\t\t<div class=\"elementor-element elementor-element-8ee355b elementor-widget elementor-widget-text-editor\" data-id=\"8ee355b\" data-element_type=\"widget\" data-e-type=\"widget\" data-widget_type=\"text-editor.default\">\n\t\t\t\t<div class=\"elementor-widget-container\">\n\t\t\t\t\t\t\t\t\t<p>Si siempre has querido emprender, pero no sabes c\u00f3mo, <strong>Acceso Latino<\/strong> te echa la mano. En la secci\u00f3n <a href=\"https:\/\/accesolatino.org\/en\/buscas-empleo\/\">Buscas Empleo<\/a> est\u00e1 disponible informaci\u00f3n sobre la Agencia de Gobierno <a href=\"https:\/\/www.sba.gov\/espanol\">Small Business Administration<\/a> (SBA) que ofrece distintos tipos de pr\u00e9stamos para iniciar tu negocio en Estados Unidos.<\/p><p>En la p\u00e1gina web se muestra lo siguiente:<\/p><p><strong>Planifica su empresa:<\/strong> si ya tienes una idea, solamente necesitas hacer un plan para convertirla en realidad. Necesitar\u00e1s realizar una investigaci\u00f3n de mercado y un an\u00e1lisis competitivo, redactar el plan de negocios, calcular los costos de lanzamiento, financiar tu empresa; o si lo prefieres, comprar una empresa o franquicia ya existente.<\/p><p><strong>Lanza tu empresa:<\/strong> en este paso es donde se convierte tu sue\u00f1o en realidad. Es importante determinar la ubicaci\u00f3n de tu negocio, su estructura comercial, elegir el nombre, registrar tu empresa, obtener el n\u00famero de identificaci\u00f3n del contribuyente federal y estatal, solicitar licencias y permisos, abrir una cuenta bancaria comercial y obtener un seguro comercial.<\/p><p><strong>Administra tu empresa:<\/strong> para manejarla como todo un experto. Sabr\u00e1s c\u00f3mo dominar las operaciones cotidianas como: contrataci\u00f3n y administraci\u00f3n de empleados, pago de impuestos, seguimiento de las leyes, adquisici\u00f3n de activos y equipo, marketing y ventas, protegerse de las ciberamenazas, prepararse para emergencias, o el cierre y venta de tu negocio.<\/p><p><strong>Haz crecer tu empresa:<\/strong> si tu negocio marcha sobre ruedas, es momento de crecer; por eso ser\u00e1 necesario obtener m\u00e1s fondos, extenderte a nuevas ubicaciones, fusionar y adquirir empresas, hacerte contratista federal y exportar productos. Adem\u00e1s, si perteneces a alguno de los siguientes grupos, puedes saber que la SBA est\u00e1 del lado de tu empresa: mujeres, ind\u00edgenas americanos, veteranos, LGBT y negocios rurales.<\/p><p>En cada uno de esos temas, se describe m\u00e1s a fondo su funci\u00f3n.<\/p><p>Asimismo, la SBA ayuda a las peque\u00f1as empresas de la siguiente manera:<\/p><p><strong>Asesor\u00eda empresarial gratuita<\/strong>: su red de organizaciones y asociadas y expertos te pueden aconsejar f\u00e1cilmente.<\/p><p><strong>Pr\u00e9stamos garantizados por SBA:<\/strong> encuentra prestamistas para ayudarte a obtener fondos para tu negocio.<\/p><p><strong>Pr\u00e9stamos en caso de desastre:<\/strong> un pr\u00e9stamo de inter\u00e9s bajo te ayudar\u00e1 a recuperarte de desastres declarados.<\/p><p><strong>Contrataci\u00f3n federal:<\/strong> aplica para ganar contratos gubernamentales para peque\u00f1os negocios.<\/p><p>Por \u00faltimo, en toda la p\u00e1gina encontrar\u00e1s: gu\u00eda de negocios, programas de financiamiento, centro de capacitaci\u00f3n, asistencia local, informaci\u00f3n sobre la SBA, atenci\u00f3n al cliente, desempe\u00f1o de la SBA, supervisi\u00f3n y herramientas, y caracter\u00edsticas.<\/p>\t\t\t\t\t\t\t\t<\/div>\n\t\t\t\t<\/div>\n\t\t\t\t<div class=\"elementor-element elementor-element-2b0754c elementor-widget elementor-widget-spacer\" data-id=\"2b0754c\" data-element_type=\"widget\" data-e-type=\"widget\" data-widget_type=\"spacer.default\">\n\t\t\t\t<div class=\"elementor-widget-container\">\n\t\t\t\t\t\t\t<div class=\"elementor-spacer\">\n\t\t\t<div class=\"elementor-spacer-inner\"><\/div>\n\t\t<\/div>\n\t\t\t\t\t\t<\/div>\n\t\t\t\t<\/div>\n\t\t\t\t\t<\/div>\n\t\t<\/div>\n\t\t\t\t\t<\/div>\n\t\t<\/section>\n\t\t\t\t<\/div>","protected":false},"excerpt":{"rendered":"<p>\u00bfBuscas empleo? \u00bfQuieres iniciar tu negocio? Acceso Latino te capacita Si siempre has querido emprender, pero no sabes c\u00f3mo, Acceso Latino te echa la mano. En la secci\u00f3n Buscas Empleo est\u00e1 disponible informaci\u00f3n sobre la Agencia de Gobierno Small Business Administration (SBA) que ofrece distintos tipos de pr\u00e9stamos para iniciar tu negocio en Estados Unidos. En la p\u00e1gina web se muestra lo siguiente: Planifica su empresa: si ya tienes una idea, solamente necesitas hacer un plan para convertirla en realidad. Necesitar\u00e1s realizar una investigaci\u00f3n de mercado y un an\u00e1lisis competitivo, redactar el plan de negocios, calcular los costos de lanzamiento, financiar tu empresa; o si lo prefieres, comprar una empresa o franquicia ya existente. Lanza tu empresa: en este paso es donde se convierte tu sue\u00f1o en realidad. Es importante determinar la ubicaci\u00f3n de tu negocio, su estructura comercial, elegir el nombre, registrar tu empresa, obtener el n\u00famero de identificaci\u00f3n del contribuyente federal y estatal, solicitar licencias y permisos, abrir una cuenta bancaria comercial y obtener un seguro comercial. Administra tu empresa: para manejarla como todo un experto. Sabr\u00e1s c\u00f3mo dominar las operaciones cotidianas como: contrataci\u00f3n y administraci\u00f3n de empleados, pago de impuestos, seguimiento de las leyes, adquisici\u00f3n de activos y equipo, marketing y ventas, protegerse de las ciberamenazas, prepararse para emergencias, o el cierre y venta de tu negocio. Haz crecer tu empresa: si tu negocio marcha sobre ruedas, es momento de crecer; por eso ser\u00e1 necesario obtener m\u00e1s fondos, extenderte a nuevas ubicaciones, fusionar y adquirir empresas, hacerte contratista federal y exportar productos. Adem\u00e1s, si perteneces a alguno de los siguientes grupos, puedes saber que la SBA est\u00e1 del lado de tu empresa: mujeres, ind\u00edgenas americanos, veteranos, LGBT y negocios rurales. En cada uno de esos temas, se describe m\u00e1s a fondo su funci\u00f3n. Asimismo, la SBA ayuda a las peque\u00f1as empresas de la siguiente manera: Asesor\u00eda empresarial gratuita: su red de organizaciones y asociadas y expertos te pueden aconsejar f\u00e1cilmente. Pr\u00e9stamos garantizados por SBA: encuentra prestamistas para ayudarte a obtener fondos para tu negocio. Pr\u00e9stamos en caso de desastre: un pr\u00e9stamo de inter\u00e9s bajo te ayudar\u00e1 a recuperarte de desastres declarados. Contrataci\u00f3n federal: aplica para ganar contratos gubernamentales para peque\u00f1os negocios. Por \u00faltimo, en toda la p\u00e1gina encontrar\u00e1s: gu\u00eda de negocios, programas de financiamiento, centro de capacitaci\u00f3n, asistencia local, informaci\u00f3n sobre la SBA, atenci\u00f3n al cliente, desempe\u00f1o de la SBA, supervisi\u00f3n y herramientas, y caracter\u00edsticas.<\/p>","protected":false},"author":5,"featured_media":22828,"parent":2747,"menu_order":0,"comment_status":"closed","ping_status":"closed","template":"elementor_header_footer","meta":{"_uf_show_specific_survey":0,"_uf_disable_surveys":false,"footnotes":""},"class_list":["post-22835","page","type-page","status-publish","has-post-thumbnail"],"aioseo_notices":[],"yoast_head":"<!-- This site is optimized with the Yoast SEO plugin v27.4 - https:\/\/yoast.com\/product\/yoast-seo-wordpress\/ -->\n<title>\u00bfQuieres iniciar tu negocio? Acceso Latino te capacita<\/title>\n<meta name=\"description\" content=\"\u00bfBuscas empleo en Estados Unidos? Te compartimos algunas herramientas para capacitarte y encontrarlo - Acceso Latino\" \/>\n<meta name=\"robots\" content=\"index, follow, max-snippet:-1, max-image-preview:large, max-video-preview:-1\" \/>\n<link rel=\"canonical\" href=\"https:\/\/accesolatino.org\/en\/buscas-empleo\/quieres-iniciar-tu-negocio-acceso-latino-te-capacita\/\" \/>\n<meta property=\"og:locale\" content=\"en_US\" \/>\n<meta property=\"og:type\" content=\"article\" \/>\n<meta property=\"og:title\" content=\"Acceso Latino | \u00bfQuieres iniciar tu negocio? Acceso Latino te capacita\" \/>\n<meta property=\"og:description\" content=\"\u00bfBuscas empleo en Estados Unidos? Te compartimos algunas herrmientas para capacitarte y encontrarlo.\" \/>\n<meta property=\"og:url\" content=\"https:\/\/accesolatino.org\/en\/buscas-empleo\/quieres-iniciar-tu-negocio-acceso-latino-te-capacita\/\" \/>\n<meta property=\"og:site_name\" content=\"Acceso Latino\" \/>\n<meta property=\"article:publisher\" content=\"https:\/\/www.facebook.com\/AccesoLatinoOrg\" \/>\n<meta property=\"article:modified_time\" content=\"2025-10-16T22:15:55+00:00\" \/>\n<meta property=\"og:image\" content=\"https:\/\/accesolatino.org\/wp-content\/uploads\/2020\/09\/Quieres-iniciar-tu-negocio-Acceso-Latino-te-capacita.jpg\" \/>\n\t<meta property=\"og:image:width\" content=\"600\" \/>\n\t<meta property=\"og:image:height\" content=\"338\" \/>\n\t<meta property=\"og:image:type\" content=\"image\/jpeg\" \/>\n<meta name=\"twitter:card\" content=\"summary_large_image\" \/>\n<meta name=\"twitter:title\" content=\"Acceso Latino | \u00bfQuieres iniciar tu negocio? Acceso Latino te capacita\" \/>\n<meta name=\"twitter:description\" content=\"\u00bfBuscas empleo en Estados Unidos? Te compartimos algunas herrmientas para capacitarte y encontrarlo.\" \/>\n<meta name=\"twitter:image\" content=\"https:\/\/accesolatino.org\/wp-content\/uploads\/2020\/09\/Quieres-iniciar-tu-negocio-Acceso-Latino-te-capacita.jpg\" \/>\n<meta name=\"twitter:site\" content=\"@FAccLatino\" \/>\n<meta name=\"twitter:label1\" content=\"Est. reading time\" \/>\n\t<meta name=\"twitter:data1\" content=\"3 minutes\" \/>\n<script type=\"application\/ld+json\" class=\"yoast-schema-graph\">{\"@context\":\"https:\\\/\\\/schema.org\",\"@graph\":[{\"@type\":\"WebPage\",\"@id\":\"https:\\\/\\\/accesolatino.org\\\/buscas-empleo\\\/quieres-iniciar-tu-negocio-acceso-latino-te-capacita\\\/\",\"url\":\"https:\\\/\\\/accesolatino.org\\\/buscas-empleo\\\/quieres-iniciar-tu-negocio-acceso-latino-te-capacita\\\/\",\"name\":\"\u00bfQuieres iniciar tu negocio? Acceso Latino te capacita\",\"isPartOf\":{\"@id\":\"https:\\\/\\\/accesolatino.org\\\/#website\"},\"primaryImageOfPage\":{\"@id\":\"https:\\\/\\\/accesolatino.org\\\/buscas-empleo\\\/quieres-iniciar-tu-negocio-acceso-latino-te-capacita\\\/#primaryimage\"},\"image\":{\"@id\":\"https:\\\/\\\/accesolatino.org\\\/buscas-empleo\\\/quieres-iniciar-tu-negocio-acceso-latino-te-capacita\\\/#primaryimage\"},\"thumbnailUrl\":\"https:\\\/\\\/accesolatino.org\\\/wp-content\\\/uploads\\\/2020\\\/09\\\/Quieres-iniciar-tu-negocio-Acceso-Latino-te-capacita.jpg\",\"datePublished\":\"2020-09-15T11:00:00+00:00\",\"dateModified\":\"2025-10-16T22:15:55+00:00\",\"description\":\"\u00bfBuscas empleo en Estados Unidos? Te compartimos algunas herramientas para capacitarte y encontrarlo - Acceso Latino\",\"breadcrumb\":{\"@id\":\"https:\\\/\\\/accesolatino.org\\\/buscas-empleo\\\/quieres-iniciar-tu-negocio-acceso-latino-te-capacita\\\/#breadcrumb\"},\"inLanguage\":\"en-US\",\"potentialAction\":[{\"@type\":\"ReadAction\",\"target\":[\"https:\\\/\\\/accesolatino.org\\\/buscas-empleo\\\/quieres-iniciar-tu-negocio-acceso-latino-te-capacita\\\/\"]}]},{\"@type\":\"ImageObject\",\"inLanguage\":\"en-US\",\"@id\":\"https:\\\/\\\/accesolatino.org\\\/buscas-empleo\\\/quieres-iniciar-tu-negocio-acceso-latino-te-capacita\\\/#primaryimage\",\"url\":\"https:\\\/\\\/accesolatino.org\\\/wp-content\\\/uploads\\\/2020\\\/09\\\/Quieres-iniciar-tu-negocio-Acceso-Latino-te-capacita.jpg\",\"contentUrl\":\"https:\\\/\\\/accesolatino.org\\\/wp-content\\\/uploads\\\/2020\\\/09\\\/Quieres-iniciar-tu-negocio-Acceso-Latino-te-capacita.jpg\",\"width\":600,\"height\":338,\"caption\":\"capacita\"},{\"@type\":\"BreadcrumbList\",\"@id\":\"https:\\\/\\\/accesolatino.org\\\/buscas-empleo\\\/quieres-iniciar-tu-negocio-acceso-latino-te-capacita\\\/#breadcrumb\",\"itemListElement\":[{\"@type\":\"ListItem\",\"position\":1,\"name\":\"Portada\",\"item\":\"https:\\\/\\\/accesolatino.org\\\/\"},{\"@type\":\"ListItem\",\"position\":2,\"name\":\"Buscas Empleo\",\"item\":\"https:\\\/\\\/accesolatino.org\\\/en\\\/buscas-empleo\\\/\"},{\"@type\":\"ListItem\",\"position\":3,\"name\":\"\u00bfQuieres iniciar tu negocio? Acceso Latino te capacita\"}]},{\"@type\":\"WebSite\",\"@id\":\"https:\\\/\\\/accesolatino.org\\\/#website\",\"url\":\"https:\\\/\\\/accesolatino.org\\\/\",\"name\":\"Acceso Latino | Fundaci\u00f3n Carlos Slim\",\"description\":\"Fundaci\u00f3n Carlos Slim\",\"publisher\":{\"@id\":\"https:\\\/\\\/accesolatino.org\\\/#organization\"},\"potentialAction\":[{\"@type\":\"SearchAction\",\"target\":{\"@type\":\"EntryPoint\",\"urlTemplate\":\"https:\\\/\\\/accesolatino.org\\\/?s={search_term_string}\"},\"query-input\":{\"@type\":\"PropertyValueSpecification\",\"valueRequired\":true,\"valueName\":\"search_term_string\"}}],\"inLanguage\":\"en-US\"},{\"@type\":\"Organization\",\"@id\":\"https:\\\/\\\/accesolatino.org\\\/#organization\",\"name\":\"Acceso Latino | Fundaci\u00f3n Carlos Slim\",\"url\":\"https:\\\/\\\/accesolatino.org\\\/\",\"logo\":{\"@type\":\"ImageObject\",\"inLanguage\":\"en-US\",\"@id\":\"https:\\\/\\\/accesolatino.org\\\/#\\\/schema\\\/logo\\\/image\\\/\",\"url\":\"https:\\\/\\\/accesolatino.org\\\/wp-content\\\/uploads\\\/2021\\\/02\\\/logo-footer-acceso-latino.png\",\"contentUrl\":\"https:\\\/\\\/accesolatino.org\\\/wp-content\\\/uploads\\\/2021\\\/02\\\/logo-footer-acceso-latino.png\",\"width\":240,\"height\":40,\"caption\":\"Acceso Latino | Fundaci\u00f3n Carlos Slim\"},\"image\":{\"@id\":\"https:\\\/\\\/accesolatino.org\\\/#\\\/schema\\\/logo\\\/image\\\/\"},\"sameAs\":[\"https:\\\/\\\/www.facebook.com\\\/AccesoLatinoOrg\",\"https:\\\/\\\/x.com\\\/FAccLatino\"]}]}<\/script>\n<!-- \/ Yoast SEO plugin. -->","yoast_head_json":{"title":"Do you want to start your business? Acceso Latino trains you","description":"\u00bfBuscas empleo en Estados Unidos? Te compartimos algunas herramientas para capacitarte y encontrarlo - Acceso Latino","robots":{"index":"index","follow":"follow","max-snippet":"max-snippet:-1","max-image-preview":"max-image-preview:large","max-video-preview":"max-video-preview:-1"},"canonical":"https:\/\/accesolatino.org\/en\/buscas-empleo\/quieres-iniciar-tu-negocio-acceso-latino-te-capacita\/","og_locale":"en_US","og_type":"article","og_title":"Acceso Latino | \u00bfQuieres iniciar tu negocio? Acceso Latino te capacita","og_description":"\u00bfBuscas empleo en Estados Unidos? Te compartimos algunas herrmientas para capacitarte y encontrarlo.","og_url":"https:\/\/accesolatino.org\/en\/buscas-empleo\/quieres-iniciar-tu-negocio-acceso-latino-te-capacita\/","og_site_name":"Acceso Latino","article_publisher":"https:\/\/www.facebook.com\/AccesoLatinoOrg","article_modified_time":"2025-10-16T22:15:55+00:00","og_image":[{"width":600,"height":338,"url":"https:\/\/accesolatino.org\/wp-content\/uploads\/2020\/09\/Quieres-iniciar-tu-negocio-Acceso-Latino-te-capacita.jpg","type":"image\/jpeg"}],"twitter_card":"summary_large_image","twitter_title":"Acceso Latino | \u00bfQuieres iniciar tu negocio? Acceso Latino te capacita","twitter_description":"\u00bfBuscas empleo en Estados Unidos? Te compartimos algunas herrmientas para capacitarte y encontrarlo.","twitter_image":"https:\/\/accesolatino.org\/wp-content\/uploads\/2020\/09\/Quieres-iniciar-tu-negocio-Acceso-Latino-te-capacita.jpg","twitter_site":"@FAccLatino","twitter_misc":{"Est. reading time":"3 minutes"},"schema":{"@context":"https:\/\/schema.org","@graph":[{"@type":"WebPage","@id":"https:\/\/accesolatino.org\/buscas-empleo\/quieres-iniciar-tu-negocio-acceso-latino-te-capacita\/","url":"https:\/\/accesolatino.org\/buscas-empleo\/quieres-iniciar-tu-negocio-acceso-latino-te-capacita\/","name":"Do you want to start your business? Acceso Latino trains you","isPartOf":{"@id":"https:\/\/accesolatino.org\/#website"},"primaryImageOfPage":{"@id":"https:\/\/accesolatino.org\/buscas-empleo\/quieres-iniciar-tu-negocio-acceso-latino-te-capacita\/#primaryimage"},"image":{"@id":"https:\/\/accesolatino.org\/buscas-empleo\/quieres-iniciar-tu-negocio-acceso-latino-te-capacita\/#primaryimage"},"thumbnailUrl":"https:\/\/accesolatino.org\/wp-content\/uploads\/2020\/09\/Quieres-iniciar-tu-negocio-Acceso-Latino-te-capacita.jpg","datePublished":"2020-09-15T11:00:00+00:00","dateModified":"2025-10-16T22:15:55+00:00","description":"\u00bfBuscas empleo en Estados Unidos? Te compartimos algunas herramientas para capacitarte y encontrarlo - Acceso Latino","breadcrumb":{"@id":"https:\/\/accesolatino.org\/buscas-empleo\/quieres-iniciar-tu-negocio-acceso-latino-te-capacita\/#breadcrumb"},"inLanguage":"en-US","potentialAction":[{"@type":"ReadAction","target":["https:\/\/accesolatino.org\/buscas-empleo\/quieres-iniciar-tu-negocio-acceso-latino-te-capacita\/"]}]},{"@type":"ImageObject","inLanguage":"en-US","@id":"https:\/\/accesolatino.org\/buscas-empleo\/quieres-iniciar-tu-negocio-acceso-latino-te-capacita\/#primaryimage","url":"https:\/\/accesolatino.org\/wp-content\/uploads\/2020\/09\/Quieres-iniciar-tu-negocio-Acceso-Latino-te-capacita.jpg","contentUrl":"https:\/\/accesolatino.org\/wp-content\/uploads\/2020\/09\/Quieres-iniciar-tu-negocio-Acceso-Latino-te-capacita.jpg","width":600,"height":338,"caption":"capacita"},{"@type":"BreadcrumbList","@id":"https:\/\/accesolatino.org\/buscas-empleo\/quieres-iniciar-tu-negocio-acceso-latino-te-capacita\/#breadcrumb","itemListElement":[{"@type":"ListItem","position":1,"name":"Portada","item":"https:\/\/accesolatino.org\/"},{"@type":"ListItem","position":2,"name":"Buscas Empleo","item":"https:\/\/accesolatino.org\/en\/buscas-empleo\/"},{"@type":"ListItem","position":3,"name":"\u00bfQuieres iniciar tu negocio? Acceso Latino te capacita"}]},{"@type":"WebSite","@id":"https:\/\/accesolatino.org\/#website","url":"https:\/\/accesolatino.org\/","name":"Acceso Latino | Fundaci\u00f3n Carlos Slim","description":"Fundaci\u00f3n Carlos Slim","publisher":{"@id":"https:\/\/accesolatino.org\/#organization"},"potentialAction":[{"@type":"SearchAction","target":{"@type":"EntryPoint","urlTemplate":"https:\/\/accesolatino.org\/?s={search_term_string}"},"query-input":{"@type":"PropertyValueSpecification","valueRequired":true,"valueName":"search_term_string"}}],"inLanguage":"en-US"},{"@type":"Organization","@id":"https:\/\/accesolatino.org\/#organization","name":"Acceso Latino | Fundaci\u00f3n Carlos Slim","url":"https:\/\/accesolatino.org\/","logo":{"@type":"ImageObject","inLanguage":"en-US","@id":"https:\/\/accesolatino.org\/#\/schema\/logo\/image\/","url":"https:\/\/accesolatino.org\/wp-content\/uploads\/2021\/02\/logo-footer-acceso-latino.png","contentUrl":"https:\/\/accesolatino.org\/wp-content\/uploads\/2021\/02\/logo-footer-acceso-latino.png","width":240,"height":40,"caption":"Acceso Latino | Fundaci\u00f3n Carlos Slim"},"image":{"@id":"https:\/\/accesolatino.org\/#\/schema\/logo\/image\/"},"sameAs":["https:\/\/www.facebook.com\/AccesoLatinoOrg","https:\/\/x.com\/FAccLatino"]}]}},"_links":{"self":[{"href":"https:\/\/accesolatino.org\/en\/wp-json\/wp\/v2\/pages\/22835","targetHints":{"allow":["GET"]}}],"collection":[{"href":"https:\/\/accesolatino.org\/en\/wp-json\/wp\/v2\/pages"}],"about":[{"href":"https:\/\/accesolatino.org\/en\/wp-json\/wp\/v2\/types\/page"}],"author":[{"embeddable":true,"href":"https:\/\/accesolatino.org\/en\/wp-json\/wp\/v2\/users\/5"}],"replies":[{"embeddable":true,"href":"https:\/\/accesolatino.org\/en\/wp-json\/wp\/v2\/comments?post=22835"}],"version-history":[{"count":1,"href":"https:\/\/accesolatino.org\/en\/wp-json\/wp\/v2\/pages\/22835\/revisions"}],"predecessor-version":[{"id":64134,"href":"https:\/\/accesolatino.org\/en\/wp-json\/wp\/v2\/pages\/22835\/revisions\/64134"}],"up":[{"embeddable":true,"href":"https:\/\/accesolatino.org\/en\/wp-json\/wp\/v2\/pages\/2747"}],"wp:featuredmedia":[{"embeddable":true,"href":"https:\/\/accesolatino.org\/en\/wp-json\/wp\/v2\/media\/22828"}],"wp:attachment":[{"href":"https:\/\/accesolatino.org\/en\/wp-json\/wp\/v2\/media?parent=22835"}],"curies":[{"name":"wp","href":"https:\/\/api.w.org\/{rel}","templated":true}]}}