{"id":22816,"date":"2020-09-14T06:00:00","date_gmt":"2020-09-14T11:00:00","guid":{"rendered":"https:\/\/accesolatino.org\/?page_id=22816"},"modified":"2025-10-17T18:04:13","modified_gmt":"2025-10-18T00:04:13","slug":"tus-hijos-pueden-continuar-su-educacion-en-mexico","status":"publish","type":"page","link":"https:\/\/accesolatino.org\/en\/tus-hijos-pueden-continuar-su-educacion-en-mexico\/","title":{"rendered":"Your children can continue their education in Mexico"},"content":{"rendered":"<div data-elementor-type=\"wp-post\" data-elementor-id=\"22816\" class=\"elementor elementor-22816\">\n\t\t\t\t\t\t<section class=\"elementor-section elementor-top-section elementor-element elementor-element-5f31a0c elementor-section-full_width elementor-section-height-min-height elementor-section-items-stretch elementor-section-height-default wpr-particle-no wpr-jarallax-no wpr-parallax-no wpr-sticky-section-no wpr-equal-height-no\" data-id=\"5f31a0c\" data-element_type=\"section\" data-e-type=\"section\" data-settings=\"{&quot;background_background&quot;:&quot;classic&quot;}\">\n\t\t\t\t\t\t<div class=\"elementor-container elementor-column-gap-no\">\n\t\t\t\t\t<div class=\"elementor-column elementor-col-100 elementor-top-column elementor-element elementor-element-fccbb7d\" data-id=\"fccbb7d\" data-element_type=\"column\" data-e-type=\"column\">\n\t\t\t<div class=\"elementor-widget-wrap elementor-element-populated\">\n\t\t\t\t\t\t<div class=\"elementor-element elementor-element-0798d94 elementor--h-position-center elementor--v-position-middle elementor-widget elementor-widget-slides\" data-id=\"0798d94\" data-element_type=\"widget\" data-e-type=\"widget\" data-settings=\"{&quot;navigation&quot;:&quot;none&quot;,&quot;infinite&quot;:&quot;yes&quot;,&quot;transition&quot;:&quot;slide&quot;,&quot;transition_speed&quot;:500}\" data-widget_type=\"slides.default\">\n\t\t\t\t<div class=\"elementor-widget-container\">\n\t\t\t\t\t\t\t<div class=\"elementor-swiper\">\n\t\t\t<div class=\"elementor-slides-wrapper elementor-main-swiper swiper-container\" dir=\"ltr\" data-animation=\"\">\n\t\t\t\t<div class=\"swiper-wrapper elementor-slides\">\n\t\t\t\t\t\t\t\t\t\t<div class=\"elementor-repeater-item-d983a28 swiper-slide\"><div class=\"swiper-slide-bg\"><\/div><div class=\"swiper-slide-inner\" ><div class=\"swiper-slide-contents\"><div class=\"elementor-slide-heading\">Education<\/div><\/div><\/div><\/div>\t\t\t\t<\/div>\n\t\t\t\t\t\t\t<\/div>\n\t\t<\/div>\n\t\t\t\t\t\t<\/div>\n\t\t\t\t<\/div>\n\t\t\t\t\t<\/div>\n\t\t<\/div>\n\t\t\t\t\t<\/div>\n\t\t<\/section>\n\t\t\t\t<section class=\"elementor-section elementor-top-section elementor-element elementor-element-bfdb8ba elementor-section-stretched elementor-section-boxed elementor-section-height-default elementor-section-height-default wpr-particle-no wpr-jarallax-no wpr-parallax-no wpr-sticky-section-no wpr-equal-height-no\" data-id=\"bfdb8ba\" data-element_type=\"section\" data-e-type=\"section\" data-settings=\"{&quot;stretch_section&quot;:&quot;section-stretched&quot;,&quot;background_background&quot;:&quot;classic&quot;}\">\n\t\t\t\t\t\t<div class=\"elementor-container elementor-column-gap-default\">\n\t\t\t\t\t<div class=\"elementor-column elementor-col-100 elementor-top-column elementor-element elementor-element-14fea9c\" data-id=\"14fea9c\" data-element_type=\"column\" data-e-type=\"column\">\n\t\t\t<div class=\"elementor-widget-wrap elementor-element-populated\">\n\t\t\t\t\t\t<div class=\"elementor-element elementor-element-dfcc0ae elementor-widget elementor-widget-heading\" data-id=\"dfcc0ae\" data-element_type=\"widget\" data-e-type=\"widget\" data-widget_type=\"heading.default\">\n\t\t\t\t<div class=\"elementor-widget-container\">\n\t\t\t\t\t<h3 class=\"elementor-heading-title elementor-size-default\">Your children can continue their education in Mexico<\/h3>\t\t\t\t<\/div>\n\t\t\t\t<\/div>\n\t\t\t\t<div class=\"elementor-element elementor-element-8e26788 elementor-widget elementor-widget-text-editor\" data-id=\"8e26788\" data-element_type=\"widget\" data-e-type=\"widget\" data-widget_type=\"text-editor.default\">\n\t\t\t\t<div class=\"elementor-widget-container\">\n\t\t\t\t\t\t\t\t\t<p>Si regresas a vivir a M\u00e9xico, <strong>Acceso Latino<\/strong> te asesora. En la secci\u00f3n <a href=\"https:\/\/accesolatino.org\/en\/educacion\/\">Education<\/a>, en la tarjeta <strong>Recursos<\/strong>, aparece informaci\u00f3n sobre la Secretar\u00eda de Educaci\u00f3n P\u00fablica (SEP) de M\u00e9xico, donde se muestra c\u00f3mo pueden tus hijos continuar su educaci\u00f3n.<\/p><p><strong>Acciones de apoyo a retornados:<\/strong><\/p><ol><li><u>Reducci\u00f3n de requisitos<\/u>: pueden validar sus requisitos v\u00eda electr\u00f3nica, y te dan la opci\u00f3n de no presentar documentos para el ingreso a educaci\u00f3n b\u00e1sica y media superior.<\/li><li><u>Se simplifica el tr\u00e1mite de revalidaci\u00f3n<\/u>: todos los tipos de instituciones educativas deben hacer una opini\u00f3n t\u00e9cnica y tramitar la revalidaci\u00f3n.<\/li><li><u>Se identifica a las escuelas con mejores condiciones para recibir a los Beneficiarios<\/u>: la SEP crear\u00e1 una lista y la distribuir\u00e1 indicando las escuelas con mejores condiciones para integrar de manera eficiente a los Beneficiarios.<\/li><li><u>Se promueve el ingreso al sector productivo<\/u>: la SEP por medio del Consejo Nacional de Normalizaci\u00f3n y Certificaci\u00f3n de Competencias Laborales impulsar\u00e1 una pol\u00edtica para que los Beneficiarios se establezcan en sectores laborales donde puedan explotar todo su potencial.<\/li><li><u>Obtenci\u00f3n de certificados de educaci\u00f3n b\u00e1sica para adultos<\/u>: el programa \u201cEducaci\u00f3n sin Fronteras\u201d certificar\u00e1 la primaria y secundaria de los adultos migrantes, y en la frontera norte se fortalecer\u00e1 la presencia del Instituto Nacional para la Educaci\u00f3n de los Adultos establecida en el programa \u201cSomos Mexicanos\u201d para atender a repatriados que necesiten sus certificados de primaria y secundaria.<\/li><li><u>Implementaci\u00f3n coordinada con autoridades educativas<\/u>: la Conferencia Nacional de Gobernadores y\/o la Conferencia Nacional de Autoridades Educativas, promover\u00e1n convenios para que las mismas acciones sean aplicadas en todo el pa\u00eds.<\/li><li><u>Oficina de apoyo a los Beneficiarios<\/u>: difundir\u00e1 informaci\u00f3n sobre la oferta y servicios educativos a trav\u00e9s de mexterior.sep.gob.mx y el tel\u00e9fono 1-866-572-98-36.<\/li><\/ol><p><strong>Tabla de Correspondencia: <\/strong><\/p><p>Si tienes dudas sobre el grado escolar de tu hijo en M\u00e9xico, a continuaci\u00f3n te presentamos su equivalencia:<\/p><ul><li><em>Elementary School<\/em> en EEUU equivale a los mismos 6 a\u00f1os de educaci\u00f3n Primaria en M\u00e9xico.<\/li><li><em>Middle School<\/em> equivale a los primeros 2 a\u00f1os de la educaci\u00f3n Secundaria en M\u00e9xico.<\/li><li><em>High School<\/em> incluye el tercer a\u00f1o de educaci\u00f3n Secundaria en M\u00e9xico, m\u00e1s los otros 3 de Preparatoria o Bachillerato, completando los 4 a\u00f1os que se cursan en EEUU.<\/li><\/ul><p><strong>Normas de Ingreso:<\/strong><\/p><p>Las normas requeridas para el ingreso de tu hijo a la SEP:<\/p><p>Requisitos: acta de nacimiento o documento equivalente y documento acad\u00e9mico. En caso de no contar con lo anterior, se proceder\u00e1 a lo siguiente:<\/p><ol><li><strong>Educaci\u00f3n B\u00e1sica:<\/strong> Preescolar, Primaria y Secundaria.<\/li><\/ol><ul><li><u>Preescolar<\/u>: se le har\u00e1 un examen diagn\u00f3stico para ubicar al ni\u00f1o o ni\u00f1a en el grado correspondiente.<\/li><li><u>Primaria<\/u>: la escuela ser\u00e1 la encargada de escoger el m\u00e9todo que m\u00e1s se ajuste para su ingreso.<\/li><li><u>Secundaria<\/u>: se aplicar\u00e1 el Examen Global de Grado.<\/li><\/ul><ol start=\"2\"><li><strong>Educaci\u00f3n Media Superior:<\/strong> Preparatoria o Bachillerato.<\/li><\/ol><p>Ah\u00ed recibir\u00e1 gu\u00edas de estudio para presentar una evaluaci\u00f3n que le asignar\u00e1 su grado acad\u00e9mico.<\/p><ol start=\"3\"><li><strong>Educaci\u00f3n Superior:<\/strong><\/li><\/ol><p>La escuela ser\u00e1 la que ubique al alumno en el grado adecuado y lo evaluar\u00e1; la actual escuela deber\u00e1 contactar a la extranjera para expedir un documento en un plazo no mayor a 6 meses; y no habr\u00e1 ning\u00fan problema si el alumno no tiene un documento de identidad o acad\u00e9mico.<\/p>\t\t\t\t\t\t\t\t<\/div>\n\t\t\t\t<\/div>\n\t\t\t\t<div class=\"elementor-element elementor-element-a7b5fbe elementor-widget elementor-widget-spacer\" data-id=\"a7b5fbe\" data-element_type=\"widget\" data-e-type=\"widget\" data-widget_type=\"spacer.default\">\n\t\t\t\t<div class=\"elementor-widget-container\">\n\t\t\t\t\t\t\t<div class=\"elementor-spacer\">\n\t\t\t<div class=\"elementor-spacer-inner\"><\/div>\n\t\t<\/div>\n\t\t\t\t\t\t<\/div>\n\t\t\t\t<\/div>\n\t\t\t\t\t<\/div>\n\t\t<\/div>\n\t\t\t\t\t<\/div>\n\t\t<\/section>\n\t\t\t\t<\/div>","protected":false},"excerpt":{"rendered":"<p>Educaci\u00f3n Tus hijos pueden continuar su educaci\u00f3n en M\u00e9xico Si regresas a vivir a M\u00e9xico, Acceso Latino te asesora. En la secci\u00f3n Educaci\u00f3n, en la tarjeta Recursos, aparece informaci\u00f3n sobre la Secretar\u00eda de Educaci\u00f3n P\u00fablica (SEP) de M\u00e9xico, donde se muestra c\u00f3mo pueden tus hijos continuar su educaci\u00f3n. Acciones de apoyo a retornados: Reducci\u00f3n de requisitos: pueden validar sus requisitos v\u00eda electr\u00f3nica, y te dan la opci\u00f3n de no presentar documentos para el ingreso a educaci\u00f3n b\u00e1sica y media superior. Se simplifica el tr\u00e1mite de revalidaci\u00f3n: todos los tipos de instituciones educativas deben hacer una opini\u00f3n t\u00e9cnica y tramitar la revalidaci\u00f3n. Se identifica a las escuelas con mejores condiciones para recibir a los Beneficiarios: la SEP crear\u00e1 una lista y la distribuir\u00e1 indicando las escuelas con mejores condiciones para integrar de manera eficiente a los Beneficiarios. Se promueve el ingreso al sector productivo: la SEP por medio del Consejo Nacional de Normalizaci\u00f3n y Certificaci\u00f3n de Competencias Laborales impulsar\u00e1 una pol\u00edtica para que los Beneficiarios se establezcan en sectores laborales donde puedan explotar todo su potencial. Obtenci\u00f3n de certificados de educaci\u00f3n b\u00e1sica para adultos: el programa \u201cEducaci\u00f3n sin Fronteras\u201d certificar\u00e1 la primaria y secundaria de los adultos migrantes, y en la frontera norte se fortalecer\u00e1 la presencia del Instituto Nacional para la Educaci\u00f3n de los Adultos establecida en el programa \u201cSomos Mexicanos\u201d para atender a repatriados que necesiten sus certificados de primaria y secundaria. Implementaci\u00f3n coordinada con autoridades educativas: la Conferencia Nacional de Gobernadores y\/o la Conferencia Nacional de Autoridades Educativas, promover\u00e1n convenios para que las mismas acciones sean aplicadas en todo el pa\u00eds. Oficina de apoyo a los Beneficiarios: difundir\u00e1 informaci\u00f3n sobre la oferta y servicios educativos a trav\u00e9s de mexterior.sep.gob.mx y el tel\u00e9fono 1-866-572-98-36. Tabla de Correspondencia: Si tienes dudas sobre el grado escolar de tu hijo en M\u00e9xico, a continuaci\u00f3n te presentamos su equivalencia: Elementary School en EEUU equivale a los mismos 6 a\u00f1os de educaci\u00f3n Primaria en M\u00e9xico. Middle School equivale a los primeros 2 a\u00f1os de la educaci\u00f3n Secundaria en M\u00e9xico. High School incluye el tercer a\u00f1o de educaci\u00f3n Secundaria en M\u00e9xico, m\u00e1s los otros 3 de Preparatoria o Bachillerato, completando los 4 a\u00f1os que se cursan en EEUU. Normas de Ingreso: Las normas requeridas para el ingreso de tu hijo a la SEP: Requisitos: acta de nacimiento o documento equivalente y documento acad\u00e9mico. En caso de no contar con lo anterior, se proceder\u00e1 a lo siguiente: Educaci\u00f3n B\u00e1sica: Preescolar, Primaria y Secundaria. Preescolar: se le har\u00e1 un examen diagn\u00f3stico para ubicar al ni\u00f1o o ni\u00f1a en el grado correspondiente. Primaria: la escuela ser\u00e1 la encargada de escoger el m\u00e9todo que m\u00e1s se ajuste para su ingreso. Secundaria: se aplicar\u00e1 el Examen Global de Grado. Educaci\u00f3n Media Superior: Preparatoria o Bachillerato. Ah\u00ed recibir\u00e1 gu\u00edas de estudio para presentar una evaluaci\u00f3n que le asignar\u00e1 su grado acad\u00e9mico. Educaci\u00f3n Superior: La escuela ser\u00e1 la que ubique al alumno en el grado adecuado y lo evaluar\u00e1; la actual escuela deber\u00e1 contactar a la extranjera para expedir un documento en un plazo no mayor a 6 meses; y no habr\u00e1 ning\u00fan problema si el alumno no tiene un documento de identidad o acad\u00e9mico.<\/p>","protected":false},"author":7,"featured_media":22806,"parent":0,"menu_order":0,"comment_status":"closed","ping_status":"closed","template":"elementor_header_footer","meta":{"_uf_show_specific_survey":0,"_uf_disable_surveys":false,"footnotes":""},"class_list":["post-22816","page","type-page","status-publish","has-post-thumbnail"],"aioseo_notices":[],"yoast_head":"<!-- This site is optimized with the Yoast SEO plugin v27.4 - https:\/\/yoast.com\/product\/yoast-seo-wordpress\/ -->\n<title>Tus hijos pueden continuar su educaci\u00f3n en M\u00e9xico<\/title>\n<meta name=\"description\" content=\"Conoce las Instituciones que te pueden ser de ayuda en otros pa\u00edses.\" \/>\n<meta name=\"robots\" content=\"index, follow, max-snippet:-1, max-image-preview:large, max-video-preview:-1\" \/>\n<link rel=\"canonical\" href=\"https:\/\/accesolatino.org\/en\/tus-hijos-pueden-continuar-su-educacion-en-mexico\/\" \/>\n<meta property=\"og:locale\" content=\"en_US\" \/>\n<meta property=\"og:type\" content=\"article\" \/>\n<meta property=\"og:title\" content=\"Acceso Latino | Tus hijos pueden continuar su educaci\u00f3n en M\u00e9xico\" \/>\n<meta property=\"og:description\" content=\"Conoce las Instituciones que te pueden ser de ayuda en otros pa\u00edses.\" \/>\n<meta property=\"og:url\" content=\"https:\/\/accesolatino.org\/en\/tus-hijos-pueden-continuar-su-educacion-en-mexico\/\" \/>\n<meta property=\"og:site_name\" content=\"Acceso Latino\" \/>\n<meta property=\"article:publisher\" content=\"https:\/\/www.facebook.com\/AccesoLatinoOrg\" \/>\n<meta property=\"article:modified_time\" content=\"2025-10-18T00:04:13+00:00\" \/>\n<meta property=\"og:image\" content=\"https:\/\/accesolatino.org\/wp-content\/uploads\/2020\/09\/Tus-hijos-pueden-continuar-su-educacion-en-Mexico.jpg\" \/>\n\t<meta property=\"og:image:width\" content=\"600\" \/>\n\t<meta property=\"og:image:height\" content=\"336\" \/>\n\t<meta property=\"og:image:type\" content=\"image\/jpeg\" \/>\n<meta name=\"twitter:card\" content=\"summary_large_image\" \/>\n<meta name=\"twitter:title\" content=\"Acceso Latino | Tus hijos pueden continuar su educaci\u00f3n en M\u00e9xico\" \/>\n<meta name=\"twitter:description\" content=\"Conoce las Instituciones que te pueden ser de ayuda en otros pa\u00edses.\" \/>\n<meta name=\"twitter:image\" content=\"https:\/\/accesolatino.org\/wp-content\/uploads\/2020\/09\/Tus-hijos-pueden-continuar-su-educacion-en-Mexico.jpg\" \/>\n<meta name=\"twitter:site\" content=\"@FAccLatino\" \/>\n<meta name=\"twitter:label1\" content=\"Est. reading time\" \/>\n\t<meta name=\"twitter:data1\" content=\"3 minutes\" \/>\n<script type=\"application\/ld+json\" class=\"yoast-schema-graph\">{\"@context\":\"https:\\\/\\\/schema.org\",\"@graph\":[{\"@type\":\"WebPage\",\"@id\":\"https:\\\/\\\/accesolatino.org\\\/tus-hijos-pueden-continuar-su-educacion-en-mexico\\\/\",\"url\":\"https:\\\/\\\/accesolatino.org\\\/tus-hijos-pueden-continuar-su-educacion-en-mexico\\\/\",\"name\":\"Tus hijos pueden continuar su educaci\u00f3n en M\u00e9xico\",\"isPartOf\":{\"@id\":\"https:\\\/\\\/accesolatino.org\\\/#website\"},\"primaryImageOfPage\":{\"@id\":\"https:\\\/\\\/accesolatino.org\\\/tus-hijos-pueden-continuar-su-educacion-en-mexico\\\/#primaryimage\"},\"image\":{\"@id\":\"https:\\\/\\\/accesolatino.org\\\/tus-hijos-pueden-continuar-su-educacion-en-mexico\\\/#primaryimage\"},\"thumbnailUrl\":\"https:\\\/\\\/accesolatino.org\\\/wp-content\\\/uploads\\\/2020\\\/09\\\/Tus-hijos-pueden-continuar-su-educacion-en-Mexico.jpg\",\"datePublished\":\"2020-09-14T11:00:00+00:00\",\"dateModified\":\"2025-10-18T00:04:13+00:00\",\"description\":\"Conoce las Instituciones que te pueden ser de ayuda en otros pa\u00edses.\",\"breadcrumb\":{\"@id\":\"https:\\\/\\\/accesolatino.org\\\/tus-hijos-pueden-continuar-su-educacion-en-mexico\\\/#breadcrumb\"},\"inLanguage\":\"en-US\",\"potentialAction\":[{\"@type\":\"ReadAction\",\"target\":[\"https:\\\/\\\/accesolatino.org\\\/tus-hijos-pueden-continuar-su-educacion-en-mexico\\\/\"]}]},{\"@type\":\"ImageObject\",\"inLanguage\":\"en-US\",\"@id\":\"https:\\\/\\\/accesolatino.org\\\/tus-hijos-pueden-continuar-su-educacion-en-mexico\\\/#primaryimage\",\"url\":\"https:\\\/\\\/accesolatino.org\\\/wp-content\\\/uploads\\\/2020\\\/09\\\/Tus-hijos-pueden-continuar-su-educacion-en-Mexico.jpg\",\"contentUrl\":\"https:\\\/\\\/accesolatino.org\\\/wp-content\\\/uploads\\\/2020\\\/09\\\/Tus-hijos-pueden-continuar-su-educacion-en-Mexico.jpg\",\"width\":600,\"height\":336,\"caption\":\"educaci\u00f3n\"},{\"@type\":\"BreadcrumbList\",\"@id\":\"https:\\\/\\\/accesolatino.org\\\/tus-hijos-pueden-continuar-su-educacion-en-mexico\\\/#breadcrumb\",\"itemListElement\":[{\"@type\":\"ListItem\",\"position\":1,\"name\":\"Portada\",\"item\":\"https:\\\/\\\/accesolatino.org\\\/\"},{\"@type\":\"ListItem\",\"position\":2,\"name\":\"Tus hijos pueden continuar su educaci\u00f3n en M\u00e9xico\"}]},{\"@type\":\"WebSite\",\"@id\":\"https:\\\/\\\/accesolatino.org\\\/#website\",\"url\":\"https:\\\/\\\/accesolatino.org\\\/\",\"name\":\"Acceso Latino | Fundaci\u00f3n Carlos Slim\",\"description\":\"Fundaci\u00f3n Carlos Slim\",\"publisher\":{\"@id\":\"https:\\\/\\\/accesolatino.org\\\/#organization\"},\"potentialAction\":[{\"@type\":\"SearchAction\",\"target\":{\"@type\":\"EntryPoint\",\"urlTemplate\":\"https:\\\/\\\/accesolatino.org\\\/?s={search_term_string}\"},\"query-input\":{\"@type\":\"PropertyValueSpecification\",\"valueRequired\":true,\"valueName\":\"search_term_string\"}}],\"inLanguage\":\"en-US\"},{\"@type\":\"Organization\",\"@id\":\"https:\\\/\\\/accesolatino.org\\\/#organization\",\"name\":\"Acceso Latino | Fundaci\u00f3n Carlos Slim\",\"url\":\"https:\\\/\\\/accesolatino.org\\\/\",\"logo\":{\"@type\":\"ImageObject\",\"inLanguage\":\"en-US\",\"@id\":\"https:\\\/\\\/accesolatino.org\\\/#\\\/schema\\\/logo\\\/image\\\/\",\"url\":\"https:\\\/\\\/accesolatino.org\\\/wp-content\\\/uploads\\\/2021\\\/02\\\/logo-footer-acceso-latino.png\",\"contentUrl\":\"https:\\\/\\\/accesolatino.org\\\/wp-content\\\/uploads\\\/2021\\\/02\\\/logo-footer-acceso-latino.png\",\"width\":240,\"height\":40,\"caption\":\"Acceso Latino | Fundaci\u00f3n Carlos Slim\"},\"image\":{\"@id\":\"https:\\\/\\\/accesolatino.org\\\/#\\\/schema\\\/logo\\\/image\\\/\"},\"sameAs\":[\"https:\\\/\\\/www.facebook.com\\\/AccesoLatinoOrg\",\"https:\\\/\\\/x.com\\\/FAccLatino\"]}]}<\/script>\n<!-- \/ Yoast SEO plugin. -->","yoast_head_json":{"title":"Your children can continue their education in Mexico","description":"Conoce las Instituciones que te pueden ser de ayuda en otros pa\u00edses.","robots":{"index":"index","follow":"follow","max-snippet":"max-snippet:-1","max-image-preview":"max-image-preview:large","max-video-preview":"max-video-preview:-1"},"canonical":"https:\/\/accesolatino.org\/en\/tus-hijos-pueden-continuar-su-educacion-en-mexico\/","og_locale":"en_US","og_type":"article","og_title":"Acceso Latino | Tus hijos pueden continuar su educaci\u00f3n en M\u00e9xico","og_description":"Conoce las Instituciones que te pueden ser de ayuda en otros pa\u00edses.","og_url":"https:\/\/accesolatino.org\/en\/tus-hijos-pueden-continuar-su-educacion-en-mexico\/","og_site_name":"Acceso Latino","article_publisher":"https:\/\/www.facebook.com\/AccesoLatinoOrg","article_modified_time":"2025-10-18T00:04:13+00:00","og_image":[{"width":600,"height":336,"url":"https:\/\/accesolatino.org\/wp-content\/uploads\/2020\/09\/Tus-hijos-pueden-continuar-su-educacion-en-Mexico.jpg","type":"image\/jpeg"}],"twitter_card":"summary_large_image","twitter_title":"Acceso Latino | Tus hijos pueden continuar su educaci\u00f3n en M\u00e9xico","twitter_description":"Conoce las Instituciones que te pueden ser de ayuda en otros pa\u00edses.","twitter_image":"https:\/\/accesolatino.org\/wp-content\/uploads\/2020\/09\/Tus-hijos-pueden-continuar-su-educacion-en-Mexico.jpg","twitter_site":"@FAccLatino","twitter_misc":{"Est. reading time":"3 minutes"},"schema":{"@context":"https:\/\/schema.org","@graph":[{"@type":"WebPage","@id":"https:\/\/accesolatino.org\/tus-hijos-pueden-continuar-su-educacion-en-mexico\/","url":"https:\/\/accesolatino.org\/tus-hijos-pueden-continuar-su-educacion-en-mexico\/","name":"Your children can continue their education in Mexico","isPartOf":{"@id":"https:\/\/accesolatino.org\/#website"},"primaryImageOfPage":{"@id":"https:\/\/accesolatino.org\/tus-hijos-pueden-continuar-su-educacion-en-mexico\/#primaryimage"},"image":{"@id":"https:\/\/accesolatino.org\/tus-hijos-pueden-continuar-su-educacion-en-mexico\/#primaryimage"},"thumbnailUrl":"https:\/\/accesolatino.org\/wp-content\/uploads\/2020\/09\/Tus-hijos-pueden-continuar-su-educacion-en-Mexico.jpg","datePublished":"2020-09-14T11:00:00+00:00","dateModified":"2025-10-18T00:04:13+00:00","description":"Conoce las Instituciones que te pueden ser de ayuda en otros pa\u00edses.","breadcrumb":{"@id":"https:\/\/accesolatino.org\/tus-hijos-pueden-continuar-su-educacion-en-mexico\/#breadcrumb"},"inLanguage":"en-US","potentialAction":[{"@type":"ReadAction","target":["https:\/\/accesolatino.org\/tus-hijos-pueden-continuar-su-educacion-en-mexico\/"]}]},{"@type":"ImageObject","inLanguage":"en-US","@id":"https:\/\/accesolatino.org\/tus-hijos-pueden-continuar-su-educacion-en-mexico\/#primaryimage","url":"https:\/\/accesolatino.org\/wp-content\/uploads\/2020\/09\/Tus-hijos-pueden-continuar-su-educacion-en-Mexico.jpg","contentUrl":"https:\/\/accesolatino.org\/wp-content\/uploads\/2020\/09\/Tus-hijos-pueden-continuar-su-educacion-en-Mexico.jpg","width":600,"height":336,"caption":"educaci\u00f3n"},{"@type":"BreadcrumbList","@id":"https:\/\/accesolatino.org\/tus-hijos-pueden-continuar-su-educacion-en-mexico\/#breadcrumb","itemListElement":[{"@type":"ListItem","position":1,"name":"Portada","item":"https:\/\/accesolatino.org\/"},{"@type":"ListItem","position":2,"name":"Tus hijos pueden continuar su educaci\u00f3n en M\u00e9xico"}]},{"@type":"WebSite","@id":"https:\/\/accesolatino.org\/#website","url":"https:\/\/accesolatino.org\/","name":"Acceso Latino | Fundaci\u00f3n Carlos Slim","description":"Fundaci\u00f3n Carlos Slim","publisher":{"@id":"https:\/\/accesolatino.org\/#organization"},"potentialAction":[{"@type":"SearchAction","target":{"@type":"EntryPoint","urlTemplate":"https:\/\/accesolatino.org\/?s={search_term_string}"},"query-input":{"@type":"PropertyValueSpecification","valueRequired":true,"valueName":"search_term_string"}}],"inLanguage":"en-US"},{"@type":"Organization","@id":"https:\/\/accesolatino.org\/#organization","name":"Acceso Latino | Fundaci\u00f3n Carlos Slim","url":"https:\/\/accesolatino.org\/","logo":{"@type":"ImageObject","inLanguage":"en-US","@id":"https:\/\/accesolatino.org\/#\/schema\/logo\/image\/","url":"https:\/\/accesolatino.org\/wp-content\/uploads\/2021\/02\/logo-footer-acceso-latino.png","contentUrl":"https:\/\/accesolatino.org\/wp-content\/uploads\/2021\/02\/logo-footer-acceso-latino.png","width":240,"height":40,"caption":"Acceso Latino | Fundaci\u00f3n Carlos Slim"},"image":{"@id":"https:\/\/accesolatino.org\/#\/schema\/logo\/image\/"},"sameAs":["https:\/\/www.facebook.com\/AccesoLatinoOrg","https:\/\/x.com\/FAccLatino"]}]}},"_links":{"self":[{"href":"https:\/\/accesolatino.org\/en\/wp-json\/wp\/v2\/pages\/22816","targetHints":{"allow":["GET"]}}],"collection":[{"href":"https:\/\/accesolatino.org\/en\/wp-json\/wp\/v2\/pages"}],"about":[{"href":"https:\/\/accesolatino.org\/en\/wp-json\/wp\/v2\/types\/page"}],"author":[{"embeddable":true,"href":"https:\/\/accesolatino.org\/en\/wp-json\/wp\/v2\/users\/7"}],"replies":[{"embeddable":true,"href":"https:\/\/accesolatino.org\/en\/wp-json\/wp\/v2\/comments?post=22816"}],"version-history":[{"count":1,"href":"https:\/\/accesolatino.org\/en\/wp-json\/wp\/v2\/pages\/22816\/revisions"}],"predecessor-version":[{"id":64273,"href":"https:\/\/accesolatino.org\/en\/wp-json\/wp\/v2\/pages\/22816\/revisions\/64273"}],"wp:featuredmedia":[{"embeddable":true,"href":"https:\/\/accesolatino.org\/en\/wp-json\/wp\/v2\/media\/22806"}],"wp:attachment":[{"href":"https:\/\/accesolatino.org\/en\/wp-json\/wp\/v2\/media?parent=22816"}],"curies":[{"name":"wp","href":"https:\/\/api.w.org\/{rel}","templated":true}]}}