{"id":22765,"date":"2020-09-09T07:55:29","date_gmt":"2020-09-09T12:55:29","guid":{"rendered":"https:\/\/accesolatino.org\/?page_id=22765"},"modified":"2025-10-16T16:16:34","modified_gmt":"2025-10-16T22:16:34","slug":"checa-la-bolsa-de-trabajo-que-tiene-para-ti-acceso-latino","status":"publish","type":"page","link":"https:\/\/accesolatino.org\/en\/buscas-empleo\/checa-la-bolsa-de-trabajo-que-tiene-para-ti-acceso-latino\/","title":{"rendered":"Check out the job opportunities that Acceso Latino has for you."},"content":{"rendered":"<div data-elementor-type=\"wp-post\" data-elementor-id=\"22765\" class=\"elementor elementor-22765\">\n\t\t\t\t\t\t<section class=\"elementor-section elementor-top-section elementor-element elementor-element-3a4e570 elementor-section-full_width elementor-section-height-min-height elementor-section-items-stretch elementor-section-height-default wpr-particle-no wpr-jarallax-no wpr-parallax-no wpr-sticky-section-no wpr-equal-height-no\" data-id=\"3a4e570\" data-element_type=\"section\" data-e-type=\"section\" data-settings=\"{&quot;background_background&quot;:&quot;classic&quot;}\">\n\t\t\t\t\t\t<div class=\"elementor-container elementor-column-gap-no\">\n\t\t\t\t\t<div class=\"elementor-column elementor-col-100 elementor-top-column elementor-element elementor-element-ea960c7\" data-id=\"ea960c7\" data-element_type=\"column\" data-e-type=\"column\">\n\t\t\t<div class=\"elementor-widget-wrap elementor-element-populated\">\n\t\t\t\t\t\t<div class=\"elementor-element elementor-element-754e274 elementor--h-position-center elementor--v-position-middle elementor-widget elementor-widget-slides\" data-id=\"754e274\" data-element_type=\"widget\" data-e-type=\"widget\" data-settings=\"{&quot;navigation&quot;:&quot;none&quot;,&quot;infinite&quot;:&quot;yes&quot;,&quot;transition&quot;:&quot;slide&quot;,&quot;transition_speed&quot;:500}\" data-widget_type=\"slides.default\">\n\t\t\t\t<div class=\"elementor-widget-container\">\n\t\t\t\t\t\t\t<div class=\"elementor-swiper\">\n\t\t\t<div class=\"elementor-slides-wrapper elementor-main-swiper swiper-container\" dir=\"ltr\" data-animation=\"\">\n\t\t\t\t<div class=\"swiper-wrapper elementor-slides\">\n\t\t\t\t\t\t\t\t\t\t<div class=\"elementor-repeater-item-d983a28 swiper-slide\"><div class=\"swiper-slide-bg\"><\/div><div class=\"swiper-slide-inner\" ><div class=\"swiper-slide-contents\"><div class=\"elementor-slide-heading\">Looking for a job?<\/div><\/div><\/div><\/div>\t\t\t\t<\/div>\n\t\t\t\t\t\t\t<\/div>\n\t\t<\/div>\n\t\t\t\t\t\t<\/div>\n\t\t\t\t<\/div>\n\t\t\t\t\t<\/div>\n\t\t<\/div>\n\t\t\t\t\t<\/div>\n\t\t<\/section>\n\t\t\t\t<section class=\"elementor-section elementor-top-section elementor-element elementor-element-b098573 elementor-section-stretched elementor-section-boxed elementor-section-height-default elementor-section-height-default wpr-particle-no wpr-jarallax-no wpr-parallax-no wpr-sticky-section-no wpr-equal-height-no\" data-id=\"b098573\" data-element_type=\"section\" data-e-type=\"section\" data-settings=\"{&quot;stretch_section&quot;:&quot;section-stretched&quot;,&quot;background_background&quot;:&quot;classic&quot;}\">\n\t\t\t\t\t\t<div class=\"elementor-container elementor-column-gap-default\">\n\t\t\t\t\t<div class=\"elementor-column elementor-col-100 elementor-top-column elementor-element elementor-element-b639a8b\" data-id=\"b639a8b\" data-element_type=\"column\" data-e-type=\"column\">\n\t\t\t<div class=\"elementor-widget-wrap elementor-element-populated\">\n\t\t\t\t\t\t<div class=\"elementor-element elementor-element-b5460f6 elementor-widget elementor-widget-heading\" data-id=\"b5460f6\" data-element_type=\"widget\" data-e-type=\"widget\" data-widget_type=\"heading.default\">\n\t\t\t\t<div class=\"elementor-widget-container\">\n\t\t\t\t\t<h3 class=\"elementor-heading-title elementor-size-default\">Check out the job opportunities that Acceso Latino has for you.<\/h3>\t\t\t\t<\/div>\n\t\t\t\t<\/div>\n\t\t\t\t<div class=\"elementor-element elementor-element-3e07e47 elementor-widget elementor-widget-text-editor\" data-id=\"3e07e47\" data-element_type=\"widget\" data-e-type=\"widget\" data-widget_type=\"text-editor.default\">\n\t\t\t\t<div class=\"elementor-widget-container\">\n\t\t\t\t\t\t\t\t\t<p>In the section <a href=\"https:\/\/accesolatino.org\/en\/buscas-empleo\/\">Buscas Empleo<\/a> de <strong>Acceso Latino<\/strong> est\u00e1 disponible la tarjeta <strong>Bolsas de Empleo en EU<\/strong>, donde hay distintos buscadores que se pueden adecuar al trabajo que deseas tener. Hay opciones para Estados Unidos y M\u00e9xico.<\/p><p>Accede al que m\u00e1s te identifiques:<\/p><p><strong>United Latino Job Bank (hirelatinos.org): <\/strong>explora entre 2,356 trabajos en 1,911 compa\u00f1\u00edas. Puedes buscar por categor\u00eda, ciudad o estado. Al seleccionar el trabajo que m\u00e1s te llame la atenci\u00f3n, te mostrar\u00e1 la descripci\u00f3n del mismo, las responsabilidades que tendr\u00edas, la experiencia necesaria, cualidades requeridas, grado de escolaridad, ocupaci\u00f3n, la liga de la compa\u00f1\u00eda donde se explica mejor el puesto, y por \u00faltimo hasta un video de YouTube con las experiencias de quienes ya han tenido ese puesto. Para solicitar empleo necesitas crear una cuenta. La p\u00e1gina s\u00f3lo est\u00e1 disponible en ingl\u00e9s y para residentes en Estados Unidos.<\/p><p><strong>Hispanic-Jobs.com:<\/strong> este buscador es ideal para quienes hablen espa\u00f1ol e ingl\u00e9s. Crea una cuenta para buscar por compa\u00f1\u00eda, trabajos destacados, compa\u00f1\u00edas destacadas, por categor\u00eda y por estado. Una vez elegido, se desplegar\u00e1 informaci\u00f3n de la compa\u00f1\u00eda, el puesto, responsabilidades, habilidades y cualidades necesarias, la direcci\u00f3n y la liga para aplicar, ya que dentro de Hispanic-Jobs no se puede hacer, es \u00fanicamente con la empresa interesada. La p\u00e1gina se encuentra s\u00f3lo en ingl\u00e9s y para Estados Unidos.<\/p><p><strong>Indeed.com: <\/strong>necesitas registrarte para poder navegar dentro de este sitio muy sencillo en el que puedes buscar por empresa, estado donde radiques o por tipo de trabajo. Busca tanto en Estados Unidos como en M\u00e9xico.<\/p><p><strong>Careerjet.com<\/strong>: si estas en la p\u00e1gina de EEUU te da la opci\u00f3n de escoger por ciudad o estado el trabajo que quieres, y si visitas la p\u00e1gina de M\u00e9xico, indica el cargo deseado. Accede por medio de una cuenta para que puedas subir tu CV.<\/p><p><strong>Jooble.org:<\/strong> consigue empleo en EEUU o M\u00e9xico, buscando el puesto en la ciudad donde vives. Se desplegar\u00e1n varias opciones y elige la mejor, postula subiendo tu CV y listo.<\/p><p><strong>iHipo.com: <\/strong>esta web te da la oportunidad de trabajar a nivel mundial para quienes se han graduado de la universidad. Adem\u00e1s de solicitar empleo, iHipo te ofrece consejos sobre hacer un CV, c\u00f3mo prepararte para una entrevista y art\u00edculos sobre consejos.<\/p><p><strong>HigherEdJobs.com:<\/strong> encuentra trabajo por categor\u00eda, ubicaci\u00f3n, tipo de escuela, y por tipo de trabajo si eres profesor. Hay m\u00e1s de 2 mil opciones en EEUU e internacionalmente. Reg\u00edstrate y empieza a postularte. Esta p\u00e1gina s\u00f3lo est\u00e1 en ingl\u00e9s.<\/p><p><strong>Disney Careers (Jobs.disneycareers.com):<\/strong> ofrece trabajos en todo el mundo para quien quiera laborar en esta gran empresa. Selecciona la ciudad en donde vives, nivel de trabajo, \u00e1rea de tu carrera y espera el mejor resultado. Accede con tu cuenta y listo.<\/p><p><strong>SimplyHired.com:<\/strong> este buscador est\u00e1 disponible tanto en EEUU como en M\u00e9xico. Encuentra por puesto y ciudad, elige la que m\u00e1s te llame la atenci\u00f3n y solicita directamente con la empresa.<\/p><p><strong>LinkUp.com:<\/strong> al iniciar sesi\u00f3n, te permite recibir alertas de trabajo, guardar el trabajo que m\u00e1s te gust\u00f3 y tener a la mano el historial de b\u00fasquedas. Busca por puesto, compa\u00f1\u00eda o palabra clave y por ciudad, estado o c\u00f3digo postal. P\u00e1gina s\u00f3lo en ingl\u00e9s.<\/p><p><strong>Organizaci\u00f3n de las Naciones Unidas:<\/strong> post\u00falate en las diferentes dependencias de la ONU. Si piensas trabajar en la sede principal en Nueva York, podr\u00e1s disponer de la visa G-4 que tiene grandes beneficios.<\/p><p>Para finalizar, si tu estancia en EEUU es legal, puedes considerar las oportunidades que brinda el Ej\u00e9rcito.<\/p>\t\t\t\t\t\t\t\t<\/div>\n\t\t\t\t<\/div>\n\t\t\t\t<div class=\"elementor-element elementor-element-0f39cf0 elementor-widget elementor-widget-spacer\" data-id=\"0f39cf0\" data-element_type=\"widget\" data-e-type=\"widget\" data-widget_type=\"spacer.default\">\n\t\t\t\t<div class=\"elementor-widget-container\">\n\t\t\t\t\t\t\t<div class=\"elementor-spacer\">\n\t\t\t<div class=\"elementor-spacer-inner\"><\/div>\n\t\t<\/div>\n\t\t\t\t\t\t<\/div>\n\t\t\t\t<\/div>\n\t\t\t\t\t<\/div>\n\t\t<\/div>\n\t\t\t\t\t<\/div>\n\t\t<\/section>\n\t\t\t\t<\/div>","protected":false},"excerpt":{"rendered":"<p>\u00bfBuscas empleo? Checa la bolsa de trabajo que tiene para ti Acceso Latino En la secci\u00f3n Buscas Empleo de Acceso Latino est\u00e1 disponible la tarjeta Bolsas de Empleo en EU, donde hay distintos buscadores que se pueden adecuar al trabajo que deseas tener. Hay opciones para Estados Unidos y M\u00e9xico. Accede al que m\u00e1s te identifiques: United Latino Job Bank (hirelatinos.org): explora entre 2,356 trabajos en 1,911 compa\u00f1\u00edas. Puedes buscar por categor\u00eda, ciudad o estado. Al seleccionar el trabajo que m\u00e1s te llame la atenci\u00f3n, te mostrar\u00e1 la descripci\u00f3n del mismo, las responsabilidades que tendr\u00edas, la experiencia necesaria, cualidades requeridas, grado de escolaridad, ocupaci\u00f3n, la liga de la compa\u00f1\u00eda donde se explica mejor el puesto, y por \u00faltimo hasta un video de YouTube con las experiencias de quienes ya han tenido ese puesto. Para solicitar empleo necesitas crear una cuenta. La p\u00e1gina s\u00f3lo est\u00e1 disponible en ingl\u00e9s y para residentes en Estados Unidos. Hispanic-Jobs.com: este buscador es ideal para quienes hablen espa\u00f1ol e ingl\u00e9s. Crea una cuenta para buscar por compa\u00f1\u00eda, trabajos destacados, compa\u00f1\u00edas destacadas, por categor\u00eda y por estado. Una vez elegido, se desplegar\u00e1 informaci\u00f3n de la compa\u00f1\u00eda, el puesto, responsabilidades, habilidades y cualidades necesarias, la direcci\u00f3n y la liga para aplicar, ya que dentro de Hispanic-Jobs no se puede hacer, es \u00fanicamente con la empresa interesada. La p\u00e1gina se encuentra s\u00f3lo en ingl\u00e9s y para Estados Unidos. Indeed.com: necesitas registrarte para poder navegar dentro de este sitio muy sencillo en el que puedes buscar por empresa, estado donde radiques o por tipo de trabajo. Busca tanto en Estados Unidos como en M\u00e9xico. Careerjet.com: si estas en la p\u00e1gina de EEUU te da la opci\u00f3n de escoger por ciudad o estado el trabajo que quieres, y si visitas la p\u00e1gina de M\u00e9xico, indica el cargo deseado. Accede por medio de una cuenta para que puedas subir tu CV. Jooble.org: consigue empleo en EEUU o M\u00e9xico, buscando el puesto en la ciudad donde vives. Se desplegar\u00e1n varias opciones y elige la mejor, postula subiendo tu CV y listo. iHipo.com: esta web te da la oportunidad de trabajar a nivel mundial para quienes se han graduado de la universidad. Adem\u00e1s de solicitar empleo, iHipo te ofrece consejos sobre hacer un CV, c\u00f3mo prepararte para una entrevista y art\u00edculos sobre consejos. HigherEdJobs.com: encuentra trabajo por categor\u00eda, ubicaci\u00f3n, tipo de escuela, y por tipo de trabajo si eres profesor. Hay m\u00e1s de 2 mil opciones en EEUU e internacionalmente. Reg\u00edstrate y empieza a postularte. Esta p\u00e1gina s\u00f3lo est\u00e1 en ingl\u00e9s. Disney Careers (Jobs.disneycareers.com): ofrece trabajos en todo el mundo para quien quiera laborar en esta gran empresa. Selecciona la ciudad en donde vives, nivel de trabajo, \u00e1rea de tu carrera y espera el mejor resultado. Accede con tu cuenta y listo. SimplyHired.com: este buscador est\u00e1 disponible tanto en EEUU como en M\u00e9xico. Encuentra por puesto y ciudad, elige la que m\u00e1s te llame la atenci\u00f3n y solicita directamente con la empresa. LinkUp.com: al iniciar sesi\u00f3n, te permite recibir alertas de trabajo, guardar el trabajo que m\u00e1s te gust\u00f3 y tener a la mano el historial de b\u00fasquedas. Busca por puesto, compa\u00f1\u00eda o palabra clave y por ciudad, estado o c\u00f3digo postal. P\u00e1gina s\u00f3lo en ingl\u00e9s. Organizaci\u00f3n de las Naciones Unidas: post\u00falate en las diferentes dependencias de la ONU. Si piensas trabajar en la sede principal en Nueva York, podr\u00e1s disponer de la visa G-4 que tiene grandes beneficios. Para finalizar, si tu estancia en EEUU es legal, puedes considerar las oportunidades que brinda el Ej\u00e9rcito.<\/p>","protected":false},"author":5,"featured_media":22759,"parent":2747,"menu_order":0,"comment_status":"closed","ping_status":"closed","template":"elementor_header_footer","meta":{"_uf_show_specific_survey":0,"_uf_disable_surveys":false,"footnotes":""},"class_list":["post-22765","page","type-page","status-publish","has-post-thumbnail"],"aioseo_notices":[],"yoast_head":"<!-- This site is optimized with the Yoast SEO plugin v27.5 - https:\/\/yoast.com\/product\/yoast-seo-wordpress\/ -->\n<title>Checa la bolsa de trabajo que tiene para ti Acceso Latino<\/title>\n<meta name=\"description\" content=\"\u00bfBuscas empleo en Estados Unidos? Te compartimos algunas herramientas para capacitarte y encontrarlo - Acceso Latino\" \/>\n<meta name=\"robots\" content=\"index, follow, max-snippet:-1, max-image-preview:large, max-video-preview:-1\" \/>\n<link rel=\"canonical\" href=\"https:\/\/accesolatino.org\/en\/buscas-empleo\/checa-la-bolsa-de-trabajo-que-tiene-para-ti-acceso-latino\/\" \/>\n<meta property=\"og:locale\" content=\"en_US\" \/>\n<meta property=\"og:type\" content=\"article\" \/>\n<meta property=\"og:title\" content=\"Acceso Latino | Checa la bolsa de trabajo que tiene para ti Acceso Latino\" \/>\n<meta property=\"og:description\" content=\"\u00bfBuscas empleo en Estados Unidos? Te compartimos algunas herrmientas para capacitarte y encontrarlo.\" \/>\n<meta property=\"og:url\" content=\"https:\/\/accesolatino.org\/en\/buscas-empleo\/checa-la-bolsa-de-trabajo-que-tiene-para-ti-acceso-latino\/\" \/>\n<meta property=\"og:site_name\" content=\"Acceso Latino\" \/>\n<meta property=\"article:publisher\" content=\"https:\/\/www.facebook.com\/AccesoLatinoOrg\" \/>\n<meta property=\"article:modified_time\" content=\"2025-10-16T22:16:34+00:00\" \/>\n<meta property=\"og:image\" content=\"https:\/\/accesolatino.org\/wp-content\/uploads\/2020\/09\/Checa-la-bolsa-de-trabajo-que-tiene-para-ti-Acceso-Latino.jpg\" \/>\n\t<meta property=\"og:image:width\" content=\"600\" \/>\n\t<meta property=\"og:image:height\" content=\"336\" \/>\n\t<meta property=\"og:image:type\" content=\"image\/jpeg\" \/>\n<meta name=\"twitter:card\" content=\"summary_large_image\" \/>\n<meta name=\"twitter:title\" content=\"Acceso Latino | Checa la bolsa de trabajo que tiene para ti Acceso Latino\" \/>\n<meta name=\"twitter:description\" content=\"\u00bfBuscas empleo en Estados Unidos? Te compartimos algunas herrmientas para capacitarte y encontrarlo.\" \/>\n<meta name=\"twitter:image\" content=\"https:\/\/accesolatino.org\/wp-content\/uploads\/2020\/09\/Checa-la-bolsa-de-trabajo-que-tiene-para-ti-Acceso-Latino.jpg\" \/>\n<meta name=\"twitter:site\" content=\"@FAccLatino\" \/>\n<meta name=\"twitter:label1\" content=\"Est. reading time\" \/>\n\t<meta name=\"twitter:data1\" content=\"3 minutes\" \/>\n<script type=\"application\/ld+json\" class=\"yoast-schema-graph\">{\"@context\":\"https:\\\/\\\/schema.org\",\"@graph\":[{\"@type\":\"WebPage\",\"@id\":\"https:\\\/\\\/accesolatino.org\\\/en\\\/buscas-empleo\\\/checa-la-bolsa-de-trabajo-que-tiene-para-ti-acceso-latino\\\/\",\"url\":\"https:\\\/\\\/accesolatino.org\\\/en\\\/buscas-empleo\\\/checa-la-bolsa-de-trabajo-que-tiene-para-ti-acceso-latino\\\/\",\"name\":\"Checa la bolsa de trabajo que tiene para ti Acceso Latino\",\"isPartOf\":{\"@id\":\"https:\\\/\\\/accesolatino.org\\\/#website\"},\"primaryImageOfPage\":{\"@id\":\"https:\\\/\\\/accesolatino.org\\\/en\\\/buscas-empleo\\\/checa-la-bolsa-de-trabajo-que-tiene-para-ti-acceso-latino\\\/#primaryimage\"},\"image\":{\"@id\":\"https:\\\/\\\/accesolatino.org\\\/en\\\/buscas-empleo\\\/checa-la-bolsa-de-trabajo-que-tiene-para-ti-acceso-latino\\\/#primaryimage\"},\"thumbnailUrl\":\"https:\\\/\\\/accesolatino.org\\\/wp-content\\\/uploads\\\/2020\\\/09\\\/Checa-la-bolsa-de-trabajo-que-tiene-para-ti-Acceso-Latino.jpg\",\"datePublished\":\"2020-09-09T12:55:29+00:00\",\"dateModified\":\"2025-10-16T22:16:34+00:00\",\"description\":\"\u00bfBuscas empleo en Estados Unidos? Te compartimos algunas herramientas para capacitarte y encontrarlo - Acceso Latino\",\"breadcrumb\":{\"@id\":\"https:\\\/\\\/accesolatino.org\\\/en\\\/buscas-empleo\\\/checa-la-bolsa-de-trabajo-que-tiene-para-ti-acceso-latino\\\/#breadcrumb\"},\"inLanguage\":\"en-US\",\"potentialAction\":[{\"@type\":\"ReadAction\",\"target\":[\"https:\\\/\\\/accesolatino.org\\\/en\\\/buscas-empleo\\\/checa-la-bolsa-de-trabajo-que-tiene-para-ti-acceso-latino\\\/\"]}]},{\"@type\":\"ImageObject\",\"inLanguage\":\"en-US\",\"@id\":\"https:\\\/\\\/accesolatino.org\\\/en\\\/buscas-empleo\\\/checa-la-bolsa-de-trabajo-que-tiene-para-ti-acceso-latino\\\/#primaryimage\",\"url\":\"https:\\\/\\\/accesolatino.org\\\/wp-content\\\/uploads\\\/2020\\\/09\\\/Checa-la-bolsa-de-trabajo-que-tiene-para-ti-Acceso-Latino.jpg\",\"contentUrl\":\"https:\\\/\\\/accesolatino.org\\\/wp-content\\\/uploads\\\/2020\\\/09\\\/Checa-la-bolsa-de-trabajo-que-tiene-para-ti-Acceso-Latino.jpg\",\"width\":600,\"height\":336,\"caption\":\"bolsa de trabajo\"},{\"@type\":\"BreadcrumbList\",\"@id\":\"https:\\\/\\\/accesolatino.org\\\/en\\\/buscas-empleo\\\/checa-la-bolsa-de-trabajo-que-tiene-para-ti-acceso-latino\\\/#breadcrumb\",\"itemListElement\":[{\"@type\":\"ListItem\",\"position\":1,\"name\":\"Portada\",\"item\":\"https:\\\/\\\/accesolatino.org\\\/\"},{\"@type\":\"ListItem\",\"position\":2,\"name\":\"Buscas Empleo\",\"item\":\"https:\\\/\\\/accesolatino.org\\\/en\\\/buscas-empleo\\\/\"},{\"@type\":\"ListItem\",\"position\":3,\"name\":\"Checa la bolsa de trabajo que tiene para ti Acceso Latino\"}]},{\"@type\":\"WebSite\",\"@id\":\"https:\\\/\\\/accesolatino.org\\\/#website\",\"url\":\"https:\\\/\\\/accesolatino.org\\\/\",\"name\":\"Acceso Latino | Fundaci\u00f3n Carlos Slim\",\"description\":\"Fundaci\u00f3n Carlos Slim\",\"publisher\":{\"@id\":\"https:\\\/\\\/accesolatino.org\\\/#organization\"},\"potentialAction\":[{\"@type\":\"SearchAction\",\"target\":{\"@type\":\"EntryPoint\",\"urlTemplate\":\"https:\\\/\\\/accesolatino.org\\\/?s={search_term_string}\"},\"query-input\":{\"@type\":\"PropertyValueSpecification\",\"valueRequired\":true,\"valueName\":\"search_term_string\"}}],\"inLanguage\":\"en-US\"},{\"@type\":\"Organization\",\"@id\":\"https:\\\/\\\/accesolatino.org\\\/#organization\",\"name\":\"Acceso Latino | Fundaci\u00f3n Carlos Slim\",\"url\":\"https:\\\/\\\/accesolatino.org\\\/\",\"logo\":{\"@type\":\"ImageObject\",\"inLanguage\":\"en-US\",\"@id\":\"https:\\\/\\\/accesolatino.org\\\/#\\\/schema\\\/logo\\\/image\\\/\",\"url\":\"https:\\\/\\\/accesolatino.org\\\/wp-content\\\/uploads\\\/2021\\\/02\\\/logo-footer-acceso-latino.png\",\"contentUrl\":\"https:\\\/\\\/accesolatino.org\\\/wp-content\\\/uploads\\\/2021\\\/02\\\/logo-footer-acceso-latino.png\",\"width\":240,\"height\":40,\"caption\":\"Acceso Latino | Fundaci\u00f3n Carlos Slim\"},\"image\":{\"@id\":\"https:\\\/\\\/accesolatino.org\\\/#\\\/schema\\\/logo\\\/image\\\/\"},\"sameAs\":[\"https:\\\/\\\/www.facebook.com\\\/AccesoLatinoOrg\",\"https:\\\/\\\/x.com\\\/FAccLatino\"]}]}<\/script>\n<!-- \/ Yoast SEO plugin. -->","yoast_head_json":{"title":"Check out the job opportunities that Acceso Latino has for you.","description":"\u00bfBuscas empleo en Estados Unidos? Te compartimos algunas herramientas para capacitarte y encontrarlo - Acceso Latino","robots":{"index":"index","follow":"follow","max-snippet":"max-snippet:-1","max-image-preview":"max-image-preview:large","max-video-preview":"max-video-preview:-1"},"canonical":"https:\/\/accesolatino.org\/en\/buscas-empleo\/checa-la-bolsa-de-trabajo-que-tiene-para-ti-acceso-latino\/","og_locale":"en_US","og_type":"article","og_title":"Acceso Latino | Checa la bolsa de trabajo que tiene para ti Acceso Latino","og_description":"\u00bfBuscas empleo en Estados Unidos? Te compartimos algunas herrmientas para capacitarte y encontrarlo.","og_url":"https:\/\/accesolatino.org\/en\/buscas-empleo\/checa-la-bolsa-de-trabajo-que-tiene-para-ti-acceso-latino\/","og_site_name":"Acceso Latino","article_publisher":"https:\/\/www.facebook.com\/AccesoLatinoOrg","article_modified_time":"2025-10-16T22:16:34+00:00","og_image":[{"width":600,"height":336,"url":"https:\/\/accesolatino.org\/wp-content\/uploads\/2020\/09\/Checa-la-bolsa-de-trabajo-que-tiene-para-ti-Acceso-Latino.jpg","type":"image\/jpeg"}],"twitter_card":"summary_large_image","twitter_title":"Acceso Latino | Checa la bolsa de trabajo que tiene para ti Acceso Latino","twitter_description":"\u00bfBuscas empleo en Estados Unidos? Te compartimos algunas herrmientas para capacitarte y encontrarlo.","twitter_image":"https:\/\/accesolatino.org\/wp-content\/uploads\/2020\/09\/Checa-la-bolsa-de-trabajo-que-tiene-para-ti-Acceso-Latino.jpg","twitter_site":"@FAccLatino","twitter_misc":{"Est. reading time":"3 minutes"},"schema":{"@context":"https:\/\/schema.org","@graph":[{"@type":"WebPage","@id":"https:\/\/accesolatino.org\/en\/buscas-empleo\/checa-la-bolsa-de-trabajo-que-tiene-para-ti-acceso-latino\/","url":"https:\/\/accesolatino.org\/en\/buscas-empleo\/checa-la-bolsa-de-trabajo-que-tiene-para-ti-acceso-latino\/","name":"Check out the job opportunities that Acceso Latino has for you.","isPartOf":{"@id":"https:\/\/accesolatino.org\/#website"},"primaryImageOfPage":{"@id":"https:\/\/accesolatino.org\/en\/buscas-empleo\/checa-la-bolsa-de-trabajo-que-tiene-para-ti-acceso-latino\/#primaryimage"},"image":{"@id":"https:\/\/accesolatino.org\/en\/buscas-empleo\/checa-la-bolsa-de-trabajo-que-tiene-para-ti-acceso-latino\/#primaryimage"},"thumbnailUrl":"https:\/\/accesolatino.org\/wp-content\/uploads\/2020\/09\/Checa-la-bolsa-de-trabajo-que-tiene-para-ti-Acceso-Latino.jpg","datePublished":"2020-09-09T12:55:29+00:00","dateModified":"2025-10-16T22:16:34+00:00","description":"\u00bfBuscas empleo en Estados Unidos? Te compartimos algunas herramientas para capacitarte y encontrarlo - Acceso Latino","breadcrumb":{"@id":"https:\/\/accesolatino.org\/en\/buscas-empleo\/checa-la-bolsa-de-trabajo-que-tiene-para-ti-acceso-latino\/#breadcrumb"},"inLanguage":"en-US","potentialAction":[{"@type":"ReadAction","target":["https:\/\/accesolatino.org\/en\/buscas-empleo\/checa-la-bolsa-de-trabajo-que-tiene-para-ti-acceso-latino\/"]}]},{"@type":"ImageObject","inLanguage":"en-US","@id":"https:\/\/accesolatino.org\/en\/buscas-empleo\/checa-la-bolsa-de-trabajo-que-tiene-para-ti-acceso-latino\/#primaryimage","url":"https:\/\/accesolatino.org\/wp-content\/uploads\/2020\/09\/Checa-la-bolsa-de-trabajo-que-tiene-para-ti-Acceso-Latino.jpg","contentUrl":"https:\/\/accesolatino.org\/wp-content\/uploads\/2020\/09\/Checa-la-bolsa-de-trabajo-que-tiene-para-ti-Acceso-Latino.jpg","width":600,"height":336,"caption":"bolsa de trabajo"},{"@type":"BreadcrumbList","@id":"https:\/\/accesolatino.org\/en\/buscas-empleo\/checa-la-bolsa-de-trabajo-que-tiene-para-ti-acceso-latino\/#breadcrumb","itemListElement":[{"@type":"ListItem","position":1,"name":"Portada","item":"https:\/\/accesolatino.org\/"},{"@type":"ListItem","position":2,"name":"Buscas Empleo","item":"https:\/\/accesolatino.org\/en\/buscas-empleo\/"},{"@type":"ListItem","position":3,"name":"Checa la bolsa de trabajo que tiene para ti Acceso Latino"}]},{"@type":"WebSite","@id":"https:\/\/accesolatino.org\/#website","url":"https:\/\/accesolatino.org\/","name":"Acceso Latino | Fundaci\u00f3n Carlos Slim","description":"Fundaci\u00f3n Carlos Slim","publisher":{"@id":"https:\/\/accesolatino.org\/#organization"},"potentialAction":[{"@type":"SearchAction","target":{"@type":"EntryPoint","urlTemplate":"https:\/\/accesolatino.org\/?s={search_term_string}"},"query-input":{"@type":"PropertyValueSpecification","valueRequired":true,"valueName":"search_term_string"}}],"inLanguage":"en-US"},{"@type":"Organization","@id":"https:\/\/accesolatino.org\/#organization","name":"Acceso Latino | Fundaci\u00f3n Carlos Slim","url":"https:\/\/accesolatino.org\/","logo":{"@type":"ImageObject","inLanguage":"en-US","@id":"https:\/\/accesolatino.org\/#\/schema\/logo\/image\/","url":"https:\/\/accesolatino.org\/wp-content\/uploads\/2021\/02\/logo-footer-acceso-latino.png","contentUrl":"https:\/\/accesolatino.org\/wp-content\/uploads\/2021\/02\/logo-footer-acceso-latino.png","width":240,"height":40,"caption":"Acceso Latino | Fundaci\u00f3n Carlos Slim"},"image":{"@id":"https:\/\/accesolatino.org\/#\/schema\/logo\/image\/"},"sameAs":["https:\/\/www.facebook.com\/AccesoLatinoOrg","https:\/\/x.com\/FAccLatino"]}]}},"_links":{"self":[{"href":"https:\/\/accesolatino.org\/en\/wp-json\/wp\/v2\/pages\/22765","targetHints":{"allow":["GET"]}}],"collection":[{"href":"https:\/\/accesolatino.org\/en\/wp-json\/wp\/v2\/pages"}],"about":[{"href":"https:\/\/accesolatino.org\/en\/wp-json\/wp\/v2\/types\/page"}],"author":[{"embeddable":true,"href":"https:\/\/accesolatino.org\/en\/wp-json\/wp\/v2\/users\/5"}],"replies":[{"embeddable":true,"href":"https:\/\/accesolatino.org\/en\/wp-json\/wp\/v2\/comments?post=22765"}],"version-history":[{"count":1,"href":"https:\/\/accesolatino.org\/en\/wp-json\/wp\/v2\/pages\/22765\/revisions"}],"predecessor-version":[{"id":64140,"href":"https:\/\/accesolatino.org\/en\/wp-json\/wp\/v2\/pages\/22765\/revisions\/64140"}],"up":[{"embeddable":true,"href":"https:\/\/accesolatino.org\/en\/wp-json\/wp\/v2\/pages\/2747"}],"wp:featuredmedia":[{"embeddable":true,"href":"https:\/\/accesolatino.org\/en\/wp-json\/wp\/v2\/media\/22759"}],"wp:attachment":[{"href":"https:\/\/accesolatino.org\/en\/wp-json\/wp\/v2\/media?parent=22765"}],"curies":[{"name":"wp","href":"https:\/\/api.w.org\/{rel}","templated":true}]}}