{"id":22751,"date":"2020-09-08T08:16:46","date_gmt":"2020-09-08T13:16:46","guid":{"rendered":"https:\/\/accesolatino.org\/?page_id=22751"},"modified":"2025-10-16T15:09:49","modified_gmt":"2025-10-16T21:09:49","slug":"freeclinics-com-el-sitio-web-donde-puedes-encontrar-atencion-medica-gratuita","status":"publish","type":"page","link":"https:\/\/accesolatino.org\/en\/salud\/freeclinics-com-el-sitio-web-donde-puedes-encontrar-atencion-medica-gratuita\/","title":{"rendered":"FreeClinics.com the website where you can find free medical care"},"content":{"rendered":"<div data-elementor-type=\"wp-post\" data-elementor-id=\"22751\" class=\"elementor elementor-22751\">\n\t\t\t\t\t\t<section class=\"elementor-section elementor-top-section elementor-element elementor-element-e526327 elementor-section-full_width elementor-section-height-min-height elementor-section-items-stretch elementor-section-height-default wpr-particle-no wpr-jarallax-no wpr-parallax-no wpr-sticky-section-no wpr-equal-height-no\" data-id=\"e526327\" data-element_type=\"section\" data-e-type=\"section\" data-settings=\"{&quot;background_background&quot;:&quot;classic&quot;}\">\n\t\t\t\t\t\t<div class=\"elementor-container elementor-column-gap-no\">\n\t\t\t\t\t<div class=\"elementor-column elementor-col-100 elementor-top-column elementor-element elementor-element-191990c\" data-id=\"191990c\" data-element_type=\"column\" data-e-type=\"column\">\n\t\t\t<div class=\"elementor-widget-wrap elementor-element-populated\">\n\t\t\t\t\t\t<div class=\"elementor-element elementor-element-56e38f5 elementor--h-position-center elementor--v-position-middle elementor-widget elementor-widget-slides\" data-id=\"56e38f5\" data-element_type=\"widget\" data-e-type=\"widget\" data-settings=\"{&quot;navigation&quot;:&quot;none&quot;,&quot;infinite&quot;:&quot;yes&quot;,&quot;transition&quot;:&quot;slide&quot;,&quot;transition_speed&quot;:500}\" data-widget_type=\"slides.default\">\n\t\t\t\t<div class=\"elementor-widget-container\">\n\t\t\t\t\t\t\t<div class=\"elementor-swiper\">\n\t\t\t<div class=\"elementor-slides-wrapper elementor-main-swiper swiper-container\" dir=\"ltr\" data-animation=\"\">\n\t\t\t\t<div class=\"swiper-wrapper elementor-slides\">\n\t\t\t\t\t\t\t\t\t\t<div class=\"elementor-repeater-item-d983a28 swiper-slide\"><div class=\"swiper-slide-bg\"><\/div><div class=\"swiper-slide-inner\" ><div class=\"swiper-slide-contents\"><div class=\"elementor-slide-heading\">Health<\/div><\/div><\/div><\/div>\t\t\t\t<\/div>\n\t\t\t\t\t\t\t<\/div>\n\t\t<\/div>\n\t\t\t\t\t\t<\/div>\n\t\t\t\t<\/div>\n\t\t\t\t\t<\/div>\n\t\t<\/div>\n\t\t\t\t\t<\/div>\n\t\t<\/section>\n\t\t\t\t<section class=\"elementor-section elementor-top-section elementor-element elementor-element-b6a0b05 elementor-section-stretched elementor-section-boxed elementor-section-height-default elementor-section-height-default wpr-particle-no wpr-jarallax-no wpr-parallax-no wpr-sticky-section-no wpr-equal-height-no\" data-id=\"b6a0b05\" data-element_type=\"section\" data-e-type=\"section\" data-settings=\"{&quot;stretch_section&quot;:&quot;section-stretched&quot;,&quot;background_background&quot;:&quot;classic&quot;}\">\n\t\t\t\t\t\t<div class=\"elementor-container elementor-column-gap-default\">\n\t\t\t\t\t<div class=\"elementor-column elementor-col-100 elementor-top-column elementor-element elementor-element-44b5def\" data-id=\"44b5def\" data-element_type=\"column\" data-e-type=\"column\">\n\t\t\t<div class=\"elementor-widget-wrap elementor-element-populated\">\n\t\t\t\t\t\t<div class=\"elementor-element elementor-element-8e1182f elementor-widget elementor-widget-heading\" data-id=\"8e1182f\" data-element_type=\"widget\" data-e-type=\"widget\" data-widget_type=\"heading.default\">\n\t\t\t\t<div class=\"elementor-widget-container\">\n\t\t\t\t\t<h3 class=\"elementor-heading-title elementor-size-default\">FreeClinics.com the website where you can find free medical care<\/h3>\t\t\t\t<\/div>\n\t\t\t\t<\/div>\n\t\t\t\t<div class=\"elementor-element elementor-element-0fb8a98 elementor-widget elementor-widget-text-editor\" data-id=\"0fb8a98\" data-element_type=\"widget\" data-e-type=\"widget\" data-widget_type=\"text-editor.default\">\n\t\t\t\t<div class=\"elementor-widget-container\">\n\t\t\t\t\t\t\t\t\t<p>In the section <a href=\"https:\/\/accesolatino.org\/en\/salud\/\">Health<\/a> de <a href=\"http:\/\/accesolatino.org\/en\/\"><strong>Acceso Latino<\/strong><\/a> hay una lista de servicios de salud a los que puedes acudir en Estados Unidos, y uno de ellos es los que provee el sitio <a href=\"https:\/\/www.freeclinics.com\/\"><em>FreeClinics.com<\/em><\/a>.<\/p><p>En su p\u00e1gina web (que est\u00e1 solamente disponible en ingl\u00e9s), re\u00fane much\u00edsimas cl\u00ednicas tanto m\u00e9dicas como dentales, al igual que cl\u00ednicas que se ajustan a tu salario, cl\u00ednicas basadas en tus ingresos y cl\u00ednicas de muy bajo costo (como cl\u00ednicas de escuelas de medicina).<\/p><p>Encuentra estas cl\u00ednicas en todo el pa\u00eds. Al seleccionar tu estado, aparecer\u00e1 la lista de las ciudades; elige donde vives y te mostrar\u00e1 qu\u00e9 tipo de cl\u00ednica es la que hay en tu ciudad, y\/o cl\u00ednicas en ciudades cercanas, ya que puede que no cuenten con la que est\u00e1s buscando.<\/p><p>Al escoger la cl\u00ednica, podr\u00e1s conocer el modelo bajo el que opera, los servicios que cubre, la direcci\u00f3n, los horarios y el tel\u00e9fono de la misma para que te pongas en contacto con ellos.<\/p><p>Otra de las ventajas del sitio, es un foro en el que se comenta acerca de la experiencia de cada beneficiario en determinada cl\u00ednica, as\u00ed que si tienes alguna duda antes de asistir, puede que ya est\u00e9 respondida.<\/p><p>Es recomendable que crees una cuenta para que te sea m\u00e1s f\u00e1cil navegar en su p\u00e1gina y en su Facebook. Te llegar\u00e1 informaci\u00f3n importante a tu correo electr\u00f3nico.<\/p><p>Por \u00faltimo, cabe destacar que es un sitio totalmente gratis, y la raz\u00f3n por la que piden que te registres es para que puedan proteger tus datos.<\/p>\t\t\t\t\t\t\t\t<\/div>\n\t\t\t\t<\/div>\n\t\t\t\t<div class=\"elementor-element elementor-element-bd49527 elementor-widget elementor-widget-spacer\" data-id=\"bd49527\" data-element_type=\"widget\" data-e-type=\"widget\" data-widget_type=\"spacer.default\">\n\t\t\t\t<div class=\"elementor-widget-container\">\n\t\t\t\t\t\t\t<div class=\"elementor-spacer\">\n\t\t\t<div class=\"elementor-spacer-inner\"><\/div>\n\t\t<\/div>\n\t\t\t\t\t\t<\/div>\n\t\t\t\t<\/div>\n\t\t\t\t\t<\/div>\n\t\t<\/div>\n\t\t\t\t\t<\/div>\n\t\t<\/section>\n\t\t\t\t<\/div>","protected":false},"excerpt":{"rendered":"<p>Salud FreeClinics.com el sitio web donde puedes encontrar atenci\u00f3n m\u00e9dica gratuita En la secci\u00f3n Salud de Acceso Latino hay una lista de servicios de salud a los que puedes acudir en Estados Unidos, y uno de ellos es los que provee el sitio FreeClinics.com. En su p\u00e1gina web (que est\u00e1 solamente disponible en ingl\u00e9s), re\u00fane much\u00edsimas cl\u00ednicas tanto m\u00e9dicas como dentales, al igual que cl\u00ednicas que se ajustan a tu salario, cl\u00ednicas basadas en tus ingresos y cl\u00ednicas de muy bajo costo (como cl\u00ednicas de escuelas de medicina). Encuentra estas cl\u00ednicas en todo el pa\u00eds. Al seleccionar tu estado, aparecer\u00e1 la lista de las ciudades; elige donde vives y te mostrar\u00e1 qu\u00e9 tipo de cl\u00ednica es la que hay en tu ciudad, y\/o cl\u00ednicas en ciudades cercanas, ya que puede que no cuenten con la que est\u00e1s buscando. Al escoger la cl\u00ednica, podr\u00e1s conocer el modelo bajo el que opera, los servicios que cubre, la direcci\u00f3n, los horarios y el tel\u00e9fono de la misma para que te pongas en contacto con ellos. Otra de las ventajas del sitio, es un foro en el que se comenta acerca de la experiencia de cada beneficiario en determinada cl\u00ednica, as\u00ed que si tienes alguna duda antes de asistir, puede que ya est\u00e9 respondida. Es recomendable que crees una cuenta para que te sea m\u00e1s f\u00e1cil navegar en su p\u00e1gina y en su Facebook. Te llegar\u00e1 informaci\u00f3n importante a tu correo electr\u00f3nico. Por \u00faltimo, cabe destacar que es un sitio totalmente gratis, y la raz\u00f3n por la que piden que te registres es para que puedan proteger tus datos.<\/p>","protected":false},"author":4,"featured_media":22744,"parent":4668,"menu_order":0,"comment_status":"closed","ping_status":"closed","template":"elementor_header_footer","meta":{"_uf_show_specific_survey":0,"_uf_disable_surveys":false,"footnotes":""},"class_list":["post-22751","page","type-page","status-publish","has-post-thumbnail"],"aioseo_notices":[],"yoast_head":"<!-- This site is optimized with the Yoast SEO plugin v27.4 - https:\/\/yoast.com\/product\/yoast-seo-wordpress\/ -->\n<title>FreeClinics.com el sitio web donde puedes encontrar atenci\u00f3n m\u00e9dica gratuita<\/title>\n<meta name=\"description\" content=\"Conoce tus derechos y lo que Estados Unidos tiene para ofrecer a los migrantes en materia de Salud - Acceso Latino\" \/>\n<meta name=\"robots\" content=\"index, follow, max-snippet:-1, max-image-preview:large, max-video-preview:-1\" \/>\n<link rel=\"canonical\" href=\"https:\/\/accesolatino.org\/en\/salud\/freeclinics-com-el-sitio-web-donde-puedes-encontrar-atencion-medica-gratuita\/\" \/>\n<meta property=\"og:locale\" content=\"en_US\" \/>\n<meta property=\"og:type\" content=\"article\" \/>\n<meta property=\"og:title\" content=\"Acceso Latino | FreeClinics.com el sitio web donde puedes encontrar atenci\u00f3n m\u00e9dica gratuita\" \/>\n<meta property=\"og:description\" content=\"Conoce todo lo que Estados Unidos tiene para ofrecer a los migrantes en materia de Salud\" \/>\n<meta property=\"og:url\" content=\"https:\/\/accesolatino.org\/en\/salud\/freeclinics-com-el-sitio-web-donde-puedes-encontrar-atencion-medica-gratuita\/\" \/>\n<meta property=\"og:site_name\" content=\"Acceso Latino\" \/>\n<meta property=\"article:publisher\" content=\"https:\/\/www.facebook.com\/AccesoLatinoOrg\" \/>\n<meta property=\"article:modified_time\" content=\"2025-10-16T21:09:49+00:00\" \/>\n<meta property=\"og:image\" content=\"https:\/\/accesolatino.org\/wp-content\/uploads\/2020\/09\/FreeClinics.com-el-sitio-web-donde-puedes-encontrar-atencion-medica-gratuita.jpg\" \/>\n\t<meta property=\"og:image:width\" content=\"600\" \/>\n\t<meta property=\"og:image:height\" content=\"336\" \/>\n\t<meta property=\"og:image:type\" content=\"image\/jpeg\" \/>\n<meta name=\"twitter:card\" content=\"summary_large_image\" \/>\n<meta name=\"twitter:title\" content=\"Acceso Latino | FreeClinics.com el sitio web donde puedes encontrar atenci\u00f3n m\u00e9dica gratuita\" \/>\n<meta name=\"twitter:description\" content=\"Conoce todo lo que Estados Unidos tiene para ofrecer a los migrantes en materia de Salud\" \/>\n<meta name=\"twitter:image\" content=\"https:\/\/accesolatino.org\/wp-content\/uploads\/2020\/09\/FreeClinics.com-el-sitio-web-donde-puedes-encontrar-atencion-medica-gratuita.jpg\" \/>\n<meta name=\"twitter:site\" content=\"@FAccLatino\" \/>\n<meta name=\"twitter:label1\" content=\"Est. reading time\" \/>\n\t<meta name=\"twitter:data1\" content=\"2 minutes\" \/>\n<script type=\"application\/ld+json\" class=\"yoast-schema-graph\">{\"@context\":\"https:\\\/\\\/schema.org\",\"@graph\":[{\"@type\":\"WebPage\",\"@id\":\"https:\\\/\\\/accesolatino.org\\\/en\\\/salud\\\/freeclinics-com-el-sitio-web-donde-puedes-encontrar-atencion-medica-gratuita\\\/\",\"url\":\"https:\\\/\\\/accesolatino.org\\\/en\\\/salud\\\/freeclinics-com-el-sitio-web-donde-puedes-encontrar-atencion-medica-gratuita\\\/\",\"name\":\"FreeClinics.com el sitio web donde puedes encontrar atenci\u00f3n m\u00e9dica gratuita\",\"isPartOf\":{\"@id\":\"https:\\\/\\\/accesolatino.org\\\/#website\"},\"primaryImageOfPage\":{\"@id\":\"https:\\\/\\\/accesolatino.org\\\/en\\\/salud\\\/freeclinics-com-el-sitio-web-donde-puedes-encontrar-atencion-medica-gratuita\\\/#primaryimage\"},\"image\":{\"@id\":\"https:\\\/\\\/accesolatino.org\\\/en\\\/salud\\\/freeclinics-com-el-sitio-web-donde-puedes-encontrar-atencion-medica-gratuita\\\/#primaryimage\"},\"thumbnailUrl\":\"https:\\\/\\\/accesolatino.org\\\/wp-content\\\/uploads\\\/2020\\\/09\\\/FreeClinics.com-el-sitio-web-donde-puedes-encontrar-atencion-medica-gratuita.jpg\",\"datePublished\":\"2020-09-08T13:16:46+00:00\",\"dateModified\":\"2025-10-16T21:09:49+00:00\",\"description\":\"Conoce tus derechos y lo que Estados Unidos tiene para ofrecer a los migrantes en materia de Salud - Acceso Latino\",\"breadcrumb\":{\"@id\":\"https:\\\/\\\/accesolatino.org\\\/en\\\/salud\\\/freeclinics-com-el-sitio-web-donde-puedes-encontrar-atencion-medica-gratuita\\\/#breadcrumb\"},\"inLanguage\":\"en-US\",\"potentialAction\":[{\"@type\":\"ReadAction\",\"target\":[\"https:\\\/\\\/accesolatino.org\\\/en\\\/salud\\\/freeclinics-com-el-sitio-web-donde-puedes-encontrar-atencion-medica-gratuita\\\/\"]}]},{\"@type\":\"ImageObject\",\"inLanguage\":\"en-US\",\"@id\":\"https:\\\/\\\/accesolatino.org\\\/en\\\/salud\\\/freeclinics-com-el-sitio-web-donde-puedes-encontrar-atencion-medica-gratuita\\\/#primaryimage\",\"url\":\"https:\\\/\\\/accesolatino.org\\\/wp-content\\\/uploads\\\/2020\\\/09\\\/FreeClinics.com-el-sitio-web-donde-puedes-encontrar-atencion-medica-gratuita.jpg\",\"contentUrl\":\"https:\\\/\\\/accesolatino.org\\\/wp-content\\\/uploads\\\/2020\\\/09\\\/FreeClinics.com-el-sitio-web-donde-puedes-encontrar-atencion-medica-gratuita.jpg\",\"width\":600,\"height\":336,\"caption\":\"FreeClinics.com\"},{\"@type\":\"BreadcrumbList\",\"@id\":\"https:\\\/\\\/accesolatino.org\\\/en\\\/salud\\\/freeclinics-com-el-sitio-web-donde-puedes-encontrar-atencion-medica-gratuita\\\/#breadcrumb\",\"itemListElement\":[{\"@type\":\"ListItem\",\"position\":1,\"name\":\"Portada\",\"item\":\"https:\\\/\\\/accesolatino.org\\\/\"},{\"@type\":\"ListItem\",\"position\":2,\"name\":\"Salud\",\"item\":\"https:\\\/\\\/accesolatino.org\\\/salud\\\/\"},{\"@type\":\"ListItem\",\"position\":3,\"name\":\"FreeClinics.com el sitio web donde puedes encontrar atenci\u00f3n m\u00e9dica gratuita\"}]},{\"@type\":\"WebSite\",\"@id\":\"https:\\\/\\\/accesolatino.org\\\/#website\",\"url\":\"https:\\\/\\\/accesolatino.org\\\/\",\"name\":\"Acceso Latino | Fundaci\u00f3n Carlos Slim\",\"description\":\"Fundaci\u00f3n Carlos Slim\",\"publisher\":{\"@id\":\"https:\\\/\\\/accesolatino.org\\\/#organization\"},\"potentialAction\":[{\"@type\":\"SearchAction\",\"target\":{\"@type\":\"EntryPoint\",\"urlTemplate\":\"https:\\\/\\\/accesolatino.org\\\/?s={search_term_string}\"},\"query-input\":{\"@type\":\"PropertyValueSpecification\",\"valueRequired\":true,\"valueName\":\"search_term_string\"}}],\"inLanguage\":\"en-US\"},{\"@type\":\"Organization\",\"@id\":\"https:\\\/\\\/accesolatino.org\\\/#organization\",\"name\":\"Acceso Latino | Fundaci\u00f3n Carlos Slim\",\"url\":\"https:\\\/\\\/accesolatino.org\\\/\",\"logo\":{\"@type\":\"ImageObject\",\"inLanguage\":\"en-US\",\"@id\":\"https:\\\/\\\/accesolatino.org\\\/#\\\/schema\\\/logo\\\/image\\\/\",\"url\":\"https:\\\/\\\/accesolatino.org\\\/wp-content\\\/uploads\\\/2021\\\/02\\\/logo-footer-acceso-latino.png\",\"contentUrl\":\"https:\\\/\\\/accesolatino.org\\\/wp-content\\\/uploads\\\/2021\\\/02\\\/logo-footer-acceso-latino.png\",\"width\":240,\"height\":40,\"caption\":\"Acceso Latino | Fundaci\u00f3n Carlos Slim\"},\"image\":{\"@id\":\"https:\\\/\\\/accesolatino.org\\\/#\\\/schema\\\/logo\\\/image\\\/\"},\"sameAs\":[\"https:\\\/\\\/www.facebook.com\\\/AccesoLatinoOrg\",\"https:\\\/\\\/x.com\\\/FAccLatino\"]}]}<\/script>\n<!-- \/ Yoast SEO plugin. -->","yoast_head_json":{"title":"FreeClinics.com the website where you can find free medical care","description":"Conoce tus derechos y lo que Estados Unidos tiene para ofrecer a los migrantes en materia de Salud - Acceso Latino","robots":{"index":"index","follow":"follow","max-snippet":"max-snippet:-1","max-image-preview":"max-image-preview:large","max-video-preview":"max-video-preview:-1"},"canonical":"https:\/\/accesolatino.org\/en\/salud\/freeclinics-com-el-sitio-web-donde-puedes-encontrar-atencion-medica-gratuita\/","og_locale":"en_US","og_type":"article","og_title":"Acceso Latino | FreeClinics.com el sitio web donde puedes encontrar atenci\u00f3n m\u00e9dica gratuita","og_description":"Conoce todo lo que Estados Unidos tiene para ofrecer a los migrantes en materia de Salud","og_url":"https:\/\/accesolatino.org\/en\/salud\/freeclinics-com-el-sitio-web-donde-puedes-encontrar-atencion-medica-gratuita\/","og_site_name":"Acceso Latino","article_publisher":"https:\/\/www.facebook.com\/AccesoLatinoOrg","article_modified_time":"2025-10-16T21:09:49+00:00","og_image":[{"width":600,"height":336,"url":"https:\/\/accesolatino.org\/wp-content\/uploads\/2020\/09\/FreeClinics.com-el-sitio-web-donde-puedes-encontrar-atencion-medica-gratuita.jpg","type":"image\/jpeg"}],"twitter_card":"summary_large_image","twitter_title":"Acceso Latino | FreeClinics.com el sitio web donde puedes encontrar atenci\u00f3n m\u00e9dica gratuita","twitter_description":"Conoce todo lo que Estados Unidos tiene para ofrecer a los migrantes en materia de Salud","twitter_image":"https:\/\/accesolatino.org\/wp-content\/uploads\/2020\/09\/FreeClinics.com-el-sitio-web-donde-puedes-encontrar-atencion-medica-gratuita.jpg","twitter_site":"@FAccLatino","twitter_misc":{"Est. reading time":"2 minutes"},"schema":{"@context":"https:\/\/schema.org","@graph":[{"@type":"WebPage","@id":"https:\/\/accesolatino.org\/en\/salud\/freeclinics-com-el-sitio-web-donde-puedes-encontrar-atencion-medica-gratuita\/","url":"https:\/\/accesolatino.org\/en\/salud\/freeclinics-com-el-sitio-web-donde-puedes-encontrar-atencion-medica-gratuita\/","name":"FreeClinics.com the website where you can find free medical care","isPartOf":{"@id":"https:\/\/accesolatino.org\/#website"},"primaryImageOfPage":{"@id":"https:\/\/accesolatino.org\/en\/salud\/freeclinics-com-el-sitio-web-donde-puedes-encontrar-atencion-medica-gratuita\/#primaryimage"},"image":{"@id":"https:\/\/accesolatino.org\/en\/salud\/freeclinics-com-el-sitio-web-donde-puedes-encontrar-atencion-medica-gratuita\/#primaryimage"},"thumbnailUrl":"https:\/\/accesolatino.org\/wp-content\/uploads\/2020\/09\/FreeClinics.com-el-sitio-web-donde-puedes-encontrar-atencion-medica-gratuita.jpg","datePublished":"2020-09-08T13:16:46+00:00","dateModified":"2025-10-16T21:09:49+00:00","description":"Conoce tus derechos y lo que Estados Unidos tiene para ofrecer a los migrantes en materia de Salud - Acceso Latino","breadcrumb":{"@id":"https:\/\/accesolatino.org\/en\/salud\/freeclinics-com-el-sitio-web-donde-puedes-encontrar-atencion-medica-gratuita\/#breadcrumb"},"inLanguage":"en-US","potentialAction":[{"@type":"ReadAction","target":["https:\/\/accesolatino.org\/en\/salud\/freeclinics-com-el-sitio-web-donde-puedes-encontrar-atencion-medica-gratuita\/"]}]},{"@type":"ImageObject","inLanguage":"en-US","@id":"https:\/\/accesolatino.org\/en\/salud\/freeclinics-com-el-sitio-web-donde-puedes-encontrar-atencion-medica-gratuita\/#primaryimage","url":"https:\/\/accesolatino.org\/wp-content\/uploads\/2020\/09\/FreeClinics.com-el-sitio-web-donde-puedes-encontrar-atencion-medica-gratuita.jpg","contentUrl":"https:\/\/accesolatino.org\/wp-content\/uploads\/2020\/09\/FreeClinics.com-el-sitio-web-donde-puedes-encontrar-atencion-medica-gratuita.jpg","width":600,"height":336,"caption":"FreeClinics.com"},{"@type":"BreadcrumbList","@id":"https:\/\/accesolatino.org\/en\/salud\/freeclinics-com-el-sitio-web-donde-puedes-encontrar-atencion-medica-gratuita\/#breadcrumb","itemListElement":[{"@type":"ListItem","position":1,"name":"Portada","item":"https:\/\/accesolatino.org\/"},{"@type":"ListItem","position":2,"name":"Salud","item":"https:\/\/accesolatino.org\/salud\/"},{"@type":"ListItem","position":3,"name":"FreeClinics.com el sitio web donde puedes encontrar atenci\u00f3n m\u00e9dica gratuita"}]},{"@type":"WebSite","@id":"https:\/\/accesolatino.org\/#website","url":"https:\/\/accesolatino.org\/","name":"Acceso Latino | Fundaci\u00f3n Carlos Slim","description":"Fundaci\u00f3n Carlos Slim","publisher":{"@id":"https:\/\/accesolatino.org\/#organization"},"potentialAction":[{"@type":"SearchAction","target":{"@type":"EntryPoint","urlTemplate":"https:\/\/accesolatino.org\/?s={search_term_string}"},"query-input":{"@type":"PropertyValueSpecification","valueRequired":true,"valueName":"search_term_string"}}],"inLanguage":"en-US"},{"@type":"Organization","@id":"https:\/\/accesolatino.org\/#organization","name":"Acceso Latino | Fundaci\u00f3n Carlos Slim","url":"https:\/\/accesolatino.org\/","logo":{"@type":"ImageObject","inLanguage":"en-US","@id":"https:\/\/accesolatino.org\/#\/schema\/logo\/image\/","url":"https:\/\/accesolatino.org\/wp-content\/uploads\/2021\/02\/logo-footer-acceso-latino.png","contentUrl":"https:\/\/accesolatino.org\/wp-content\/uploads\/2021\/02\/logo-footer-acceso-latino.png","width":240,"height":40,"caption":"Acceso Latino | Fundaci\u00f3n Carlos Slim"},"image":{"@id":"https:\/\/accesolatino.org\/#\/schema\/logo\/image\/"},"sameAs":["https:\/\/www.facebook.com\/AccesoLatinoOrg","https:\/\/x.com\/FAccLatino"]}]}},"_links":{"self":[{"href":"https:\/\/accesolatino.org\/en\/wp-json\/wp\/v2\/pages\/22751","targetHints":{"allow":["GET"]}}],"collection":[{"href":"https:\/\/accesolatino.org\/en\/wp-json\/wp\/v2\/pages"}],"about":[{"href":"https:\/\/accesolatino.org\/en\/wp-json\/wp\/v2\/types\/page"}],"author":[{"embeddable":true,"href":"https:\/\/accesolatino.org\/en\/wp-json\/wp\/v2\/users\/4"}],"replies":[{"embeddable":true,"href":"https:\/\/accesolatino.org\/en\/wp-json\/wp\/v2\/comments?post=22751"}],"version-history":[{"count":1,"href":"https:\/\/accesolatino.org\/en\/wp-json\/wp\/v2\/pages\/22751\/revisions"}],"predecessor-version":[{"id":64034,"href":"https:\/\/accesolatino.org\/en\/wp-json\/wp\/v2\/pages\/22751\/revisions\/64034"}],"up":[{"embeddable":true,"href":"https:\/\/accesolatino.org\/en\/wp-json\/wp\/v2\/pages\/4668"}],"wp:featuredmedia":[{"embeddable":true,"href":"https:\/\/accesolatino.org\/en\/wp-json\/wp\/v2\/media\/22744"}],"wp:attachment":[{"href":"https:\/\/accesolatino.org\/en\/wp-json\/wp\/v2\/media?parent=22751"}],"curies":[{"name":"wp","href":"https:\/\/api.w.org\/{rel}","templated":true}]}}