{"id":22735,"date":"2020-09-07T11:51:52","date_gmt":"2020-09-07T16:51:52","guid":{"rendered":"https:\/\/accesolatino.org\/?page_id=22735"},"modified":"2025-10-17T17:34:16","modified_gmt":"2025-10-17T23:34:16","slug":"renueva-tu-daca-y-permiso-de-trabajo","status":"publish","type":"page","link":"https:\/\/accesolatino.org\/en\/renueva-tu-daca-y-permiso-de-trabajo\/","title":{"rendered":"Renew your DACA and work permit"},"content":{"rendered":"<div data-elementor-type=\"wp-post\" data-elementor-id=\"22735\" class=\"elementor elementor-22735\">\n\t\t\t\t\t\t<section class=\"elementor-section elementor-top-section elementor-element elementor-element-6dbb5a6 elementor-section-full_width elementor-section-height-min-height elementor-section-items-stretch elementor-section-height-default wpr-particle-no wpr-jarallax-no wpr-parallax-no wpr-sticky-section-no wpr-equal-height-no\" data-id=\"6dbb5a6\" data-element_type=\"section\" data-e-type=\"section\" data-settings=\"{&quot;background_background&quot;:&quot;classic&quot;}\">\n\t\t\t\t\t\t<div class=\"elementor-container elementor-column-gap-no\">\n\t\t\t\t\t<div class=\"elementor-column elementor-col-100 elementor-top-column elementor-element elementor-element-523016b\" data-id=\"523016b\" data-element_type=\"column\" data-e-type=\"column\">\n\t\t\t<div class=\"elementor-widget-wrap elementor-element-populated\">\n\t\t\t\t\t\t<div class=\"elementor-element elementor-element-d86af1c elementor--h-position-center elementor--v-position-middle elementor-widget elementor-widget-slides\" data-id=\"d86af1c\" data-element_type=\"widget\" data-e-type=\"widget\" data-settings=\"{&quot;navigation&quot;:&quot;none&quot;,&quot;infinite&quot;:&quot;yes&quot;,&quot;transition&quot;:&quot;slide&quot;,&quot;transition_speed&quot;:500}\" data-widget_type=\"slides.default\">\n\t\t\t\t<div class=\"elementor-widget-container\">\n\t\t\t\t\t\t\t<div class=\"elementor-swiper\">\n\t\t\t<div class=\"elementor-slides-wrapper elementor-main-swiper swiper-container\" dir=\"ltr\" data-animation=\"\">\n\t\t\t\t<div class=\"swiper-wrapper elementor-slides\">\n\t\t\t\t\t\t\t\t\t\t<div class=\"elementor-repeater-item-d983a28 swiper-slide\"><div class=\"swiper-slide-bg\"><\/div><div class=\"swiper-slide-inner\" ><div class=\"swiper-slide-contents\"><div class=\"elementor-slide-heading\">Legal Guidance<\/div><\/div><\/div><\/div>\t\t\t\t<\/div>\n\t\t\t\t\t\t\t<\/div>\n\t\t<\/div>\n\t\t\t\t\t\t<\/div>\n\t\t\t\t<\/div>\n\t\t\t\t\t<\/div>\n\t\t<\/div>\n\t\t\t\t\t<\/div>\n\t\t<\/section>\n\t\t\t\t<section class=\"elementor-section elementor-top-section elementor-element elementor-element-b92e14f elementor-section-stretched elementor-section-boxed elementor-section-height-default elementor-section-height-default wpr-particle-no wpr-jarallax-no wpr-parallax-no wpr-sticky-section-no wpr-equal-height-no\" data-id=\"b92e14f\" data-element_type=\"section\" data-e-type=\"section\" data-settings=\"{&quot;stretch_section&quot;:&quot;section-stretched&quot;,&quot;background_background&quot;:&quot;classic&quot;}\">\n\t\t\t\t\t\t<div class=\"elementor-container elementor-column-gap-default\">\n\t\t\t\t\t<div class=\"elementor-column elementor-col-100 elementor-top-column elementor-element elementor-element-fa650eb\" data-id=\"fa650eb\" data-element_type=\"column\" data-e-type=\"column\">\n\t\t\t<div class=\"elementor-widget-wrap elementor-element-populated\">\n\t\t\t\t\t\t<div class=\"elementor-element elementor-element-79b60c7 elementor-widget elementor-widget-heading\" data-id=\"79b60c7\" data-element_type=\"widget\" data-e-type=\"widget\" data-widget_type=\"heading.default\">\n\t\t\t\t<div class=\"elementor-widget-container\">\n\t\t\t\t\t<h3 class=\"elementor-heading-title elementor-size-default\">Renew your DACA and work permit<\/h3>\t\t\t\t<\/div>\n\t\t\t\t<\/div>\n\t\t\t\t<div class=\"elementor-element elementor-element-95e7b22 elementor-widget elementor-widget-text-editor\" data-id=\"95e7b22\" data-element_type=\"widget\" data-e-type=\"widget\" data-widget_type=\"text-editor.default\">\n\t\t\t\t<div class=\"elementor-widget-container\">\n\t\t\t\t\t\t\t\t\t<p>Si ya eres beneficiario del programa de Acci\u00f3n Diferida para los Llegados en la Infancia (DACA), pero no sabes bien c\u00f3mo renovarlo al igual que tu permiso de trabajo, en <strong>Acceso Latino <\/strong>te decimos c\u00f3mo.<\/p><p>Si ambos ya est\u00e1n por vencer, necesitas sacar una cita en tu oficina m\u00e1s cercana de USCIS (Servicio de Inmigraci\u00f3n y Ciudadan\u00eda de los Estados Unidos). Debes tomar en cuenta que algunas cerraron por la pandemia, pero a partir del 4 de junio, muchas ya se encuentran dando servicio.<\/p><p>De igual forma, la p\u00e1gina <em>Inmigrante Informado<\/em> te ayuda a contactar Cl\u00ednicas Legales que ofrecen citas virtuales para apoyarte con la renovaci\u00f3n.\u00a0 \u00a0<\/p><p>Para poder renovar necesitas cumplir los requisitos originales de DACA del 2012, adem\u00e1s de los siguientes:<\/p><ul><li>No haber salido de EEUU sin permiso adelantado de reingreso desde el 15 de agosto de 2012.<\/li><li>Vivir permanentemente en el pa\u00eds a partir de que presentaste tu petici\u00f3n aprobada m\u00e1s reciente de DACA.<\/li><li>No haber estado preso por delitos graves, delitos menores significativos o m\u00e1s de tres delitos menores.<\/li><\/ul><p>De acuerdo a los nuevos lineamientos de USCIS, no deber\u00e1s solicitar tu renovaci\u00f3n m\u00e1s de 150 d\u00edas antes de que se expiran, as\u00ed que lo recomendable es que lo presentes entre 120 y 150 d\u00edas antes de su vencimiento.<\/p><p>Necesitas completar estos formularios:<\/p><ul><li><strong>I-821D:<\/strong> Consideraci\u00f3n de Acci\u00f3n Diferida para los Llegados en la Infancia.<\/li><li><strong>I-765:<\/strong> Solicitud de Autorizaci\u00f3n de Empleo.<\/li><\/ul><p>Tienen que ser las versiones m\u00e1s recientes.<\/p><p>El costo para este proceso es de <strong>US$495<\/strong>: US$410 para la Autorizaci\u00f3n de Empleo, y US$85 para el proceso biom\u00e9trico de huellas digitales y fotograf\u00eda. Deber\u00e1s mandar tu solicitud a la Localidad Segura de USCIS correspondiente al estado en el que vives.<\/p><p>No necesitas llevar m\u00e1s documentos o pruebas a menos que sean sobre antecedentes penales o procesos de remoci\u00f3n, los cuales USCIS requerir\u00e1.<\/p><p>Toda esta informaci\u00f3n est\u00e1 disponible en la p\u00e1gina de <a href=\"https:\/\/www.uscis.gov\/es\">USCIS<\/a> in spanish.<\/p><p>Si te quedaste con alguna duda, no dejes de visitar la secci\u00f3n <a href=\"https:\/\/accesolatino.org\/en\/orientacion-legal\/\">Legal Guidance<\/a>, en la tarjeta <strong>DACA Counseling<\/strong> para recibir m\u00e1s informaci\u00f3n.<\/p>\t\t\t\t\t\t\t\t<\/div>\n\t\t\t\t<\/div>\n\t\t\t\t<div class=\"elementor-element elementor-element-3bc1eda elementor-widget elementor-widget-spacer\" data-id=\"3bc1eda\" data-element_type=\"widget\" data-e-type=\"widget\" data-widget_type=\"spacer.default\">\n\t\t\t\t<div class=\"elementor-widget-container\">\n\t\t\t\t\t\t\t<div class=\"elementor-spacer\">\n\t\t\t<div class=\"elementor-spacer-inner\"><\/div>\n\t\t<\/div>\n\t\t\t\t\t\t<\/div>\n\t\t\t\t<\/div>\n\t\t\t\t\t<\/div>\n\t\t<\/div>\n\t\t\t\t\t<\/div>\n\t\t<\/section>\n\t\t\t\t<\/div>","protected":false},"excerpt":{"rendered":"<p>Orientaci\u00f3n Legal Renueva tu DACA y permiso de trabajo Si ya eres beneficiario del programa de Acci\u00f3n Diferida para los Llegados en la Infancia (DACA), pero no sabes bien c\u00f3mo renovarlo al igual que tu permiso de trabajo, en Acceso Latino te decimos c\u00f3mo. Si ambos ya est\u00e1n por vencer, necesitas sacar una cita en tu oficina m\u00e1s cercana de USCIS (Servicio de Inmigraci\u00f3n y Ciudadan\u00eda de los Estados Unidos). Debes tomar en cuenta que algunas cerraron por la pandemia, pero a partir del 4 de junio, muchas ya se encuentran dando servicio. De igual forma, la p\u00e1gina Inmigrante Informado te ayuda a contactar Cl\u00ednicas Legales que ofrecen citas virtuales para apoyarte con la renovaci\u00f3n.\u00a0 \u00a0 Para poder renovar necesitas cumplir los requisitos originales de DACA del 2012, adem\u00e1s de los siguientes: No haber salido de EEUU sin permiso adelantado de reingreso desde el 15 de agosto de 2012. Vivir permanentemente en el pa\u00eds a partir de que presentaste tu petici\u00f3n aprobada m\u00e1s reciente de DACA. No haber estado preso por delitos graves, delitos menores significativos o m\u00e1s de tres delitos menores. De acuerdo a los nuevos lineamientos de USCIS, no deber\u00e1s solicitar tu renovaci\u00f3n m\u00e1s de 150 d\u00edas antes de que se expiran, as\u00ed que lo recomendable es que lo presentes entre 120 y 150 d\u00edas antes de su vencimiento. Necesitas completar estos formularios: I-821D: Consideraci\u00f3n de Acci\u00f3n Diferida para los Llegados en la Infancia. I-765: Solicitud de Autorizaci\u00f3n de Empleo. Tienen que ser las versiones m\u00e1s recientes. El costo para este proceso es de US$495: US$410 para la Autorizaci\u00f3n de Empleo, y US$85 para el proceso biom\u00e9trico de huellas digitales y fotograf\u00eda. Deber\u00e1s mandar tu solicitud a la Localidad Segura de USCIS correspondiente al estado en el que vives. No necesitas llevar m\u00e1s documentos o pruebas a menos que sean sobre antecedentes penales o procesos de remoci\u00f3n, los cuales USCIS requerir\u00e1. Toda esta informaci\u00f3n est\u00e1 disponible en la p\u00e1gina de USCIS en espa\u00f1ol. Si te quedaste con alguna duda, no dejes de visitar la secci\u00f3n Orientaci\u00f3n Legal, en la tarjeta Asesor\u00eda sobre DACA para recibir m\u00e1s informaci\u00f3n.<\/p>","protected":false},"author":8,"featured_media":22730,"parent":0,"menu_order":0,"comment_status":"closed","ping_status":"closed","template":"elementor_header_footer","meta":{"_uf_show_specific_survey":0,"_uf_disable_surveys":false,"footnotes":""},"class_list":["post-22735","page","type-page","status-publish","has-post-thumbnail"],"aioseo_notices":[],"yoast_head":"<!-- This site is optimized with the Yoast SEO plugin v27.4 - https:\/\/yoast.com\/product\/yoast-seo-wordpress\/ -->\n<title>Acceso Latino | Renueva tu DACA y permiso de trabajo<\/title>\n<meta name=\"description\" content=\"Renueva tu\u00a0DACA\u00a0y permiso de trabajo Si ya eres beneficiario del programa de Acci\u00f3n Diferida para los Llegados en la Infancia (DACA...\" \/>\n<meta name=\"robots\" content=\"index, follow, max-snippet:-1, max-image-preview:large, max-video-preview:-1\" \/>\n<link rel=\"canonical\" href=\"https:\/\/accesolatino.org\/en\/renueva-tu-daca-y-permiso-de-trabajo\/\" \/>\n<meta property=\"og:locale\" content=\"en_US\" \/>\n<meta property=\"og:type\" content=\"article\" \/>\n<meta property=\"og:title\" content=\"Acceso Latino | Renueva tu DACA y permiso de trabajo\" \/>\n<meta property=\"og:description\" content=\"Conoce las aplicaciones que te pueden ser de ayuda en otros pa\u00edses.\" \/>\n<meta property=\"og:url\" content=\"https:\/\/accesolatino.org\/en\/renueva-tu-daca-y-permiso-de-trabajo\/\" \/>\n<meta property=\"og:site_name\" content=\"Acceso Latino\" \/>\n<meta property=\"article:publisher\" content=\"https:\/\/www.facebook.com\/AccesoLatinoOrg\" \/>\n<meta property=\"article:modified_time\" content=\"2025-10-17T23:34:16+00:00\" \/>\n<meta property=\"og:image\" content=\"https:\/\/accesolatino.org\/wp-content\/uploads\/2020\/09\/Renueva-tu-DACA-y-permiso-de-trabajo.jpg\" \/>\n\t<meta property=\"og:image:width\" content=\"600\" \/>\n\t<meta property=\"og:image:height\" content=\"336\" \/>\n\t<meta property=\"og:image:type\" content=\"image\/jpeg\" \/>\n<meta name=\"twitter:card\" content=\"summary_large_image\" \/>\n<meta name=\"twitter:title\" content=\"Acceso Latino | Renueva tu DACA y permiso de trabajo\" \/>\n<meta name=\"twitter:description\" content=\"Conoce las aplicaciones que te pueden ser de ayuda en otros pa\u00edses.\" \/>\n<meta name=\"twitter:image\" content=\"https:\/\/accesolatino.org\/wp-content\/uploads\/2020\/09\/Renueva-tu-DACA-y-permiso-de-trabajo.jpg\" \/>\n<meta name=\"twitter:site\" content=\"@FAccLatino\" \/>\n<meta name=\"twitter:label1\" content=\"Est. reading time\" \/>\n\t<meta name=\"twitter:data1\" content=\"2 minutes\" \/>\n<script type=\"application\/ld+json\" class=\"yoast-schema-graph\">{\"@context\":\"https:\\\/\\\/schema.org\",\"@graph\":[{\"@type\":\"WebPage\",\"@id\":\"https:\\\/\\\/accesolatino.org\\\/en\\\/renueva-tu-daca-y-permiso-de-trabajo\\\/\",\"url\":\"https:\\\/\\\/accesolatino.org\\\/en\\\/renueva-tu-daca-y-permiso-de-trabajo\\\/\",\"name\":\"Acceso Latino | Renueva tu DACA y permiso de trabajo\",\"isPartOf\":{\"@id\":\"https:\\\/\\\/accesolatino.org\\\/#website\"},\"primaryImageOfPage\":{\"@id\":\"https:\\\/\\\/accesolatino.org\\\/en\\\/renueva-tu-daca-y-permiso-de-trabajo\\\/#primaryimage\"},\"image\":{\"@id\":\"https:\\\/\\\/accesolatino.org\\\/en\\\/renueva-tu-daca-y-permiso-de-trabajo\\\/#primaryimage\"},\"thumbnailUrl\":\"https:\\\/\\\/accesolatino.org\\\/wp-content\\\/uploads\\\/2020\\\/09\\\/Renueva-tu-DACA-y-permiso-de-trabajo.jpg\",\"datePublished\":\"2020-09-07T16:51:52+00:00\",\"dateModified\":\"2025-10-17T23:34:16+00:00\",\"description\":\"Renueva tu\u00a0DACA\u00a0y permiso de trabajo Si ya eres beneficiario del programa de Acci\u00f3n Diferida para los Llegados en la Infancia (DACA...\",\"breadcrumb\":{\"@id\":\"https:\\\/\\\/accesolatino.org\\\/en\\\/renueva-tu-daca-y-permiso-de-trabajo\\\/#breadcrumb\"},\"inLanguage\":\"en-US\",\"potentialAction\":[{\"@type\":\"ReadAction\",\"target\":[\"https:\\\/\\\/accesolatino.org\\\/en\\\/renueva-tu-daca-y-permiso-de-trabajo\\\/\"]}]},{\"@type\":\"ImageObject\",\"inLanguage\":\"en-US\",\"@id\":\"https:\\\/\\\/accesolatino.org\\\/en\\\/renueva-tu-daca-y-permiso-de-trabajo\\\/#primaryimage\",\"url\":\"https:\\\/\\\/accesolatino.org\\\/wp-content\\\/uploads\\\/2020\\\/09\\\/Renueva-tu-DACA-y-permiso-de-trabajo.jpg\",\"contentUrl\":\"https:\\\/\\\/accesolatino.org\\\/wp-content\\\/uploads\\\/2020\\\/09\\\/Renueva-tu-DACA-y-permiso-de-trabajo.jpg\",\"width\":600,\"height\":336,\"caption\":\"daca\"},{\"@type\":\"BreadcrumbList\",\"@id\":\"https:\\\/\\\/accesolatino.org\\\/en\\\/renueva-tu-daca-y-permiso-de-trabajo\\\/#breadcrumb\",\"itemListElement\":[{\"@type\":\"ListItem\",\"position\":1,\"name\":\"Portada\",\"item\":\"https:\\\/\\\/accesolatino.org\\\/\"},{\"@type\":\"ListItem\",\"position\":2,\"name\":\"Renueva tu DACA y permiso de trabajo\"}]},{\"@type\":\"WebSite\",\"@id\":\"https:\\\/\\\/accesolatino.org\\\/#website\",\"url\":\"https:\\\/\\\/accesolatino.org\\\/\",\"name\":\"Acceso Latino | Fundaci\u00f3n Carlos Slim\",\"description\":\"Fundaci\u00f3n Carlos Slim\",\"publisher\":{\"@id\":\"https:\\\/\\\/accesolatino.org\\\/#organization\"},\"potentialAction\":[{\"@type\":\"SearchAction\",\"target\":{\"@type\":\"EntryPoint\",\"urlTemplate\":\"https:\\\/\\\/accesolatino.org\\\/?s={search_term_string}\"},\"query-input\":{\"@type\":\"PropertyValueSpecification\",\"valueRequired\":true,\"valueName\":\"search_term_string\"}}],\"inLanguage\":\"en-US\"},{\"@type\":\"Organization\",\"@id\":\"https:\\\/\\\/accesolatino.org\\\/#organization\",\"name\":\"Acceso Latino | Fundaci\u00f3n Carlos Slim\",\"url\":\"https:\\\/\\\/accesolatino.org\\\/\",\"logo\":{\"@type\":\"ImageObject\",\"inLanguage\":\"en-US\",\"@id\":\"https:\\\/\\\/accesolatino.org\\\/#\\\/schema\\\/logo\\\/image\\\/\",\"url\":\"https:\\\/\\\/accesolatino.org\\\/wp-content\\\/uploads\\\/2021\\\/02\\\/logo-footer-acceso-latino.png\",\"contentUrl\":\"https:\\\/\\\/accesolatino.org\\\/wp-content\\\/uploads\\\/2021\\\/02\\\/logo-footer-acceso-latino.png\",\"width\":240,\"height\":40,\"caption\":\"Acceso Latino | Fundaci\u00f3n Carlos Slim\"},\"image\":{\"@id\":\"https:\\\/\\\/accesolatino.org\\\/#\\\/schema\\\/logo\\\/image\\\/\"},\"sameAs\":[\"https:\\\/\\\/www.facebook.com\\\/AccesoLatinoOrg\",\"https:\\\/\\\/x.com\\\/FAccLatino\"]}]}<\/script>\n<!-- \/ Yoast SEO plugin. -->","yoast_head_json":{"title":"Acceso Latino | Renueva tu DACA y permiso de trabajo","description":"Renueva tu\u00a0DACA\u00a0y permiso de trabajo Si ya eres beneficiario del programa de Acci\u00f3n Diferida para los Llegados en la Infancia (DACA...","robots":{"index":"index","follow":"follow","max-snippet":"max-snippet:-1","max-image-preview":"max-image-preview:large","max-video-preview":"max-video-preview:-1"},"canonical":"https:\/\/accesolatino.org\/en\/renueva-tu-daca-y-permiso-de-trabajo\/","og_locale":"en_US","og_type":"article","og_title":"Acceso Latino | Renueva tu DACA y permiso de trabajo","og_description":"Conoce las aplicaciones que te pueden ser de ayuda en otros pa\u00edses.","og_url":"https:\/\/accesolatino.org\/en\/renueva-tu-daca-y-permiso-de-trabajo\/","og_site_name":"Acceso Latino","article_publisher":"https:\/\/www.facebook.com\/AccesoLatinoOrg","article_modified_time":"2025-10-17T23:34:16+00:00","og_image":[{"width":600,"height":336,"url":"https:\/\/accesolatino.org\/wp-content\/uploads\/2020\/09\/Renueva-tu-DACA-y-permiso-de-trabajo.jpg","type":"image\/jpeg"}],"twitter_card":"summary_large_image","twitter_title":"Acceso Latino | Renueva tu DACA y permiso de trabajo","twitter_description":"Conoce las aplicaciones que te pueden ser de ayuda en otros pa\u00edses.","twitter_image":"https:\/\/accesolatino.org\/wp-content\/uploads\/2020\/09\/Renueva-tu-DACA-y-permiso-de-trabajo.jpg","twitter_site":"@FAccLatino","twitter_misc":{"Est. reading time":"2 minutes"},"schema":{"@context":"https:\/\/schema.org","@graph":[{"@type":"WebPage","@id":"https:\/\/accesolatino.org\/en\/renueva-tu-daca-y-permiso-de-trabajo\/","url":"https:\/\/accesolatino.org\/en\/renueva-tu-daca-y-permiso-de-trabajo\/","name":"Acceso Latino | Renueva tu DACA y permiso de trabajo","isPartOf":{"@id":"https:\/\/accesolatino.org\/#website"},"primaryImageOfPage":{"@id":"https:\/\/accesolatino.org\/en\/renueva-tu-daca-y-permiso-de-trabajo\/#primaryimage"},"image":{"@id":"https:\/\/accesolatino.org\/en\/renueva-tu-daca-y-permiso-de-trabajo\/#primaryimage"},"thumbnailUrl":"https:\/\/accesolatino.org\/wp-content\/uploads\/2020\/09\/Renueva-tu-DACA-y-permiso-de-trabajo.jpg","datePublished":"2020-09-07T16:51:52+00:00","dateModified":"2025-10-17T23:34:16+00:00","description":"Renueva tu\u00a0DACA\u00a0y permiso de trabajo Si ya eres beneficiario del programa de Acci\u00f3n Diferida para los Llegados en la Infancia (DACA...","breadcrumb":{"@id":"https:\/\/accesolatino.org\/en\/renueva-tu-daca-y-permiso-de-trabajo\/#breadcrumb"},"inLanguage":"en-US","potentialAction":[{"@type":"ReadAction","target":["https:\/\/accesolatino.org\/en\/renueva-tu-daca-y-permiso-de-trabajo\/"]}]},{"@type":"ImageObject","inLanguage":"en-US","@id":"https:\/\/accesolatino.org\/en\/renueva-tu-daca-y-permiso-de-trabajo\/#primaryimage","url":"https:\/\/accesolatino.org\/wp-content\/uploads\/2020\/09\/Renueva-tu-DACA-y-permiso-de-trabajo.jpg","contentUrl":"https:\/\/accesolatino.org\/wp-content\/uploads\/2020\/09\/Renueva-tu-DACA-y-permiso-de-trabajo.jpg","width":600,"height":336,"caption":"daca"},{"@type":"BreadcrumbList","@id":"https:\/\/accesolatino.org\/en\/renueva-tu-daca-y-permiso-de-trabajo\/#breadcrumb","itemListElement":[{"@type":"ListItem","position":1,"name":"Portada","item":"https:\/\/accesolatino.org\/"},{"@type":"ListItem","position":2,"name":"Renueva tu DACA y permiso de trabajo"}]},{"@type":"WebSite","@id":"https:\/\/accesolatino.org\/#website","url":"https:\/\/accesolatino.org\/","name":"Acceso Latino | Fundaci\u00f3n Carlos Slim","description":"Fundaci\u00f3n Carlos Slim","publisher":{"@id":"https:\/\/accesolatino.org\/#organization"},"potentialAction":[{"@type":"SearchAction","target":{"@type":"EntryPoint","urlTemplate":"https:\/\/accesolatino.org\/?s={search_term_string}"},"query-input":{"@type":"PropertyValueSpecification","valueRequired":true,"valueName":"search_term_string"}}],"inLanguage":"en-US"},{"@type":"Organization","@id":"https:\/\/accesolatino.org\/#organization","name":"Acceso Latino | Fundaci\u00f3n Carlos Slim","url":"https:\/\/accesolatino.org\/","logo":{"@type":"ImageObject","inLanguage":"en-US","@id":"https:\/\/accesolatino.org\/#\/schema\/logo\/image\/","url":"https:\/\/accesolatino.org\/wp-content\/uploads\/2021\/02\/logo-footer-acceso-latino.png","contentUrl":"https:\/\/accesolatino.org\/wp-content\/uploads\/2021\/02\/logo-footer-acceso-latino.png","width":240,"height":40,"caption":"Acceso Latino | Fundaci\u00f3n Carlos Slim"},"image":{"@id":"https:\/\/accesolatino.org\/#\/schema\/logo\/image\/"},"sameAs":["https:\/\/www.facebook.com\/AccesoLatinoOrg","https:\/\/x.com\/FAccLatino"]}]}},"_links":{"self":[{"href":"https:\/\/accesolatino.org\/en\/wp-json\/wp\/v2\/pages\/22735","targetHints":{"allow":["GET"]}}],"collection":[{"href":"https:\/\/accesolatino.org\/en\/wp-json\/wp\/v2\/pages"}],"about":[{"href":"https:\/\/accesolatino.org\/en\/wp-json\/wp\/v2\/types\/page"}],"author":[{"embeddable":true,"href":"https:\/\/accesolatino.org\/en\/wp-json\/wp\/v2\/users\/8"}],"replies":[{"embeddable":true,"href":"https:\/\/accesolatino.org\/en\/wp-json\/wp\/v2\/comments?post=22735"}],"version-history":[{"count":1,"href":"https:\/\/accesolatino.org\/en\/wp-json\/wp\/v2\/pages\/22735\/revisions"}],"predecessor-version":[{"id":64258,"href":"https:\/\/accesolatino.org\/en\/wp-json\/wp\/v2\/pages\/22735\/revisions\/64258"}],"wp:featuredmedia":[{"embeddable":true,"href":"https:\/\/accesolatino.org\/en\/wp-json\/wp\/v2\/media\/22730"}],"wp:attachment":[{"href":"https:\/\/accesolatino.org\/en\/wp-json\/wp\/v2\/media?parent=22735"}],"curies":[{"name":"wp","href":"https:\/\/api.w.org\/{rel}","templated":true}]}}