{"id":22698,"date":"2020-09-03T11:55:14","date_gmt":"2020-09-03T16:55:14","guid":{"rendered":"https:\/\/accesolatino.org\/?page_id=22698"},"modified":"2025-10-13T13:11:19","modified_gmt":"2025-10-13T19:11:19","slug":"somos-mexicanos-el-programa-que-te-ayuda-en-tu-regreso-a-casa","status":"publish","type":"page","link":"https:\/\/accesolatino.org\/en\/apoyos-sociales\/somos-mexicanos-el-programa-que-te-ayuda-en-tu-regreso-a-casa\/","title":{"rendered":"We are Mexicans, the program that helps you to return home"},"content":{"rendered":"<div data-elementor-type=\"wp-post\" data-elementor-id=\"22698\" class=\"elementor elementor-22698\">\n\t\t\t\t\t\t<section class=\"elementor-section elementor-top-section elementor-element elementor-element-c439c80 elementor-section-full_width elementor-section-height-min-height elementor-section-items-stretch elementor-section-height-default wpr-particle-no wpr-jarallax-no wpr-parallax-no wpr-sticky-section-no wpr-equal-height-no\" data-id=\"c439c80\" data-element_type=\"section\" data-e-type=\"section\" data-settings=\"{&quot;background_background&quot;:&quot;classic&quot;}\">\n\t\t\t\t\t\t<div class=\"elementor-container elementor-column-gap-no\">\n\t\t\t\t\t<div class=\"elementor-column elementor-col-100 elementor-top-column elementor-element elementor-element-9ea76ec\" data-id=\"9ea76ec\" data-element_type=\"column\" data-e-type=\"column\">\n\t\t\t<div class=\"elementor-widget-wrap elementor-element-populated\">\n\t\t\t\t\t\t<div class=\"elementor-element elementor-element-5792d81 elementor--h-position-center elementor--v-position-middle elementor-widget elementor-widget-slides\" data-id=\"5792d81\" data-element_type=\"widget\" data-e-type=\"widget\" data-settings=\"{&quot;navigation&quot;:&quot;none&quot;,&quot;infinite&quot;:&quot;yes&quot;,&quot;transition&quot;:&quot;slide&quot;,&quot;transition_speed&quot;:500}\" data-widget_type=\"slides.default\">\n\t\t\t\t<div class=\"elementor-widget-container\">\n\t\t\t\t\t\t\t<div class=\"elementor-swiper\">\n\t\t\t<div class=\"elementor-slides-wrapper elementor-main-swiper swiper-container\" dir=\"ltr\" data-animation=\"\">\n\t\t\t\t<div class=\"swiper-wrapper elementor-slides\">\n\t\t\t\t\t\t\t\t\t\t<div class=\"elementor-repeater-item-d983a28 swiper-slide\"><div class=\"swiper-slide-bg\"><\/div><div class=\"swiper-slide-inner\" ><div class=\"swiper-slide-contents\"><div class=\"elementor-slide-heading\">Social Supports<\/div><\/div><\/div><\/div>\t\t\t\t<\/div>\n\t\t\t\t\t\t\t<\/div>\n\t\t<\/div>\n\t\t\t\t\t\t<\/div>\n\t\t\t\t<\/div>\n\t\t\t\t\t<\/div>\n\t\t<\/div>\n\t\t\t\t\t<\/div>\n\t\t<\/section>\n\t\t\t\t<section class=\"elementor-section elementor-top-section elementor-element elementor-element-af54ec6 elementor-section-stretched elementor-section-boxed elementor-section-height-default elementor-section-height-default wpr-particle-no wpr-jarallax-no wpr-parallax-no wpr-sticky-section-no wpr-equal-height-no\" data-id=\"af54ec6\" data-element_type=\"section\" data-e-type=\"section\" data-settings=\"{&quot;stretch_section&quot;:&quot;section-stretched&quot;,&quot;background_background&quot;:&quot;classic&quot;}\">\n\t\t\t\t\t\t<div class=\"elementor-container elementor-column-gap-default\">\n\t\t\t\t\t<div class=\"elementor-column elementor-col-100 elementor-top-column elementor-element elementor-element-a2d05b5\" data-id=\"a2d05b5\" data-element_type=\"column\" data-e-type=\"column\">\n\t\t\t<div class=\"elementor-widget-wrap elementor-element-populated\">\n\t\t\t\t\t\t<div class=\"elementor-element elementor-element-5e5428a elementor-widget elementor-widget-heading\" data-id=\"5e5428a\" data-element_type=\"widget\" data-e-type=\"widget\" data-widget_type=\"heading.default\">\n\t\t\t\t<div class=\"elementor-widget-container\">\n\t\t\t\t\t<h3 class=\"elementor-heading-title elementor-size-default\">We are Mexicans, the program that helps you to return home<\/h3>\t\t\t\t<\/div>\n\t\t\t\t<\/div>\n\t\t\t\t<div class=\"elementor-element elementor-element-e720ce3 elementor-widget elementor-widget-text-editor\" data-id=\"e720ce3\" data-element_type=\"widget\" data-e-type=\"widget\" data-widget_type=\"text-editor.default\">\n\t\t\t\t<div class=\"elementor-widget-container\">\n\t\t\t\t\t\t\t\t\t<p>El Instituto Nacional de Migraci\u00f3n (INM) facilita tu repatriaci\u00f3n. En la secci\u00f3n <strong>\u201cApoyos Sociales\u201d<\/strong> encontrar\u00e1s una <a href=\"https:\/\/accesolatino.org\/wp-content\/uploads\/2020\/09\/Infografi_a_Somos_Mex_FINAL.pdfMex_FINAL.pdf\" target=\"_blank\" rel=\"noopener\">infograf\u00eda<\/a> en la que se explican los pasos necesarios para tu reintegraci\u00f3n social, ya sea voluntaria o involuntariamente.\u00a0<\/p><p>Si decides volver voluntariamente, lo primero que tienes que hacer es acudir a la Embajada o Consulado m\u00e1s cercano de la Secretar\u00eda de Relaciones Exteriores (SRE), donde recibir\u00e1s informaci\u00f3n sobre c\u00f3mo regresar de manera segura y de los apoyos a los que puedes acceder cuando llegues a tu comunidad.<\/p><p>En caso de que las autoridades americanas sean las encargadas de tu retorno, personal del INM te recibir\u00e1 y comentar\u00e1 acerca del programa y sus beneficios. Los cuales son: servicios de alimentaci\u00f3n y salud, documentos de identidad y opciones laborales, por mencionar s\u00f3lo algunos.\u00a0<\/p><p>Ya estando en casa, el INM te auxiliar\u00e1 a recuperar tus objetos perdidos, alternativas para continuar con tus estudios, etc.\u00a0<\/p><p>Para cualquier duda, puedes comunicarte a los tel\u00e9fonos que hallar\u00e1s en ese apartado.\u00a0<\/p>\t\t\t\t\t\t\t\t<\/div>\n\t\t\t\t<\/div>\n\t\t\t\t<div class=\"elementor-element elementor-element-48a03de elementor-widget elementor-widget-spacer\" data-id=\"48a03de\" data-element_type=\"widget\" data-e-type=\"widget\" data-widget_type=\"spacer.default\">\n\t\t\t\t<div class=\"elementor-widget-container\">\n\t\t\t\t\t\t\t<div class=\"elementor-spacer\">\n\t\t\t<div class=\"elementor-spacer-inner\"><\/div>\n\t\t<\/div>\n\t\t\t\t\t\t<\/div>\n\t\t\t\t<\/div>\n\t\t\t\t\t<\/div>\n\t\t<\/div>\n\t\t\t\t\t<\/div>\n\t\t<\/section>\n\t\t\t\t<\/div>","protected":false},"excerpt":{"rendered":"<p>Apoyos Sociales Somos mexicanos, el programa que te ayuda en tu regreso a casa El Instituto Nacional de Migraci\u00f3n (INM) facilita tu repatriaci\u00f3n. En la secci\u00f3n \u201cApoyos Sociales\u201d encontrar\u00e1s una infograf\u00eda en la que se explican los pasos necesarios para tu reintegraci\u00f3n social, ya sea voluntaria o involuntariamente.\u00a0 Si decides volver voluntariamente, lo primero que tienes que hacer es acudir a la Embajada o Consulado m\u00e1s cercano de la Secretar\u00eda de Relaciones Exteriores (SRE), donde recibir\u00e1s informaci\u00f3n sobre c\u00f3mo regresar de manera segura y de los apoyos a los que puedes acceder cuando llegues a tu comunidad. En caso de que las autoridades americanas sean las encargadas de tu retorno, personal del INM te recibir\u00e1 y comentar\u00e1 acerca del programa y sus beneficios. Los cuales son: servicios de alimentaci\u00f3n y salud, documentos de identidad y opciones laborales, por mencionar s\u00f3lo algunos.\u00a0 Ya estando en casa, el INM te auxiliar\u00e1 a recuperar tus objetos perdidos, alternativas para continuar con tus estudios, etc.\u00a0 Para cualquier duda, puedes comunicarte a los tel\u00e9fonos que hallar\u00e1s en ese apartado.\u00a0<\/p>","protected":false},"author":6,"featured_media":22691,"parent":1435,"menu_order":0,"comment_status":"closed","ping_status":"closed","template":"elementor_header_footer","meta":{"_uf_show_specific_survey":0,"_uf_disable_surveys":false,"footnotes":""},"class_list":["post-22698","page","type-page","status-publish","has-post-thumbnail"],"aioseo_notices":[],"yoast_head":"<!-- This site is optimized with the Yoast SEO plugin v27.5 - https:\/\/yoast.com\/product\/yoast-seo-wordpress\/ -->\n<title>Somos mexicanos, el programa que te ayuda en tu regreso a casa<\/title>\n<meta name=\"description\" content=\"Conoce las diferentes formas en las que los migrantes se pueden ver beneficiados en Estados Unidos - Acceso Latino\" \/>\n<meta name=\"robots\" content=\"index, follow, max-snippet:-1, max-image-preview:large, max-video-preview:-1\" \/>\n<link rel=\"canonical\" href=\"https:\/\/accesolatino.org\/en\/apoyos-sociales\/somos-mexicanos-el-programa-que-te-ayuda-en-tu-regreso-a-casa\/\" \/>\n<meta property=\"og:locale\" content=\"en_US\" \/>\n<meta property=\"og:type\" content=\"article\" \/>\n<meta property=\"og:title\" content=\"Acceso Latino | Somos mexicanos, el programa que te ayuda en tu regreso a casa\" \/>\n<meta property=\"og:description\" content=\"Conoce las diferentes formas en las que los migrantes se pueden ver beneficiados en USA\" \/>\n<meta property=\"og:url\" content=\"https:\/\/accesolatino.org\/en\/apoyos-sociales\/somos-mexicanos-el-programa-que-te-ayuda-en-tu-regreso-a-casa\/\" \/>\n<meta property=\"og:site_name\" content=\"Acceso Latino\" \/>\n<meta property=\"article:publisher\" content=\"https:\/\/www.facebook.com\/AccesoLatinoOrg\" \/>\n<meta property=\"article:modified_time\" content=\"2025-10-13T19:11:19+00:00\" \/>\n<meta property=\"og:image\" content=\"https:\/\/accesolatino.org\/wp-content\/uploads\/2020\/09\/Somos-mexicanos-el-programa-que-te-ayuda-en-tu-regreso-a-casa.jpg\" \/>\n\t<meta property=\"og:image:width\" content=\"600\" \/>\n\t<meta property=\"og:image:height\" content=\"336\" \/>\n\t<meta property=\"og:image:type\" content=\"image\/jpeg\" \/>\n<meta name=\"twitter:card\" content=\"summary_large_image\" \/>\n<meta name=\"twitter:title\" content=\"Acceso Latino | Somos mexicanos, el programa que te ayuda en tu regreso a casa\" \/>\n<meta name=\"twitter:description\" content=\"Conoce las diferentes formas en las que los migrantes se pueden ver beneficiados en USA\" \/>\n<meta name=\"twitter:image\" content=\"https:\/\/accesolatino.org\/wp-content\/uploads\/2020\/09\/Somos-mexicanos-el-programa-que-te-ayuda-en-tu-regreso-a-casa.jpg\" \/>\n<meta name=\"twitter:site\" content=\"@FAccLatino\" \/>\n<meta name=\"twitter:label1\" content=\"Est. reading time\" \/>\n\t<meta name=\"twitter:data1\" content=\"1 minute\" \/>\n<script type=\"application\/ld+json\" class=\"yoast-schema-graph\">{\"@context\":\"https:\\\/\\\/schema.org\",\"@graph\":[{\"@type\":\"WebPage\",\"@id\":\"https:\\\/\\\/accesolatino.org\\\/apoyos-sociales\\\/somos-mexicanos-el-programa-que-te-ayuda-en-tu-regreso-a-casa\\\/\",\"url\":\"https:\\\/\\\/accesolatino.org\\\/apoyos-sociales\\\/somos-mexicanos-el-programa-que-te-ayuda-en-tu-regreso-a-casa\\\/\",\"name\":\"Somos mexicanos, el programa que te ayuda en tu regreso a casa\",\"isPartOf\":{\"@id\":\"https:\\\/\\\/accesolatino.org\\\/#website\"},\"primaryImageOfPage\":{\"@id\":\"https:\\\/\\\/accesolatino.org\\\/apoyos-sociales\\\/somos-mexicanos-el-programa-que-te-ayuda-en-tu-regreso-a-casa\\\/#primaryimage\"},\"image\":{\"@id\":\"https:\\\/\\\/accesolatino.org\\\/apoyos-sociales\\\/somos-mexicanos-el-programa-que-te-ayuda-en-tu-regreso-a-casa\\\/#primaryimage\"},\"thumbnailUrl\":\"https:\\\/\\\/accesolatino.org\\\/wp-content\\\/uploads\\\/2020\\\/09\\\/Somos-mexicanos-el-programa-que-te-ayuda-en-tu-regreso-a-casa.jpg\",\"datePublished\":\"2020-09-03T16:55:14+00:00\",\"dateModified\":\"2025-10-13T19:11:19+00:00\",\"description\":\"Conoce las diferentes formas en las que los migrantes se pueden ver beneficiados en Estados Unidos - Acceso Latino\",\"breadcrumb\":{\"@id\":\"https:\\\/\\\/accesolatino.org\\\/apoyos-sociales\\\/somos-mexicanos-el-programa-que-te-ayuda-en-tu-regreso-a-casa\\\/#breadcrumb\"},\"inLanguage\":\"en-US\",\"potentialAction\":[{\"@type\":\"ReadAction\",\"target\":[\"https:\\\/\\\/accesolatino.org\\\/apoyos-sociales\\\/somos-mexicanos-el-programa-que-te-ayuda-en-tu-regreso-a-casa\\\/\"]}]},{\"@type\":\"ImageObject\",\"inLanguage\":\"en-US\",\"@id\":\"https:\\\/\\\/accesolatino.org\\\/apoyos-sociales\\\/somos-mexicanos-el-programa-que-te-ayuda-en-tu-regreso-a-casa\\\/#primaryimage\",\"url\":\"https:\\\/\\\/accesolatino.org\\\/wp-content\\\/uploads\\\/2020\\\/09\\\/Somos-mexicanos-el-programa-que-te-ayuda-en-tu-regreso-a-casa.jpg\",\"contentUrl\":\"https:\\\/\\\/accesolatino.org\\\/wp-content\\\/uploads\\\/2020\\\/09\\\/Somos-mexicanos-el-programa-que-te-ayuda-en-tu-regreso-a-casa.jpg\",\"width\":600,\"height\":336,\"caption\":\"Somos mexicanos\"},{\"@type\":\"BreadcrumbList\",\"@id\":\"https:\\\/\\\/accesolatino.org\\\/apoyos-sociales\\\/somos-mexicanos-el-programa-que-te-ayuda-en-tu-regreso-a-casa\\\/#breadcrumb\",\"itemListElement\":[{\"@type\":\"ListItem\",\"position\":1,\"name\":\"Portada\",\"item\":\"https:\\\/\\\/accesolatino.org\\\/\"},{\"@type\":\"ListItem\",\"position\":2,\"name\":\"Apoyos Sociales\",\"item\":\"https:\\\/\\\/accesolatino.org\\\/en\\\/apoyos-sociales\\\/\"},{\"@type\":\"ListItem\",\"position\":3,\"name\":\"Somos mexicanos, el programa que te ayuda en tu regreso a casa\"}]},{\"@type\":\"WebSite\",\"@id\":\"https:\\\/\\\/accesolatino.org\\\/#website\",\"url\":\"https:\\\/\\\/accesolatino.org\\\/\",\"name\":\"Acceso Latino | Fundaci\u00f3n Carlos Slim\",\"description\":\"Fundaci\u00f3n Carlos Slim\",\"publisher\":{\"@id\":\"https:\\\/\\\/accesolatino.org\\\/#organization\"},\"potentialAction\":[{\"@type\":\"SearchAction\",\"target\":{\"@type\":\"EntryPoint\",\"urlTemplate\":\"https:\\\/\\\/accesolatino.org\\\/?s={search_term_string}\"},\"query-input\":{\"@type\":\"PropertyValueSpecification\",\"valueRequired\":true,\"valueName\":\"search_term_string\"}}],\"inLanguage\":\"en-US\"},{\"@type\":\"Organization\",\"@id\":\"https:\\\/\\\/accesolatino.org\\\/#organization\",\"name\":\"Acceso Latino | Fundaci\u00f3n Carlos Slim\",\"url\":\"https:\\\/\\\/accesolatino.org\\\/\",\"logo\":{\"@type\":\"ImageObject\",\"inLanguage\":\"en-US\",\"@id\":\"https:\\\/\\\/accesolatino.org\\\/#\\\/schema\\\/logo\\\/image\\\/\",\"url\":\"https:\\\/\\\/accesolatino.org\\\/wp-content\\\/uploads\\\/2021\\\/02\\\/logo-footer-acceso-latino.png\",\"contentUrl\":\"https:\\\/\\\/accesolatino.org\\\/wp-content\\\/uploads\\\/2021\\\/02\\\/logo-footer-acceso-latino.png\",\"width\":240,\"height\":40,\"caption\":\"Acceso Latino | Fundaci\u00f3n Carlos Slim\"},\"image\":{\"@id\":\"https:\\\/\\\/accesolatino.org\\\/#\\\/schema\\\/logo\\\/image\\\/\"},\"sameAs\":[\"https:\\\/\\\/www.facebook.com\\\/AccesoLatinoOrg\",\"https:\\\/\\\/x.com\\\/FAccLatino\"]}]}<\/script>\n<!-- \/ Yoast SEO plugin. -->","yoast_head_json":{"title":"We are Mexicans, the program that helps you to return home","description":"Conoce las diferentes formas en las que los migrantes se pueden ver beneficiados en Estados Unidos - Acceso Latino","robots":{"index":"index","follow":"follow","max-snippet":"max-snippet:-1","max-image-preview":"max-image-preview:large","max-video-preview":"max-video-preview:-1"},"canonical":"https:\/\/accesolatino.org\/en\/apoyos-sociales\/somos-mexicanos-el-programa-que-te-ayuda-en-tu-regreso-a-casa\/","og_locale":"en_US","og_type":"article","og_title":"Acceso Latino | Somos mexicanos, el programa que te ayuda en tu regreso a casa","og_description":"Conoce las diferentes formas en las que los migrantes se pueden ver beneficiados en USA","og_url":"https:\/\/accesolatino.org\/en\/apoyos-sociales\/somos-mexicanos-el-programa-que-te-ayuda-en-tu-regreso-a-casa\/","og_site_name":"Acceso Latino","article_publisher":"https:\/\/www.facebook.com\/AccesoLatinoOrg","article_modified_time":"2025-10-13T19:11:19+00:00","og_image":[{"width":600,"height":336,"url":"https:\/\/accesolatino.org\/wp-content\/uploads\/2020\/09\/Somos-mexicanos-el-programa-que-te-ayuda-en-tu-regreso-a-casa.jpg","type":"image\/jpeg"}],"twitter_card":"summary_large_image","twitter_title":"Acceso Latino | Somos mexicanos, el programa que te ayuda en tu regreso a casa","twitter_description":"Conoce las diferentes formas en las que los migrantes se pueden ver beneficiados en USA","twitter_image":"https:\/\/accesolatino.org\/wp-content\/uploads\/2020\/09\/Somos-mexicanos-el-programa-que-te-ayuda-en-tu-regreso-a-casa.jpg","twitter_site":"@FAccLatino","twitter_misc":{"Est. reading time":"1 minute"},"schema":{"@context":"https:\/\/schema.org","@graph":[{"@type":"WebPage","@id":"https:\/\/accesolatino.org\/apoyos-sociales\/somos-mexicanos-el-programa-que-te-ayuda-en-tu-regreso-a-casa\/","url":"https:\/\/accesolatino.org\/apoyos-sociales\/somos-mexicanos-el-programa-que-te-ayuda-en-tu-regreso-a-casa\/","name":"We are Mexicans, the program that helps you to return home","isPartOf":{"@id":"https:\/\/accesolatino.org\/#website"},"primaryImageOfPage":{"@id":"https:\/\/accesolatino.org\/apoyos-sociales\/somos-mexicanos-el-programa-que-te-ayuda-en-tu-regreso-a-casa\/#primaryimage"},"image":{"@id":"https:\/\/accesolatino.org\/apoyos-sociales\/somos-mexicanos-el-programa-que-te-ayuda-en-tu-regreso-a-casa\/#primaryimage"},"thumbnailUrl":"https:\/\/accesolatino.org\/wp-content\/uploads\/2020\/09\/Somos-mexicanos-el-programa-que-te-ayuda-en-tu-regreso-a-casa.jpg","datePublished":"2020-09-03T16:55:14+00:00","dateModified":"2025-10-13T19:11:19+00:00","description":"Conoce las diferentes formas en las que los migrantes se pueden ver beneficiados en Estados Unidos - Acceso Latino","breadcrumb":{"@id":"https:\/\/accesolatino.org\/apoyos-sociales\/somos-mexicanos-el-programa-que-te-ayuda-en-tu-regreso-a-casa\/#breadcrumb"},"inLanguage":"en-US","potentialAction":[{"@type":"ReadAction","target":["https:\/\/accesolatino.org\/apoyos-sociales\/somos-mexicanos-el-programa-que-te-ayuda-en-tu-regreso-a-casa\/"]}]},{"@type":"ImageObject","inLanguage":"en-US","@id":"https:\/\/accesolatino.org\/apoyos-sociales\/somos-mexicanos-el-programa-que-te-ayuda-en-tu-regreso-a-casa\/#primaryimage","url":"https:\/\/accesolatino.org\/wp-content\/uploads\/2020\/09\/Somos-mexicanos-el-programa-que-te-ayuda-en-tu-regreso-a-casa.jpg","contentUrl":"https:\/\/accesolatino.org\/wp-content\/uploads\/2020\/09\/Somos-mexicanos-el-programa-que-te-ayuda-en-tu-regreso-a-casa.jpg","width":600,"height":336,"caption":"Somos mexicanos"},{"@type":"BreadcrumbList","@id":"https:\/\/accesolatino.org\/apoyos-sociales\/somos-mexicanos-el-programa-que-te-ayuda-en-tu-regreso-a-casa\/#breadcrumb","itemListElement":[{"@type":"ListItem","position":1,"name":"Portada","item":"https:\/\/accesolatino.org\/"},{"@type":"ListItem","position":2,"name":"Apoyos Sociales","item":"https:\/\/accesolatino.org\/en\/apoyos-sociales\/"},{"@type":"ListItem","position":3,"name":"Somos mexicanos, el programa que te ayuda en tu regreso a casa"}]},{"@type":"WebSite","@id":"https:\/\/accesolatino.org\/#website","url":"https:\/\/accesolatino.org\/","name":"Acceso Latino | Fundaci\u00f3n Carlos Slim","description":"Fundaci\u00f3n Carlos Slim","publisher":{"@id":"https:\/\/accesolatino.org\/#organization"},"potentialAction":[{"@type":"SearchAction","target":{"@type":"EntryPoint","urlTemplate":"https:\/\/accesolatino.org\/?s={search_term_string}"},"query-input":{"@type":"PropertyValueSpecification","valueRequired":true,"valueName":"search_term_string"}}],"inLanguage":"en-US"},{"@type":"Organization","@id":"https:\/\/accesolatino.org\/#organization","name":"Acceso Latino | Fundaci\u00f3n Carlos Slim","url":"https:\/\/accesolatino.org\/","logo":{"@type":"ImageObject","inLanguage":"en-US","@id":"https:\/\/accesolatino.org\/#\/schema\/logo\/image\/","url":"https:\/\/accesolatino.org\/wp-content\/uploads\/2021\/02\/logo-footer-acceso-latino.png","contentUrl":"https:\/\/accesolatino.org\/wp-content\/uploads\/2021\/02\/logo-footer-acceso-latino.png","width":240,"height":40,"caption":"Acceso Latino | Fundaci\u00f3n Carlos Slim"},"image":{"@id":"https:\/\/accesolatino.org\/#\/schema\/logo\/image\/"},"sameAs":["https:\/\/www.facebook.com\/AccesoLatinoOrg","https:\/\/x.com\/FAccLatino"]}]}},"_links":{"self":[{"href":"https:\/\/accesolatino.org\/en\/wp-json\/wp\/v2\/pages\/22698","targetHints":{"allow":["GET"]}}],"collection":[{"href":"https:\/\/accesolatino.org\/en\/wp-json\/wp\/v2\/pages"}],"about":[{"href":"https:\/\/accesolatino.org\/en\/wp-json\/wp\/v2\/types\/page"}],"author":[{"embeddable":true,"href":"https:\/\/accesolatino.org\/en\/wp-json\/wp\/v2\/users\/6"}],"replies":[{"embeddable":true,"href":"https:\/\/accesolatino.org\/en\/wp-json\/wp\/v2\/comments?post=22698"}],"version-history":[{"count":1,"href":"https:\/\/accesolatino.org\/en\/wp-json\/wp\/v2\/pages\/22698\/revisions"}],"predecessor-version":[{"id":63936,"href":"https:\/\/accesolatino.org\/en\/wp-json\/wp\/v2\/pages\/22698\/revisions\/63936"}],"up":[{"embeddable":true,"href":"https:\/\/accesolatino.org\/en\/wp-json\/wp\/v2\/pages\/1435"}],"wp:featuredmedia":[{"embeddable":true,"href":"https:\/\/accesolatino.org\/en\/wp-json\/wp\/v2\/media\/22691"}],"wp:attachment":[{"href":"https:\/\/accesolatino.org\/en\/wp-json\/wp\/v2\/media?parent=22698"}],"curies":[{"name":"wp","href":"https:\/\/api.w.org\/{rel}","templated":true}]}}