{"id":22685,"date":"2020-09-01T17:16:20","date_gmt":"2020-09-01T22:16:20","guid":{"rendered":"https:\/\/accesolatino.org\/?page_id=22685"},"modified":"2025-10-16T12:18:23","modified_gmt":"2025-10-16T18:18:23","slug":"quieres-sacar-tu-licencia-acceso-latino-te-dice-como","status":"publish","type":"page","link":"https:\/\/accesolatino.org\/en\/quieres-sacar-tu-licencia-acceso-latino-te-dice-como\/","title":{"rendered":"Want to get your license? Acceso Latino tells you how"},"content":{"rendered":"<div data-elementor-type=\"wp-post\" data-elementor-id=\"22685\" class=\"elementor elementor-22685\">\n\t\t\t\t\t\t<section class=\"elementor-section elementor-top-section elementor-element elementor-element-3c505dd elementor-section-full_width elementor-section-height-min-height elementor-section-items-stretch elementor-section-height-default wpr-particle-no wpr-jarallax-no wpr-parallax-no wpr-sticky-section-no\" data-id=\"3c505dd\" data-element_type=\"section\" data-e-type=\"section\" data-settings=\"{&quot;background_background&quot;:&quot;classic&quot;}\">\n\t\t\t\t\t\t<div class=\"elementor-container elementor-column-gap-no\">\n\t\t\t\t\t<div class=\"elementor-column elementor-col-100 elementor-top-column elementor-element elementor-element-d8fa749\" data-id=\"d8fa749\" data-element_type=\"column\" data-e-type=\"column\">\n\t\t\t<div class=\"elementor-widget-wrap elementor-element-populated\">\n\t\t\t\t\t\t<div class=\"elementor-element elementor-element-0adf5bd elementor--h-position-center elementor--v-position-middle elementor-widget elementor-widget-slides\" data-id=\"0adf5bd\" data-element_type=\"widget\" data-e-type=\"widget\" data-settings=\"{&quot;navigation&quot;:&quot;none&quot;,&quot;infinite&quot;:&quot;yes&quot;,&quot;transition&quot;:&quot;slide&quot;,&quot;transition_speed&quot;:500}\" data-widget_type=\"slides.default\">\n\t\t\t\t<div class=\"elementor-widget-container\">\n\t\t\t\t\t\t\t<div class=\"elementor-swiper\">\n\t\t\t<div class=\"elementor-slides-wrapper elementor-main-swiper swiper-container\" dir=\"ltr\" data-animation=\"\">\n\t\t\t\t<div class=\"swiper-wrapper elementor-slides\">\n\t\t\t\t\t\t\t\t\t\t<div class=\"elementor-repeater-item-d983a28 swiper-slide\"><div class=\"swiper-slide-bg\"><\/div><div class=\"swiper-slide-inner\" ><div class=\"swiper-slide-contents\"><div class=\"elementor-slide-heading\">Processing of Licenses<\/div><\/div><\/div><\/div>\t\t\t\t<\/div>\n\t\t\t\t\t\t\t<\/div>\n\t\t<\/div>\n\t\t\t\t\t\t<\/div>\n\t\t\t\t<\/div>\n\t\t\t\t\t<\/div>\n\t\t<\/div>\n\t\t\t\t\t<\/div>\n\t\t<\/section>\n\t\t\t\t<section class=\"elementor-section elementor-top-section elementor-element elementor-element-5fc8d9b elementor-section-stretched elementor-section-boxed elementor-section-height-default elementor-section-height-default wpr-particle-no wpr-jarallax-no wpr-parallax-no wpr-sticky-section-no\" data-id=\"5fc8d9b\" data-element_type=\"section\" data-e-type=\"section\" data-settings=\"{&quot;stretch_section&quot;:&quot;section-stretched&quot;,&quot;background_background&quot;:&quot;classic&quot;}\">\n\t\t\t\t\t\t<div class=\"elementor-container elementor-column-gap-default\">\n\t\t\t\t\t<div class=\"elementor-column elementor-col-100 elementor-top-column elementor-element elementor-element-aa64385\" data-id=\"aa64385\" data-element_type=\"column\" data-e-type=\"column\">\n\t\t\t<div class=\"elementor-widget-wrap elementor-element-populated\">\n\t\t\t\t\t\t<div class=\"elementor-element elementor-element-ea457e3 elementor-widget elementor-widget-heading\" data-id=\"ea457e3\" data-element_type=\"widget\" data-e-type=\"widget\" data-widget_type=\"heading.default\">\n\t\t\t\t<div class=\"elementor-widget-container\">\n\t\t\t\t\t<h3 class=\"elementor-heading-title elementor-size-default\">Want to get your license? Acceso Latino tells you how<\/h3>\t\t\t\t<\/div>\n\t\t\t\t<\/div>\n\t\t\t\t<div class=\"elementor-element elementor-element-0bd9e89 elementor-widget elementor-widget-text-editor\" data-id=\"0bd9e89\" data-element_type=\"widget\" data-e-type=\"widget\" data-widget_type=\"text-editor.default\">\n\t\t\t\t<div class=\"elementor-widget-container\">\n\t\t\t\t\t\t\t\t\t<p>\u00bfPiensas que por no contar con papeles no puedes sacar tu licencia para conducir? Acceso Latino en la secci\u00f3n <a href=\"https:\/\/accesolatino.org\/en\/licencias\/\">Licencias de Manejo<\/a>, te presenta los requisitos para obtenerla sin ning\u00fan problema, de acuerdo al estado en el que vivas.<\/p><p>Los siguientes estados de la Uni\u00f3n Americana permiten expedir licencias a\u00fan sin que tengas documentos que acrediten tu estancia legal:<\/p><p><strong>California:<\/strong> re\u00fane los documentos para hacer el tr\u00e1mite; encuentra el Manual del automovilista 2019 en espa\u00f1ol para prepararte para el examen; haz una cita ya sea por internet o por tel\u00e9fono, y al llegar llena la Solicitud de Licencia de Manejar, la cual se te entregar\u00e1 en la oficina m\u00e1s cercana.<\/p><p><strong>Colorado:<\/strong> ten a la mano los documentos que te piden; descarga el manual para prepararte para el examen (disponible en espa\u00f1ol); solicita la cita por internet o tel\u00e9fono; y pres\u00e9ntate a hacer el examen, pero antes deber\u00e1s aprobar el de la vista y el te\u00f3rico; por \u00faltimo deber\u00e1s pagar US$14 para tener un Permiso de instrucci\u00f3n que te permitir\u00e1 presentar el examen de manejo.<\/p><p><strong>Connecticut:<\/strong> junta los documentos necesarios (si no est\u00e1n en ingl\u00e9s, un traductor deber\u00e1 traducirlos); estudia para el examen en la p\u00e1gina del DMV estatal (la informaci\u00f3n se encuentra en ingl\u00e9s); haz tu cita en l\u00ednea y lleva contigo una declaraci\u00f3n jurada en la que te solicita legalizar tu estatus migratorio (ellos mismos te ayudan); presenta los documentos en la cita; una vez aprobados el examen de conocimientos y verificados tus antecedentes penales y de conducci\u00f3n en el estado, al ser una licencia nueva, Connecticut te pedir\u00e1 tomar un curso de conducci\u00f3n segura para as\u00ed tener tu licencia.<\/p><p><strong>Maryland:<\/strong> lleva contigo una identificaci\u00f3n, como pasaporte vigente o ID consular de M\u00e9xico, Guatemala o Ecuador; dos comprobantes de domicilio (contrato de alquiler, cuenta bancaria, boleta de agua, etc.); prueba de que pagaste los impuestos del estado en los \u00faltimos dos a\u00f1os. Despu\u00e9s deber\u00e1s hacer un examen te\u00f3rico y otro pr\u00e1ctico; saca tu cita en l\u00ednea, y por \u00faltimo, si est\u00e1s solicitando un permiso de conducir para principiantes (Learner\u2019s Permit), debes realizar la prueba de habilidades, pero si solamente est\u00e1s intercambiando una licencia de otro pa\u00eds, deber\u00e1s completar un curso de 3 horas de conocimientos.<\/p><p><strong>Nevada:<\/strong> la p\u00e1gina del estado te explica en espa\u00f1ol los documentos necesarios para hacer el tr\u00e1mite; estudia para el examen con el ejemplo de examen te\u00f3rico proporcionado por el DMV, al igual que el Manual del Conductor de Nevada 2018; saca una cita por l\u00ednea, y finalmente completa tu solicitud (encontrar\u00e1s ayuda en la misma p\u00e1gina).<\/p><p><strong>Nuevo M\u00e9xico:<\/strong> junta los documentos que se necesitan, estudia para el examen con el Manual del Automovilista de Nuevo M\u00e9xico y practica el examen te\u00f3rico; haz tu cita en l\u00ednea, y acude a tu oficina m\u00e1s cercana donde te realizar\u00e1n un examen de la vista, el examen te\u00f3rico y el pr\u00e1ctico.<\/p><p><strong>Rhode Island:<\/strong> consigue los documentos para hacer el tr\u00e1mite y estudia (en el Manual de conducci\u00f3n en espa\u00f1ol se encuentran); agenda tu cita en l\u00ednea; asiste a la cita y pasa los ex\u00e1menes de visi\u00f3n, te\u00f3rico y pr\u00e1ctico.<\/p><p><strong>Utah:<\/strong> re\u00fane los documentos los cuales deber\u00e1n estar traducidos al ingl\u00e9s (en la p\u00e1gina se encuentran traductores certificados); estudia para el examen y practica en la p\u00e1gina del DMV; haz una cita en l\u00ednea o directamente en una oficina, y acude a ella llevando contigo una licencia de otro estado o pa\u00eds (esto es para demostrar que ya has manejado antes), aprobar los ex\u00e1menes de vista, te\u00f3rico y pr\u00e1ctico, y completar un cuestionario m\u00e9dico.<\/p><p><strong>Washington:<\/strong> en la p\u00e1gina del estado se encuentran los documentos que debes presentar, estudia el Manual del Conductor en espa\u00f1ol para presentar los ex\u00e1menes te\u00f3ricos y pr\u00e1cticos; llena la pre-solicitud en l\u00ednea, y asiste a la oficina.<\/p><p><strong>Washington D.C.:<\/strong> en la p\u00e1gina de la capital del pa\u00eds encontrar\u00e1s los documentos requeridos para hacer tu tr\u00e1mite; estudia para los ex\u00e1menes pr\u00e1cticos y te\u00f3ricos; agenda tu cita, y pasa los ex\u00e1menes de visi\u00f3n, te\u00f3rico y pr\u00e1ctico.<\/p>\t\t\t\t\t\t\t\t<\/div>\n\t\t\t\t<\/div>\n\t\t\t\t<div class=\"elementor-element elementor-element-307629a elementor-widget elementor-widget-spacer\" data-id=\"307629a\" data-element_type=\"widget\" data-e-type=\"widget\" data-widget_type=\"spacer.default\">\n\t\t\t\t<div class=\"elementor-widget-container\">\n\t\t\t\t\t\t\t<div class=\"elementor-spacer\">\n\t\t\t<div class=\"elementor-spacer-inner\"><\/div>\n\t\t<\/div>\n\t\t\t\t\t\t<\/div>\n\t\t\t\t<\/div>\n\t\t\t\t\t<\/div>\n\t\t<\/div>\n\t\t\t\t\t<\/div>\n\t\t<\/section>\n\t\t\t\t<\/div>","protected":false},"excerpt":{"rendered":"<p>Tr\u00e1mite de Licencias \u00bfQuieres sacar tu licencia? Acceso Latino te dice c\u00f3mo \u00bfPiensas que por no contar con papeles no puedes sacar tu licencia para conducir? Acceso Latino en la secci\u00f3n Licencias de Manejo, te presenta los requisitos para obtenerla sin ning\u00fan problema, de acuerdo al estado en el que vivas. Los siguientes estados de la Uni\u00f3n Americana permiten expedir licencias a\u00fan sin que tengas documentos que acrediten tu estancia legal: California: re\u00fane los documentos para hacer el tr\u00e1mite; encuentra el Manual del automovilista 2019 en espa\u00f1ol para prepararte para el examen; haz una cita ya sea por internet o por tel\u00e9fono, y al llegar llena la Solicitud de Licencia de Manejar, la cual se te entregar\u00e1 en la oficina m\u00e1s cercana. Colorado: ten a la mano los documentos que te piden; descarga el manual para prepararte para el examen (disponible en espa\u00f1ol); solicita la cita por internet o tel\u00e9fono; y pres\u00e9ntate a hacer el examen, pero antes deber\u00e1s aprobar el de la vista y el te\u00f3rico; por \u00faltimo deber\u00e1s pagar US$14 para tener un Permiso de instrucci\u00f3n que te permitir\u00e1 presentar el examen de manejo. Connecticut: junta los documentos necesarios (si no est\u00e1n en ingl\u00e9s, un traductor deber\u00e1 traducirlos); estudia para el examen en la p\u00e1gina del DMV estatal (la informaci\u00f3n se encuentra en ingl\u00e9s); haz tu cita en l\u00ednea y lleva contigo una declaraci\u00f3n jurada en la que te solicita legalizar tu estatus migratorio (ellos mismos te ayudan); presenta los documentos en la cita; una vez aprobados el examen de conocimientos y verificados tus antecedentes penales y de conducci\u00f3n en el estado, al ser una licencia nueva, Connecticut te pedir\u00e1 tomar un curso de conducci\u00f3n segura para as\u00ed tener tu licencia. Maryland: lleva contigo una identificaci\u00f3n, como pasaporte vigente o ID consular de M\u00e9xico, Guatemala o Ecuador; dos comprobantes de domicilio (contrato de alquiler, cuenta bancaria, boleta de agua, etc.); prueba de que pagaste los impuestos del estado en los \u00faltimos dos a\u00f1os. Despu\u00e9s deber\u00e1s hacer un examen te\u00f3rico y otro pr\u00e1ctico; saca tu cita en l\u00ednea, y por \u00faltimo, si est\u00e1s solicitando un permiso de conducir para principiantes (Learner\u2019s Permit), debes realizar la prueba de habilidades, pero si solamente est\u00e1s intercambiando una licencia de otro pa\u00eds, deber\u00e1s completar un curso de 3 horas de conocimientos. Nevada: la p\u00e1gina del estado te explica en espa\u00f1ol los documentos necesarios para hacer el tr\u00e1mite; estudia para el examen con el ejemplo de examen te\u00f3rico proporcionado por el DMV, al igual que el Manual del Conductor de Nevada 2018; saca una cita por l\u00ednea, y finalmente completa tu solicitud (encontrar\u00e1s ayuda en la misma p\u00e1gina). Nuevo M\u00e9xico: junta los documentos que se necesitan, estudia para el examen con el Manual del Automovilista de Nuevo M\u00e9xico y practica el examen te\u00f3rico; haz tu cita en l\u00ednea, y acude a tu oficina m\u00e1s cercana donde te realizar\u00e1n un examen de la vista, el examen te\u00f3rico y el pr\u00e1ctico. Rhode Island: consigue los documentos para hacer el tr\u00e1mite y estudia (en el Manual de conducci\u00f3n en espa\u00f1ol se encuentran); agenda tu cita en l\u00ednea; asiste a la cita y pasa los ex\u00e1menes de visi\u00f3n, te\u00f3rico y pr\u00e1ctico. Utah: re\u00fane los documentos los cuales deber\u00e1n estar traducidos al ingl\u00e9s (en la p\u00e1gina se encuentran traductores certificados); estudia para el examen y practica en la p\u00e1gina del DMV; haz una cita en l\u00ednea o directamente en una oficina, y acude a ella llevando contigo una licencia de otro estado o pa\u00eds (esto es para demostrar que ya has manejado antes), aprobar los ex\u00e1menes de vista, te\u00f3rico y pr\u00e1ctico, y completar un cuestionario m\u00e9dico. Washington: en la p\u00e1gina del estado se encuentran los documentos que debes presentar, estudia el Manual del Conductor en espa\u00f1ol para presentar los ex\u00e1menes te\u00f3ricos y pr\u00e1cticos; llena la pre-solicitud en l\u00ednea, y asiste a la oficina. Washington D.C.: en la p\u00e1gina de la capital del pa\u00eds encontrar\u00e1s los documentos requeridos para hacer tu tr\u00e1mite; estudia para los ex\u00e1menes pr\u00e1cticos y te\u00f3ricos; agenda tu cita, y pasa los ex\u00e1menes de visi\u00f3n, te\u00f3rico y pr\u00e1ctico.<\/p>","protected":false},"author":9,"featured_media":22676,"parent":0,"menu_order":0,"comment_status":"closed","ping_status":"closed","template":"elementor_header_footer","meta":{"_uf_show_specific_survey":0,"_uf_disable_surveys":false,"footnotes":""},"class_list":["post-22685","page","type-page","status-publish","has-post-thumbnail"],"aioseo_notices":[],"yoast_head":"<!-- This site is optimized with the Yoast SEO plugin v27.3 - https:\/\/yoast.com\/product\/yoast-seo-wordpress\/ -->\n<title>\u00bfQuieres sacar tu licencia? Acceso Latino te dice c\u00f3mo<\/title>\n<meta name=\"description\" content=\"\u00bfPiensas que por no contar con papeles no puedes sacar tu licencia para conducir? Acceso Latino en la secci\u00f3n Licencias de Manejo...\" \/>\n<meta name=\"robots\" content=\"index, follow, max-snippet:-1, max-image-preview:large, max-video-preview:-1\" \/>\n<link rel=\"canonical\" href=\"https:\/\/accesolatino.org\/en\/quieres-sacar-tu-licencia-acceso-latino-te-dice-como\/\" \/>\n<meta property=\"og:locale\" content=\"en_US\" \/>\n<meta property=\"og:type\" content=\"article\" \/>\n<meta property=\"og:title\" content=\"Acceso Latino | \u00bfQuieres sacar tu licencia? Acceso Latino te dice c\u00f3mo\" \/>\n<meta property=\"og:description\" content=\"Conoce las Instituciones que te pueden ser de ayuda en otros pa\u00edses.\" \/>\n<meta property=\"og:url\" content=\"https:\/\/accesolatino.org\/en\/quieres-sacar-tu-licencia-acceso-latino-te-dice-como\/\" \/>\n<meta property=\"og:site_name\" content=\"Acceso Latino\" \/>\n<meta property=\"article:publisher\" content=\"https:\/\/www.facebook.com\/AccesoLatinoOrg\" \/>\n<meta property=\"article:modified_time\" content=\"2025-10-16T18:18:23+00:00\" \/>\n<meta property=\"og:image\" content=\"https:\/\/accesolatino.org\/wp-content\/uploads\/2020\/09\/Quieres-sacar-tu-licencia-Acceso-Latino-te-dice-como.jpg\" \/>\n\t<meta property=\"og:image:width\" content=\"600\" \/>\n\t<meta property=\"og:image:height\" content=\"336\" \/>\n\t<meta property=\"og:image:type\" content=\"image\/jpeg\" \/>\n<meta name=\"twitter:card\" content=\"summary_large_image\" \/>\n<meta name=\"twitter:title\" content=\"Acceso Latino | \u00bfQuieres sacar tu licencia? Acceso Latino te dice c\u00f3mo\" \/>\n<meta name=\"twitter:description\" content=\"Conoce las Instituciones que te pueden ser de ayuda en otros pa\u00edses.\" \/>\n<meta name=\"twitter:image\" content=\"https:\/\/accesolatino.org\/wp-content\/uploads\/2020\/09\/Quieres-sacar-tu-licencia-Acceso-Latino-te-dice-como.jpg\" \/>\n<meta name=\"twitter:site\" content=\"@FAccLatino\" \/>\n<meta name=\"twitter:label1\" content=\"Est. reading time\" \/>\n\t<meta name=\"twitter:data1\" content=\"4 minutes\" \/>\n<script type=\"application\/ld+json\" class=\"yoast-schema-graph\">{\"@context\":\"https:\\\/\\\/schema.org\",\"@graph\":[{\"@type\":\"WebPage\",\"@id\":\"https:\\\/\\\/accesolatino.org\\\/en\\\/quieres-sacar-tu-licencia-acceso-latino-te-dice-como\\\/\",\"url\":\"https:\\\/\\\/accesolatino.org\\\/en\\\/quieres-sacar-tu-licencia-acceso-latino-te-dice-como\\\/\",\"name\":\"\u00bfQuieres sacar tu licencia? Acceso Latino te dice c\u00f3mo\",\"isPartOf\":{\"@id\":\"https:\\\/\\\/accesolatino.org\\\/#website\"},\"primaryImageOfPage\":{\"@id\":\"https:\\\/\\\/accesolatino.org\\\/en\\\/quieres-sacar-tu-licencia-acceso-latino-te-dice-como\\\/#primaryimage\"},\"image\":{\"@id\":\"https:\\\/\\\/accesolatino.org\\\/en\\\/quieres-sacar-tu-licencia-acceso-latino-te-dice-como\\\/#primaryimage\"},\"thumbnailUrl\":\"https:\\\/\\\/accesolatino.org\\\/wp-content\\\/uploads\\\/2020\\\/09\\\/Quieres-sacar-tu-licencia-Acceso-Latino-te-dice-como.jpg\",\"datePublished\":\"2020-09-01T22:16:20+00:00\",\"dateModified\":\"2025-10-16T18:18:23+00:00\",\"description\":\"\u00bfPiensas que por no contar con papeles no puedes sacar tu licencia para conducir? Acceso Latino en la secci\u00f3n Licencias de Manejo...\",\"breadcrumb\":{\"@id\":\"https:\\\/\\\/accesolatino.org\\\/en\\\/quieres-sacar-tu-licencia-acceso-latino-te-dice-como\\\/#breadcrumb\"},\"inLanguage\":\"en-US\",\"potentialAction\":[{\"@type\":\"ReadAction\",\"target\":[\"https:\\\/\\\/accesolatino.org\\\/en\\\/quieres-sacar-tu-licencia-acceso-latino-te-dice-como\\\/\"]}]},{\"@type\":\"ImageObject\",\"inLanguage\":\"en-US\",\"@id\":\"https:\\\/\\\/accesolatino.org\\\/en\\\/quieres-sacar-tu-licencia-acceso-latino-te-dice-como\\\/#primaryimage\",\"url\":\"https:\\\/\\\/accesolatino.org\\\/wp-content\\\/uploads\\\/2020\\\/09\\\/Quieres-sacar-tu-licencia-Acceso-Latino-te-dice-como.jpg\",\"contentUrl\":\"https:\\\/\\\/accesolatino.org\\\/wp-content\\\/uploads\\\/2020\\\/09\\\/Quieres-sacar-tu-licencia-Acceso-Latino-te-dice-como.jpg\",\"width\":600,\"height\":336,\"caption\":\"licencia\"},{\"@type\":\"BreadcrumbList\",\"@id\":\"https:\\\/\\\/accesolatino.org\\\/en\\\/quieres-sacar-tu-licencia-acceso-latino-te-dice-como\\\/#breadcrumb\",\"itemListElement\":[{\"@type\":\"ListItem\",\"position\":1,\"name\":\"Portada\",\"item\":\"https:\\\/\\\/accesolatino.org\\\/\"},{\"@type\":\"ListItem\",\"position\":2,\"name\":\"\u00bfQuieres sacar tu licencia? Acceso Latino te dice c\u00f3mo\"}]},{\"@type\":\"WebSite\",\"@id\":\"https:\\\/\\\/accesolatino.org\\\/#website\",\"url\":\"https:\\\/\\\/accesolatino.org\\\/\",\"name\":\"Acceso Latino | Fundaci\u00f3n Carlos Slim\",\"description\":\"Fundaci\u00f3n Carlos Slim\",\"publisher\":{\"@id\":\"https:\\\/\\\/accesolatino.org\\\/#organization\"},\"potentialAction\":[{\"@type\":\"SearchAction\",\"target\":{\"@type\":\"EntryPoint\",\"urlTemplate\":\"https:\\\/\\\/accesolatino.org\\\/?s={search_term_string}\"},\"query-input\":{\"@type\":\"PropertyValueSpecification\",\"valueRequired\":true,\"valueName\":\"search_term_string\"}}],\"inLanguage\":\"en-US\"},{\"@type\":\"Organization\",\"@id\":\"https:\\\/\\\/accesolatino.org\\\/#organization\",\"name\":\"Acceso Latino | Fundaci\u00f3n Carlos Slim\",\"url\":\"https:\\\/\\\/accesolatino.org\\\/\",\"logo\":{\"@type\":\"ImageObject\",\"inLanguage\":\"en-US\",\"@id\":\"https:\\\/\\\/accesolatino.org\\\/#\\\/schema\\\/logo\\\/image\\\/\",\"url\":\"https:\\\/\\\/accesolatino.org\\\/wp-content\\\/uploads\\\/2021\\\/02\\\/logo-footer-acceso-latino.png\",\"contentUrl\":\"https:\\\/\\\/accesolatino.org\\\/wp-content\\\/uploads\\\/2021\\\/02\\\/logo-footer-acceso-latino.png\",\"width\":240,\"height\":40,\"caption\":\"Acceso Latino | Fundaci\u00f3n Carlos Slim\"},\"image\":{\"@id\":\"https:\\\/\\\/accesolatino.org\\\/#\\\/schema\\\/logo\\\/image\\\/\"},\"sameAs\":[\"https:\\\/\\\/www.facebook.com\\\/AccesoLatinoOrg\",\"https:\\\/\\\/x.com\\\/FAccLatino\"]}]}<\/script>\n<!-- \/ Yoast SEO plugin. -->","yoast_head_json":{"title":"Want to get your license? Acceso Latino tells you how","description":"\u00bfPiensas que por no contar con papeles no puedes sacar tu licencia para conducir? Acceso Latino en la secci\u00f3n Licencias de Manejo...","robots":{"index":"index","follow":"follow","max-snippet":"max-snippet:-1","max-image-preview":"max-image-preview:large","max-video-preview":"max-video-preview:-1"},"canonical":"https:\/\/accesolatino.org\/en\/quieres-sacar-tu-licencia-acceso-latino-te-dice-como\/","og_locale":"en_US","og_type":"article","og_title":"Acceso Latino | \u00bfQuieres sacar tu licencia? Acceso Latino te dice c\u00f3mo","og_description":"Conoce las Instituciones que te pueden ser de ayuda en otros pa\u00edses.","og_url":"https:\/\/accesolatino.org\/en\/quieres-sacar-tu-licencia-acceso-latino-te-dice-como\/","og_site_name":"Acceso Latino","article_publisher":"https:\/\/www.facebook.com\/AccesoLatinoOrg","article_modified_time":"2025-10-16T18:18:23+00:00","og_image":[{"width":600,"height":336,"url":"https:\/\/accesolatino.org\/wp-content\/uploads\/2020\/09\/Quieres-sacar-tu-licencia-Acceso-Latino-te-dice-como.jpg","type":"image\/jpeg"}],"twitter_card":"summary_large_image","twitter_title":"Acceso Latino | \u00bfQuieres sacar tu licencia? Acceso Latino te dice c\u00f3mo","twitter_description":"Conoce las Instituciones que te pueden ser de ayuda en otros pa\u00edses.","twitter_image":"https:\/\/accesolatino.org\/wp-content\/uploads\/2020\/09\/Quieres-sacar-tu-licencia-Acceso-Latino-te-dice-como.jpg","twitter_site":"@FAccLatino","twitter_misc":{"Est. reading time":"4 minutes"},"schema":{"@context":"https:\/\/schema.org","@graph":[{"@type":"WebPage","@id":"https:\/\/accesolatino.org\/en\/quieres-sacar-tu-licencia-acceso-latino-te-dice-como\/","url":"https:\/\/accesolatino.org\/en\/quieres-sacar-tu-licencia-acceso-latino-te-dice-como\/","name":"Want to get your license? Acceso Latino tells you how","isPartOf":{"@id":"https:\/\/accesolatino.org\/#website"},"primaryImageOfPage":{"@id":"https:\/\/accesolatino.org\/en\/quieres-sacar-tu-licencia-acceso-latino-te-dice-como\/#primaryimage"},"image":{"@id":"https:\/\/accesolatino.org\/en\/quieres-sacar-tu-licencia-acceso-latino-te-dice-como\/#primaryimage"},"thumbnailUrl":"https:\/\/accesolatino.org\/wp-content\/uploads\/2020\/09\/Quieres-sacar-tu-licencia-Acceso-Latino-te-dice-como.jpg","datePublished":"2020-09-01T22:16:20+00:00","dateModified":"2025-10-16T18:18:23+00:00","description":"\u00bfPiensas que por no contar con papeles no puedes sacar tu licencia para conducir? Acceso Latino en la secci\u00f3n Licencias de Manejo...","breadcrumb":{"@id":"https:\/\/accesolatino.org\/en\/quieres-sacar-tu-licencia-acceso-latino-te-dice-como\/#breadcrumb"},"inLanguage":"en-US","potentialAction":[{"@type":"ReadAction","target":["https:\/\/accesolatino.org\/en\/quieres-sacar-tu-licencia-acceso-latino-te-dice-como\/"]}]},{"@type":"ImageObject","inLanguage":"en-US","@id":"https:\/\/accesolatino.org\/en\/quieres-sacar-tu-licencia-acceso-latino-te-dice-como\/#primaryimage","url":"https:\/\/accesolatino.org\/wp-content\/uploads\/2020\/09\/Quieres-sacar-tu-licencia-Acceso-Latino-te-dice-como.jpg","contentUrl":"https:\/\/accesolatino.org\/wp-content\/uploads\/2020\/09\/Quieres-sacar-tu-licencia-Acceso-Latino-te-dice-como.jpg","width":600,"height":336,"caption":"licencia"},{"@type":"BreadcrumbList","@id":"https:\/\/accesolatino.org\/en\/quieres-sacar-tu-licencia-acceso-latino-te-dice-como\/#breadcrumb","itemListElement":[{"@type":"ListItem","position":1,"name":"Portada","item":"https:\/\/accesolatino.org\/"},{"@type":"ListItem","position":2,"name":"\u00bfQuieres sacar tu licencia? Acceso Latino te dice c\u00f3mo"}]},{"@type":"WebSite","@id":"https:\/\/accesolatino.org\/#website","url":"https:\/\/accesolatino.org\/","name":"Acceso Latino | Fundaci\u00f3n Carlos Slim","description":"Fundaci\u00f3n Carlos Slim","publisher":{"@id":"https:\/\/accesolatino.org\/#organization"},"potentialAction":[{"@type":"SearchAction","target":{"@type":"EntryPoint","urlTemplate":"https:\/\/accesolatino.org\/?s={search_term_string}"},"query-input":{"@type":"PropertyValueSpecification","valueRequired":true,"valueName":"search_term_string"}}],"inLanguage":"en-US"},{"@type":"Organization","@id":"https:\/\/accesolatino.org\/#organization","name":"Acceso Latino | Fundaci\u00f3n Carlos Slim","url":"https:\/\/accesolatino.org\/","logo":{"@type":"ImageObject","inLanguage":"en-US","@id":"https:\/\/accesolatino.org\/#\/schema\/logo\/image\/","url":"https:\/\/accesolatino.org\/wp-content\/uploads\/2021\/02\/logo-footer-acceso-latino.png","contentUrl":"https:\/\/accesolatino.org\/wp-content\/uploads\/2021\/02\/logo-footer-acceso-latino.png","width":240,"height":40,"caption":"Acceso Latino | Fundaci\u00f3n Carlos Slim"},"image":{"@id":"https:\/\/accesolatino.org\/#\/schema\/logo\/image\/"},"sameAs":["https:\/\/www.facebook.com\/AccesoLatinoOrg","https:\/\/x.com\/FAccLatino"]}]}},"_links":{"self":[{"href":"https:\/\/accesolatino.org\/en\/wp-json\/wp\/v2\/pages\/22685","targetHints":{"allow":["GET"]}}],"collection":[{"href":"https:\/\/accesolatino.org\/en\/wp-json\/wp\/v2\/pages"}],"about":[{"href":"https:\/\/accesolatino.org\/en\/wp-json\/wp\/v2\/types\/page"}],"author":[{"embeddable":true,"href":"https:\/\/accesolatino.org\/en\/wp-json\/wp\/v2\/users\/9"}],"replies":[{"embeddable":true,"href":"https:\/\/accesolatino.org\/en\/wp-json\/wp\/v2\/comments?post=22685"}],"version-history":[{"count":1,"href":"https:\/\/accesolatino.org\/en\/wp-json\/wp\/v2\/pages\/22685\/revisions"}],"predecessor-version":[{"id":64064,"href":"https:\/\/accesolatino.org\/en\/wp-json\/wp\/v2\/pages\/22685\/revisions\/64064"}],"wp:featuredmedia":[{"embeddable":true,"href":"https:\/\/accesolatino.org\/en\/wp-json\/wp\/v2\/media\/22676"}],"wp:attachment":[{"href":"https:\/\/accesolatino.org\/en\/wp-json\/wp\/v2\/media?parent=22685"}],"curies":[{"name":"wp","href":"https:\/\/api.w.org\/{rel}","templated":true}]}}