{"id":22632,"date":"2020-08-28T08:46:11","date_gmt":"2020-08-28T13:46:11","guid":{"rendered":"https:\/\/accesolatino.org\/?page_id=22632"},"modified":"2025-10-09T11:30:42","modified_gmt":"2025-10-09T17:30:42","slug":"acceso-latino-esta-de-tu-lado","status":"publish","type":"page","link":"https:\/\/accesolatino.org\/en\/apoyos-sociales\/acceso-latino-esta-de-tu-lado\/","title":{"rendered":"Acceso Latino est\u00e1 de tu lado"},"content":{"rendered":"<div data-elementor-type=\"wp-post\" data-elementor-id=\"22632\" class=\"elementor elementor-22632\">\n\t\t\t\t\t\t<section class=\"elementor-section elementor-top-section elementor-element elementor-element-421efd1 elementor-section-full_width elementor-section-height-min-height elementor-section-items-stretch elementor-section-height-default wpr-particle-no wpr-jarallax-no wpr-parallax-no wpr-sticky-section-no wpr-equal-height-no\" data-id=\"421efd1\" data-element_type=\"section\" data-e-type=\"section\" data-settings=\"{&quot;background_background&quot;:&quot;classic&quot;}\">\n\t\t\t\t\t\t<div class=\"elementor-container elementor-column-gap-no\">\n\t\t\t\t\t<div class=\"elementor-column elementor-col-100 elementor-top-column elementor-element elementor-element-418467b\" data-id=\"418467b\" data-element_type=\"column\" data-e-type=\"column\">\n\t\t\t<div class=\"elementor-widget-wrap elementor-element-populated\">\n\t\t\t\t\t\t<div class=\"elementor-element elementor-element-39404a7 elementor--h-position-center elementor--v-position-middle elementor-widget elementor-widget-slides\" data-id=\"39404a7\" data-element_type=\"widget\" data-e-type=\"widget\" data-settings=\"{&quot;navigation&quot;:&quot;none&quot;,&quot;infinite&quot;:&quot;yes&quot;,&quot;transition&quot;:&quot;slide&quot;,&quot;transition_speed&quot;:500}\" data-widget_type=\"slides.default\">\n\t\t\t\t<div class=\"elementor-widget-container\">\n\t\t\t\t\t\t\t<div class=\"elementor-swiper\">\n\t\t\t<div class=\"elementor-slides-wrapper elementor-main-swiper swiper-container\" dir=\"ltr\" data-animation=\"\">\n\t\t\t\t<div class=\"swiper-wrapper elementor-slides\">\n\t\t\t\t\t\t\t\t\t\t<div class=\"elementor-repeater-item-d983a28 swiper-slide\"><div class=\"swiper-slide-bg\"><\/div><div class=\"swiper-slide-inner\" ><div class=\"swiper-slide-contents\"><div class=\"elementor-slide-heading\">Social Supports<\/div><\/div><\/div><\/div>\t\t\t\t<\/div>\n\t\t\t\t\t\t\t<\/div>\n\t\t<\/div>\n\t\t\t\t\t\t<\/div>\n\t\t\t\t<\/div>\n\t\t\t\t\t<\/div>\n\t\t<\/div>\n\t\t\t\t\t<\/div>\n\t\t<\/section>\n\t\t\t\t<section class=\"elementor-section elementor-top-section elementor-element elementor-element-b6e522a elementor-section-stretched elementor-section-boxed elementor-section-height-default elementor-section-height-default wpr-particle-no wpr-jarallax-no wpr-parallax-no wpr-sticky-section-no wpr-equal-height-no\" data-id=\"b6e522a\" data-element_type=\"section\" data-e-type=\"section\" data-settings=\"{&quot;stretch_section&quot;:&quot;section-stretched&quot;,&quot;background_background&quot;:&quot;classic&quot;}\">\n\t\t\t\t\t\t<div class=\"elementor-container elementor-column-gap-default\">\n\t\t\t\t\t<div class=\"elementor-column elementor-col-100 elementor-top-column elementor-element elementor-element-d6c77e3\" data-id=\"d6c77e3\" data-element_type=\"column\" data-e-type=\"column\">\n\t\t\t<div class=\"elementor-widget-wrap elementor-element-populated\">\n\t\t\t\t\t\t<div class=\"elementor-element elementor-element-9a0d65f elementor-widget elementor-widget-heading\" data-id=\"9a0d65f\" data-element_type=\"widget\" data-e-type=\"widget\" data-widget_type=\"heading.default\">\n\t\t\t\t<div class=\"elementor-widget-container\">\n\t\t\t\t\t<h3 class=\"elementor-heading-title elementor-size-default\">Acceso Latino est\u00e1 de tu lado<\/h3>\t\t\t\t<\/div>\n\t\t\t\t<\/div>\n\t\t\t\t<div class=\"elementor-element elementor-element-c01d6d1 elementor-widget elementor-widget-text-editor\" data-id=\"c01d6d1\" data-element_type=\"widget\" data-e-type=\"widget\" data-widget_type=\"text-editor.default\">\n\t\t\t\t<div class=\"elementor-widget-container\">\n\t\t\t\t\t\t\t\t\t<p>Todo lo relacionado con programas de vivienda, indemnizaci\u00f3n laboral y seguro de vida en Estados Unidos y M\u00e9xico, la hallar\u00e1s en la p\u00e1gina principal de Acceso Latino en la secci\u00f3n <a href=\"https:\/\/accesolatino.org\/en\/apoyos-sociales\/\">Social Supports<\/a>.\u00a0<\/p><p>Programas en Estados Unidos:<\/p><p><strong>Section 8 Housing Choice Voucher: <\/strong>es el principal programa del gobierno de EEUU para asistir a familias de bajos recursos, adultos mayores y personas con discapacidad para que puedan adquirir un hogar. Aqu\u00ed encontrar\u00e1s una gu\u00eda donde te explica c\u00f3mo solicitar vivienda y la hoja de datos del programa de vales de elecci\u00f3n de vivienda, que resuelve tus dudas acerca de qu\u00e9 es y si puedes participar en \u00e9l. Toda esta informaci\u00f3n est\u00e1 disponible en espa\u00f1ol.<\/p><p><strong>Indemnizaci\u00f3n por accidentes laborales: <\/strong>es un programa de compensaci\u00f3n por discapacidad que se les provee a los trabajadores federales (incluso a indocumentados) cuando se lesionan en el trabajo o adquieren una enfermedad desempe\u00f1ando su empleo. En la p\u00e1gina del Departamento de Trabajo todo est\u00e1 explicado.<\/p><p>Programas en M\u00e9xico:<\/p><p><strong>Somos mexicanos: <\/strong>es un programa del Instituto Nacional de Migraci\u00f3n que brinda a los compatriotas que regresan voluntarios o involuntariamente, una atenci\u00f3n integral para su reintegraci\u00f3n social. Ah\u00ed mismo, hay una infograf\u00eda con todos los detalles.<\/p><p><strong>Rutas y albergues: <\/strong>gu\u00edas de ruta y albergues que apoyan a migrantes en tr\u00e1nsito.<\/p>\t\t\t\t\t\t\t\t<\/div>\n\t\t\t\t<\/div>\n\t\t\t\t<div class=\"elementor-element elementor-element-35e9e4d elementor-widget elementor-widget-spacer\" data-id=\"35e9e4d\" data-element_type=\"widget\" data-e-type=\"widget\" data-widget_type=\"spacer.default\">\n\t\t\t\t<div class=\"elementor-widget-container\">\n\t\t\t\t\t\t\t<div class=\"elementor-spacer\">\n\t\t\t<div class=\"elementor-spacer-inner\"><\/div>\n\t\t<\/div>\n\t\t\t\t\t\t<\/div>\n\t\t\t\t<\/div>\n\t\t\t\t\t<\/div>\n\t\t<\/div>\n\t\t\t\t\t<\/div>\n\t\t<\/section>\n\t\t\t\t<\/div>","protected":false},"excerpt":{"rendered":"<p>Apoyos Sociales Acceso Latino est\u00e1 de tu lado Todo lo relacionado con programas de vivienda, indemnizaci\u00f3n laboral y seguro de vida en Estados Unidos y M\u00e9xico, la hallar\u00e1s en la p\u00e1gina principal de Acceso Latino en la secci\u00f3n Apoyos Sociales.\u00a0 Programas en Estados Unidos: Section 8 Housing Choice Voucher: es el principal programa del gobierno de EEUU para asistir a familias de bajos recursos, adultos mayores y personas con discapacidad para que puedan adquirir un hogar. Aqu\u00ed encontrar\u00e1s una gu\u00eda donde te explica c\u00f3mo solicitar vivienda y la hoja de datos del programa de vales de elecci\u00f3n de vivienda, que resuelve tus dudas acerca de qu\u00e9 es y si puedes participar en \u00e9l. Toda esta informaci\u00f3n est\u00e1 disponible en espa\u00f1ol. Indemnizaci\u00f3n por accidentes laborales: es un programa de compensaci\u00f3n por discapacidad que se les provee a los trabajadores federales (incluso a indocumentados) cuando se lesionan en el trabajo o adquieren una enfermedad desempe\u00f1ando su empleo. En la p\u00e1gina del Departamento de Trabajo todo est\u00e1 explicado. Programas en M\u00e9xico: Somos mexicanos: es un programa del Instituto Nacional de Migraci\u00f3n que brinda a los compatriotas que regresan voluntarios o involuntariamente, una atenci\u00f3n integral para su reintegraci\u00f3n social. Ah\u00ed mismo, hay una infograf\u00eda con todos los detalles. Rutas y albergues: gu\u00edas de ruta y albergues que apoyan a migrantes en tr\u00e1nsito.<\/p>","protected":false},"author":6,"featured_media":22634,"parent":1435,"menu_order":0,"comment_status":"closed","ping_status":"closed","template":"elementor_header_footer","meta":{"_uf_show_specific_survey":0,"_uf_disable_surveys":false,"footnotes":""},"class_list":["post-22632","page","type-page","status-publish","has-post-thumbnail"],"aioseo_notices":[],"yoast_head":"<!-- This site is optimized with the Yoast SEO plugin v27.5 - https:\/\/yoast.com\/product\/yoast-seo-wordpress\/ -->\n<title>Acceso Latino est\u00e1 de tu lado<\/title>\n<meta name=\"description\" content=\"Conoce las diferentes formas en las que los migrantes se pueden ver beneficiados en USA\" \/>\n<meta name=\"robots\" content=\"index, follow, max-snippet:-1, max-image-preview:large, max-video-preview:-1\" \/>\n<link rel=\"canonical\" href=\"https:\/\/accesolatino.org\/en\/apoyos-sociales\/acceso-latino-esta-de-tu-lado\/\" \/>\n<meta property=\"og:locale\" content=\"en_US\" \/>\n<meta property=\"og:type\" content=\"article\" \/>\n<meta property=\"og:title\" content=\"Acceso Latino | Apoyos Sociales\" \/>\n<meta property=\"og:description\" content=\"Conoce las diferentes formas en las que los migrantes se pueden ver beneficiados en USA\" \/>\n<meta property=\"og:url\" content=\"https:\/\/accesolatino.org\/en\/apoyos-sociales\/acceso-latino-esta-de-tu-lado\/\" \/>\n<meta property=\"og:site_name\" content=\"Acceso Latino\" \/>\n<meta property=\"article:publisher\" content=\"https:\/\/www.facebook.com\/AccesoLatinoOrg\" \/>\n<meta property=\"article:modified_time\" content=\"2025-10-09T17:30:42+00:00\" \/>\n<meta property=\"og:image\" content=\"https:\/\/accesolatino.org\/wp-content\/uploads\/2020\/08\/Acceso-Latino-esta-de-tu-lado.jpg\" \/>\n\t<meta property=\"og:image:width\" content=\"600\" \/>\n\t<meta property=\"og:image:height\" content=\"338\" \/>\n\t<meta property=\"og:image:type\" content=\"image\/jpeg\" \/>\n<meta name=\"twitter:card\" content=\"summary_large_image\" \/>\n<meta name=\"twitter:title\" content=\"Acceso Latino | Apoyos Sociales\" \/>\n<meta name=\"twitter:description\" content=\"Conoce las diferentes formas en las que los migrantes se pueden ver beneficiados en USA\" \/>\n<meta name=\"twitter:image\" content=\"https:\/\/accesolatino.org\/wp-content\/uploads\/2020\/08\/Acceso-Latino-esta-de-tu-lado.jpg\" \/>\n<meta name=\"twitter:site\" content=\"@FAccLatino\" \/>\n<meta name=\"twitter:label1\" content=\"Est. reading time\" \/>\n\t<meta name=\"twitter:data1\" content=\"2 minutes\" \/>\n<script type=\"application\/ld+json\" class=\"yoast-schema-graph\">{\"@context\":\"https:\\\/\\\/schema.org\",\"@graph\":[{\"@type\":\"WebPage\",\"@id\":\"https:\\\/\\\/accesolatino.org\\\/en\\\/apoyos-sociales\\\/acceso-latino-esta-de-tu-lado\\\/\",\"url\":\"https:\\\/\\\/accesolatino.org\\\/en\\\/apoyos-sociales\\\/acceso-latino-esta-de-tu-lado\\\/\",\"name\":\"Acceso Latino est\u00e1 de tu lado\",\"isPartOf\":{\"@id\":\"https:\\\/\\\/accesolatino.org\\\/#website\"},\"primaryImageOfPage\":{\"@id\":\"https:\\\/\\\/accesolatino.org\\\/en\\\/apoyos-sociales\\\/acceso-latino-esta-de-tu-lado\\\/#primaryimage\"},\"image\":{\"@id\":\"https:\\\/\\\/accesolatino.org\\\/en\\\/apoyos-sociales\\\/acceso-latino-esta-de-tu-lado\\\/#primaryimage\"},\"thumbnailUrl\":\"https:\\\/\\\/accesolatino.org\\\/wp-content\\\/uploads\\\/2020\\\/08\\\/Acceso-Latino-esta-de-tu-lado-1.jpg\",\"datePublished\":\"2020-08-28T13:46:11+00:00\",\"dateModified\":\"2025-10-09T17:30:42+00:00\",\"description\":\"Conoce las diferentes formas en las que los migrantes se pueden ver beneficiados en USA\",\"breadcrumb\":{\"@id\":\"https:\\\/\\\/accesolatino.org\\\/en\\\/apoyos-sociales\\\/acceso-latino-esta-de-tu-lado\\\/#breadcrumb\"},\"inLanguage\":\"en-US\",\"potentialAction\":[{\"@type\":\"ReadAction\",\"target\":[\"https:\\\/\\\/accesolatino.org\\\/en\\\/apoyos-sociales\\\/acceso-latino-esta-de-tu-lado\\\/\"]}]},{\"@type\":\"ImageObject\",\"inLanguage\":\"en-US\",\"@id\":\"https:\\\/\\\/accesolatino.org\\\/en\\\/apoyos-sociales\\\/acceso-latino-esta-de-tu-lado\\\/#primaryimage\",\"url\":\"https:\\\/\\\/accesolatino.org\\\/wp-content\\\/uploads\\\/2020\\\/08\\\/Acceso-Latino-esta-de-tu-lado-1.jpg\",\"contentUrl\":\"https:\\\/\\\/accesolatino.org\\\/wp-content\\\/uploads\\\/2020\\\/08\\\/Acceso-Latino-esta-de-tu-lado-1.jpg\",\"width\":600,\"height\":338,\"caption\":\"acceso latino\"},{\"@type\":\"BreadcrumbList\",\"@id\":\"https:\\\/\\\/accesolatino.org\\\/en\\\/apoyos-sociales\\\/acceso-latino-esta-de-tu-lado\\\/#breadcrumb\",\"itemListElement\":[{\"@type\":\"ListItem\",\"position\":1,\"name\":\"Portada\",\"item\":\"https:\\\/\\\/accesolatino.org\\\/\"},{\"@type\":\"ListItem\",\"position\":2,\"name\":\"Apoyos Sociales\",\"item\":\"https:\\\/\\\/accesolatino.org\\\/en\\\/apoyos-sociales\\\/\"},{\"@type\":\"ListItem\",\"position\":3,\"name\":\"Acceso Latino est\u00e1 de tu lado\"}]},{\"@type\":\"WebSite\",\"@id\":\"https:\\\/\\\/accesolatino.org\\\/#website\",\"url\":\"https:\\\/\\\/accesolatino.org\\\/\",\"name\":\"Acceso Latino | Fundaci\u00f3n Carlos Slim\",\"description\":\"Fundaci\u00f3n Carlos Slim\",\"publisher\":{\"@id\":\"https:\\\/\\\/accesolatino.org\\\/#organization\"},\"potentialAction\":[{\"@type\":\"SearchAction\",\"target\":{\"@type\":\"EntryPoint\",\"urlTemplate\":\"https:\\\/\\\/accesolatino.org\\\/?s={search_term_string}\"},\"query-input\":{\"@type\":\"PropertyValueSpecification\",\"valueRequired\":true,\"valueName\":\"search_term_string\"}}],\"inLanguage\":\"en-US\"},{\"@type\":\"Organization\",\"@id\":\"https:\\\/\\\/accesolatino.org\\\/#organization\",\"name\":\"Acceso Latino | Fundaci\u00f3n Carlos Slim\",\"url\":\"https:\\\/\\\/accesolatino.org\\\/\",\"logo\":{\"@type\":\"ImageObject\",\"inLanguage\":\"en-US\",\"@id\":\"https:\\\/\\\/accesolatino.org\\\/#\\\/schema\\\/logo\\\/image\\\/\",\"url\":\"https:\\\/\\\/accesolatino.org\\\/wp-content\\\/uploads\\\/2021\\\/02\\\/logo-footer-acceso-latino.png\",\"contentUrl\":\"https:\\\/\\\/accesolatino.org\\\/wp-content\\\/uploads\\\/2021\\\/02\\\/logo-footer-acceso-latino.png\",\"width\":240,\"height\":40,\"caption\":\"Acceso Latino | Fundaci\u00f3n Carlos Slim\"},\"image\":{\"@id\":\"https:\\\/\\\/accesolatino.org\\\/#\\\/schema\\\/logo\\\/image\\\/\"},\"sameAs\":[\"https:\\\/\\\/www.facebook.com\\\/AccesoLatinoOrg\",\"https:\\\/\\\/x.com\\\/FAccLatino\"]}]}<\/script>\n<!-- \/ Yoast SEO plugin. -->","yoast_head_json":{"title":"Acceso Latino est\u00e1 de tu lado","description":"Conoce las diferentes formas en las que los migrantes se pueden ver beneficiados en USA","robots":{"index":"index","follow":"follow","max-snippet":"max-snippet:-1","max-image-preview":"max-image-preview:large","max-video-preview":"max-video-preview:-1"},"canonical":"https:\/\/accesolatino.org\/en\/apoyos-sociales\/acceso-latino-esta-de-tu-lado\/","og_locale":"en_US","og_type":"article","og_title":"Acceso Latino | Apoyos Sociales","og_description":"Conoce las diferentes formas en las que los migrantes se pueden ver beneficiados en USA","og_url":"https:\/\/accesolatino.org\/en\/apoyos-sociales\/acceso-latino-esta-de-tu-lado\/","og_site_name":"Acceso Latino","article_publisher":"https:\/\/www.facebook.com\/AccesoLatinoOrg","article_modified_time":"2025-10-09T17:30:42+00:00","og_image":[{"width":600,"height":338,"url":"https:\/\/accesolatino.org\/wp-content\/uploads\/2020\/08\/Acceso-Latino-esta-de-tu-lado.jpg","type":"image\/jpeg"}],"twitter_card":"summary_large_image","twitter_title":"Acceso Latino | Apoyos Sociales","twitter_description":"Conoce las diferentes formas en las que los migrantes se pueden ver beneficiados en USA","twitter_image":"https:\/\/accesolatino.org\/wp-content\/uploads\/2020\/08\/Acceso-Latino-esta-de-tu-lado.jpg","twitter_site":"@FAccLatino","twitter_misc":{"Est. reading time":"2 minutes"},"schema":{"@context":"https:\/\/schema.org","@graph":[{"@type":"WebPage","@id":"https:\/\/accesolatino.org\/en\/apoyos-sociales\/acceso-latino-esta-de-tu-lado\/","url":"https:\/\/accesolatino.org\/en\/apoyos-sociales\/acceso-latino-esta-de-tu-lado\/","name":"Acceso Latino est\u00e1 de tu lado","isPartOf":{"@id":"https:\/\/accesolatino.org\/#website"},"primaryImageOfPage":{"@id":"https:\/\/accesolatino.org\/en\/apoyos-sociales\/acceso-latino-esta-de-tu-lado\/#primaryimage"},"image":{"@id":"https:\/\/accesolatino.org\/en\/apoyos-sociales\/acceso-latino-esta-de-tu-lado\/#primaryimage"},"thumbnailUrl":"https:\/\/accesolatino.org\/wp-content\/uploads\/2020\/08\/Acceso-Latino-esta-de-tu-lado-1.jpg","datePublished":"2020-08-28T13:46:11+00:00","dateModified":"2025-10-09T17:30:42+00:00","description":"Conoce las diferentes formas en las que los migrantes se pueden ver beneficiados en USA","breadcrumb":{"@id":"https:\/\/accesolatino.org\/en\/apoyos-sociales\/acceso-latino-esta-de-tu-lado\/#breadcrumb"},"inLanguage":"en-US","potentialAction":[{"@type":"ReadAction","target":["https:\/\/accesolatino.org\/en\/apoyos-sociales\/acceso-latino-esta-de-tu-lado\/"]}]},{"@type":"ImageObject","inLanguage":"en-US","@id":"https:\/\/accesolatino.org\/en\/apoyos-sociales\/acceso-latino-esta-de-tu-lado\/#primaryimage","url":"https:\/\/accesolatino.org\/wp-content\/uploads\/2020\/08\/Acceso-Latino-esta-de-tu-lado-1.jpg","contentUrl":"https:\/\/accesolatino.org\/wp-content\/uploads\/2020\/08\/Acceso-Latino-esta-de-tu-lado-1.jpg","width":600,"height":338,"caption":"acceso latino"},{"@type":"BreadcrumbList","@id":"https:\/\/accesolatino.org\/en\/apoyos-sociales\/acceso-latino-esta-de-tu-lado\/#breadcrumb","itemListElement":[{"@type":"ListItem","position":1,"name":"Portada","item":"https:\/\/accesolatino.org\/"},{"@type":"ListItem","position":2,"name":"Apoyos Sociales","item":"https:\/\/accesolatino.org\/en\/apoyos-sociales\/"},{"@type":"ListItem","position":3,"name":"Acceso Latino est\u00e1 de tu lado"}]},{"@type":"WebSite","@id":"https:\/\/accesolatino.org\/#website","url":"https:\/\/accesolatino.org\/","name":"Acceso Latino | Fundaci\u00f3n Carlos Slim","description":"Fundaci\u00f3n Carlos Slim","publisher":{"@id":"https:\/\/accesolatino.org\/#organization"},"potentialAction":[{"@type":"SearchAction","target":{"@type":"EntryPoint","urlTemplate":"https:\/\/accesolatino.org\/?s={search_term_string}"},"query-input":{"@type":"PropertyValueSpecification","valueRequired":true,"valueName":"search_term_string"}}],"inLanguage":"en-US"},{"@type":"Organization","@id":"https:\/\/accesolatino.org\/#organization","name":"Acceso Latino | Fundaci\u00f3n Carlos Slim","url":"https:\/\/accesolatino.org\/","logo":{"@type":"ImageObject","inLanguage":"en-US","@id":"https:\/\/accesolatino.org\/#\/schema\/logo\/image\/","url":"https:\/\/accesolatino.org\/wp-content\/uploads\/2021\/02\/logo-footer-acceso-latino.png","contentUrl":"https:\/\/accesolatino.org\/wp-content\/uploads\/2021\/02\/logo-footer-acceso-latino.png","width":240,"height":40,"caption":"Acceso Latino | Fundaci\u00f3n Carlos Slim"},"image":{"@id":"https:\/\/accesolatino.org\/#\/schema\/logo\/image\/"},"sameAs":["https:\/\/www.facebook.com\/AccesoLatinoOrg","https:\/\/x.com\/FAccLatino"]}]}},"_links":{"self":[{"href":"https:\/\/accesolatino.org\/en\/wp-json\/wp\/v2\/pages\/22632","targetHints":{"allow":["GET"]}}],"collection":[{"href":"https:\/\/accesolatino.org\/en\/wp-json\/wp\/v2\/pages"}],"about":[{"href":"https:\/\/accesolatino.org\/en\/wp-json\/wp\/v2\/types\/page"}],"author":[{"embeddable":true,"href":"https:\/\/accesolatino.org\/en\/wp-json\/wp\/v2\/users\/6"}],"replies":[{"embeddable":true,"href":"https:\/\/accesolatino.org\/en\/wp-json\/wp\/v2\/comments?post=22632"}],"version-history":[{"count":1,"href":"https:\/\/accesolatino.org\/en\/wp-json\/wp\/v2\/pages\/22632\/revisions"}],"predecessor-version":[{"id":63809,"href":"https:\/\/accesolatino.org\/en\/wp-json\/wp\/v2\/pages\/22632\/revisions\/63809"}],"up":[{"embeddable":true,"href":"https:\/\/accesolatino.org\/en\/wp-json\/wp\/v2\/pages\/1435"}],"wp:featuredmedia":[{"embeddable":true,"href":"https:\/\/accesolatino.org\/en\/wp-json\/wp\/v2\/media\/22634"}],"wp:attachment":[{"href":"https:\/\/accesolatino.org\/en\/wp-json\/wp\/v2\/media?parent=22632"}],"curies":[{"name":"wp","href":"https:\/\/api.w.org\/{rel}","templated":true}]}}