{"id":22614,"date":"2020-08-27T13:34:35","date_gmt":"2020-08-27T18:34:35","guid":{"rendered":"https:\/\/accesolatino.org\/?page_id=22614"},"modified":"2025-10-16T16:18:22","modified_gmt":"2025-10-16T22:18:22","slug":"consigue-el-trabajo-de-tus-suenos","status":"publish","type":"page","link":"https:\/\/accesolatino.org\/en\/buscas-empleo\/consigue-el-trabajo-de-tus-suenos\/","title":{"rendered":"Get the job of your dreams"},"content":{"rendered":"<div data-elementor-type=\"wp-post\" data-elementor-id=\"22614\" class=\"elementor elementor-22614\">\n\t\t\t\t\t\t<section class=\"elementor-section elementor-top-section elementor-element elementor-element-5eb9409 elementor-section-full_width elementor-section-height-min-height elementor-section-items-stretch elementor-section-height-default wpr-particle-no wpr-jarallax-no wpr-parallax-no wpr-sticky-section-no wpr-equal-height-no\" data-id=\"5eb9409\" data-element_type=\"section\" data-e-type=\"section\" data-settings=\"{&quot;background_background&quot;:&quot;classic&quot;}\">\n\t\t\t\t\t\t<div class=\"elementor-container elementor-column-gap-no\">\n\t\t\t\t\t<div class=\"elementor-column elementor-col-100 elementor-top-column elementor-element elementor-element-dd3690a\" data-id=\"dd3690a\" data-element_type=\"column\" data-e-type=\"column\">\n\t\t\t<div class=\"elementor-widget-wrap elementor-element-populated\">\n\t\t\t\t\t\t<div class=\"elementor-element elementor-element-5d0943b elementor--h-position-center elementor--v-position-middle elementor-widget elementor-widget-slides\" data-id=\"5d0943b\" data-element_type=\"widget\" data-e-type=\"widget\" data-settings=\"{&quot;navigation&quot;:&quot;none&quot;,&quot;infinite&quot;:&quot;yes&quot;,&quot;transition&quot;:&quot;slide&quot;,&quot;transition_speed&quot;:500}\" data-widget_type=\"slides.default\">\n\t\t\t\t<div class=\"elementor-widget-container\">\n\t\t\t\t\t\t\t<div class=\"elementor-swiper\">\n\t\t\t<div class=\"elementor-slides-wrapper elementor-main-swiper swiper-container\" dir=\"ltr\" data-animation=\"\">\n\t\t\t\t<div class=\"swiper-wrapper elementor-slides\">\n\t\t\t\t\t\t\t\t\t\t<div class=\"elementor-repeater-item-d983a28 swiper-slide\"><div class=\"swiper-slide-bg\"><\/div><div class=\"swiper-slide-inner\" ><div class=\"swiper-slide-contents\"><div class=\"elementor-slide-heading\">Looking for a job?<\/div><\/div><\/div><\/div>\t\t\t\t<\/div>\n\t\t\t\t\t\t\t<\/div>\n\t\t<\/div>\n\t\t\t\t\t\t<\/div>\n\t\t\t\t<\/div>\n\t\t\t\t\t<\/div>\n\t\t<\/div>\n\t\t\t\t\t<\/div>\n\t\t<\/section>\n\t\t\t\t<section class=\"elementor-section elementor-top-section elementor-element elementor-element-716fb04 elementor-section-stretched elementor-section-boxed elementor-section-height-default elementor-section-height-default wpr-particle-no wpr-jarallax-no wpr-parallax-no wpr-sticky-section-no wpr-equal-height-no\" data-id=\"716fb04\" data-element_type=\"section\" data-e-type=\"section\" data-settings=\"{&quot;stretch_section&quot;:&quot;section-stretched&quot;,&quot;background_background&quot;:&quot;classic&quot;}\">\n\t\t\t\t\t\t<div class=\"elementor-container elementor-column-gap-default\">\n\t\t\t\t\t<div class=\"elementor-column elementor-col-100 elementor-top-column elementor-element elementor-element-e7106e5\" data-id=\"e7106e5\" data-element_type=\"column\" data-e-type=\"column\">\n\t\t\t<div class=\"elementor-widget-wrap elementor-element-populated\">\n\t\t\t\t\t\t<div class=\"elementor-element elementor-element-fa5f38d elementor-widget elementor-widget-heading\" data-id=\"fa5f38d\" data-element_type=\"widget\" data-e-type=\"widget\" data-widget_type=\"heading.default\">\n\t\t\t\t<div class=\"elementor-widget-container\">\n\t\t\t\t\t<h3 class=\"elementor-heading-title elementor-size-default\">Get the job of your dreams<\/h3>\t\t\t\t<\/div>\n\t\t\t\t<\/div>\n\t\t\t\t<div class=\"elementor-element elementor-element-db44c78 elementor-widget elementor-widget-text-editor\" data-id=\"db44c78\" data-element_type=\"widget\" data-e-type=\"widget\" data-widget_type=\"text-editor.default\">\n\t\t\t\t<div class=\"elementor-widget-container\">\n\t\t\t\t\t\t\t\t\t<p>Acceso Latino tiene para ti la secci\u00f3n <strong><a href=\"https:\/\/accesolatino.org\/en\/buscas-empleo\/\">Buscas Empleo<\/a><\/strong>, donde podr\u00e1s encontrar bolsas de trabajo tanto en Estados Unidos como en M\u00e9xico.<\/p><p>Te presentamos las opciones para desarrollar tus habilidades y certificarte en l\u00ednea:<\/p><p><strong>Employment opportunities in the U.S.<\/strong>: buscadores de internet como Hipanic-Jobs.org, CareerJet.com, Disney Careers o el portal de la ONU, entre otras ofrecen informaci\u00f3n para conseguir trabajo ya sea en Estados Unidos o M\u00e9xico.<\/p><p><strong>Pr\u00e9stamos para iniciar tu negocio:<\/strong> la Agencia de Gobierno <em>Small Business Administration (SBA)<\/em> ofrece distintos tipos de pr\u00e9stamo para que puedas iniciar tu negocio. La p\u00e1gina est\u00e1 en espa\u00f1ol, para que puedas navegarla sin problemas.<\/p><p><strong>Preguntas Frecuentes:<\/strong> los beneficiarios de DACA pueden resolver sus dudas sobre sus derechos laborales.<\/p><p><strong>Tu hoja de vida (CV):<\/strong> un sitio web ofrece diferentes plantillas de Curriculum Vitae (CV) para crear, redactar y escribir sobre ellas.<\/p><p><strong>Capac\u00edtate para el empleo:<\/strong> la plataforma de Fundaci\u00f3n Carlos Slim en la que puedes adquirir habilidades para conseguir empleo o incluso, iniciar tu propio negocio.<\/p><p><strong>Empleo en M\u00e9xico:<\/strong> el Gobierno de M\u00e9xico proporciona varios servicios en los que puedes postularte de acuerdo a tu CV. S\u00f3lo tienes que registrarte en su bolsa de trabajo, publicar tus vacantes y seleccionar tu mejor opci\u00f3n.<\/p>\t\t\t\t\t\t\t\t<\/div>\n\t\t\t\t<\/div>\n\t\t\t\t<div class=\"elementor-element elementor-element-6a38be9 elementor-widget elementor-widget-spacer\" data-id=\"6a38be9\" data-element_type=\"widget\" data-e-type=\"widget\" data-widget_type=\"spacer.default\">\n\t\t\t\t<div class=\"elementor-widget-container\">\n\t\t\t\t\t\t\t<div class=\"elementor-spacer\">\n\t\t\t<div class=\"elementor-spacer-inner\"><\/div>\n\t\t<\/div>\n\t\t\t\t\t\t<\/div>\n\t\t\t\t<\/div>\n\t\t\t\t\t<\/div>\n\t\t<\/div>\n\t\t\t\t\t<\/div>\n\t\t<\/section>\n\t\t\t\t<\/div>","protected":false},"excerpt":{"rendered":"<p>\u00bfBuscas empleo? Consigue el trabajo de tus sue\u00f1os Acceso Latino tiene para ti la secci\u00f3n Buscas Empleo, donde podr\u00e1s encontrar bolsas de trabajo tanto en Estados Unidos como en M\u00e9xico. Te presentamos las opciones para desarrollar tus habilidades y certificarte en l\u00ednea: Bolsas de empleo en EU: buscadores de internet como Hipanic-Jobs.org, CareerJet.com, Disney Careers o el portal de la ONU, entre otras ofrecen informaci\u00f3n para conseguir trabajo ya sea en Estados Unidos o M\u00e9xico. Pr\u00e9stamos para iniciar tu negocio: la Agencia de Gobierno Small Business Administration (SBA) ofrece distintos tipos de pr\u00e9stamo para que puedas iniciar tu negocio. La p\u00e1gina est\u00e1 en espa\u00f1ol, para que puedas navegarla sin problemas. Preguntas Frecuentes: los beneficiarios de DACA pueden resolver sus dudas sobre sus derechos laborales. Tu hoja de vida (CV): un sitio web ofrece diferentes plantillas de Curriculum Vitae (CV) para crear, redactar y escribir sobre ellas. Capac\u00edtate para el empleo: la plataforma de Fundaci\u00f3n Carlos Slim en la que puedes adquirir habilidades para conseguir empleo o incluso, iniciar tu propio negocio. Empleo en M\u00e9xico: el Gobierno de M\u00e9xico proporciona varios servicios en los que puedes postularte de acuerdo a tu CV. S\u00f3lo tienes que registrarte en su bolsa de trabajo, publicar tus vacantes y seleccionar tu mejor opci\u00f3n.<\/p>","protected":false},"author":5,"featured_media":22606,"parent":2747,"menu_order":0,"comment_status":"closed","ping_status":"closed","template":"elementor_header_footer","meta":{"_uf_show_specific_survey":0,"_uf_disable_surveys":false,"footnotes":""},"class_list":["post-22614","page","type-page","status-publish","has-post-thumbnail"],"aioseo_notices":[],"yoast_head":"<!-- This site is optimized with the Yoast SEO plugin v27.5 - https:\/\/yoast.com\/product\/yoast-seo-wordpress\/ -->\n<title>Consigue el trabajo de tus sue\u00f1os<\/title>\n<meta name=\"description\" content=\"\u00bfBuscas empleo en Estados Unidos? Te compartimos algunas herramientas para capacitarte y encontrarlo - Acceso Latino\" \/>\n<meta name=\"robots\" content=\"index, follow, max-snippet:-1, max-image-preview:large, max-video-preview:-1\" \/>\n<link rel=\"canonical\" href=\"https:\/\/accesolatino.org\/en\/buscas-empleo\/consigue-el-trabajo-de-tus-suenos\/\" \/>\n<meta property=\"og:locale\" content=\"en_US\" \/>\n<meta property=\"og:type\" content=\"article\" \/>\n<meta property=\"og:title\" content=\"Acceso Latino | Consigue el trabajo de tus sue\u00f1os\" \/>\n<meta property=\"og:description\" content=\"\u00bfBuscas empleo en Estados Unidos? Te compartimos algunas herrmientas para capacitarte y encontrarlo.\" \/>\n<meta property=\"og:url\" content=\"https:\/\/accesolatino.org\/en\/buscas-empleo\/consigue-el-trabajo-de-tus-suenos\/\" \/>\n<meta property=\"og:site_name\" content=\"Acceso Latino\" \/>\n<meta property=\"article:publisher\" content=\"https:\/\/www.facebook.com\/AccesoLatinoOrg\" \/>\n<meta property=\"article:modified_time\" content=\"2025-10-16T22:18:22+00:00\" \/>\n<meta property=\"og:image\" content=\"https:\/\/accesolatino.org\/wp-content\/uploads\/2020\/08\/Consigue-el-trabajo-de-tus-suenos.jpg\" \/>\n\t<meta property=\"og:image:width\" content=\"600\" \/>\n\t<meta property=\"og:image:height\" content=\"338\" \/>\n\t<meta property=\"og:image:type\" content=\"image\/jpeg\" \/>\n<meta name=\"twitter:card\" content=\"summary_large_image\" \/>\n<meta name=\"twitter:title\" content=\"Acceso Latino | Consigue el trabajo de tus sue\u00f1os\" \/>\n<meta name=\"twitter:description\" content=\"\u00bfBuscas empleo en Estados Unidos? Te compartimos algunas herrmientas para capacitarte y encontrarlo.\" \/>\n<meta name=\"twitter:image\" content=\"https:\/\/accesolatino.org\/wp-content\/uploads\/2020\/08\/Consigue-el-trabajo-de-tus-suenos.jpg\" \/>\n<meta name=\"twitter:site\" content=\"@FAccLatino\" \/>\n<meta name=\"twitter:label1\" content=\"Est. reading time\" \/>\n\t<meta name=\"twitter:data1\" content=\"2 minutes\" \/>\n<script type=\"application\/ld+json\" class=\"yoast-schema-graph\">{\"@context\":\"https:\\\/\\\/schema.org\",\"@graph\":[{\"@type\":\"WebPage\",\"@id\":\"https:\\\/\\\/accesolatino.org\\\/en\\\/buscas-empleo\\\/consigue-el-trabajo-de-tus-suenos\\\/\",\"url\":\"https:\\\/\\\/accesolatino.org\\\/en\\\/buscas-empleo\\\/consigue-el-trabajo-de-tus-suenos\\\/\",\"name\":\"Consigue el trabajo de tus sue\u00f1os\",\"isPartOf\":{\"@id\":\"https:\\\/\\\/accesolatino.org\\\/#website\"},\"primaryImageOfPage\":{\"@id\":\"https:\\\/\\\/accesolatino.org\\\/en\\\/buscas-empleo\\\/consigue-el-trabajo-de-tus-suenos\\\/#primaryimage\"},\"image\":{\"@id\":\"https:\\\/\\\/accesolatino.org\\\/en\\\/buscas-empleo\\\/consigue-el-trabajo-de-tus-suenos\\\/#primaryimage\"},\"thumbnailUrl\":\"https:\\\/\\\/accesolatino.org\\\/wp-content\\\/uploads\\\/2020\\\/08\\\/Consigue-el-trabajo-de-tus-suenos.jpg\",\"datePublished\":\"2020-08-27T18:34:35+00:00\",\"dateModified\":\"2025-10-16T22:18:22+00:00\",\"description\":\"\u00bfBuscas empleo en Estados Unidos? Te compartimos algunas herramientas para capacitarte y encontrarlo - Acceso Latino\",\"breadcrumb\":{\"@id\":\"https:\\\/\\\/accesolatino.org\\\/en\\\/buscas-empleo\\\/consigue-el-trabajo-de-tus-suenos\\\/#breadcrumb\"},\"inLanguage\":\"en-US\",\"potentialAction\":[{\"@type\":\"ReadAction\",\"target\":[\"https:\\\/\\\/accesolatino.org\\\/en\\\/buscas-empleo\\\/consigue-el-trabajo-de-tus-suenos\\\/\"]}]},{\"@type\":\"ImageObject\",\"inLanguage\":\"en-US\",\"@id\":\"https:\\\/\\\/accesolatino.org\\\/en\\\/buscas-empleo\\\/consigue-el-trabajo-de-tus-suenos\\\/#primaryimage\",\"url\":\"https:\\\/\\\/accesolatino.org\\\/wp-content\\\/uploads\\\/2020\\\/08\\\/Consigue-el-trabajo-de-tus-suenos.jpg\",\"contentUrl\":\"https:\\\/\\\/accesolatino.org\\\/wp-content\\\/uploads\\\/2020\\\/08\\\/Consigue-el-trabajo-de-tus-suenos.jpg\",\"width\":600,\"height\":338,\"caption\":\"empleo\"},{\"@type\":\"BreadcrumbList\",\"@id\":\"https:\\\/\\\/accesolatino.org\\\/en\\\/buscas-empleo\\\/consigue-el-trabajo-de-tus-suenos\\\/#breadcrumb\",\"itemListElement\":[{\"@type\":\"ListItem\",\"position\":1,\"name\":\"Portada\",\"item\":\"https:\\\/\\\/accesolatino.org\\\/\"},{\"@type\":\"ListItem\",\"position\":2,\"name\":\"Buscas Empleo\",\"item\":\"https:\\\/\\\/accesolatino.org\\\/en\\\/buscas-empleo\\\/\"},{\"@type\":\"ListItem\",\"position\":3,\"name\":\"Consigue el trabajo de tus sue\u00f1os\"}]},{\"@type\":\"WebSite\",\"@id\":\"https:\\\/\\\/accesolatino.org\\\/#website\",\"url\":\"https:\\\/\\\/accesolatino.org\\\/\",\"name\":\"Acceso Latino | Fundaci\u00f3n Carlos Slim\",\"description\":\"Fundaci\u00f3n Carlos Slim\",\"publisher\":{\"@id\":\"https:\\\/\\\/accesolatino.org\\\/#organization\"},\"potentialAction\":[{\"@type\":\"SearchAction\",\"target\":{\"@type\":\"EntryPoint\",\"urlTemplate\":\"https:\\\/\\\/accesolatino.org\\\/?s={search_term_string}\"},\"query-input\":{\"@type\":\"PropertyValueSpecification\",\"valueRequired\":true,\"valueName\":\"search_term_string\"}}],\"inLanguage\":\"en-US\"},{\"@type\":\"Organization\",\"@id\":\"https:\\\/\\\/accesolatino.org\\\/#organization\",\"name\":\"Acceso Latino | Fundaci\u00f3n Carlos Slim\",\"url\":\"https:\\\/\\\/accesolatino.org\\\/\",\"logo\":{\"@type\":\"ImageObject\",\"inLanguage\":\"en-US\",\"@id\":\"https:\\\/\\\/accesolatino.org\\\/#\\\/schema\\\/logo\\\/image\\\/\",\"url\":\"https:\\\/\\\/accesolatino.org\\\/wp-content\\\/uploads\\\/2021\\\/02\\\/logo-footer-acceso-latino.png\",\"contentUrl\":\"https:\\\/\\\/accesolatino.org\\\/wp-content\\\/uploads\\\/2021\\\/02\\\/logo-footer-acceso-latino.png\",\"width\":240,\"height\":40,\"caption\":\"Acceso Latino | Fundaci\u00f3n Carlos Slim\"},\"image\":{\"@id\":\"https:\\\/\\\/accesolatino.org\\\/#\\\/schema\\\/logo\\\/image\\\/\"},\"sameAs\":[\"https:\\\/\\\/www.facebook.com\\\/AccesoLatinoOrg\",\"https:\\\/\\\/x.com\\\/FAccLatino\"]}]}<\/script>\n<!-- \/ Yoast SEO plugin. -->","yoast_head_json":{"title":"Get the job of your dreams","description":"\u00bfBuscas empleo en Estados Unidos? Te compartimos algunas herramientas para capacitarte y encontrarlo - Acceso Latino","robots":{"index":"index","follow":"follow","max-snippet":"max-snippet:-1","max-image-preview":"max-image-preview:large","max-video-preview":"max-video-preview:-1"},"canonical":"https:\/\/accesolatino.org\/en\/buscas-empleo\/consigue-el-trabajo-de-tus-suenos\/","og_locale":"en_US","og_type":"article","og_title":"Acceso Latino | Consigue el trabajo de tus sue\u00f1os","og_description":"\u00bfBuscas empleo en Estados Unidos? Te compartimos algunas herrmientas para capacitarte y encontrarlo.","og_url":"https:\/\/accesolatino.org\/en\/buscas-empleo\/consigue-el-trabajo-de-tus-suenos\/","og_site_name":"Acceso Latino","article_publisher":"https:\/\/www.facebook.com\/AccesoLatinoOrg","article_modified_time":"2025-10-16T22:18:22+00:00","og_image":[{"width":600,"height":338,"url":"https:\/\/accesolatino.org\/wp-content\/uploads\/2020\/08\/Consigue-el-trabajo-de-tus-suenos.jpg","type":"image\/jpeg"}],"twitter_card":"summary_large_image","twitter_title":"Acceso Latino | Consigue el trabajo de tus sue\u00f1os","twitter_description":"\u00bfBuscas empleo en Estados Unidos? Te compartimos algunas herrmientas para capacitarte y encontrarlo.","twitter_image":"https:\/\/accesolatino.org\/wp-content\/uploads\/2020\/08\/Consigue-el-trabajo-de-tus-suenos.jpg","twitter_site":"@FAccLatino","twitter_misc":{"Est. reading time":"2 minutes"},"schema":{"@context":"https:\/\/schema.org","@graph":[{"@type":"WebPage","@id":"https:\/\/accesolatino.org\/en\/buscas-empleo\/consigue-el-trabajo-de-tus-suenos\/","url":"https:\/\/accesolatino.org\/en\/buscas-empleo\/consigue-el-trabajo-de-tus-suenos\/","name":"Get the job of your dreams","isPartOf":{"@id":"https:\/\/accesolatino.org\/#website"},"primaryImageOfPage":{"@id":"https:\/\/accesolatino.org\/en\/buscas-empleo\/consigue-el-trabajo-de-tus-suenos\/#primaryimage"},"image":{"@id":"https:\/\/accesolatino.org\/en\/buscas-empleo\/consigue-el-trabajo-de-tus-suenos\/#primaryimage"},"thumbnailUrl":"https:\/\/accesolatino.org\/wp-content\/uploads\/2020\/08\/Consigue-el-trabajo-de-tus-suenos.jpg","datePublished":"2020-08-27T18:34:35+00:00","dateModified":"2025-10-16T22:18:22+00:00","description":"\u00bfBuscas empleo en Estados Unidos? Te compartimos algunas herramientas para capacitarte y encontrarlo - Acceso Latino","breadcrumb":{"@id":"https:\/\/accesolatino.org\/en\/buscas-empleo\/consigue-el-trabajo-de-tus-suenos\/#breadcrumb"},"inLanguage":"en-US","potentialAction":[{"@type":"ReadAction","target":["https:\/\/accesolatino.org\/en\/buscas-empleo\/consigue-el-trabajo-de-tus-suenos\/"]}]},{"@type":"ImageObject","inLanguage":"en-US","@id":"https:\/\/accesolatino.org\/en\/buscas-empleo\/consigue-el-trabajo-de-tus-suenos\/#primaryimage","url":"https:\/\/accesolatino.org\/wp-content\/uploads\/2020\/08\/Consigue-el-trabajo-de-tus-suenos.jpg","contentUrl":"https:\/\/accesolatino.org\/wp-content\/uploads\/2020\/08\/Consigue-el-trabajo-de-tus-suenos.jpg","width":600,"height":338,"caption":"empleo"},{"@type":"BreadcrumbList","@id":"https:\/\/accesolatino.org\/en\/buscas-empleo\/consigue-el-trabajo-de-tus-suenos\/#breadcrumb","itemListElement":[{"@type":"ListItem","position":1,"name":"Portada","item":"https:\/\/accesolatino.org\/"},{"@type":"ListItem","position":2,"name":"Buscas Empleo","item":"https:\/\/accesolatino.org\/en\/buscas-empleo\/"},{"@type":"ListItem","position":3,"name":"Consigue el trabajo de tus sue\u00f1os"}]},{"@type":"WebSite","@id":"https:\/\/accesolatino.org\/#website","url":"https:\/\/accesolatino.org\/","name":"Acceso Latino | Fundaci\u00f3n Carlos Slim","description":"Fundaci\u00f3n Carlos Slim","publisher":{"@id":"https:\/\/accesolatino.org\/#organization"},"potentialAction":[{"@type":"SearchAction","target":{"@type":"EntryPoint","urlTemplate":"https:\/\/accesolatino.org\/?s={search_term_string}"},"query-input":{"@type":"PropertyValueSpecification","valueRequired":true,"valueName":"search_term_string"}}],"inLanguage":"en-US"},{"@type":"Organization","@id":"https:\/\/accesolatino.org\/#organization","name":"Acceso Latino | Fundaci\u00f3n Carlos Slim","url":"https:\/\/accesolatino.org\/","logo":{"@type":"ImageObject","inLanguage":"en-US","@id":"https:\/\/accesolatino.org\/#\/schema\/logo\/image\/","url":"https:\/\/accesolatino.org\/wp-content\/uploads\/2021\/02\/logo-footer-acceso-latino.png","contentUrl":"https:\/\/accesolatino.org\/wp-content\/uploads\/2021\/02\/logo-footer-acceso-latino.png","width":240,"height":40,"caption":"Acceso Latino | Fundaci\u00f3n Carlos Slim"},"image":{"@id":"https:\/\/accesolatino.org\/#\/schema\/logo\/image\/"},"sameAs":["https:\/\/www.facebook.com\/AccesoLatinoOrg","https:\/\/x.com\/FAccLatino"]}]}},"_links":{"self":[{"href":"https:\/\/accesolatino.org\/en\/wp-json\/wp\/v2\/pages\/22614","targetHints":{"allow":["GET"]}}],"collection":[{"href":"https:\/\/accesolatino.org\/en\/wp-json\/wp\/v2\/pages"}],"about":[{"href":"https:\/\/accesolatino.org\/en\/wp-json\/wp\/v2\/types\/page"}],"author":[{"embeddable":true,"href":"https:\/\/accesolatino.org\/en\/wp-json\/wp\/v2\/users\/5"}],"replies":[{"embeddable":true,"href":"https:\/\/accesolatino.org\/en\/wp-json\/wp\/v2\/comments?post=22614"}],"version-history":[{"count":1,"href":"https:\/\/accesolatino.org\/en\/wp-json\/wp\/v2\/pages\/22614\/revisions"}],"predecessor-version":[{"id":64141,"href":"https:\/\/accesolatino.org\/en\/wp-json\/wp\/v2\/pages\/22614\/revisions\/64141"}],"up":[{"embeddable":true,"href":"https:\/\/accesolatino.org\/en\/wp-json\/wp\/v2\/pages\/2747"}],"wp:featuredmedia":[{"embeddable":true,"href":"https:\/\/accesolatino.org\/en\/wp-json\/wp\/v2\/media\/22606"}],"wp:attachment":[{"href":"https:\/\/accesolatino.org\/en\/wp-json\/wp\/v2\/media?parent=22614"}],"curies":[{"name":"wp","href":"https:\/\/api.w.org\/{rel}","templated":true}]}}