{"id":22525,"date":"2020-08-20T10:34:43","date_gmt":"2020-08-20T15:34:43","guid":{"rendered":"https:\/\/accesolatino.org\/?page_id=22525"},"modified":"2025-10-16T12:55:22","modified_gmt":"2025-10-16T18:55:22","slug":"todo-lo-que-quieres-saber-sobre-el-covid-19-esta-en-clikisalud-net","status":"publish","type":"page","link":"https:\/\/accesolatino.org\/en\/salud\/todo-lo-que-quieres-saber-sobre-el-covid-19-esta-en-clikisalud-net\/","title":{"rendered":"Everything you want to know about Covid-19 is at Clikisalud.net"},"content":{"rendered":"<div data-elementor-type=\"wp-post\" data-elementor-id=\"22525\" class=\"elementor elementor-22525\">\n\t\t\t\t\t\t<section class=\"elementor-section elementor-top-section elementor-element elementor-element-4df5759 elementor-section-full_width elementor-section-height-min-height elementor-section-items-stretch elementor-section-height-default wpr-particle-no wpr-jarallax-no wpr-parallax-no wpr-sticky-section-no wpr-equal-height-no\" data-id=\"4df5759\" data-element_type=\"section\" data-e-type=\"section\" data-settings=\"{&quot;background_background&quot;:&quot;classic&quot;}\">\n\t\t\t\t\t\t<div class=\"elementor-container elementor-column-gap-no\">\n\t\t\t\t\t<div class=\"elementor-column elementor-col-100 elementor-top-column elementor-element elementor-element-3d13735\" data-id=\"3d13735\" data-element_type=\"column\" data-e-type=\"column\">\n\t\t\t<div class=\"elementor-widget-wrap elementor-element-populated\">\n\t\t\t\t\t\t<div class=\"elementor-element elementor-element-b0580b8 elementor--h-position-center elementor--v-position-middle elementor-widget elementor-widget-slides\" data-id=\"b0580b8\" data-element_type=\"widget\" data-e-type=\"widget\" data-settings=\"{&quot;navigation&quot;:&quot;none&quot;,&quot;infinite&quot;:&quot;yes&quot;,&quot;transition&quot;:&quot;slide&quot;,&quot;transition_speed&quot;:500}\" data-widget_type=\"slides.default\">\n\t\t\t\t<div class=\"elementor-widget-container\">\n\t\t\t\t\t\t\t<div class=\"elementor-swiper\">\n\t\t\t<div class=\"elementor-slides-wrapper elementor-main-swiper swiper-container\" dir=\"ltr\" data-animation=\"\">\n\t\t\t\t<div class=\"swiper-wrapper elementor-slides\">\n\t\t\t\t\t\t\t\t\t\t<div class=\"elementor-repeater-item-d983a28 swiper-slide\"><div class=\"swiper-slide-bg\"><\/div><div class=\"swiper-slide-inner\" ><div class=\"swiper-slide-contents\"><div class=\"elementor-slide-heading\">Health<\/div><\/div><\/div><\/div>\t\t\t\t<\/div>\n\t\t\t\t\t\t\t<\/div>\n\t\t<\/div>\n\t\t\t\t\t\t<\/div>\n\t\t\t\t<\/div>\n\t\t\t\t\t<\/div>\n\t\t<\/div>\n\t\t\t\t\t<\/div>\n\t\t<\/section>\n\t\t\t\t<section class=\"elementor-section elementor-top-section elementor-element elementor-element-7048bf1 elementor-section-stretched elementor-section-boxed elementor-section-height-default elementor-section-height-default wpr-particle-no wpr-jarallax-no wpr-parallax-no wpr-sticky-section-no wpr-equal-height-no\" data-id=\"7048bf1\" data-element_type=\"section\" data-e-type=\"section\" data-settings=\"{&quot;stretch_section&quot;:&quot;section-stretched&quot;,&quot;background_background&quot;:&quot;classic&quot;}\">\n\t\t\t\t\t\t<div class=\"elementor-container elementor-column-gap-default\">\n\t\t\t\t\t<div class=\"elementor-column elementor-col-100 elementor-top-column elementor-element elementor-element-bc936fb\" data-id=\"bc936fb\" data-element_type=\"column\" data-e-type=\"column\">\n\t\t\t<div class=\"elementor-widget-wrap elementor-element-populated\">\n\t\t\t\t\t\t<div class=\"elementor-element elementor-element-67d3c75 elementor-widget elementor-widget-heading\" data-id=\"67d3c75\" data-element_type=\"widget\" data-e-type=\"widget\" data-widget_type=\"heading.default\">\n\t\t\t\t<div class=\"elementor-widget-container\">\n\t\t\t\t\t<h3 class=\"elementor-heading-title elementor-size-default\">Everything you want to know about Covid-19 is at Clikisalud.net\n<\/h3>\t\t\t\t<\/div>\n\t\t\t\t<\/div>\n\t\t\t\t<div class=\"elementor-element elementor-element-6caf7d6 elementor-widget elementor-widget-text-editor\" data-id=\"6caf7d6\" data-element_type=\"widget\" data-e-type=\"widget\" data-widget_type=\"text-editor.default\">\n\t\t\t\t<div class=\"elementor-widget-container\">\n\t\t\t\t\t\t\t\t\t<p><span style=\"font-weight: 400;\">La secci\u00f3n de Clikisalud se encuentra en la p\u00e1gina principal de Acceso Latino. Al darle clic, te llevar\u00e1 al portal educativo <\/span><a href=\"https:\/\/www.clikisalud.net\/covid-19\/\"><b>Clikisalud.net<\/b><\/a><span style=\"font-weight: 400;\">, de la Fundaci\u00f3n Carlos Slim.<\/span><\/p><p><span style=\"font-weight: 400;\">Aqu\u00ed obtendr\u00e1s informaci\u00f3n que contestar\u00e1 tus preguntas sobre este nuevo virus.<\/span><\/p><p><span style=\"font-weight: 400;\">Sabemos que en muchos casos no es posible quedarse en casa, por lo que las gu\u00edas para un sano retorno al trabajo te ser\u00e1n de gran ayuda, ya que te explicar\u00e1n c\u00f3mo usar el cubrebocas de manera correcta, lavarte las manos como lo se\u00f1ala la Organizaci\u00f3n Mundial de la Salud, y mucho m\u00e1s para regresar seguro.\u00a0<\/span><\/p><p><span style=\"font-weight: 400;\">Tambi\u00e9n, si tienes duda sobre qu\u00e9 es el Covid-19, c\u00f3mo debo cuidarte y qu\u00e9 hacer, se resolver\u00e1n en estos apartados.<\/span><\/p><p><span style=\"font-weight: 400;\">Y si est\u00e1s en casa, este tiempo puedes aprovecharlo aprendiendo con las secciones Aprende.org, Capac\u00edtate, Khan Academy, Pru\u00e9baT, Acad\u00e9mica y Clikisalud.net; adem\u00e1s de cursos y tutoriales para profesionales de la salud.<\/span><\/p>\t\t\t\t\t\t\t\t<\/div>\n\t\t\t\t<\/div>\n\t\t\t\t<div class=\"elementor-element elementor-element-47ddbe9 elementor-widget elementor-widget-spacer\" data-id=\"47ddbe9\" data-element_type=\"widget\" data-e-type=\"widget\" data-widget_type=\"spacer.default\">\n\t\t\t\t<div class=\"elementor-widget-container\">\n\t\t\t\t\t\t\t<div class=\"elementor-spacer\">\n\t\t\t<div class=\"elementor-spacer-inner\"><\/div>\n\t\t<\/div>\n\t\t\t\t\t\t<\/div>\n\t\t\t\t<\/div>\n\t\t\t\t\t<\/div>\n\t\t<\/div>\n\t\t\t\t\t<\/div>\n\t\t<\/section>\n\t\t\t\t<\/div>","protected":false},"excerpt":{"rendered":"<p>Salud Todo lo que quieres saber sobre el Covid-19 est\u00e1 en Clikisalud.net La secci\u00f3n de Clikisalud se encuentra en la p\u00e1gina principal de Acceso Latino. Al darle clic, te llevar\u00e1 al portal educativo Clikisalud.net, de la Fundaci\u00f3n Carlos Slim. Aqu\u00ed obtendr\u00e1s informaci\u00f3n que contestar\u00e1 tus preguntas sobre este nuevo virus. Sabemos que en muchos casos no es posible quedarse en casa, por lo que las gu\u00edas para un sano retorno al trabajo te ser\u00e1n de gran ayuda, ya que te explicar\u00e1n c\u00f3mo usar el cubrebocas de manera correcta, lavarte las manos como lo se\u00f1ala la Organizaci\u00f3n Mundial de la Salud, y mucho m\u00e1s para regresar seguro.\u00a0 Tambi\u00e9n, si tienes duda sobre qu\u00e9 es el Covid-19, c\u00f3mo debo cuidarte y qu\u00e9 hacer, se resolver\u00e1n en estos apartados. Y si est\u00e1s en casa, este tiempo puedes aprovecharlo aprendiendo con las secciones Aprende.org, Capac\u00edtate, Khan Academy, Pru\u00e9baT, Acad\u00e9mica y Clikisalud.net; adem\u00e1s de cursos y tutoriales para profesionales de la salud.<\/p>","protected":false},"author":4,"featured_media":22518,"parent":4668,"menu_order":0,"comment_status":"closed","ping_status":"closed","template":"elementor_header_footer","meta":{"_uf_show_specific_survey":0,"_uf_disable_surveys":false,"footnotes":""},"class_list":["post-22525","page","type-page","status-publish","has-post-thumbnail"],"aioseo_notices":[],"yoast_head":"<!-- This site is optimized with the Yoast SEO plugin v27.4 - https:\/\/yoast.com\/product\/yoast-seo-wordpress\/ -->\n<title>Todo lo que quieres saber sobre el Covid-19 est\u00e1 en Clikisalud.net<\/title>\n<meta name=\"description\" content=\"Conoce todo lo que Estados Unidos tiene para ofrecer a los migrantes legales en materia de Salud - Acceso Latino\" \/>\n<meta name=\"robots\" content=\"index, follow, max-snippet:-1, max-image-preview:large, max-video-preview:-1\" \/>\n<link rel=\"canonical\" href=\"https:\/\/accesolatino.org\/en\/salud\/todo-lo-que-quieres-saber-sobre-el-covid-19-esta-en-clikisalud-net\/\" \/>\n<meta property=\"og:locale\" content=\"en_US\" \/>\n<meta property=\"og:type\" content=\"article\" \/>\n<meta property=\"og:title\" content=\"Acceso Latino | Todo lo que quieres saber sobre el Covid-19 est\u00e1 en Clikisalud.net\" \/>\n<meta property=\"og:description\" content=\"Conoce todo lo que Estados Unidos tiene para ofrecer a los migrantes en materia de Salud\" \/>\n<meta property=\"og:url\" content=\"https:\/\/accesolatino.org\/en\/salud\/todo-lo-que-quieres-saber-sobre-el-covid-19-esta-en-clikisalud-net\/\" \/>\n<meta property=\"og:site_name\" content=\"Acceso Latino\" \/>\n<meta property=\"article:publisher\" content=\"https:\/\/www.facebook.com\/AccesoLatinoOrg\" \/>\n<meta property=\"article:modified_time\" content=\"2025-10-16T18:55:22+00:00\" \/>\n<meta property=\"og:image\" content=\"https:\/\/accesolatino.org\/wp-content\/uploads\/2020\/08\/Covid-en-Clikisalud.jpg\" \/>\n\t<meta property=\"og:image:width\" content=\"600\" \/>\n\t<meta property=\"og:image:height\" content=\"338\" \/>\n\t<meta property=\"og:image:type\" content=\"image\/jpeg\" \/>\n<meta name=\"twitter:card\" content=\"summary_large_image\" \/>\n<meta name=\"twitter:title\" content=\"Acceso Latino | Todo lo que quieres saber sobre el Covid-19 est\u00e1 en Clikisalud.net\" \/>\n<meta name=\"twitter:description\" content=\"Conoce todo lo que Estados Unidos tiene para ofrecer a los migrantes en materia de Salud\" \/>\n<meta name=\"twitter:image\" content=\"https:\/\/accesolatino.org\/wp-content\/uploads\/2020\/08\/Covid-en-Clikisalud.jpg\" \/>\n<meta name=\"twitter:site\" content=\"@FAccLatino\" \/>\n<meta name=\"twitter:label1\" content=\"Est. reading time\" \/>\n\t<meta name=\"twitter:data1\" content=\"1 minute\" \/>\n<script type=\"application\/ld+json\" class=\"yoast-schema-graph\">{\"@context\":\"https:\\\/\\\/schema.org\",\"@graph\":[{\"@type\":\"WebPage\",\"@id\":\"https:\\\/\\\/accesolatino.org\\\/salud\\\/todo-lo-que-quieres-saber-sobre-el-covid-19-esta-en-clikisalud-net\\\/\",\"url\":\"https:\\\/\\\/accesolatino.org\\\/salud\\\/todo-lo-que-quieres-saber-sobre-el-covid-19-esta-en-clikisalud-net\\\/\",\"name\":\"Todo lo que quieres saber sobre el Covid-19 est\u00e1 en Clikisalud.net\",\"isPartOf\":{\"@id\":\"https:\\\/\\\/accesolatino.org\\\/#website\"},\"primaryImageOfPage\":{\"@id\":\"https:\\\/\\\/accesolatino.org\\\/salud\\\/todo-lo-que-quieres-saber-sobre-el-covid-19-esta-en-clikisalud-net\\\/#primaryimage\"},\"image\":{\"@id\":\"https:\\\/\\\/accesolatino.org\\\/salud\\\/todo-lo-que-quieres-saber-sobre-el-covid-19-esta-en-clikisalud-net\\\/#primaryimage\"},\"thumbnailUrl\":\"https:\\\/\\\/accesolatino.org\\\/wp-content\\\/uploads\\\/2020\\\/08\\\/Covid-en-Clikisalud.jpg\",\"datePublished\":\"2020-08-20T15:34:43+00:00\",\"dateModified\":\"2025-10-16T18:55:22+00:00\",\"description\":\"Conoce todo lo que Estados Unidos tiene para ofrecer a los migrantes legales en materia de Salud - Acceso Latino\",\"breadcrumb\":{\"@id\":\"https:\\\/\\\/accesolatino.org\\\/salud\\\/todo-lo-que-quieres-saber-sobre-el-covid-19-esta-en-clikisalud-net\\\/#breadcrumb\"},\"inLanguage\":\"en-US\",\"potentialAction\":[{\"@type\":\"ReadAction\",\"target\":[\"https:\\\/\\\/accesolatino.org\\\/salud\\\/todo-lo-que-quieres-saber-sobre-el-covid-19-esta-en-clikisalud-net\\\/\"]}]},{\"@type\":\"ImageObject\",\"inLanguage\":\"en-US\",\"@id\":\"https:\\\/\\\/accesolatino.org\\\/salud\\\/todo-lo-que-quieres-saber-sobre-el-covid-19-esta-en-clikisalud-net\\\/#primaryimage\",\"url\":\"https:\\\/\\\/accesolatino.org\\\/wp-content\\\/uploads\\\/2020\\\/08\\\/Covid-en-Clikisalud.jpg\",\"contentUrl\":\"https:\\\/\\\/accesolatino.org\\\/wp-content\\\/uploads\\\/2020\\\/08\\\/Covid-en-Clikisalud.jpg\",\"width\":600,\"height\":338,\"caption\":\"Clikisalud.net\"},{\"@type\":\"BreadcrumbList\",\"@id\":\"https:\\\/\\\/accesolatino.org\\\/salud\\\/todo-lo-que-quieres-saber-sobre-el-covid-19-esta-en-clikisalud-net\\\/#breadcrumb\",\"itemListElement\":[{\"@type\":\"ListItem\",\"position\":1,\"name\":\"Portada\",\"item\":\"https:\\\/\\\/accesolatino.org\\\/\"},{\"@type\":\"ListItem\",\"position\":2,\"name\":\"Salud\",\"item\":\"https:\\\/\\\/accesolatino.org\\\/salud\\\/\"},{\"@type\":\"ListItem\",\"position\":3,\"name\":\"Todo lo que quieres saber sobre el Covid-19 est\u00e1 en Clikisalud.net\"}]},{\"@type\":\"WebSite\",\"@id\":\"https:\\\/\\\/accesolatino.org\\\/#website\",\"url\":\"https:\\\/\\\/accesolatino.org\\\/\",\"name\":\"Acceso Latino | Fundaci\u00f3n Carlos Slim\",\"description\":\"Fundaci\u00f3n Carlos Slim\",\"publisher\":{\"@id\":\"https:\\\/\\\/accesolatino.org\\\/#organization\"},\"potentialAction\":[{\"@type\":\"SearchAction\",\"target\":{\"@type\":\"EntryPoint\",\"urlTemplate\":\"https:\\\/\\\/accesolatino.org\\\/?s={search_term_string}\"},\"query-input\":{\"@type\":\"PropertyValueSpecification\",\"valueRequired\":true,\"valueName\":\"search_term_string\"}}],\"inLanguage\":\"en-US\"},{\"@type\":\"Organization\",\"@id\":\"https:\\\/\\\/accesolatino.org\\\/#organization\",\"name\":\"Acceso Latino | Fundaci\u00f3n Carlos Slim\",\"url\":\"https:\\\/\\\/accesolatino.org\\\/\",\"logo\":{\"@type\":\"ImageObject\",\"inLanguage\":\"en-US\",\"@id\":\"https:\\\/\\\/accesolatino.org\\\/#\\\/schema\\\/logo\\\/image\\\/\",\"url\":\"https:\\\/\\\/accesolatino.org\\\/wp-content\\\/uploads\\\/2021\\\/02\\\/logo-footer-acceso-latino.png\",\"contentUrl\":\"https:\\\/\\\/accesolatino.org\\\/wp-content\\\/uploads\\\/2021\\\/02\\\/logo-footer-acceso-latino.png\",\"width\":240,\"height\":40,\"caption\":\"Acceso Latino | Fundaci\u00f3n Carlos Slim\"},\"image\":{\"@id\":\"https:\\\/\\\/accesolatino.org\\\/#\\\/schema\\\/logo\\\/image\\\/\"},\"sameAs\":[\"https:\\\/\\\/www.facebook.com\\\/AccesoLatinoOrg\",\"https:\\\/\\\/x.com\\\/FAccLatino\"]}]}<\/script>\n<!-- \/ Yoast SEO plugin. -->","yoast_head_json":{"title":"Everything you want to know about Covid-19 is at Clikisalud.net","description":"Conoce todo lo que Estados Unidos tiene para ofrecer a los migrantes legales en materia de Salud - Acceso Latino","robots":{"index":"index","follow":"follow","max-snippet":"max-snippet:-1","max-image-preview":"max-image-preview:large","max-video-preview":"max-video-preview:-1"},"canonical":"https:\/\/accesolatino.org\/en\/salud\/todo-lo-que-quieres-saber-sobre-el-covid-19-esta-en-clikisalud-net\/","og_locale":"en_US","og_type":"article","og_title":"Acceso Latino | Todo lo que quieres saber sobre el Covid-19 est\u00e1 en Clikisalud.net","og_description":"Conoce todo lo que Estados Unidos tiene para ofrecer a los migrantes en materia de Salud","og_url":"https:\/\/accesolatino.org\/en\/salud\/todo-lo-que-quieres-saber-sobre-el-covid-19-esta-en-clikisalud-net\/","og_site_name":"Acceso Latino","article_publisher":"https:\/\/www.facebook.com\/AccesoLatinoOrg","article_modified_time":"2025-10-16T18:55:22+00:00","og_image":[{"width":600,"height":338,"url":"https:\/\/accesolatino.org\/wp-content\/uploads\/2020\/08\/Covid-en-Clikisalud.jpg","type":"image\/jpeg"}],"twitter_card":"summary_large_image","twitter_title":"Acceso Latino | Todo lo que quieres saber sobre el Covid-19 est\u00e1 en Clikisalud.net","twitter_description":"Conoce todo lo que Estados Unidos tiene para ofrecer a los migrantes en materia de Salud","twitter_image":"https:\/\/accesolatino.org\/wp-content\/uploads\/2020\/08\/Covid-en-Clikisalud.jpg","twitter_site":"@FAccLatino","twitter_misc":{"Est. reading time":"1 minute"},"schema":{"@context":"https:\/\/schema.org","@graph":[{"@type":"WebPage","@id":"https:\/\/accesolatino.org\/salud\/todo-lo-que-quieres-saber-sobre-el-covid-19-esta-en-clikisalud-net\/","url":"https:\/\/accesolatino.org\/salud\/todo-lo-que-quieres-saber-sobre-el-covid-19-esta-en-clikisalud-net\/","name":"Everything you want to know about Covid-19 is at Clikisalud.net","isPartOf":{"@id":"https:\/\/accesolatino.org\/#website"},"primaryImageOfPage":{"@id":"https:\/\/accesolatino.org\/salud\/todo-lo-que-quieres-saber-sobre-el-covid-19-esta-en-clikisalud-net\/#primaryimage"},"image":{"@id":"https:\/\/accesolatino.org\/salud\/todo-lo-que-quieres-saber-sobre-el-covid-19-esta-en-clikisalud-net\/#primaryimage"},"thumbnailUrl":"https:\/\/accesolatino.org\/wp-content\/uploads\/2020\/08\/Covid-en-Clikisalud.jpg","datePublished":"2020-08-20T15:34:43+00:00","dateModified":"2025-10-16T18:55:22+00:00","description":"Conoce todo lo que Estados Unidos tiene para ofrecer a los migrantes legales en materia de Salud - Acceso Latino","breadcrumb":{"@id":"https:\/\/accesolatino.org\/salud\/todo-lo-que-quieres-saber-sobre-el-covid-19-esta-en-clikisalud-net\/#breadcrumb"},"inLanguage":"en-US","potentialAction":[{"@type":"ReadAction","target":["https:\/\/accesolatino.org\/salud\/todo-lo-que-quieres-saber-sobre-el-covid-19-esta-en-clikisalud-net\/"]}]},{"@type":"ImageObject","inLanguage":"en-US","@id":"https:\/\/accesolatino.org\/salud\/todo-lo-que-quieres-saber-sobre-el-covid-19-esta-en-clikisalud-net\/#primaryimage","url":"https:\/\/accesolatino.org\/wp-content\/uploads\/2020\/08\/Covid-en-Clikisalud.jpg","contentUrl":"https:\/\/accesolatino.org\/wp-content\/uploads\/2020\/08\/Covid-en-Clikisalud.jpg","width":600,"height":338,"caption":"Clikisalud.net"},{"@type":"BreadcrumbList","@id":"https:\/\/accesolatino.org\/salud\/todo-lo-que-quieres-saber-sobre-el-covid-19-esta-en-clikisalud-net\/#breadcrumb","itemListElement":[{"@type":"ListItem","position":1,"name":"Portada","item":"https:\/\/accesolatino.org\/"},{"@type":"ListItem","position":2,"name":"Salud","item":"https:\/\/accesolatino.org\/salud\/"},{"@type":"ListItem","position":3,"name":"Todo lo que quieres saber sobre el Covid-19 est\u00e1 en Clikisalud.net"}]},{"@type":"WebSite","@id":"https:\/\/accesolatino.org\/#website","url":"https:\/\/accesolatino.org\/","name":"Acceso Latino | Fundaci\u00f3n Carlos Slim","description":"Fundaci\u00f3n Carlos Slim","publisher":{"@id":"https:\/\/accesolatino.org\/#organization"},"potentialAction":[{"@type":"SearchAction","target":{"@type":"EntryPoint","urlTemplate":"https:\/\/accesolatino.org\/?s={search_term_string}"},"query-input":{"@type":"PropertyValueSpecification","valueRequired":true,"valueName":"search_term_string"}}],"inLanguage":"en-US"},{"@type":"Organization","@id":"https:\/\/accesolatino.org\/#organization","name":"Acceso Latino | Fundaci\u00f3n Carlos Slim","url":"https:\/\/accesolatino.org\/","logo":{"@type":"ImageObject","inLanguage":"en-US","@id":"https:\/\/accesolatino.org\/#\/schema\/logo\/image\/","url":"https:\/\/accesolatino.org\/wp-content\/uploads\/2021\/02\/logo-footer-acceso-latino.png","contentUrl":"https:\/\/accesolatino.org\/wp-content\/uploads\/2021\/02\/logo-footer-acceso-latino.png","width":240,"height":40,"caption":"Acceso Latino | Fundaci\u00f3n Carlos Slim"},"image":{"@id":"https:\/\/accesolatino.org\/#\/schema\/logo\/image\/"},"sameAs":["https:\/\/www.facebook.com\/AccesoLatinoOrg","https:\/\/x.com\/FAccLatino"]}]}},"_links":{"self":[{"href":"https:\/\/accesolatino.org\/en\/wp-json\/wp\/v2\/pages\/22525","targetHints":{"allow":["GET"]}}],"collection":[{"href":"https:\/\/accesolatino.org\/en\/wp-json\/wp\/v2\/pages"}],"about":[{"href":"https:\/\/accesolatino.org\/en\/wp-json\/wp\/v2\/types\/page"}],"author":[{"embeddable":true,"href":"https:\/\/accesolatino.org\/en\/wp-json\/wp\/v2\/users\/4"}],"replies":[{"embeddable":true,"href":"https:\/\/accesolatino.org\/en\/wp-json\/wp\/v2\/comments?post=22525"}],"version-history":[{"count":1,"href":"https:\/\/accesolatino.org\/en\/wp-json\/wp\/v2\/pages\/22525\/revisions"}],"predecessor-version":[{"id":64079,"href":"https:\/\/accesolatino.org\/en\/wp-json\/wp\/v2\/pages\/22525\/revisions\/64079"}],"up":[{"embeddable":true,"href":"https:\/\/accesolatino.org\/en\/wp-json\/wp\/v2\/pages\/4668"}],"wp:featuredmedia":[{"embeddable":true,"href":"https:\/\/accesolatino.org\/en\/wp-json\/wp\/v2\/media\/22518"}],"wp:attachment":[{"href":"https:\/\/accesolatino.org\/en\/wp-json\/wp\/v2\/media?parent=22525"}],"curies":[{"name":"wp","href":"https:\/\/api.w.org\/{rel}","templated":true}]}}